{"id":8578,"date":"2019-09-02T15:34:52","date_gmt":"2019-09-02T13:34:52","guid":{"rendered":"https:\/\/jzi.org.pl\/?post_type=product&#038;p=8578"},"modified":"2026-01-02T23:16:10","modified_gmt":"2026-01-02T22:16:10","slug":"wody-wigierskie-i-hucianskie-studium-toponomastyczne","status":"publish","type":"product","link":"https:\/\/jzi.org.pl\/en\/product\/wody-wigierskie-i-hucianskie-studium-toponomastyczne\/","title":{"rendered":"Wody wigierskie i hucia\u0144skie \u2013 studium toponomastyczne (tom 1 i 2)"},"content":{"rendered":"<div id=\"pl-8578\"  class=\"panel-layout\" ><div id=\"pg-8578-0\"  class=\"panel-grid panel-no-style\" ><div id=\"pgc-8578-0-0\"  class=\"panel-grid-cell\" ><div id=\"panel-8578-0-0-0\" class=\"so-panel widget widget_sow-editor panel-first-child\" data-index=\"0\" ><div\n\t\t\t\n\t\t\tclass=\"so-widget-sow-editor so-widget-sow-editor-base\"\n\t\t\t\n\t\t>\n<div class=\"siteorigin-widget-tinymce textwidget\">\n\t<p>Author: Knut-Olof Falk<\/p>\n<p>Edition: 1<\/p>\n<p>ISBN: 978-83-951660-7-5 (Vol. 1) i 978-83-951660-8-2 (Vol. 2)<\/p>\n<p>Pages: 284 + 186 + 2 maps<\/p>\n<p>Format: 17x24 cm<\/p>\n<p>Cover: hard, lacquered<\/p>\n<\/div>\n<\/div><\/div><div id=\"panel-8578-0-0-1\" class=\"so-panel widget widget_sow-editor panel-last-child\" data-index=\"1\" ><div\n\t\t\t\n\t\t\tclass=\"so-widget-sow-editor so-widget-sow-editor-base\"\n\t\t\t\n\t\t><h3 class=\"widget-title\">More information<\/h3>\n<div class=\"siteorigin-widget-tinymce textwidget\">\n\t<div id=\"pg-8580-1\" class=\"panel-grid panel-no-style\">\n<div id=\"pgc-8580-1-0\" class=\"panel-grid-cell\">\n<div id=\"panel-8580-1-0-0\" class=\"so-panel widget widget_sow-editor panel-first-child panel-last-child\" data-index=\"3\">\n<div class=\"panel-widget-style panel-widget-style-for-8580-1-0-0\">\n<div class=\"so-widget-sow-editor so-widget-sow-editor-base\">\n<div class=\"siteorigin-widget-tinymce textwidget\">\n<p>This book is a reprint of the two-volume dissertation \"Wigry and Huta Waters - Toponomastic Study\" by Professor Knut-Olof Falk. He began his adventure with Poland in 1931 in Warsaw, where he queried the Treasury Archives and the Krasi\u0144ski Library, looking for documents produced by the Wigry Camaldolese order. He photographed these documents and we owe him that their content survived for posterity, because Germans burned the originals in 1944 after the fall of the Warsaw Uprising. In the years 1932\u20131933 he lectured Swedish at the Jagiellonian University in Krak\u00f3w while learning Polish. Until the outbreak of World War II, he conducted research on the local names of Suwalki, derived from the Yotvingian language. Further work was interrupted by the war, but Falk did not remain indifferent to the fate of Poland. In 1940, he published a book about Frederic Chopin translated into Swedish, and a year later he defended his doctorate at the University of Lund and published in Sweden - in Polish - a two-volume dissertation \"Wigry and Huta Waters - Toponomastic Study\". It was a kind of rebellion against the Nazi occupiers of Poland. He caused a violent reaction from the Nazi propaganda ministry and a protest note to the Swedish government.<\/p>\n<p>There are very few copies of this work in Poland. We think that this reprint will make this work available to a wider reader. Volume 1 has two maps of the Suwa\u0142ki region that Falk studied. The work is preceded by a comprehensive introduction by Professor Terho Paulsson of the University of Lund, a former collaborator of Professor Knut-Olof Falk. Volume 2 is invaluable photocopy of documents from the Krasi\u0144ski Library, irretrievably lost during the war. The whole book was published on a chalk paper.<\/p>\n<\/div>\n<\/div>\n<\/div>\n<\/div>\n<\/div>\n<\/div>\n<\/div>\n<\/div><\/div><\/div><\/div><\/div>","protected":false},"excerpt":{"rendered":"<p>Produkt dost\u0119pny do zam\u00f3wienia, wysy\u0142ka po 1 lipca 2024 r. <\/p>","protected":false},"author":1,"featured_media":8579,"comment_status":"open","ping_status":"closed","template":"","meta":{"h5ap_radio_sources":[],"jetpack_post_was_ever_published":false},"product_brand":[],"product_cat":[272,343],"product_tag":[363,360,362,361],"class_list":{"0":"post-8578","1":"product","2":"type-product","3":"status-publish","4":"has-post-thumbnail","6":"product_cat-ksiazki","7":"product_cat-reprinty","8":"product_tag-falk","9":"product_tag-gwara","10":"product_tag-huta","11":"product_tag-wigry","13":"first","14":"instock","15":"taxable","16":"shipping-taxable","17":"purchasable","18":"product-type-simple"},"supplier_id":16598,"supplier_sku":"","barcode":null,"atum_controlled":true,"out_stock_date":null,"out_stock_threshold":null,"inheritable":false,"inbound_stock":0,"stock_on_hold":0,"sold_today":0,"sales_last_days":0,"reserved_stock":0,"customer_returns":0,"warehouse_damage":0,"lost_in_post":0,"other_logs":0,"out_stock_days":0,"lost_sales":0,"has_location":false,"update_date":"2026-04-09T00:03:43","atum_locations":[],"atum_stock_status":"instock","restock_status":false,"low_stock_amount":1,"sales_update_date":"2026-04-09T00:03:43","calc_backorders":0,"yoast_head":"<!-- This site is optimized with the Yoast SEO plugin v27.3 - https:\/\/yoast.com\/product\/yoast-seo-wordpress\/ -->\n<title>Wody wigierskie i hucia\u0144skie \u2013 studium toponomastyczne (tom 1 i 2) - Jami\u0144ski Zesp\u00f3\u0142 Indeksacyjny<\/title>\n<meta name=\"description\" content=\"Ksi\u0105\u017cka ta to reprint dwutomowej rozprawy \u201eWody wigierskie i hucia\u0144skie - studium toponomastyczne\u201d autorstwa profesora Knuta-Olofa Falka.\" \/>\n<meta name=\"robots\" content=\"index, follow, max-snippet:-1, max-image-preview:large, max-video-preview:-1\" \/>\n<link rel=\"canonical\" href=\"https:\/\/jzi.org.pl\/en\/product\/wody-wigierskie-i-hucianskie-studium-toponomastyczne\/\" \/>\n<meta property=\"og:locale\" content=\"en_US\" \/>\n<meta property=\"og:type\" content=\"article\" \/>\n<meta property=\"og:title\" content=\"Wody wigierskie i hucia\u0144skie - studium toponomastyczne\" \/>\n<meta property=\"og:description\" content=\"Ksi\u0105\u017cka ta to reprint dwutomowej rozprawy \u201eWody wigierskie i hucia\u0144skie - studium toponomastyczne\u201d autorstwa profesora Knuta-Olofa Falka. Swoj\u0105 przygod\u0119 z Polsk\u0105 rozpocz\u0105\u0142 on w 1931 roku w Warszawie, gdzie prowadzi\u0142 kwerend\u0119 w Archiwum Skarbowym i w Bibliotece Krasi\u0144skich, szukaj\u0105c dokument\u00f3w wytworzonych przez zakon Kamedu\u0142\u00f3w wigierskich. Dokumenty te fotografowa\u0142 i to jemu zawdzi\u0119czamy, \u017ce ich tre\u015b\u0107 przetrwa\u0142a dla potomno\u015bci, gdy\u017c orygina\u0142y Niemcy spalili w 1944 roku po upadku Powstania Warszawskiego. W latach 1932\u20131933 wyk\u0142ada\u0142 j\u0119zyk szwedzki na Uniwersytecie Jagiello\u0144skim w Krakowie ucz\u0105c si\u0119 jednocze\u015bnie j\u0119zyka polskiego. Do wybuchu II wojny \u015bwiatowej prowadzi\u0142 badania nad nazwami miejscowymi Suwalszczyzny, wywodz\u0105cymi si\u0119 z j\u0119zyka Ja\u0107wing\u00f3w. Dalsze prace przerwa\u0142a wojna, jednak Falk nie pozo-sta\u0142 oboj\u0119tny na los Polski. W 1940 roku w\u0142asnym nak\u0142adem wyda\u0142 przet\u0142umaczon\u0105 na j\u0119zyk szwedzki ksi\u0105\u017ck\u0119 o Fryderyku Chopinie, a w rok p\u00f3\u017aniej obroni\u0142 doktorat na Uniwersytecie w Lund i wyda\u0142 w Szwecji - w j\u0119zyku polskim - dwutomow\u0105 rozpraw\u0119 \u201eWody wigierskie i hucia\u0144skie - studium toponomastyczne\u201d. By\u0142 to rodzaj buntu przeciwko hitlerowskim okupantom Polski. Wywo\u0142a\u0142 tym gwa\u0142town\u0105 reakcj\u0119 hitlerowskiego ministerstwa propagandy i not\u0119 protestacyjn\u0105 do rz\u0105du Szwecji. W Polsce jest bardzo ma\u0142o egzemplarzy tej pracy. My\u015blimy, \u017ce tym reprintem sprawimy, \u017ce ta praca b\u0119dzie dost\u0119pna szerszemu czytelnikowi. Do tomu 1 do\u0142\u0105czone s\u0105 dwie mapy rejonu Suwalszczyzny, kt\u00f3ry bada\u0142 Falk. Praca poprzedzona jest obszernym wst\u0119pem autorstwa profesora Terho Paulssona z Uniwersytetu w Lund, by\u0142ego wsp\u00f3\u0142pracownika profesora Knuta-Olofa Falka. Tom 2 to bezcenne fotokopie dokument\u00f3w z Biblioteki Ordynacji Krasi\u0144skich, bezpowrotnie stracone podczas wojny. Ca\u0142o\u015b\u0107 zosta\u0142a wydana na kredowym papierze.\" \/>\n<meta property=\"og:url\" content=\"https:\/\/jzi.org.pl\/en\/product\/wody-wigierskie-i-hucianskie-studium-toponomastyczne\/\" \/>\n<meta property=\"og:site_name\" content=\"Jami\u0144ski Zesp\u00f3\u0142 Indeksacyjny\" \/>\n<meta property=\"article:publisher\" content=\"https:\/\/www.facebook.com\/Jaminski.Zespol.Indeksacyjny\/\" \/>\n<meta property=\"article:modified_time\" content=\"2026-01-02T22:16:10+00:00\" \/>\n<meta property=\"og:image\" content=\"https:\/\/jzi.org.pl\/wp-content\/uploads\/2019\/09\/wody-wigerskie-i-hucianskie-1-0.jpg\" \/>\n\t<meta property=\"og:image:width\" content=\"2089\" \/>\n\t<meta property=\"og:image:height\" content=\"2934\" \/>\n\t<meta property=\"og:image:type\" content=\"image\/jpeg\" \/>\n<meta name=\"twitter:card\" content=\"summary_large_image\" \/>\n<meta name=\"twitter:label1\" content=\"Est. reading time\" \/>\n\t<meta name=\"twitter:data1\" content=\"2 minutes\" \/>\n<script type=\"application\/ld+json\" class=\"yoast-schema-graph\">{\"@context\":\"https:\\\/\\\/schema.org\",\"@graph\":[{\"@type\":\"WebPage\",\"@id\":\"https:\\\/\\\/jzi.org.pl\\\/produkt\\\/wody-wigierskie-i-hucianskie-studium-toponomastyczne\\\/\",\"url\":\"https:\\\/\\\/jzi.org.pl\\\/produkt\\\/wody-wigierskie-i-hucianskie-studium-toponomastyczne\\\/\",\"name\":\"Wody wigierskie i hucia\u0144skie \u2013 studium toponomastyczne (tom 1 i 2) - Jami\u0144ski Zesp\u00f3\u0142 Indeksacyjny\",\"isPartOf\":{\"@id\":\"https:\\\/\\\/jzi.org.pl\\\/#website\"},\"primaryImageOfPage\":{\"@id\":\"https:\\\/\\\/jzi.org.pl\\\/produkt\\\/wody-wigierskie-i-hucianskie-studium-toponomastyczne\\\/#primaryimage\"},\"image\":{\"@id\":\"https:\\\/\\\/jzi.org.pl\\\/produkt\\\/wody-wigierskie-i-hucianskie-studium-toponomastyczne\\\/#primaryimage\"},\"thumbnailUrl\":\"https:\\\/\\\/jzi.org.pl\\\/wp-content\\\/uploads\\\/2019\\\/09\\\/wody-wigerskie-i-hucianskie-1-0.jpg\",\"datePublished\":\"2019-09-02T13:34:52+00:00\",\"dateModified\":\"2026-01-02T22:16:10+00:00\",\"description\":\"Ksi\u0105\u017cka ta to reprint dwutomowej rozprawy \u201eWody wigierskie i hucia\u0144skie - studium toponomastyczne\u201d autorstwa profesora Knuta-Olofa Falka.\",\"breadcrumb\":{\"@id\":\"https:\\\/\\\/jzi.org.pl\\\/produkt\\\/wody-wigierskie-i-hucianskie-studium-toponomastyczne\\\/#breadcrumb\"},\"inLanguage\":\"en-US\",\"potentialAction\":[{\"@type\":\"ReadAction\",\"target\":[\"https:\\\/\\\/jzi.org.pl\\\/produkt\\\/wody-wigierskie-i-hucianskie-studium-toponomastyczne\\\/\"]}]},{\"@type\":\"ImageObject\",\"inLanguage\":\"en-US\",\"@id\":\"https:\\\/\\\/jzi.org.pl\\\/produkt\\\/wody-wigierskie-i-hucianskie-studium-toponomastyczne\\\/#primaryimage\",\"url\":\"https:\\\/\\\/jzi.org.pl\\\/wp-content\\\/uploads\\\/2019\\\/09\\\/wody-wigerskie-i-hucianskie-1-0.jpg\",\"contentUrl\":\"https:\\\/\\\/jzi.org.pl\\\/wp-content\\\/uploads\\\/2019\\\/09\\\/wody-wigerskie-i-hucianskie-1-0.jpg\",\"width\":2089,\"height\":2934},{\"@type\":\"BreadcrumbList\",\"@id\":\"https:\\\/\\\/jzi.org.pl\\\/produkt\\\/wody-wigierskie-i-hucianskie-studium-toponomastyczne\\\/#breadcrumb\",\"itemListElement\":[{\"@type\":\"ListItem\",\"position\":1,\"name\":\"Strona g\u0142\u00f3wna\",\"item\":\"https:\\\/\\\/jzi.org.pl\\\/\"},{\"@type\":\"ListItem\",\"position\":2,\"name\":\"Sklep\",\"item\":\"https:\\\/\\\/jzi.org.pl\\\/sklep\\\/\"},{\"@type\":\"ListItem\",\"position\":3,\"name\":\"Wody wigierskie i hucia\u0144skie \u2013 studium toponomastyczne (tom 1 i 2)\"}]},{\"@type\":\"WebSite\",\"@id\":\"https:\\\/\\\/jzi.org.pl\\\/#website\",\"url\":\"https:\\\/\\\/jzi.org.pl\\\/\",\"name\":\"Jami\u0144ski Zesp\u00f3\u0142 Indeksacyjny\",\"description\":\"\",\"publisher\":{\"@id\":\"https:\\\/\\\/jzi.org.pl\\\/#organization\"},\"potentialAction\":[{\"@type\":\"SearchAction\",\"target\":{\"@type\":\"EntryPoint\",\"urlTemplate\":\"https:\\\/\\\/jzi.org.pl\\\/?s={search_term_string}\"},\"query-input\":{\"@type\":\"PropertyValueSpecification\",\"valueRequired\":true,\"valueName\":\"search_term_string\"}}],\"inLanguage\":\"en-US\"},{\"@type\":\"Organization\",\"@id\":\"https:\\\/\\\/jzi.org.pl\\\/#organization\",\"name\":\"Jami\u0144ski Zesp\u00f3\u0142 Indeksacyjny\",\"url\":\"https:\\\/\\\/jzi.org.pl\\\/\",\"logo\":{\"@type\":\"ImageObject\",\"inLanguage\":\"en-US\",\"@id\":\"https:\\\/\\\/jzi.org.pl\\\/#\\\/schema\\\/logo\\\/image\\\/\",\"url\":\"https:\\\/\\\/jzi.org.pl\\\/wp-content\\\/uploads\\\/2019\\\/03\\\/logo-stowarzyszenie-jzi.png\",\"contentUrl\":\"https:\\\/\\\/jzi.org.pl\\\/wp-content\\\/uploads\\\/2019\\\/03\\\/logo-stowarzyszenie-jzi.png\",\"width\":931,\"height\":990,\"caption\":\"Jami\u0144ski Zesp\u00f3\u0142 Indeksacyjny\"},\"image\":{\"@id\":\"https:\\\/\\\/jzi.org.pl\\\/#\\\/schema\\\/logo\\\/image\\\/\"},\"sameAs\":[\"https:\\\/\\\/www.facebook.com\\\/Jaminski.Zespol.Indeksacyjny\\\/\"]}]}<\/script>\n<!-- \/ Yoast SEO plugin. -->","yoast_head_json":{"title":"Wody wigierskie i hucia\u0144skie \u2013 studium toponomastyczne (tom 1 i 2) - Jami\u0144ski Zesp\u00f3\u0142 Indeksacyjny","description":"Ksi\u0105\u017cka ta to reprint dwutomowej rozprawy \u201eWody wigierskie i hucia\u0144skie - studium toponomastyczne\u201d autorstwa profesora Knuta-Olofa Falka.","robots":{"index":"index","follow":"follow","max-snippet":"max-snippet:-1","max-image-preview":"max-image-preview:large","max-video-preview":"max-video-preview:-1"},"canonical":"https:\/\/jzi.org.pl\/en\/product\/wody-wigierskie-i-hucianskie-studium-toponomastyczne\/","og_locale":"en_US","og_type":"article","og_title":"Wody wigierskie i hucia\u0144skie - studium toponomastyczne","og_description":"Ksi\u0105\u017cka ta to reprint dwutomowej rozprawy \u201eWody wigierskie i hucia\u0144skie - studium toponomastyczne\u201d autorstwa profesora Knuta-Olofa Falka. Swoj\u0105 przygod\u0119 z Polsk\u0105 rozpocz\u0105\u0142 on w 1931 roku w Warszawie, gdzie prowadzi\u0142 kwerend\u0119 w Archiwum Skarbowym i w Bibliotece Krasi\u0144skich, szukaj\u0105c dokument\u00f3w wytworzonych przez zakon Kamedu\u0142\u00f3w wigierskich. Dokumenty te fotografowa\u0142 i to jemu zawdzi\u0119czamy, \u017ce ich tre\u015b\u0107 przetrwa\u0142a dla potomno\u015bci, gdy\u017c orygina\u0142y Niemcy spalili w 1944 roku po upadku Powstania Warszawskiego. W latach 1932\u20131933 wyk\u0142ada\u0142 j\u0119zyk szwedzki na Uniwersytecie Jagiello\u0144skim w Krakowie ucz\u0105c si\u0119 jednocze\u015bnie j\u0119zyka polskiego. Do wybuchu II wojny \u015bwiatowej prowadzi\u0142 badania nad nazwami miejscowymi Suwalszczyzny, wywodz\u0105cymi si\u0119 z j\u0119zyka Ja\u0107wing\u00f3w. Dalsze prace przerwa\u0142a wojna, jednak Falk nie pozo-sta\u0142 oboj\u0119tny na los Polski. W 1940 roku w\u0142asnym nak\u0142adem wyda\u0142 przet\u0142umaczon\u0105 na j\u0119zyk szwedzki ksi\u0105\u017ck\u0119 o Fryderyku Chopinie, a w rok p\u00f3\u017aniej obroni\u0142 doktorat na Uniwersytecie w Lund i wyda\u0142 w Szwecji - w j\u0119zyku polskim - dwutomow\u0105 rozpraw\u0119 \u201eWody wigierskie i hucia\u0144skie - studium toponomastyczne\u201d. By\u0142 to rodzaj buntu przeciwko hitlerowskim okupantom Polski. Wywo\u0142a\u0142 tym gwa\u0142town\u0105 reakcj\u0119 hitlerowskiego ministerstwa propagandy i not\u0119 protestacyjn\u0105 do rz\u0105du Szwecji. W Polsce jest bardzo ma\u0142o egzemplarzy tej pracy. My\u015blimy, \u017ce tym reprintem sprawimy, \u017ce ta praca b\u0119dzie dost\u0119pna szerszemu czytelnikowi. Do tomu 1 do\u0142\u0105czone s\u0105 dwie mapy rejonu Suwalszczyzny, kt\u00f3ry bada\u0142 Falk. Praca poprzedzona jest obszernym wst\u0119pem autorstwa profesora Terho Paulssona z Uniwersytetu w Lund, by\u0142ego wsp\u00f3\u0142pracownika profesora Knuta-Olofa Falka. Tom 2 to bezcenne fotokopie dokument\u00f3w z Biblioteki Ordynacji Krasi\u0144skich, bezpowrotnie stracone podczas wojny. Ca\u0142o\u015b\u0107 zosta\u0142a wydana na kredowym papierze.","og_url":"https:\/\/jzi.org.pl\/en\/product\/wody-wigierskie-i-hucianskie-studium-toponomastyczne\/","og_site_name":"Jami\u0144ski Zesp\u00f3\u0142 Indeksacyjny","article_publisher":"https:\/\/www.facebook.com\/Jaminski.Zespol.Indeksacyjny\/","article_modified_time":"2026-01-02T22:16:10+00:00","og_image":[{"width":2089,"height":2934,"url":"https:\/\/jzi.org.pl\/wp-content\/uploads\/2019\/09\/wody-wigerskie-i-hucianskie-1-0.jpg","type":"image\/jpeg"}],"twitter_card":"summary_large_image","twitter_misc":{"Est. reading time":"2 minutes"},"schema":{"@context":"https:\/\/schema.org","@graph":[{"@type":"WebPage","@id":"https:\/\/jzi.org.pl\/produkt\/wody-wigierskie-i-hucianskie-studium-toponomastyczne\/","url":"https:\/\/jzi.org.pl\/produkt\/wody-wigierskie-i-hucianskie-studium-toponomastyczne\/","name":"Wody wigierskie i hucia\u0144skie \u2013 studium toponomastyczne (tom 1 i 2) - Jami\u0144ski Zesp\u00f3\u0142 Indeksacyjny","isPartOf":{"@id":"https:\/\/jzi.org.pl\/#website"},"primaryImageOfPage":{"@id":"https:\/\/jzi.org.pl\/produkt\/wody-wigierskie-i-hucianskie-studium-toponomastyczne\/#primaryimage"},"image":{"@id":"https:\/\/jzi.org.pl\/produkt\/wody-wigierskie-i-hucianskie-studium-toponomastyczne\/#primaryimage"},"thumbnailUrl":"https:\/\/jzi.org.pl\/wp-content\/uploads\/2019\/09\/wody-wigerskie-i-hucianskie-1-0.jpg","datePublished":"2019-09-02T13:34:52+00:00","dateModified":"2026-01-02T22:16:10+00:00","description":"Ksi\u0105\u017cka ta to reprint dwutomowej rozprawy \u201eWody wigierskie i hucia\u0144skie - studium toponomastyczne\u201d autorstwa profesora Knuta-Olofa Falka.","breadcrumb":{"@id":"https:\/\/jzi.org.pl\/produkt\/wody-wigierskie-i-hucianskie-studium-toponomastyczne\/#breadcrumb"},"inLanguage":"en-US","potentialAction":[{"@type":"ReadAction","target":["https:\/\/jzi.org.pl\/produkt\/wody-wigierskie-i-hucianskie-studium-toponomastyczne\/"]}]},{"@type":"ImageObject","inLanguage":"en-US","@id":"https:\/\/jzi.org.pl\/produkt\/wody-wigierskie-i-hucianskie-studium-toponomastyczne\/#primaryimage","url":"https:\/\/jzi.org.pl\/wp-content\/uploads\/2019\/09\/wody-wigerskie-i-hucianskie-1-0.jpg","contentUrl":"https:\/\/jzi.org.pl\/wp-content\/uploads\/2019\/09\/wody-wigerskie-i-hucianskie-1-0.jpg","width":2089,"height":2934},{"@type":"BreadcrumbList","@id":"https:\/\/jzi.org.pl\/produkt\/wody-wigierskie-i-hucianskie-studium-toponomastyczne\/#breadcrumb","itemListElement":[{"@type":"ListItem","position":1,"name":"Strona g\u0142\u00f3wna","item":"https:\/\/jzi.org.pl\/"},{"@type":"ListItem","position":2,"name":"Sklep","item":"https:\/\/jzi.org.pl\/sklep\/"},{"@type":"ListItem","position":3,"name":"Wody wigierskie i hucia\u0144skie \u2013 studium toponomastyczne (tom 1 i 2)"}]},{"@type":"WebSite","@id":"https:\/\/jzi.org.pl\/#website","url":"https:\/\/jzi.org.pl\/","name":"Jaminy Indexing Team","description":"","publisher":{"@id":"https:\/\/jzi.org.pl\/#organization"},"potentialAction":[{"@type":"SearchAction","target":{"@type":"EntryPoint","urlTemplate":"https:\/\/jzi.org.pl\/?s={search_term_string}"},"query-input":{"@type":"PropertyValueSpecification","valueRequired":true,"valueName":"search_term_string"}}],"inLanguage":"en-US"},{"@type":"Organization","@id":"https:\/\/jzi.org.pl\/#organization","name":"Jaminy Indexing Team","url":"https:\/\/jzi.org.pl\/","logo":{"@type":"ImageObject","inLanguage":"en-US","@id":"https:\/\/jzi.org.pl\/#\/schema\/logo\/image\/","url":"https:\/\/jzi.org.pl\/wp-content\/uploads\/2019\/03\/logo-stowarzyszenie-jzi.png","contentUrl":"https:\/\/jzi.org.pl\/wp-content\/uploads\/2019\/03\/logo-stowarzyszenie-jzi.png","width":931,"height":990,"caption":"Jami\u0144ski Zesp\u00f3\u0142 Indeksacyjny"},"image":{"@id":"https:\/\/jzi.org.pl\/#\/schema\/logo\/image\/"},"sameAs":["https:\/\/www.facebook.com\/Jaminski.Zespol.Indeksacyjny\/"]}]}},"jetpack_likes_enabled":true,"jetpack_sharing_enabled":true,"_links":{"self":[{"href":"https:\/\/jzi.org.pl\/en\/wp-json\/wp\/v2\/product\/8578","targetHints":{"allow":["GET"]}}],"collection":[{"href":"https:\/\/jzi.org.pl\/en\/wp-json\/wp\/v2\/product"}],"about":[{"href":"https:\/\/jzi.org.pl\/en\/wp-json\/wp\/v2\/types\/product"}],"author":[{"embeddable":true,"href":"https:\/\/jzi.org.pl\/en\/wp-json\/wp\/v2\/users\/1"}],"replies":[{"embeddable":true,"href":"https:\/\/jzi.org.pl\/en\/wp-json\/wp\/v2\/comments?post=8578"}],"wp:featuredmedia":[{"embeddable":true,"href":"https:\/\/jzi.org.pl\/en\/wp-json\/wp\/v2\/media\/8579"}],"wp:attachment":[{"href":"https:\/\/jzi.org.pl\/en\/wp-json\/wp\/v2\/media?parent=8578"}],"wp:term":[{"taxonomy":"product_brand","embeddable":true,"href":"https:\/\/jzi.org.pl\/en\/wp-json\/wp\/v2\/product_brand?post=8578"},{"taxonomy":"product_cat","embeddable":true,"href":"https:\/\/jzi.org.pl\/en\/wp-json\/wp\/v2\/product_cat?post=8578"},{"taxonomy":"product_tag","embeddable":true,"href":"https:\/\/jzi.org.pl\/en\/wp-json\/wp\/v2\/product_tag?post=8578"}],"curies":[{"name":"wp","href":"https:\/\/api.w.org\/{rel}","templated":true}]}}