{"id":6694,"date":"2019-01-12T10:54:50","date_gmt":"2019-01-12T09:54:50","guid":{"rendered":"https:\/\/jzi.org.pl\/?post_type=product&#038;p=6694"},"modified":"2024-05-16T12:43:11","modified_gmt":"2024-05-16T10:43:11","slug":"tak-zwyczajnie-na-smierc-ebook","status":"publish","type":"product","link":"https:\/\/jzi.org.pl\/en\/product\/tak-zwyczajnie-na-smierc-ebook\/","title":{"rendered":"Tak zwyczajnie na \u015bmier\u0107 (ebook)"},"content":{"rendered":"<p>Authors: collective work<\/p>\n<p>Edition: 1<\/p>\n<p>ISBN:<\/p>\n<p>Format: EPUB<\/p>\n<p><a href=\"https:\/\/jzi.org.pl\/en\/publikacje\/inne-publikacje\/tak-zwyczajnie-na-smierc\/\" target=\"_blank\" rel=\"noopener noreferrer\">More information<\/a><\/p>","protected":false},"excerpt":{"rendered":"<p>Autorzy: praca zbiorowa Wydanie: 1 ISBN: Format: EPUB Wi\u0119cej informacji<\/p>","protected":false},"author":1,"featured_media":5437,"comment_status":"open","ping_status":"closed","template":"","meta":{"h5ap_radio_sources":[],"jetpack_post_was_ever_published":false},"product_brand":[],"product_cat":[298,272],"product_tag":[311],"class_list":{"0":"post-6694","1":"product","2":"type-product","3":"status-publish","4":"has-post-thumbnail","6":"product_cat-ebooki","7":"product_cat-ksiazki","8":"product_tag-inne-publikacje","10":"first","11":"outofstock","12":"downloadable","13":"virtual","14":"taxable","15":"purchasable","16":"product-type-simple"},"supplier_id":null,"supplier_sku":"","barcode":null,"atum_controlled":true,"out_stock_date":null,"out_stock_threshold":null,"inheritable":false,"inbound_stock":0,"stock_on_hold":0,"sold_today":0,"sales_last_days":0,"reserved_stock":0,"customer_returns":0,"warehouse_damage":0,"lost_in_post":0,"other_logs":0,"out_stock_days":0,"lost_sales":0,"has_location":false,"update_date":"2026-04-27T00:11:53","atum_locations":[],"atum_stock_status":"outofstock","restock_status":false,"low_stock_amount":"","sales_update_date":"2026-04-27T00:11:52","calc_backorders":null,"yoast_head":"<!-- This site is optimized with the Yoast SEO plugin v27.4 - https:\/\/yoast.com\/product\/yoast-seo-wordpress\/ -->\n<title>Tak zwyczajnie na \u015bmier\u0107 (ebook) - Jami\u0144ski Zesp\u00f3\u0142 Indeksacyjny<\/title>\n<meta name=\"description\" content=\"Ksi\u0105\u017ceczka ta stanowi zbi\u00f3r 6 wierszy i dw\u00f3ch opowiada\u0144 po\u015bwi\u0119conych Mariannie Biernackiej (1888-1943). Niekt\u00f3re z tych utwor\u00f3w zosta\u0142y nagrodzone w Og\u00f3lnopolskim Konkursie Literackim pod has\u0142em \u201eB\u0142ogos\u0142awiona z Lipska nad Biebrz\u0105\u201d.\" \/>\n<meta name=\"robots\" content=\"index, follow, max-snippet:-1, max-image-preview:large, max-video-preview:-1\" \/>\n<link rel=\"canonical\" href=\"https:\/\/jzi.org.pl\/en\/product\/tak-zwyczajnie-na-smierc-ebook\/\" \/>\n<meta property=\"og:locale\" content=\"en_US\" \/>\n<meta property=\"og:type\" content=\"article\" \/>\n<meta property=\"og:title\" content=\"Tak zwyczajnie na \u015bmier\u0107 (ebook)\" \/>\n<meta property=\"og:description\" content=\"13 lipca Ko\u015bci\u00f3\u0142 katolicki obchodzi wspomnienie b\u0142. Marianny Biernackiej, kt\u00f3ra odda\u0142a swoje \u017cycie w zamian za ocalenie ci\u0119\u017carnej synowej. Jest patronk\u0105 te\u015bciowych, za jej wstawiennictwem modl\u0105 si\u0119 r\u00f3wnie\u017c kobiety prosz\u0105ce o \u0142ask\u0119 macierzy\u0144stwa. Marianna Biernacka urodzi\u0142a si\u0119 w 1888 r. w Lipsku nad Biebrz\u0105, na terenie dzisiejszej diecezji e\u0142ckiej i powiatu augustowskiego. Zosta\u0142a rozstrzelana 13 lipca 1943 r. w fortach niedaleko wsi Naumowicze pod Grodnem. Ksi\u0105\u017ceczka ta stanowi zbi\u00f3r 6 wierszy i dw\u00f3ch opowiada\u0144 po\u015bwi\u0119conych Mariannie Biernackiej (1888-1943). Niekt\u00f3re z tych utwor\u00f3w zosta\u0142y nagrodzone w Og\u00f3lnopolskim Konkursie Literackim pod has\u0142em \u201eB\u0142ogos\u0142awiona z Lipska nad Biebrz\u0105\u201d.\" \/>\n<meta property=\"og:url\" content=\"https:\/\/jzi.org.pl\/en\/product\/tak-zwyczajnie-na-smierc-ebook\/\" \/>\n<meta property=\"og:site_name\" content=\"Jami\u0144ski Zesp\u00f3\u0142 Indeksacyjny\" \/>\n<meta property=\"article:publisher\" content=\"https:\/\/www.facebook.com\/Jaminski.Zespol.Indeksacyjny\/\" \/>\n<meta property=\"article:modified_time\" content=\"2024-05-16T10:43:11+00:00\" \/>\n<meta property=\"og:image\" content=\"https:\/\/jzi.org.pl\/wp-content\/uploads\/2018\/07\/tak-zwyczajnie-na-smierc.jpg\" \/>\n\t<meta property=\"og:image:width\" content=\"1472\" \/>\n\t<meta property=\"og:image:height\" content=\"2280\" \/>\n\t<meta property=\"og:image:type\" content=\"image\/jpeg\" \/>\n<meta name=\"twitter:card\" content=\"summary_large_image\" \/>\n<script type=\"application\/ld+json\" class=\"yoast-schema-graph\">{\"@context\":\"https:\\\/\\\/schema.org\",\"@graph\":[{\"@type\":\"WebPage\",\"@id\":\"https:\\\/\\\/jzi.org.pl\\\/en\\\/product\\\/tak-zwyczajnie-na-smierc-ebook\\\/\",\"url\":\"https:\\\/\\\/jzi.org.pl\\\/en\\\/product\\\/tak-zwyczajnie-na-smierc-ebook\\\/\",\"name\":\"Tak zwyczajnie na \u015bmier\u0107 (ebook) - Jami\u0144ski Zesp\u00f3\u0142 Indeksacyjny\",\"isPartOf\":{\"@id\":\"https:\\\/\\\/jzi.org.pl\\\/#website\"},\"primaryImageOfPage\":{\"@id\":\"https:\\\/\\\/jzi.org.pl\\\/en\\\/product\\\/tak-zwyczajnie-na-smierc-ebook\\\/#primaryimage\"},\"image\":{\"@id\":\"https:\\\/\\\/jzi.org.pl\\\/en\\\/product\\\/tak-zwyczajnie-na-smierc-ebook\\\/#primaryimage\"},\"thumbnailUrl\":\"https:\\\/\\\/jzi.org.pl\\\/wp-content\\\/uploads\\\/2018\\\/07\\\/tak-zwyczajnie-na-smierc-4-3.jpg\",\"datePublished\":\"2019-01-12T09:54:50+00:00\",\"dateModified\":\"2024-05-16T10:43:11+00:00\",\"description\":\"Ksi\u0105\u017ceczka ta stanowi zbi\u00f3r 6 wierszy i dw\u00f3ch opowiada\u0144 po\u015bwi\u0119conych Mariannie Biernackiej (1888-1943). Niekt\u00f3re z tych utwor\u00f3w zosta\u0142y nagrodzone w Og\u00f3lnopolskim Konkursie Literackim pod has\u0142em \u201eB\u0142ogos\u0142awiona z Lipska nad Biebrz\u0105\u201d.\",\"breadcrumb\":{\"@id\":\"https:\\\/\\\/jzi.org.pl\\\/en\\\/product\\\/tak-zwyczajnie-na-smierc-ebook\\\/#breadcrumb\"},\"inLanguage\":\"en-US\",\"potentialAction\":[{\"@type\":\"ReadAction\",\"target\":[\"https:\\\/\\\/jzi.org.pl\\\/en\\\/product\\\/tak-zwyczajnie-na-smierc-ebook\\\/\"]}]},{\"@type\":\"ImageObject\",\"inLanguage\":\"en-US\",\"@id\":\"https:\\\/\\\/jzi.org.pl\\\/en\\\/product\\\/tak-zwyczajnie-na-smierc-ebook\\\/#primaryimage\",\"url\":\"https:\\\/\\\/jzi.org.pl\\\/wp-content\\\/uploads\\\/2018\\\/07\\\/tak-zwyczajnie-na-smierc-4-3.jpg\",\"contentUrl\":\"https:\\\/\\\/jzi.org.pl\\\/wp-content\\\/uploads\\\/2018\\\/07\\\/tak-zwyczajnie-na-smierc-4-3.jpg\",\"width\":1710,\"height\":2280},{\"@type\":\"BreadcrumbList\",\"@id\":\"https:\\\/\\\/jzi.org.pl\\\/en\\\/product\\\/tak-zwyczajnie-na-smierc-ebook\\\/#breadcrumb\",\"itemListElement\":[{\"@type\":\"ListItem\",\"position\":1,\"name\":\"Strona g\u0142\u00f3wna\",\"item\":\"https:\\\/\\\/jzi.org.pl\\\/\"},{\"@type\":\"ListItem\",\"position\":2,\"name\":\"Sklep\",\"item\":\"https:\\\/\\\/jzi.org.pl\\\/sklep\\\/\"},{\"@type\":\"ListItem\",\"position\":3,\"name\":\"Tak zwyczajnie na \u015bmier\u0107 (ebook)\"}]},{\"@type\":\"WebSite\",\"@id\":\"https:\\\/\\\/jzi.org.pl\\\/#website\",\"url\":\"https:\\\/\\\/jzi.org.pl\\\/\",\"name\":\"Jami\u0144ski Zesp\u00f3\u0142 Indeksacyjny\",\"description\":\"\",\"publisher\":{\"@id\":\"https:\\\/\\\/jzi.org.pl\\\/#organization\"},\"potentialAction\":[{\"@type\":\"SearchAction\",\"target\":{\"@type\":\"EntryPoint\",\"urlTemplate\":\"https:\\\/\\\/jzi.org.pl\\\/?s={search_term_string}\"},\"query-input\":{\"@type\":\"PropertyValueSpecification\",\"valueRequired\":true,\"valueName\":\"search_term_string\"}}],\"inLanguage\":\"en-US\"},{\"@type\":\"Organization\",\"@id\":\"https:\\\/\\\/jzi.org.pl\\\/#organization\",\"name\":\"Jami\u0144ski Zesp\u00f3\u0142 Indeksacyjny\",\"url\":\"https:\\\/\\\/jzi.org.pl\\\/\",\"logo\":{\"@type\":\"ImageObject\",\"inLanguage\":\"en-US\",\"@id\":\"https:\\\/\\\/jzi.org.pl\\\/#\\\/schema\\\/logo\\\/image\\\/\",\"url\":\"https:\\\/\\\/jzi.org.pl\\\/wp-content\\\/uploads\\\/2019\\\/03\\\/logo-stowarzyszenie-jzi.png\",\"contentUrl\":\"https:\\\/\\\/jzi.org.pl\\\/wp-content\\\/uploads\\\/2019\\\/03\\\/logo-stowarzyszenie-jzi.png\",\"width\":931,\"height\":990,\"caption\":\"Jami\u0144ski Zesp\u00f3\u0142 Indeksacyjny\"},\"image\":{\"@id\":\"https:\\\/\\\/jzi.org.pl\\\/#\\\/schema\\\/logo\\\/image\\\/\"},\"sameAs\":[\"https:\\\/\\\/www.facebook.com\\\/Jaminski.Zespol.Indeksacyjny\\\/\"]}]}<\/script>\n<!-- \/ Yoast SEO plugin. -->","yoast_head_json":{"title":"Tak zwyczajnie na \u015bmier\u0107 (ebook) - Jami\u0144ski Zesp\u00f3\u0142 Indeksacyjny","description":"This booklet is a collection of six poems and two stories dedicated to Marianna Biernacka (1888-1943). Some of these works were awarded in the National Literary Competition under the slogan \"Blessed from Lipsk on the Biebrza\".","robots":{"index":"index","follow":"follow","max-snippet":"max-snippet:-1","max-image-preview":"max-image-preview:large","max-video-preview":"max-video-preview:-1"},"canonical":"https:\/\/jzi.org.pl\/en\/product\/tak-zwyczajnie-na-smierc-ebook\/","og_locale":"en_US","og_type":"article","og_title":"Tak zwyczajnie na \u015bmier\u0107 (ebook)","og_description":"13 lipca Ko\u015bci\u00f3\u0142 katolicki obchodzi wspomnienie b\u0142. Marianny Biernackiej, kt\u00f3ra odda\u0142a swoje \u017cycie w zamian za ocalenie ci\u0119\u017carnej synowej. Jest patronk\u0105 te\u015bciowych, za jej wstawiennictwem modl\u0105 si\u0119 r\u00f3wnie\u017c kobiety prosz\u0105ce o \u0142ask\u0119 macierzy\u0144stwa. Marianna Biernacka urodzi\u0142a si\u0119 w 1888 r. w Lipsku nad Biebrz\u0105, na terenie dzisiejszej diecezji e\u0142ckiej i powiatu augustowskiego. Zosta\u0142a rozstrzelana 13 lipca 1943 r. w fortach niedaleko wsi Naumowicze pod Grodnem. Ksi\u0105\u017ceczka ta stanowi zbi\u00f3r 6 wierszy i dw\u00f3ch opowiada\u0144 po\u015bwi\u0119conych Mariannie Biernackiej (1888-1943). Niekt\u00f3re z tych utwor\u00f3w zosta\u0142y nagrodzone w Og\u00f3lnopolskim Konkursie Literackim pod has\u0142em \u201eB\u0142ogos\u0142awiona z Lipska nad Biebrz\u0105\u201d.","og_url":"https:\/\/jzi.org.pl\/en\/product\/tak-zwyczajnie-na-smierc-ebook\/","og_site_name":"Jami\u0144ski Zesp\u00f3\u0142 Indeksacyjny","article_publisher":"https:\/\/www.facebook.com\/Jaminski.Zespol.Indeksacyjny\/","article_modified_time":"2024-05-16T10:43:11+00:00","og_image":[{"width":1472,"height":2280,"url":"https:\/\/jzi.org.pl\/wp-content\/uploads\/2018\/07\/tak-zwyczajnie-na-smierc.jpg","type":"image\/jpeg"}],"twitter_card":"summary_large_image","schema":{"@context":"https:\/\/schema.org","@graph":[{"@type":"WebPage","@id":"https:\/\/jzi.org.pl\/en\/product\/tak-zwyczajnie-na-smierc-ebook\/","url":"https:\/\/jzi.org.pl\/en\/product\/tak-zwyczajnie-na-smierc-ebook\/","name":"Tak zwyczajnie na \u015bmier\u0107 (ebook) - Jami\u0144ski Zesp\u00f3\u0142 Indeksacyjny","isPartOf":{"@id":"https:\/\/jzi.org.pl\/#website"},"primaryImageOfPage":{"@id":"https:\/\/jzi.org.pl\/en\/product\/tak-zwyczajnie-na-smierc-ebook\/#primaryimage"},"image":{"@id":"https:\/\/jzi.org.pl\/en\/product\/tak-zwyczajnie-na-smierc-ebook\/#primaryimage"},"thumbnailUrl":"https:\/\/jzi.org.pl\/wp-content\/uploads\/2018\/07\/tak-zwyczajnie-na-smierc-4-3.jpg","datePublished":"2019-01-12T09:54:50+00:00","dateModified":"2024-05-16T10:43:11+00:00","description":"This booklet is a collection of six poems and two stories dedicated to Marianna Biernacka (1888-1943). Some of these works were awarded in the National Literary Competition under the slogan \"Blessed from Lipsk on the Biebrza\".","breadcrumb":{"@id":"https:\/\/jzi.org.pl\/en\/product\/tak-zwyczajnie-na-smierc-ebook\/#breadcrumb"},"inLanguage":"en-US","potentialAction":[{"@type":"ReadAction","target":["https:\/\/jzi.org.pl\/en\/product\/tak-zwyczajnie-na-smierc-ebook\/"]}]},{"@type":"ImageObject","inLanguage":"en-US","@id":"https:\/\/jzi.org.pl\/en\/product\/tak-zwyczajnie-na-smierc-ebook\/#primaryimage","url":"https:\/\/jzi.org.pl\/wp-content\/uploads\/2018\/07\/tak-zwyczajnie-na-smierc-4-3.jpg","contentUrl":"https:\/\/jzi.org.pl\/wp-content\/uploads\/2018\/07\/tak-zwyczajnie-na-smierc-4-3.jpg","width":1710,"height":2280},{"@type":"BreadcrumbList","@id":"https:\/\/jzi.org.pl\/en\/product\/tak-zwyczajnie-na-smierc-ebook\/#breadcrumb","itemListElement":[{"@type":"ListItem","position":1,"name":"Strona g\u0142\u00f3wna","item":"https:\/\/jzi.org.pl\/"},{"@type":"ListItem","position":2,"name":"Sklep","item":"https:\/\/jzi.org.pl\/sklep\/"},{"@type":"ListItem","position":3,"name":"Tak zwyczajnie na \u015bmier\u0107 (ebook)"}]},{"@type":"WebSite","@id":"https:\/\/jzi.org.pl\/#website","url":"https:\/\/jzi.org.pl\/","name":"Jaminy Indexing Team","description":"","publisher":{"@id":"https:\/\/jzi.org.pl\/#organization"},"potentialAction":[{"@type":"SearchAction","target":{"@type":"EntryPoint","urlTemplate":"https:\/\/jzi.org.pl\/?s={search_term_string}"},"query-input":{"@type":"PropertyValueSpecification","valueRequired":true,"valueName":"search_term_string"}}],"inLanguage":"en-US"},{"@type":"Organization","@id":"https:\/\/jzi.org.pl\/#organization","name":"Jaminy Indexing Team","url":"https:\/\/jzi.org.pl\/","logo":{"@type":"ImageObject","inLanguage":"en-US","@id":"https:\/\/jzi.org.pl\/#\/schema\/logo\/image\/","url":"https:\/\/jzi.org.pl\/wp-content\/uploads\/2019\/03\/logo-stowarzyszenie-jzi.png","contentUrl":"https:\/\/jzi.org.pl\/wp-content\/uploads\/2019\/03\/logo-stowarzyszenie-jzi.png","width":931,"height":990,"caption":"Jami\u0144ski Zesp\u00f3\u0142 Indeksacyjny"},"image":{"@id":"https:\/\/jzi.org.pl\/#\/schema\/logo\/image\/"},"sameAs":["https:\/\/www.facebook.com\/Jaminski.Zespol.Indeksacyjny\/"]}]}},"jetpack_likes_enabled":true,"jetpack_sharing_enabled":true,"_links":{"self":[{"href":"https:\/\/jzi.org.pl\/en\/wp-json\/wp\/v2\/product\/6694","targetHints":{"allow":["GET"]}}],"collection":[{"href":"https:\/\/jzi.org.pl\/en\/wp-json\/wp\/v2\/product"}],"about":[{"href":"https:\/\/jzi.org.pl\/en\/wp-json\/wp\/v2\/types\/product"}],"author":[{"embeddable":true,"href":"https:\/\/jzi.org.pl\/en\/wp-json\/wp\/v2\/users\/1"}],"replies":[{"embeddable":true,"href":"https:\/\/jzi.org.pl\/en\/wp-json\/wp\/v2\/comments?post=6694"}],"wp:featuredmedia":[{"embeddable":true,"href":"https:\/\/jzi.org.pl\/en\/wp-json\/wp\/v2\/media\/5437"}],"wp:attachment":[{"href":"https:\/\/jzi.org.pl\/en\/wp-json\/wp\/v2\/media?parent=6694"}],"wp:term":[{"taxonomy":"product_brand","embeddable":true,"href":"https:\/\/jzi.org.pl\/en\/wp-json\/wp\/v2\/product_brand?post=6694"},{"taxonomy":"product_cat","embeddable":true,"href":"https:\/\/jzi.org.pl\/en\/wp-json\/wp\/v2\/product_cat?post=6694"},{"taxonomy":"product_tag","embeddable":true,"href":"https:\/\/jzi.org.pl\/en\/wp-json\/wp\/v2\/product_tag?post=6694"}],"curies":[{"name":"wp","href":"https:\/\/api.w.org\/{rel}","templated":true}]}}