{"id":6339,"date":"2018-12-11T22:50:31","date_gmt":"2018-12-11T21:50:31","guid":{"rendered":"https:\/\/jzi.org.pl\/?post_type=product&#038;p=6339"},"modified":"2025-12-02T16:27:05","modified_gmt":"2025-12-02T15:27:05","slug":"wspomnienia-wojenne-komplet","status":"publish","type":"product","link":"https:\/\/jzi.org.pl\/en\/product\/wspomnienia-wojenne-komplet\/","title":{"rendered":"War memories (set)"},"content":{"rendered":"<div id=\"pl-6339\"  class=\"panel-layout\" ><div id=\"pg-6339-0\"  class=\"panel-grid panel-no-style\" ><div id=\"pgc-6339-0-0\"  class=\"panel-grid-cell\" ><div id=\"panel-6339-0-0-0\" class=\"so-panel widget widget_sow-editor panel-first-child panel-last-child\" data-index=\"0\" ><div\n\t\t\t\n\t\t\tclass=\"so-widget-sow-editor so-widget-sow-editor-base\"\n\t\t\t\n\t\t>\n<div class=\"siteorigin-widget-tinymce textwidget\">\n\t<p>Komplet wspomnie\u0144 wojennych z serii \"Ocali\u0107 od zapomnienia\" w promocyjnej cenie.<\/p>\n<p>We also sell each item separately.<\/p>\n<\/div>\n<\/div><\/div><\/div><\/div><div id=\"pg-6339-1\"  class=\"panel-grid panel-no-style\" ><div id=\"pgc-6339-1-0\"  class=\"panel-grid-cell\" ><div id=\"panel-6339-1-0-0\" class=\"so-panel widget widget_sow-image panel-first-child panel-last-child\" data-index=\"1\" ><div\n\t\t\t\n\t\t\tclass=\"so-widget-sow-image so-widget-sow-image-default-8b5b6f678277-6339\"\n\t\t\t\n\t\t>\n<div class=\"sow-image-container\">\n\t\t\t<a href=\"https:\/\/jzi.org.pl\/en\/product\/wojna-w-mojej-pamieci\/\"\n\t\t\t\t\t>\n\t\t\t<img \n\tsrc=\"https:\/\/jzi.org.pl\/wp-content\/uploads\/Wojna-w-mojej-pami\u0119ci\/cover_148x210_mm_1000_SC-2-324x432.png\" width=\"324\" height=\"432\" sizes=\"(max-width: 324px) 100vw, 324px\" title=\"Wojna w mojej pami\u0119ci\" alt=\"Wojna w mojej pami\u0119ci\" \t\tclass=\"so-widget-image\"\/>\n\t\t\t<\/a><\/div>\n\n<\/div><\/div><\/div><div id=\"pgc-6339-1-1\"  class=\"panel-grid-cell\" ><div id=\"panel-6339-1-1-0\" class=\"so-panel widget widget_sow-image panel-first-child panel-last-child\" data-index=\"2\" ><div\n\t\t\t\n\t\t\tclass=\"so-widget-sow-image so-widget-sow-image-default-8b5b6f678277-6339\"\n\t\t\t\n\t\t>\n<div class=\"sow-image-container\">\n\t\t\t<a href=\"https:\/\/jzi.org.pl\/en\/product\/historie-pazurem-wojny-kreslone\/\"\n\t\t\t\t\t>\n\t\t\t<img \n\tsrc=\"https:\/\/jzi.org.pl\/wp-content\/uploads\/2017\/11\/Historie-pazurem-wojny-kre\u015blone0-324x432.png\" width=\"324\" height=\"432\" sizes=\"(max-width: 324px) 100vw, 324px\" title=\"Historie pazurem wojny kre\u015blone\" alt=\"Historie pazurem wojny kre\u015blone\" \t\tclass=\"so-widget-image\"\/>\n\t\t\t<\/a><\/div>\n\n<\/div><\/div><\/div><div id=\"pgc-6339-1-2\"  class=\"panel-grid-cell\" ><div id=\"panel-6339-1-2-0\" class=\"so-panel widget widget_sow-image panel-first-child panel-last-child\" data-index=\"3\" ><div\n\t\t\t\n\t\t\tclass=\"so-widget-sow-image so-widget-sow-image-default-8b5b6f678277-6339\"\n\t\t\t\n\t\t>\n<div class=\"sow-image-container\">\n\t\t\t<a href=\"https:\/\/jzi.org.pl\/en\/product\/wspomnienie-z-zycia-wsi-wieku-minionego\/\"\n\t\t\t\t\t>\n\t\t\t<img \n\tsrc=\"https:\/\/jzi.org.pl\/wp-content\/uploads\/2018\/12\/wspomnienie-z-zycia-wsi-wieku-minionego-0-324x432.jpg\" width=\"324\" height=\"432\" sizes=\"(max-width: 324px) 100vw, 324px\" title=\"Wspomnienie z \u017cycia wsi wieku minionego\" alt=\"Wspomnienie z \u017cycia wsi wieku minionego\" \t\tclass=\"so-widget-image\"\/>\n\t\t\t<\/a><\/div>\n\n<\/div><\/div><\/div><\/div><div id=\"pg-6339-2\"  class=\"panel-grid panel-no-style\" ><div id=\"pgc-6339-2-0\"  class=\"panel-grid-cell\" ><div id=\"panel-6339-2-0-0\" class=\"so-panel widget widget_sow-image panel-first-child panel-last-child\" data-index=\"4\" ><div\n\t\t\t\n\t\t\tclass=\"so-widget-sow-image so-widget-sow-image-default-8b5b6f678277-6339\"\n\t\t\t\n\t\t>\n<div class=\"sow-image-container\">\n\t\t\t<a href=\"https:\/\/jzi.org.pl\/en\/product\/jeszcze-sie-spotkamy\/\"\n\t\t\t\t\t>\n\t\t\t<img \n\tsrc=\"https:\/\/jzi.org.pl\/wp-content\/uploads\/2020\/02\/jeszcze-sie-spotkamy-0-324x432.png\" width=\"324\" height=\"432\" sizes=\"(max-width: 324px) 100vw, 324px\" title=\"Jeszcze si\u0119 spotkamy\" alt=\"Jeszcze si\u0119 spotkamy\" \t\tclass=\"so-widget-image\"\/>\n\t\t\t<\/a><\/div>\n\n<\/div><\/div><\/div><div id=\"pgc-6339-2-1\"  class=\"panel-grid-cell\" ><div id=\"panel-6339-2-1-0\" class=\"so-panel widget widget_sow-image panel-first-child panel-last-child\" data-index=\"5\" ><div\n\t\t\t\n\t\t\tclass=\"so-widget-sow-image so-widget-sow-image-default-8b5b6f678277-6339\"\n\t\t\t\n\t\t>\n<div class=\"sow-image-container\">\n\t\t\t<a href=\"https:\/\/jzi.org.pl\/en\/product\/epopeja-wojenna\/\"\n\t\t\t\t\t>\n\t\t\t<img \n\tsrc=\"https:\/\/jzi.org.pl\/wp-content\/uploads\/2021\/03\/epopeja-wojenna-324x432.png\" width=\"324\" height=\"432\" srcset=\"https:\/\/jzi.org.pl\/wp-content\/uploads\/2021\/03\/epopeja-wojenna-324x432.png 324w, https:\/\/jzi.org.pl\/wp-content\/uploads\/2021\/03\/epopeja-wojenna-8x12.png 8w\" sizes=\"(max-width: 324px) 100vw, 324px\" title=\"Epopeja wojenna\" alt=\"Epopeja wojenna\" \t\tclass=\"so-widget-image\"\/>\n\t\t\t<\/a><\/div>\n\n<\/div><\/div><\/div><div id=\"pgc-6339-2-2\"  class=\"panel-grid-cell\" ><div id=\"panel-6339-2-2-0\" class=\"so-panel widget widget_sow-image panel-first-child panel-last-child\" data-index=\"6\" ><div\n\t\t\t\n\t\t\tclass=\"so-widget-sow-image so-widget-sow-image-default-8b5b6f678277-6339\"\n\t\t\t\n\t\t>\n<div class=\"sow-image-container\">\n\t\t\t<a href=\"https:\/\/jzi.org.pl\/en\/product\/godzina-powrotu\/\"\n\t\t\t\t\t>\n\t\t\t<img \n\tsrc=\"https:\/\/jzi.org.pl\/wp-content\/uploads\/2024\/10\/godzina-powrotu-0-324x432.jpg\" width=\"324\" height=\"432\" srcset=\"https:\/\/jzi.org.pl\/wp-content\/uploads\/2024\/10\/godzina-powrotu-0-324x432.jpg 324w, https:\/\/jzi.org.pl\/wp-content\/uploads\/2024\/10\/godzina-powrotu-0-8x12.jpg 8w\" sizes=\"(max-width: 324px) 100vw, 324px\" title=\"Godzina powrotu. Wspomnienia Edwarda Siemiona\" alt=\"Godzina powrotu. Wspomnienia Edwarda Siemiona\" \t\tclass=\"so-widget-image\"\/>\n\t\t\t<\/a><\/div>\n\n<\/div><\/div><\/div><\/div><\/div>","protected":false},"excerpt":{"rendered":"<p>Komplet wspomnie\u0144 wojennych z serii &#8222;Ocali\u0107 od zapomnienia&#8221; w promocyjnej cenie. Sprzedajemy r\u00f3wnie\u017c ka\u017cd\u0105 pozycj\u0119 osobno.<\/p>","protected":false},"author":1,"featured_media":26783,"comment_status":"open","ping_status":"closed","template":"","meta":{"h5ap_radio_sources":[],"jetpack_post_was_ever_published":false},"product_brand":[],"product_cat":[339,272],"product_tag":[373],"class_list":{"0":"post-6339","1":"product","2":"type-product","3":"status-publish","4":"has-post-thumbnail","6":"product_cat-komplety","7":"product_cat-ksiazki","8":"product_tag-ii-wojna-swiatowa","10":"first","11":"instock","12":"sale","13":"taxable","14":"shipping-taxable","15":"purchasable","16":"product-type-simple"},"supplier_id":null,"supplier_sku":"","barcode":null,"atum_controlled":true,"out_stock_date":null,"out_stock_threshold":null,"inheritable":false,"inbound_stock":0,"stock_on_hold":0,"sold_today":0,"sales_last_days":0,"reserved_stock":0,"customer_returns":0,"warehouse_damage":0,"lost_in_post":0,"other_logs":0,"out_stock_days":0,"lost_sales":0,"has_location":false,"update_date":"2026-04-15T00:06:30","atum_locations":[],"atum_stock_status":"instock","restock_status":false,"low_stock_amount":0,"sales_update_date":"2026-04-15T00:06:30","calc_backorders":0,"yoast_head":"<!-- This site is optimized with the Yoast SEO plugin v27.4 - https:\/\/yoast.com\/product\/yoast-seo-wordpress\/ -->\n<title>Wspomnienia wojenne (komplet) - Jami\u0144ski Zesp\u00f3\u0142 Indeksacyjny<\/title>\n<meta name=\"description\" content=\"Komplet wspomnie\u0144 wojennych z serii &quot;Ocali\u0107 od zapomnienia&quot; w promocyjnej cenie.\" \/>\n<meta name=\"robots\" content=\"index, follow, max-snippet:-1, max-image-preview:large, max-video-preview:-1\" \/>\n<link rel=\"canonical\" href=\"https:\/\/jzi.org.pl\/en\/product\/wspomnienia-wojenne-komplet\/\" \/>\n<meta property=\"og:locale\" content=\"en_US\" \/>\n<meta property=\"og:type\" content=\"article\" \/>\n<meta property=\"og:title\" content=\"Wspomnienia wojenne (komplet)\" \/>\n<meta property=\"og:description\" content=\"Komplet wspomnie\u0144 wojennych z serii &quot;Ocali\u0107 od zapomnienia&quot; w promocyjnej cenie.\" \/>\n<meta property=\"og:url\" content=\"https:\/\/jzi.org.pl\/en\/product\/wspomnienia-wojenne-komplet\/\" \/>\n<meta property=\"og:site_name\" content=\"Jami\u0144ski Zesp\u00f3\u0142 Indeksacyjny\" \/>\n<meta property=\"article:publisher\" content=\"https:\/\/www.facebook.com\/Jaminski.Zespol.Indeksacyjny\/\" \/>\n<meta property=\"article:modified_time\" content=\"2025-12-02T15:27:05+00:00\" \/>\n<meta property=\"og:image\" content=\"https:\/\/jzi.org.pl\/wp-content\/uploads\/2018\/12\/wspomnieia-wojenne-komplet-6-scaled.jpg\" \/>\n\t<meta property=\"og:image:width\" content=\"2560\" \/>\n\t<meta property=\"og:image:height\" content=\"2288\" \/>\n\t<meta property=\"og:image:type\" content=\"image\/jpeg\" \/>\n<meta name=\"twitter:card\" content=\"summary_large_image\" \/>\n<meta name=\"twitter:label1\" content=\"Est. reading time\" \/>\n\t<meta name=\"twitter:data1\" content=\"2 minutes\" \/>\n<script type=\"application\/ld+json\" class=\"yoast-schema-graph\">{\"@context\":\"https:\\\/\\\/schema.org\",\"@graph\":[{\"@type\":\"WebPage\",\"@id\":\"https:\\\/\\\/jzi.org.pl\\\/produkt\\\/wspomnienia-wojenne-komplet\\\/\",\"url\":\"https:\\\/\\\/jzi.org.pl\\\/produkt\\\/wspomnienia-wojenne-komplet\\\/\",\"name\":\"Wspomnienia wojenne (komplet) - Jami\u0144ski Zesp\u00f3\u0142 Indeksacyjny\",\"isPartOf\":{\"@id\":\"https:\\\/\\\/jzi.org.pl\\\/#website\"},\"primaryImageOfPage\":{\"@id\":\"https:\\\/\\\/jzi.org.pl\\\/produkt\\\/wspomnienia-wojenne-komplet\\\/#primaryimage\"},\"image\":{\"@id\":\"https:\\\/\\\/jzi.org.pl\\\/produkt\\\/wspomnienia-wojenne-komplet\\\/#primaryimage\"},\"thumbnailUrl\":\"https:\\\/\\\/jzi.org.pl\\\/wp-content\\\/uploads\\\/2018\\\/12\\\/wspomnieia-wojenne-komplet-6-scaled.jpg\",\"datePublished\":\"2018-12-11T21:50:31+00:00\",\"dateModified\":\"2025-12-02T15:27:05+00:00\",\"description\":\"Komplet wspomnie\u0144 wojennych z serii \\\"Ocali\u0107 od zapomnienia\\\" w promocyjnej cenie.\",\"breadcrumb\":{\"@id\":\"https:\\\/\\\/jzi.org.pl\\\/produkt\\\/wspomnienia-wojenne-komplet\\\/#breadcrumb\"},\"inLanguage\":\"en-US\",\"potentialAction\":[{\"@type\":\"ReadAction\",\"target\":[\"https:\\\/\\\/jzi.org.pl\\\/produkt\\\/wspomnienia-wojenne-komplet\\\/\"]}]},{\"@type\":\"ImageObject\",\"inLanguage\":\"en-US\",\"@id\":\"https:\\\/\\\/jzi.org.pl\\\/produkt\\\/wspomnienia-wojenne-komplet\\\/#primaryimage\",\"url\":\"https:\\\/\\\/jzi.org.pl\\\/wp-content\\\/uploads\\\/2018\\\/12\\\/wspomnieia-wojenne-komplet-6-scaled.jpg\",\"contentUrl\":\"https:\\\/\\\/jzi.org.pl\\\/wp-content\\\/uploads\\\/2018\\\/12\\\/wspomnieia-wojenne-komplet-6-scaled.jpg\",\"width\":2560,\"height\":2288},{\"@type\":\"BreadcrumbList\",\"@id\":\"https:\\\/\\\/jzi.org.pl\\\/produkt\\\/wspomnienia-wojenne-komplet\\\/#breadcrumb\",\"itemListElement\":[{\"@type\":\"ListItem\",\"position\":1,\"name\":\"Strona g\u0142\u00f3wna\",\"item\":\"https:\\\/\\\/jzi.org.pl\\\/\"},{\"@type\":\"ListItem\",\"position\":2,\"name\":\"Sklep\",\"item\":\"https:\\\/\\\/jzi.org.pl\\\/sklep\\\/\"},{\"@type\":\"ListItem\",\"position\":3,\"name\":\"Wspomnienia wojenne (komplet)\"}]},{\"@type\":\"WebSite\",\"@id\":\"https:\\\/\\\/jzi.org.pl\\\/#website\",\"url\":\"https:\\\/\\\/jzi.org.pl\\\/\",\"name\":\"Jami\u0144ski Zesp\u00f3\u0142 Indeksacyjny\",\"description\":\"\",\"publisher\":{\"@id\":\"https:\\\/\\\/jzi.org.pl\\\/#organization\"},\"potentialAction\":[{\"@type\":\"SearchAction\",\"target\":{\"@type\":\"EntryPoint\",\"urlTemplate\":\"https:\\\/\\\/jzi.org.pl\\\/?s={search_term_string}\"},\"query-input\":{\"@type\":\"PropertyValueSpecification\",\"valueRequired\":true,\"valueName\":\"search_term_string\"}}],\"inLanguage\":\"en-US\"},{\"@type\":\"Organization\",\"@id\":\"https:\\\/\\\/jzi.org.pl\\\/#organization\",\"name\":\"Jami\u0144ski Zesp\u00f3\u0142 Indeksacyjny\",\"url\":\"https:\\\/\\\/jzi.org.pl\\\/\",\"logo\":{\"@type\":\"ImageObject\",\"inLanguage\":\"en-US\",\"@id\":\"https:\\\/\\\/jzi.org.pl\\\/#\\\/schema\\\/logo\\\/image\\\/\",\"url\":\"https:\\\/\\\/jzi.org.pl\\\/wp-content\\\/uploads\\\/2019\\\/03\\\/logo-stowarzyszenie-jzi.png\",\"contentUrl\":\"https:\\\/\\\/jzi.org.pl\\\/wp-content\\\/uploads\\\/2019\\\/03\\\/logo-stowarzyszenie-jzi.png\",\"width\":931,\"height\":990,\"caption\":\"Jami\u0144ski Zesp\u00f3\u0142 Indeksacyjny\"},\"image\":{\"@id\":\"https:\\\/\\\/jzi.org.pl\\\/#\\\/schema\\\/logo\\\/image\\\/\"},\"sameAs\":[\"https:\\\/\\\/www.facebook.com\\\/Jaminski.Zespol.Indeksacyjny\\\/\"]}]}<\/script>\n<!-- \/ Yoast SEO plugin. -->","yoast_head_json":{"title":"Wspomnienia wojenne (komplet) - Jami\u0144ski Zesp\u00f3\u0142 Indeksacyjny","description":"Komplet wspomnie\u0144 wojennych z serii \"Ocali\u0107 od zapomnienia\" w promocyjnej cenie.","robots":{"index":"index","follow":"follow","max-snippet":"max-snippet:-1","max-image-preview":"max-image-preview:large","max-video-preview":"max-video-preview:-1"},"canonical":"https:\/\/jzi.org.pl\/en\/product\/wspomnienia-wojenne-komplet\/","og_locale":"en_US","og_type":"article","og_title":"Wspomnienia wojenne (komplet)","og_description":"Komplet wspomnie\u0144 wojennych z serii \"Ocali\u0107 od zapomnienia\" w promocyjnej cenie.","og_url":"https:\/\/jzi.org.pl\/en\/product\/wspomnienia-wojenne-komplet\/","og_site_name":"Jami\u0144ski Zesp\u00f3\u0142 Indeksacyjny","article_publisher":"https:\/\/www.facebook.com\/Jaminski.Zespol.Indeksacyjny\/","article_modified_time":"2025-12-02T15:27:05+00:00","og_image":[{"width":2560,"height":2288,"url":"https:\/\/jzi.org.pl\/wp-content\/uploads\/2018\/12\/wspomnieia-wojenne-komplet-6-scaled.jpg","type":"image\/jpeg"}],"twitter_card":"summary_large_image","twitter_misc":{"Est. reading time":"2 minutes"},"schema":{"@context":"https:\/\/schema.org","@graph":[{"@type":"WebPage","@id":"https:\/\/jzi.org.pl\/produkt\/wspomnienia-wojenne-komplet\/","url":"https:\/\/jzi.org.pl\/produkt\/wspomnienia-wojenne-komplet\/","name":"Wspomnienia wojenne (komplet) - Jami\u0144ski Zesp\u00f3\u0142 Indeksacyjny","isPartOf":{"@id":"https:\/\/jzi.org.pl\/#website"},"primaryImageOfPage":{"@id":"https:\/\/jzi.org.pl\/produkt\/wspomnienia-wojenne-komplet\/#primaryimage"},"image":{"@id":"https:\/\/jzi.org.pl\/produkt\/wspomnienia-wojenne-komplet\/#primaryimage"},"thumbnailUrl":"https:\/\/jzi.org.pl\/wp-content\/uploads\/2018\/12\/wspomnieia-wojenne-komplet-6-scaled.jpg","datePublished":"2018-12-11T21:50:31+00:00","dateModified":"2025-12-02T15:27:05+00:00","description":"Komplet wspomnie\u0144 wojennych z serii \"Ocali\u0107 od zapomnienia\" w promocyjnej cenie.","breadcrumb":{"@id":"https:\/\/jzi.org.pl\/produkt\/wspomnienia-wojenne-komplet\/#breadcrumb"},"inLanguage":"en-US","potentialAction":[{"@type":"ReadAction","target":["https:\/\/jzi.org.pl\/produkt\/wspomnienia-wojenne-komplet\/"]}]},{"@type":"ImageObject","inLanguage":"en-US","@id":"https:\/\/jzi.org.pl\/produkt\/wspomnienia-wojenne-komplet\/#primaryimage","url":"https:\/\/jzi.org.pl\/wp-content\/uploads\/2018\/12\/wspomnieia-wojenne-komplet-6-scaled.jpg","contentUrl":"https:\/\/jzi.org.pl\/wp-content\/uploads\/2018\/12\/wspomnieia-wojenne-komplet-6-scaled.jpg","width":2560,"height":2288},{"@type":"BreadcrumbList","@id":"https:\/\/jzi.org.pl\/produkt\/wspomnienia-wojenne-komplet\/#breadcrumb","itemListElement":[{"@type":"ListItem","position":1,"name":"Strona g\u0142\u00f3wna","item":"https:\/\/jzi.org.pl\/"},{"@type":"ListItem","position":2,"name":"Sklep","item":"https:\/\/jzi.org.pl\/sklep\/"},{"@type":"ListItem","position":3,"name":"Wspomnienia wojenne (komplet)"}]},{"@type":"WebSite","@id":"https:\/\/jzi.org.pl\/#website","url":"https:\/\/jzi.org.pl\/","name":"Jaminy Indexing Team","description":"","publisher":{"@id":"https:\/\/jzi.org.pl\/#organization"},"potentialAction":[{"@type":"SearchAction","target":{"@type":"EntryPoint","urlTemplate":"https:\/\/jzi.org.pl\/?s={search_term_string}"},"query-input":{"@type":"PropertyValueSpecification","valueRequired":true,"valueName":"search_term_string"}}],"inLanguage":"en-US"},{"@type":"Organization","@id":"https:\/\/jzi.org.pl\/#organization","name":"Jaminy Indexing Team","url":"https:\/\/jzi.org.pl\/","logo":{"@type":"ImageObject","inLanguage":"en-US","@id":"https:\/\/jzi.org.pl\/#\/schema\/logo\/image\/","url":"https:\/\/jzi.org.pl\/wp-content\/uploads\/2019\/03\/logo-stowarzyszenie-jzi.png","contentUrl":"https:\/\/jzi.org.pl\/wp-content\/uploads\/2019\/03\/logo-stowarzyszenie-jzi.png","width":931,"height":990,"caption":"Jami\u0144ski Zesp\u00f3\u0142 Indeksacyjny"},"image":{"@id":"https:\/\/jzi.org.pl\/#\/schema\/logo\/image\/"},"sameAs":["https:\/\/www.facebook.com\/Jaminski.Zespol.Indeksacyjny\/"]}]}},"jetpack_likes_enabled":true,"jetpack_sharing_enabled":true,"_links":{"self":[{"href":"https:\/\/jzi.org.pl\/en\/wp-json\/wp\/v2\/product\/6339","targetHints":{"allow":["GET"]}}],"collection":[{"href":"https:\/\/jzi.org.pl\/en\/wp-json\/wp\/v2\/product"}],"about":[{"href":"https:\/\/jzi.org.pl\/en\/wp-json\/wp\/v2\/types\/product"}],"author":[{"embeddable":true,"href":"https:\/\/jzi.org.pl\/en\/wp-json\/wp\/v2\/users\/1"}],"replies":[{"embeddable":true,"href":"https:\/\/jzi.org.pl\/en\/wp-json\/wp\/v2\/comments?post=6339"}],"wp:featuredmedia":[{"embeddable":true,"href":"https:\/\/jzi.org.pl\/en\/wp-json\/wp\/v2\/media\/26783"}],"wp:attachment":[{"href":"https:\/\/jzi.org.pl\/en\/wp-json\/wp\/v2\/media?parent=6339"}],"wp:term":[{"taxonomy":"product_brand","embeddable":true,"href":"https:\/\/jzi.org.pl\/en\/wp-json\/wp\/v2\/product_brand?post=6339"},{"taxonomy":"product_cat","embeddable":true,"href":"https:\/\/jzi.org.pl\/en\/wp-json\/wp\/v2\/product_cat?post=6339"},{"taxonomy":"product_tag","embeddable":true,"href":"https:\/\/jzi.org.pl\/en\/wp-json\/wp\/v2\/product_tag?post=6339"}],"curies":[{"name":"wp","href":"https:\/\/api.w.org\/{rel}","templated":true}]}}