{"id":6316,"date":"2018-12-11T15:33:31","date_gmt":"2018-12-11T14:33:31","guid":{"rendered":"https:\/\/jzi.org.pl\/?post_type=product&#038;p=6316"},"modified":"2025-09-19T17:14:30","modified_gmt":"2025-09-19T15:14:30","slug":"wspomnienie-z-zycia-wsi-wieku-minionego","status":"publish","type":"product","link":"https:\/\/jzi.org.pl\/en\/product\/wspomnienie-z-zycia-wsi-wieku-minionego\/","title":{"rendered":"Wspomnienie z \u017cycia wsi wieku minionego"},"content":{"rendered":"<div id=\"pl-6316\"  class=\"panel-layout\" ><div id=\"pg-6316-0\"  class=\"panel-grid panel-no-style\" ><div id=\"pgc-6316-0-0\"  class=\"panel-grid-cell\" ><div id=\"panel-6316-0-0-0\" class=\"so-panel widget widget_sow-editor panel-first-child\" data-index=\"0\" ><div\n\t\t\t\n\t\t\tclass=\"so-widget-sow-editor so-widget-sow-editor-base\"\n\t\t\t\n\t\t>\n<div class=\"siteorigin-widget-tinymce textwidget\">\n\t<p>Autor: Jan Zajko<\/p>\n<p>Wydanie: 1<\/p>\n<p>ISBN: 978-83-951660-2-0<\/p>\n<p>Stron: 114<\/p>\n<p>Format: 15x21 cm<\/p>\n<p>Ok\u0142adka: mi\u0119kka, lakierowana<\/p>\n<\/div>\n<\/div><\/div><div id=\"panel-6316-0-0-1\" class=\"so-panel widget widget_sow-editor panel-last-child\" data-index=\"1\" ><div\n\t\t\t\n\t\t\tclass=\"so-widget-sow-editor so-widget-sow-editor-base\"\n\t\t\t\n\t\t><h3 class=\"widget-title\">Wi\u0119cej informacji<\/h3>\n<div class=\"siteorigin-widget-tinymce textwidget\">\n\t<div id=\"pg-8352-1\" class=\"panel-grid panel-no-style\">\n<div id=\"pgc-8352-1-0\" class=\"panel-grid-cell\">\n<div id=\"panel-8352-1-0-0\" class=\"so-panel widget widget_sow-editor panel-first-child panel-last-child\" data-index=\"3\">\n<div class=\"panel-widget-style panel-widget-style-for-8352-1-0-0\">\n<div class=\"so-widget-sow-editor so-widget-sow-editor-base\">\n<div class=\"siteorigin-widget-tinymce textwidget\">\n<p>Te wspomnienia s\u0105 zapisem lokalnych wydarze\u0144 z pierwszej po\u0142owy XX wieku barwnie opisuj\u0105cych histori\u0119 jej mieszka\u0144c\u00f3w. Ksi\u0105\u017cka jest rodzajem pami\u0119tnika z \u017cycia wsi wieku minionego przeplataj\u0105cego si\u0119 z wielk\u0105 histori\u0105 wydarze\u0144 XX wieku, widzian\u0105 z perspektywy \u017cycia zwyk\u0142ych ludzi na wsi. Wsi nieco odci\u0119tej od reszty \u015bwiata, jak\u0105 przez d\u0142ugie lata by\u0142o Jag\u0142owo.<\/p>\n<p>Jan Zajko [1915-2003] urodzi\u0142 si\u0119 w Jag\u0142owie sk\u0105d wywodzi\u0142a si\u0119 jego rodzina. Autor spisa\u0142 swoje wspomnienia po latach tak jak je widzia\u0142 i czu\u0142. Uwodzi pi\u0119knem j\u0119zyka i sformu\u0142owa\u0144, jakich dzi\u015b coraz mniej si\u0119 u\u017cywa. Wspomina w niej tak\u017ce swoje nowe \u017cycie, jakie rozpocz\u0105\u0142 w Suchowoli w 1945 roku. By\u0142 cz\u0142owiekiem bardzo rodzinnym, u\u0142anem, wielokrotnym uciekinierem spod luf karabinowych, spo\u0142ecznikiem zaanga\u017cowanym m.in. w \u017cycie ko\u015bcio\u0142a, wieloletnim pracownikiem i vice prezesem GS-u w Suchowoli od lat 50-tych.<\/p>\n<p>Przez lata wspomnienia te le\u017ca\u0142y w szufladzie udost\u0119pniane jedynie rodzinie. Dzi\u015b ze wzgl\u0119du na sw\u0105 wyj\u0105tkow\u0105 warto\u015b\u0107 historyczno-genealogiczn\u0105 udost\u0119pniamy j\u0105 Tobie Czytelniku.<\/p>\n<p>Ksi\u0105\u017cka jak zwykle zosta\u0142a wzbogacona w rozbudowane przypisy i liczne zdj\u0119cia rodzinne ilustruj\u0105ce epok\u0119. Na ko\u0144cu sporz\u0105dzono indeks os\u00f3b oraz miejscowo\u015bci pojawiaj\u0105cych si\u0119 w tre\u015bci ksi\u0105\u017cki.<\/p>\n<h4 class=\"widget-title\">Spis os\u00f3b wymienionych w tre\u015bci<\/h4>\n<\/div>\n<\/div>\n<\/div>\n<\/div>\n<\/div>\n<\/div>\n<\/div>\n<\/div><\/div><\/div><\/div><div id=\"pg-6316-1\"  class=\"panel-grid panel-no-style\" ><div id=\"pgc-6316-1-0\"  class=\"panel-grid-cell\" ><div id=\"panel-6316-1-0-0\" class=\"so-panel widget widget_sow-editor panel-first-child panel-last-child\" data-index=\"2\" ><div\n\t\t\t\n\t\t\tclass=\"so-widget-sow-editor so-widget-sow-editor-base\"\n\t\t\t\n\t\t>\n<div class=\"siteorigin-widget-tinymce textwidget\">\n\t<p>Adamowicz, J\u00f3zef<br \/>\nAnders, W\u0142adys\u0142aw<br \/>\nArciuk, Wac\u0142aw<br \/>\nBaehr, Marian<br \/>\nBogatsch, Emil<br \/>\nBukowczyk, Kazimierz<br \/>\nChendy\u0144ski, Boles\u0142aw<br \/>\nCymbor, Bernard<br \/>\nCymbor, Stanis\u0142aw<br \/>\nDawidowicz, Bronis\u0142awa<br \/>\nDawidowicz, Henryk<br \/>\nDawidowicz, Ignacy<br \/>\nDawidowicz, Kajetan<br \/>\nDawidowicz, Petronela<br \/>\nD\u0105bkowski, Stanis\u0142aw<br \/>\nDjaczenko, Piotr<br \/>\nG\u0142owicki, Czes\u0142aw<br \/>\nGr\u0119\u015b, Czes\u0142aw<br \/>\nGrobicki, Jerzy<br \/>\nGudel, Ignacy<br \/>\nGudel, Jan<br \/>\nGudel, Rozalia<br \/>\nHaraburda, Jan<br \/>\nHaraburda, J\u00f3zef<br \/>\nHaraburda, Ludwika<br \/>\nHaraburda, Marianna<br \/>\nHaraburda, Teodor<br \/>\nHaraburda, Wac\u0142aw<br \/>\nHaraburda, Wojciech<br \/>\nHein, Georg<br \/>\nHell, Siegfid<br \/>\nHo\u0144ko, Jan<br \/>\nJab\u0142o\u0144ski, Feliks<br \/>\nJanewicz, Izydor<br \/>\nJanewicz, J\u00f3zef<br \/>\nJanewicz, Julianna<br \/>\nJa\u017awi\u0144ski, Boles\u0142aw<br \/>\nKaczorowska, Antonina<br \/>\nKaczorowska, Teofila<br \/>\nKaczorowski, Ignacy<br \/>\nKaczorowski, Jan<br \/>\nKaczorowski, Kazimierz<br \/>\nKaczorowski, Wac\u0142aw<br \/>\nKami\u0144ska, Franciszka<br \/>\nKami\u0144ska, Urszula<br \/>\nKami\u0144ski, Ignacy<br \/>\nKami\u0144ski, Jan<br \/>\nKami\u0144ski, Stanis\u0142aw<br \/>\nKapla, Teodor<br \/>\nKapusta, Jan<br \/>\nKapusta, J\u00f3zef<br \/>\nKapusta, Julian<br \/>\nKapusta, Kamila<br \/>\nKapusta, Zofia<br \/>\nKarny, J\u00f3zef<br \/>\nKarp, Adolf<br \/>\nKarp, Aleksander<br \/>\nKarp, Apolonia<br \/>\nKarp, Czes\u0142aw<br \/>\nKarp, Dymitr<br \/>\nKarp, Edward<br \/>\nKarp, Feliksa<\/p>\n<\/div>\n<\/div><\/div><\/div><div id=\"pgc-6316-1-1\"  class=\"panel-grid-cell\" ><div id=\"panel-6316-1-1-0\" class=\"so-panel widget widget_sow-editor panel-first-child panel-last-child\" data-index=\"3\" ><div\n\t\t\t\n\t\t\tclass=\"so-widget-sow-editor so-widget-sow-editor-base\"\n\t\t\t\n\t\t>\n<div class=\"siteorigin-widget-tinymce textwidget\">\n\t<p>Karp, Ignacy<br \/>\nKarp, Joanna<br \/>\nKarp, Karol<br \/>\nKarp, Leokadia<br \/>\nKarp, Melania<br \/>\nKarpienia, Wanda<br \/>\nKiszluk, Jan<br \/>\nKolenkiewicz, Kazimierz<br \/>\nKolenkiewicz, Stanis\u0142aw<br \/>\nKoszczuk, Jan<br \/>\nKoszczuk, Wincenty<br \/>\nKuklis, Lucjan<br \/>\nLiniarski, W\u0142adys\u0142aw<br \/>\nLipski, Henryk<br \/>\nLitewski, Jan Hipolit<br \/>\n\u0141api\u0144ski, Feliks<br \/>\nMalczewski, J\u00f3zef<br \/>\nMarcel, Piotr<br \/>\nMikucka, Stefania<br \/>\nMikucki, Wawrzynec<br \/>\nMikucki, Wincenty<br \/>\nMineyko, Tomasz<br \/>\nMisiewicz, Stanis\u0142aw<br \/>\nMoj\u017cuk, Adolf<br \/>\nMoj\u017cuk, Anna<br \/>\nMoj\u017cuk, Jan<br \/>\nMo\u015bcicki, Boles\u0142aw<br \/>\nMo\u015bcicki, Ignacy<br \/>\nMr\u00f3z, Czes\u0142aw<br \/>\nNowicka, Anna<br \/>\nNowicki, Marcin<br \/>\nNowicki, Wac\u0142aw<br \/>\nOkulicki, Leopold<br \/>\nOpacki, Jan<br \/>\nOstrowska, Apolonia<br \/>\nOstrowska, Pelagia<br \/>\nOstrowski, Boles\u0142aw<br \/>\nOstrowski, Ignacy<br \/>\nOstrowski, Jan<br \/>\nOstrowski, J\u00f3zef<br \/>\nOstrowski, Witold<br \/>\nPanasewicz, Beniamin<br \/>\nPanasewicz, Boles\u0142aw<br \/>\nPanasewicz, Eugeniusz<br \/>\nPanasewicz, Jan<br \/>\nPanasewicz, Romuald<br \/>\nPawe\u0142ko, Ignacy<br \/>\nPi\u0142sudski, J\u00f3zef<br \/>\nPodhorski, Zygmunt<br \/>\nPorczyk, Stefan<br \/>\nPuchlik, Alfons<br \/>\nPuchlik, J\u00f3zef<br \/>\nPycz, Antoni<br \/>\nPycz, Jan<br \/>\nPycz, Rozalia<br \/>\nRatkiewicz, Adela<br \/>\nRatkiewicz, Anna<br \/>\nRatkiewicz, Kajetan<br \/>\nRatkiewicz, W\u0142adys\u0142aw<br \/>\nRatkiewicz, Wojciech<br \/>\nRawicz-Dziewulski, Stanis\u0142aw<br \/>\nRozwadowski, Tadeusz<\/p>\n<\/div>\n<\/div><\/div><\/div><div id=\"pgc-6316-1-2\"  class=\"panel-grid-cell\" ><div id=\"panel-6316-1-2-0\" class=\"so-panel widget widget_sow-editor panel-first-child panel-last-child\" data-index=\"4\" ><div\n\t\t\t\n\t\t\tclass=\"so-widget-sow-editor so-widget-sow-editor-base\"\n\t\t\t\n\t\t>\n<div class=\"siteorigin-widget-tinymce textwidget\">\n\t<p>Rzepnicki, Witold<br \/>\nSawo\u015bko, Ignacy<br \/>\nSchreiber, Ludwik<br \/>\nSiemion, Adam<br \/>\nSiemion, Apolonia<br \/>\nSiemion, Emilia<br \/>\nSiemion, Jan<br \/>\nSiemion, Joanna<br \/>\nSiemion, Klemens<br \/>\nSiemion, Michalina<br \/>\nSiemion, Mieczys\u0142aw<br \/>\nSiemion, Pawe\u0142<br \/>\nSiemion, Pelagia<br \/>\nSiemion, Wac\u0142aw<br \/>\nSiemion, Wojciech<br \/>\nSie\u0144ko, Jan<br \/>\nSk\u00f3rski, Adolf<br \/>\nS\u0142uszko, Dominik<br \/>\nSta\u0107kowska, Stanis\u0142awa<br \/>\nStaranowicz, Edward<br \/>\nSuchwa\u0142ko, Augustyn<br \/>\nSuchwa\u0142ko, J\u00f3zef<br \/>\nSuchwa\u0142ko, Piotr<br \/>\nSuchwa\u0142ko, Tadeusz<br \/>\nSzki\u0142\u0105d\u017a, Edward<br \/>\nSzki\u0142\u0105d\u017a, Jan<br \/>\nSzki\u0142\u0105d\u017a, Wiktoria<br \/>\nSzki\u0142\u0105d\u017a, Zygmunt<br \/>\nSzmygiel, Eugeniusz<br \/>\n\u015amigielski, Czes\u0142aw<br \/>\nTalkowski, Lucjan<br \/>\nTalkowski, Wiktor<br \/>\nWalicki, Tadeusz<br \/>\nWojtkielewicz, Apolonia<br \/>\nWojtkielewicz, Eugeniusz<br \/>\nWojtkielewicz, Ignacy<br \/>\nWojtkielewicz, Jan<br \/>\nWojtkielewicz, Kazimierz<br \/>\nWojtkielewicz, Rozalia<br \/>\nWojtkielewicz, Wincenty<br \/>\nWysocki, Kazimierz<br \/>\nWysocki, Ludomir<br \/>\nZag\u00f3rski, W\u0142odzimierz<br \/>\nZajko, Albin<br \/>\nZajko, Andrzej<br \/>\nZajko, Antoni<br \/>\nZajko, Barbara<br \/>\nZajko, Bart\u0142omiej<br \/>\nZajko, Edward<br \/>\nZajko, Feliksa<br \/>\nZajko, Ignacy<br \/>\nZajko, Jadwiga<br \/>\nZajko, Jan<br \/>\nZajko, Janina Czes\u0142awa<br \/>\nZajko, J\u00f3zefa<br \/>\nZajko, Kazimierz<br \/>\nZajko, Piotr Antoni<br \/>\nZajko, Stanis\u0142aw<br \/>\nZaniewski, Boles\u0142aw<br \/>\n\u017bukowski, Jan<br \/>\n\u017bukowski, Mieczys\u0142aw<\/p>\n<\/div>\n<\/div><\/div><\/div><\/div><\/div>","protected":false},"excerpt":{"rendered":"<p>Autor: Jan ZajkoWydanie: 1ISBN: 978-83-951660-2-0Stron: 114Format: 15&#215;21 cmOk\u0142adka: mi\u0119kka, lakierowana Te wspomnienia s\u0105 zapisem lokalnych wydarze\u0144 z pierwszej po\u0142owy XX wieku barwnie opisuj\u0105cych histori\u0119 jej mieszka\u0144c\u00f3w. Ksi\u0105\u017cka jest rodzajem pami\u0119tnika z \u017cycia wsi wieku minionego przeplataj\u0105cego si\u0119 z wielk\u0105 histori\u0105 wydarze\u0144 XX wieku, widzian\u0105 z perspektywy \u017cycia zwyk\u0142ych ludzi na wsi. Wsi nieco odci\u0119tej od [&hellip;]<\/p>\n","protected":false},"author":1,"featured_media":6298,"comment_status":"open","ping_status":"closed","template":"","meta":{"h5ap_radio_sources":[],"jetpack_post_was_ever_published":false},"product_brand":[],"product_cat":[272,342],"product_tag":[373],"class_list":{"0":"post-6316","1":"product","2":"type-product","3":"status-publish","4":"has-post-thumbnail","6":"product_cat-ksiazki","7":"product_cat-ocalic-od-zapomnienia","8":"product_tag-ii-wojna-swiatowa","10":"first","11":"instock","12":"taxable","13":"shipping-taxable","14":"purchasable","15":"product-type-simple"},"supplier_id":16598,"supplier_sku":"","barcode":null,"atum_controlled":true,"out_stock_date":null,"out_stock_threshold":null,"inheritable":false,"inbound_stock":0,"stock_on_hold":0,"sold_today":0,"sales_last_days":0,"reserved_stock":0,"customer_returns":0,"warehouse_damage":0,"lost_in_post":0,"other_logs":0,"out_stock_days":0,"lost_sales":0,"has_location":false,"update_date":"2026-04-05T00:01:23","atum_locations":[],"atum_stock_status":"instock","restock_status":false,"low_stock_amount":1,"sales_update_date":"2026-04-05T00:01:22","calc_backorders":0,"yoast_head":"<!-- This site is optimized with the Yoast SEO plugin v27.3 - https:\/\/yoast.com\/product\/yoast-seo-wordpress\/ -->\n<title>Wspomnienie z \u017cycia wsi wieku minionego - Jami\u0144ski Zesp\u00f3\u0142 Indeksacyjny<\/title>\n<meta name=\"description\" content=\"Ten pami\u0119tnik jest zapisem lokalnych wydarze\u0144 z pierwszej po\u0142owy XX wieku na pograniczu dawnej Rzeczypospolitej tak jak je widzia\u0142 i czu\u0142 autor. Uwodzi pi\u0119knem j\u0119zyka i sformu\u0142owa\u0144.\" \/>\n<meta name=\"robots\" content=\"index, follow, max-snippet:-1, max-image-preview:large, max-video-preview:-1\" \/>\n<link rel=\"canonical\" href=\"https:\/\/jzi.org.pl\/en\/product\/wspomnienie-z-zycia-wsi-wieku-minionego\/\" \/>\n<meta property=\"og:locale\" content=\"en_US\" \/>\n<meta property=\"og:type\" content=\"article\" \/>\n<meta property=\"og:title\" content=\"Wspomnienie z \u017cycia wsi wieku minionego\" \/>\n<meta property=\"og:description\" content=\"Te wspomnienia s\u0105 zapisem lokalnych wydarze\u0144 z pierwszej po\u0142owy XX wieku barwnie opisuj\u0105cych histori\u0119 jej mieszka\u0144c\u00f3w. Ksi\u0105\u017cka jest rodzajem pami\u0119tnika z \u017cycia wsi wieku minionego przeplataj\u0105cego si\u0119 z wielk\u0105 histori\u0105 wydarze\u0144 XX wieku, widzian\u0105 z perspektywy \u017cycia zwyk\u0142ych ludzi na wsi. Wsi nieco odci\u0119tej od reszty \u015bwiata, jak\u0105 przez d\u0142ugie lata by\u0142o Jag\u0142owo. Jan Zajko [1915-2003] urodzi\u0142 si\u0119 w Jag\u0142owie sk\u0105d wywodzi\u0142a si\u0119 jego rodzina. Autor spisa\u0142 swoje wspomnienia po latach tak jak je widzia\u0142 i czu\u0142. Uwodzi pi\u0119knem j\u0119zyka i sformu\u0142owa\u0144, jakich dzi\u015b coraz mniej si\u0119 u\u017cywa. Wspomina w niej tak\u017ce swoje nowe \u017cycie, jakie rozpocz\u0105\u0142 w Suchowoli w 1945 roku. By\u0142 cz\u0142owiekiem bardzo rodzinnym, u\u0142anem, wielokrotnym uciekinierem spod luf karabinowych, spo\u0142ecznikiem zaanga\u017cowanym m.in. w \u017cycie ko\u015bcio\u0142a, wieloletnim pracownikiem i vice prezesem GS-u w Suchowoli od lat 50-tych. Przez lata wspomnienia te le\u017ca\u0142y w szufladzie udost\u0119pniane jedynie rodzinie. Dzi\u015b ze wzgl\u0119du na sw\u0105 wyj\u0105tkow\u0105 warto\u015b\u0107 historyczno-genealogiczn\u0105 udost\u0119pniamy j\u0105 Tobie Czytelniku. Ksi\u0105\u017cka jak zwykle zosta\u0142a wzbogacona w rozbudowane przypisy i liczne zdj\u0119cia rodzinne ilustruj\u0105ce epok\u0119. Na ko\u0144cu sporz\u0105dzono indeks os\u00f3b oraz miejscowo\u015bci pojawiaj\u0105cych si\u0119 w tre\u015bci ksi\u0105\u017cki.\" \/>\n<meta property=\"og:url\" content=\"https:\/\/jzi.org.pl\/en\/product\/wspomnienie-z-zycia-wsi-wieku-minionego\/\" \/>\n<meta property=\"og:site_name\" content=\"Jami\u0144ski Zesp\u00f3\u0142 Indeksacyjny\" \/>\n<meta property=\"article:publisher\" content=\"https:\/\/www.facebook.com\/Jaminski.Zespol.Indeksacyjny\/\" \/>\n<meta property=\"article:modified_time\" content=\"2025-09-19T15:14:30+00:00\" \/>\n<meta property=\"og:image\" content=\"https:\/\/jzi.org.pl\/wp-content\/uploads\/2018\/12\/wspomnienie-z-zycia-wsi-wieku-minionego-0.jpg\" \/>\n\t<meta property=\"og:image:width\" content=\"1719\" \/>\n\t<meta property=\"og:image:height\" content=\"2454\" \/>\n\t<meta property=\"og:image:type\" content=\"image\/jpeg\" \/>\n<meta name=\"twitter:card\" content=\"summary_large_image\" \/>\n<meta name=\"twitter:label1\" content=\"Est. reading time\" \/>\n\t<meta name=\"twitter:data1\" content=\"1 minute\" \/>\n<script type=\"application\/ld+json\" class=\"yoast-schema-graph\">{\"@context\":\"https:\\\/\\\/schema.org\",\"@graph\":[{\"@type\":\"WebPage\",\"@id\":\"https:\\\/\\\/jzi.org.pl\\\/produkt\\\/wspomnienie-z-zycia-wsi-wieku-minionego\\\/\",\"url\":\"https:\\\/\\\/jzi.org.pl\\\/produkt\\\/wspomnienie-z-zycia-wsi-wieku-minionego\\\/\",\"name\":\"Wspomnienie z \u017cycia wsi wieku minionego - Jami\u0144ski Zesp\u00f3\u0142 Indeksacyjny\",\"isPartOf\":{\"@id\":\"https:\\\/\\\/jzi.org.pl\\\/#website\"},\"primaryImageOfPage\":{\"@id\":\"https:\\\/\\\/jzi.org.pl\\\/produkt\\\/wspomnienie-z-zycia-wsi-wieku-minionego\\\/#primaryimage\"},\"image\":{\"@id\":\"https:\\\/\\\/jzi.org.pl\\\/produkt\\\/wspomnienie-z-zycia-wsi-wieku-minionego\\\/#primaryimage\"},\"thumbnailUrl\":\"https:\\\/\\\/jzi.org.pl\\\/wp-content\\\/uploads\\\/2018\\\/12\\\/wspomnienie-z-zycia-wsi-wieku-minionego-0.jpg\",\"datePublished\":\"2018-12-11T14:33:31+00:00\",\"dateModified\":\"2025-09-19T15:14:30+00:00\",\"description\":\"Ten pami\u0119tnik jest zapisem lokalnych wydarze\u0144 z pierwszej po\u0142owy XX wieku na pograniczu dawnej Rzeczypospolitej tak jak je widzia\u0142 i czu\u0142 autor. Uwodzi pi\u0119knem j\u0119zyka i sformu\u0142owa\u0144.\",\"breadcrumb\":{\"@id\":\"https:\\\/\\\/jzi.org.pl\\\/produkt\\\/wspomnienie-z-zycia-wsi-wieku-minionego\\\/#breadcrumb\"},\"inLanguage\":\"en-US\",\"potentialAction\":[{\"@type\":\"ReadAction\",\"target\":[\"https:\\\/\\\/jzi.org.pl\\\/produkt\\\/wspomnienie-z-zycia-wsi-wieku-minionego\\\/\"]}]},{\"@type\":\"ImageObject\",\"inLanguage\":\"en-US\",\"@id\":\"https:\\\/\\\/jzi.org.pl\\\/produkt\\\/wspomnienie-z-zycia-wsi-wieku-minionego\\\/#primaryimage\",\"url\":\"https:\\\/\\\/jzi.org.pl\\\/wp-content\\\/uploads\\\/2018\\\/12\\\/wspomnienie-z-zycia-wsi-wieku-minionego-0.jpg\",\"contentUrl\":\"https:\\\/\\\/jzi.org.pl\\\/wp-content\\\/uploads\\\/2018\\\/12\\\/wspomnienie-z-zycia-wsi-wieku-minionego-0.jpg\",\"width\":1719,\"height\":2454},{\"@type\":\"BreadcrumbList\",\"@id\":\"https:\\\/\\\/jzi.org.pl\\\/produkt\\\/wspomnienie-z-zycia-wsi-wieku-minionego\\\/#breadcrumb\",\"itemListElement\":[{\"@type\":\"ListItem\",\"position\":1,\"name\":\"Strona g\u0142\u00f3wna\",\"item\":\"https:\\\/\\\/jzi.org.pl\\\/\"},{\"@type\":\"ListItem\",\"position\":2,\"name\":\"Sklep\",\"item\":\"https:\\\/\\\/jzi.org.pl\\\/sklep\\\/\"},{\"@type\":\"ListItem\",\"position\":3,\"name\":\"Wspomnienie z \u017cycia wsi wieku minionego\"}]},{\"@type\":\"WebSite\",\"@id\":\"https:\\\/\\\/jzi.org.pl\\\/#website\",\"url\":\"https:\\\/\\\/jzi.org.pl\\\/\",\"name\":\"Jami\u0144ski Zesp\u00f3\u0142 Indeksacyjny\",\"description\":\"\",\"publisher\":{\"@id\":\"https:\\\/\\\/jzi.org.pl\\\/#organization\"},\"potentialAction\":[{\"@type\":\"SearchAction\",\"target\":{\"@type\":\"EntryPoint\",\"urlTemplate\":\"https:\\\/\\\/jzi.org.pl\\\/?s={search_term_string}\"},\"query-input\":{\"@type\":\"PropertyValueSpecification\",\"valueRequired\":true,\"valueName\":\"search_term_string\"}}],\"inLanguage\":\"en-US\"},{\"@type\":\"Organization\",\"@id\":\"https:\\\/\\\/jzi.org.pl\\\/#organization\",\"name\":\"Jami\u0144ski Zesp\u00f3\u0142 Indeksacyjny\",\"url\":\"https:\\\/\\\/jzi.org.pl\\\/\",\"logo\":{\"@type\":\"ImageObject\",\"inLanguage\":\"en-US\",\"@id\":\"https:\\\/\\\/jzi.org.pl\\\/#\\\/schema\\\/logo\\\/image\\\/\",\"url\":\"https:\\\/\\\/jzi.org.pl\\\/wp-content\\\/uploads\\\/2019\\\/03\\\/logo-stowarzyszenie-jzi.png\",\"contentUrl\":\"https:\\\/\\\/jzi.org.pl\\\/wp-content\\\/uploads\\\/2019\\\/03\\\/logo-stowarzyszenie-jzi.png\",\"width\":931,\"height\":990,\"caption\":\"Jami\u0144ski Zesp\u00f3\u0142 Indeksacyjny\"},\"image\":{\"@id\":\"https:\\\/\\\/jzi.org.pl\\\/#\\\/schema\\\/logo\\\/image\\\/\"},\"sameAs\":[\"https:\\\/\\\/www.facebook.com\\\/Jaminski.Zespol.Indeksacyjny\\\/\"]}]}<\/script>\n<!-- \/ Yoast SEO plugin. -->","yoast_head_json":{"title":"Wspomnienie z \u017cycia wsi wieku minionego - Jami\u0144ski Zesp\u00f3\u0142 Indeksacyjny","description":"Ten pami\u0119tnik jest zapisem lokalnych wydarze\u0144 z pierwszej po\u0142owy XX wieku na pograniczu dawnej Rzeczypospolitej tak jak je widzia\u0142 i czu\u0142 autor. Uwodzi pi\u0119knem j\u0119zyka i sformu\u0142owa\u0144.","robots":{"index":"index","follow":"follow","max-snippet":"max-snippet:-1","max-image-preview":"max-image-preview:large","max-video-preview":"max-video-preview:-1"},"canonical":"https:\/\/jzi.org.pl\/en\/product\/wspomnienie-z-zycia-wsi-wieku-minionego\/","og_locale":"en_US","og_type":"article","og_title":"Wspomnienie z \u017cycia wsi wieku minionego","og_description":"Te wspomnienia s\u0105 zapisem lokalnych wydarze\u0144 z pierwszej po\u0142owy XX wieku barwnie opisuj\u0105cych histori\u0119 jej mieszka\u0144c\u00f3w. Ksi\u0105\u017cka jest rodzajem pami\u0119tnika z \u017cycia wsi wieku minionego przeplataj\u0105cego si\u0119 z wielk\u0105 histori\u0105 wydarze\u0144 XX wieku, widzian\u0105 z perspektywy \u017cycia zwyk\u0142ych ludzi na wsi. Wsi nieco odci\u0119tej od reszty \u015bwiata, jak\u0105 przez d\u0142ugie lata by\u0142o Jag\u0142owo. Jan Zajko [1915-2003] urodzi\u0142 si\u0119 w Jag\u0142owie sk\u0105d wywodzi\u0142a si\u0119 jego rodzina. Autor spisa\u0142 swoje wspomnienia po latach tak jak je widzia\u0142 i czu\u0142. Uwodzi pi\u0119knem j\u0119zyka i sformu\u0142owa\u0144, jakich dzi\u015b coraz mniej si\u0119 u\u017cywa. Wspomina w niej tak\u017ce swoje nowe \u017cycie, jakie rozpocz\u0105\u0142 w Suchowoli w 1945 roku. By\u0142 cz\u0142owiekiem bardzo rodzinnym, u\u0142anem, wielokrotnym uciekinierem spod luf karabinowych, spo\u0142ecznikiem zaanga\u017cowanym m.in. w \u017cycie ko\u015bcio\u0142a, wieloletnim pracownikiem i vice prezesem GS-u w Suchowoli od lat 50-tych. Przez lata wspomnienia te le\u017ca\u0142y w szufladzie udost\u0119pniane jedynie rodzinie. Dzi\u015b ze wzgl\u0119du na sw\u0105 wyj\u0105tkow\u0105 warto\u015b\u0107 historyczno-genealogiczn\u0105 udost\u0119pniamy j\u0105 Tobie Czytelniku. Ksi\u0105\u017cka jak zwykle zosta\u0142a wzbogacona w rozbudowane przypisy i liczne zdj\u0119cia rodzinne ilustruj\u0105ce epok\u0119. Na ko\u0144cu sporz\u0105dzono indeks os\u00f3b oraz miejscowo\u015bci pojawiaj\u0105cych si\u0119 w tre\u015bci ksi\u0105\u017cki.","og_url":"https:\/\/jzi.org.pl\/en\/product\/wspomnienie-z-zycia-wsi-wieku-minionego\/","og_site_name":"Jami\u0144ski Zesp\u00f3\u0142 Indeksacyjny","article_publisher":"https:\/\/www.facebook.com\/Jaminski.Zespol.Indeksacyjny\/","article_modified_time":"2025-09-19T15:14:30+00:00","og_image":[{"width":1719,"height":2454,"url":"https:\/\/jzi.org.pl\/wp-content\/uploads\/2018\/12\/wspomnienie-z-zycia-wsi-wieku-minionego-0.jpg","type":"image\/jpeg"}],"twitter_card":"summary_large_image","twitter_misc":{"Est. reading time":"1 minute"},"schema":{"@context":"https:\/\/schema.org","@graph":[{"@type":"WebPage","@id":"https:\/\/jzi.org.pl\/produkt\/wspomnienie-z-zycia-wsi-wieku-minionego\/","url":"https:\/\/jzi.org.pl\/produkt\/wspomnienie-z-zycia-wsi-wieku-minionego\/","name":"Wspomnienie z \u017cycia wsi wieku minionego - Jami\u0144ski Zesp\u00f3\u0142 Indeksacyjny","isPartOf":{"@id":"https:\/\/jzi.org.pl\/#website"},"primaryImageOfPage":{"@id":"https:\/\/jzi.org.pl\/produkt\/wspomnienie-z-zycia-wsi-wieku-minionego\/#primaryimage"},"image":{"@id":"https:\/\/jzi.org.pl\/produkt\/wspomnienie-z-zycia-wsi-wieku-minionego\/#primaryimage"},"thumbnailUrl":"https:\/\/jzi.org.pl\/wp-content\/uploads\/2018\/12\/wspomnienie-z-zycia-wsi-wieku-minionego-0.jpg","datePublished":"2018-12-11T14:33:31+00:00","dateModified":"2025-09-19T15:14:30+00:00","description":"Ten pami\u0119tnik jest zapisem lokalnych wydarze\u0144 z pierwszej po\u0142owy XX wieku na pograniczu dawnej Rzeczypospolitej tak jak je widzia\u0142 i czu\u0142 autor. Uwodzi pi\u0119knem j\u0119zyka i sformu\u0142owa\u0144.","breadcrumb":{"@id":"https:\/\/jzi.org.pl\/produkt\/wspomnienie-z-zycia-wsi-wieku-minionego\/#breadcrumb"},"inLanguage":"en-US","potentialAction":[{"@type":"ReadAction","target":["https:\/\/jzi.org.pl\/produkt\/wspomnienie-z-zycia-wsi-wieku-minionego\/"]}]},{"@type":"ImageObject","inLanguage":"en-US","@id":"https:\/\/jzi.org.pl\/produkt\/wspomnienie-z-zycia-wsi-wieku-minionego\/#primaryimage","url":"https:\/\/jzi.org.pl\/wp-content\/uploads\/2018\/12\/wspomnienie-z-zycia-wsi-wieku-minionego-0.jpg","contentUrl":"https:\/\/jzi.org.pl\/wp-content\/uploads\/2018\/12\/wspomnienie-z-zycia-wsi-wieku-minionego-0.jpg","width":1719,"height":2454},{"@type":"BreadcrumbList","@id":"https:\/\/jzi.org.pl\/produkt\/wspomnienie-z-zycia-wsi-wieku-minionego\/#breadcrumb","itemListElement":[{"@type":"ListItem","position":1,"name":"Strona g\u0142\u00f3wna","item":"https:\/\/jzi.org.pl\/"},{"@type":"ListItem","position":2,"name":"Sklep","item":"https:\/\/jzi.org.pl\/sklep\/"},{"@type":"ListItem","position":3,"name":"Wspomnienie z \u017cycia wsi wieku minionego"}]},{"@type":"WebSite","@id":"https:\/\/jzi.org.pl\/#website","url":"https:\/\/jzi.org.pl\/","name":"Jaminy Indexing Team","description":"","publisher":{"@id":"https:\/\/jzi.org.pl\/#organization"},"potentialAction":[{"@type":"SearchAction","target":{"@type":"EntryPoint","urlTemplate":"https:\/\/jzi.org.pl\/?s={search_term_string}"},"query-input":{"@type":"PropertyValueSpecification","valueRequired":true,"valueName":"search_term_string"}}],"inLanguage":"en-US"},{"@type":"Organization","@id":"https:\/\/jzi.org.pl\/#organization","name":"Jaminy Indexing Team","url":"https:\/\/jzi.org.pl\/","logo":{"@type":"ImageObject","inLanguage":"en-US","@id":"https:\/\/jzi.org.pl\/#\/schema\/logo\/image\/","url":"https:\/\/jzi.org.pl\/wp-content\/uploads\/2019\/03\/logo-stowarzyszenie-jzi.png","contentUrl":"https:\/\/jzi.org.pl\/wp-content\/uploads\/2019\/03\/logo-stowarzyszenie-jzi.png","width":931,"height":990,"caption":"Jami\u0144ski Zesp\u00f3\u0142 Indeksacyjny"},"image":{"@id":"https:\/\/jzi.org.pl\/#\/schema\/logo\/image\/"},"sameAs":["https:\/\/www.facebook.com\/Jaminski.Zespol.Indeksacyjny\/"]}]}},"jetpack_likes_enabled":true,"jetpack_sharing_enabled":true,"_links":{"self":[{"href":"https:\/\/jzi.org.pl\/en\/wp-json\/wp\/v2\/product\/6316","targetHints":{"allow":["GET"]}}],"collection":[{"href":"https:\/\/jzi.org.pl\/en\/wp-json\/wp\/v2\/product"}],"about":[{"href":"https:\/\/jzi.org.pl\/en\/wp-json\/wp\/v2\/types\/product"}],"author":[{"embeddable":true,"href":"https:\/\/jzi.org.pl\/en\/wp-json\/wp\/v2\/users\/1"}],"replies":[{"embeddable":true,"href":"https:\/\/jzi.org.pl\/en\/wp-json\/wp\/v2\/comments?post=6316"}],"wp:featuredmedia":[{"embeddable":true,"href":"https:\/\/jzi.org.pl\/en\/wp-json\/wp\/v2\/media\/6298"}],"wp:attachment":[{"href":"https:\/\/jzi.org.pl\/en\/wp-json\/wp\/v2\/media?parent=6316"}],"wp:term":[{"taxonomy":"product_brand","embeddable":true,"href":"https:\/\/jzi.org.pl\/en\/wp-json\/wp\/v2\/product_brand?post=6316"},{"taxonomy":"product_cat","embeddable":true,"href":"https:\/\/jzi.org.pl\/en\/wp-json\/wp\/v2\/product_cat?post=6316"},{"taxonomy":"product_tag","embeddable":true,"href":"https:\/\/jzi.org.pl\/en\/wp-json\/wp\/v2\/product_tag?post=6316"}],"curies":[{"name":"wp","href":"https:\/\/api.w.org\/{rel}","templated":true}]}}