{"id":6284,"date":"2018-12-10T17:34:28","date_gmt":"2018-12-10T16:34:28","guid":{"rendered":"https:\/\/jzi.org.pl\/?post_type=product&#038;p=6284"},"modified":"2025-12-31T11:01:04","modified_gmt":"2025-12-31T10:01:04","slug":"traktat-o-bimbrze","status":"publish","type":"product","link":"https:\/\/jzi.org.pl\/en\/product\/traktat-o-bimbrze\/","title":{"rendered":"Traktat o bimbrze"},"content":{"rendered":"<div id=\"pl-6284\"  class=\"panel-layout\" ><div id=\"pg-6284-0\"  class=\"panel-grid panel-no-style\" ><div id=\"pgc-6284-0-0\"  class=\"panel-grid-cell\" ><div id=\"panel-6284-0-0-0\" class=\"so-panel widget widget_sow-editor panel-first-child\" data-index=\"0\" ><div\n\t\t\t\n\t\t\tclass=\"so-widget-sow-editor so-widget-sow-editor-base\"\n\t\t\t\n\t\t>\n<div class=\"siteorigin-widget-tinymce textwidget\">\n\t<p>Author: Heprozos<\/p>\n<p>Edition: 1<\/p>\n<p>ISBN: 978-83-951660-1-3<\/p>\n<p>Pages: 54<\/p>\n<p>Format: 12,5x19,5 cm<\/p>\n<p>Cover: soft, lacquered<\/p>\n<\/div>\n<\/div><\/div><div id=\"panel-6284-0-0-1\" class=\"so-panel widget widget_sow-editor panel-last-child\" data-index=\"1\" ><div\n\t\t\t\n\t\t\tclass=\"so-widget-sow-editor so-widget-sow-editor-base\"\n\t\t\t\n\t\t><h3 class=\"widget-title\">More information<\/h3>\n<div class=\"siteorigin-widget-tinymce textwidget\">\n\t<p>This booklet is a complete novelty in JZI printing house. Completely unrelated to genealogy, but related to tradition cultivated for centuries, among others in Podlasie. \"Tractate on moonshine\" is a 50-page booklet about home brew, funny written and in addition a neat poem. Booklet in 100% relaxing type, to read and laugh. Illustrated with reproductions of propaganda posters from the Polish People's Republic aimed at reducing alcohol consumption by socialist society.<\/p>\n<\/div>\n<\/div><\/div><\/div><\/div><\/div>","protected":false},"excerpt":{"rendered":"<p>Autor: HeprozosWydanie: 1ISBN: 978-83-951660-1-3Stron: 54Format: 12,5&#215;19,5 cmOk\u0142adka: mi\u0119kka, lakierowana Prezentowana ksi\u0105\u017ceczka to zupe\u0142na nowo\u015b\u0107 w wydawnictwie JZI. Zupe\u0142nie nie zwi\u0105zana z genealogi\u0105, lecz zwi\u0105zana z tradycj\u0105 kultywowan\u0105 od wiek\u00f3w mi\u0119dzy innymi na Podlasiu. Traktat o bimbrze to 50 stron na temat samogonu, zabawnie napisanych i w dodatku zgrabnym wierszem. Ksi\u0105\u017ceczka w 100% typu relaksowego, do [&hellip;]<\/p>\n","protected":false},"author":1,"featured_media":4867,"comment_status":"open","ping_status":"closed","template":"","meta":{"h5ap_radio_sources":[],"jetpack_post_was_ever_published":false},"product_brand":[],"product_cat":[272,395],"product_tag":[311],"class_list":{"0":"post-6284","1":"product","2":"type-product","3":"status-publish","4":"has-post-thumbnail","6":"product_cat-ksiazki","7":"product_cat-literatura-piekna","8":"product_tag-inne-publikacje","10":"first","11":"instock","12":"taxable","13":"shipping-taxable","14":"purchasable","15":"product-type-simple"},"supplier_id":16598,"supplier_sku":"","barcode":null,"atum_controlled":true,"out_stock_date":null,"out_stock_threshold":null,"inheritable":false,"inbound_stock":0,"stock_on_hold":0,"sold_today":0,"sales_last_days":0,"reserved_stock":0,"customer_returns":0,"warehouse_damage":0,"lost_in_post":0,"other_logs":0,"out_stock_days":0,"lost_sales":0,"has_location":false,"update_date":"2026-04-09T00:03:50","atum_locations":[],"atum_stock_status":"instock","restock_status":false,"low_stock_amount":2,"sales_update_date":"2026-04-09T00:03:50","calc_backorders":0,"yoast_head":"<!-- This site is optimized with the Yoast SEO plugin v27.3 - https:\/\/yoast.com\/product\/yoast-seo-wordpress\/ -->\n<title>Traktat o bimbrze - Jami\u0144ski Zesp\u00f3\u0142 Indeksacyjny<\/title>\n<meta name=\"description\" content=\"Ksi\u0105\u017ceczka ta jest zupe\u0142nie nie zwi\u0105zana z genealogi\u0105, lecz zwi\u0105zana z tradycj\u0105 kultywowan\u0105 od wiek\u00f3w mi\u0119dzy innymi na Podlasiu. Traktat o bimbrze to 50 stron na temat samogonu, zabawnie napisanych i w dodatku zgrabnym wierszem.\" \/>\n<meta name=\"robots\" content=\"index, follow, max-snippet:-1, max-image-preview:large, max-video-preview:-1\" \/>\n<link rel=\"canonical\" href=\"https:\/\/jzi.org.pl\/en\/product\/traktat-o-bimbrze\/\" \/>\n<meta property=\"og:locale\" content=\"en_US\" \/>\n<meta property=\"og:type\" content=\"article\" \/>\n<meta property=\"og:title\" content=\"Traktat o bimbrze\" \/>\n<meta property=\"og:description\" content=\"Prezentowana ksi\u0105\u017ceczka to zupe\u0142na nowo\u015b\u0107 w wydawnictwie JZI. Zupe\u0142nie nie zwi\u0105zana z genealogi\u0105, lecz zwi\u0105zana z tradycj\u0105 kultywowan\u0105 od wiek\u00f3w mi\u0119dzy innymi na Podlasiu. Traktat o bimbrze to 50 stron na temat samogonu, zabawnie napisanych i w dodatku zgrabnym wierszem.\" \/>\n<meta property=\"og:url\" content=\"https:\/\/jzi.org.pl\/en\/product\/traktat-o-bimbrze\/\" \/>\n<meta property=\"og:site_name\" content=\"Jami\u0144ski Zesp\u00f3\u0142 Indeksacyjny\" \/>\n<meta property=\"article:publisher\" content=\"https:\/\/www.facebook.com\/Jaminski.Zespol.Indeksacyjny\/\" \/>\n<meta property=\"article:modified_time\" content=\"2025-12-31T10:01:04+00:00\" \/>\n<meta property=\"og:image\" content=\"https:\/\/jzi.org.pl\/wp-content\/uploads\/2018\/05\/Traktat-o-bimbrze0.jpg\" \/>\n\t<meta property=\"og:image:width\" content=\"1664\" \/>\n\t<meta property=\"og:image:height\" content=\"2374\" \/>\n\t<meta property=\"og:image:type\" content=\"image\/jpeg\" \/>\n<meta name=\"twitter:card\" content=\"summary_large_image\" \/>\n<meta name=\"twitter:label1\" content=\"Est. reading time\" \/>\n\t<meta name=\"twitter:data1\" content=\"1 minute\" \/>\n<script type=\"application\/ld+json\" class=\"yoast-schema-graph\">{\"@context\":\"https:\\\/\\\/schema.org\",\"@graph\":[{\"@type\":\"WebPage\",\"@id\":\"https:\\\/\\\/jzi.org.pl\\\/en\\\/product\\\/traktat-o-bimbrze\\\/\",\"url\":\"https:\\\/\\\/jzi.org.pl\\\/en\\\/product\\\/traktat-o-bimbrze\\\/\",\"name\":\"Traktat o bimbrze - Jami\u0144ski Zesp\u00f3\u0142 Indeksacyjny\",\"isPartOf\":{\"@id\":\"https:\\\/\\\/jzi.org.pl\\\/#website\"},\"primaryImageOfPage\":{\"@id\":\"https:\\\/\\\/jzi.org.pl\\\/en\\\/product\\\/traktat-o-bimbrze\\\/#primaryimage\"},\"image\":{\"@id\":\"https:\\\/\\\/jzi.org.pl\\\/en\\\/product\\\/traktat-o-bimbrze\\\/#primaryimage\"},\"thumbnailUrl\":\"https:\\\/\\\/jzi.org.pl\\\/wp-content\\\/uploads\\\/2018\\\/05\\\/Traktat-o-bimbrze0.jpg\",\"datePublished\":\"2018-12-10T16:34:28+00:00\",\"dateModified\":\"2025-12-31T10:01:04+00:00\",\"description\":\"Ksi\u0105\u017ceczka ta jest zupe\u0142nie nie zwi\u0105zana z genealogi\u0105, lecz zwi\u0105zana z tradycj\u0105 kultywowan\u0105 od wiek\u00f3w mi\u0119dzy innymi na Podlasiu. Traktat o bimbrze to 50 stron na temat samogonu, zabawnie napisanych i w dodatku zgrabnym wierszem.\",\"breadcrumb\":{\"@id\":\"https:\\\/\\\/jzi.org.pl\\\/en\\\/product\\\/traktat-o-bimbrze\\\/#breadcrumb\"},\"inLanguage\":\"en-US\",\"potentialAction\":[{\"@type\":\"ReadAction\",\"target\":[\"https:\\\/\\\/jzi.org.pl\\\/en\\\/product\\\/traktat-o-bimbrze\\\/\"]}]},{\"@type\":\"ImageObject\",\"inLanguage\":\"en-US\",\"@id\":\"https:\\\/\\\/jzi.org.pl\\\/en\\\/product\\\/traktat-o-bimbrze\\\/#primaryimage\",\"url\":\"https:\\\/\\\/jzi.org.pl\\\/wp-content\\\/uploads\\\/2018\\\/05\\\/Traktat-o-bimbrze0.jpg\",\"contentUrl\":\"https:\\\/\\\/jzi.org.pl\\\/wp-content\\\/uploads\\\/2018\\\/05\\\/Traktat-o-bimbrze0.jpg\",\"width\":1664,\"height\":2374},{\"@type\":\"BreadcrumbList\",\"@id\":\"https:\\\/\\\/jzi.org.pl\\\/en\\\/product\\\/traktat-o-bimbrze\\\/#breadcrumb\",\"itemListElement\":[{\"@type\":\"ListItem\",\"position\":1,\"name\":\"Strona g\u0142\u00f3wna\",\"item\":\"https:\\\/\\\/jzi.org.pl\\\/\"},{\"@type\":\"ListItem\",\"position\":2,\"name\":\"Sklep\",\"item\":\"https:\\\/\\\/jzi.org.pl\\\/sklep\\\/\"},{\"@type\":\"ListItem\",\"position\":3,\"name\":\"Traktat o bimbrze\"}]},{\"@type\":\"WebSite\",\"@id\":\"https:\\\/\\\/jzi.org.pl\\\/#website\",\"url\":\"https:\\\/\\\/jzi.org.pl\\\/\",\"name\":\"Jami\u0144ski Zesp\u00f3\u0142 Indeksacyjny\",\"description\":\"\",\"publisher\":{\"@id\":\"https:\\\/\\\/jzi.org.pl\\\/#organization\"},\"potentialAction\":[{\"@type\":\"SearchAction\",\"target\":{\"@type\":\"EntryPoint\",\"urlTemplate\":\"https:\\\/\\\/jzi.org.pl\\\/?s={search_term_string}\"},\"query-input\":{\"@type\":\"PropertyValueSpecification\",\"valueRequired\":true,\"valueName\":\"search_term_string\"}}],\"inLanguage\":\"en-US\"},{\"@type\":\"Organization\",\"@id\":\"https:\\\/\\\/jzi.org.pl\\\/#organization\",\"name\":\"Jami\u0144ski Zesp\u00f3\u0142 Indeksacyjny\",\"url\":\"https:\\\/\\\/jzi.org.pl\\\/\",\"logo\":{\"@type\":\"ImageObject\",\"inLanguage\":\"en-US\",\"@id\":\"https:\\\/\\\/jzi.org.pl\\\/#\\\/schema\\\/logo\\\/image\\\/\",\"url\":\"https:\\\/\\\/jzi.org.pl\\\/wp-content\\\/uploads\\\/2019\\\/03\\\/logo-stowarzyszenie-jzi.png\",\"contentUrl\":\"https:\\\/\\\/jzi.org.pl\\\/wp-content\\\/uploads\\\/2019\\\/03\\\/logo-stowarzyszenie-jzi.png\",\"width\":931,\"height\":990,\"caption\":\"Jami\u0144ski Zesp\u00f3\u0142 Indeksacyjny\"},\"image\":{\"@id\":\"https:\\\/\\\/jzi.org.pl\\\/#\\\/schema\\\/logo\\\/image\\\/\"},\"sameAs\":[\"https:\\\/\\\/www.facebook.com\\\/Jaminski.Zespol.Indeksacyjny\\\/\"]}]}<\/script>\n<!-- \/ Yoast SEO plugin. -->","yoast_head_json":{"title":"Traktat o bimbrze - Jami\u0144ski Zesp\u00f3\u0142 Indeksacyjny","description":"Ksi\u0105\u017ceczka ta jest zupe\u0142nie nie zwi\u0105zana z genealogi\u0105, lecz zwi\u0105zana z tradycj\u0105 kultywowan\u0105 od wiek\u00f3w mi\u0119dzy innymi na Podlasiu. Traktat o bimbrze to 50 stron na temat samogonu, zabawnie napisanych i w dodatku zgrabnym wierszem.","robots":{"index":"index","follow":"follow","max-snippet":"max-snippet:-1","max-image-preview":"max-image-preview:large","max-video-preview":"max-video-preview:-1"},"canonical":"https:\/\/jzi.org.pl\/en\/product\/traktat-o-bimbrze\/","og_locale":"en_US","og_type":"article","og_title":"Traktat o bimbrze","og_description":"Prezentowana ksi\u0105\u017ceczka to zupe\u0142na nowo\u015b\u0107 w wydawnictwie JZI. Zupe\u0142nie nie zwi\u0105zana z genealogi\u0105, lecz zwi\u0105zana z tradycj\u0105 kultywowan\u0105 od wiek\u00f3w mi\u0119dzy innymi na Podlasiu. Traktat o bimbrze to 50 stron na temat samogonu, zabawnie napisanych i w dodatku zgrabnym wierszem.","og_url":"https:\/\/jzi.org.pl\/en\/product\/traktat-o-bimbrze\/","og_site_name":"Jami\u0144ski Zesp\u00f3\u0142 Indeksacyjny","article_publisher":"https:\/\/www.facebook.com\/Jaminski.Zespol.Indeksacyjny\/","article_modified_time":"2025-12-31T10:01:04+00:00","og_image":[{"width":1664,"height":2374,"url":"https:\/\/jzi.org.pl\/wp-content\/uploads\/2018\/05\/Traktat-o-bimbrze0.jpg","type":"image\/jpeg"}],"twitter_card":"summary_large_image","twitter_misc":{"Est. reading time":"1 minute"},"schema":{"@context":"https:\/\/schema.org","@graph":[{"@type":"WebPage","@id":"https:\/\/jzi.org.pl\/en\/product\/traktat-o-bimbrze\/","url":"https:\/\/jzi.org.pl\/en\/product\/traktat-o-bimbrze\/","name":"Traktat o bimbrze - Jami\u0144ski Zesp\u00f3\u0142 Indeksacyjny","isPartOf":{"@id":"https:\/\/jzi.org.pl\/#website"},"primaryImageOfPage":{"@id":"https:\/\/jzi.org.pl\/en\/product\/traktat-o-bimbrze\/#primaryimage"},"image":{"@id":"https:\/\/jzi.org.pl\/en\/product\/traktat-o-bimbrze\/#primaryimage"},"thumbnailUrl":"https:\/\/jzi.org.pl\/wp-content\/uploads\/2018\/05\/Traktat-o-bimbrze0.jpg","datePublished":"2018-12-10T16:34:28+00:00","dateModified":"2025-12-31T10:01:04+00:00","description":"Ksi\u0105\u017ceczka ta jest zupe\u0142nie nie zwi\u0105zana z genealogi\u0105, lecz zwi\u0105zana z tradycj\u0105 kultywowan\u0105 od wiek\u00f3w mi\u0119dzy innymi na Podlasiu. Traktat o bimbrze to 50 stron na temat samogonu, zabawnie napisanych i w dodatku zgrabnym wierszem.","breadcrumb":{"@id":"https:\/\/jzi.org.pl\/en\/product\/traktat-o-bimbrze\/#breadcrumb"},"inLanguage":"en-US","potentialAction":[{"@type":"ReadAction","target":["https:\/\/jzi.org.pl\/en\/product\/traktat-o-bimbrze\/"]}]},{"@type":"ImageObject","inLanguage":"en-US","@id":"https:\/\/jzi.org.pl\/en\/product\/traktat-o-bimbrze\/#primaryimage","url":"https:\/\/jzi.org.pl\/wp-content\/uploads\/2018\/05\/Traktat-o-bimbrze0.jpg","contentUrl":"https:\/\/jzi.org.pl\/wp-content\/uploads\/2018\/05\/Traktat-o-bimbrze0.jpg","width":1664,"height":2374},{"@type":"BreadcrumbList","@id":"https:\/\/jzi.org.pl\/en\/product\/traktat-o-bimbrze\/#breadcrumb","itemListElement":[{"@type":"ListItem","position":1,"name":"Strona g\u0142\u00f3wna","item":"https:\/\/jzi.org.pl\/"},{"@type":"ListItem","position":2,"name":"Sklep","item":"https:\/\/jzi.org.pl\/sklep\/"},{"@type":"ListItem","position":3,"name":"Traktat o bimbrze"}]},{"@type":"WebSite","@id":"https:\/\/jzi.org.pl\/#website","url":"https:\/\/jzi.org.pl\/","name":"Jaminy Indexing Team","description":"","publisher":{"@id":"https:\/\/jzi.org.pl\/#organization"},"potentialAction":[{"@type":"SearchAction","target":{"@type":"EntryPoint","urlTemplate":"https:\/\/jzi.org.pl\/?s={search_term_string}"},"query-input":{"@type":"PropertyValueSpecification","valueRequired":true,"valueName":"search_term_string"}}],"inLanguage":"en-US"},{"@type":"Organization","@id":"https:\/\/jzi.org.pl\/#organization","name":"Jaminy Indexing Team","url":"https:\/\/jzi.org.pl\/","logo":{"@type":"ImageObject","inLanguage":"en-US","@id":"https:\/\/jzi.org.pl\/#\/schema\/logo\/image\/","url":"https:\/\/jzi.org.pl\/wp-content\/uploads\/2019\/03\/logo-stowarzyszenie-jzi.png","contentUrl":"https:\/\/jzi.org.pl\/wp-content\/uploads\/2019\/03\/logo-stowarzyszenie-jzi.png","width":931,"height":990,"caption":"Jami\u0144ski Zesp\u00f3\u0142 Indeksacyjny"},"image":{"@id":"https:\/\/jzi.org.pl\/#\/schema\/logo\/image\/"},"sameAs":["https:\/\/www.facebook.com\/Jaminski.Zespol.Indeksacyjny\/"]}]}},"jetpack_likes_enabled":true,"jetpack_sharing_enabled":true,"_links":{"self":[{"href":"https:\/\/jzi.org.pl\/en\/wp-json\/wp\/v2\/product\/6284","targetHints":{"allow":["GET"]}}],"collection":[{"href":"https:\/\/jzi.org.pl\/en\/wp-json\/wp\/v2\/product"}],"about":[{"href":"https:\/\/jzi.org.pl\/en\/wp-json\/wp\/v2\/types\/product"}],"author":[{"embeddable":true,"href":"https:\/\/jzi.org.pl\/en\/wp-json\/wp\/v2\/users\/1"}],"replies":[{"embeddable":true,"href":"https:\/\/jzi.org.pl\/en\/wp-json\/wp\/v2\/comments?post=6284"}],"wp:featuredmedia":[{"embeddable":true,"href":"https:\/\/jzi.org.pl\/en\/wp-json\/wp\/v2\/media\/4867"}],"wp:attachment":[{"href":"https:\/\/jzi.org.pl\/en\/wp-json\/wp\/v2\/media?parent=6284"}],"wp:term":[{"taxonomy":"product_brand","embeddable":true,"href":"https:\/\/jzi.org.pl\/en\/wp-json\/wp\/v2\/product_brand?post=6284"},{"taxonomy":"product_cat","embeddable":true,"href":"https:\/\/jzi.org.pl\/en\/wp-json\/wp\/v2\/product_cat?post=6284"},{"taxonomy":"product_tag","embeddable":true,"href":"https:\/\/jzi.org.pl\/en\/wp-json\/wp\/v2\/product_tag?post=6284"}],"curies":[{"name":"wp","href":"https:\/\/api.w.org\/{rel}","templated":true}]}}