{"id":6142,"date":"2018-11-20T13:15:08","date_gmt":"2018-11-20T12:15:08","guid":{"rendered":"https:\/\/jzi.org.pl\/?post_type=product&#038;p=6142"},"modified":"2026-01-03T16:01:23","modified_gmt":"2026-01-03T15:01:23","slug":"pacowie","status":"publish","type":"product","link":"https:\/\/jzi.org.pl\/en\/product\/pacowie\/","title":{"rendered":"Pacowie"},"content":{"rendered":"<div id=\"pl-6142\"  class=\"panel-layout\" ><div id=\"pg-6142-0\"  class=\"panel-grid panel-no-style\" ><div id=\"pgc-6142-0-0\"  class=\"panel-grid-cell\" ><div id=\"panel-6142-0-0-0\" class=\"so-panel widget widget_sow-editor panel-first-child\" data-index=\"0\" ><div\n\t\t\t\n\t\t\tclass=\"so-widget-sow-editor so-widget-sow-editor-base\"\n\t\t\t\n\t\t>\n<div class=\"siteorigin-widget-tinymce textwidget\">\n\t<p>Author of the study: J\u00f3zef Wolf<\/p>\n<p>Edition 1, reprint<\/p>\n<p>ISBN: 978-83-945017-9-2<\/p>\n<p>Pages: 398<\/p>\n<p>Format: 17x24 cm<\/p>\n<p>Cover: hard, lacquered<\/p>\n<\/div>\n<\/div><\/div><div id=\"panel-6142-0-0-1\" class=\"so-panel widget widget_sow-editor panel-last-child\" data-index=\"1\" ><div\n\t\t\t\n\t\t\tclass=\"so-widget-sow-editor so-widget-sow-editor-base\"\n\t\t\t\n\t\t><h3 class=\"widget-title\">More information<\/h3>\n<div class=\"siteorigin-widget-tinymce textwidget\">\n\t<div id=\"pg-5461-1\" class=\"panel-grid panel-no-style\">\n<div id=\"pgc-5461-1-0\" class=\"panel-grid-cell\">\n<div id=\"panel-5461-1-0-0\" class=\"so-panel widget widget_sow-editor panel-first-child panel-last-child\" data-index=\"3\">\n<div class=\"panel-widget-style panel-widget-style-for-5461-1-0-0\">\n<div class=\"so-widget-sow-editor so-widget-sow-editor-base\">\n<div class=\"siteorigin-widget-tinymce textwidget\">\n<p>This book is a reprint of the nineteenth-century book \"Pacowie. Historical and genealogical materials\u201d by J\u00f3zef Wolff. This item is recommended not only to historians, but also to anyone who is interested in history. We also offer it to the communities of Raczki and Dowspuda, towns closely connected with Pac family in the past. This is where the family is remembered - the ruins of a neo-Gothic palace built in the years 1820\u20131827 thanks to the efforts of Ludwik Micha\u0142 Pac, general of the Polish and Napoleonic armies, the owner of the Dowspuda estate.<\/p>\n<p>J\u00f3zef Ludwik Wolff (born December 15, 1852 in Warsaw, died August 9, 1900 in Heidelberg), author of this publication, was a Polish historian, bookseller, heraldic and genealogist. He was born in the family of a Jewish merchant and banker, Ludwik Wolff, and J\u00f3zefina n\u00e9e Zdzieniecki. An economist by profession, he devoted his entire life to his passion - history. He settled in St. Petersburg, where in addition to bookselling, he did research on the Lithuanian Metrics. He was also a correspondent and a member of the Academy of Skills in Krakow. He left behind several significant historical and genealogical studies, including \"Senators and dignitaries of the Grand Duchy of Lithuania 1386\u20131795\" (Krak\u00f3w 1885), \"Lithuanian-Russian Kniazs since the end of the fourteenth century\" (Warsaw 1895). His manuscript, a four-volume study of the \"Heraldry of Lithuanian Nobility,\" has never been published. It burned along with its entire book collection deposited in the Krasi\u0144ski Library in Warsaw after the fall of the Warsaw Uprising in October 1944.<\/p>\n<p>The book contains several illustrations, a personal index and a geographical index.<\/p>\n<\/div>\n<\/div>\n<\/div>\n<\/div>\n<\/div>\n<\/div>\n<\/div>\n<\/div><\/div><\/div><\/div><\/div>","protected":false},"excerpt":{"rendered":"<p>Autor opracowania: J\u00f3zef WolffWydanie: 1, reprintISBN: 978-83-945017-9-2Stron: 398Format: 17&#215;24 cmOk\u0142adka: twarda, lakierowana Ksi\u0105\u017cka ta to reprint XIX-wiecznego wydawnictwa \u201ePacowie. Materyja\u0142y historyczno-genealogiczne\u201d autorstwa J\u00f3zefa Wolffa. Jest to pozycja polecana nie tylko historykom, lecz tak\u017ce ka\u017cdemu, kto si\u0119 histori\u0105 interesuje. Proponujemy j\u0105 r\u00f3wnie\u017c spo\u0142eczno\u015bci Raczek i Dowspudy, miejscowo\u015bciom \u015bci\u015ble w przesz\u0142o\u015bci zwi\u0105zanym z Pacami. To tam znajduje [&hellip;]<\/p>\n","protected":false},"author":1,"featured_media":5518,"comment_status":"open","ping_status":"closed","template":"","meta":{"h5ap_radio_sources":[],"jetpack_post_was_ever_published":false},"product_brand":[],"product_cat":[272,343],"product_tag":[369,367,368],"class_list":{"0":"post-6142","1":"product","2":"type-product","3":"status-publish","4":"has-post-thumbnail","6":"product_cat-ksiazki","7":"product_cat-reprinty","8":"product_tag-dowspuda","9":"product_tag-pac","10":"product_tag-pacewicz","12":"first","13":"instock","14":"taxable","15":"shipping-taxable","16":"purchasable","17":"product-type-simple"},"supplier_id":16598,"supplier_sku":"","barcode":null,"atum_controlled":true,"out_stock_date":null,"out_stock_threshold":null,"inheritable":false,"inbound_stock":12,"stock_on_hold":0,"sold_today":0,"sales_last_days":0,"reserved_stock":0,"customer_returns":0,"warehouse_damage":0,"lost_in_post":0,"other_logs":0,"out_stock_days":0,"lost_sales":0,"has_location":false,"update_date":"2026-04-11T00:05:21","atum_locations":[],"atum_stock_status":"instock","restock_status":false,"low_stock_amount":1,"sales_update_date":"2026-04-11T00:05:21","calc_backorders":0,"yoast_head":"<!-- This site is optimized with the Yoast SEO plugin v27.3 - https:\/\/yoast.com\/product\/yoast-seo-wordpress\/ -->\n<title>Pacowie - Jami\u0144ski Zesp\u00f3\u0142 Indeksacyjny<\/title>\n<meta name=\"description\" content=\"Ksi\u0105\u017cka ta to reprint XIX-wiecznego wydawnictwa \u201ePacowie. Materyja\u0142y historyczno-genealogiczne\u201d autorstwa J\u00f3zefa Wolffa. Ksi\u0105\u017cka zawiera kilka ilustracji, indeks osobowy i indeks geograficzny.\" \/>\n<meta name=\"robots\" content=\"index, follow, max-snippet:-1, max-image-preview:large, max-video-preview:-1\" \/>\n<link rel=\"canonical\" href=\"https:\/\/jzi.org.pl\/en\/product\/pacowie\/\" \/>\n<meta property=\"og:locale\" content=\"en_US\" \/>\n<meta property=\"og:type\" content=\"article\" \/>\n<meta property=\"og:title\" content=\"Pacowie\" \/>\n<meta property=\"og:description\" content=\"Ksi\u0105\u017cka ta to reprint XIX-wiecznego wydawnictwa \u201ePacowie. Materyja\u0142y historyczno-genealogiczne\u201d autorstwa J\u00f3zefa Wolffa. Jest to pozycja polecana nie tylko historykom, lecz tak\u017ce ka\u017cdemu, kto si\u0119 histori\u0105 interesuje. Proponujemy j\u0105 r\u00f3wnie\u017c spo\u0142eczno\u015bci Raczek i Dowspudy, miejscowo\u015bciom \u015bci\u015ble w przesz\u0142o\u015bci zwi\u0105zanym z Pacami. To tam znajduje si\u0119 pami\u0105tka po tym rodzie \u2013 ruiny neogotyckiego pa\u0142acu wybudowanego w latach 1820\u20131827 staraniem Ludwika Micha\u0142a Paca, genera\u0142a wojsk polskich i napoleo\u0144skich, w\u0142a\u015bciciela d\u00f3br Dowspuda. J\u00f3zef Ludwik Wolff (ur. 15 grudnia 1852 w Warszawie, zm. 9 sierpnia 1900 w Heidelbergu), autor tej publikacji, by\u0142 polskim historykiem, ksi\u0119garzem, heraldykiem i genealogiem. Urodzi\u0142 si\u0119 w rodzinie kupca i bankiera pochodzenia \u017cydowskiego, Ludwika Wolffa, i J\u00f3zefiny ze Zdzienieckich. Z wykszta\u0142cenia ekonomista, ca\u0142e \u017cycie po\u015bwi\u0119ci\u0142 jednak swojej pasji \u2013 historii. Zamieszka\u0142 w Petersburgu, gdzie opr\u00f3cz dzia\u0142alno\u015bci ksi\u0119garskiej prowadzi\u0142 badania \u017ar\u00f3d\u0142oznawcze Metryki Litewskiej. By\u0142 r\u00f3wnie\u017c korespondentem, a zarazem cz\u0142onkiem Akademii Umiej\u0119tno\u015bci w Krakowie. Pozostawi\u0142 po sobie kilka znacz\u0105cych opracowa\u0144 historyczno-genealogicznych, m.in. \u201eSenatorowie i dygnitarze Wielkiego Ksi\u0119stwa Litewskiego 1386\u20131795\u201d (Krak\u00f3w 1885), \u201eKniaziowie litewsko-ruscy od ko\u0144ca czternastego wieku\u201d (Warszawa 1895). Jego r\u0119kopis, czterotomowe opracowanie \u201eHerbarz szlachty litewskiej\u201d, nigdy nie doczeka\u0142 si\u0119 publikacji. Sp\u0142on\u0105\u0142 wraz z jego ca\u0142ym ksi\u0119gozbiorem zdeponowanym w Bibliotece Krasi\u0144skich w Warszawie po upadku Powstania Warszawskiego w pa\u017adzierniku 1944 roku. Ksi\u0105\u017cka zawiera kilka ilustracji, indeks osobowy i indeks geograficzny.\" \/>\n<meta property=\"og:url\" content=\"https:\/\/jzi.org.pl\/en\/product\/pacowie\/\" \/>\n<meta property=\"og:site_name\" content=\"Jami\u0144ski Zesp\u00f3\u0142 Indeksacyjny\" \/>\n<meta property=\"article:publisher\" content=\"https:\/\/www.facebook.com\/Jaminski.Zespol.Indeksacyjny\/\" \/>\n<meta property=\"article:modified_time\" content=\"2026-01-03T15:01:23+00:00\" \/>\n<meta property=\"og:image\" content=\"https:\/\/jzi.org.pl\/wp-content\/uploads\/2018\/07\/Pacowie0-733x1024.png\" \/>\n\t<meta property=\"og:image:width\" content=\"733\" \/>\n\t<meta property=\"og:image:height\" content=\"1024\" \/>\n\t<meta property=\"og:image:type\" content=\"image\/png\" \/>\n<meta name=\"twitter:card\" content=\"summary_large_image\" \/>\n<meta name=\"twitter:label1\" content=\"Est. reading time\" \/>\n\t<meta name=\"twitter:data1\" content=\"2 minutes\" \/>\n<script type=\"application\/ld+json\" class=\"yoast-schema-graph\">{\"@context\":\"https:\\\/\\\/schema.org\",\"@graph\":[{\"@type\":\"WebPage\",\"@id\":\"https:\\\/\\\/jzi.org.pl\\\/en\\\/product\\\/pacowie\\\/\",\"url\":\"https:\\\/\\\/jzi.org.pl\\\/en\\\/product\\\/pacowie\\\/\",\"name\":\"Pacowie - Jami\u0144ski Zesp\u00f3\u0142 Indeksacyjny\",\"isPartOf\":{\"@id\":\"https:\\\/\\\/jzi.org.pl\\\/#website\"},\"primaryImageOfPage\":{\"@id\":\"https:\\\/\\\/jzi.org.pl\\\/en\\\/product\\\/pacowie\\\/#primaryimage\"},\"image\":{\"@id\":\"https:\\\/\\\/jzi.org.pl\\\/en\\\/product\\\/pacowie\\\/#primaryimage\"},\"thumbnailUrl\":\"https:\\\/\\\/jzi.org.pl\\\/wp-content\\\/uploads\\\/2018\\\/07\\\/Pacowie0.jpg\",\"datePublished\":\"2018-11-20T12:15:08+00:00\",\"dateModified\":\"2026-01-03T15:01:23+00:00\",\"description\":\"Ksi\u0105\u017cka ta to reprint XIX-wiecznego wydawnictwa \u201ePacowie. Materyja\u0142y historyczno-genealogiczne\u201d autorstwa J\u00f3zefa Wolffa. Ksi\u0105\u017cka zawiera kilka ilustracji, indeks osobowy i indeks geograficzny.\",\"breadcrumb\":{\"@id\":\"https:\\\/\\\/jzi.org.pl\\\/en\\\/product\\\/pacowie\\\/#breadcrumb\"},\"inLanguage\":\"en-US\",\"potentialAction\":[{\"@type\":\"ReadAction\",\"target\":[\"https:\\\/\\\/jzi.org.pl\\\/en\\\/product\\\/pacowie\\\/\"]}]},{\"@type\":\"ImageObject\",\"inLanguage\":\"en-US\",\"@id\":\"https:\\\/\\\/jzi.org.pl\\\/en\\\/product\\\/pacowie\\\/#primaryimage\",\"url\":\"https:\\\/\\\/jzi.org.pl\\\/wp-content\\\/uploads\\\/2018\\\/07\\\/Pacowie0.jpg\",\"contentUrl\":\"https:\\\/\\\/jzi.org.pl\\\/wp-content\\\/uploads\\\/2018\\\/07\\\/Pacowie0.jpg\",\"width\":974,\"height\":1361},{\"@type\":\"BreadcrumbList\",\"@id\":\"https:\\\/\\\/jzi.org.pl\\\/en\\\/product\\\/pacowie\\\/#breadcrumb\",\"itemListElement\":[{\"@type\":\"ListItem\",\"position\":1,\"name\":\"Strona g\u0142\u00f3wna\",\"item\":\"https:\\\/\\\/jzi.org.pl\\\/\"},{\"@type\":\"ListItem\",\"position\":2,\"name\":\"Sklep\",\"item\":\"https:\\\/\\\/jzi.org.pl\\\/sklep\\\/\"},{\"@type\":\"ListItem\",\"position\":3,\"name\":\"Pacowie\"}]},{\"@type\":\"WebSite\",\"@id\":\"https:\\\/\\\/jzi.org.pl\\\/#website\",\"url\":\"https:\\\/\\\/jzi.org.pl\\\/\",\"name\":\"Jami\u0144ski Zesp\u00f3\u0142 Indeksacyjny\",\"description\":\"\",\"publisher\":{\"@id\":\"https:\\\/\\\/jzi.org.pl\\\/#organization\"},\"potentialAction\":[{\"@type\":\"SearchAction\",\"target\":{\"@type\":\"EntryPoint\",\"urlTemplate\":\"https:\\\/\\\/jzi.org.pl\\\/?s={search_term_string}\"},\"query-input\":{\"@type\":\"PropertyValueSpecification\",\"valueRequired\":true,\"valueName\":\"search_term_string\"}}],\"inLanguage\":\"en-US\"},{\"@type\":\"Organization\",\"@id\":\"https:\\\/\\\/jzi.org.pl\\\/#organization\",\"name\":\"Jami\u0144ski Zesp\u00f3\u0142 Indeksacyjny\",\"url\":\"https:\\\/\\\/jzi.org.pl\\\/\",\"logo\":{\"@type\":\"ImageObject\",\"inLanguage\":\"en-US\",\"@id\":\"https:\\\/\\\/jzi.org.pl\\\/#\\\/schema\\\/logo\\\/image\\\/\",\"url\":\"https:\\\/\\\/jzi.org.pl\\\/wp-content\\\/uploads\\\/2019\\\/03\\\/logo-stowarzyszenie-jzi.png\",\"contentUrl\":\"https:\\\/\\\/jzi.org.pl\\\/wp-content\\\/uploads\\\/2019\\\/03\\\/logo-stowarzyszenie-jzi.png\",\"width\":931,\"height\":990,\"caption\":\"Jami\u0144ski Zesp\u00f3\u0142 Indeksacyjny\"},\"image\":{\"@id\":\"https:\\\/\\\/jzi.org.pl\\\/#\\\/schema\\\/logo\\\/image\\\/\"},\"sameAs\":[\"https:\\\/\\\/www.facebook.com\\\/Jaminski.Zespol.Indeksacyjny\\\/\"]}]}<\/script>\n<!-- \/ Yoast SEO plugin. -->","yoast_head_json":{"title":"Pacowie - Jami\u0144ski Zesp\u00f3\u0142 Indeksacyjny","description":"Ksi\u0105\u017cka ta to reprint XIX-wiecznego wydawnictwa \u201ePacowie. Materyja\u0142y historyczno-genealogiczne\u201d autorstwa J\u00f3zefa Wolffa. Ksi\u0105\u017cka zawiera kilka ilustracji, indeks osobowy i indeks geograficzny.","robots":{"index":"index","follow":"follow","max-snippet":"max-snippet:-1","max-image-preview":"max-image-preview:large","max-video-preview":"max-video-preview:-1"},"canonical":"https:\/\/jzi.org.pl\/en\/product\/pacowie\/","og_locale":"en_US","og_type":"article","og_title":"Pacowie","og_description":"Ksi\u0105\u017cka ta to reprint XIX-wiecznego wydawnictwa \u201ePacowie. Materyja\u0142y historyczno-genealogiczne\u201d autorstwa J\u00f3zefa Wolffa. Jest to pozycja polecana nie tylko historykom, lecz tak\u017ce ka\u017cdemu, kto si\u0119 histori\u0105 interesuje. Proponujemy j\u0105 r\u00f3wnie\u017c spo\u0142eczno\u015bci Raczek i Dowspudy, miejscowo\u015bciom \u015bci\u015ble w przesz\u0142o\u015bci zwi\u0105zanym z Pacami. To tam znajduje si\u0119 pami\u0105tka po tym rodzie \u2013 ruiny neogotyckiego pa\u0142acu wybudowanego w latach 1820\u20131827 staraniem Ludwika Micha\u0142a Paca, genera\u0142a wojsk polskich i napoleo\u0144skich, w\u0142a\u015bciciela d\u00f3br Dowspuda. J\u00f3zef Ludwik Wolff (ur. 15 grudnia 1852 w Warszawie, zm. 9 sierpnia 1900 w Heidelbergu), autor tej publikacji, by\u0142 polskim historykiem, ksi\u0119garzem, heraldykiem i genealogiem. Urodzi\u0142 si\u0119 w rodzinie kupca i bankiera pochodzenia \u017cydowskiego, Ludwika Wolffa, i J\u00f3zefiny ze Zdzienieckich. Z wykszta\u0142cenia ekonomista, ca\u0142e \u017cycie po\u015bwi\u0119ci\u0142 jednak swojej pasji \u2013 historii. Zamieszka\u0142 w Petersburgu, gdzie opr\u00f3cz dzia\u0142alno\u015bci ksi\u0119garskiej prowadzi\u0142 badania \u017ar\u00f3d\u0142oznawcze Metryki Litewskiej. By\u0142 r\u00f3wnie\u017c korespondentem, a zarazem cz\u0142onkiem Akademii Umiej\u0119tno\u015bci w Krakowie. Pozostawi\u0142 po sobie kilka znacz\u0105cych opracowa\u0144 historyczno-genealogicznych, m.in. \u201eSenatorowie i dygnitarze Wielkiego Ksi\u0119stwa Litewskiego 1386\u20131795\u201d (Krak\u00f3w 1885), \u201eKniaziowie litewsko-ruscy od ko\u0144ca czternastego wieku\u201d (Warszawa 1895). Jego r\u0119kopis, czterotomowe opracowanie \u201eHerbarz szlachty litewskiej\u201d, nigdy nie doczeka\u0142 si\u0119 publikacji. Sp\u0142on\u0105\u0142 wraz z jego ca\u0142ym ksi\u0119gozbiorem zdeponowanym w Bibliotece Krasi\u0144skich w Warszawie po upadku Powstania Warszawskiego w pa\u017adzierniku 1944 roku. Ksi\u0105\u017cka zawiera kilka ilustracji, indeks osobowy i indeks geograficzny.","og_url":"https:\/\/jzi.org.pl\/en\/product\/pacowie\/","og_site_name":"Jami\u0144ski Zesp\u00f3\u0142 Indeksacyjny","article_publisher":"https:\/\/www.facebook.com\/Jaminski.Zespol.Indeksacyjny\/","article_modified_time":"2026-01-03T15:01:23+00:00","og_image":[{"width":733,"height":1024,"url":"https:\/\/jzi.org.pl\/wp-content\/uploads\/2018\/07\/Pacowie0-733x1024.png","type":"image\/png"}],"twitter_card":"summary_large_image","twitter_misc":{"Est. reading time":"2 minutes"},"schema":{"@context":"https:\/\/schema.org","@graph":[{"@type":"WebPage","@id":"https:\/\/jzi.org.pl\/en\/product\/pacowie\/","url":"https:\/\/jzi.org.pl\/en\/product\/pacowie\/","name":"Pacowie - Jami\u0144ski Zesp\u00f3\u0142 Indeksacyjny","isPartOf":{"@id":"https:\/\/jzi.org.pl\/#website"},"primaryImageOfPage":{"@id":"https:\/\/jzi.org.pl\/en\/product\/pacowie\/#primaryimage"},"image":{"@id":"https:\/\/jzi.org.pl\/en\/product\/pacowie\/#primaryimage"},"thumbnailUrl":"https:\/\/jzi.org.pl\/wp-content\/uploads\/2018\/07\/Pacowie0.jpg","datePublished":"2018-11-20T12:15:08+00:00","dateModified":"2026-01-03T15:01:23+00:00","description":"Ksi\u0105\u017cka ta to reprint XIX-wiecznego wydawnictwa \u201ePacowie. Materyja\u0142y historyczno-genealogiczne\u201d autorstwa J\u00f3zefa Wolffa. Ksi\u0105\u017cka zawiera kilka ilustracji, indeks osobowy i indeks geograficzny.","breadcrumb":{"@id":"https:\/\/jzi.org.pl\/en\/product\/pacowie\/#breadcrumb"},"inLanguage":"en-US","potentialAction":[{"@type":"ReadAction","target":["https:\/\/jzi.org.pl\/en\/product\/pacowie\/"]}]},{"@type":"ImageObject","inLanguage":"en-US","@id":"https:\/\/jzi.org.pl\/en\/product\/pacowie\/#primaryimage","url":"https:\/\/jzi.org.pl\/wp-content\/uploads\/2018\/07\/Pacowie0.jpg","contentUrl":"https:\/\/jzi.org.pl\/wp-content\/uploads\/2018\/07\/Pacowie0.jpg","width":974,"height":1361},{"@type":"BreadcrumbList","@id":"https:\/\/jzi.org.pl\/en\/product\/pacowie\/#breadcrumb","itemListElement":[{"@type":"ListItem","position":1,"name":"Strona g\u0142\u00f3wna","item":"https:\/\/jzi.org.pl\/"},{"@type":"ListItem","position":2,"name":"Sklep","item":"https:\/\/jzi.org.pl\/sklep\/"},{"@type":"ListItem","position":3,"name":"Pacowie"}]},{"@type":"WebSite","@id":"https:\/\/jzi.org.pl\/#website","url":"https:\/\/jzi.org.pl\/","name":"Jaminy Indexing Team","description":"","publisher":{"@id":"https:\/\/jzi.org.pl\/#organization"},"potentialAction":[{"@type":"SearchAction","target":{"@type":"EntryPoint","urlTemplate":"https:\/\/jzi.org.pl\/?s={search_term_string}"},"query-input":{"@type":"PropertyValueSpecification","valueRequired":true,"valueName":"search_term_string"}}],"inLanguage":"en-US"},{"@type":"Organization","@id":"https:\/\/jzi.org.pl\/#organization","name":"Jaminy Indexing Team","url":"https:\/\/jzi.org.pl\/","logo":{"@type":"ImageObject","inLanguage":"en-US","@id":"https:\/\/jzi.org.pl\/#\/schema\/logo\/image\/","url":"https:\/\/jzi.org.pl\/wp-content\/uploads\/2019\/03\/logo-stowarzyszenie-jzi.png","contentUrl":"https:\/\/jzi.org.pl\/wp-content\/uploads\/2019\/03\/logo-stowarzyszenie-jzi.png","width":931,"height":990,"caption":"Jami\u0144ski Zesp\u00f3\u0142 Indeksacyjny"},"image":{"@id":"https:\/\/jzi.org.pl\/#\/schema\/logo\/image\/"},"sameAs":["https:\/\/www.facebook.com\/Jaminski.Zespol.Indeksacyjny\/"]}]}},"jetpack_likes_enabled":true,"jetpack_sharing_enabled":true,"_links":{"self":[{"href":"https:\/\/jzi.org.pl\/en\/wp-json\/wp\/v2\/product\/6142","targetHints":{"allow":["GET"]}}],"collection":[{"href":"https:\/\/jzi.org.pl\/en\/wp-json\/wp\/v2\/product"}],"about":[{"href":"https:\/\/jzi.org.pl\/en\/wp-json\/wp\/v2\/types\/product"}],"author":[{"embeddable":true,"href":"https:\/\/jzi.org.pl\/en\/wp-json\/wp\/v2\/users\/1"}],"replies":[{"embeddable":true,"href":"https:\/\/jzi.org.pl\/en\/wp-json\/wp\/v2\/comments?post=6142"}],"wp:featuredmedia":[{"embeddable":true,"href":"https:\/\/jzi.org.pl\/en\/wp-json\/wp\/v2\/media\/5518"}],"wp:attachment":[{"href":"https:\/\/jzi.org.pl\/en\/wp-json\/wp\/v2\/media?parent=6142"}],"wp:term":[{"taxonomy":"product_brand","embeddable":true,"href":"https:\/\/jzi.org.pl\/en\/wp-json\/wp\/v2\/product_brand?post=6142"},{"taxonomy":"product_cat","embeddable":true,"href":"https:\/\/jzi.org.pl\/en\/wp-json\/wp\/v2\/product_cat?post=6142"},{"taxonomy":"product_tag","embeddable":true,"href":"https:\/\/jzi.org.pl\/en\/wp-json\/wp\/v2\/product_tag?post=6142"}],"curies":[{"name":"wp","href":"https:\/\/api.w.org\/{rel}","templated":true}]}}