{"id":5519,"date":"2018-07-11T21:55:21","date_gmt":"2018-07-11T19:55:21","guid":{"rendered":"https:\/\/jzi.org.pl\/?post_type=product&#038;p=5519"},"modified":"2025-09-19T17:14:30","modified_gmt":"2025-09-19T15:14:30","slug":"fotomagnes-augustow","status":"publish","type":"product","link":"https:\/\/jzi.org.pl\/en\/product\/fotomagnes-augustow\/","title":{"rendered":"Photomagnet August\u00f3w"},"content":{"rendered":"<p>Time for magnetically attractive souvenirs related to parishes that we index! Captivating with a minimalist design and decorated with new photos, the magnets will be happy to attach to your fridge, and the highest quality of workmanship will please the eye. Note: The magnetic field generated in combination with the beautiful photos can make it difficult to take your eyes off.<\/p>\n<p>Magnets are 4 layers (like a good cake), metal (like the Slayer band), thick (like collected works of Lenin) and durable (like boxwood). Each piece is wrapped in protective foil, and despite the great respect for the effort of the hands of the people of the People's Republic of China, we produced them in Poland. Thanks to this, we have obtained an elegant, minimalist and long-serving gadget, which is a great souvenir.<\/p>","protected":false},"excerpt":{"rendered":"<p>Czas na magnetycznie przyci\u0105gaj\u0105ce pami\u0105tki powi\u0105zane z parafiami, kt\u00f3re indeksujemy! Urzekaj\u0105ce minimalistycznym wzornictwem i ozdobione nowymi zdj\u0119ciami magnesy ch\u0119tnie przypn\u0105 si\u0119 do Twojej lod\u00f3wki, a najwy\u017csza jako\u015b\u0107 wykonania ucieszy oko. Uwaga: generowane pole magnetyczne w po\u0142\u0105czeniu z pi\u0119knymi zdj\u0119ciami mo\u017ce spowodowa\u0107 trudno\u015bci w oderwaniu wzroku. Magnesy s\u0105 4 warstwowe (jak dobry tort), metalowe (jak zesp\u00f3\u0142 [&hellip;]<\/p>\n","protected":false},"author":1,"featured_media":5522,"comment_status":"open","ping_status":"closed","template":"","meta":{"h5ap_radio_sources":[],"jetpack_post_was_ever_published":false},"product_brand":[],"product_cat":[295],"product_tag":[345],"class_list":{"0":"post-5519","1":"product","2":"type-product","3":"status-publish","4":"has-post-thumbnail","6":"product_cat-magnesy","7":"product_tag-augustow","9":"first","10":"onbackorder","11":"taxable","12":"shipping-taxable","13":"purchasable","14":"product-type-simple"},"supplier_id":null,"supplier_sku":"","barcode":null,"atum_controlled":true,"out_stock_date":"2025-09-19 17:14:30","out_stock_threshold":null,"inheritable":false,"inbound_stock":0,"stock_on_hold":0,"sold_today":0,"sales_last_days":0,"reserved_stock":0,"customer_returns":0,"warehouse_damage":0,"lost_in_post":0,"other_logs":0,"out_stock_days":222,"lost_sales":761,"has_location":false,"update_date":"2026-04-30T00:12:19","atum_locations":[],"atum_stock_status":"onbackorder","restock_status":false,"low_stock_amount":"","sales_update_date":"2026-04-30T00:12:19","calc_backorders":0,"yoast_head":"<!-- This site is optimized with the Yoast SEO plugin v27.5 - https:\/\/yoast.com\/product\/yoast-seo-wordpress\/ -->\n<title>Fotomagnes August\u00f3w - Jami\u0144ski Zesp\u00f3\u0142 Indeksacyjny<\/title>\n<meta name=\"robots\" content=\"index, follow, max-snippet:-1, max-image-preview:large, max-video-preview:-1\" \/>\n<link rel=\"canonical\" href=\"https:\/\/jzi.org.pl\/en\/product\/fotomagnes-augustow\/\" \/>\n<meta property=\"og:locale\" content=\"en_US\" \/>\n<meta property=\"og:type\" content=\"article\" \/>\n<meta property=\"og:title\" content=\"Fotomagnes August\u00f3w\" \/>\n<meta property=\"og:description\" content=\"Czas na magnetycznie przyci\u0105gaj\u0105ce pami\u0105tki powi\u0105zane z parafiami, kt\u00f3re indeksujemy! Urzekaj\u0105ce minimalistycznym wzornictwem i ozdobione nowymi zdj\u0119ciami magnesy ch\u0119tnie przypn\u0105 si\u0119 do Twojej lod\u00f3wki, a najwy\u017csza jako\u015b\u0107 wykonania ucieszy oko. Uwaga: generowane pole magnetyczne w po\u0142\u0105czeniu z pi\u0119knymi zdj\u0119ciami mo\u017ce spowodowa\u0107 trudno\u015bci w oderwaniu wzroku. Magnesy s\u0105 4 warstwowe (jak dobry tort), metalowe (jak zesp\u00f3\u0142 Slayer), grube (jak zebrane dzie\u0142a Lenina) i trwa\u0142e (jak bukszpan). Ka\u017cda sztuka zapakowana jest w foli\u0119 zabezpieczaj\u0105c\u0105, a mimo ogromnego szacunku dla wysi\u0142ku r\u0105k ludu Chi\u0144skiej Republiki Ludowej, wyprodukowali\u015bmy je w Polsce. Dzi\u0119ki temu uzyskali\u015bmy elegancki, minimalistyczny i d\u0142ugo s\u0142u\u017c\u0105cy gad\u017cet, b\u0119d\u0105cy \u015bwietn\u0105 pami\u0105tk\u0105.\" \/>\n<meta property=\"og:url\" content=\"https:\/\/jzi.org.pl\/en\/product\/fotomagnes-augustow\/\" \/>\n<meta property=\"og:site_name\" content=\"Jami\u0144ski Zesp\u00f3\u0142 Indeksacyjny\" \/>\n<meta property=\"article:publisher\" content=\"https:\/\/www.facebook.com\/Jaminski.Zespol.Indeksacyjny\/\" \/>\n<meta property=\"article:modified_time\" content=\"2025-09-19T15:14:30+00:00\" \/>\n<meta property=\"og:image\" content=\"https:\/\/jzi.org.pl\/wp-content\/uploads\/2018\/07\/magnes-augustow..jpg\" \/>\n\t<meta property=\"og:image:width\" content=\"1000\" \/>\n\t<meta property=\"og:image:height\" content=\"1000\" \/>\n\t<meta property=\"og:image:type\" content=\"image\/jpeg\" \/>\n<meta name=\"twitter:card\" content=\"summary_large_image\" \/>\n<meta name=\"twitter:label1\" content=\"Est. reading time\" \/>\n\t<meta name=\"twitter:data1\" content=\"1 minute\" \/>\n<script type=\"application\/ld+json\" class=\"yoast-schema-graph\">{\"@context\":\"https:\\\/\\\/schema.org\",\"@graph\":[{\"@type\":\"WebPage\",\"@id\":\"https:\\\/\\\/jzi.org.pl\\\/produkt\\\/fotomagnes-augustow\\\/\",\"url\":\"https:\\\/\\\/jzi.org.pl\\\/produkt\\\/fotomagnes-augustow\\\/\",\"name\":\"Fotomagnes August\u00f3w - Jami\u0144ski Zesp\u00f3\u0142 Indeksacyjny\",\"isPartOf\":{\"@id\":\"https:\\\/\\\/jzi.org.pl\\\/#website\"},\"primaryImageOfPage\":{\"@id\":\"https:\\\/\\\/jzi.org.pl\\\/produkt\\\/fotomagnes-augustow\\\/#primaryimage\"},\"image\":{\"@id\":\"https:\\\/\\\/jzi.org.pl\\\/produkt\\\/fotomagnes-augustow\\\/#primaryimage\"},\"thumbnailUrl\":\"https:\\\/\\\/jzi.org.pl\\\/wp-content\\\/uploads\\\/2018\\\/07\\\/magnes-augustow..jpg\",\"datePublished\":\"2018-07-11T19:55:21+00:00\",\"dateModified\":\"2025-09-19T15:14:30+00:00\",\"breadcrumb\":{\"@id\":\"https:\\\/\\\/jzi.org.pl\\\/produkt\\\/fotomagnes-augustow\\\/#breadcrumb\"},\"inLanguage\":\"en-US\",\"potentialAction\":[{\"@type\":\"ReadAction\",\"target\":[\"https:\\\/\\\/jzi.org.pl\\\/produkt\\\/fotomagnes-augustow\\\/\"]}]},{\"@type\":\"ImageObject\",\"inLanguage\":\"en-US\",\"@id\":\"https:\\\/\\\/jzi.org.pl\\\/produkt\\\/fotomagnes-augustow\\\/#primaryimage\",\"url\":\"https:\\\/\\\/jzi.org.pl\\\/wp-content\\\/uploads\\\/2018\\\/07\\\/magnes-augustow..jpg\",\"contentUrl\":\"https:\\\/\\\/jzi.org.pl\\\/wp-content\\\/uploads\\\/2018\\\/07\\\/magnes-augustow..jpg\",\"width\":1000,\"height\":1000},{\"@type\":\"BreadcrumbList\",\"@id\":\"https:\\\/\\\/jzi.org.pl\\\/produkt\\\/fotomagnes-augustow\\\/#breadcrumb\",\"itemListElement\":[{\"@type\":\"ListItem\",\"position\":1,\"name\":\"Strona g\u0142\u00f3wna\",\"item\":\"https:\\\/\\\/jzi.org.pl\\\/\"},{\"@type\":\"ListItem\",\"position\":2,\"name\":\"Sklep\",\"item\":\"https:\\\/\\\/jzi.org.pl\\\/sklep\\\/\"},{\"@type\":\"ListItem\",\"position\":3,\"name\":\"Fotomagnes August\u00f3w\"}]},{\"@type\":\"WebSite\",\"@id\":\"https:\\\/\\\/jzi.org.pl\\\/#website\",\"url\":\"https:\\\/\\\/jzi.org.pl\\\/\",\"name\":\"Jami\u0144ski Zesp\u00f3\u0142 Indeksacyjny\",\"description\":\"\",\"publisher\":{\"@id\":\"https:\\\/\\\/jzi.org.pl\\\/#organization\"},\"potentialAction\":[{\"@type\":\"SearchAction\",\"target\":{\"@type\":\"EntryPoint\",\"urlTemplate\":\"https:\\\/\\\/jzi.org.pl\\\/?s={search_term_string}\"},\"query-input\":{\"@type\":\"PropertyValueSpecification\",\"valueRequired\":true,\"valueName\":\"search_term_string\"}}],\"inLanguage\":\"en-US\"},{\"@type\":\"Organization\",\"@id\":\"https:\\\/\\\/jzi.org.pl\\\/#organization\",\"name\":\"Jami\u0144ski Zesp\u00f3\u0142 Indeksacyjny\",\"url\":\"https:\\\/\\\/jzi.org.pl\\\/\",\"logo\":{\"@type\":\"ImageObject\",\"inLanguage\":\"en-US\",\"@id\":\"https:\\\/\\\/jzi.org.pl\\\/#\\\/schema\\\/logo\\\/image\\\/\",\"url\":\"https:\\\/\\\/jzi.org.pl\\\/wp-content\\\/uploads\\\/2019\\\/03\\\/logo-stowarzyszenie-jzi.png\",\"contentUrl\":\"https:\\\/\\\/jzi.org.pl\\\/wp-content\\\/uploads\\\/2019\\\/03\\\/logo-stowarzyszenie-jzi.png\",\"width\":931,\"height\":990,\"caption\":\"Jami\u0144ski Zesp\u00f3\u0142 Indeksacyjny\"},\"image\":{\"@id\":\"https:\\\/\\\/jzi.org.pl\\\/#\\\/schema\\\/logo\\\/image\\\/\"},\"sameAs\":[\"https:\\\/\\\/www.facebook.com\\\/Jaminski.Zespol.Indeksacyjny\\\/\"]}]}<\/script>\n<!-- \/ Yoast SEO plugin. -->","yoast_head_json":{"title":"Fotomagnes August\u00f3w - Jami\u0144ski Zesp\u00f3\u0142 Indeksacyjny","robots":{"index":"index","follow":"follow","max-snippet":"max-snippet:-1","max-image-preview":"max-image-preview:large","max-video-preview":"max-video-preview:-1"},"canonical":"https:\/\/jzi.org.pl\/en\/product\/fotomagnes-augustow\/","og_locale":"en_US","og_type":"article","og_title":"Fotomagnes August\u00f3w","og_description":"Czas na magnetycznie przyci\u0105gaj\u0105ce pami\u0105tki powi\u0105zane z parafiami, kt\u00f3re indeksujemy! Urzekaj\u0105ce minimalistycznym wzornictwem i ozdobione nowymi zdj\u0119ciami magnesy ch\u0119tnie przypn\u0105 si\u0119 do Twojej lod\u00f3wki, a najwy\u017csza jako\u015b\u0107 wykonania ucieszy oko. Uwaga: generowane pole magnetyczne w po\u0142\u0105czeniu z pi\u0119knymi zdj\u0119ciami mo\u017ce spowodowa\u0107 trudno\u015bci w oderwaniu wzroku. Magnesy s\u0105 4 warstwowe (jak dobry tort), metalowe (jak zesp\u00f3\u0142 Slayer), grube (jak zebrane dzie\u0142a Lenina) i trwa\u0142e (jak bukszpan). Ka\u017cda sztuka zapakowana jest w foli\u0119 zabezpieczaj\u0105c\u0105, a mimo ogromnego szacunku dla wysi\u0142ku r\u0105k ludu Chi\u0144skiej Republiki Ludowej, wyprodukowali\u015bmy je w Polsce. Dzi\u0119ki temu uzyskali\u015bmy elegancki, minimalistyczny i d\u0142ugo s\u0142u\u017c\u0105cy gad\u017cet, b\u0119d\u0105cy \u015bwietn\u0105 pami\u0105tk\u0105.","og_url":"https:\/\/jzi.org.pl\/en\/product\/fotomagnes-augustow\/","og_site_name":"Jami\u0144ski Zesp\u00f3\u0142 Indeksacyjny","article_publisher":"https:\/\/www.facebook.com\/Jaminski.Zespol.Indeksacyjny\/","article_modified_time":"2025-09-19T15:14:30+00:00","og_image":[{"width":1000,"height":1000,"url":"https:\/\/jzi.org.pl\/wp-content\/uploads\/2018\/07\/magnes-augustow..jpg","type":"image\/jpeg"}],"twitter_card":"summary_large_image","twitter_misc":{"Est. reading time":"1 minute"},"schema":{"@context":"https:\/\/schema.org","@graph":[{"@type":"WebPage","@id":"https:\/\/jzi.org.pl\/produkt\/fotomagnes-augustow\/","url":"https:\/\/jzi.org.pl\/produkt\/fotomagnes-augustow\/","name":"Fotomagnes August\u00f3w - Jami\u0144ski Zesp\u00f3\u0142 Indeksacyjny","isPartOf":{"@id":"https:\/\/jzi.org.pl\/#website"},"primaryImageOfPage":{"@id":"https:\/\/jzi.org.pl\/produkt\/fotomagnes-augustow\/#primaryimage"},"image":{"@id":"https:\/\/jzi.org.pl\/produkt\/fotomagnes-augustow\/#primaryimage"},"thumbnailUrl":"https:\/\/jzi.org.pl\/wp-content\/uploads\/2018\/07\/magnes-augustow..jpg","datePublished":"2018-07-11T19:55:21+00:00","dateModified":"2025-09-19T15:14:30+00:00","breadcrumb":{"@id":"https:\/\/jzi.org.pl\/produkt\/fotomagnes-augustow\/#breadcrumb"},"inLanguage":"en-US","potentialAction":[{"@type":"ReadAction","target":["https:\/\/jzi.org.pl\/produkt\/fotomagnes-augustow\/"]}]},{"@type":"ImageObject","inLanguage":"en-US","@id":"https:\/\/jzi.org.pl\/produkt\/fotomagnes-augustow\/#primaryimage","url":"https:\/\/jzi.org.pl\/wp-content\/uploads\/2018\/07\/magnes-augustow..jpg","contentUrl":"https:\/\/jzi.org.pl\/wp-content\/uploads\/2018\/07\/magnes-augustow..jpg","width":1000,"height":1000},{"@type":"BreadcrumbList","@id":"https:\/\/jzi.org.pl\/produkt\/fotomagnes-augustow\/#breadcrumb","itemListElement":[{"@type":"ListItem","position":1,"name":"Strona g\u0142\u00f3wna","item":"https:\/\/jzi.org.pl\/"},{"@type":"ListItem","position":2,"name":"Sklep","item":"https:\/\/jzi.org.pl\/sklep\/"},{"@type":"ListItem","position":3,"name":"Fotomagnes August\u00f3w"}]},{"@type":"WebSite","@id":"https:\/\/jzi.org.pl\/#website","url":"https:\/\/jzi.org.pl\/","name":"Jaminy Indexing Team","description":"","publisher":{"@id":"https:\/\/jzi.org.pl\/#organization"},"potentialAction":[{"@type":"SearchAction","target":{"@type":"EntryPoint","urlTemplate":"https:\/\/jzi.org.pl\/?s={search_term_string}"},"query-input":{"@type":"PropertyValueSpecification","valueRequired":true,"valueName":"search_term_string"}}],"inLanguage":"en-US"},{"@type":"Organization","@id":"https:\/\/jzi.org.pl\/#organization","name":"Jaminy Indexing Team","url":"https:\/\/jzi.org.pl\/","logo":{"@type":"ImageObject","inLanguage":"en-US","@id":"https:\/\/jzi.org.pl\/#\/schema\/logo\/image\/","url":"https:\/\/jzi.org.pl\/wp-content\/uploads\/2019\/03\/logo-stowarzyszenie-jzi.png","contentUrl":"https:\/\/jzi.org.pl\/wp-content\/uploads\/2019\/03\/logo-stowarzyszenie-jzi.png","width":931,"height":990,"caption":"Jami\u0144ski Zesp\u00f3\u0142 Indeksacyjny"},"image":{"@id":"https:\/\/jzi.org.pl\/#\/schema\/logo\/image\/"},"sameAs":["https:\/\/www.facebook.com\/Jaminski.Zespol.Indeksacyjny\/"]}]}},"jetpack_likes_enabled":true,"jetpack_sharing_enabled":true,"_links":{"self":[{"href":"https:\/\/jzi.org.pl\/en\/wp-json\/wp\/v2\/product\/5519","targetHints":{"allow":["GET"]}}],"collection":[{"href":"https:\/\/jzi.org.pl\/en\/wp-json\/wp\/v2\/product"}],"about":[{"href":"https:\/\/jzi.org.pl\/en\/wp-json\/wp\/v2\/types\/product"}],"author":[{"embeddable":true,"href":"https:\/\/jzi.org.pl\/en\/wp-json\/wp\/v2\/users\/1"}],"replies":[{"embeddable":true,"href":"https:\/\/jzi.org.pl\/en\/wp-json\/wp\/v2\/comments?post=5519"}],"wp:featuredmedia":[{"embeddable":true,"href":"https:\/\/jzi.org.pl\/en\/wp-json\/wp\/v2\/media\/5522"}],"wp:attachment":[{"href":"https:\/\/jzi.org.pl\/en\/wp-json\/wp\/v2\/media?parent=5519"}],"wp:term":[{"taxonomy":"product_brand","embeddable":true,"href":"https:\/\/jzi.org.pl\/en\/wp-json\/wp\/v2\/product_brand?post=5519"},{"taxonomy":"product_cat","embeddable":true,"href":"https:\/\/jzi.org.pl\/en\/wp-json\/wp\/v2\/product_cat?post=5519"},{"taxonomy":"product_tag","embeddable":true,"href":"https:\/\/jzi.org.pl\/en\/wp-json\/wp\/v2\/product_tag?post=5519"}],"curies":[{"name":"wp","href":"https:\/\/api.w.org\/{rel}","templated":true}]}}