{"id":476,"date":"2017-06-23T18:08:01","date_gmt":"2017-06-23T16:08:01","guid":{"rendered":"http:\/\/myview360.eu\/WordPress\/?post_type=product&#038;p=476"},"modified":"2026-01-22T19:01:02","modified_gmt":"2026-01-22T18:01:02","slug":"wojna-w-mojej-pamieci","status":"publish","type":"product","link":"https:\/\/jzi.org.pl\/en\/product\/wojna-w-mojej-pamieci\/","title":{"rendered":"Wojna w mojej pami\u0119ci"},"content":{"rendered":"<div id=\"pl-476\"  class=\"panel-layout\" ><div id=\"pg-476-0\"  class=\"panel-grid panel-no-style\" ><div id=\"pgc-476-0-0\"  class=\"panel-grid-cell\" ><div id=\"panel-476-0-0-0\" class=\"so-panel widget widget_sow-editor panel-first-child\" data-index=\"0\" ><div\n\t\t\t\n\t\t\tclass=\"so-widget-sow-editor so-widget-sow-editor-base\"\n\t\t\t\n\t\t>\n<div class=\"siteorigin-widget-tinymce textwidget\">\n\t<p>Author: Piotr Chilicki<\/p>\n<p>Edition: 1<\/p>\n<p>ISBN: 978-83-945017-2-3<\/p>\n<p>Pages: 121<\/p>\n<p>Format: 15x21 cm<\/p>\n<p>Cover: soft, lacquered<\/p>\n<\/div>\n<\/div><\/div><div id=\"panel-476-0-0-1\" class=\"so-panel widget widget_sow-editor panel-last-child\" data-index=\"1\" ><div\n\t\t\t\n\t\t\tclass=\"so-widget-sow-editor so-widget-sow-editor-base\"\n\t\t\t\n\t\t><h3 class=\"widget-title\">More information<\/h3>\n<div class=\"siteorigin-widget-tinymce textwidget\">\n\t<p>This is a record of memories of Piotr Chilicki from Jaminy from around the war period 1938-1950, richly illustrated with photos, titled \"War in My Memory.\" This book is a great history lesson of those times seen from the perspective of a small homeland, own family and surroundings. Written, as the author himself said: \"that someday grandchildren would know how the war went and what suffering it brought.\" So do not hesitate in your own meetings, conversations, lest you encounter this deaf silence and emptiness when you think you will be ready for conversation and questions.<\/p>\n<p>Opisane prze\u017cycia w tamtych trudnych czasach wzmacnia\u0142y wi\u0119zi mi\u0119dzyludzkie, rodzinne, s\u0105siedzkie, jakich dzi\u015b ju\u017c chyba nie ma, zw\u0142aszcza w odniesieniu do naszych dalszych kuzyn\u00f3w. Ksi\u0105\u017cka ta stanowi doskona\u0142e \u017ar\u00f3d\u0142o i uzupe\u0142nienie wiedzy dla mi\u0142o\u015bnik\u00f3w regionalnej historii, tak\u017ce tej genealogicznej. Jest pe\u0142na nazwisk, fakt\u00f3w, uzupe\u0142niona wieloma przypisami, pokazuje losy wielu rodzin z Jamin i okolic. Jest miejscem, kt\u00f3re splata zagmatwane losy jej mieszka\u0144c\u00f3w. Opisane w niej zdarzenia i miejsca cz\u0119sto na lata spowi\u0142a mg\u0142a tajemnicy, kt\u00f3r\u0105 dzi\u015b staramy si\u0119 rozwia\u0107. Stanowi\u0107 mo\u017ce tak\u017ce doskona\u0142e \u017ar\u00f3d\u0142o inspiracji dla m\u0142odszego pokolenia badaczy historii lokalnej, do czego gor\u0105co zach\u0119camy i zapraszamy do kontaktu oraz ewentualnej wsp\u00f3\u0142pracy pod adresem: <span \n                data-original-string='VjTio1Wn6o2JGw6qSAnnvw==2a3jvwNQB0FistvTtyiCyhRkQ=='\n                class='apbct-email-encoder'\n                title='This contact has been encoded by Anti-Spam by CleanTalk. Click to decode. To finish the decoding make sure that JavaScript is enabled in your browser.'>jz<span class=\"apbct-blur\">*<\/span>@<span class=\"apbct-blur\">*****<\/span>rg.pl<\/span><\/p>\n<\/div>\n<\/div><\/div><\/div><\/div><\/div>","protected":false},"excerpt":{"rendered":"<p>Autor: Piotr ChilickiWydanie: 1ISBN: 978-83-945017-2-3Stron: 121Format: 15&#215;21 cmOk\u0142adka: mi\u0119kka, lakierowana Jest to zapis wspomnie\u0144 Piotra Chilickiego z Jamin z okresu oko\u0142o wojennego z lat 1938-1950, bogato zilustrowany zdj\u0119ciami, pt. \u201eWojna w mojej pami\u0119ci\u201d. Ksi\u0105\u017cka ta to doskona\u0142a lekcja historii tamtych czas\u00f3w widziana z perspektywy ma\u0142ej ojczyzny, w\u0142asnej rodziny i otoczenia. Napisana, jak przekaza\u0142 sam autor: [&hellip;]<\/p>\n","protected":false},"author":1,"featured_media":312,"comment_status":"open","ping_status":"closed","template":"","meta":{"h5ap_radio_sources":[],"jetpack_post_was_ever_published":false},"product_brand":[],"product_cat":[272,342],"product_tag":[373],"class_list":{"0":"post-476","1":"product","2":"type-product","3":"status-publish","4":"has-post-thumbnail","6":"product_cat-ksiazki","7":"product_cat-ocalic-od-zapomnienia","8":"product_tag-ii-wojna-swiatowa","10":"first","11":"instock","12":"taxable","13":"shipping-taxable","14":"purchasable","15":"product-type-simple"},"supplier_id":16598,"supplier_sku":"","barcode":null,"atum_controlled":true,"out_stock_date":null,"out_stock_threshold":null,"inheritable":false,"inbound_stock":0,"stock_on_hold":0,"sold_today":0,"sales_last_days":0,"reserved_stock":0,"customer_returns":0,"warehouse_damage":0,"lost_in_post":0,"other_logs":0,"out_stock_days":0,"lost_sales":0,"has_location":false,"update_date":"2026-04-09T00:03:41","atum_locations":[],"atum_stock_status":"instock","restock_status":false,"low_stock_amount":2,"sales_update_date":"2026-04-09T00:03:41","calc_backorders":null,"yoast_head":"<!-- This site is optimized with the Yoast SEO plugin v27.3 - https:\/\/yoast.com\/product\/yoast-seo-wordpress\/ -->\n<title>Wojna w mojej pami\u0119ci - Jami\u0144ski Zesp\u00f3\u0142 Indeksacyjny<\/title>\n<meta name=\"robots\" content=\"index, follow, max-snippet:-1, max-image-preview:large, max-video-preview:-1\" \/>\n<link rel=\"canonical\" href=\"https:\/\/jzi.org.pl\/en\/product\/wojna-w-mojej-pamieci\/\" \/>\n<meta property=\"og:locale\" content=\"en_US\" \/>\n<meta property=\"og:type\" content=\"article\" \/>\n<meta property=\"og:title\" content=\"Wojna w mojej pami\u0119ci\" \/>\n<meta property=\"og:description\" content=\"Autor: Piotr ChilickiWydanie: 1ISBN: 978-83-945017-2-3Stron: 121Format: 15x21 cmOk\u0142adka: mi\u0119kka, lakierowana Jest to zapis wspomnie\u0144 Piotra Chilickiego z Jamin z okresu oko\u0142o wojennego z lat 1938-1950, bogato zilustrowany zdj\u0119ciami, pt. \u201eWojna w mojej pami\u0119ci\u201d. Ksi\u0105\u017cka ta to doskona\u0142a lekcja historii tamtych czas\u00f3w widziana z perspektywy ma\u0142ej ojczyzny, w\u0142asnej rodziny i otoczenia. Napisana, jak przekaza\u0142 sam autor: [&hellip;]\" \/>\n<meta property=\"og:url\" content=\"https:\/\/jzi.org.pl\/en\/product\/wojna-w-mojej-pamieci\/\" \/>\n<meta property=\"og:site_name\" content=\"Jami\u0144ski Zesp\u00f3\u0142 Indeksacyjny\" \/>\n<meta property=\"article:publisher\" content=\"https:\/\/www.facebook.com\/Jaminski.Zespol.Indeksacyjny\/\" \/>\n<meta property=\"article:modified_time\" content=\"2026-01-22T18:01:02+00:00\" \/>\n<meta property=\"og:image\" content=\"https:\/\/jzi.org.pl\/wp-content\/uploads\/Wojna-w-mojej-pami\u0119ci\/cover_148x210_mm_1000_SC-2.png\" \/>\n\t<meta property=\"og:image:width\" content=\"862\" \/>\n\t<meta property=\"og:image:height\" content=\"1231\" \/>\n\t<meta property=\"og:image:type\" content=\"image\/png\" \/>\n<meta name=\"twitter:card\" content=\"summary_large_image\" \/>\n<meta name=\"twitter:label1\" content=\"Est. reading time\" \/>\n\t<meta name=\"twitter:data1\" content=\"1 minute\" \/>\n<script type=\"application\/ld+json\" class=\"yoast-schema-graph\">{\"@context\":\"https:\\\/\\\/schema.org\",\"@graph\":[{\"@type\":\"WebPage\",\"@id\":\"https:\\\/\\\/jzi.org.pl\\\/en\\\/product\\\/wojna-w-mojej-pamieci\\\/\",\"url\":\"https:\\\/\\\/jzi.org.pl\\\/en\\\/product\\\/wojna-w-mojej-pamieci\\\/\",\"name\":\"Wojna w mojej pami\u0119ci - Jami\u0144ski Zesp\u00f3\u0142 Indeksacyjny\",\"isPartOf\":{\"@id\":\"https:\\\/\\\/jzi.org.pl\\\/#website\"},\"primaryImageOfPage\":{\"@id\":\"https:\\\/\\\/jzi.org.pl\\\/en\\\/product\\\/wojna-w-mojej-pamieci\\\/#primaryimage\"},\"image\":{\"@id\":\"https:\\\/\\\/jzi.org.pl\\\/en\\\/product\\\/wojna-w-mojej-pamieci\\\/#primaryimage\"},\"thumbnailUrl\":\"https:\\\/\\\/jzi.org.pl\\\/wp-content\\\/uploads\\\/Wojna-w-mojej-pami\u0119ci\\\/cover_148x210_mm_1000_SC-2.png\",\"datePublished\":\"2017-06-23T16:08:01+00:00\",\"dateModified\":\"2026-01-22T18:01:02+00:00\",\"breadcrumb\":{\"@id\":\"https:\\\/\\\/jzi.org.pl\\\/en\\\/product\\\/wojna-w-mojej-pamieci\\\/#breadcrumb\"},\"inLanguage\":\"en-US\",\"potentialAction\":[{\"@type\":\"ReadAction\",\"target\":[\"https:\\\/\\\/jzi.org.pl\\\/en\\\/product\\\/wojna-w-mojej-pamieci\\\/\"]}]},{\"@type\":\"ImageObject\",\"inLanguage\":\"en-US\",\"@id\":\"https:\\\/\\\/jzi.org.pl\\\/en\\\/product\\\/wojna-w-mojej-pamieci\\\/#primaryimage\",\"url\":\"https:\\\/\\\/jzi.org.pl\\\/wp-content\\\/uploads\\\/Wojna-w-mojej-pami\u0119ci\\\/cover_148x210_mm_1000_SC-2.png\",\"contentUrl\":\"https:\\\/\\\/jzi.org.pl\\\/wp-content\\\/uploads\\\/Wojna-w-mojej-pami\u0119ci\\\/cover_148x210_mm_1000_SC-2.png\",\"width\":862,\"height\":1231},{\"@type\":\"BreadcrumbList\",\"@id\":\"https:\\\/\\\/jzi.org.pl\\\/en\\\/product\\\/wojna-w-mojej-pamieci\\\/#breadcrumb\",\"itemListElement\":[{\"@type\":\"ListItem\",\"position\":1,\"name\":\"Strona g\u0142\u00f3wna\",\"item\":\"https:\\\/\\\/jzi.org.pl\\\/\"},{\"@type\":\"ListItem\",\"position\":2,\"name\":\"Sklep\",\"item\":\"https:\\\/\\\/jzi.org.pl\\\/sklep\\\/\"},{\"@type\":\"ListItem\",\"position\":3,\"name\":\"Wojna w mojej pami\u0119ci\"}]},{\"@type\":\"WebSite\",\"@id\":\"https:\\\/\\\/jzi.org.pl\\\/#website\",\"url\":\"https:\\\/\\\/jzi.org.pl\\\/\",\"name\":\"Jami\u0144ski Zesp\u00f3\u0142 Indeksacyjny\",\"description\":\"\",\"publisher\":{\"@id\":\"https:\\\/\\\/jzi.org.pl\\\/#organization\"},\"potentialAction\":[{\"@type\":\"SearchAction\",\"target\":{\"@type\":\"EntryPoint\",\"urlTemplate\":\"https:\\\/\\\/jzi.org.pl\\\/?s={search_term_string}\"},\"query-input\":{\"@type\":\"PropertyValueSpecification\",\"valueRequired\":true,\"valueName\":\"search_term_string\"}}],\"inLanguage\":\"en-US\"},{\"@type\":\"Organization\",\"@id\":\"https:\\\/\\\/jzi.org.pl\\\/#organization\",\"name\":\"Jami\u0144ski Zesp\u00f3\u0142 Indeksacyjny\",\"url\":\"https:\\\/\\\/jzi.org.pl\\\/\",\"logo\":{\"@type\":\"ImageObject\",\"inLanguage\":\"en-US\",\"@id\":\"https:\\\/\\\/jzi.org.pl\\\/#\\\/schema\\\/logo\\\/image\\\/\",\"url\":\"https:\\\/\\\/jzi.org.pl\\\/wp-content\\\/uploads\\\/2019\\\/03\\\/logo-stowarzyszenie-jzi.png\",\"contentUrl\":\"https:\\\/\\\/jzi.org.pl\\\/wp-content\\\/uploads\\\/2019\\\/03\\\/logo-stowarzyszenie-jzi.png\",\"width\":931,\"height\":990,\"caption\":\"Jami\u0144ski Zesp\u00f3\u0142 Indeksacyjny\"},\"image\":{\"@id\":\"https:\\\/\\\/jzi.org.pl\\\/#\\\/schema\\\/logo\\\/image\\\/\"},\"sameAs\":[\"https:\\\/\\\/www.facebook.com\\\/Jaminski.Zespol.Indeksacyjny\\\/\"]}]}<\/script>\n<!-- \/ Yoast SEO plugin. -->","yoast_head_json":{"title":"Wojna w mojej pami\u0119ci - Jami\u0144ski Zesp\u00f3\u0142 Indeksacyjny","robots":{"index":"index","follow":"follow","max-snippet":"max-snippet:-1","max-image-preview":"max-image-preview:large","max-video-preview":"max-video-preview:-1"},"canonical":"https:\/\/jzi.org.pl\/en\/product\/wojna-w-mojej-pamieci\/","og_locale":"en_US","og_type":"article","og_title":"Wojna w mojej pami\u0119ci","og_description":"Autor: Piotr ChilickiWydanie: 1ISBN: 978-83-945017-2-3Stron: 121Format: 15x21 cmOk\u0142adka: mi\u0119kka, lakierowana Jest to zapis wspomnie\u0144 Piotra Chilickiego z Jamin z okresu oko\u0142o wojennego z lat 1938-1950, bogato zilustrowany zdj\u0119ciami, pt. \u201eWojna w mojej pami\u0119ci\u201d. Ksi\u0105\u017cka ta to doskona\u0142a lekcja historii tamtych czas\u00f3w widziana z perspektywy ma\u0142ej ojczyzny, w\u0142asnej rodziny i otoczenia. Napisana, jak przekaza\u0142 sam autor: [&hellip;]","og_url":"https:\/\/jzi.org.pl\/en\/product\/wojna-w-mojej-pamieci\/","og_site_name":"Jami\u0144ski Zesp\u00f3\u0142 Indeksacyjny","article_publisher":"https:\/\/www.facebook.com\/Jaminski.Zespol.Indeksacyjny\/","article_modified_time":"2026-01-22T18:01:02+00:00","og_image":[{"width":862,"height":1231,"url":"https:\/\/jzi.org.pl\/wp-content\/uploads\/Wojna-w-mojej-pami\u0119ci\/cover_148x210_mm_1000_SC-2.png","type":"image\/png"}],"twitter_card":"summary_large_image","twitter_misc":{"Est. reading time":"1 minute"},"schema":{"@context":"https:\/\/schema.org","@graph":[{"@type":"WebPage","@id":"https:\/\/jzi.org.pl\/en\/product\/wojna-w-mojej-pamieci\/","url":"https:\/\/jzi.org.pl\/en\/product\/wojna-w-mojej-pamieci\/","name":"Wojna w mojej pami\u0119ci - Jami\u0144ski Zesp\u00f3\u0142 Indeksacyjny","isPartOf":{"@id":"https:\/\/jzi.org.pl\/#website"},"primaryImageOfPage":{"@id":"https:\/\/jzi.org.pl\/en\/product\/wojna-w-mojej-pamieci\/#primaryimage"},"image":{"@id":"https:\/\/jzi.org.pl\/en\/product\/wojna-w-mojej-pamieci\/#primaryimage"},"thumbnailUrl":"https:\/\/jzi.org.pl\/wp-content\/uploads\/Wojna-w-mojej-pami\u0119ci\/cover_148x210_mm_1000_SC-2.png","datePublished":"2017-06-23T16:08:01+00:00","dateModified":"2026-01-22T18:01:02+00:00","breadcrumb":{"@id":"https:\/\/jzi.org.pl\/en\/product\/wojna-w-mojej-pamieci\/#breadcrumb"},"inLanguage":"en-US","potentialAction":[{"@type":"ReadAction","target":["https:\/\/jzi.org.pl\/en\/product\/wojna-w-mojej-pamieci\/"]}]},{"@type":"ImageObject","inLanguage":"en-US","@id":"https:\/\/jzi.org.pl\/en\/product\/wojna-w-mojej-pamieci\/#primaryimage","url":"https:\/\/jzi.org.pl\/wp-content\/uploads\/Wojna-w-mojej-pami\u0119ci\/cover_148x210_mm_1000_SC-2.png","contentUrl":"https:\/\/jzi.org.pl\/wp-content\/uploads\/Wojna-w-mojej-pami\u0119ci\/cover_148x210_mm_1000_SC-2.png","width":862,"height":1231},{"@type":"BreadcrumbList","@id":"https:\/\/jzi.org.pl\/en\/product\/wojna-w-mojej-pamieci\/#breadcrumb","itemListElement":[{"@type":"ListItem","position":1,"name":"Strona g\u0142\u00f3wna","item":"https:\/\/jzi.org.pl\/"},{"@type":"ListItem","position":2,"name":"Sklep","item":"https:\/\/jzi.org.pl\/sklep\/"},{"@type":"ListItem","position":3,"name":"Wojna w mojej pami\u0119ci"}]},{"@type":"WebSite","@id":"https:\/\/jzi.org.pl\/#website","url":"https:\/\/jzi.org.pl\/","name":"Jaminy Indexing Team","description":"","publisher":{"@id":"https:\/\/jzi.org.pl\/#organization"},"potentialAction":[{"@type":"SearchAction","target":{"@type":"EntryPoint","urlTemplate":"https:\/\/jzi.org.pl\/?s={search_term_string}"},"query-input":{"@type":"PropertyValueSpecification","valueRequired":true,"valueName":"search_term_string"}}],"inLanguage":"en-US"},{"@type":"Organization","@id":"https:\/\/jzi.org.pl\/#organization","name":"Jaminy Indexing Team","url":"https:\/\/jzi.org.pl\/","logo":{"@type":"ImageObject","inLanguage":"en-US","@id":"https:\/\/jzi.org.pl\/#\/schema\/logo\/image\/","url":"https:\/\/jzi.org.pl\/wp-content\/uploads\/2019\/03\/logo-stowarzyszenie-jzi.png","contentUrl":"https:\/\/jzi.org.pl\/wp-content\/uploads\/2019\/03\/logo-stowarzyszenie-jzi.png","width":931,"height":990,"caption":"Jami\u0144ski Zesp\u00f3\u0142 Indeksacyjny"},"image":{"@id":"https:\/\/jzi.org.pl\/#\/schema\/logo\/image\/"},"sameAs":["https:\/\/www.facebook.com\/Jaminski.Zespol.Indeksacyjny\/"]}]}},"jetpack_likes_enabled":true,"jetpack_sharing_enabled":true,"_links":{"self":[{"href":"https:\/\/jzi.org.pl\/en\/wp-json\/wp\/v2\/product\/476","targetHints":{"allow":["GET"]}}],"collection":[{"href":"https:\/\/jzi.org.pl\/en\/wp-json\/wp\/v2\/product"}],"about":[{"href":"https:\/\/jzi.org.pl\/en\/wp-json\/wp\/v2\/types\/product"}],"author":[{"embeddable":true,"href":"https:\/\/jzi.org.pl\/en\/wp-json\/wp\/v2\/users\/1"}],"replies":[{"embeddable":true,"href":"https:\/\/jzi.org.pl\/en\/wp-json\/wp\/v2\/comments?post=476"}],"wp:featuredmedia":[{"embeddable":true,"href":"https:\/\/jzi.org.pl\/en\/wp-json\/wp\/v2\/media\/312"}],"wp:attachment":[{"href":"https:\/\/jzi.org.pl\/en\/wp-json\/wp\/v2\/media?parent=476"}],"wp:term":[{"taxonomy":"product_brand","embeddable":true,"href":"https:\/\/jzi.org.pl\/en\/wp-json\/wp\/v2\/product_brand?post=476"},{"taxonomy":"product_cat","embeddable":true,"href":"https:\/\/jzi.org.pl\/en\/wp-json\/wp\/v2\/product_cat?post=476"},{"taxonomy":"product_tag","embeddable":true,"href":"https:\/\/jzi.org.pl\/en\/wp-json\/wp\/v2\/product_tag?post=476"}],"curies":[{"name":"wp","href":"https:\/\/api.w.org\/{rel}","templated":true}]}}