{"id":464,"date":"2017-06-23T17:00:52","date_gmt":"2017-06-23T15:00:52","guid":{"rendered":"http:\/\/myview360.eu\/WordPress\/?post_type=product&#038;p=464"},"modified":"2025-01-18T10:44:28","modified_gmt":"2025-01-18T09:44:28","slug":"jaminy-1-urodzenia","status":"publish","type":"product","link":"https:\/\/jzi.org.pl\/en\/product\/jaminy-1-urodzenia\/","title":{"rendered":"Jaminy &#8211; 1 &#8211; Urodzenia"},"content":{"rendered":"<p>Edition: 1<\/p>\n<p>ISBN: 978-83-945017-0-9<\/p>\n<p>Pages: 642<\/p>\n<p>Format: 17 x 24 cm (B5)<\/p>\n<p>Cover: hard, lacquered<\/p>\n<h4>More information<\/h4>\n<div id=\"pg-72-1\" class=\"panel-grid panel-no-style\">\n<div id=\"pgc-72-1-0\" class=\"panel-grid-cell\">\n<div id=\"panel-72-1-0-0\" class=\"so-panel widget widget_sow-editor panel-first-child panel-last-child\" data-index=\"3\">\n<div class=\"so-widget-sow-editor so-widget-sow-editor-base\">\n<div class=\"siteorigin-widget-tinymce textwidget\">\n<p>Publikacja obejmuje lata 1759-1912. Praktycznie wszystkie ksi\u0119gi zosta\u0142y zachowane, cho\u0107 ich stan jest r\u00f3\u017cny. Wi\u0119kszo\u015b\u0107 z nich zosta\u0142a odnaleziona podczas remontu plebanii w latach 1990-tych pod pod\u0142og\u0105 strychu. Najstarsza z nich ma mocno uszkodzony jeden naro\u017cnik, prawdopodobnie przez myszy, przez co cz\u0119\u015b\u0107 zapis\u00f3w jest niepe\u0142na. Brakuje te\u017c zapis\u00f3w z lat 1890-1891. Pomimo to mo\u017cna dzi\u0119kowa\u0107 losowi, \u017ce a\u017c tyle informacji uda\u0142o si\u0119 odzyska\u0107.<\/p>\n<p>We indexed and verified to the best of our knowledge, but nevertheless errors may arise due to many factors. First of all, poor readability of some entries, but also carelessness of the recorder (it was not always a priest). Also the names themselves evolved over time, and despite the fact that we tried to write them in a modern sound, it was not always possible to determine it. In addition, it should be remembered that the monotonicity of the work itself introduces a source of errors - despite proper reading, the record in electronic form has been registered with an error.<\/p>\n<p>Wczesne zapisy mog\u0105 nie zawiera\u0107 kompletu danych, gdy\u017c przed wprowadzeniem Kodeksu Napoleona w 1808 roku nie by\u0142o \u015bcis\u0142ych wymog\u00f3w co do formy zapis\u00f3w metrykalnych. W latach 1808-1825 by\u0142y prowadzone r\u00f3wnolegle ksi\u0119gi ko\u015bcielne wyznania rzymsko-katolickiego oraz Akta Stanu Cywilnego, zwykle prowadzone r\u00f3wnie\u017c przez proboszcza miejscowej parafii, obejmuj\u0105ce wszystkie wyznania. Po roku 1825 ksi\u0119gi ko\u015bcielne i Stanu Cywilnego sta\u0142y si\u0119 to\u017csame, aczkolwiek osobne dla ka\u017cdego wyznania. W przypadku Jamin nie zachowa\u0142y si\u0119, \u017cadne ksi\u0119gi Akt Stanu Cywilnego z okresu 1808-1825, ale zachowa\u0142y si\u0119 r\u00f3wnolegle prowadzone ksi\u0119gi ko\u015bcielne.<\/p>\n<\/div>\n<\/div>\n<\/div>\n<\/div>\n<\/div>","protected":false},"excerpt":{"rendered":"<p>Wydanie: 1 ISBN: 978-83-945017-0-9 Stron: 642 Format: 17 x 24 cm (B5) Ok\u0142adka: twarda, lakierowana Wi\u0119cej informacji Publikacja obejmuje lata 1759-1912. Praktycznie wszystkie ksi\u0119gi zosta\u0142y zachowane, cho\u0107 ich stan jest r\u00f3\u017cny. Wi\u0119kszo\u015b\u0107 z nich zosta\u0142a odnaleziona podczas remontu plebanii w latach 1990-tych pod pod\u0142og\u0105 strychu. Najstarsza z nich ma mocno uszkodzony jeden naro\u017cnik, prawdopodobnie przez [&hellip;]<\/p>\n","protected":false},"author":1,"featured_media":261,"comment_status":"open","ping_status":"closed","template":"","meta":{"h5ap_radio_sources":[],"jetpack_post_was_ever_published":false},"product_brand":[],"product_cat":[272,341],"product_tag":[353,366],"class_list":{"0":"post-464","1":"product","2":"type-product","3":"status-publish","4":"has-post-thumbnail","6":"product_cat-ksiazki","7":"product_cat-nadbiebrzanskie-parafie","8":"product_tag-indeksy","9":"product_tag-jaminy","11":"first","12":"outofstock","13":"taxable","14":"shipping-taxable","15":"purchasable","16":"product-type-simple"},"supplier_id":16598,"supplier_sku":"","barcode":null,"atum_controlled":true,"out_stock_date":"2024-12-24 00:35:18","out_stock_threshold":null,"inheritable":false,"inbound_stock":0,"stock_on_hold":0,"sold_today":0,"sales_last_days":0,"reserved_stock":0,"customer_returns":0,"warehouse_damage":0,"lost_in_post":0,"other_logs":0,"out_stock_days":473,"lost_sales":4594,"has_location":false,"update_date":"2026-04-12T00:05:29","atum_locations":[],"atum_stock_status":"outofstock","restock_status":false,"low_stock_amount":1,"sales_update_date":"2026-04-12T00:05:29","calc_backorders":null,"yoast_head":"<!-- This site is optimized with the Yoast SEO plugin v27.3 - https:\/\/yoast.com\/product\/yoast-seo-wordpress\/ -->\n<title>Jaminy - 1 - Urodzenia - Jami\u0144ski Zesp\u00f3\u0142 Indeksacyjny<\/title>\n<meta name=\"robots\" content=\"index, follow, max-snippet:-1, max-image-preview:large, max-video-preview:-1\" \/>\n<link rel=\"canonical\" href=\"https:\/\/jzi.org.pl\/en\/product\/jaminy-1-urodzenia\/\" \/>\n<meta property=\"og:locale\" content=\"en_US\" \/>\n<meta property=\"og:type\" content=\"article\" \/>\n<meta property=\"og:title\" content=\"Jaminy - 1 - Urodzenia\" \/>\n<meta property=\"og:description\" content=\"Wydanie: 1 ISBN: 978-83-945017-0-9 Stron: 642 Format: 17 x 24 cm (B5) Ok\u0142adka: twarda, lakierowana Wi\u0119cej informacji Publikacja obejmuje lata 1759-1912. Praktycznie wszystkie ksi\u0119gi zosta\u0142y zachowane, cho\u0107 ich stan jest r\u00f3\u017cny. Wi\u0119kszo\u015b\u0107 z nich zosta\u0142a odnaleziona podczas remontu plebanii w latach 1990-tych pod pod\u0142og\u0105 strychu. Najstarsza z nich ma mocno uszkodzony jeden naro\u017cnik, prawdopodobnie przez [&hellip;]\" \/>\n<meta property=\"og:url\" content=\"https:\/\/jzi.org.pl\/en\/product\/jaminy-1-urodzenia\/\" \/>\n<meta property=\"og:site_name\" content=\"Jami\u0144ski Zesp\u00f3\u0142 Indeksacyjny\" \/>\n<meta property=\"article:publisher\" content=\"https:\/\/www.facebook.com\/Jaminski.Zespol.Indeksacyjny\/\" \/>\n<meta property=\"article:modified_time\" content=\"2025-01-18T09:44:28+00:00\" \/>\n<meta property=\"og:image\" content=\"https:\/\/jzi.org.pl\/wp-content\/uploads\/Jaminy-1-Urodzenia\/Jaminy-1-Urodzenia.jpg\" \/>\n\t<meta property=\"og:image:width\" content=\"980\" \/>\n\t<meta property=\"og:image:height\" content=\"1384\" \/>\n\t<meta property=\"og:image:type\" content=\"image\/jpeg\" \/>\n<meta name=\"twitter:card\" content=\"summary_large_image\" \/>\n<meta name=\"twitter:label1\" content=\"Est. reading time\" \/>\n\t<meta name=\"twitter:data1\" content=\"2 minutes\" \/>\n<script type=\"application\/ld+json\" class=\"yoast-schema-graph\">{\"@context\":\"https:\\\/\\\/schema.org\",\"@graph\":[{\"@type\":\"WebPage\",\"@id\":\"https:\\\/\\\/jzi.org.pl\\\/produkt\\\/jaminy-1-urodzenia\\\/\",\"url\":\"https:\\\/\\\/jzi.org.pl\\\/produkt\\\/jaminy-1-urodzenia\\\/\",\"name\":\"Jaminy - 1 - Urodzenia - Jami\u0144ski Zesp\u00f3\u0142 Indeksacyjny\",\"isPartOf\":{\"@id\":\"https:\\\/\\\/jzi.org.pl\\\/#website\"},\"primaryImageOfPage\":{\"@id\":\"https:\\\/\\\/jzi.org.pl\\\/produkt\\\/jaminy-1-urodzenia\\\/#primaryimage\"},\"image\":{\"@id\":\"https:\\\/\\\/jzi.org.pl\\\/produkt\\\/jaminy-1-urodzenia\\\/#primaryimage\"},\"thumbnailUrl\":\"https:\\\/\\\/jzi.org.pl\\\/wp-content\\\/uploads\\\/Jaminy-1-Urodzenia\\\/Jaminy-1-Urodzenia.jpg\",\"datePublished\":\"2017-06-23T15:00:52+00:00\",\"dateModified\":\"2025-01-18T09:44:28+00:00\",\"breadcrumb\":{\"@id\":\"https:\\\/\\\/jzi.org.pl\\\/produkt\\\/jaminy-1-urodzenia\\\/#breadcrumb\"},\"inLanguage\":\"en-US\",\"potentialAction\":[{\"@type\":\"ReadAction\",\"target\":[\"https:\\\/\\\/jzi.org.pl\\\/produkt\\\/jaminy-1-urodzenia\\\/\"]}]},{\"@type\":\"ImageObject\",\"inLanguage\":\"en-US\",\"@id\":\"https:\\\/\\\/jzi.org.pl\\\/produkt\\\/jaminy-1-urodzenia\\\/#primaryimage\",\"url\":\"https:\\\/\\\/jzi.org.pl\\\/wp-content\\\/uploads\\\/Jaminy-1-Urodzenia\\\/Jaminy-1-Urodzenia.jpg\",\"contentUrl\":\"https:\\\/\\\/jzi.org.pl\\\/wp-content\\\/uploads\\\/Jaminy-1-Urodzenia\\\/Jaminy-1-Urodzenia.jpg\",\"width\":980,\"height\":1384},{\"@type\":\"BreadcrumbList\",\"@id\":\"https:\\\/\\\/jzi.org.pl\\\/produkt\\\/jaminy-1-urodzenia\\\/#breadcrumb\",\"itemListElement\":[{\"@type\":\"ListItem\",\"position\":1,\"name\":\"Strona g\u0142\u00f3wna\",\"item\":\"https:\\\/\\\/jzi.org.pl\\\/\"},{\"@type\":\"ListItem\",\"position\":2,\"name\":\"Sklep\",\"item\":\"https:\\\/\\\/jzi.org.pl\\\/sklep\\\/\"},{\"@type\":\"ListItem\",\"position\":3,\"name\":\"Jaminy &#8211; 1 &#8211; Urodzenia\"}]},{\"@type\":\"WebSite\",\"@id\":\"https:\\\/\\\/jzi.org.pl\\\/#website\",\"url\":\"https:\\\/\\\/jzi.org.pl\\\/\",\"name\":\"Jami\u0144ski Zesp\u00f3\u0142 Indeksacyjny\",\"description\":\"\",\"publisher\":{\"@id\":\"https:\\\/\\\/jzi.org.pl\\\/#organization\"},\"potentialAction\":[{\"@type\":\"SearchAction\",\"target\":{\"@type\":\"EntryPoint\",\"urlTemplate\":\"https:\\\/\\\/jzi.org.pl\\\/?s={search_term_string}\"},\"query-input\":{\"@type\":\"PropertyValueSpecification\",\"valueRequired\":true,\"valueName\":\"search_term_string\"}}],\"inLanguage\":\"en-US\"},{\"@type\":\"Organization\",\"@id\":\"https:\\\/\\\/jzi.org.pl\\\/#organization\",\"name\":\"Jami\u0144ski Zesp\u00f3\u0142 Indeksacyjny\",\"url\":\"https:\\\/\\\/jzi.org.pl\\\/\",\"logo\":{\"@type\":\"ImageObject\",\"inLanguage\":\"en-US\",\"@id\":\"https:\\\/\\\/jzi.org.pl\\\/#\\\/schema\\\/logo\\\/image\\\/\",\"url\":\"https:\\\/\\\/jzi.org.pl\\\/wp-content\\\/uploads\\\/2019\\\/03\\\/logo-stowarzyszenie-jzi.png\",\"contentUrl\":\"https:\\\/\\\/jzi.org.pl\\\/wp-content\\\/uploads\\\/2019\\\/03\\\/logo-stowarzyszenie-jzi.png\",\"width\":931,\"height\":990,\"caption\":\"Jami\u0144ski Zesp\u00f3\u0142 Indeksacyjny\"},\"image\":{\"@id\":\"https:\\\/\\\/jzi.org.pl\\\/#\\\/schema\\\/logo\\\/image\\\/\"},\"sameAs\":[\"https:\\\/\\\/www.facebook.com\\\/Jaminski.Zespol.Indeksacyjny\\\/\"]}]}<\/script>\n<!-- \/ Yoast SEO plugin. -->","yoast_head_json":{"title":"Jaminy - 1 - Urodzenia - Jami\u0144ski Zesp\u00f3\u0142 Indeksacyjny","robots":{"index":"index","follow":"follow","max-snippet":"max-snippet:-1","max-image-preview":"max-image-preview:large","max-video-preview":"max-video-preview:-1"},"canonical":"https:\/\/jzi.org.pl\/en\/product\/jaminy-1-urodzenia\/","og_locale":"en_US","og_type":"article","og_title":"Jaminy - 1 - Urodzenia","og_description":"Wydanie: 1 ISBN: 978-83-945017-0-9 Stron: 642 Format: 17 x 24 cm (B5) Ok\u0142adka: twarda, lakierowana Wi\u0119cej informacji Publikacja obejmuje lata 1759-1912. Praktycznie wszystkie ksi\u0119gi zosta\u0142y zachowane, cho\u0107 ich stan jest r\u00f3\u017cny. Wi\u0119kszo\u015b\u0107 z nich zosta\u0142a odnaleziona podczas remontu plebanii w latach 1990-tych pod pod\u0142og\u0105 strychu. Najstarsza z nich ma mocno uszkodzony jeden naro\u017cnik, prawdopodobnie przez [&hellip;]","og_url":"https:\/\/jzi.org.pl\/en\/product\/jaminy-1-urodzenia\/","og_site_name":"Jami\u0144ski Zesp\u00f3\u0142 Indeksacyjny","article_publisher":"https:\/\/www.facebook.com\/Jaminski.Zespol.Indeksacyjny\/","article_modified_time":"2025-01-18T09:44:28+00:00","og_image":[{"width":980,"height":1384,"url":"https:\/\/jzi.org.pl\/wp-content\/uploads\/Jaminy-1-Urodzenia\/Jaminy-1-Urodzenia.jpg","type":"image\/jpeg"}],"twitter_card":"summary_large_image","twitter_misc":{"Est. reading time":"2 minutes"},"schema":{"@context":"https:\/\/schema.org","@graph":[{"@type":"WebPage","@id":"https:\/\/jzi.org.pl\/produkt\/jaminy-1-urodzenia\/","url":"https:\/\/jzi.org.pl\/produkt\/jaminy-1-urodzenia\/","name":"Jaminy - 1 - Urodzenia - Jami\u0144ski Zesp\u00f3\u0142 Indeksacyjny","isPartOf":{"@id":"https:\/\/jzi.org.pl\/#website"},"primaryImageOfPage":{"@id":"https:\/\/jzi.org.pl\/produkt\/jaminy-1-urodzenia\/#primaryimage"},"image":{"@id":"https:\/\/jzi.org.pl\/produkt\/jaminy-1-urodzenia\/#primaryimage"},"thumbnailUrl":"https:\/\/jzi.org.pl\/wp-content\/uploads\/Jaminy-1-Urodzenia\/Jaminy-1-Urodzenia.jpg","datePublished":"2017-06-23T15:00:52+00:00","dateModified":"2025-01-18T09:44:28+00:00","breadcrumb":{"@id":"https:\/\/jzi.org.pl\/produkt\/jaminy-1-urodzenia\/#breadcrumb"},"inLanguage":"en-US","potentialAction":[{"@type":"ReadAction","target":["https:\/\/jzi.org.pl\/produkt\/jaminy-1-urodzenia\/"]}]},{"@type":"ImageObject","inLanguage":"en-US","@id":"https:\/\/jzi.org.pl\/produkt\/jaminy-1-urodzenia\/#primaryimage","url":"https:\/\/jzi.org.pl\/wp-content\/uploads\/Jaminy-1-Urodzenia\/Jaminy-1-Urodzenia.jpg","contentUrl":"https:\/\/jzi.org.pl\/wp-content\/uploads\/Jaminy-1-Urodzenia\/Jaminy-1-Urodzenia.jpg","width":980,"height":1384},{"@type":"BreadcrumbList","@id":"https:\/\/jzi.org.pl\/produkt\/jaminy-1-urodzenia\/#breadcrumb","itemListElement":[{"@type":"ListItem","position":1,"name":"Strona g\u0142\u00f3wna","item":"https:\/\/jzi.org.pl\/"},{"@type":"ListItem","position":2,"name":"Sklep","item":"https:\/\/jzi.org.pl\/sklep\/"},{"@type":"ListItem","position":3,"name":"Jaminy &#8211; 1 &#8211; Urodzenia"}]},{"@type":"WebSite","@id":"https:\/\/jzi.org.pl\/#website","url":"https:\/\/jzi.org.pl\/","name":"Jaminy Indexing Team","description":"","publisher":{"@id":"https:\/\/jzi.org.pl\/#organization"},"potentialAction":[{"@type":"SearchAction","target":{"@type":"EntryPoint","urlTemplate":"https:\/\/jzi.org.pl\/?s={search_term_string}"},"query-input":{"@type":"PropertyValueSpecification","valueRequired":true,"valueName":"search_term_string"}}],"inLanguage":"en-US"},{"@type":"Organization","@id":"https:\/\/jzi.org.pl\/#organization","name":"Jaminy Indexing Team","url":"https:\/\/jzi.org.pl\/","logo":{"@type":"ImageObject","inLanguage":"en-US","@id":"https:\/\/jzi.org.pl\/#\/schema\/logo\/image\/","url":"https:\/\/jzi.org.pl\/wp-content\/uploads\/2019\/03\/logo-stowarzyszenie-jzi.png","contentUrl":"https:\/\/jzi.org.pl\/wp-content\/uploads\/2019\/03\/logo-stowarzyszenie-jzi.png","width":931,"height":990,"caption":"Jami\u0144ski Zesp\u00f3\u0142 Indeksacyjny"},"image":{"@id":"https:\/\/jzi.org.pl\/#\/schema\/logo\/image\/"},"sameAs":["https:\/\/www.facebook.com\/Jaminski.Zespol.Indeksacyjny\/"]}]}},"jetpack_likes_enabled":true,"jetpack_sharing_enabled":true,"_links":{"self":[{"href":"https:\/\/jzi.org.pl\/en\/wp-json\/wp\/v2\/product\/464","targetHints":{"allow":["GET"]}}],"collection":[{"href":"https:\/\/jzi.org.pl\/en\/wp-json\/wp\/v2\/product"}],"about":[{"href":"https:\/\/jzi.org.pl\/en\/wp-json\/wp\/v2\/types\/product"}],"author":[{"embeddable":true,"href":"https:\/\/jzi.org.pl\/en\/wp-json\/wp\/v2\/users\/1"}],"replies":[{"embeddable":true,"href":"https:\/\/jzi.org.pl\/en\/wp-json\/wp\/v2\/comments?post=464"}],"wp:featuredmedia":[{"embeddable":true,"href":"https:\/\/jzi.org.pl\/en\/wp-json\/wp\/v2\/media\/261"}],"wp:attachment":[{"href":"https:\/\/jzi.org.pl\/en\/wp-json\/wp\/v2\/media?parent=464"}],"wp:term":[{"taxonomy":"product_brand","embeddable":true,"href":"https:\/\/jzi.org.pl\/en\/wp-json\/wp\/v2\/product_brand?post=464"},{"taxonomy":"product_cat","embeddable":true,"href":"https:\/\/jzi.org.pl\/en\/wp-json\/wp\/v2\/product_cat?post=464"},{"taxonomy":"product_tag","embeddable":true,"href":"https:\/\/jzi.org.pl\/en\/wp-json\/wp\/v2\/product_tag?post=464"}],"curies":[{"name":"wp","href":"https:\/\/api.w.org\/{rel}","templated":true}]}}