{"id":3678,"date":"2018-03-05T19:13:50","date_gmt":"2018-03-05T18:13:50","guid":{"rendered":"http:\/\/jzi.org.pl\/?post_type=product&#038;p=3678"},"modified":"2026-02-11T12:27:58","modified_gmt":"2026-02-11T11:27:58","slug":"opowiesci-z-domu-pod-topola","status":"publish","type":"product","link":"https:\/\/jzi.org.pl\/en\/product\/opowiesci-z-domu-pod-topola\/","title":{"rendered":"Opowie\u015bci z domu pod topol\u0105"},"content":{"rendered":"<div id=\"pl-3678\"  class=\"panel-layout\" ><div id=\"pg-3678-0\"  class=\"panel-grid panel-no-style\" ><div id=\"pgc-3678-0-0\"  class=\"panel-grid-cell\" ><div id=\"panel-3678-0-0-0\" class=\"so-panel widget widget_sow-editor panel-first-child\" data-index=\"0\" ><div\n\t\t\t\n\t\t\tclass=\"so-widget-sow-editor so-widget-sow-editor-base\"\n\t\t\t\n\t\t>\n<div class=\"siteorigin-widget-tinymce textwidget\">\n\t<p>Author: J\u00f3zefa Drozdowska<\/p>\n<p>Edition: 1<\/p>\n<p>ISBN: 978-83-945017-4-7<\/p>\n<p>Pages: 150<\/p>\n<p>Format: 15 x 21 cm (A5)<\/p>\n<p>Cover: soft, lacquered<\/p>\n<\/div>\n<\/div><\/div><div id=\"panel-3678-0-0-1\" class=\"so-panel widget widget_sow-editor\" data-index=\"1\" ><div\n\t\t\t\n\t\t\tclass=\"so-widget-sow-editor so-widget-sow-editor-base\"\n\t\t\t\n\t\t><h3 class=\"widget-title\">More information<\/h3>\n<div class=\"siteorigin-widget-tinymce textwidget\">\n\t<div id=\"pg-3663-1\" class=\"panel-grid panel-no-style\">\n<div id=\"pgc-3663-1-0\" class=\"panel-grid-cell\">\n<div id=\"panel-3663-1-0-0\" class=\"so-panel widget widget_sow-editor panel-first-child panel-last-child\" data-index=\"3\">\n<div class=\"panel-widget-style panel-widget-style-for-3663-1-0-0\">\n<div class=\"so-widget-sow-editor so-widget-sow-editor-base\">\n<div class=\"siteorigin-widget-tinymce textwidget\">\n<p>This book is a collection of twenty-two chats, memories of the author from her childhood, arranged chronologically by liturgical year. J\u00f3zefa Drozdowska wrote them, she has been living in August\u00f3w and was born in nearby Jeziorki. Poet, author of children's books, regionalist, librarian, tourist guide. She published her texts in many magazines, she is also a member of the Polish Writers' Union. The stories contained in the book were published in the last 20 years in \"Przegl\u0105d Augustowski\", \"Krajobrazy\" and \"Martyria\".<\/p>\n<p>\"Tales From Home Under The Poplar\" is a magical journey in time, described in a beautiful, transparent form. Reading the tales, starting from the first ones, we can hear the uncle of the author Stanis\u0142aw whispering prayers from an old cantina, feel the smell of the Christmas tree and pick out with the ear the clink of dishes coming from the kitchen, where Christmas dishes were prepared. Imagine the Christmas tree decorations hidden in cardboard boxes. Not like today, because mostly made by hand by all household members. In the following stories you can feel the smell of May lilac growing by the roadside cross and hear the rumble of carts heading for the indulgence to Studzieniczna on Pentecost in the early morning. The last ones take us to the gray end of autumn and the graves of our loved ones lit by candles.<\/p>\n<p>The whole was illustrated with beautiful drawings by Renata Rybsztat.<\/p>\n<\/div>\n<\/div>\n<\/div>\n<\/div>\n<\/div>\n<\/div>\n<\/div>\n<\/div><\/div><div id=\"panel-3678-0-0-2\" class=\"so-panel widget widget_sow-editor panel-last-child\" data-index=\"2\" ><div\n\t\t\t\n\t\t\tclass=\"so-widget-sow-editor so-widget-sow-editor-base\"\n\t\t\t\n\t\t><h3 class=\"widget-title\">List of persons mentioned in the content<\/h3>\n<div class=\"siteorigin-widget-tinymce textwidget\">\n\t<\/div>\n<\/div><\/div><\/div><\/div><div id=\"pg-3678-1\"  class=\"panel-grid panel-no-style\" ><div id=\"pgc-3678-1-0\"  class=\"panel-grid-cell\" ><div id=\"panel-3678-1-0-0\" class=\"so-panel widget widget_sow-editor panel-first-child panel-last-child\" data-index=\"3\" ><div\n\t\t\t\n\t\t\tclass=\"so-widget-sow-editor so-widget-sow-editor-base\"\n\t\t\t\n\t\t>\n<div class=\"siteorigin-widget-tinymce textwidget\">\n\t<p>Baturowa, Irenka<br \/>\nChmielewscy<br \/>\nCiruk, Barbara<br \/>\nDrozd, Bronis\u0142awa<br \/>\nFelkner, Jan<br \/>\nGloger, Zygmunt<br \/>\nJesionek, Feliks<br \/>\nKondratowicz, Agnieszka<br \/>\nKondratowicz, Jadzia<br \/>\nKondratowicz, Krysia<br \/>\nKondratowicz, Wac\u0142aw<\/p>\n<\/div>\n<\/div><\/div><\/div><div id=\"pgc-3678-1-1\"  class=\"panel-grid-cell\" ><div id=\"panel-3678-1-1-0\" class=\"so-panel widget widget_sow-editor panel-first-child panel-last-child\" data-index=\"4\" ><div\n\t\t\t\n\t\t\tclass=\"so-widget-sow-editor so-widget-sow-editor-base\"\n\t\t\t\n\t\t>\n<div class=\"siteorigin-widget-tinymce textwidget\">\n\t<p>Kondratowicz, Winia<br \/>\nLasota, Bronis\u0142aw<br \/>\nMickiewicz, Adam<br \/>\nMroziewski, Edward<br \/>\nNagolscy<br \/>\nNied\u017awieccy<br \/>\nOkr\u0105gli<br \/>\nOkr\u0105g\u0142a, Bo\u017cena<br \/>\nOkr\u0105g\u0142a, Helena<br \/>\nOleksiewicz, Lucjan<br \/>\nPrawdzikowie<\/p>\n<\/div>\n<\/div><\/div><\/div><div id=\"pgc-3678-1-2\"  class=\"panel-grid-cell\" ><div id=\"panel-3678-1-2-0\" class=\"so-panel widget widget_sow-editor panel-first-child panel-last-child\" data-index=\"5\" ><div\n\t\t\t\n\t\t\tclass=\"so-widget-sow-editor so-widget-sow-editor-base\"\n\t\t\t\n\t\t>\n<div class=\"siteorigin-widget-tinymce textwidget\">\n\t<p>Ru\u0142kowski, Piotr<br \/>\nSie\u0144kowska, Bronis\u0142awa<br \/>\nSie\u0144kowski, Bronis\u0142aw<br \/>\nSo\u0142tys, Henryk<br \/>\nSo\u0142tys, Wiktor<br \/>\nSo\u0142tysowie<br \/>\nTwardowski, Franciszek<br \/>\nTwardowski, Leszek<br \/>\nWyszy\u0144scy<br \/>\nZyskowska, Marysia<\/p>\n<\/div>\n<\/div><\/div><\/div><\/div><\/div>","protected":false},"excerpt":{"rendered":"<p>Autor: J\u00f3zefa Drozdowska Wydanie: 1 ISBN: 978-83-945017-4-7 Stron: 150 Format: 15 x 21 cm (A5) Ok\u0142adka: mi\u0119kka, lakierowana Ksi\u0105\u017cka ta stanowi zbi\u00f3r dwudziestu dw\u00f3ch gaw\u0119d, wspomnie\u0144 autorki z okresu dzieci\u0144stwa, u\u0142o\u017conych chronologicznie wed\u0142ug roku liturgicznego. Napisa\u0142a je J\u00f3zefa Drozdowska, zamieszka\u0142a w Augustowie, a urodzona w pobliskich Jeziorkach. Poetka, autorka ksi\u0105\u017cek dla dzieci, regionalistka, bibliotekarka, przewodnik [&hellip;]<\/p>\n","protected":false},"author":1,"featured_media":5427,"comment_status":"open","ping_status":"closed","template":"","meta":{"h5ap_radio_sources":[],"jetpack_post_was_ever_published":false},"product_brand":[],"product_cat":[272,342],"product_tag":[371],"class_list":{"0":"post-3678","1":"product","2":"type-product","3":"status-publish","4":"has-post-thumbnail","6":"product_cat-ksiazki","7":"product_cat-ocalic-od-zapomnienia","8":"product_tag-jeziorki","10":"first","11":"instock","12":"taxable","13":"shipping-taxable","14":"purchasable","15":"product-type-simple"},"supplier_id":16598,"supplier_sku":"","barcode":null,"atum_controlled":true,"out_stock_date":null,"out_stock_threshold":null,"inheritable":false,"inbound_stock":0,"stock_on_hold":0,"sold_today":0,"sales_last_days":0,"reserved_stock":0,"customer_returns":0,"warehouse_damage":0,"lost_in_post":0,"other_logs":0,"out_stock_days":0,"lost_sales":0,"has_location":false,"update_date":"2026-04-19T00:08:31","atum_locations":[],"atum_stock_status":"instock","restock_status":false,"low_stock_amount":2,"sales_update_date":"2026-04-19T00:08:31","calc_backorders":0,"yoast_head":"<!-- This site is optimized with the Yoast SEO plugin v27.4 - https:\/\/yoast.com\/product\/yoast-seo-wordpress\/ -->\n<title>Opowie\u015bci z domu pod topol\u0105 - Jami\u0144ski Zesp\u00f3\u0142 Indeksacyjny<\/title>\n<meta name=\"description\" content=\"Ksi\u0105\u017cka ta stanowi zbi\u00f3r dwudziestu dw\u00f3ch gaw\u0119d, wspomnie\u0144 autorki z okresu dzieci\u0144stwa, u\u0142o\u017conych chronologicznie wed\u0142ug roku liturgicznego. Napisa\u0142a je J\u00f3zefa Drozdowska, zamieszka\u0142a w Augustowie, a urodzona w pobliskich Jeziorkach.\" \/>\n<meta name=\"robots\" content=\"index, follow, max-snippet:-1, max-image-preview:large, max-video-preview:-1\" \/>\n<link rel=\"canonical\" href=\"https:\/\/jzi.org.pl\/en\/product\/opowiesci-z-domu-pod-topola\/\" \/>\n<meta property=\"og:locale\" content=\"en_US\" \/>\n<meta property=\"og:type\" content=\"article\" \/>\n<meta property=\"og:title\" content=\"Opowie\u015bci z domu pod topol\u0105\" \/>\n<meta property=\"og:description\" content=\"Ksi\u0105\u017cka ta stanowi zbi\u00f3r dwudziestu dw\u00f3ch gaw\u0119d, wspomnie\u0144 autorki z okresu dzieci\u0144stwa, u\u0142o\u017conych chronologicznie wed\u0142ug roku liturgicznego. Napisa\u0142a je J\u00f3zefa Drozdowska, zamieszka\u0142a w Augustowie, a urodzona w pobliskich Jeziorkach. Poetka, autor-ka ksi\u0105\u017cek dla dzieci, regionalistka, bibliotekarka, przewodnik turystyczny. Swoje teksty publikowa\u0142a w wielu czasopismach, jest te\u017c cz\u0142onkiem Zwi\u0105zku Literat\u00f3w Polskich. Zawarte w ksi\u0105\u017cce opowie\u015bci publikowane by\u0142y w przedziale ostatnich 20 lat na \u0142amach \u201ePrzegl\u0105du Augustowskiego\u201d, \u201eKrajobraz\u00f3w\u201d i \u201eMartyrii\u201d. \u201eOpowie\u015bci z domu pod topol\u0105\u201d to magiczna podr\u00f3\u017c w czasie, opisana w pi\u0119knej, przejrzystej formie. Czytaj\u0105c je, po-cz\u0105wszy od tych pierwszych, mo\u017cemy us\u0142ysze\u0107 stryja autorki Stanis\u0142awa szepcz\u0105cego modlitwy ze starej kantyczki, poczu\u0107 zapach choinki i wy\u0142owi\u0107 uchem brz\u0119k naczy\u0144 dochodz\u0105cy z kuchni, gdzie przygotowywane by\u0142y wigilijne potrawy. Oczami wyobra\u017ani da si\u0119 dostrzec schowane w tekturowych pud\u0142ach choinkowe ozdoby. Nie takie jak dzisiaj, bo w wi\u0119kszo\u015bci zrobio-ne r\u0119cznie przez wszystkich domownik\u00f3w. W dalszych opowie-\u015bciach mo\u017cna czu\u0107 zapach majowego bzu rosn\u0105cego przy przy-dro\u017cnym krzy\u017cu i s\u0142ysze\u0107 turkot furmanek zd\u0105\u017caj\u0105cych wcze-snym rankiem na odpust do Studzienicznej w Zielone \u015awi\u0105tki. Ostatnie przenosz\u0105 w szar\u0105 ko\u0144c\u00f3wk\u0119 jesieni i nad roz\u015bwietlone \u015bwieczkami groby naszych bliskich.\" \/>\n<meta property=\"og:url\" content=\"https:\/\/jzi.org.pl\/en\/product\/opowiesci-z-domu-pod-topola\/\" \/>\n<meta property=\"og:site_name\" content=\"Jami\u0144ski Zesp\u00f3\u0142 Indeksacyjny\" \/>\n<meta property=\"article:publisher\" content=\"https:\/\/www.facebook.com\/Jaminski.Zespol.Indeksacyjny\/\" \/>\n<meta property=\"article:modified_time\" content=\"2026-02-11T11:27:58+00:00\" \/>\n<meta property=\"og:image\" content=\"https:\/\/jzi.org.pl\/wp-content\/uploads\/2018\/03\/3_cover_148x210_mm_1300_SC1.jpg\" \/>\n\t<meta property=\"og:image:width\" content=\"1771\" \/>\n\t<meta property=\"og:image:height\" content=\"2550\" \/>\n\t<meta property=\"og:image:type\" content=\"image\/jpeg\" \/>\n<meta name=\"twitter:card\" content=\"summary_large_image\" \/>\n<meta name=\"twitter:label1\" content=\"Est. reading time\" \/>\n\t<meta name=\"twitter:data1\" content=\"2 minutes\" \/>\n<script type=\"application\/ld+json\" class=\"yoast-schema-graph\">{\"@context\":\"https:\\\/\\\/schema.org\",\"@graph\":[{\"@type\":\"WebPage\",\"@id\":\"https:\\\/\\\/jzi.org.pl\\\/en\\\/product\\\/opowiesci-z-domu-pod-topola\\\/\",\"url\":\"https:\\\/\\\/jzi.org.pl\\\/en\\\/product\\\/opowiesci-z-domu-pod-topola\\\/\",\"name\":\"Opowie\u015bci z domu pod topol\u0105 - Jami\u0144ski Zesp\u00f3\u0142 Indeksacyjny\",\"isPartOf\":{\"@id\":\"https:\\\/\\\/jzi.org.pl\\\/#website\"},\"primaryImageOfPage\":{\"@id\":\"https:\\\/\\\/jzi.org.pl\\\/en\\\/product\\\/opowiesci-z-domu-pod-topola\\\/#primaryimage\"},\"image\":{\"@id\":\"https:\\\/\\\/jzi.org.pl\\\/en\\\/product\\\/opowiesci-z-domu-pod-topola\\\/#primaryimage\"},\"thumbnailUrl\":\"https:\\\/\\\/jzi.org.pl\\\/wp-content\\\/uploads\\\/2018\\\/03\\\/3_cover_148x210_mm_1300_SC1.jpg\",\"datePublished\":\"2018-03-05T18:13:50+00:00\",\"dateModified\":\"2026-02-11T11:27:58+00:00\",\"description\":\"Ksi\u0105\u017cka ta stanowi zbi\u00f3r dwudziestu dw\u00f3ch gaw\u0119d, wspomnie\u0144 autorki z okresu dzieci\u0144stwa, u\u0142o\u017conych chronologicznie wed\u0142ug roku liturgicznego. Napisa\u0142a je J\u00f3zefa Drozdowska, zamieszka\u0142a w Augustowie, a urodzona w pobliskich Jeziorkach.\",\"breadcrumb\":{\"@id\":\"https:\\\/\\\/jzi.org.pl\\\/en\\\/product\\\/opowiesci-z-domu-pod-topola\\\/#breadcrumb\"},\"inLanguage\":\"en-US\",\"potentialAction\":[{\"@type\":\"ReadAction\",\"target\":[\"https:\\\/\\\/jzi.org.pl\\\/en\\\/product\\\/opowiesci-z-domu-pod-topola\\\/\"]}]},{\"@type\":\"ImageObject\",\"inLanguage\":\"en-US\",\"@id\":\"https:\\\/\\\/jzi.org.pl\\\/en\\\/product\\\/opowiesci-z-domu-pod-topola\\\/#primaryimage\",\"url\":\"https:\\\/\\\/jzi.org.pl\\\/wp-content\\\/uploads\\\/2018\\\/03\\\/3_cover_148x210_mm_1300_SC1.jpg\",\"contentUrl\":\"https:\\\/\\\/jzi.org.pl\\\/wp-content\\\/uploads\\\/2018\\\/03\\\/3_cover_148x210_mm_1300_SC1.jpg\",\"width\":1771,\"height\":2550},{\"@type\":\"BreadcrumbList\",\"@id\":\"https:\\\/\\\/jzi.org.pl\\\/en\\\/product\\\/opowiesci-z-domu-pod-topola\\\/#breadcrumb\",\"itemListElement\":[{\"@type\":\"ListItem\",\"position\":1,\"name\":\"Strona g\u0142\u00f3wna\",\"item\":\"https:\\\/\\\/jzi.org.pl\\\/\"},{\"@type\":\"ListItem\",\"position\":2,\"name\":\"Sklep\",\"item\":\"https:\\\/\\\/jzi.org.pl\\\/sklep\\\/\"},{\"@type\":\"ListItem\",\"position\":3,\"name\":\"Opowie\u015bci z domu pod topol\u0105\"}]},{\"@type\":\"WebSite\",\"@id\":\"https:\\\/\\\/jzi.org.pl\\\/#website\",\"url\":\"https:\\\/\\\/jzi.org.pl\\\/\",\"name\":\"Jami\u0144ski Zesp\u00f3\u0142 Indeksacyjny\",\"description\":\"\",\"publisher\":{\"@id\":\"https:\\\/\\\/jzi.org.pl\\\/#organization\"},\"potentialAction\":[{\"@type\":\"SearchAction\",\"target\":{\"@type\":\"EntryPoint\",\"urlTemplate\":\"https:\\\/\\\/jzi.org.pl\\\/?s={search_term_string}\"},\"query-input\":{\"@type\":\"PropertyValueSpecification\",\"valueRequired\":true,\"valueName\":\"search_term_string\"}}],\"inLanguage\":\"en-US\"},{\"@type\":\"Organization\",\"@id\":\"https:\\\/\\\/jzi.org.pl\\\/#organization\",\"name\":\"Jami\u0144ski Zesp\u00f3\u0142 Indeksacyjny\",\"url\":\"https:\\\/\\\/jzi.org.pl\\\/\",\"logo\":{\"@type\":\"ImageObject\",\"inLanguage\":\"en-US\",\"@id\":\"https:\\\/\\\/jzi.org.pl\\\/#\\\/schema\\\/logo\\\/image\\\/\",\"url\":\"https:\\\/\\\/jzi.org.pl\\\/wp-content\\\/uploads\\\/2019\\\/03\\\/logo-stowarzyszenie-jzi.png\",\"contentUrl\":\"https:\\\/\\\/jzi.org.pl\\\/wp-content\\\/uploads\\\/2019\\\/03\\\/logo-stowarzyszenie-jzi.png\",\"width\":931,\"height\":990,\"caption\":\"Jami\u0144ski Zesp\u00f3\u0142 Indeksacyjny\"},\"image\":{\"@id\":\"https:\\\/\\\/jzi.org.pl\\\/#\\\/schema\\\/logo\\\/image\\\/\"},\"sameAs\":[\"https:\\\/\\\/www.facebook.com\\\/Jaminski.Zespol.Indeksacyjny\\\/\"]}]}<\/script>\n<!-- \/ Yoast SEO plugin. -->","yoast_head_json":{"title":"Opowie\u015bci z domu pod topol\u0105 - Jami\u0144ski Zesp\u00f3\u0142 Indeksacyjny","description":"Ksi\u0105\u017cka ta stanowi zbi\u00f3r dwudziestu dw\u00f3ch gaw\u0119d, wspomnie\u0144 autorki z okresu dzieci\u0144stwa, u\u0142o\u017conych chronologicznie wed\u0142ug roku liturgicznego. Napisa\u0142a je J\u00f3zefa Drozdowska, zamieszka\u0142a w Augustowie, a urodzona w pobliskich Jeziorkach.","robots":{"index":"index","follow":"follow","max-snippet":"max-snippet:-1","max-image-preview":"max-image-preview:large","max-video-preview":"max-video-preview:-1"},"canonical":"https:\/\/jzi.org.pl\/en\/product\/opowiesci-z-domu-pod-topola\/","og_locale":"en_US","og_type":"article","og_title":"Opowie\u015bci z domu pod topol\u0105","og_description":"Ksi\u0105\u017cka ta stanowi zbi\u00f3r dwudziestu dw\u00f3ch gaw\u0119d, wspomnie\u0144 autorki z okresu dzieci\u0144stwa, u\u0142o\u017conych chronologicznie wed\u0142ug roku liturgicznego. Napisa\u0142a je J\u00f3zefa Drozdowska, zamieszka\u0142a w Augustowie, a urodzona w pobliskich Jeziorkach. Poetka, autor-ka ksi\u0105\u017cek dla dzieci, regionalistka, bibliotekarka, przewodnik turystyczny. Swoje teksty publikowa\u0142a w wielu czasopismach, jest te\u017c cz\u0142onkiem Zwi\u0105zku Literat\u00f3w Polskich. Zawarte w ksi\u0105\u017cce opowie\u015bci publikowane by\u0142y w przedziale ostatnich 20 lat na \u0142amach \u201ePrzegl\u0105du Augustowskiego\u201d, \u201eKrajobraz\u00f3w\u201d i \u201eMartyrii\u201d. \u201eOpowie\u015bci z domu pod topol\u0105\u201d to magiczna podr\u00f3\u017c w czasie, opisana w pi\u0119knej, przejrzystej formie. Czytaj\u0105c je, po-cz\u0105wszy od tych pierwszych, mo\u017cemy us\u0142ysze\u0107 stryja autorki Stanis\u0142awa szepcz\u0105cego modlitwy ze starej kantyczki, poczu\u0107 zapach choinki i wy\u0142owi\u0107 uchem brz\u0119k naczy\u0144 dochodz\u0105cy z kuchni, gdzie przygotowywane by\u0142y wigilijne potrawy. Oczami wyobra\u017ani da si\u0119 dostrzec schowane w tekturowych pud\u0142ach choinkowe ozdoby. Nie takie jak dzisiaj, bo w wi\u0119kszo\u015bci zrobio-ne r\u0119cznie przez wszystkich domownik\u00f3w. W dalszych opowie-\u015bciach mo\u017cna czu\u0107 zapach majowego bzu rosn\u0105cego przy przy-dro\u017cnym krzy\u017cu i s\u0142ysze\u0107 turkot furmanek zd\u0105\u017caj\u0105cych wcze-snym rankiem na odpust do Studzienicznej w Zielone \u015awi\u0105tki. Ostatnie przenosz\u0105 w szar\u0105 ko\u0144c\u00f3wk\u0119 jesieni i nad roz\u015bwietlone \u015bwieczkami groby naszych bliskich.","og_url":"https:\/\/jzi.org.pl\/en\/product\/opowiesci-z-domu-pod-topola\/","og_site_name":"Jami\u0144ski Zesp\u00f3\u0142 Indeksacyjny","article_publisher":"https:\/\/www.facebook.com\/Jaminski.Zespol.Indeksacyjny\/","article_modified_time":"2026-02-11T11:27:58+00:00","og_image":[{"width":1771,"height":2550,"url":"https:\/\/jzi.org.pl\/wp-content\/uploads\/2018\/03\/3_cover_148x210_mm_1300_SC1.jpg","type":"image\/jpeg"}],"twitter_card":"summary_large_image","twitter_misc":{"Est. reading time":"2 minutes"},"schema":{"@context":"https:\/\/schema.org","@graph":[{"@type":"WebPage","@id":"https:\/\/jzi.org.pl\/en\/product\/opowiesci-z-domu-pod-topola\/","url":"https:\/\/jzi.org.pl\/en\/product\/opowiesci-z-domu-pod-topola\/","name":"Opowie\u015bci z domu pod topol\u0105 - Jami\u0144ski Zesp\u00f3\u0142 Indeksacyjny","isPartOf":{"@id":"https:\/\/jzi.org.pl\/#website"},"primaryImageOfPage":{"@id":"https:\/\/jzi.org.pl\/en\/product\/opowiesci-z-domu-pod-topola\/#primaryimage"},"image":{"@id":"https:\/\/jzi.org.pl\/en\/product\/opowiesci-z-domu-pod-topola\/#primaryimage"},"thumbnailUrl":"https:\/\/jzi.org.pl\/wp-content\/uploads\/2018\/03\/3_cover_148x210_mm_1300_SC1.jpg","datePublished":"2018-03-05T18:13:50+00:00","dateModified":"2026-02-11T11:27:58+00:00","description":"Ksi\u0105\u017cka ta stanowi zbi\u00f3r dwudziestu dw\u00f3ch gaw\u0119d, wspomnie\u0144 autorki z okresu dzieci\u0144stwa, u\u0142o\u017conych chronologicznie wed\u0142ug roku liturgicznego. Napisa\u0142a je J\u00f3zefa Drozdowska, zamieszka\u0142a w Augustowie, a urodzona w pobliskich Jeziorkach.","breadcrumb":{"@id":"https:\/\/jzi.org.pl\/en\/product\/opowiesci-z-domu-pod-topola\/#breadcrumb"},"inLanguage":"en-US","potentialAction":[{"@type":"ReadAction","target":["https:\/\/jzi.org.pl\/en\/product\/opowiesci-z-domu-pod-topola\/"]}]},{"@type":"ImageObject","inLanguage":"en-US","@id":"https:\/\/jzi.org.pl\/en\/product\/opowiesci-z-domu-pod-topola\/#primaryimage","url":"https:\/\/jzi.org.pl\/wp-content\/uploads\/2018\/03\/3_cover_148x210_mm_1300_SC1.jpg","contentUrl":"https:\/\/jzi.org.pl\/wp-content\/uploads\/2018\/03\/3_cover_148x210_mm_1300_SC1.jpg","width":1771,"height":2550},{"@type":"BreadcrumbList","@id":"https:\/\/jzi.org.pl\/en\/product\/opowiesci-z-domu-pod-topola\/#breadcrumb","itemListElement":[{"@type":"ListItem","position":1,"name":"Strona g\u0142\u00f3wna","item":"https:\/\/jzi.org.pl\/"},{"@type":"ListItem","position":2,"name":"Sklep","item":"https:\/\/jzi.org.pl\/sklep\/"},{"@type":"ListItem","position":3,"name":"Opowie\u015bci z domu pod topol\u0105"}]},{"@type":"WebSite","@id":"https:\/\/jzi.org.pl\/#website","url":"https:\/\/jzi.org.pl\/","name":"Jaminy Indexing Team","description":"","publisher":{"@id":"https:\/\/jzi.org.pl\/#organization"},"potentialAction":[{"@type":"SearchAction","target":{"@type":"EntryPoint","urlTemplate":"https:\/\/jzi.org.pl\/?s={search_term_string}"},"query-input":{"@type":"PropertyValueSpecification","valueRequired":true,"valueName":"search_term_string"}}],"inLanguage":"en-US"},{"@type":"Organization","@id":"https:\/\/jzi.org.pl\/#organization","name":"Jaminy Indexing Team","url":"https:\/\/jzi.org.pl\/","logo":{"@type":"ImageObject","inLanguage":"en-US","@id":"https:\/\/jzi.org.pl\/#\/schema\/logo\/image\/","url":"https:\/\/jzi.org.pl\/wp-content\/uploads\/2019\/03\/logo-stowarzyszenie-jzi.png","contentUrl":"https:\/\/jzi.org.pl\/wp-content\/uploads\/2019\/03\/logo-stowarzyszenie-jzi.png","width":931,"height":990,"caption":"Jami\u0144ski Zesp\u00f3\u0142 Indeksacyjny"},"image":{"@id":"https:\/\/jzi.org.pl\/#\/schema\/logo\/image\/"},"sameAs":["https:\/\/www.facebook.com\/Jaminski.Zespol.Indeksacyjny\/"]}]}},"jetpack_likes_enabled":true,"jetpack_sharing_enabled":true,"_links":{"self":[{"href":"https:\/\/jzi.org.pl\/en\/wp-json\/wp\/v2\/product\/3678","targetHints":{"allow":["GET"]}}],"collection":[{"href":"https:\/\/jzi.org.pl\/en\/wp-json\/wp\/v2\/product"}],"about":[{"href":"https:\/\/jzi.org.pl\/en\/wp-json\/wp\/v2\/types\/product"}],"author":[{"embeddable":true,"href":"https:\/\/jzi.org.pl\/en\/wp-json\/wp\/v2\/users\/1"}],"replies":[{"embeddable":true,"href":"https:\/\/jzi.org.pl\/en\/wp-json\/wp\/v2\/comments?post=3678"}],"wp:featuredmedia":[{"embeddable":true,"href":"https:\/\/jzi.org.pl\/en\/wp-json\/wp\/v2\/media\/5427"}],"wp:attachment":[{"href":"https:\/\/jzi.org.pl\/en\/wp-json\/wp\/v2\/media?parent=3678"}],"wp:term":[{"taxonomy":"product_brand","embeddable":true,"href":"https:\/\/jzi.org.pl\/en\/wp-json\/wp\/v2\/product_brand?post=3678"},{"taxonomy":"product_cat","embeddable":true,"href":"https:\/\/jzi.org.pl\/en\/wp-json\/wp\/v2\/product_cat?post=3678"},{"taxonomy":"product_tag","embeddable":true,"href":"https:\/\/jzi.org.pl\/en\/wp-json\/wp\/v2\/product_tag?post=3678"}],"curies":[{"name":"wp","href":"https:\/\/api.w.org\/{rel}","templated":true}]}}