{"id":2998,"date":"2017-11-30T20:08:59","date_gmt":"2017-11-30T19:08:59","guid":{"rendered":"http:\/\/jzi.org.pl\/?post_type=product&#038;p=2998"},"modified":"2026-01-21T07:31:49","modified_gmt":"2026-01-21T06:31:49","slug":"historie-pazurem-wojny-kreslone","status":"publish","type":"product","link":"https:\/\/jzi.org.pl\/en\/product\/historie-pazurem-wojny-kreslone\/","title":{"rendered":"Historie pazurem wojny kre\u015blone"},"content":{"rendered":"<p>Author: Krystyna Gudel<\/p>\n<p>Edition: 1<\/p>\n<p>ISBN: 978-83-945017-3-0<\/p>\n<p>Pages: 130<\/p>\n<p>Format: 15 x 21 cm (A5)<\/p>\n<p>Cover: soft, lacquered<\/p>\n<h4>More information<\/h4>\n<p>These are modestly elaborated biographical notes with fragments of reports. Neighbors, mainly from the vicinity of Suchowola, girls and youth during the German occupation. Bad luck wanted them to be taken out of their family homes, mostly to bauers in East Prussia, to other places of forced labor. They were all described as slaves of the Third Reich.<\/p>\n<p>First, there was a surprise, then a brief preparation for the journey, riding carts to Grodno, here they were basking in anticipation of transport. They did not fully realize what might happen to them. Tears of separation, uncertainty, fear, but also an admixture of curiosity. Further riding in freight wagons, the \"slave market\" and so went to German farms, less often to production plants. Work, work, hunger, longing. We already know about this from other reports. It can be said that the heroes of this book were mostly treated by their \"masters\" ruthlessly, but without drastic harassment, without bullying. I was pleased that these reports were not very extensive, but true, written without excessive pathos, not only to show martyrdom. For example, the young inhabitants of the Biebrza region at the time did not hide that they were surprised by the novelties of civilization, household appliances that they did not see in their homeland.<\/p>\n<p>It is very good that such a volume appears in print, enriching still modest regional and local literature. Although it does not contain sensational findings, extremely important facts and assessments. It is, however, a valuable source material for studying the history of this part of the lands of the present Podlasie province, it consolidates the fate of the occupation of eight people, it should be primarily a reading for contemporary girls and boys.<\/p>","protected":false},"excerpt":{"rendered":"<p>Autor: Krystyna Gudel Wydanie: 1 ISBN: 978-83-945017-3-0 Stron: 130 Format: 15 x 21 cm (A5) Ok\u0142adka: mi\u0119kka, lakierowana Wi\u0119cej informacji S\u0105 to skromnie rozbudowane biogramy z fragmentami relacji. S\u0105siedzi niemal, przede wszystkim z okolic Suchowoli, dziewcz\u0119ta i m\u0142odzie\u0144cy okresu okupacji niemieckiej. Z\u0142y los chcia\u0142, \u017ce zostali wywiezieni z dom\u00f3w rodzinnych, trafili w wi\u0119kszo\u015bci do bauer\u00f3w [&hellip;]<\/p>\n","protected":false},"author":1,"featured_media":2992,"comment_status":"open","ping_status":"closed","template":"","meta":{"h5ap_radio_sources":[],"jetpack_post_was_ever_published":false},"product_brand":[],"product_cat":[272,342],"product_tag":[373],"class_list":{"0":"post-2998","1":"product","2":"type-product","3":"status-publish","4":"has-post-thumbnail","6":"product_cat-ksiazki","7":"product_cat-ocalic-od-zapomnienia","8":"product_tag-ii-wojna-swiatowa","10":"first","11":"instock","12":"taxable","13":"shipping-taxable","14":"purchasable","15":"product-type-simple"},"supplier_id":16598,"supplier_sku":"","barcode":null,"atum_controlled":true,"out_stock_date":null,"out_stock_threshold":null,"inheritable":false,"inbound_stock":0,"stock_on_hold":0,"sold_today":0,"sales_last_days":0,"reserved_stock":0,"customer_returns":0,"warehouse_damage":0,"lost_in_post":0,"other_logs":0,"out_stock_days":0,"lost_sales":0,"has_location":false,"update_date":"2026-04-11T00:05:20","atum_locations":[],"atum_stock_status":"instock","restock_status":false,"low_stock_amount":2,"sales_update_date":"2026-04-11T00:05:20","calc_backorders":0,"yoast_head":"<!-- This site is optimized with the Yoast SEO plugin v27.3 - https:\/\/yoast.com\/product\/yoast-seo-wordpress\/ -->\n<title>Historie pazurem wojny kre\u015blone - Jami\u0144ski Zesp\u00f3\u0142 Indeksacyjny<\/title>\n<meta name=\"description\" content=\"Historie pazurem wojny kre\u015blone. Krystyna Gudel. S\u0105 to skromnie rozbudowane biogramy z fragmentami relacji os\u00f3b wywiezionych do Niemiec.\" \/>\n<meta name=\"robots\" content=\"index, follow, max-snippet:-1, max-image-preview:large, max-video-preview:-1\" \/>\n<link rel=\"canonical\" href=\"https:\/\/jzi.org.pl\/en\/product\/historie-pazurem-wojny-kreslone\/\" \/>\n<meta property=\"og:locale\" content=\"en_US\" \/>\n<meta property=\"og:type\" content=\"article\" \/>\n<meta property=\"og:title\" content=\"Historie pazurem wojny kre\u015blone\" \/>\n<meta property=\"og:description\" content=\"S\u0105 to skromnie rozbudowane biogramy z fragmentami relacji. S\u0105siedzi niemal, przede wszystkim z okolic Suchowoli, dziewcz\u0119ta i m\u0142odzie\u0144cy okresu okupacji niemieckiej. Z\u0142y los chcia\u0142, \u017ce zostali wywiezieni z dom\u00f3w rodzinnych, trafili w wi\u0119kszo\u015bci do bauer\u00f3w w Prusach Wschodnich, do innych miejsc pracy przymusowej. Utar\u0142o si\u0119 okre\u015bla\u0107 ich wszystkich mianem niewolnik\u00f3w III Rzeszy.\" \/>\n<meta property=\"og:url\" content=\"https:\/\/jzi.org.pl\/en\/product\/historie-pazurem-wojny-kreslone\/\" \/>\n<meta property=\"og:site_name\" content=\"Jami\u0144ski Zesp\u00f3\u0142 Indeksacyjny\" \/>\n<meta property=\"article:publisher\" content=\"https:\/\/www.facebook.com\/Jaminski.Zespol.Indeksacyjny\/\" \/>\n<meta property=\"article:modified_time\" content=\"2026-01-21T06:31:49+00:00\" \/>\n<meta property=\"og:image\" content=\"https:\/\/jzi.org.pl\/wp-content\/uploads\/2017\/11\/Historie-pazurem-wojny-kre\u015blone0.png\" \/>\n\t<meta property=\"og:image:width\" content=\"840\" \/>\n\t<meta property=\"og:image:height\" content=\"1190\" \/>\n\t<meta property=\"og:image:type\" content=\"image\/png\" \/>\n<meta name=\"twitter:card\" content=\"summary_large_image\" \/>\n<meta name=\"twitter:label1\" content=\"Est. reading time\" \/>\n\t<meta name=\"twitter:data1\" content=\"2 minutes\" \/>\n<script type=\"application\/ld+json\" class=\"yoast-schema-graph\">{\"@context\":\"https:\\\/\\\/schema.org\",\"@graph\":[{\"@type\":\"WebPage\",\"@id\":\"https:\\\/\\\/jzi.org.pl\\\/en\\\/product\\\/historie-pazurem-wojny-kreslone\\\/\",\"url\":\"https:\\\/\\\/jzi.org.pl\\\/en\\\/product\\\/historie-pazurem-wojny-kreslone\\\/\",\"name\":\"Historie pazurem wojny kre\u015blone - Jami\u0144ski Zesp\u00f3\u0142 Indeksacyjny\",\"isPartOf\":{\"@id\":\"https:\\\/\\\/jzi.org.pl\\\/#website\"},\"primaryImageOfPage\":{\"@id\":\"https:\\\/\\\/jzi.org.pl\\\/en\\\/product\\\/historie-pazurem-wojny-kreslone\\\/#primaryimage\"},\"image\":{\"@id\":\"https:\\\/\\\/jzi.org.pl\\\/en\\\/product\\\/historie-pazurem-wojny-kreslone\\\/#primaryimage\"},\"thumbnailUrl\":\"https:\\\/\\\/jzi.org.pl\\\/wp-content\\\/uploads\\\/2017\\\/11\\\/Historie-pazurem-wojny-kre\u015blone0.png\",\"datePublished\":\"2017-11-30T19:08:59+00:00\",\"dateModified\":\"2026-01-21T06:31:49+00:00\",\"description\":\"Historie pazurem wojny kre\u015blone. Krystyna Gudel. S\u0105 to skromnie rozbudowane biogramy z fragmentami relacji os\u00f3b wywiezionych do Niemiec.\",\"breadcrumb\":{\"@id\":\"https:\\\/\\\/jzi.org.pl\\\/en\\\/product\\\/historie-pazurem-wojny-kreslone\\\/#breadcrumb\"},\"inLanguage\":\"en-US\",\"potentialAction\":[{\"@type\":\"ReadAction\",\"target\":[\"https:\\\/\\\/jzi.org.pl\\\/en\\\/product\\\/historie-pazurem-wojny-kreslone\\\/\"]}]},{\"@type\":\"ImageObject\",\"inLanguage\":\"en-US\",\"@id\":\"https:\\\/\\\/jzi.org.pl\\\/en\\\/product\\\/historie-pazurem-wojny-kreslone\\\/#primaryimage\",\"url\":\"https:\\\/\\\/jzi.org.pl\\\/wp-content\\\/uploads\\\/2017\\\/11\\\/Historie-pazurem-wojny-kre\u015blone0.png\",\"contentUrl\":\"https:\\\/\\\/jzi.org.pl\\\/wp-content\\\/uploads\\\/2017\\\/11\\\/Historie-pazurem-wojny-kre\u015blone0.png\",\"width\":840,\"height\":1190},{\"@type\":\"BreadcrumbList\",\"@id\":\"https:\\\/\\\/jzi.org.pl\\\/en\\\/product\\\/historie-pazurem-wojny-kreslone\\\/#breadcrumb\",\"itemListElement\":[{\"@type\":\"ListItem\",\"position\":1,\"name\":\"Strona g\u0142\u00f3wna\",\"item\":\"https:\\\/\\\/jzi.org.pl\\\/\"},{\"@type\":\"ListItem\",\"position\":2,\"name\":\"Sklep\",\"item\":\"https:\\\/\\\/jzi.org.pl\\\/sklep\\\/\"},{\"@type\":\"ListItem\",\"position\":3,\"name\":\"Historie pazurem wojny kre\u015blone\"}]},{\"@type\":\"WebSite\",\"@id\":\"https:\\\/\\\/jzi.org.pl\\\/#website\",\"url\":\"https:\\\/\\\/jzi.org.pl\\\/\",\"name\":\"Jami\u0144ski Zesp\u00f3\u0142 Indeksacyjny\",\"description\":\"\",\"publisher\":{\"@id\":\"https:\\\/\\\/jzi.org.pl\\\/#organization\"},\"potentialAction\":[{\"@type\":\"SearchAction\",\"target\":{\"@type\":\"EntryPoint\",\"urlTemplate\":\"https:\\\/\\\/jzi.org.pl\\\/?s={search_term_string}\"},\"query-input\":{\"@type\":\"PropertyValueSpecification\",\"valueRequired\":true,\"valueName\":\"search_term_string\"}}],\"inLanguage\":\"en-US\"},{\"@type\":\"Organization\",\"@id\":\"https:\\\/\\\/jzi.org.pl\\\/#organization\",\"name\":\"Jami\u0144ski Zesp\u00f3\u0142 Indeksacyjny\",\"url\":\"https:\\\/\\\/jzi.org.pl\\\/\",\"logo\":{\"@type\":\"ImageObject\",\"inLanguage\":\"en-US\",\"@id\":\"https:\\\/\\\/jzi.org.pl\\\/#\\\/schema\\\/logo\\\/image\\\/\",\"url\":\"https:\\\/\\\/jzi.org.pl\\\/wp-content\\\/uploads\\\/2019\\\/03\\\/logo-stowarzyszenie-jzi.png\",\"contentUrl\":\"https:\\\/\\\/jzi.org.pl\\\/wp-content\\\/uploads\\\/2019\\\/03\\\/logo-stowarzyszenie-jzi.png\",\"width\":931,\"height\":990,\"caption\":\"Jami\u0144ski Zesp\u00f3\u0142 Indeksacyjny\"},\"image\":{\"@id\":\"https:\\\/\\\/jzi.org.pl\\\/#\\\/schema\\\/logo\\\/image\\\/\"},\"sameAs\":[\"https:\\\/\\\/www.facebook.com\\\/Jaminski.Zespol.Indeksacyjny\\\/\"]}]}<\/script>\n<!-- \/ Yoast SEO plugin. -->","yoast_head_json":{"title":"Historie pazurem wojny kre\u015blone - Jami\u0144ski Zesp\u00f3\u0142 Indeksacyjny","description":"Historie pazurem wojny kre\u015blone. Krystyna Gudel. S\u0105 to skromnie rozbudowane biogramy z fragmentami relacji os\u00f3b wywiezionych do Niemiec.","robots":{"index":"index","follow":"follow","max-snippet":"max-snippet:-1","max-image-preview":"max-image-preview:large","max-video-preview":"max-video-preview:-1"},"canonical":"https:\/\/jzi.org.pl\/en\/product\/historie-pazurem-wojny-kreslone\/","og_locale":"en_US","og_type":"article","og_title":"Historie pazurem wojny kre\u015blone","og_description":"S\u0105 to skromnie rozbudowane biogramy z fragmentami relacji. S\u0105siedzi niemal, przede wszystkim z okolic Suchowoli, dziewcz\u0119ta i m\u0142odzie\u0144cy okresu okupacji niemieckiej. Z\u0142y los chcia\u0142, \u017ce zostali wywiezieni z dom\u00f3w rodzinnych, trafili w wi\u0119kszo\u015bci do bauer\u00f3w w Prusach Wschodnich, do innych miejsc pracy przymusowej. Utar\u0142o si\u0119 okre\u015bla\u0107 ich wszystkich mianem niewolnik\u00f3w III Rzeszy.","og_url":"https:\/\/jzi.org.pl\/en\/product\/historie-pazurem-wojny-kreslone\/","og_site_name":"Jami\u0144ski Zesp\u00f3\u0142 Indeksacyjny","article_publisher":"https:\/\/www.facebook.com\/Jaminski.Zespol.Indeksacyjny\/","article_modified_time":"2026-01-21T06:31:49+00:00","og_image":[{"width":840,"height":1190,"url":"https:\/\/jzi.org.pl\/wp-content\/uploads\/2017\/11\/Historie-pazurem-wojny-kre\u015blone0.png","type":"image\/png"}],"twitter_card":"summary_large_image","twitter_misc":{"Est. reading time":"2 minutes"},"schema":{"@context":"https:\/\/schema.org","@graph":[{"@type":"WebPage","@id":"https:\/\/jzi.org.pl\/en\/product\/historie-pazurem-wojny-kreslone\/","url":"https:\/\/jzi.org.pl\/en\/product\/historie-pazurem-wojny-kreslone\/","name":"Historie pazurem wojny kre\u015blone - Jami\u0144ski Zesp\u00f3\u0142 Indeksacyjny","isPartOf":{"@id":"https:\/\/jzi.org.pl\/#website"},"primaryImageOfPage":{"@id":"https:\/\/jzi.org.pl\/en\/product\/historie-pazurem-wojny-kreslone\/#primaryimage"},"image":{"@id":"https:\/\/jzi.org.pl\/en\/product\/historie-pazurem-wojny-kreslone\/#primaryimage"},"thumbnailUrl":"https:\/\/jzi.org.pl\/wp-content\/uploads\/2017\/11\/Historie-pazurem-wojny-kre\u015blone0.png","datePublished":"2017-11-30T19:08:59+00:00","dateModified":"2026-01-21T06:31:49+00:00","description":"Historie pazurem wojny kre\u015blone. Krystyna Gudel. S\u0105 to skromnie rozbudowane biogramy z fragmentami relacji os\u00f3b wywiezionych do Niemiec.","breadcrumb":{"@id":"https:\/\/jzi.org.pl\/en\/product\/historie-pazurem-wojny-kreslone\/#breadcrumb"},"inLanguage":"en-US","potentialAction":[{"@type":"ReadAction","target":["https:\/\/jzi.org.pl\/en\/product\/historie-pazurem-wojny-kreslone\/"]}]},{"@type":"ImageObject","inLanguage":"en-US","@id":"https:\/\/jzi.org.pl\/en\/product\/historie-pazurem-wojny-kreslone\/#primaryimage","url":"https:\/\/jzi.org.pl\/wp-content\/uploads\/2017\/11\/Historie-pazurem-wojny-kre\u015blone0.png","contentUrl":"https:\/\/jzi.org.pl\/wp-content\/uploads\/2017\/11\/Historie-pazurem-wojny-kre\u015blone0.png","width":840,"height":1190},{"@type":"BreadcrumbList","@id":"https:\/\/jzi.org.pl\/en\/product\/historie-pazurem-wojny-kreslone\/#breadcrumb","itemListElement":[{"@type":"ListItem","position":1,"name":"Strona g\u0142\u00f3wna","item":"https:\/\/jzi.org.pl\/"},{"@type":"ListItem","position":2,"name":"Sklep","item":"https:\/\/jzi.org.pl\/sklep\/"},{"@type":"ListItem","position":3,"name":"Historie pazurem wojny kre\u015blone"}]},{"@type":"WebSite","@id":"https:\/\/jzi.org.pl\/#website","url":"https:\/\/jzi.org.pl\/","name":"Jaminy Indexing Team","description":"","publisher":{"@id":"https:\/\/jzi.org.pl\/#organization"},"potentialAction":[{"@type":"SearchAction","target":{"@type":"EntryPoint","urlTemplate":"https:\/\/jzi.org.pl\/?s={search_term_string}"},"query-input":{"@type":"PropertyValueSpecification","valueRequired":true,"valueName":"search_term_string"}}],"inLanguage":"en-US"},{"@type":"Organization","@id":"https:\/\/jzi.org.pl\/#organization","name":"Jaminy Indexing Team","url":"https:\/\/jzi.org.pl\/","logo":{"@type":"ImageObject","inLanguage":"en-US","@id":"https:\/\/jzi.org.pl\/#\/schema\/logo\/image\/","url":"https:\/\/jzi.org.pl\/wp-content\/uploads\/2019\/03\/logo-stowarzyszenie-jzi.png","contentUrl":"https:\/\/jzi.org.pl\/wp-content\/uploads\/2019\/03\/logo-stowarzyszenie-jzi.png","width":931,"height":990,"caption":"Jami\u0144ski Zesp\u00f3\u0142 Indeksacyjny"},"image":{"@id":"https:\/\/jzi.org.pl\/#\/schema\/logo\/image\/"},"sameAs":["https:\/\/www.facebook.com\/Jaminski.Zespol.Indeksacyjny\/"]}]}},"jetpack_likes_enabled":true,"jetpack_sharing_enabled":true,"_links":{"self":[{"href":"https:\/\/jzi.org.pl\/en\/wp-json\/wp\/v2\/product\/2998","targetHints":{"allow":["GET"]}}],"collection":[{"href":"https:\/\/jzi.org.pl\/en\/wp-json\/wp\/v2\/product"}],"about":[{"href":"https:\/\/jzi.org.pl\/en\/wp-json\/wp\/v2\/types\/product"}],"author":[{"embeddable":true,"href":"https:\/\/jzi.org.pl\/en\/wp-json\/wp\/v2\/users\/1"}],"replies":[{"embeddable":true,"href":"https:\/\/jzi.org.pl\/en\/wp-json\/wp\/v2\/comments?post=2998"}],"wp:featuredmedia":[{"embeddable":true,"href":"https:\/\/jzi.org.pl\/en\/wp-json\/wp\/v2\/media\/2992"}],"wp:attachment":[{"href":"https:\/\/jzi.org.pl\/en\/wp-json\/wp\/v2\/media?parent=2998"}],"wp:term":[{"taxonomy":"product_brand","embeddable":true,"href":"https:\/\/jzi.org.pl\/en\/wp-json\/wp\/v2\/product_brand?post=2998"},{"taxonomy":"product_cat","embeddable":true,"href":"https:\/\/jzi.org.pl\/en\/wp-json\/wp\/v2\/product_cat?post=2998"},{"taxonomy":"product_tag","embeddable":true,"href":"https:\/\/jzi.org.pl\/en\/wp-json\/wp\/v2\/product_tag?post=2998"}],"curies":[{"name":"wp","href":"https:\/\/api.w.org\/{rel}","templated":true}]}}