{"id":29719,"date":"2026-02-02T13:16:50","date_gmt":"2026-02-02T12:16:50","guid":{"rendered":"https:\/\/jzi.org.pl\/?post_type=product&#038;p=29719"},"modified":"2026-02-24T12:34:44","modified_gmt":"2026-02-24T11:34:44","slug":"zadziwienia-zamyslenia-komplet","status":"publish","type":"product","link":"https:\/\/jzi.org.pl\/en\/product\/zadziwienia-zamyslenia-komplet\/","title":{"rendered":"Zadziwienia, zamy\u015blenia (komplet)"},"content":{"rendered":"<div id=\"pl-29719\"  class=\"panel-layout\" ><div id=\"pg-29719-0\"  class=\"panel-grid panel-no-style\" ><div id=\"pgc-29719-0-0\"  class=\"panel-grid-cell\" ><div id=\"panel-29719-0-0-0\" class=\"so-panel widget widget_sow-editor panel-first-child panel-last-child\" data-index=\"0\" ><div\n\t\t\t\n\t\t\tclass=\"so-widget-sow-editor so-widget-sow-editor-base\"\n\t\t\t\n\t\t>\n<div class=\"siteorigin-widget-tinymce textwidget\">\n\t<p>Komplet zbior\u00f3w poezji \"Zadziwienia, zamy\u015blenia\" w promocyjnej cenie.<\/p>\n<p>We also sell each item separately.<\/p>\n<\/div>\n<\/div><\/div><\/div><\/div><div id=\"pg-29719-1\"  class=\"panel-grid panel-no-style\" ><div id=\"pgc-29719-1-0\"  class=\"panel-grid-cell panel-grid-cell-empty\" ><\/div><div id=\"pgc-29719-1-1\"  class=\"panel-grid-cell\" ><div id=\"panel-29719-1-1-0\" class=\"so-panel widget widget_sow-image panel-first-child panel-last-child\" data-index=\"1\" ><div\n\t\t\t\n\t\t\tclass=\"so-widget-sow-image so-widget-sow-image-default-8b5b6f678277-29719\"\n\t\t\t\n\t\t>\n<div class=\"sow-image-container\">\n\t\t\t<a href=\"https:\/\/jzi.org.pl\/en\/product\/zadziwienia-zamyslenia\/\"\n\t\t\t\t\t>\n\t\t\t<img \n\tsrc=\"https:\/\/jzi.org.pl\/wp-content\/uploads\/2025\/07\/zadziwienia-zamyslenia-0-324x432.jpg\" width=\"324\" height=\"432\" sizes=\"(max-width: 324px) 100vw, 324px\" title=\"Zadziwienia, zamy\u015blenia\" alt=\"Zadziwienia, zamy\u015blenia\" \t\tclass=\"so-widget-image\"\/>\n\t\t\t<\/a><\/div>\n\n<\/div><\/div><\/div><div id=\"pgc-29719-1-2\"  class=\"panel-grid-cell panel-grid-cell-mobile-last\" ><div id=\"panel-29719-1-2-0\" class=\"so-panel widget widget_sow-image panel-first-child panel-last-child\" data-index=\"2\" ><div\n\t\t\t\n\t\t\tclass=\"so-widget-sow-image so-widget-sow-image-default-8b5b6f678277-29719\"\n\t\t\t\n\t\t>\n<div class=\"sow-image-container\">\n\t\t\t<a href=\"https:\/\/jzi.org.pl\/en\/product\/zadziwienia-zamyslenia-2\/\"\n\t\t\t\t\t>\n\t\t\t<img \n\tsrc=\"https:\/\/jzi.org.pl\/wp-content\/uploads\/2025\/09\/zadziwienia-zamyslenia-2-0-324x432.jpg\" width=\"324\" height=\"432\" sizes=\"(max-width: 324px) 100vw, 324px\" title=\"Zadziwienia, zamy\u015blenia 2\" alt=\"Zadziwienia, zamy\u015blenia 2\" \t\tclass=\"so-widget-image\"\/>\n\t\t\t<\/a><\/div>\n\n<\/div><\/div><\/div><div id=\"pgc-29719-1-3\"  class=\"panel-grid-cell panel-grid-cell-empty\" ><\/div><\/div><div id=\"pg-29719-2\"  class=\"panel-grid panel-no-style\" ><div id=\"pgc-29719-2-0\"  class=\"panel-grid-cell panel-grid-cell-empty\" ><\/div><div id=\"pgc-29719-2-1\"  class=\"panel-grid-cell\" ><div id=\"panel-29719-2-1-0\" class=\"so-panel widget widget_sow-image panel-first-child panel-last-child\" data-index=\"3\" ><div\n\t\t\t\n\t\t\tclass=\"so-widget-sow-image so-widget-sow-image-default-8b5b6f678277-29719\"\n\t\t\t\n\t\t>\n<div class=\"sow-image-container\">\n\t\t\t<a href=\"https:\/\/jzi.org.pl\/en\/product\/zadziwienia-zamyslenia-3\/\"\n\t\t\t\t\t>\n\t\t\t<img \n\tsrc=\"https:\/\/jzi.org.pl\/wp-content\/uploads\/2025\/09\/zadziwienia-zamyslenia-3-0-324x432.jpg\" width=\"324\" height=\"432\" sizes=\"(max-width: 324px) 100vw, 324px\" title=\"Zadziwienia, zamy\u015blenia 3\" alt=\"Zadziwienia, zamy\u015blenia 3\" \t\tclass=\"so-widget-image\"\/>\n\t\t\t<\/a><\/div>\n\n<\/div><\/div><\/div><div id=\"pgc-29719-2-2\"  class=\"panel-grid-cell panel-grid-cell-mobile-last\" ><div id=\"panel-29719-2-2-0\" class=\"so-panel widget widget_sow-image panel-first-child panel-last-child\" data-index=\"4\" ><div\n\t\t\t\n\t\t\tclass=\"so-widget-sow-image so-widget-sow-image-default-8b5b6f678277-29719\"\n\t\t\t\n\t\t>\n<div class=\"sow-image-container\">\n\t\t\t<a href=\"https:\/\/jzi.org.pl\/en\/product\/zadziwienia-zamyslenia-4\/\"\n\t\t\t\t\t>\n\t\t\t<img \n\tsrc=\"https:\/\/jzi.org.pl\/wp-content\/uploads\/2026\/01\/zadziwienia-zamyslenia-4-0-324x432.jpg\" width=\"324\" height=\"432\" sizes=\"(max-width: 324px) 100vw, 324px\" title=\"Zadziwienia, zamy\u015blenia 4\" alt=\"Zadziwienia, zamy\u015blenia 4\" \t\tclass=\"so-widget-image\"\/>\n\t\t\t<\/a><\/div>\n\n<\/div><\/div><\/div><div id=\"pgc-29719-2-3\"  class=\"panel-grid-cell panel-grid-cell-empty\" ><\/div><\/div><\/div>","protected":false},"excerpt":{"rendered":"<p>Komplet zbior\u00f3w poezji &#8222;Zadziwienia, zamy\u015blenia&#8221; w promocyjnej cenie. Sprzedajemy r\u00f3wnie\u017c ka\u017cd\u0105 pozycj\u0119 osobno.<\/p>","protected":false},"author":1,"featured_media":29720,"comment_status":"open","ping_status":"closed","template":"","meta":{"h5ap_radio_sources":[],"jetpack_post_was_ever_published":false},"product_brand":[],"product_cat":[],"product_tag":[],"class_list":{"0":"post-29719","1":"product","2":"type-product","3":"status-publish","4":"has-post-thumbnail","7":"first","8":"instock","9":"sale","10":"taxable","11":"shipping-taxable","12":"purchasable","13":"product-type-simple"},"supplier_id":null,"supplier_sku":"","barcode":null,"atum_controlled":true,"out_stock_date":null,"out_stock_threshold":null,"inheritable":false,"inbound_stock":0,"stock_on_hold":0,"sold_today":0,"sales_last_days":0,"reserved_stock":0,"customer_returns":0,"warehouse_damage":0,"lost_in_post":0,"other_logs":0,"out_stock_days":0,"lost_sales":0,"has_location":false,"update_date":"2026-04-19T00:08:42","atum_locations":[],"atum_stock_status":"instock","restock_status":false,"low_stock_amount":3,"sales_update_date":"2026-04-19T00:08:42","calc_backorders":0,"yoast_head":"<!-- This site is optimized with the Yoast SEO plugin v27.4 - https:\/\/yoast.com\/product\/yoast-seo-wordpress\/ -->\n<title>Zadziwienia, zamy\u015blenia (komplet) - Jami\u0144ski Zesp\u00f3\u0142 Indeksacyjny<\/title>\n<meta name=\"robots\" content=\"index, follow, max-snippet:-1, max-image-preview:large, max-video-preview:-1\" \/>\n<link rel=\"canonical\" href=\"https:\/\/jzi.org.pl\/en\/product\/zadziwienia-zamyslenia-komplet\/\" \/>\n<meta property=\"og:locale\" content=\"en_US\" \/>\n<meta property=\"og:type\" content=\"article\" \/>\n<meta property=\"og:title\" content=\"Zadziwienia, zamy\u015blenia (komplet) - Jami\u0144ski Zesp\u00f3\u0142 Indeksacyjny\" \/>\n<meta property=\"og:description\" content=\"Komplet zbior\u00f3w poezji &quot;Zadziwienia, zamy\u015blenia&quot; w promocyjnej cenie. Sprzedajemy r\u00f3wnie\u017c ka\u017cd\u0105 pozycj\u0119 osobno.\" \/>\n<meta property=\"og:url\" content=\"https:\/\/jzi.org.pl\/en\/product\/zadziwienia-zamyslenia-komplet\/\" \/>\n<meta property=\"og:site_name\" content=\"Jami\u0144ski Zesp\u00f3\u0142 Indeksacyjny\" \/>\n<meta property=\"article:publisher\" content=\"https:\/\/www.facebook.com\/Jaminski.Zespol.Indeksacyjny\/\" \/>\n<meta property=\"article:modified_time\" content=\"2026-02-24T11:34:44+00:00\" \/>\n<meta property=\"og:image\" content=\"https:\/\/jzi.org.pl\/wp-content\/uploads\/2026\/02\/zadziwienia-zamyslenia-komplet-1024x1024.png\" \/>\n\t<meta property=\"og:image:width\" content=\"1024\" \/>\n\t<meta property=\"og:image:height\" content=\"1024\" \/>\n\t<meta property=\"og:image:type\" content=\"image\/png\" \/>\n<meta name=\"twitter:card\" content=\"summary_large_image\" \/>\n<meta name=\"twitter:label1\" content=\"Est. reading time\" \/>\n\t<meta name=\"twitter:data1\" content=\"1 minute\" \/>\n<script type=\"application\/ld+json\" class=\"yoast-schema-graph\">{\"@context\":\"https:\\\/\\\/schema.org\",\"@graph\":[{\"@type\":\"WebPage\",\"@id\":\"https:\\\/\\\/jzi.org.pl\\\/en\\\/product\\\/zadziwienia-zamyslenia-komplet\\\/\",\"url\":\"https:\\\/\\\/jzi.org.pl\\\/en\\\/product\\\/zadziwienia-zamyslenia-komplet\\\/\",\"name\":\"Zadziwienia, zamy\u015blenia (komplet) - Jami\u0144ski Zesp\u00f3\u0142 Indeksacyjny\",\"isPartOf\":{\"@id\":\"https:\\\/\\\/jzi.org.pl\\\/#website\"},\"primaryImageOfPage\":{\"@id\":\"https:\\\/\\\/jzi.org.pl\\\/en\\\/product\\\/zadziwienia-zamyslenia-komplet\\\/#primaryimage\"},\"image\":{\"@id\":\"https:\\\/\\\/jzi.org.pl\\\/en\\\/product\\\/zadziwienia-zamyslenia-komplet\\\/#primaryimage\"},\"thumbnailUrl\":\"https:\\\/\\\/jzi.org.pl\\\/wp-content\\\/uploads\\\/2026\\\/02\\\/zadziwienia-zamyslenia-komplet-scaled.png\",\"datePublished\":\"2026-02-02T12:16:50+00:00\",\"dateModified\":\"2026-02-24T11:34:44+00:00\",\"breadcrumb\":{\"@id\":\"https:\\\/\\\/jzi.org.pl\\\/en\\\/product\\\/zadziwienia-zamyslenia-komplet\\\/#breadcrumb\"},\"inLanguage\":\"en-US\",\"potentialAction\":[{\"@type\":\"ReadAction\",\"target\":[\"https:\\\/\\\/jzi.org.pl\\\/en\\\/product\\\/zadziwienia-zamyslenia-komplet\\\/\"]}]},{\"@type\":\"ImageObject\",\"inLanguage\":\"en-US\",\"@id\":\"https:\\\/\\\/jzi.org.pl\\\/en\\\/product\\\/zadziwienia-zamyslenia-komplet\\\/#primaryimage\",\"url\":\"https:\\\/\\\/jzi.org.pl\\\/wp-content\\\/uploads\\\/2026\\\/02\\\/zadziwienia-zamyslenia-komplet-scaled.png\",\"contentUrl\":\"https:\\\/\\\/jzi.org.pl\\\/wp-content\\\/uploads\\\/2026\\\/02\\\/zadziwienia-zamyslenia-komplet-scaled.png\",\"width\":2560,\"height\":2560},{\"@type\":\"BreadcrumbList\",\"@id\":\"https:\\\/\\\/jzi.org.pl\\\/en\\\/product\\\/zadziwienia-zamyslenia-komplet\\\/#breadcrumb\",\"itemListElement\":[{\"@type\":\"ListItem\",\"position\":1,\"name\":\"Strona g\u0142\u00f3wna\",\"item\":\"https:\\\/\\\/jzi.org.pl\\\/\"},{\"@type\":\"ListItem\",\"position\":2,\"name\":\"Sklep\",\"item\":\"https:\\\/\\\/jzi.org.pl\\\/sklep\\\/\"},{\"@type\":\"ListItem\",\"position\":3,\"name\":\"Zadziwienia, zamy\u015blenia (komplet)\"}]},{\"@type\":\"WebSite\",\"@id\":\"https:\\\/\\\/jzi.org.pl\\\/#website\",\"url\":\"https:\\\/\\\/jzi.org.pl\\\/\",\"name\":\"Jami\u0144ski Zesp\u00f3\u0142 Indeksacyjny\",\"description\":\"\",\"publisher\":{\"@id\":\"https:\\\/\\\/jzi.org.pl\\\/#organization\"},\"potentialAction\":[{\"@type\":\"SearchAction\",\"target\":{\"@type\":\"EntryPoint\",\"urlTemplate\":\"https:\\\/\\\/jzi.org.pl\\\/?s={search_term_string}\"},\"query-input\":{\"@type\":\"PropertyValueSpecification\",\"valueRequired\":true,\"valueName\":\"search_term_string\"}}],\"inLanguage\":\"en-US\"},{\"@type\":\"Organization\",\"@id\":\"https:\\\/\\\/jzi.org.pl\\\/#organization\",\"name\":\"Jami\u0144ski Zesp\u00f3\u0142 Indeksacyjny\",\"url\":\"https:\\\/\\\/jzi.org.pl\\\/\",\"logo\":{\"@type\":\"ImageObject\",\"inLanguage\":\"en-US\",\"@id\":\"https:\\\/\\\/jzi.org.pl\\\/#\\\/schema\\\/logo\\\/image\\\/\",\"url\":\"https:\\\/\\\/jzi.org.pl\\\/wp-content\\\/uploads\\\/2019\\\/03\\\/logo-stowarzyszenie-jzi.png\",\"contentUrl\":\"https:\\\/\\\/jzi.org.pl\\\/wp-content\\\/uploads\\\/2019\\\/03\\\/logo-stowarzyszenie-jzi.png\",\"width\":931,\"height\":990,\"caption\":\"Jami\u0144ski Zesp\u00f3\u0142 Indeksacyjny\"},\"image\":{\"@id\":\"https:\\\/\\\/jzi.org.pl\\\/#\\\/schema\\\/logo\\\/image\\\/\"},\"sameAs\":[\"https:\\\/\\\/www.facebook.com\\\/Jaminski.Zespol.Indeksacyjny\\\/\"]}]}<\/script>\n<!-- \/ Yoast SEO plugin. -->","yoast_head_json":{"title":"Zadziwienia, zamy\u015blenia (komplet) - Jami\u0144ski Zesp\u00f3\u0142 Indeksacyjny","robots":{"index":"index","follow":"follow","max-snippet":"max-snippet:-1","max-image-preview":"max-image-preview:large","max-video-preview":"max-video-preview:-1"},"canonical":"https:\/\/jzi.org.pl\/en\/product\/zadziwienia-zamyslenia-komplet\/","og_locale":"en_US","og_type":"article","og_title":"Zadziwienia, zamy\u015blenia (komplet) - Jami\u0144ski Zesp\u00f3\u0142 Indeksacyjny","og_description":"Komplet zbior\u00f3w poezji \"Zadziwienia, zamy\u015blenia\" w promocyjnej cenie. Sprzedajemy r\u00f3wnie\u017c ka\u017cd\u0105 pozycj\u0119 osobno.","og_url":"https:\/\/jzi.org.pl\/en\/product\/zadziwienia-zamyslenia-komplet\/","og_site_name":"Jami\u0144ski Zesp\u00f3\u0142 Indeksacyjny","article_publisher":"https:\/\/www.facebook.com\/Jaminski.Zespol.Indeksacyjny\/","article_modified_time":"2026-02-24T11:34:44+00:00","og_image":[{"width":1024,"height":1024,"url":"https:\/\/jzi.org.pl\/wp-content\/uploads\/2026\/02\/zadziwienia-zamyslenia-komplet-1024x1024.png","type":"image\/png"}],"twitter_card":"summary_large_image","twitter_misc":{"Est. reading time":"1 minute"},"schema":{"@context":"https:\/\/schema.org","@graph":[{"@type":"WebPage","@id":"https:\/\/jzi.org.pl\/en\/product\/zadziwienia-zamyslenia-komplet\/","url":"https:\/\/jzi.org.pl\/en\/product\/zadziwienia-zamyslenia-komplet\/","name":"Zadziwienia, zamy\u015blenia (komplet) - Jami\u0144ski Zesp\u00f3\u0142 Indeksacyjny","isPartOf":{"@id":"https:\/\/jzi.org.pl\/#website"},"primaryImageOfPage":{"@id":"https:\/\/jzi.org.pl\/en\/product\/zadziwienia-zamyslenia-komplet\/#primaryimage"},"image":{"@id":"https:\/\/jzi.org.pl\/en\/product\/zadziwienia-zamyslenia-komplet\/#primaryimage"},"thumbnailUrl":"https:\/\/jzi.org.pl\/wp-content\/uploads\/2026\/02\/zadziwienia-zamyslenia-komplet-scaled.png","datePublished":"2026-02-02T12:16:50+00:00","dateModified":"2026-02-24T11:34:44+00:00","breadcrumb":{"@id":"https:\/\/jzi.org.pl\/en\/product\/zadziwienia-zamyslenia-komplet\/#breadcrumb"},"inLanguage":"en-US","potentialAction":[{"@type":"ReadAction","target":["https:\/\/jzi.org.pl\/en\/product\/zadziwienia-zamyslenia-komplet\/"]}]},{"@type":"ImageObject","inLanguage":"en-US","@id":"https:\/\/jzi.org.pl\/en\/product\/zadziwienia-zamyslenia-komplet\/#primaryimage","url":"https:\/\/jzi.org.pl\/wp-content\/uploads\/2026\/02\/zadziwienia-zamyslenia-komplet-scaled.png","contentUrl":"https:\/\/jzi.org.pl\/wp-content\/uploads\/2026\/02\/zadziwienia-zamyslenia-komplet-scaled.png","width":2560,"height":2560},{"@type":"BreadcrumbList","@id":"https:\/\/jzi.org.pl\/en\/product\/zadziwienia-zamyslenia-komplet\/#breadcrumb","itemListElement":[{"@type":"ListItem","position":1,"name":"Strona g\u0142\u00f3wna","item":"https:\/\/jzi.org.pl\/"},{"@type":"ListItem","position":2,"name":"Sklep","item":"https:\/\/jzi.org.pl\/sklep\/"},{"@type":"ListItem","position":3,"name":"Zadziwienia, zamy\u015blenia (komplet)"}]},{"@type":"WebSite","@id":"https:\/\/jzi.org.pl\/#website","url":"https:\/\/jzi.org.pl\/","name":"Jaminy Indexing Team","description":"","publisher":{"@id":"https:\/\/jzi.org.pl\/#organization"},"potentialAction":[{"@type":"SearchAction","target":{"@type":"EntryPoint","urlTemplate":"https:\/\/jzi.org.pl\/?s={search_term_string}"},"query-input":{"@type":"PropertyValueSpecification","valueRequired":true,"valueName":"search_term_string"}}],"inLanguage":"en-US"},{"@type":"Organization","@id":"https:\/\/jzi.org.pl\/#organization","name":"Jaminy Indexing Team","url":"https:\/\/jzi.org.pl\/","logo":{"@type":"ImageObject","inLanguage":"en-US","@id":"https:\/\/jzi.org.pl\/#\/schema\/logo\/image\/","url":"https:\/\/jzi.org.pl\/wp-content\/uploads\/2019\/03\/logo-stowarzyszenie-jzi.png","contentUrl":"https:\/\/jzi.org.pl\/wp-content\/uploads\/2019\/03\/logo-stowarzyszenie-jzi.png","width":931,"height":990,"caption":"Jami\u0144ski Zesp\u00f3\u0142 Indeksacyjny"},"image":{"@id":"https:\/\/jzi.org.pl\/#\/schema\/logo\/image\/"},"sameAs":["https:\/\/www.facebook.com\/Jaminski.Zespol.Indeksacyjny\/"]}]}},"jetpack_likes_enabled":true,"jetpack_sharing_enabled":true,"_links":{"self":[{"href":"https:\/\/jzi.org.pl\/en\/wp-json\/wp\/v2\/product\/29719","targetHints":{"allow":["GET"]}}],"collection":[{"href":"https:\/\/jzi.org.pl\/en\/wp-json\/wp\/v2\/product"}],"about":[{"href":"https:\/\/jzi.org.pl\/en\/wp-json\/wp\/v2\/types\/product"}],"author":[{"embeddable":true,"href":"https:\/\/jzi.org.pl\/en\/wp-json\/wp\/v2\/users\/1"}],"replies":[{"embeddable":true,"href":"https:\/\/jzi.org.pl\/en\/wp-json\/wp\/v2\/comments?post=29719"}],"wp:featuredmedia":[{"embeddable":true,"href":"https:\/\/jzi.org.pl\/en\/wp-json\/wp\/v2\/media\/29720"}],"wp:attachment":[{"href":"https:\/\/jzi.org.pl\/en\/wp-json\/wp\/v2\/media?parent=29719"}],"wp:term":[{"taxonomy":"product_brand","embeddable":true,"href":"https:\/\/jzi.org.pl\/en\/wp-json\/wp\/v2\/product_brand?post=29719"},{"taxonomy":"product_cat","embeddable":true,"href":"https:\/\/jzi.org.pl\/en\/wp-json\/wp\/v2\/product_cat?post=29719"},{"taxonomy":"product_tag","embeddable":true,"href":"https:\/\/jzi.org.pl\/en\/wp-json\/wp\/v2\/product_tag?post=29719"}],"curies":[{"name":"wp","href":"https:\/\/api.w.org\/{rel}","templated":true}]}}