{"id":29465,"date":"2026-01-04T12:34:07","date_gmt":"2026-01-04T11:34:07","guid":{"rendered":"https:\/\/jzi.org.pl\/?post_type=product&#038;p=29465"},"modified":"2026-02-16T15:43:20","modified_gmt":"2026-02-16T14:43:20","slug":"zadziwienia-zamyslenia-4","status":"publish","type":"product","link":"https:\/\/jzi.org.pl\/en\/product\/zadziwienia-zamyslenia-4\/","title":{"rendered":"Zadziwienia, zamy\u015blenia 4"},"content":{"rendered":"<div id=\"pl-29465\"  class=\"panel-layout\" ><div id=\"pg-29465-0\"  class=\"panel-grid panel-no-style\" ><div id=\"pgc-29465-0-0\"  class=\"panel-grid-cell\" ><div id=\"panel-29465-0-0-0\" class=\"so-panel widget widget_sow-editor panel-first-child\" data-index=\"0\" ><div\n\t\t\t\n\t\t\tclass=\"so-widget-sow-editor so-widget-sow-editor-base\"\n\t\t\t\n\t\t>\n<div class=\"siteorigin-widget-tinymce textwidget\">\n\t<p>Autorzy: Bo\u017cena Diemjaniuk, J\u00f3zefa Drozdowska, Krystyna Gudel, Teresa Kaczorowska, Regina Kantarska-Koper, Bo\u017cena Klimaszewska, Jadwiga Koniecko, Czes\u0142aw Kowalewski, Celina Mie\u0144kowska, Janina Osewska, Zofia Pi\u0142asiewicz, Leonarda Szubzda, Krystyna Zawadzka<\/p>\n<p>Opracowanie i redakcja: J\u00f3zefa Drozdowska, Leonarda Szubzda<\/p>\n<p>Zdj\u0119cia: Jadwiga Koniecko<\/p>\n<p>Edition: 1<\/p>\n<p>ISBN: 978-83-977650-6-1<\/p>\n<p>Stron: 38<\/p>\n<p>Format: 14,8 x 14,8 cm<\/p>\n<p>Cover: soft, lacquered<\/p>\n<\/div>\n<\/div><\/div><div id=\"panel-29465-0-0-1\" class=\"so-panel widget widget_sow-editor\" data-index=\"1\" ><div\n\t\t\t\n\t\t\tclass=\"so-widget-sow-editor so-widget-sow-editor-base\"\n\t\t\t\n\t\t><h3 class=\"widget-title\">More information<\/h3>\n<div class=\"siteorigin-widget-tinymce textwidget\">\n\t<div id=\"pg-3663-1\" class=\"panel-grid panel-no-style\">\n<div id=\"pgc-3663-1-0\" class=\"panel-grid-cell\">\n<div id=\"panel-3663-1-0-0\" class=\"so-panel widget widget_sow-editor panel-first-child panel-last-child\" data-index=\"3\">\n<div class=\"panel-widget-style panel-widget-style-for-3663-1-0-0\">\n<div class=\"so-widget-sow-editor so-widget-sow-editor-base\">\n<div class=\"siteorigin-widget-tinymce textwidget\">\n<div>\n<div tabindex=\"0\" role=\"article\" data-tabster=\"{&quot;groupper&quot;:{&quot;tabbability&quot;:2},&quot;focusable&quot;:{}}\" data-content=\"ai-message\" aria-labelledby=\"uw3wmg85mjm4kKGk68xPF-author uw3wmg85mjm4kKGk68xPF-content-0\">\n<div>\n<div id=\"uw3wmg85mjm4kKGk68xPF-content-0\">\n<p data-path-to-node=\"0\">Tomik poezji zatytu\u0142owany <em>Zadziwienia, zamy\u015blenia 4<\/em> z podtytu\u0142em <em>Przy herbacie u babci w Augustowie<\/em> to nastrojowy zbi\u00f3r utwor\u00f3w, kt\u00f3re powsta\u0142y jako owoc literackich spotka\u0144 regionalnych tw\u00f3rc\u00f3w. Publikacja skupia si\u0119 na celebrowaniu codzienno\u015bci, przywo\u0142uj\u0105c ciep\u0142e wspomnienia rodzinnego domu, zapach parzonej herbaty i smaki dzieci\u0144stwa, takie jak augustowskie jagodzianki czy poziomki. Wiersze autorstwa m.in. Zofii Pi\u0142asiewicz, Krystyny Gudel czy J\u00f3zefy Drozdowskiej przenosz\u0105 czytelnika w sielski krajobraz Augustowa i okolic, gdzie czas p\u0142ynie wolniej, a proste czynno\u015bci nabieraj\u0105 rytualnego, niemal sakralnego znaczenia.<\/p>\n<p data-path-to-node=\"1\">Zbi\u00f3r ten jest jednak czym\u015b wi\u0119cej ni\u017c tylko zapisem nostalgii; stanowi on wa\u017cny dokument lokalnej to\u017csamo\u015bci i wsp\u00f3lnoty kulturowej. Autorzy dotykaj\u0105 temat\u00f3w uniwersalnych \u2013 przemijania, mi\u0142o\u015bci do matki oraz wi\u0119zi z natur\u0105, osadzaj\u0105c je w konkretnych miejscach, takich jak Kana\u0142 Bystry, Jeziorki czy Bia\u0142obrzegi. Ca\u0142o\u015b\u0107, dope\u0142niona nastrojowymi fotografiami Jadwigi Koniecko, tworzy sp\u00f3jn\u0105, refleksyjn\u0105 opowie\u015b\u0107 o tym, co trwa\u0142e i warto\u015bciowe w \u015bwiecie poddanym ci\u0105g\u0142ym zmianom, zach\u0119caj\u0105c czytelnika do zatrzymania si\u0119 i docenienia ulotnych chwil \u201ezadziwienia\u201d nad otaczaj\u0105c\u0105 nas rzeczywisto\u015bci\u0105.<\/p>\n<\/div>\n<\/div>\n<\/div>\n<\/div>\n<\/div>\n<\/div>\n<\/div>\n<\/div>\n<\/div>\n<\/div>\n<\/div>\n<\/div><\/div><div id=\"panel-29465-0-0-2\" class=\"so-panel widget widget_sow-editor panel-last-child\" data-index=\"2\" ><div\n\t\t\t\n\t\t\tclass=\"so-widget-sow-editor so-widget-sow-editor-base\"\n\t\t\t\n\t\t><h3 class=\"widget-title\">Spis wierszy z podaniem autora<\/h3>\n<div class=\"siteorigin-widget-tinymce textwidget\">\n\t<p>Zofia Pi\u0142asiewicz <em>Ceremonia parzenia herbaty<\/em><br \/>\nCzes\u0142aw Kowalewski <em>U babci nad Kana\u0142em Bystrym<\/em><br \/>\nKrystyna Gudel <em>Babcina herbata<\/em><br \/>\nKrystyna Zawadzka <em>Herbatka<\/em><br \/>\nRegina Kantarska-Koper <em>Tea time<\/em><br \/>\nTeresa Kaczorowska <em>Ostatnie poziomki<\/em><br \/>\nBo\u017cena Diemjaniuk <em>Suchary<\/em><br \/>\nJanina Osewska <em>Gaj<\/em><br \/>\nJanina Osewska <em>Zabawa w pitoki i inne gry podw\u00f3rkowe<\/em><br \/>\nBo\u017cena Klimaszewska <em>Matka<\/em><br \/>\nCelina Mie\u0144kowska <em>Nie ziewajcie prosz\u0119\u2026\u00a0<\/em><br \/>\nJ\u00f3zefa Drozdowska <em>Nie omijaj Jeziorek<\/em><br \/>\nBo\u017cena Klimaszewska <em>Bia\u0142obrzegi<\/em><br \/>\nLeonarda Szubzda <em>Zadziwienia zamy\u015blenia\u2026<\/em><\/p>\n<\/div>\n<\/div><\/div><\/div><\/div><\/div>","protected":false},"excerpt":{"rendered":"<p>Autorzy: Bo\u017cena Diemjaniuk, J\u00f3zefa Drozdowska, Krystyna Gudel, Teresa Kaczorowska, Regina Kantarska-Koper, Bo\u017cena Klimaszewska, Jadwiga Koniecko, Czes\u0142aw Kowalewski, Celina Mie\u0144kowska, Janina Osewska, Zofia Pi\u0142asiewicz, Leonarda Szubzda, Krystyna Zawadzka Opracowanie i redakcja: J\u00f3zefa Drozdowska, Leonarda Szubzda Zdj\u0119cia: Jadwiga Koniecko Wydanie: 1 ISBN: 978-83-977650-6-1 Stron: 38 Format: 14,8 x 14,8 cm Ok\u0142adka: mi\u0119kka, lakierowana Tomik poezji zatytu\u0142owany Zadziwienia, [&hellip;]<\/p>\n","protected":false},"author":1,"featured_media":29466,"comment_status":"open","ping_status":"closed","template":"","meta":{"h5ap_radio_sources":[],"jetpack_post_was_ever_published":false},"product_brand":[],"product_cat":[272,395],"product_tag":[358],"class_list":{"0":"post-29465","1":"product","2":"type-product","3":"status-publish","4":"has-post-thumbnail","6":"product_cat-ksiazki","7":"product_cat-literatura-piekna","8":"product_tag-poezja","10":"first","11":"instock","12":"taxable","13":"shipping-taxable","14":"purchasable","15":"product-type-simple"},"supplier_id":16598,"supplier_sku":"","barcode":null,"atum_controlled":true,"out_stock_date":null,"out_stock_threshold":null,"inheritable":false,"inbound_stock":0,"stock_on_hold":0,"sold_today":0,"sales_last_days":0,"reserved_stock":0,"customer_returns":0,"warehouse_damage":0,"lost_in_post":0,"other_logs":0,"out_stock_days":0,"lost_sales":0,"has_location":false,"update_date":"2026-04-05T00:01:33","atum_locations":[],"atum_stock_status":"instock","restock_status":false,"low_stock_amount":2,"sales_update_date":"2026-04-05T00:01:33","calc_backorders":0,"yoast_head":"<!-- This site is optimized with the Yoast SEO plugin v27.3 - https:\/\/yoast.com\/product\/yoast-seo-wordpress\/ -->\n<title>Zadziwienia, zamy\u015blenia 4 - poetycka podr\u00f3\u017c po marzeniach i naturze - Jami\u0144ski Zesp\u00f3\u0142 Indeksacyjny<\/title>\n<meta name=\"description\" content=\"\ud83d\udcda Zadziwienia, zamy\u015blenia 3 \u2013 poetycka podr\u00f3\u017c przez \u015bwiat zwierz\u0105t, emocji i wspomnie\u0144. Wiersze lokalnych autor\u00f3w z Augustowa wzruszaj\u0105, bawi\u0105 i sk\u0142aniaj\u0105 do refleksji nad natur\u0105 i codzienno\u015bci\u0105. Idealna lektura na chwil\u0119 zadumy \u2013 dla dzieci i doros\u0142ych. \ud83e\udd94\ud83d\udc1d\ud83d\udc3e\" \/>\n<meta name=\"robots\" content=\"index, follow, max-snippet:-1, max-image-preview:large, max-video-preview:-1\" \/>\n<link rel=\"canonical\" href=\"https:\/\/jzi.org.pl\/en\/product\/zadziwienia-zamyslenia-4\/\" \/>\n<meta property=\"og:locale\" content=\"en_US\" \/>\n<meta property=\"og:type\" content=\"article\" \/>\n<meta property=\"og:title\" content=\"Zadziwienia, zamy\u015blenia 4 - wiersze, kt\u00f3re poruszaj\u0105 serca\" \/>\n<meta property=\"og:description\" content=\"\ud83d\udcda Zadziwienia, zamy\u015blenia 3 \u2013 poetycka podr\u00f3\u017c przez \u015bwiat zwierz\u0105t, emocji i wspomnie\u0144. Wiersze lokalnych autor\u00f3w z Augustowa wzruszaj\u0105, bawi\u0105 i sk\u0142aniaj\u0105 do refleksji nad natur\u0105 i codzienno\u015bci\u0105. Idealna lektura na chwil\u0119 zadumy \u2013 dla dzieci i doros\u0142ych. \ud83e\udd94\ud83d\udc1d\ud83d\udc3e\" \/>\n<meta property=\"og:url\" content=\"https:\/\/jzi.org.pl\/en\/product\/zadziwienia-zamyslenia-4\/\" \/>\n<meta property=\"og:site_name\" content=\"Jami\u0144ski Zesp\u00f3\u0142 Indeksacyjny\" \/>\n<meta property=\"article:publisher\" content=\"https:\/\/www.facebook.com\/Jaminski.Zespol.Indeksacyjny\/\" \/>\n<meta property=\"article:modified_time\" content=\"2026-02-16T14:43:20+00:00\" \/>\n<meta property=\"og:image\" content=\"https:\/\/jzi.org.pl\/wp-content\/uploads\/2026\/01\/zadziwienia-zamyslenia-4-0.jpg\" \/>\n\t<meta property=\"og:image:width\" content=\"1918\" \/>\n\t<meta property=\"og:image:height\" content=\"1918\" \/>\n\t<meta property=\"og:image:type\" content=\"image\/jpeg\" \/>\n<meta name=\"twitter:card\" content=\"summary_large_image\" \/>\n<meta name=\"twitter:label1\" content=\"Est. reading time\" \/>\n\t<meta name=\"twitter:data1\" content=\"2 minutes\" \/>\n<script type=\"application\/ld+json\" class=\"yoast-schema-graph\">{\"@context\":\"https:\\\/\\\/schema.org\",\"@graph\":[{\"@type\":\"WebPage\",\"@id\":\"https:\\\/\\\/jzi.org.pl\\\/produkt\\\/zadziwienia-zamyslenia-4\\\/\",\"url\":\"https:\\\/\\\/jzi.org.pl\\\/produkt\\\/zadziwienia-zamyslenia-4\\\/\",\"name\":\"Zadziwienia, zamy\u015blenia 4 - poetycka podr\u00f3\u017c po marzeniach i naturze - Jami\u0144ski Zesp\u00f3\u0142 Indeksacyjny\",\"isPartOf\":{\"@id\":\"https:\\\/\\\/jzi.org.pl\\\/#website\"},\"primaryImageOfPage\":{\"@id\":\"https:\\\/\\\/jzi.org.pl\\\/produkt\\\/zadziwienia-zamyslenia-4\\\/#primaryimage\"},\"image\":{\"@id\":\"https:\\\/\\\/jzi.org.pl\\\/produkt\\\/zadziwienia-zamyslenia-4\\\/#primaryimage\"},\"thumbnailUrl\":\"https:\\\/\\\/jzi.org.pl\\\/wp-content\\\/uploads\\\/2026\\\/01\\\/zadziwienia-zamyslenia-4-0.jpg\",\"datePublished\":\"2026-01-04T11:34:07+00:00\",\"dateModified\":\"2026-02-16T14:43:20+00:00\",\"description\":\"\ud83d\udcda Zadziwienia, zamy\u015blenia 3 \u2013 poetycka podr\u00f3\u017c przez \u015bwiat zwierz\u0105t, emocji i wspomnie\u0144. Wiersze lokalnych autor\u00f3w z Augustowa wzruszaj\u0105, bawi\u0105 i sk\u0142aniaj\u0105 do refleksji nad natur\u0105 i codzienno\u015bci\u0105. Idealna lektura na chwil\u0119 zadumy \u2013 dla dzieci i doros\u0142ych. \ud83e\udd94\ud83d\udc1d\ud83d\udc3e\",\"breadcrumb\":{\"@id\":\"https:\\\/\\\/jzi.org.pl\\\/produkt\\\/zadziwienia-zamyslenia-4\\\/#breadcrumb\"},\"inLanguage\":\"en-US\",\"potentialAction\":[{\"@type\":\"ReadAction\",\"target\":[\"https:\\\/\\\/jzi.org.pl\\\/produkt\\\/zadziwienia-zamyslenia-4\\\/\"]}]},{\"@type\":\"ImageObject\",\"inLanguage\":\"en-US\",\"@id\":\"https:\\\/\\\/jzi.org.pl\\\/produkt\\\/zadziwienia-zamyslenia-4\\\/#primaryimage\",\"url\":\"https:\\\/\\\/jzi.org.pl\\\/wp-content\\\/uploads\\\/2026\\\/01\\\/zadziwienia-zamyslenia-4-0.jpg\",\"contentUrl\":\"https:\\\/\\\/jzi.org.pl\\\/wp-content\\\/uploads\\\/2026\\\/01\\\/zadziwienia-zamyslenia-4-0.jpg\",\"width\":1918,\"height\":1918},{\"@type\":\"BreadcrumbList\",\"@id\":\"https:\\\/\\\/jzi.org.pl\\\/produkt\\\/zadziwienia-zamyslenia-4\\\/#breadcrumb\",\"itemListElement\":[{\"@type\":\"ListItem\",\"position\":1,\"name\":\"Strona g\u0142\u00f3wna\",\"item\":\"https:\\\/\\\/jzi.org.pl\\\/\"},{\"@type\":\"ListItem\",\"position\":2,\"name\":\"Sklep\",\"item\":\"https:\\\/\\\/jzi.org.pl\\\/sklep\\\/\"},{\"@type\":\"ListItem\",\"position\":3,\"name\":\"Zadziwienia, zamy\u015blenia 4\"}]},{\"@type\":\"WebSite\",\"@id\":\"https:\\\/\\\/jzi.org.pl\\\/#website\",\"url\":\"https:\\\/\\\/jzi.org.pl\\\/\",\"name\":\"Jami\u0144ski Zesp\u00f3\u0142 Indeksacyjny\",\"description\":\"\",\"publisher\":{\"@id\":\"https:\\\/\\\/jzi.org.pl\\\/#organization\"},\"potentialAction\":[{\"@type\":\"SearchAction\",\"target\":{\"@type\":\"EntryPoint\",\"urlTemplate\":\"https:\\\/\\\/jzi.org.pl\\\/?s={search_term_string}\"},\"query-input\":{\"@type\":\"PropertyValueSpecification\",\"valueRequired\":true,\"valueName\":\"search_term_string\"}}],\"inLanguage\":\"en-US\"},{\"@type\":\"Organization\",\"@id\":\"https:\\\/\\\/jzi.org.pl\\\/#organization\",\"name\":\"Jami\u0144ski Zesp\u00f3\u0142 Indeksacyjny\",\"url\":\"https:\\\/\\\/jzi.org.pl\\\/\",\"logo\":{\"@type\":\"ImageObject\",\"inLanguage\":\"en-US\",\"@id\":\"https:\\\/\\\/jzi.org.pl\\\/#\\\/schema\\\/logo\\\/image\\\/\",\"url\":\"https:\\\/\\\/jzi.org.pl\\\/wp-content\\\/uploads\\\/2019\\\/03\\\/logo-stowarzyszenie-jzi.png\",\"contentUrl\":\"https:\\\/\\\/jzi.org.pl\\\/wp-content\\\/uploads\\\/2019\\\/03\\\/logo-stowarzyszenie-jzi.png\",\"width\":931,\"height\":990,\"caption\":\"Jami\u0144ski Zesp\u00f3\u0142 Indeksacyjny\"},\"image\":{\"@id\":\"https:\\\/\\\/jzi.org.pl\\\/#\\\/schema\\\/logo\\\/image\\\/\"},\"sameAs\":[\"https:\\\/\\\/www.facebook.com\\\/Jaminski.Zespol.Indeksacyjny\\\/\"]}]}<\/script>\n<!-- \/ Yoast SEO plugin. -->","yoast_head_json":{"title":"Zadziwienia, zamy\u015blenia 4 - poetycka podr\u00f3\u017c po marzeniach i naturze - Jami\u0144ski Zesp\u00f3\u0142 Indeksacyjny","description":"\ud83d\udcda Zadziwienia, zamy\u015blenia 3 \u2013 poetycka podr\u00f3\u017c przez \u015bwiat zwierz\u0105t, emocji i wspomnie\u0144. Wiersze lokalnych autor\u00f3w z Augustowa wzruszaj\u0105, bawi\u0105 i sk\u0142aniaj\u0105 do refleksji nad natur\u0105 i codzienno\u015bci\u0105. Idealna lektura na chwil\u0119 zadumy \u2013 dla dzieci i doros\u0142ych. \ud83e\udd94\ud83d\udc1d\ud83d\udc3e","robots":{"index":"index","follow":"follow","max-snippet":"max-snippet:-1","max-image-preview":"max-image-preview:large","max-video-preview":"max-video-preview:-1"},"canonical":"https:\/\/jzi.org.pl\/en\/product\/zadziwienia-zamyslenia-4\/","og_locale":"en_US","og_type":"article","og_title":"Zadziwienia, zamy\u015blenia 4 - wiersze, kt\u00f3re poruszaj\u0105 serca","og_description":"\ud83d\udcda Zadziwienia, zamy\u015blenia 3 \u2013 poetycka podr\u00f3\u017c przez \u015bwiat zwierz\u0105t, emocji i wspomnie\u0144. Wiersze lokalnych autor\u00f3w z Augustowa wzruszaj\u0105, bawi\u0105 i sk\u0142aniaj\u0105 do refleksji nad natur\u0105 i codzienno\u015bci\u0105. Idealna lektura na chwil\u0119 zadumy \u2013 dla dzieci i doros\u0142ych. \ud83e\udd94\ud83d\udc1d\ud83d\udc3e","og_url":"https:\/\/jzi.org.pl\/en\/product\/zadziwienia-zamyslenia-4\/","og_site_name":"Jami\u0144ski Zesp\u00f3\u0142 Indeksacyjny","article_publisher":"https:\/\/www.facebook.com\/Jaminski.Zespol.Indeksacyjny\/","article_modified_time":"2026-02-16T14:43:20+00:00","og_image":[{"width":1918,"height":1918,"url":"https:\/\/jzi.org.pl\/wp-content\/uploads\/2026\/01\/zadziwienia-zamyslenia-4-0.jpg","type":"image\/jpeg"}],"twitter_card":"summary_large_image","twitter_misc":{"Est. reading time":"2 minutes"},"schema":{"@context":"https:\/\/schema.org","@graph":[{"@type":"WebPage","@id":"https:\/\/jzi.org.pl\/produkt\/zadziwienia-zamyslenia-4\/","url":"https:\/\/jzi.org.pl\/produkt\/zadziwienia-zamyslenia-4\/","name":"Zadziwienia, zamy\u015blenia 4 - poetycka podr\u00f3\u017c po marzeniach i naturze - Jami\u0144ski Zesp\u00f3\u0142 Indeksacyjny","isPartOf":{"@id":"https:\/\/jzi.org.pl\/#website"},"primaryImageOfPage":{"@id":"https:\/\/jzi.org.pl\/produkt\/zadziwienia-zamyslenia-4\/#primaryimage"},"image":{"@id":"https:\/\/jzi.org.pl\/produkt\/zadziwienia-zamyslenia-4\/#primaryimage"},"thumbnailUrl":"https:\/\/jzi.org.pl\/wp-content\/uploads\/2026\/01\/zadziwienia-zamyslenia-4-0.jpg","datePublished":"2026-01-04T11:34:07+00:00","dateModified":"2026-02-16T14:43:20+00:00","description":"\ud83d\udcda Zadziwienia, zamy\u015blenia 3 \u2013 poetycka podr\u00f3\u017c przez \u015bwiat zwierz\u0105t, emocji i wspomnie\u0144. Wiersze lokalnych autor\u00f3w z Augustowa wzruszaj\u0105, bawi\u0105 i sk\u0142aniaj\u0105 do refleksji nad natur\u0105 i codzienno\u015bci\u0105. Idealna lektura na chwil\u0119 zadumy \u2013 dla dzieci i doros\u0142ych. \ud83e\udd94\ud83d\udc1d\ud83d\udc3e","breadcrumb":{"@id":"https:\/\/jzi.org.pl\/produkt\/zadziwienia-zamyslenia-4\/#breadcrumb"},"inLanguage":"en-US","potentialAction":[{"@type":"ReadAction","target":["https:\/\/jzi.org.pl\/produkt\/zadziwienia-zamyslenia-4\/"]}]},{"@type":"ImageObject","inLanguage":"en-US","@id":"https:\/\/jzi.org.pl\/produkt\/zadziwienia-zamyslenia-4\/#primaryimage","url":"https:\/\/jzi.org.pl\/wp-content\/uploads\/2026\/01\/zadziwienia-zamyslenia-4-0.jpg","contentUrl":"https:\/\/jzi.org.pl\/wp-content\/uploads\/2026\/01\/zadziwienia-zamyslenia-4-0.jpg","width":1918,"height":1918},{"@type":"BreadcrumbList","@id":"https:\/\/jzi.org.pl\/produkt\/zadziwienia-zamyslenia-4\/#breadcrumb","itemListElement":[{"@type":"ListItem","position":1,"name":"Strona g\u0142\u00f3wna","item":"https:\/\/jzi.org.pl\/"},{"@type":"ListItem","position":2,"name":"Sklep","item":"https:\/\/jzi.org.pl\/sklep\/"},{"@type":"ListItem","position":3,"name":"Zadziwienia, zamy\u015blenia 4"}]},{"@type":"WebSite","@id":"https:\/\/jzi.org.pl\/#website","url":"https:\/\/jzi.org.pl\/","name":"Jaminy Indexing Team","description":"","publisher":{"@id":"https:\/\/jzi.org.pl\/#organization"},"potentialAction":[{"@type":"SearchAction","target":{"@type":"EntryPoint","urlTemplate":"https:\/\/jzi.org.pl\/?s={search_term_string}"},"query-input":{"@type":"PropertyValueSpecification","valueRequired":true,"valueName":"search_term_string"}}],"inLanguage":"en-US"},{"@type":"Organization","@id":"https:\/\/jzi.org.pl\/#organization","name":"Jaminy Indexing Team","url":"https:\/\/jzi.org.pl\/","logo":{"@type":"ImageObject","inLanguage":"en-US","@id":"https:\/\/jzi.org.pl\/#\/schema\/logo\/image\/","url":"https:\/\/jzi.org.pl\/wp-content\/uploads\/2019\/03\/logo-stowarzyszenie-jzi.png","contentUrl":"https:\/\/jzi.org.pl\/wp-content\/uploads\/2019\/03\/logo-stowarzyszenie-jzi.png","width":931,"height":990,"caption":"Jami\u0144ski Zesp\u00f3\u0142 Indeksacyjny"},"image":{"@id":"https:\/\/jzi.org.pl\/#\/schema\/logo\/image\/"},"sameAs":["https:\/\/www.facebook.com\/Jaminski.Zespol.Indeksacyjny\/"]}]}},"jetpack_likes_enabled":true,"jetpack_sharing_enabled":true,"_links":{"self":[{"href":"https:\/\/jzi.org.pl\/en\/wp-json\/wp\/v2\/product\/29465","targetHints":{"allow":["GET"]}}],"collection":[{"href":"https:\/\/jzi.org.pl\/en\/wp-json\/wp\/v2\/product"}],"about":[{"href":"https:\/\/jzi.org.pl\/en\/wp-json\/wp\/v2\/types\/product"}],"author":[{"embeddable":true,"href":"https:\/\/jzi.org.pl\/en\/wp-json\/wp\/v2\/users\/1"}],"replies":[{"embeddable":true,"href":"https:\/\/jzi.org.pl\/en\/wp-json\/wp\/v2\/comments?post=29465"}],"wp:featuredmedia":[{"embeddable":true,"href":"https:\/\/jzi.org.pl\/en\/wp-json\/wp\/v2\/media\/29466"}],"wp:attachment":[{"href":"https:\/\/jzi.org.pl\/en\/wp-json\/wp\/v2\/media?parent=29465"}],"wp:term":[{"taxonomy":"product_brand","embeddable":true,"href":"https:\/\/jzi.org.pl\/en\/wp-json\/wp\/v2\/product_brand?post=29465"},{"taxonomy":"product_cat","embeddable":true,"href":"https:\/\/jzi.org.pl\/en\/wp-json\/wp\/v2\/product_cat?post=29465"},{"taxonomy":"product_tag","embeddable":true,"href":"https:\/\/jzi.org.pl\/en\/wp-json\/wp\/v2\/product_tag?post=29465"}],"curies":[{"name":"wp","href":"https:\/\/api.w.org\/{rel}","templated":true}]}}