{"id":29448,"date":"2026-01-03T13:34:49","date_gmt":"2026-01-03T12:34:49","guid":{"rendered":"https:\/\/jzi.org.pl\/?post_type=product&#038;p=29448"},"modified":"2026-02-23T19:29:39","modified_gmt":"2026-02-23T18:29:39","slug":"o-zyciu-polakow-w-ameryce-polnocnej","status":"publish","type":"product","link":"https:\/\/jzi.org.pl\/en\/product\/o-zyciu-polakow-w-ameryce-polnocnej\/","title":{"rendered":"O \u017cyciu Polak\u00f3w w Ameryce P\u00f3\u0142nocnej"},"content":{"rendered":"<div id=\"pl-29448\"  class=\"panel-layout\" ><div id=\"pg-29448-0\"  class=\"panel-grid panel-no-style\" ><div id=\"pgc-29448-0-0\"  class=\"panel-grid-cell\" ><div id=\"panel-29448-0-0-0\" class=\"so-panel widget widget_sow-editor panel-first-child\" data-index=\"0\" ><div\n\t\t\t\n\t\t\tclass=\"so-widget-sow-editor so-widget-sow-editor-base\"\n\t\t\t\n\t\t>\n<div class=\"siteorigin-widget-tinymce textwidget\">\n\t<p>Autor: Feliks Iwanowski<\/p>\n<p>Edition 1, reprint<\/p>\n<p>ISBN: 978-83-977650-4-7<\/p>\n<p>Stron: 70<\/p>\n<p>Format: 14,8x21 cm<\/p>\n<p>Cover: hard, lacquered<\/p>\n<\/div>\n<\/div><\/div><div id=\"panel-29448-0-0-1\" class=\"so-panel widget widget_sow-editor panel-last-child\" data-index=\"1\" ><div\n\t\t\t\n\t\t\tclass=\"so-widget-sow-editor so-widget-sow-editor-base\"\n\t\t\t\n\t\t><h3 class=\"widget-title\">More information<\/h3>\n<div class=\"siteorigin-widget-tinymce textwidget\">\n\t<p data-path-to-node=\"0\">Ksi\u0105\u017cka F. K. Iwanowskiego \"O \u017cyciu Polak\u00f3w w Ameryce P\u00f3\u0142nocnej\" z 1912 roku kompleksowo opisuje histori\u0119 polskiej emigracji w Ameryce, dziel\u0105c j\u0105 na etap polityczny oraz masowy ruch zarobkowy. Po pionierskich walkach Ko\u015bciuszki i Pu\u0142askiego oraz falach uchod\u017ac\u00f3w po powstaniach narodowych, w po\u0142owie XIX wieku nast\u0105pi\u0142o wielkie wychod\u017astwo ludowe, skutkuj\u0105ce powstaniem pierwszych osad w Teksasie, takich jak Panna Maria. Z czasem miliony Polak\u00f3w zasiedli\u0142y o\u015brodki przemys\u0142owe w Chicago czy Detroit, gdzie fundamentem ich \u017cycia sta\u0142y si\u0119 parafie oraz organizacje narodowe, m.in. Zwi\u0105zek Narodowy Polski i Zwi\u0105zek Polek.<\/p>\n<p data-path-to-node=\"1\">Dzi\u0119ki niezwyk\u0142ej ofiarno\u015bci emigrant\u00f3w budowano polskie szko\u0142y i ko\u015bcio\u0142y, a symbolicznym sukcesem spo\u0142eczno\u015bci by\u0142o mianowanie w 1908 roku pierwszego polskiego biskupa, Paw\u0142a Rhodego. Cho\u0107 autor szczeg\u00f3\u0142owo opisuje ci\u0119\u017ck\u0105, niebezpieczn\u0105 prac\u0119 w fabrykach i kopalniach oraz ostrzega przed oszustami czyhaj\u0105cymi na przybysz\u00f3w, jego dzie\u0142o ko\u0144czy si\u0119 optymistycznie. Iwanowski wskazuje na rosn\u0105c\u0105 zamo\u017cno\u015b\u0107 Polak\u00f3w, kt\u00f3rzy z robotnik\u00f3w stawali si\u0119 w\u0142a\u015bcicielami firm, wynalazcami i wykszta\u0142con\u0105 elit\u0105, buduj\u0105c siln\u0105 pozycj\u0119 narodu na obczy\u017anie.<\/p>\n<p data-path-to-node=\"1\">Wydanie tej ksi\u0105\u017cki przez Jami\u0144ski Zesp\u00f3\u0142 Indeksacyjny stanowi kluczowy element przywracania pami\u0119ci o losach mieszka\u0144c\u00f3w Suwalszczyzny, kt\u00f3r\u0105 na prze\u0142omie XIX i XX wieku dotkn\u0119\u0142a fala masowej emigracji zarobkowej. Region ten, ze wzgl\u0119du na trudne warunki gospodarcze i przeludnienie wsi w \u00f3wczesnej guberni suwalskiej, sta\u0142 si\u0119 jednym z g\u0142\u00f3wnych obszar\u00f3w wychod\u017astwa, wysy\u0142aj\u0105c tysi\u0105ce os\u00f3b do wielkich o\u015brodk\u00f3w przemys\u0142owych Ameryki P\u00f3\u0142nocnej. JZI, zajmuj\u0105c si\u0119 na co dzie\u0144 indeksowaniem dawnych ksi\u0105g metrykalnych, dostrzega w publikacji Iwanowskiego niezb\u0119dne dope\u0142nienie genealogicznych poszukiwa\u0144 \u2013 pozwala ona bowiem zrozumie\u0107 nie tylko \u201ekiedy\u201d, ale przede wszystkim \u201edlaczego\u201d i w jakich warunkach nasi przodkowie decydowali si\u0119 na opuszczenie ojczyzny. Ksi\u0105\u017cka ta nadaje ludzki wymiar suchym danym archiwalnym, staj\u0105c si\u0119 przewodnikiem po \u015bwiecie, kt\u00f3ry ukszta\u0142towa\u0142 to\u017csamo\u015b\u0107 dzisiejszej Polonii o suwalskich korzeniach.<\/p>\n<\/div>\n<\/div><\/div><\/div><\/div><\/div>","protected":false},"excerpt":{"rendered":"<p>Autor: Feliks Iwanowski Wydanie: 1, reprint ISBN: 978-83-977650-4-7 Stron: 70 Format: 14,8&#215;21 cm Ok\u0142adka: twarda, lakierowana Ksi\u0105\u017cka F. K. Iwanowskiego &#8222;O \u017cyciu Polak\u00f3w w Ameryce P\u00f3\u0142nocnej&#8221; z 1912 roku kompleksowo opisuje histori\u0119 polskiej emigracji w Ameryce, dziel\u0105c j\u0105 na etap polityczny oraz masowy ruch zarobkowy. Po pionierskich walkach Ko\u015bciuszki i Pu\u0142askiego oraz falach uchod\u017ac\u00f3w po [&hellip;]<\/p>\n","protected":false},"author":1,"featured_media":29449,"comment_status":"open","ping_status":"closed","template":"","meta":{"h5ap_radio_sources":[],"jetpack_post_was_ever_published":false},"product_brand":[],"product_cat":[272,343],"product_tag":[346],"class_list":{"0":"post-29448","1":"product","2":"type-product","3":"status-publish","4":"has-post-thumbnail","6":"product_cat-ksiazki","7":"product_cat-reprinty","8":"product_tag-emigracja","10":"first","11":"instock","12":"taxable","13":"shipping-taxable","14":"purchasable","15":"product-type-simple"},"supplier_id":16598,"supplier_sku":"","barcode":null,"atum_controlled":true,"out_stock_date":null,"out_stock_threshold":null,"inheritable":false,"inbound_stock":0,"stock_on_hold":0,"sold_today":0,"sales_last_days":0,"reserved_stock":0,"customer_returns":0,"warehouse_damage":0,"lost_in_post":0,"other_logs":0,"out_stock_days":0,"lost_sales":0,"has_location":false,"update_date":"2026-04-10T00:04:39","atum_locations":[],"atum_stock_status":"instock","restock_status":false,"low_stock_amount":2,"sales_update_date":"2026-04-10T00:04:39","calc_backorders":0,"yoast_head":"<!-- This site is optimized with the Yoast SEO plugin v27.3 - https:\/\/yoast.com\/product\/yoast-seo-wordpress\/ -->\n<title>O \u017cyciu Polak\u00f3w w Ameryce P\u00f3\u0142nocnej - Jami\u0144ski Zesp\u00f3\u0142 Indeksacyjny<\/title>\n<meta name=\"robots\" content=\"index, follow, max-snippet:-1, max-image-preview:large, max-video-preview:-1\" \/>\n<link rel=\"canonical\" href=\"https:\/\/jzi.org.pl\/en\/product\/o-zyciu-polakow-w-ameryce-polnocnej\/\" \/>\n<meta property=\"og:locale\" content=\"en_US\" \/>\n<meta property=\"og:type\" content=\"article\" \/>\n<meta property=\"og:title\" content=\"O \u017cyciu Polak\u00f3w w Ameryce P\u00f3\u0142nocnej - Jami\u0144ski Zesp\u00f3\u0142 Indeksacyjny\" \/>\n<meta property=\"og:description\" content=\"Autor: Feliks Iwanowski Wydanie: 1, reprint ISBN: 978-83-977650-4-7 Stron: 70 Format: 14,8x21 cm Ok\u0142adka: twarda, lakierowana Ksi\u0105\u017cka F. K. Iwanowskiego &quot;O \u017cyciu Polak\u00f3w w Ameryce P\u00f3\u0142nocnej&quot; z 1912 roku kompleksowo opisuje histori\u0119 polskiej emigracji w Ameryce, dziel\u0105c j\u0105 na etap polityczny oraz masowy ruch zarobkowy. Po pionierskich walkach Ko\u015bciuszki i Pu\u0142askiego oraz falach uchod\u017ac\u00f3w po [&hellip;]\" \/>\n<meta property=\"og:url\" content=\"https:\/\/jzi.org.pl\/en\/product\/o-zyciu-polakow-w-ameryce-polnocnej\/\" \/>\n<meta property=\"og:site_name\" content=\"Jami\u0144ski Zesp\u00f3\u0142 Indeksacyjny\" \/>\n<meta property=\"article:publisher\" content=\"https:\/\/www.facebook.com\/Jaminski.Zespol.Indeksacyjny\/\" \/>\n<meta property=\"article:modified_time\" content=\"2026-02-23T18:29:39+00:00\" \/>\n<meta property=\"og:image\" content=\"https:\/\/jzi.org.pl\/wp-content\/uploads\/2026\/01\/o-zyciu-polakow-0-scaled.jpg\" \/>\n\t<meta property=\"og:image:width\" content=\"1810\" \/>\n\t<meta property=\"og:image:height\" content=\"2560\" \/>\n\t<meta property=\"og:image:type\" content=\"image\/jpeg\" \/>\n<meta name=\"twitter:card\" content=\"summary_large_image\" \/>\n<meta name=\"twitter:label1\" content=\"Est. reading time\" \/>\n\t<meta name=\"twitter:data1\" content=\"2 minutes\" \/>\n<script type=\"application\/ld+json\" class=\"yoast-schema-graph\">{\"@context\":\"https:\\\/\\\/schema.org\",\"@graph\":[{\"@type\":\"WebPage\",\"@id\":\"https:\\\/\\\/jzi.org.pl\\\/en\\\/product\\\/o-zyciu-polakow-w-ameryce-polnocnej\\\/\",\"url\":\"https:\\\/\\\/jzi.org.pl\\\/en\\\/product\\\/o-zyciu-polakow-w-ameryce-polnocnej\\\/\",\"name\":\"O \u017cyciu Polak\u00f3w w Ameryce P\u00f3\u0142nocnej - Jami\u0144ski Zesp\u00f3\u0142 Indeksacyjny\",\"isPartOf\":{\"@id\":\"https:\\\/\\\/jzi.org.pl\\\/#website\"},\"primaryImageOfPage\":{\"@id\":\"https:\\\/\\\/jzi.org.pl\\\/en\\\/product\\\/o-zyciu-polakow-w-ameryce-polnocnej\\\/#primaryimage\"},\"image\":{\"@id\":\"https:\\\/\\\/jzi.org.pl\\\/en\\\/product\\\/o-zyciu-polakow-w-ameryce-polnocnej\\\/#primaryimage\"},\"thumbnailUrl\":\"https:\\\/\\\/jzi.org.pl\\\/wp-content\\\/uploads\\\/2026\\\/01\\\/o-zyciu-polakow-0-scaled.jpg\",\"datePublished\":\"2026-01-03T12:34:49+00:00\",\"dateModified\":\"2026-02-23T18:29:39+00:00\",\"breadcrumb\":{\"@id\":\"https:\\\/\\\/jzi.org.pl\\\/en\\\/product\\\/o-zyciu-polakow-w-ameryce-polnocnej\\\/#breadcrumb\"},\"inLanguage\":\"en-US\",\"potentialAction\":[{\"@type\":\"ReadAction\",\"target\":[\"https:\\\/\\\/jzi.org.pl\\\/en\\\/product\\\/o-zyciu-polakow-w-ameryce-polnocnej\\\/\"]}]},{\"@type\":\"ImageObject\",\"inLanguage\":\"en-US\",\"@id\":\"https:\\\/\\\/jzi.org.pl\\\/en\\\/product\\\/o-zyciu-polakow-w-ameryce-polnocnej\\\/#primaryimage\",\"url\":\"https:\\\/\\\/jzi.org.pl\\\/wp-content\\\/uploads\\\/2026\\\/01\\\/o-zyciu-polakow-0-scaled.jpg\",\"contentUrl\":\"https:\\\/\\\/jzi.org.pl\\\/wp-content\\\/uploads\\\/2026\\\/01\\\/o-zyciu-polakow-0-scaled.jpg\",\"width\":1810,\"height\":2560},{\"@type\":\"BreadcrumbList\",\"@id\":\"https:\\\/\\\/jzi.org.pl\\\/en\\\/product\\\/o-zyciu-polakow-w-ameryce-polnocnej\\\/#breadcrumb\",\"itemListElement\":[{\"@type\":\"ListItem\",\"position\":1,\"name\":\"Strona g\u0142\u00f3wna\",\"item\":\"https:\\\/\\\/jzi.org.pl\\\/\"},{\"@type\":\"ListItem\",\"position\":2,\"name\":\"Sklep\",\"item\":\"https:\\\/\\\/jzi.org.pl\\\/sklep\\\/\"},{\"@type\":\"ListItem\",\"position\":3,\"name\":\"O \u017cyciu Polak\u00f3w w Ameryce P\u00f3\u0142nocnej\"}]},{\"@type\":\"WebSite\",\"@id\":\"https:\\\/\\\/jzi.org.pl\\\/#website\",\"url\":\"https:\\\/\\\/jzi.org.pl\\\/\",\"name\":\"Jami\u0144ski Zesp\u00f3\u0142 Indeksacyjny\",\"description\":\"\",\"publisher\":{\"@id\":\"https:\\\/\\\/jzi.org.pl\\\/#organization\"},\"potentialAction\":[{\"@type\":\"SearchAction\",\"target\":{\"@type\":\"EntryPoint\",\"urlTemplate\":\"https:\\\/\\\/jzi.org.pl\\\/?s={search_term_string}\"},\"query-input\":{\"@type\":\"PropertyValueSpecification\",\"valueRequired\":true,\"valueName\":\"search_term_string\"}}],\"inLanguage\":\"en-US\"},{\"@type\":\"Organization\",\"@id\":\"https:\\\/\\\/jzi.org.pl\\\/#organization\",\"name\":\"Jami\u0144ski Zesp\u00f3\u0142 Indeksacyjny\",\"url\":\"https:\\\/\\\/jzi.org.pl\\\/\",\"logo\":{\"@type\":\"ImageObject\",\"inLanguage\":\"en-US\",\"@id\":\"https:\\\/\\\/jzi.org.pl\\\/#\\\/schema\\\/logo\\\/image\\\/\",\"url\":\"https:\\\/\\\/jzi.org.pl\\\/wp-content\\\/uploads\\\/2019\\\/03\\\/logo-stowarzyszenie-jzi.png\",\"contentUrl\":\"https:\\\/\\\/jzi.org.pl\\\/wp-content\\\/uploads\\\/2019\\\/03\\\/logo-stowarzyszenie-jzi.png\",\"width\":931,\"height\":990,\"caption\":\"Jami\u0144ski Zesp\u00f3\u0142 Indeksacyjny\"},\"image\":{\"@id\":\"https:\\\/\\\/jzi.org.pl\\\/#\\\/schema\\\/logo\\\/image\\\/\"},\"sameAs\":[\"https:\\\/\\\/www.facebook.com\\\/Jaminski.Zespol.Indeksacyjny\\\/\"]}]}<\/script>\n<!-- \/ Yoast SEO plugin. -->","yoast_head_json":{"title":"O \u017cyciu Polak\u00f3w w Ameryce P\u00f3\u0142nocnej - Jami\u0144ski Zesp\u00f3\u0142 Indeksacyjny","robots":{"index":"index","follow":"follow","max-snippet":"max-snippet:-1","max-image-preview":"max-image-preview:large","max-video-preview":"max-video-preview:-1"},"canonical":"https:\/\/jzi.org.pl\/en\/product\/o-zyciu-polakow-w-ameryce-polnocnej\/","og_locale":"en_US","og_type":"article","og_title":"O \u017cyciu Polak\u00f3w w Ameryce P\u00f3\u0142nocnej - Jami\u0144ski Zesp\u00f3\u0142 Indeksacyjny","og_description":"Autor: Feliks Iwanowski Wydanie: 1, reprint ISBN: 978-83-977650-4-7 Stron: 70 Format: 14,8x21 cm Ok\u0142adka: twarda, lakierowana Ksi\u0105\u017cka F. K. Iwanowskiego \"O \u017cyciu Polak\u00f3w w Ameryce P\u00f3\u0142nocnej\" z 1912 roku kompleksowo opisuje histori\u0119 polskiej emigracji w Ameryce, dziel\u0105c j\u0105 na etap polityczny oraz masowy ruch zarobkowy. Po pionierskich walkach Ko\u015bciuszki i Pu\u0142askiego oraz falach uchod\u017ac\u00f3w po [&hellip;]","og_url":"https:\/\/jzi.org.pl\/en\/product\/o-zyciu-polakow-w-ameryce-polnocnej\/","og_site_name":"Jami\u0144ski Zesp\u00f3\u0142 Indeksacyjny","article_publisher":"https:\/\/www.facebook.com\/Jaminski.Zespol.Indeksacyjny\/","article_modified_time":"2026-02-23T18:29:39+00:00","og_image":[{"width":1810,"height":2560,"url":"https:\/\/jzi.org.pl\/wp-content\/uploads\/2026\/01\/o-zyciu-polakow-0-scaled.jpg","type":"image\/jpeg"}],"twitter_card":"summary_large_image","twitter_misc":{"Est. reading time":"2 minutes"},"schema":{"@context":"https:\/\/schema.org","@graph":[{"@type":"WebPage","@id":"https:\/\/jzi.org.pl\/en\/product\/o-zyciu-polakow-w-ameryce-polnocnej\/","url":"https:\/\/jzi.org.pl\/en\/product\/o-zyciu-polakow-w-ameryce-polnocnej\/","name":"O \u017cyciu Polak\u00f3w w Ameryce P\u00f3\u0142nocnej - Jami\u0144ski Zesp\u00f3\u0142 Indeksacyjny","isPartOf":{"@id":"https:\/\/jzi.org.pl\/#website"},"primaryImageOfPage":{"@id":"https:\/\/jzi.org.pl\/en\/product\/o-zyciu-polakow-w-ameryce-polnocnej\/#primaryimage"},"image":{"@id":"https:\/\/jzi.org.pl\/en\/product\/o-zyciu-polakow-w-ameryce-polnocnej\/#primaryimage"},"thumbnailUrl":"https:\/\/jzi.org.pl\/wp-content\/uploads\/2026\/01\/o-zyciu-polakow-0-scaled.jpg","datePublished":"2026-01-03T12:34:49+00:00","dateModified":"2026-02-23T18:29:39+00:00","breadcrumb":{"@id":"https:\/\/jzi.org.pl\/en\/product\/o-zyciu-polakow-w-ameryce-polnocnej\/#breadcrumb"},"inLanguage":"en-US","potentialAction":[{"@type":"ReadAction","target":["https:\/\/jzi.org.pl\/en\/product\/o-zyciu-polakow-w-ameryce-polnocnej\/"]}]},{"@type":"ImageObject","inLanguage":"en-US","@id":"https:\/\/jzi.org.pl\/en\/product\/o-zyciu-polakow-w-ameryce-polnocnej\/#primaryimage","url":"https:\/\/jzi.org.pl\/wp-content\/uploads\/2026\/01\/o-zyciu-polakow-0-scaled.jpg","contentUrl":"https:\/\/jzi.org.pl\/wp-content\/uploads\/2026\/01\/o-zyciu-polakow-0-scaled.jpg","width":1810,"height":2560},{"@type":"BreadcrumbList","@id":"https:\/\/jzi.org.pl\/en\/product\/o-zyciu-polakow-w-ameryce-polnocnej\/#breadcrumb","itemListElement":[{"@type":"ListItem","position":1,"name":"Strona g\u0142\u00f3wna","item":"https:\/\/jzi.org.pl\/"},{"@type":"ListItem","position":2,"name":"Sklep","item":"https:\/\/jzi.org.pl\/sklep\/"},{"@type":"ListItem","position":3,"name":"O \u017cyciu Polak\u00f3w w Ameryce P\u00f3\u0142nocnej"}]},{"@type":"WebSite","@id":"https:\/\/jzi.org.pl\/#website","url":"https:\/\/jzi.org.pl\/","name":"Jaminy Indexing Team","description":"","publisher":{"@id":"https:\/\/jzi.org.pl\/#organization"},"potentialAction":[{"@type":"SearchAction","target":{"@type":"EntryPoint","urlTemplate":"https:\/\/jzi.org.pl\/?s={search_term_string}"},"query-input":{"@type":"PropertyValueSpecification","valueRequired":true,"valueName":"search_term_string"}}],"inLanguage":"en-US"},{"@type":"Organization","@id":"https:\/\/jzi.org.pl\/#organization","name":"Jaminy Indexing Team","url":"https:\/\/jzi.org.pl\/","logo":{"@type":"ImageObject","inLanguage":"en-US","@id":"https:\/\/jzi.org.pl\/#\/schema\/logo\/image\/","url":"https:\/\/jzi.org.pl\/wp-content\/uploads\/2019\/03\/logo-stowarzyszenie-jzi.png","contentUrl":"https:\/\/jzi.org.pl\/wp-content\/uploads\/2019\/03\/logo-stowarzyszenie-jzi.png","width":931,"height":990,"caption":"Jami\u0144ski Zesp\u00f3\u0142 Indeksacyjny"},"image":{"@id":"https:\/\/jzi.org.pl\/#\/schema\/logo\/image\/"},"sameAs":["https:\/\/www.facebook.com\/Jaminski.Zespol.Indeksacyjny\/"]}]}},"jetpack_likes_enabled":true,"jetpack_sharing_enabled":true,"_links":{"self":[{"href":"https:\/\/jzi.org.pl\/en\/wp-json\/wp\/v2\/product\/29448","targetHints":{"allow":["GET"]}}],"collection":[{"href":"https:\/\/jzi.org.pl\/en\/wp-json\/wp\/v2\/product"}],"about":[{"href":"https:\/\/jzi.org.pl\/en\/wp-json\/wp\/v2\/types\/product"}],"author":[{"embeddable":true,"href":"https:\/\/jzi.org.pl\/en\/wp-json\/wp\/v2\/users\/1"}],"replies":[{"embeddable":true,"href":"https:\/\/jzi.org.pl\/en\/wp-json\/wp\/v2\/comments?post=29448"}],"wp:featuredmedia":[{"embeddable":true,"href":"https:\/\/jzi.org.pl\/en\/wp-json\/wp\/v2\/media\/29449"}],"wp:attachment":[{"href":"https:\/\/jzi.org.pl\/en\/wp-json\/wp\/v2\/media?parent=29448"}],"wp:term":[{"taxonomy":"product_brand","embeddable":true,"href":"https:\/\/jzi.org.pl\/en\/wp-json\/wp\/v2\/product_brand?post=29448"},{"taxonomy":"product_cat","embeddable":true,"href":"https:\/\/jzi.org.pl\/en\/wp-json\/wp\/v2\/product_cat?post=29448"},{"taxonomy":"product_tag","embeddable":true,"href":"https:\/\/jzi.org.pl\/en\/wp-json\/wp\/v2\/product_tag?post=29448"}],"curies":[{"name":"wp","href":"https:\/\/api.w.org\/{rel}","templated":true}]}}