{"id":29121,"date":"2025-10-24T15:57:55","date_gmt":"2025-10-24T13:57:55","guid":{"rendered":"https:\/\/jzi.org.pl\/?post_type=product&#038;p=29121"},"modified":"2026-03-13T10:21:26","modified_gmt":"2026-03-13T09:21:26","slug":"wsparcie-projektu-wydania-ksiegi-pamieci-zydow-suwalskich","status":"publish","type":"product","link":"https:\/\/jzi.org.pl\/en\/product\/wsparcie-projektu-wydania-ksiegi-pamieci-zydow-suwalskich\/","title":{"rendered":"Support for the project of publishing \u201cSuwa\u0142ki Jews Memorial Book\u201d"},"content":{"rendered":"<div id=\"pl-29121\"  class=\"panel-layout\" ><div id=\"pg-29121-0\"  class=\"panel-grid panel-no-style\" ><div id=\"pgc-29121-0-0\"  class=\"panel-grid-cell\" ><div id=\"panel-29121-0-0-0\" class=\"so-panel widget widget_sow-editor panel-first-child panel-last-child\" data-index=\"0\" ><div\n\t\t\t\n\t\t\tclass=\"so-widget-sow-editor so-widget-sow-editor-base\"\n\t\t\t\n\t\t>\n<div class=\"siteorigin-widget-tinymce textwidget\">\n\t<p>Support the translation project of \u201cSuwa\u0142ki Jews Memorial Book\u201d and you will receive:<\/p>\n<ul>\n<li>a printed copy of \u201cSuwa\u0142ki Jews Memorial Book\u201d (the expected availability of the reward is the first half of 2027).<\/li>\n<\/ul>\n<p>The shipping cost is not included in the reward value. When the book is available, we will contact you to arrange the shipping method (personal pickup, Polish Post, InPost parcel locker).<\/p>\n<p>Rules for support through the JZI shop:<\/p>\n<ul>\n<li>The support amount entails an obligation on the part of the JZI Association to deliver the reward.<\/li>\n<li>The reward delivery date is approximate.<\/li>\n<li class=\"translation-block\">By supporting the Project through the JZI online shop, the Supporter also accepts the terms and conditions of that shop, available here: <a href=\"https:\/\/jzi.org.pl\/en\/regulamin\/\" target=\"_self\">https:\/\/jzi.org.pl\/en\/regulamin\/<\/a><\/li>\n<\/ul>\n<\/div>\n<\/div><\/div><\/div><\/div><\/div>","protected":false},"excerpt":{"rendered":"<p>Wesprzyj projekt t\u0142umaczenia &#8222;Ksi\u0119gi pami\u0119ci \u017byd\u00f3w suwalskich&#8221; a otrzymasz: wydrukowany egzemplarz &#8222;Ksi\u0119gi pami\u0119ci \u017byd\u00f3w suwalskich&#8221; (przewidywany termin dost\u0119pno\u015bci nagrody pierwsza po\u0142owa 2027 roku) Koszt wysy\u0142ki ksi\u0105\u017cki nie jest wliczony w warto\u015b\u0107 nagrody. Gdy ksi\u0105\u017cka b\u0119dzie ju\u017c dost\u0119pna skontaktujemy si\u0119 z Tob\u0105 w celu ustalenia sposobu wysy\u0142ki (odbi\u00f3r osobisty, Poczta Polska, paczkomat InPost). Regulamin wsparcia poprzez [&hellip;]<\/p>\n","protected":false},"author":1,"featured_media":29123,"comment_status":"open","ping_status":"closed","template":"","meta":{"h5ap_radio_sources":[],"jetpack_post_was_ever_published":false},"product_brand":[],"product_cat":[377],"product_tag":[],"class_list":{"0":"post-29121","1":"product","2":"type-product","3":"status-publish","4":"has-post-thumbnail","6":"product_cat-nagrody","8":"first","9":"instock","10":"virtual","11":"taxable","12":"purchasable","13":"product-type-simple"},"supplier_id":null,"supplier_sku":"","barcode":null,"atum_controlled":false,"out_stock_date":null,"out_stock_threshold":null,"inheritable":false,"inbound_stock":null,"stock_on_hold":2,"sold_today":0,"sales_last_days":0,"reserved_stock":null,"customer_returns":null,"warehouse_damage":null,"lost_in_post":null,"other_logs":null,"out_stock_days":0,"lost_sales":0,"has_location":false,"update_date":"2026-04-30T00:12:28","atum_locations":[],"atum_stock_status":"instock","restock_status":false,"low_stock_amount":"","sales_update_date":"2026-04-30T00:12:28","calc_backorders":null,"yoast_head":"<!-- This site is optimized with the Yoast SEO plugin v27.5 - https:\/\/yoast.com\/product\/yoast-seo-wordpress\/ -->\n<title>Wsparcie projektu wydania \u201cKsi\u0119gi pami\u0119ci \u017byd\u00f3w suwalskich\u201d - Jami\u0144ski Zesp\u00f3\u0142 Indeksacyjny<\/title>\n<meta name=\"robots\" content=\"index, follow, max-snippet:-1, max-image-preview:large, max-video-preview:-1\" \/>\n<link rel=\"canonical\" href=\"https:\/\/jzi.org.pl\/en\/product\/wsparcie-projektu-wydania-ksiegi-pamieci-zydow-suwalskich\/\" \/>\n<meta property=\"og:locale\" content=\"en_US\" \/>\n<meta property=\"og:type\" content=\"article\" \/>\n<meta property=\"og:title\" content=\"Wsparcie projektu wydania \u201cKsi\u0119gi pami\u0119ci \u017byd\u00f3w suwalskich\u201d - Jami\u0144ski Zesp\u00f3\u0142 Indeksacyjny\" \/>\n<meta property=\"og:description\" content=\"Wesprzyj projekt t\u0142umaczenia &quot;Ksi\u0119gi pami\u0119ci \u017byd\u00f3w suwalskich&quot; a otrzymasz: wydrukowany egzemplarz &quot;Ksi\u0119gi pami\u0119ci \u017byd\u00f3w suwalskich&quot; (przewidywany termin dost\u0119pno\u015bci nagrody pierwsza po\u0142owa 2027 roku) Koszt wysy\u0142ki ksi\u0105\u017cki nie jest wliczony w warto\u015b\u0107 nagrody. Gdy ksi\u0105\u017cka b\u0119dzie ju\u017c dost\u0119pna skontaktujemy si\u0119 z Tob\u0105 w celu ustalenia sposobu wysy\u0142ki (odbi\u00f3r osobisty, Poczta Polska, paczkomat InPost). Regulamin wsparcia poprzez [&hellip;]\" \/>\n<meta property=\"og:url\" content=\"https:\/\/jzi.org.pl\/en\/product\/wsparcie-projektu-wydania-ksiegi-pamieci-zydow-suwalskich\/\" \/>\n<meta property=\"og:site_name\" content=\"Jami\u0144ski Zesp\u00f3\u0142 Indeksacyjny\" \/>\n<meta property=\"article:publisher\" content=\"https:\/\/www.facebook.com\/Jaminski.Zespol.Indeksacyjny\/\" \/>\n<meta property=\"article:modified_time\" content=\"2026-03-13T09:21:26+00:00\" \/>\n<meta property=\"og:image\" content=\"https:\/\/jzi.org.pl\/wp-content\/uploads\/2025\/10\/nagroda-kpzs.jpg\" \/>\n\t<meta property=\"og:image:width\" content=\"1662\" \/>\n\t<meta property=\"og:image:height\" content=\"2475\" \/>\n\t<meta property=\"og:image:type\" content=\"image\/jpeg\" \/>\n<meta name=\"twitter:card\" content=\"summary_large_image\" \/>\n<meta name=\"twitter:label1\" content=\"Est. reading time\" \/>\n\t<meta name=\"twitter:data1\" content=\"1 minute\" \/>\n<script type=\"application\/ld+json\" class=\"yoast-schema-graph\">{\"@context\":\"https:\\\/\\\/schema.org\",\"@graph\":[{\"@type\":\"WebPage\",\"@id\":\"https:\\\/\\\/jzi.org.pl\\\/produkt\\\/wsparcie-projektu-wydania-ksiegi-pamieci-zydow-suwalskich\\\/\",\"url\":\"https:\\\/\\\/jzi.org.pl\\\/produkt\\\/wsparcie-projektu-wydania-ksiegi-pamieci-zydow-suwalskich\\\/\",\"name\":\"Wsparcie projektu wydania \u201cKsi\u0119gi pami\u0119ci \u017byd\u00f3w suwalskich\u201d - Jami\u0144ski Zesp\u00f3\u0142 Indeksacyjny\",\"isPartOf\":{\"@id\":\"https:\\\/\\\/jzi.org.pl\\\/#website\"},\"primaryImageOfPage\":{\"@id\":\"https:\\\/\\\/jzi.org.pl\\\/produkt\\\/wsparcie-projektu-wydania-ksiegi-pamieci-zydow-suwalskich\\\/#primaryimage\"},\"image\":{\"@id\":\"https:\\\/\\\/jzi.org.pl\\\/produkt\\\/wsparcie-projektu-wydania-ksiegi-pamieci-zydow-suwalskich\\\/#primaryimage\"},\"thumbnailUrl\":\"https:\\\/\\\/jzi.org.pl\\\/wp-content\\\/uploads\\\/2025\\\/10\\\/nagroda-kpzs.jpg\",\"datePublished\":\"2025-10-24T13:57:55+00:00\",\"dateModified\":\"2026-03-13T09:21:26+00:00\",\"breadcrumb\":{\"@id\":\"https:\\\/\\\/jzi.org.pl\\\/produkt\\\/wsparcie-projektu-wydania-ksiegi-pamieci-zydow-suwalskich\\\/#breadcrumb\"},\"inLanguage\":\"en-US\",\"potentialAction\":[{\"@type\":\"ReadAction\",\"target\":[\"https:\\\/\\\/jzi.org.pl\\\/produkt\\\/wsparcie-projektu-wydania-ksiegi-pamieci-zydow-suwalskich\\\/\"]}]},{\"@type\":\"ImageObject\",\"inLanguage\":\"en-US\",\"@id\":\"https:\\\/\\\/jzi.org.pl\\\/produkt\\\/wsparcie-projektu-wydania-ksiegi-pamieci-zydow-suwalskich\\\/#primaryimage\",\"url\":\"https:\\\/\\\/jzi.org.pl\\\/wp-content\\\/uploads\\\/2025\\\/10\\\/nagroda-kpzs.jpg\",\"contentUrl\":\"https:\\\/\\\/jzi.org.pl\\\/wp-content\\\/uploads\\\/2025\\\/10\\\/nagroda-kpzs.jpg\",\"width\":1662,\"height\":2475},{\"@type\":\"BreadcrumbList\",\"@id\":\"https:\\\/\\\/jzi.org.pl\\\/produkt\\\/wsparcie-projektu-wydania-ksiegi-pamieci-zydow-suwalskich\\\/#breadcrumb\",\"itemListElement\":[{\"@type\":\"ListItem\",\"position\":1,\"name\":\"Strona g\u0142\u00f3wna\",\"item\":\"https:\\\/\\\/jzi.org.pl\\\/\"},{\"@type\":\"ListItem\",\"position\":2,\"name\":\"Sklep\",\"item\":\"https:\\\/\\\/jzi.org.pl\\\/sklep\\\/\"},{\"@type\":\"ListItem\",\"position\":3,\"name\":\"Wsparcie projektu wydania \u201cKsi\u0119gi pami\u0119ci \u017byd\u00f3w suwalskich\u201d\"}]},{\"@type\":\"WebSite\",\"@id\":\"https:\\\/\\\/jzi.org.pl\\\/#website\",\"url\":\"https:\\\/\\\/jzi.org.pl\\\/\",\"name\":\"Jami\u0144ski Zesp\u00f3\u0142 Indeksacyjny\",\"description\":\"\",\"publisher\":{\"@id\":\"https:\\\/\\\/jzi.org.pl\\\/#organization\"},\"potentialAction\":[{\"@type\":\"SearchAction\",\"target\":{\"@type\":\"EntryPoint\",\"urlTemplate\":\"https:\\\/\\\/jzi.org.pl\\\/?s={search_term_string}\"},\"query-input\":{\"@type\":\"PropertyValueSpecification\",\"valueRequired\":true,\"valueName\":\"search_term_string\"}}],\"inLanguage\":\"en-US\"},{\"@type\":\"Organization\",\"@id\":\"https:\\\/\\\/jzi.org.pl\\\/#organization\",\"name\":\"Jami\u0144ski Zesp\u00f3\u0142 Indeksacyjny\",\"url\":\"https:\\\/\\\/jzi.org.pl\\\/\",\"logo\":{\"@type\":\"ImageObject\",\"inLanguage\":\"en-US\",\"@id\":\"https:\\\/\\\/jzi.org.pl\\\/#\\\/schema\\\/logo\\\/image\\\/\",\"url\":\"https:\\\/\\\/jzi.org.pl\\\/wp-content\\\/uploads\\\/2019\\\/03\\\/logo-stowarzyszenie-jzi.png\",\"contentUrl\":\"https:\\\/\\\/jzi.org.pl\\\/wp-content\\\/uploads\\\/2019\\\/03\\\/logo-stowarzyszenie-jzi.png\",\"width\":931,\"height\":990,\"caption\":\"Jami\u0144ski Zesp\u00f3\u0142 Indeksacyjny\"},\"image\":{\"@id\":\"https:\\\/\\\/jzi.org.pl\\\/#\\\/schema\\\/logo\\\/image\\\/\"},\"sameAs\":[\"https:\\\/\\\/www.facebook.com\\\/Jaminski.Zespol.Indeksacyjny\\\/\"]}]}<\/script>\n<!-- \/ Yoast SEO plugin. -->","yoast_head_json":{"title":"Wsparcie projektu wydania \u201cKsi\u0119gi pami\u0119ci \u017byd\u00f3w suwalskich\u201d - Jami\u0144ski Zesp\u00f3\u0142 Indeksacyjny","robots":{"index":"index","follow":"follow","max-snippet":"max-snippet:-1","max-image-preview":"max-image-preview:large","max-video-preview":"max-video-preview:-1"},"canonical":"https:\/\/jzi.org.pl\/en\/product\/wsparcie-projektu-wydania-ksiegi-pamieci-zydow-suwalskich\/","og_locale":"en_US","og_type":"article","og_title":"Wsparcie projektu wydania \u201cKsi\u0119gi pami\u0119ci \u017byd\u00f3w suwalskich\u201d - Jami\u0144ski Zesp\u00f3\u0142 Indeksacyjny","og_description":"Wesprzyj projekt t\u0142umaczenia \"Ksi\u0119gi pami\u0119ci \u017byd\u00f3w suwalskich\" a otrzymasz: wydrukowany egzemplarz \"Ksi\u0119gi pami\u0119ci \u017byd\u00f3w suwalskich\" (przewidywany termin dost\u0119pno\u015bci nagrody pierwsza po\u0142owa 2027 roku) Koszt wysy\u0142ki ksi\u0105\u017cki nie jest wliczony w warto\u015b\u0107 nagrody. Gdy ksi\u0105\u017cka b\u0119dzie ju\u017c dost\u0119pna skontaktujemy si\u0119 z Tob\u0105 w celu ustalenia sposobu wysy\u0142ki (odbi\u00f3r osobisty, Poczta Polska, paczkomat InPost). Regulamin wsparcia poprzez [&hellip;]","og_url":"https:\/\/jzi.org.pl\/en\/product\/wsparcie-projektu-wydania-ksiegi-pamieci-zydow-suwalskich\/","og_site_name":"Jami\u0144ski Zesp\u00f3\u0142 Indeksacyjny","article_publisher":"https:\/\/www.facebook.com\/Jaminski.Zespol.Indeksacyjny\/","article_modified_time":"2026-03-13T09:21:26+00:00","og_image":[{"width":1662,"height":2475,"url":"https:\/\/jzi.org.pl\/wp-content\/uploads\/2025\/10\/nagroda-kpzs.jpg","type":"image\/jpeg"}],"twitter_card":"summary_large_image","twitter_misc":{"Est. reading time":"1 minute"},"schema":{"@context":"https:\/\/schema.org","@graph":[{"@type":"WebPage","@id":"https:\/\/jzi.org.pl\/produkt\/wsparcie-projektu-wydania-ksiegi-pamieci-zydow-suwalskich\/","url":"https:\/\/jzi.org.pl\/produkt\/wsparcie-projektu-wydania-ksiegi-pamieci-zydow-suwalskich\/","name":"Wsparcie projektu wydania \u201cKsi\u0119gi pami\u0119ci \u017byd\u00f3w suwalskich\u201d - Jami\u0144ski Zesp\u00f3\u0142 Indeksacyjny","isPartOf":{"@id":"https:\/\/jzi.org.pl\/#website"},"primaryImageOfPage":{"@id":"https:\/\/jzi.org.pl\/produkt\/wsparcie-projektu-wydania-ksiegi-pamieci-zydow-suwalskich\/#primaryimage"},"image":{"@id":"https:\/\/jzi.org.pl\/produkt\/wsparcie-projektu-wydania-ksiegi-pamieci-zydow-suwalskich\/#primaryimage"},"thumbnailUrl":"https:\/\/jzi.org.pl\/wp-content\/uploads\/2025\/10\/nagroda-kpzs.jpg","datePublished":"2025-10-24T13:57:55+00:00","dateModified":"2026-03-13T09:21:26+00:00","breadcrumb":{"@id":"https:\/\/jzi.org.pl\/produkt\/wsparcie-projektu-wydania-ksiegi-pamieci-zydow-suwalskich\/#breadcrumb"},"inLanguage":"en-US","potentialAction":[{"@type":"ReadAction","target":["https:\/\/jzi.org.pl\/produkt\/wsparcie-projektu-wydania-ksiegi-pamieci-zydow-suwalskich\/"]}]},{"@type":"ImageObject","inLanguage":"en-US","@id":"https:\/\/jzi.org.pl\/produkt\/wsparcie-projektu-wydania-ksiegi-pamieci-zydow-suwalskich\/#primaryimage","url":"https:\/\/jzi.org.pl\/wp-content\/uploads\/2025\/10\/nagroda-kpzs.jpg","contentUrl":"https:\/\/jzi.org.pl\/wp-content\/uploads\/2025\/10\/nagroda-kpzs.jpg","width":1662,"height":2475},{"@type":"BreadcrumbList","@id":"https:\/\/jzi.org.pl\/produkt\/wsparcie-projektu-wydania-ksiegi-pamieci-zydow-suwalskich\/#breadcrumb","itemListElement":[{"@type":"ListItem","position":1,"name":"Strona g\u0142\u00f3wna","item":"https:\/\/jzi.org.pl\/"},{"@type":"ListItem","position":2,"name":"Sklep","item":"https:\/\/jzi.org.pl\/sklep\/"},{"@type":"ListItem","position":3,"name":"Wsparcie projektu wydania \u201cKsi\u0119gi pami\u0119ci \u017byd\u00f3w suwalskich\u201d"}]},{"@type":"WebSite","@id":"https:\/\/jzi.org.pl\/#website","url":"https:\/\/jzi.org.pl\/","name":"Jaminy Indexing Team","description":"","publisher":{"@id":"https:\/\/jzi.org.pl\/#organization"},"potentialAction":[{"@type":"SearchAction","target":{"@type":"EntryPoint","urlTemplate":"https:\/\/jzi.org.pl\/?s={search_term_string}"},"query-input":{"@type":"PropertyValueSpecification","valueRequired":true,"valueName":"search_term_string"}}],"inLanguage":"en-US"},{"@type":"Organization","@id":"https:\/\/jzi.org.pl\/#organization","name":"Jaminy Indexing Team","url":"https:\/\/jzi.org.pl\/","logo":{"@type":"ImageObject","inLanguage":"en-US","@id":"https:\/\/jzi.org.pl\/#\/schema\/logo\/image\/","url":"https:\/\/jzi.org.pl\/wp-content\/uploads\/2019\/03\/logo-stowarzyszenie-jzi.png","contentUrl":"https:\/\/jzi.org.pl\/wp-content\/uploads\/2019\/03\/logo-stowarzyszenie-jzi.png","width":931,"height":990,"caption":"Jami\u0144ski Zesp\u00f3\u0142 Indeksacyjny"},"image":{"@id":"https:\/\/jzi.org.pl\/#\/schema\/logo\/image\/"},"sameAs":["https:\/\/www.facebook.com\/Jaminski.Zespol.Indeksacyjny\/"]}]}},"jetpack_likes_enabled":true,"jetpack_sharing_enabled":true,"_links":{"self":[{"href":"https:\/\/jzi.org.pl\/en\/wp-json\/wp\/v2\/product\/29121","targetHints":{"allow":["GET"]}}],"collection":[{"href":"https:\/\/jzi.org.pl\/en\/wp-json\/wp\/v2\/product"}],"about":[{"href":"https:\/\/jzi.org.pl\/en\/wp-json\/wp\/v2\/types\/product"}],"author":[{"embeddable":true,"href":"https:\/\/jzi.org.pl\/en\/wp-json\/wp\/v2\/users\/1"}],"replies":[{"embeddable":true,"href":"https:\/\/jzi.org.pl\/en\/wp-json\/wp\/v2\/comments?post=29121"}],"wp:featuredmedia":[{"embeddable":true,"href":"https:\/\/jzi.org.pl\/en\/wp-json\/wp\/v2\/media\/29123"}],"wp:attachment":[{"href":"https:\/\/jzi.org.pl\/en\/wp-json\/wp\/v2\/media?parent=29121"}],"wp:term":[{"taxonomy":"product_brand","embeddable":true,"href":"https:\/\/jzi.org.pl\/en\/wp-json\/wp\/v2\/product_brand?post=29121"},{"taxonomy":"product_cat","embeddable":true,"href":"https:\/\/jzi.org.pl\/en\/wp-json\/wp\/v2\/product_cat?post=29121"},{"taxonomy":"product_tag","embeddable":true,"href":"https:\/\/jzi.org.pl\/en\/wp-json\/wp\/v2\/product_tag?post=29121"}],"curies":[{"name":"wp","href":"https:\/\/api.w.org\/{rel}","templated":true}]}}