{"id":28964,"date":"2025-09-15T13:00:50","date_gmt":"2025-09-15T11:00:50","guid":{"rendered":"https:\/\/jzi.org.pl\/?post_type=product&#038;p=28964"},"modified":"2025-12-31T10:54:33","modified_gmt":"2025-12-31T09:54:33","slug":"zadziwienia-zamyslenia-3","status":"publish","type":"product","link":"https:\/\/jzi.org.pl\/en\/product\/zadziwienia-zamyslenia-3\/","title":{"rendered":"Zadziwienia, zamy\u015blenia 3"},"content":{"rendered":"<div id=\"pl-28964\"  class=\"panel-layout\" ><div id=\"pg-28964-0\"  class=\"panel-grid panel-no-style\" ><div id=\"pgc-28964-0-0\"  class=\"panel-grid-cell\" ><div id=\"panel-28964-0-0-0\" class=\"so-panel widget widget_sow-editor panel-first-child\" data-index=\"0\" ><div\n\t\t\t\n\t\t\tclass=\"so-widget-sow-editor so-widget-sow-editor-base\"\n\t\t\t\n\t\t>\n<div class=\"siteorigin-widget-tinymce textwidget\">\n\t<p>Autorzy: Genowefa Balukiewicz, J\u00f3zefa Drozdowska, Krystyna Gudel, Bo\u017cena Klimaszewska, Jadwiga Koniecko, Urszula Krajewska-Szeligowska, Urszula Sie\u0144kowska-Cioch, Leonarda Szubzda, Krystyna Walicka, Piotr Waldemar Wi\u015bniewski, Ewa Jolanta Wojtk\u00f3w<\/p>\n<p>Opracowanie i redakcja: J\u00f3zefa Drozdowska, Leonarda Szubzda<\/p>\n<p>Zdj\u0119cia: Jadwiga Koniecko<\/p>\n<p>Edition: 1<\/p>\n<p>ISBN: 978-83-973822-9-9<\/p>\n<p>Stron: 52<\/p>\n<p>Format: 14,8 x 14,8 cm<\/p>\n<p>Cover: soft, lacquered<\/p>\n<\/div>\n<\/div><\/div><div id=\"panel-28964-0-0-1\" class=\"so-panel widget widget_sow-editor\" data-index=\"1\" ><div\n\t\t\t\n\t\t\tclass=\"so-widget-sow-editor so-widget-sow-editor-base\"\n\t\t\t\n\t\t><h3 class=\"widget-title\">More information<\/h3>\n<div class=\"siteorigin-widget-tinymce textwidget\">\n\t<div id=\"pg-3663-1\" class=\"panel-grid panel-no-style\">\n<div id=\"pgc-3663-1-0\" class=\"panel-grid-cell\">\n<div id=\"panel-3663-1-0-0\" class=\"so-panel widget widget_sow-editor panel-first-child panel-last-child\" data-index=\"3\">\n<div class=\"panel-widget-style panel-widget-style-for-3663-1-0-0\">\n<div class=\"so-widget-sow-editor so-widget-sow-editor-base\">\n<div class=\"siteorigin-widget-tinymce textwidget\">\n<div>\n<div tabindex=\"0\" role=\"article\" data-tabster=\"{&quot;groupper&quot;:{&quot;tabbability&quot;:2},&quot;focusable&quot;:{}}\" data-content=\"ai-message\" aria-labelledby=\"uw3wmg85mjm4kKGk68xPF-author uw3wmg85mjm4kKGk68xPF-content-0\">\n<div>\n<div id=\"uw3wmg85mjm4kKGk68xPF-content-0\">\n<p><span>\u201eZadziwienia, zamy\u015blenia 3\u201d to urokliwa antologia poetycka, kt\u00f3ra celebruje \u015bwiat zwierz\u0105t z perspektywy czu\u0142ej, lokalnej wra\u017cliwo\u015bci. Autorzy \u2013 g\u0142\u00f3wnie zwi\u0105zani z Augustowem i okolicami \u2013 snuj\u0105 opowie\u015bci o je\u017cach, kotach, trzmielach i psach, nadaj\u0105c im niemal ludzkie cechy i emocje. Wiersze s\u0105 lekkie, pe\u0142ne humoru, ale te\u017c refleksji nad natur\u0105, przemijaniem i relacjami mi\u0119dzyludzkimi. Szczeg\u00f3lnie poruszaj\u0105ce s\u0105 utwory o je\u017cach, kt\u00f3re staj\u0105 si\u0119 metafor\u0105 inno\u015bci, bezpiecze\u0144stwa i dzieci\u0119cej wyobra\u017ani. Poezja Bo\u017ceny Klimaszewskiej czy Piotra Wi\u015bniewskiego \u0142\u0105czy zabaw\u0119 z g\u0142\u0119bszym przes\u0142aniem o ochronie przyrody i rodzinnych warto\u015bciach.<\/span><\/p>\n<p><span>Ksi\u0105\u017ceczka ma wyra\u017anie edukacyjny i emocjonalny charakter \u2013 mo\u017ce by\u0107 czytana zar\u00f3wno przez dzieci, jak i doros\u0142ych. Wiersze s\u0105 rytmiczne, cz\u0119sto rymowane, co czyni je przyst\u0119pnymi i wdzi\u0119cznymi do g\u0142o\u015bnego czytania. Ilustracje s\u0142owne s\u0105 barwne, a lokalne realia \u2013 jak sad dziadka czy ulica Kasztanowa \u2013 dodaj\u0105 autentyczno\u015bci. Wspomnienia o pszczo\u0142ach, kotach i wiejskim podw\u00f3rzu przywo\u0142uj\u0105 obraz \u015bwiata, kt\u00f3ry powoli znika, ale wci\u0105\u017c \u017cyje w pami\u0119ci autor\u00f3w. To pozycja, kt\u00f3ra wzrusza, bawi i sk\u0142ania do zadumy. Idealna na jesienne wieczory z herbat\u0105 i kocem.<\/span><\/p>\n<\/div>\n<\/div>\n<\/div>\n<\/div>\n<\/div>\n<\/div>\n<\/div>\n<\/div>\n<\/div>\n<\/div>\n<\/div>\n<\/div><\/div><div id=\"panel-28964-0-0-2\" class=\"so-panel widget widget_sow-editor panel-last-child\" data-index=\"2\" ><div\n\t\t\t\n\t\t\tclass=\"so-widget-sow-editor so-widget-sow-editor-base\"\n\t\t\t\n\t\t><h3 class=\"widget-title\">Spis wierszy z podaniem autora<\/h3>\n<div class=\"siteorigin-widget-tinymce textwidget\">\n\t<p>Genowefa Balukiewicz Je\u017cowe problemy 2<br \/>\nJ\u00f3zefa Drozdowska <em>O ta\u0144cz\u0105cym je\u017cu<\/em><br \/>\nKrystyna Gudel <em>Bajeczka o je\u017cu<\/em><br \/>\nBo\u017cena Klimaszewska <em>Jak szpileczka<\/em><br \/>\nKrystyna Walicka <em>Je\u017c<\/em><br \/>\nPiotr Waldemar Wi\u015bniewski <em>O je\u017cach z sadu<\/em><br \/>\nEwa Jolanta Wojtk\u00f3w <em>(\u2026) C\u00f3\u017c to za jesienne<\/em><br \/>\nJ\u00f3zefa Drozdowska <em>Trzmiela mi\u0142o\u015b\u0107<\/em><br \/>\nPiotr Waldemar Wi\u015bniewski <em>O augustowskich trzmieli parze<\/em><br \/>\nKrystyna Walicka <em>Ule mojego taty<\/em><br \/>\nJ\u00f3zefa Drozdowska <em>O kotce Tolci z ulicy Kasztanowej<\/em><br \/>\nKrystyna Gudel <em>Kot musi wiedzie\u0107<\/em><br \/>\nBo\u017cena Klimaszewska <em>Koty<\/em><br \/>\nUrszula Sie\u0144kowska-Cioch <em>(\u2026) Skrada si\u0119<\/em><br \/>\nLeonarda Szubzda <em>Koty na rysunkach wnucz\u0105t<\/em><br \/>\nEwa Jolanta Wojtk\u00f3w <em>Zaproszenie<\/em><br \/>\nKrystyna Gudel <em>Czworonogom z Sonieczkowa w \u017barnowie<\/em><br \/>\nUrszula Krajewska-Szeligowska <em>W\u015br\u00f3d drzew i zwierz\u0105t z wiejskiego podw\u00f3rza<\/em><\/p>\n<\/div>\n<\/div><\/div><\/div><\/div><\/div>","protected":false},"excerpt":{"rendered":"<p>Autorzy: Genowefa Balukiewicz, J\u00f3zefa Drozdowska, Krystyna Gudel, Bo\u017cena Klimaszewska, Jadwiga Koniecko, Urszula Krajewska-Szeligowska, Urszula Sie\u0144kowska-Cioch, Leonarda Szubzda, Krystyna Walicka, Piotr Waldemar Wi\u015bniewski, Ewa Jolanta Wojtk\u00f3w Opracowanie i redakcja: J\u00f3zefa Drozdowska, Leonarda Szubzda Zdj\u0119cia: Jadwiga Koniecko Wydanie: 1 ISBN: 978-83-973822-9-9 Stron: 52 Format: 14,8 x 14,8 cm Ok\u0142adka: mi\u0119kka, lakierowana \u201eZadziwienia, zamy\u015blenia 3\u201d to urokliwa antologia [&hellip;]<\/p>\n","protected":false},"author":1,"featured_media":28967,"comment_status":"open","ping_status":"closed","template":"","meta":{"h5ap_radio_sources":[],"jetpack_post_was_ever_published":false},"product_brand":[],"product_cat":[272,395],"product_tag":[],"class_list":{"0":"post-28964","1":"product","2":"type-product","3":"status-publish","4":"has-post-thumbnail","6":"product_cat-ksiazki","7":"product_cat-literatura-piekna","9":"first","10":"instock","11":"taxable","12":"shipping-taxable","13":"purchasable","14":"product-type-simple"},"supplier_id":16598,"supplier_sku":"","barcode":null,"atum_controlled":true,"out_stock_date":null,"out_stock_threshold":null,"inheritable":false,"inbound_stock":0,"stock_on_hold":3,"sold_today":0,"sales_last_days":0,"reserved_stock":0,"customer_returns":0,"warehouse_damage":0,"lost_in_post":0,"other_logs":0,"out_stock_days":0,"lost_sales":0,"has_location":false,"update_date":"2026-04-09T00:03:51","atum_locations":[],"atum_stock_status":"instock","restock_status":false,"low_stock_amount":2,"sales_update_date":"2026-04-09T00:03:51","calc_backorders":null,"yoast_head":"<!-- This site is optimized with the Yoast SEO plugin v27.3 - https:\/\/yoast.com\/product\/yoast-seo-wordpress\/ -->\n<title>Zadziwienia, zamy\u015blenia 3 - poetycka podr\u00f3\u017c po marzeniach i naturze - Jami\u0144ski Zesp\u00f3\u0142 Indeksacyjny<\/title>\n<meta name=\"description\" content=\"\ud83d\udcda Zadziwienia, zamy\u015blenia 3 \u2013 poetycka podr\u00f3\u017c przez \u015bwiat zwierz\u0105t, emocji i wspomnie\u0144. Wiersze lokalnych autor\u00f3w z Augustowa wzruszaj\u0105, bawi\u0105 i sk\u0142aniaj\u0105 do refleksji nad natur\u0105 i codzienno\u015bci\u0105. Idealna lektura na chwil\u0119 zadumy \u2013 dla dzieci i doros\u0142ych. \ud83e\udd94\ud83d\udc1d\ud83d\udc3e\" \/>\n<meta name=\"robots\" content=\"index, follow, max-snippet:-1, max-image-preview:large, max-video-preview:-1\" \/>\n<link rel=\"canonical\" href=\"https:\/\/jzi.org.pl\/en\/product\/zadziwienia-zamyslenia-3\/\" \/>\n<meta property=\"og:locale\" content=\"en_US\" \/>\n<meta property=\"og:type\" content=\"article\" \/>\n<meta property=\"og:title\" content=\"Zadziwienia, zamy\u015blenia 3 - wiersze, kt\u00f3re poruszaj\u0105 serca\" \/>\n<meta property=\"og:description\" content=\"\ud83d\udcda Zadziwienia, zamy\u015blenia 3 \u2013 poetycka podr\u00f3\u017c przez \u015bwiat zwierz\u0105t, emocji i wspomnie\u0144. Wiersze lokalnych autor\u00f3w z Augustowa wzruszaj\u0105, bawi\u0105 i sk\u0142aniaj\u0105 do refleksji nad natur\u0105 i codzienno\u015bci\u0105. Idealna lektura na chwil\u0119 zadumy \u2013 dla dzieci i doros\u0142ych. \ud83e\udd94\ud83d\udc1d\ud83d\udc3e\" \/>\n<meta property=\"og:url\" content=\"https:\/\/jzi.org.pl\/en\/product\/zadziwienia-zamyslenia-3\/\" \/>\n<meta property=\"og:site_name\" content=\"Jami\u0144ski Zesp\u00f3\u0142 Indeksacyjny\" \/>\n<meta property=\"article:publisher\" content=\"https:\/\/www.facebook.com\/Jaminski.Zespol.Indeksacyjny\/\" \/>\n<meta property=\"article:modified_time\" content=\"2025-12-31T09:54:33+00:00\" \/>\n<meta property=\"og:image\" content=\"https:\/\/jzi.org.pl\/wp-content\/uploads\/2025\/09\/zadziwienia-zamyslenia-3-0.jpg\" \/>\n\t<meta property=\"og:image:width\" content=\"2079\" \/>\n\t<meta property=\"og:image:height\" content=\"2079\" \/>\n\t<meta property=\"og:image:type\" content=\"image\/jpeg\" \/>\n<meta name=\"twitter:card\" content=\"summary_large_image\" \/>\n<meta name=\"twitter:label1\" content=\"Est. reading time\" \/>\n\t<meta name=\"twitter:data1\" content=\"3 minutes\" \/>\n<script type=\"application\/ld+json\" class=\"yoast-schema-graph\">{\"@context\":\"https:\\\/\\\/schema.org\",\"@graph\":[{\"@type\":\"WebPage\",\"@id\":\"https:\\\/\\\/jzi.org.pl\\\/produkt\\\/zadziwienia-zamyslenia-3\\\/\",\"url\":\"https:\\\/\\\/jzi.org.pl\\\/produkt\\\/zadziwienia-zamyslenia-3\\\/\",\"name\":\"Zadziwienia, zamy\u015blenia 3 - poetycka podr\u00f3\u017c po marzeniach i naturze - Jami\u0144ski Zesp\u00f3\u0142 Indeksacyjny\",\"isPartOf\":{\"@id\":\"https:\\\/\\\/jzi.org.pl\\\/#website\"},\"primaryImageOfPage\":{\"@id\":\"https:\\\/\\\/jzi.org.pl\\\/produkt\\\/zadziwienia-zamyslenia-3\\\/#primaryimage\"},\"image\":{\"@id\":\"https:\\\/\\\/jzi.org.pl\\\/produkt\\\/zadziwienia-zamyslenia-3\\\/#primaryimage\"},\"thumbnailUrl\":\"https:\\\/\\\/jzi.org.pl\\\/wp-content\\\/uploads\\\/2025\\\/09\\\/zadziwienia-zamyslenia-3-0.jpg\",\"datePublished\":\"2025-09-15T11:00:50+00:00\",\"dateModified\":\"2025-12-31T09:54:33+00:00\",\"description\":\"\ud83d\udcda Zadziwienia, zamy\u015blenia 3 \u2013 poetycka podr\u00f3\u017c przez \u015bwiat zwierz\u0105t, emocji i wspomnie\u0144. Wiersze lokalnych autor\u00f3w z Augustowa wzruszaj\u0105, bawi\u0105 i sk\u0142aniaj\u0105 do refleksji nad natur\u0105 i codzienno\u015bci\u0105. Idealna lektura na chwil\u0119 zadumy \u2013 dla dzieci i doros\u0142ych. \ud83e\udd94\ud83d\udc1d\ud83d\udc3e\",\"breadcrumb\":{\"@id\":\"https:\\\/\\\/jzi.org.pl\\\/produkt\\\/zadziwienia-zamyslenia-3\\\/#breadcrumb\"},\"inLanguage\":\"en-US\",\"potentialAction\":[{\"@type\":\"ReadAction\",\"target\":[\"https:\\\/\\\/jzi.org.pl\\\/produkt\\\/zadziwienia-zamyslenia-3\\\/\"]}]},{\"@type\":\"ImageObject\",\"inLanguage\":\"en-US\",\"@id\":\"https:\\\/\\\/jzi.org.pl\\\/produkt\\\/zadziwienia-zamyslenia-3\\\/#primaryimage\",\"url\":\"https:\\\/\\\/jzi.org.pl\\\/wp-content\\\/uploads\\\/2025\\\/09\\\/zadziwienia-zamyslenia-3-0.jpg\",\"contentUrl\":\"https:\\\/\\\/jzi.org.pl\\\/wp-content\\\/uploads\\\/2025\\\/09\\\/zadziwienia-zamyslenia-3-0.jpg\",\"width\":2079,\"height\":2079},{\"@type\":\"BreadcrumbList\",\"@id\":\"https:\\\/\\\/jzi.org.pl\\\/produkt\\\/zadziwienia-zamyslenia-3\\\/#breadcrumb\",\"itemListElement\":[{\"@type\":\"ListItem\",\"position\":1,\"name\":\"Strona g\u0142\u00f3wna\",\"item\":\"https:\\\/\\\/jzi.org.pl\\\/\"},{\"@type\":\"ListItem\",\"position\":2,\"name\":\"Sklep\",\"item\":\"https:\\\/\\\/jzi.org.pl\\\/sklep\\\/\"},{\"@type\":\"ListItem\",\"position\":3,\"name\":\"Zadziwienia, zamy\u015blenia 3\"}]},{\"@type\":\"WebSite\",\"@id\":\"https:\\\/\\\/jzi.org.pl\\\/#website\",\"url\":\"https:\\\/\\\/jzi.org.pl\\\/\",\"name\":\"Jami\u0144ski Zesp\u00f3\u0142 Indeksacyjny\",\"description\":\"\",\"publisher\":{\"@id\":\"https:\\\/\\\/jzi.org.pl\\\/#organization\"},\"potentialAction\":[{\"@type\":\"SearchAction\",\"target\":{\"@type\":\"EntryPoint\",\"urlTemplate\":\"https:\\\/\\\/jzi.org.pl\\\/?s={search_term_string}\"},\"query-input\":{\"@type\":\"PropertyValueSpecification\",\"valueRequired\":true,\"valueName\":\"search_term_string\"}}],\"inLanguage\":\"en-US\"},{\"@type\":\"Organization\",\"@id\":\"https:\\\/\\\/jzi.org.pl\\\/#organization\",\"name\":\"Jami\u0144ski Zesp\u00f3\u0142 Indeksacyjny\",\"url\":\"https:\\\/\\\/jzi.org.pl\\\/\",\"logo\":{\"@type\":\"ImageObject\",\"inLanguage\":\"en-US\",\"@id\":\"https:\\\/\\\/jzi.org.pl\\\/#\\\/schema\\\/logo\\\/image\\\/\",\"url\":\"https:\\\/\\\/jzi.org.pl\\\/wp-content\\\/uploads\\\/2019\\\/03\\\/logo-stowarzyszenie-jzi.png\",\"contentUrl\":\"https:\\\/\\\/jzi.org.pl\\\/wp-content\\\/uploads\\\/2019\\\/03\\\/logo-stowarzyszenie-jzi.png\",\"width\":931,\"height\":990,\"caption\":\"Jami\u0144ski Zesp\u00f3\u0142 Indeksacyjny\"},\"image\":{\"@id\":\"https:\\\/\\\/jzi.org.pl\\\/#\\\/schema\\\/logo\\\/image\\\/\"},\"sameAs\":[\"https:\\\/\\\/www.facebook.com\\\/Jaminski.Zespol.Indeksacyjny\\\/\"]}]}<\/script>\n<!-- \/ Yoast SEO plugin. -->","yoast_head_json":{"title":"Zadziwienia, zamy\u015blenia 3 - poetycka podr\u00f3\u017c po marzeniach i naturze - Jami\u0144ski Zesp\u00f3\u0142 Indeksacyjny","description":"\ud83d\udcda Zadziwienia, zamy\u015blenia 3 \u2013 poetycka podr\u00f3\u017c przez \u015bwiat zwierz\u0105t, emocji i wspomnie\u0144. Wiersze lokalnych autor\u00f3w z Augustowa wzruszaj\u0105, bawi\u0105 i sk\u0142aniaj\u0105 do refleksji nad natur\u0105 i codzienno\u015bci\u0105. Idealna lektura na chwil\u0119 zadumy \u2013 dla dzieci i doros\u0142ych. \ud83e\udd94\ud83d\udc1d\ud83d\udc3e","robots":{"index":"index","follow":"follow","max-snippet":"max-snippet:-1","max-image-preview":"max-image-preview:large","max-video-preview":"max-video-preview:-1"},"canonical":"https:\/\/jzi.org.pl\/en\/product\/zadziwienia-zamyslenia-3\/","og_locale":"en_US","og_type":"article","og_title":"Zadziwienia, zamy\u015blenia 3 - wiersze, kt\u00f3re poruszaj\u0105 serca","og_description":"\ud83d\udcda Zadziwienia, zamy\u015blenia 3 \u2013 poetycka podr\u00f3\u017c przez \u015bwiat zwierz\u0105t, emocji i wspomnie\u0144. Wiersze lokalnych autor\u00f3w z Augustowa wzruszaj\u0105, bawi\u0105 i sk\u0142aniaj\u0105 do refleksji nad natur\u0105 i codzienno\u015bci\u0105. Idealna lektura na chwil\u0119 zadumy \u2013 dla dzieci i doros\u0142ych. \ud83e\udd94\ud83d\udc1d\ud83d\udc3e","og_url":"https:\/\/jzi.org.pl\/en\/product\/zadziwienia-zamyslenia-3\/","og_site_name":"Jami\u0144ski Zesp\u00f3\u0142 Indeksacyjny","article_publisher":"https:\/\/www.facebook.com\/Jaminski.Zespol.Indeksacyjny\/","article_modified_time":"2025-12-31T09:54:33+00:00","og_image":[{"width":2079,"height":2079,"url":"https:\/\/jzi.org.pl\/wp-content\/uploads\/2025\/09\/zadziwienia-zamyslenia-3-0.jpg","type":"image\/jpeg"}],"twitter_card":"summary_large_image","twitter_misc":{"Est. reading time":"3 minutes"},"schema":{"@context":"https:\/\/schema.org","@graph":[{"@type":"WebPage","@id":"https:\/\/jzi.org.pl\/produkt\/zadziwienia-zamyslenia-3\/","url":"https:\/\/jzi.org.pl\/produkt\/zadziwienia-zamyslenia-3\/","name":"Zadziwienia, zamy\u015blenia 3 - poetycka podr\u00f3\u017c po marzeniach i naturze - Jami\u0144ski Zesp\u00f3\u0142 Indeksacyjny","isPartOf":{"@id":"https:\/\/jzi.org.pl\/#website"},"primaryImageOfPage":{"@id":"https:\/\/jzi.org.pl\/produkt\/zadziwienia-zamyslenia-3\/#primaryimage"},"image":{"@id":"https:\/\/jzi.org.pl\/produkt\/zadziwienia-zamyslenia-3\/#primaryimage"},"thumbnailUrl":"https:\/\/jzi.org.pl\/wp-content\/uploads\/2025\/09\/zadziwienia-zamyslenia-3-0.jpg","datePublished":"2025-09-15T11:00:50+00:00","dateModified":"2025-12-31T09:54:33+00:00","description":"\ud83d\udcda Zadziwienia, zamy\u015blenia 3 \u2013 poetycka podr\u00f3\u017c przez \u015bwiat zwierz\u0105t, emocji i wspomnie\u0144. Wiersze lokalnych autor\u00f3w z Augustowa wzruszaj\u0105, bawi\u0105 i sk\u0142aniaj\u0105 do refleksji nad natur\u0105 i codzienno\u015bci\u0105. Idealna lektura na chwil\u0119 zadumy \u2013 dla dzieci i doros\u0142ych. \ud83e\udd94\ud83d\udc1d\ud83d\udc3e","breadcrumb":{"@id":"https:\/\/jzi.org.pl\/produkt\/zadziwienia-zamyslenia-3\/#breadcrumb"},"inLanguage":"en-US","potentialAction":[{"@type":"ReadAction","target":["https:\/\/jzi.org.pl\/produkt\/zadziwienia-zamyslenia-3\/"]}]},{"@type":"ImageObject","inLanguage":"en-US","@id":"https:\/\/jzi.org.pl\/produkt\/zadziwienia-zamyslenia-3\/#primaryimage","url":"https:\/\/jzi.org.pl\/wp-content\/uploads\/2025\/09\/zadziwienia-zamyslenia-3-0.jpg","contentUrl":"https:\/\/jzi.org.pl\/wp-content\/uploads\/2025\/09\/zadziwienia-zamyslenia-3-0.jpg","width":2079,"height":2079},{"@type":"BreadcrumbList","@id":"https:\/\/jzi.org.pl\/produkt\/zadziwienia-zamyslenia-3\/#breadcrumb","itemListElement":[{"@type":"ListItem","position":1,"name":"Strona g\u0142\u00f3wna","item":"https:\/\/jzi.org.pl\/"},{"@type":"ListItem","position":2,"name":"Sklep","item":"https:\/\/jzi.org.pl\/sklep\/"},{"@type":"ListItem","position":3,"name":"Zadziwienia, zamy\u015blenia 3"}]},{"@type":"WebSite","@id":"https:\/\/jzi.org.pl\/#website","url":"https:\/\/jzi.org.pl\/","name":"Jaminy Indexing Team","description":"","publisher":{"@id":"https:\/\/jzi.org.pl\/#organization"},"potentialAction":[{"@type":"SearchAction","target":{"@type":"EntryPoint","urlTemplate":"https:\/\/jzi.org.pl\/?s={search_term_string}"},"query-input":{"@type":"PropertyValueSpecification","valueRequired":true,"valueName":"search_term_string"}}],"inLanguage":"en-US"},{"@type":"Organization","@id":"https:\/\/jzi.org.pl\/#organization","name":"Jaminy Indexing Team","url":"https:\/\/jzi.org.pl\/","logo":{"@type":"ImageObject","inLanguage":"en-US","@id":"https:\/\/jzi.org.pl\/#\/schema\/logo\/image\/","url":"https:\/\/jzi.org.pl\/wp-content\/uploads\/2019\/03\/logo-stowarzyszenie-jzi.png","contentUrl":"https:\/\/jzi.org.pl\/wp-content\/uploads\/2019\/03\/logo-stowarzyszenie-jzi.png","width":931,"height":990,"caption":"Jami\u0144ski Zesp\u00f3\u0142 Indeksacyjny"},"image":{"@id":"https:\/\/jzi.org.pl\/#\/schema\/logo\/image\/"},"sameAs":["https:\/\/www.facebook.com\/Jaminski.Zespol.Indeksacyjny\/"]}]}},"jetpack_likes_enabled":true,"jetpack_sharing_enabled":true,"_links":{"self":[{"href":"https:\/\/jzi.org.pl\/en\/wp-json\/wp\/v2\/product\/28964","targetHints":{"allow":["GET"]}}],"collection":[{"href":"https:\/\/jzi.org.pl\/en\/wp-json\/wp\/v2\/product"}],"about":[{"href":"https:\/\/jzi.org.pl\/en\/wp-json\/wp\/v2\/types\/product"}],"author":[{"embeddable":true,"href":"https:\/\/jzi.org.pl\/en\/wp-json\/wp\/v2\/users\/1"}],"replies":[{"embeddable":true,"href":"https:\/\/jzi.org.pl\/en\/wp-json\/wp\/v2\/comments?post=28964"}],"wp:featuredmedia":[{"embeddable":true,"href":"https:\/\/jzi.org.pl\/en\/wp-json\/wp\/v2\/media\/28967"}],"wp:attachment":[{"href":"https:\/\/jzi.org.pl\/en\/wp-json\/wp\/v2\/media?parent=28964"}],"wp:term":[{"taxonomy":"product_brand","embeddable":true,"href":"https:\/\/jzi.org.pl\/en\/wp-json\/wp\/v2\/product_brand?post=28964"},{"taxonomy":"product_cat","embeddable":true,"href":"https:\/\/jzi.org.pl\/en\/wp-json\/wp\/v2\/product_cat?post=28964"},{"taxonomy":"product_tag","embeddable":true,"href":"https:\/\/jzi.org.pl\/en\/wp-json\/wp\/v2\/product_tag?post=28964"}],"curies":[{"name":"wp","href":"https:\/\/api.w.org\/{rel}","templated":true}]}}