{"id":28959,"date":"2025-09-15T11:48:34","date_gmt":"2025-09-15T09:48:34","guid":{"rendered":"https:\/\/jzi.org.pl\/?post_type=product&#038;p=28959"},"modified":"2026-02-20T18:08:30","modified_gmt":"2026-02-20T17:08:30","slug":"zadziwienia-zamyslenia-2","status":"publish","type":"product","link":"https:\/\/jzi.org.pl\/en\/product\/zadziwienia-zamyslenia-2\/","title":{"rendered":"Zadziwienia, zamy\u015blenia 2"},"content":{"rendered":"<div id=\"pl-28959\"  class=\"panel-layout\" ><div id=\"pg-28959-0\"  class=\"panel-grid panel-no-style\" ><div id=\"pgc-28959-0-0\"  class=\"panel-grid-cell\" ><div id=\"panel-28959-0-0-0\" class=\"so-panel widget widget_sow-editor panel-first-child\" data-index=\"0\" ><div\n\t\t\t\n\t\t\tclass=\"so-widget-sow-editor so-widget-sow-editor-base\"\n\t\t\t\n\t\t>\n<div class=\"siteorigin-widget-tinymce textwidget\">\n\t<p>Autorzy: Alicja Boli\u0144ska, J\u00f3zefa Drozdowska, Jolanta Maria Dzienis, Krystyna Gudel, Jadwiga Koniecko, Celina Mie\u0144kowska, Maria Roszkowska, Leonarda Szubzda, Tadeusz Trojanowski, Krystyna Walicka, Ma\u0142gorzata Zachorowska-Falicka<\/p>\n<p>Opracowanie i redakcja: J\u00f3zefa Drozdowska, Leonarda Szubzda<\/p>\n<p>Zdj\u0119cia: Jadwiga Koniecko<\/p>\n<p>Edition: 1<\/p>\n<p>ISBN: 978-83-973822-8-2<\/p>\n<p>Stron: 34<\/p>\n<p>Format: 14,8 x 14,8 cm<\/p>\n<p>Cover: soft, lacquered<\/p>\n<\/div>\n<\/div><\/div><div id=\"panel-28959-0-0-1\" class=\"so-panel widget widget_sow-editor\" data-index=\"1\" ><div\n\t\t\t\n\t\t\tclass=\"so-widget-sow-editor so-widget-sow-editor-base\"\n\t\t\t\n\t\t><h3 class=\"widget-title\">More information<\/h3>\n<div class=\"siteorigin-widget-tinymce textwidget\">\n\t<div id=\"pg-3663-1\" class=\"panel-grid panel-no-style\">\n<div id=\"pgc-3663-1-0\" class=\"panel-grid-cell\">\n<div id=\"panel-3663-1-0-0\" class=\"so-panel widget widget_sow-editor panel-first-child panel-last-child\" data-index=\"3\">\n<div class=\"panel-widget-style panel-widget-style-for-3663-1-0-0\">\n<div class=\"so-widget-sow-editor so-widget-sow-editor-base\">\n<div class=\"siteorigin-widget-tinymce textwidget\">\n<p data-start=\"473\" data-end=\"804\">\u201eZadziwienia, zamy\u015blenia 2\u201d to zbi\u00f3r wierszy, w kt\u00f3rych autorzy \u2013 zwi\u0105zani z Augustowem i okolicami \u2013 zatrzymuj\u0105 w s\u0142owie urok przyrody, rytm codzienno\u015bci i bogactwo prostych emocji. Ju\u017c sam podtytu\u0142 wskazuje na \u017ar\u00f3d\u0142o inspiracji: \u0142\u0105ki, pola i ogr\u00f3dki nad Kana\u0142em Augustowskim staj\u0105 si\u0119 przestrzeni\u0105 obserwacji i poetyckich odkry\u0107.<\/p>\n<p data-start=\"806\" data-end=\"1135\">Ka\u017cdy z poet\u00f3w wnosi do tomu w\u0142asn\u0105 wra\u017cliwo\u015b\u0107 \u2013 od lirycznych miniatur Alicji Boli\u0144skiej, przez refleksyjne obrazy Marii Roszkowskiej, po pe\u0142ne humoru i lekko\u015bci teksty Ma\u0142gorzaty Zachorowskiej-Falickiej. Wsp\u00f3lnym mianownikiem jest blisko\u015b\u0107 natury i pragnienie zatrzymania chwil, kt\u00f3re w codziennym zabieganiu \u0142atwo przeoczy\u0107.<\/p>\n<p data-start=\"1137\" data-end=\"1466\">Antologia ma charakter kameralny i intymny \u2013 to ksi\u0105\u017ceczka, kt\u00f3ra najlepiej smakuje czytana niespiesznie, na wsi lub w ogrodzie, tam, gdzie \u0142atwiej us\u0142ysze\u0107 \u015bpiew ptak\u00f3w czy szum traw. Prosta forma wierszy sprawia, \u017ce s\u0105 one dost\u0119pne dla ka\u017cdego czytelnika, a jednocze\u015bnie nios\u0105 autentyczn\u0105 \u015bwie\u017co\u015b\u0107 i rado\u015b\u0107 odkrywania \u015bwiata.<\/p>\n<p data-start=\"1468\" data-end=\"1729\">\u201eZadziwienia, zamy\u015blenia\u201d to udana pr\u00f3ba wsp\u00f3lnego pokazania pi\u0119kna codzienno\u015bci. Lektura tego zbioru pozostawia czytelnika z uczuciem, \u017ce wielkie tematy \u2013 przyja\u017a\u0144, mi\u0142o\u015b\u0107, przemijanie \u2013 mo\u017cna odnale\u017a\u0107 w najmniejszych detalach otaczaj\u0105cej nas rzeczywisto\u015bci.<\/p>\n<\/div>\n<\/div>\n<\/div>\n<\/div>\n<\/div>\n<\/div>\n<\/div>\n<\/div><\/div><div id=\"panel-28959-0-0-2\" class=\"so-panel widget widget_sow-editor panel-last-child\" data-index=\"2\" ><div\n\t\t\t\n\t\t\tclass=\"so-widget-sow-editor so-widget-sow-editor-base\"\n\t\t\t\n\t\t><h3 class=\"widget-title\">Spis wierszy z podaniem autora<\/h3>\n<div class=\"siteorigin-widget-tinymce textwidget\">\n\t<p>Celina Mie\u0144kowska <em>Zak\u0142adka<\/em><br \/>\nAlicja Boli\u0144ska <em>Przylaszczki<\/em><br \/>\nKrystyna Gudel <em>Ksi\u0105\u017cka<\/em><br \/>\nMaria Roszkowska <em>Niezapominajki<\/em><br \/>\nKrystyna Walicka <em>Pierwsza<\/em><br \/>\nJolanta Maria Dzienis <em>Astry<\/em><br \/>\nMa\u0142gorzata Zachorowska-Falicka <em>Dyktando naJE\u017bone trudnymi s\u0142owami<\/em><br \/>\nTadeusz Trojanowski <em>Bo\u017ce u\u015bmiechy<\/em><br \/>\nAlicja Boli\u0144ska <em>Ksi\u0105\u017ceczki Jasia<\/em><br \/>\nJ\u00f3zefa Drozdowska <em>O czym rozmawia\u0142y trzy krowy z obrazu Alfreda Wierusza-Kowalskiego?<\/em><br \/>\nLeonarda Szubzda <em>Droga A.<\/em><\/p>\n<\/div>\n<\/div><\/div><\/div><\/div><\/div>","protected":false},"excerpt":{"rendered":"<p>Autorzy: Alicja Boli\u0144ska, J\u00f3zefa Drozdowska, Jolanta Maria Dzienis, Krystyna Gudel, Jadwiga Koniecko, Celina Mie\u0144kowska, Maria Roszkowska, Leonarda Szubzda, Tadeusz Trojanowski, Krystyna Walicka, Ma\u0142gorzata Zachorowska-Falicka Opracowanie i redakcja: J\u00f3zefa Drozdowska, Leonarda Szubzda Zdj\u0119cia: Jadwiga Koniecko Wydanie: 1 ISBN: 978-83-973822-8-2 Stron: 34 Format: 14,8 x 14,8 cm Ok\u0142adka: mi\u0119kka, lakierowana \u201eZadziwienia, zamy\u015blenia 2\u201d to zbi\u00f3r wierszy, w [&hellip;]<\/p>\n","protected":false},"author":1,"featured_media":28960,"comment_status":"open","ping_status":"closed","template":"","meta":{"h5ap_radio_sources":[],"jetpack_post_was_ever_published":false},"product_brand":[],"product_cat":[272,395],"product_tag":[],"class_list":{"0":"post-28959","1":"product","2":"type-product","3":"status-publish","4":"has-post-thumbnail","6":"product_cat-ksiazki","7":"product_cat-literatura-piekna","9":"first","10":"instock","11":"taxable","12":"shipping-taxable","13":"purchasable","14":"product-type-simple"},"supplier_id":16598,"supplier_sku":"","barcode":null,"atum_controlled":true,"out_stock_date":null,"out_stock_threshold":null,"inheritable":false,"inbound_stock":0,"stock_on_hold":1,"sold_today":0,"sales_last_days":0,"reserved_stock":0,"customer_returns":0,"warehouse_damage":0,"lost_in_post":0,"other_logs":0,"out_stock_days":0,"lost_sales":0,"has_location":false,"update_date":"2026-04-09T00:03:51","atum_locations":[],"atum_stock_status":"instock","restock_status":false,"low_stock_amount":2,"sales_update_date":"2026-04-09T00:03:51","calc_backorders":0,"yoast_head":"<!-- This site is optimized with the Yoast SEO plugin v27.3 - https:\/\/yoast.com\/product\/yoast-seo-wordpress\/ -->\n<title>Zadziwienia, zamy\u015blenia 2 - poetycka podr\u00f3\u017c po marzeniach i naturze - Jami\u0144ski Zesp\u00f3\u0142 Indeksacyjny<\/title>\n<meta name=\"description\" content=\"\ud83c\udf3f\u2728 \u201eZadziwienia, zamy\u015blenia 2\u201d \u2013 tomik poetycki zrodzony z mi\u0142o\u015bci do przyrody i codziennych chwil.Autorzy zwi\u0105zani z Augustowem i okolicami prowadz\u0105 nas na \u0142\u0105ki, pola i do ogr\u00f3dk\u00f3w nad Kana\u0142em Augustowskim. To tam rodz\u0105 si\u0119 ich wiersze \u2013 proste, szczere, pe\u0142ne u\u015bmiechu i zadumy. \ud83d\udcd6 Wsp\u00f3lna antologia jest zaproszeniem do zatrzymania si\u0119 na moment, do spojrzenia na \u015bwiat oczami poet\u00f3w, kt\u00f3rzy w najmniejszych drobiazgach potrafi\u0105 dostrzec pi\u0119kno i sens. \ud83d\udc9a Je\u015bli lubisz natur\u0119, cisz\u0119 i poetyckie refleksje \u2013 ta ksi\u0105\u017ceczka jest w\u0142a\u015bnie dla Ciebie.\" \/>\n<meta name=\"robots\" content=\"index, follow, max-snippet:-1, max-image-preview:large, max-video-preview:-1\" \/>\n<link rel=\"canonical\" href=\"https:\/\/jzi.org.pl\/en\/product\/zadziwienia-zamyslenia-2\/\" \/>\n<meta property=\"og:locale\" content=\"en_US\" \/>\n<meta property=\"og:type\" content=\"article\" \/>\n<meta property=\"og:title\" content=\"Zadziwienia, zamy\u015blenia 2 - wiersze, kt\u00f3re poruszaj\u0105 serca\" \/>\n<meta property=\"og:description\" content=\"\ud83c\udf3f\u2728 \u201eZadziwienia, zamy\u015blenia 2\u201d \u2013 tomik poetycki zrodzony z mi\u0142o\u015bci do przyrody i codziennych chwil.Autorzy zwi\u0105zani z Augustowem i okolicami prowadz\u0105 nas na \u0142\u0105ki, pola i do ogr\u00f3dk\u00f3w nad Kana\u0142em Augustowskim. To tam rodz\u0105 si\u0119 ich wiersze \u2013 proste, szczere, pe\u0142ne u\u015bmiechu i zadumy. \ud83d\udcd6 Wsp\u00f3lna antologia jest zaproszeniem do zatrzymania si\u0119 na moment, do spojrzenia na \u015bwiat oczami poet\u00f3w, kt\u00f3rzy w najmniejszych drobiazgach potrafi\u0105 dostrzec pi\u0119kno i sens. \ud83d\udc9a Je\u015bli lubisz natur\u0119, cisz\u0119 i poetyckie refleksje \u2013 ta ksi\u0105\u017ceczka jest w\u0142a\u015bnie dla Ciebie.\" \/>\n<meta property=\"og:url\" content=\"https:\/\/jzi.org.pl\/en\/product\/zadziwienia-zamyslenia-2\/\" \/>\n<meta property=\"og:site_name\" content=\"Jami\u0144ski Zesp\u00f3\u0142 Indeksacyjny\" \/>\n<meta property=\"article:publisher\" content=\"https:\/\/www.facebook.com\/Jaminski.Zespol.Indeksacyjny\/\" \/>\n<meta property=\"article:modified_time\" content=\"2026-02-20T17:08:30+00:00\" \/>\n<meta property=\"og:image\" content=\"https:\/\/jzi.org.pl\/wp-content\/uploads\/2025\/09\/zadziwienia-zamyslenia-2-0.jpg\" \/>\n\t<meta property=\"og:image:width\" content=\"1994\" \/>\n\t<meta property=\"og:image:height\" content=\"1994\" \/>\n\t<meta property=\"og:image:type\" content=\"image\/jpeg\" \/>\n<meta name=\"twitter:card\" content=\"summary_large_image\" \/>\n<meta name=\"twitter:label1\" content=\"Est. reading time\" \/>\n\t<meta name=\"twitter:data1\" content=\"2 minutes\" \/>\n<script type=\"application\/ld+json\" class=\"yoast-schema-graph\">{\"@context\":\"https:\\\/\\\/schema.org\",\"@graph\":[{\"@type\":\"WebPage\",\"@id\":\"https:\\\/\\\/jzi.org.pl\\\/en\\\/product\\\/zadziwienia-zamyslenia-2\\\/\",\"url\":\"https:\\\/\\\/jzi.org.pl\\\/en\\\/product\\\/zadziwienia-zamyslenia-2\\\/\",\"name\":\"Zadziwienia, zamy\u015blenia 2 - poetycka podr\u00f3\u017c po marzeniach i naturze - Jami\u0144ski Zesp\u00f3\u0142 Indeksacyjny\",\"isPartOf\":{\"@id\":\"https:\\\/\\\/jzi.org.pl\\\/#website\"},\"primaryImageOfPage\":{\"@id\":\"https:\\\/\\\/jzi.org.pl\\\/en\\\/product\\\/zadziwienia-zamyslenia-2\\\/#primaryimage\"},\"image\":{\"@id\":\"https:\\\/\\\/jzi.org.pl\\\/en\\\/product\\\/zadziwienia-zamyslenia-2\\\/#primaryimage\"},\"thumbnailUrl\":\"https:\\\/\\\/jzi.org.pl\\\/wp-content\\\/uploads\\\/2025\\\/09\\\/zadziwienia-zamyslenia-2-0.jpg\",\"datePublished\":\"2025-09-15T09:48:34+00:00\",\"dateModified\":\"2026-02-20T17:08:30+00:00\",\"description\":\"\ud83c\udf3f\u2728 \u201eZadziwienia, zamy\u015blenia 2\u201d \u2013 tomik poetycki zrodzony z mi\u0142o\u015bci do przyrody i codziennych chwil.Autorzy zwi\u0105zani z Augustowem i okolicami prowadz\u0105 nas na \u0142\u0105ki, pola i do ogr\u00f3dk\u00f3w nad Kana\u0142em Augustowskim. To tam rodz\u0105 si\u0119 ich wiersze \u2013 proste, szczere, pe\u0142ne u\u015bmiechu i zadumy. \ud83d\udcd6 Wsp\u00f3lna antologia jest zaproszeniem do zatrzymania si\u0119 na moment, do spojrzenia na \u015bwiat oczami poet\u00f3w, kt\u00f3rzy w najmniejszych drobiazgach potrafi\u0105 dostrzec pi\u0119kno i sens. \ud83d\udc9a Je\u015bli lubisz natur\u0119, cisz\u0119 i poetyckie refleksje \u2013 ta ksi\u0105\u017ceczka jest w\u0142a\u015bnie dla Ciebie.\",\"breadcrumb\":{\"@id\":\"https:\\\/\\\/jzi.org.pl\\\/en\\\/product\\\/zadziwienia-zamyslenia-2\\\/#breadcrumb\"},\"inLanguage\":\"en-US\",\"potentialAction\":[{\"@type\":\"ReadAction\",\"target\":[\"https:\\\/\\\/jzi.org.pl\\\/en\\\/product\\\/zadziwienia-zamyslenia-2\\\/\"]}]},{\"@type\":\"ImageObject\",\"inLanguage\":\"en-US\",\"@id\":\"https:\\\/\\\/jzi.org.pl\\\/en\\\/product\\\/zadziwienia-zamyslenia-2\\\/#primaryimage\",\"url\":\"https:\\\/\\\/jzi.org.pl\\\/wp-content\\\/uploads\\\/2025\\\/09\\\/zadziwienia-zamyslenia-2-0.jpg\",\"contentUrl\":\"https:\\\/\\\/jzi.org.pl\\\/wp-content\\\/uploads\\\/2025\\\/09\\\/zadziwienia-zamyslenia-2-0.jpg\",\"width\":1994,\"height\":1994},{\"@type\":\"BreadcrumbList\",\"@id\":\"https:\\\/\\\/jzi.org.pl\\\/en\\\/product\\\/zadziwienia-zamyslenia-2\\\/#breadcrumb\",\"itemListElement\":[{\"@type\":\"ListItem\",\"position\":1,\"name\":\"Strona g\u0142\u00f3wna\",\"item\":\"https:\\\/\\\/jzi.org.pl\\\/\"},{\"@type\":\"ListItem\",\"position\":2,\"name\":\"Sklep\",\"item\":\"https:\\\/\\\/jzi.org.pl\\\/sklep\\\/\"},{\"@type\":\"ListItem\",\"position\":3,\"name\":\"Zadziwienia, zamy\u015blenia 2\"}]},{\"@type\":\"WebSite\",\"@id\":\"https:\\\/\\\/jzi.org.pl\\\/#website\",\"url\":\"https:\\\/\\\/jzi.org.pl\\\/\",\"name\":\"Jami\u0144ski Zesp\u00f3\u0142 Indeksacyjny\",\"description\":\"\",\"publisher\":{\"@id\":\"https:\\\/\\\/jzi.org.pl\\\/#organization\"},\"potentialAction\":[{\"@type\":\"SearchAction\",\"target\":{\"@type\":\"EntryPoint\",\"urlTemplate\":\"https:\\\/\\\/jzi.org.pl\\\/?s={search_term_string}\"},\"query-input\":{\"@type\":\"PropertyValueSpecification\",\"valueRequired\":true,\"valueName\":\"search_term_string\"}}],\"inLanguage\":\"en-US\"},{\"@type\":\"Organization\",\"@id\":\"https:\\\/\\\/jzi.org.pl\\\/#organization\",\"name\":\"Jami\u0144ski Zesp\u00f3\u0142 Indeksacyjny\",\"url\":\"https:\\\/\\\/jzi.org.pl\\\/\",\"logo\":{\"@type\":\"ImageObject\",\"inLanguage\":\"en-US\",\"@id\":\"https:\\\/\\\/jzi.org.pl\\\/#\\\/schema\\\/logo\\\/image\\\/\",\"url\":\"https:\\\/\\\/jzi.org.pl\\\/wp-content\\\/uploads\\\/2019\\\/03\\\/logo-stowarzyszenie-jzi.png\",\"contentUrl\":\"https:\\\/\\\/jzi.org.pl\\\/wp-content\\\/uploads\\\/2019\\\/03\\\/logo-stowarzyszenie-jzi.png\",\"width\":931,\"height\":990,\"caption\":\"Jami\u0144ski Zesp\u00f3\u0142 Indeksacyjny\"},\"image\":{\"@id\":\"https:\\\/\\\/jzi.org.pl\\\/#\\\/schema\\\/logo\\\/image\\\/\"},\"sameAs\":[\"https:\\\/\\\/www.facebook.com\\\/Jaminski.Zespol.Indeksacyjny\\\/\"]}]}<\/script>\n<!-- \/ Yoast SEO plugin. -->","yoast_head_json":{"title":"Zadziwienia, zamy\u015blenia 2 - poetycka podr\u00f3\u017c po marzeniach i naturze - Jami\u0144ski Zesp\u00f3\u0142 Indeksacyjny","description":"\ud83c\udf3f\u2728 \u201eZadziwienia, zamy\u015blenia 2\u201d \u2013 tomik poetycki zrodzony z mi\u0142o\u015bci do przyrody i codziennych chwil.Autorzy zwi\u0105zani z Augustowem i okolicami prowadz\u0105 nas na \u0142\u0105ki, pola i do ogr\u00f3dk\u00f3w nad Kana\u0142em Augustowskim. To tam rodz\u0105 si\u0119 ich wiersze \u2013 proste, szczere, pe\u0142ne u\u015bmiechu i zadumy. \ud83d\udcd6 Wsp\u00f3lna antologia jest zaproszeniem do zatrzymania si\u0119 na moment, do spojrzenia na \u015bwiat oczami poet\u00f3w, kt\u00f3rzy w najmniejszych drobiazgach potrafi\u0105 dostrzec pi\u0119kno i sens. \ud83d\udc9a Je\u015bli lubisz natur\u0119, cisz\u0119 i poetyckie refleksje \u2013 ta ksi\u0105\u017ceczka jest w\u0142a\u015bnie dla Ciebie.","robots":{"index":"index","follow":"follow","max-snippet":"max-snippet:-1","max-image-preview":"max-image-preview:large","max-video-preview":"max-video-preview:-1"},"canonical":"https:\/\/jzi.org.pl\/en\/product\/zadziwienia-zamyslenia-2\/","og_locale":"en_US","og_type":"article","og_title":"Zadziwienia, zamy\u015blenia 2 - wiersze, kt\u00f3re poruszaj\u0105 serca","og_description":"\ud83c\udf3f\u2728 \u201eZadziwienia, zamy\u015blenia 2\u201d \u2013 tomik poetycki zrodzony z mi\u0142o\u015bci do przyrody i codziennych chwil.Autorzy zwi\u0105zani z Augustowem i okolicami prowadz\u0105 nas na \u0142\u0105ki, pola i do ogr\u00f3dk\u00f3w nad Kana\u0142em Augustowskim. To tam rodz\u0105 si\u0119 ich wiersze \u2013 proste, szczere, pe\u0142ne u\u015bmiechu i zadumy. \ud83d\udcd6 Wsp\u00f3lna antologia jest zaproszeniem do zatrzymania si\u0119 na moment, do spojrzenia na \u015bwiat oczami poet\u00f3w, kt\u00f3rzy w najmniejszych drobiazgach potrafi\u0105 dostrzec pi\u0119kno i sens. \ud83d\udc9a Je\u015bli lubisz natur\u0119, cisz\u0119 i poetyckie refleksje \u2013 ta ksi\u0105\u017ceczka jest w\u0142a\u015bnie dla Ciebie.","og_url":"https:\/\/jzi.org.pl\/en\/product\/zadziwienia-zamyslenia-2\/","og_site_name":"Jami\u0144ski Zesp\u00f3\u0142 Indeksacyjny","article_publisher":"https:\/\/www.facebook.com\/Jaminski.Zespol.Indeksacyjny\/","article_modified_time":"2026-02-20T17:08:30+00:00","og_image":[{"width":1994,"height":1994,"url":"https:\/\/jzi.org.pl\/wp-content\/uploads\/2025\/09\/zadziwienia-zamyslenia-2-0.jpg","type":"image\/jpeg"}],"twitter_card":"summary_large_image","twitter_misc":{"Est. reading time":"2 minutes"},"schema":{"@context":"https:\/\/schema.org","@graph":[{"@type":"WebPage","@id":"https:\/\/jzi.org.pl\/en\/product\/zadziwienia-zamyslenia-2\/","url":"https:\/\/jzi.org.pl\/en\/product\/zadziwienia-zamyslenia-2\/","name":"Zadziwienia, zamy\u015blenia 2 - poetycka podr\u00f3\u017c po marzeniach i naturze - Jami\u0144ski Zesp\u00f3\u0142 Indeksacyjny","isPartOf":{"@id":"https:\/\/jzi.org.pl\/#website"},"primaryImageOfPage":{"@id":"https:\/\/jzi.org.pl\/en\/product\/zadziwienia-zamyslenia-2\/#primaryimage"},"image":{"@id":"https:\/\/jzi.org.pl\/en\/product\/zadziwienia-zamyslenia-2\/#primaryimage"},"thumbnailUrl":"https:\/\/jzi.org.pl\/wp-content\/uploads\/2025\/09\/zadziwienia-zamyslenia-2-0.jpg","datePublished":"2025-09-15T09:48:34+00:00","dateModified":"2026-02-20T17:08:30+00:00","description":"\ud83c\udf3f\u2728 \u201eZadziwienia, zamy\u015blenia 2\u201d \u2013 tomik poetycki zrodzony z mi\u0142o\u015bci do przyrody i codziennych chwil.Autorzy zwi\u0105zani z Augustowem i okolicami prowadz\u0105 nas na \u0142\u0105ki, pola i do ogr\u00f3dk\u00f3w nad Kana\u0142em Augustowskim. To tam rodz\u0105 si\u0119 ich wiersze \u2013 proste, szczere, pe\u0142ne u\u015bmiechu i zadumy. \ud83d\udcd6 Wsp\u00f3lna antologia jest zaproszeniem do zatrzymania si\u0119 na moment, do spojrzenia na \u015bwiat oczami poet\u00f3w, kt\u00f3rzy w najmniejszych drobiazgach potrafi\u0105 dostrzec pi\u0119kno i sens. \ud83d\udc9a Je\u015bli lubisz natur\u0119, cisz\u0119 i poetyckie refleksje \u2013 ta ksi\u0105\u017ceczka jest w\u0142a\u015bnie dla Ciebie.","breadcrumb":{"@id":"https:\/\/jzi.org.pl\/en\/product\/zadziwienia-zamyslenia-2\/#breadcrumb"},"inLanguage":"en-US","potentialAction":[{"@type":"ReadAction","target":["https:\/\/jzi.org.pl\/en\/product\/zadziwienia-zamyslenia-2\/"]}]},{"@type":"ImageObject","inLanguage":"en-US","@id":"https:\/\/jzi.org.pl\/en\/product\/zadziwienia-zamyslenia-2\/#primaryimage","url":"https:\/\/jzi.org.pl\/wp-content\/uploads\/2025\/09\/zadziwienia-zamyslenia-2-0.jpg","contentUrl":"https:\/\/jzi.org.pl\/wp-content\/uploads\/2025\/09\/zadziwienia-zamyslenia-2-0.jpg","width":1994,"height":1994},{"@type":"BreadcrumbList","@id":"https:\/\/jzi.org.pl\/en\/product\/zadziwienia-zamyslenia-2\/#breadcrumb","itemListElement":[{"@type":"ListItem","position":1,"name":"Strona g\u0142\u00f3wna","item":"https:\/\/jzi.org.pl\/"},{"@type":"ListItem","position":2,"name":"Sklep","item":"https:\/\/jzi.org.pl\/sklep\/"},{"@type":"ListItem","position":3,"name":"Zadziwienia, zamy\u015blenia 2"}]},{"@type":"WebSite","@id":"https:\/\/jzi.org.pl\/#website","url":"https:\/\/jzi.org.pl\/","name":"Jaminy Indexing Team","description":"","publisher":{"@id":"https:\/\/jzi.org.pl\/#organization"},"potentialAction":[{"@type":"SearchAction","target":{"@type":"EntryPoint","urlTemplate":"https:\/\/jzi.org.pl\/?s={search_term_string}"},"query-input":{"@type":"PropertyValueSpecification","valueRequired":true,"valueName":"search_term_string"}}],"inLanguage":"en-US"},{"@type":"Organization","@id":"https:\/\/jzi.org.pl\/#organization","name":"Jaminy Indexing Team","url":"https:\/\/jzi.org.pl\/","logo":{"@type":"ImageObject","inLanguage":"en-US","@id":"https:\/\/jzi.org.pl\/#\/schema\/logo\/image\/","url":"https:\/\/jzi.org.pl\/wp-content\/uploads\/2019\/03\/logo-stowarzyszenie-jzi.png","contentUrl":"https:\/\/jzi.org.pl\/wp-content\/uploads\/2019\/03\/logo-stowarzyszenie-jzi.png","width":931,"height":990,"caption":"Jami\u0144ski Zesp\u00f3\u0142 Indeksacyjny"},"image":{"@id":"https:\/\/jzi.org.pl\/#\/schema\/logo\/image\/"},"sameAs":["https:\/\/www.facebook.com\/Jaminski.Zespol.Indeksacyjny\/"]}]}},"jetpack_likes_enabled":true,"jetpack_sharing_enabled":true,"_links":{"self":[{"href":"https:\/\/jzi.org.pl\/en\/wp-json\/wp\/v2\/product\/28959","targetHints":{"allow":["GET"]}}],"collection":[{"href":"https:\/\/jzi.org.pl\/en\/wp-json\/wp\/v2\/product"}],"about":[{"href":"https:\/\/jzi.org.pl\/en\/wp-json\/wp\/v2\/types\/product"}],"author":[{"embeddable":true,"href":"https:\/\/jzi.org.pl\/en\/wp-json\/wp\/v2\/users\/1"}],"replies":[{"embeddable":true,"href":"https:\/\/jzi.org.pl\/en\/wp-json\/wp\/v2\/comments?post=28959"}],"wp:featuredmedia":[{"embeddable":true,"href":"https:\/\/jzi.org.pl\/en\/wp-json\/wp\/v2\/media\/28960"}],"wp:attachment":[{"href":"https:\/\/jzi.org.pl\/en\/wp-json\/wp\/v2\/media?parent=28959"}],"wp:term":[{"taxonomy":"product_brand","embeddable":true,"href":"https:\/\/jzi.org.pl\/en\/wp-json\/wp\/v2\/product_brand?post=28959"},{"taxonomy":"product_cat","embeddable":true,"href":"https:\/\/jzi.org.pl\/en\/wp-json\/wp\/v2\/product_cat?post=28959"},{"taxonomy":"product_tag","embeddable":true,"href":"https:\/\/jzi.org.pl\/en\/wp-json\/wp\/v2\/product_tag?post=28959"}],"curies":[{"name":"wp","href":"https:\/\/api.w.org\/{rel}","templated":true}]}}