{"id":28814,"date":"2025-07-25T12:44:37","date_gmt":"2025-07-25T10:44:37","guid":{"rendered":"https:\/\/jzi.org.pl\/?post_type=product&#038;p=28814"},"modified":"2025-12-31T10:55:36","modified_gmt":"2025-12-31T09:55:36","slug":"zadziwienia-zamyslenia","status":"publish","type":"product","link":"https:\/\/jzi.org.pl\/en\/product\/zadziwienia-zamyslenia\/","title":{"rendered":"Zadziwienia, zamy\u015blenia"},"content":{"rendered":"<div id=\"pl-28814\"  class=\"panel-layout\" ><div id=\"pg-28814-0\"  class=\"panel-grid panel-no-style\" ><div id=\"pgc-28814-0-0\"  class=\"panel-grid-cell\" ><div id=\"panel-28814-0-0-0\" class=\"so-panel widget widget_sow-editor panel-first-child\" data-index=\"0\" ><div\n\t\t\t\n\t\t\tclass=\"so-widget-sow-editor so-widget-sow-editor-base\"\n\t\t\t\n\t\t>\n<div class=\"siteorigin-widget-tinymce textwidget\">\n\t<p>Autorzy: J\u00f3zefa Drozdowska, Jolanta Maria Dzienis, Barbara Ga\u0142czy\u0144ska, Jadwiga Koniecko, Daniela Polasik, Jan Saczko, Leonarda Szubzda, Ma\u0142gorzata Zachorowska-Falicka<\/p>\n<p>Opracowanie i redakcja: J\u00f3zefa Drozdowska, Leonarda Szubzda<\/p>\n<p>Zdj\u0119cia: Jadwiga Koniecko<\/p>\n<p>Edition: 1<\/p>\n<p>ISBN: 978-83-973822-6-8<\/p>\n<p>Stron: 34<\/p>\n<p>Format: 14,8 x 14,8 cm<\/p>\n<p>Cover: soft, lacquered<\/p>\n<\/div>\n<\/div><\/div><div id=\"panel-28814-0-0-1\" class=\"so-panel widget widget_sow-editor\" data-index=\"1\" ><div\n\t\t\t\n\t\t\tclass=\"so-widget-sow-editor so-widget-sow-editor-base\"\n\t\t\t\n\t\t><h3 class=\"widget-title\">More information<\/h3>\n<div class=\"siteorigin-widget-tinymce textwidget\">\n\t<div id=\"pg-3663-1\" class=\"panel-grid panel-no-style\">\n<div id=\"pgc-3663-1-0\" class=\"panel-grid-cell\">\n<div id=\"panel-3663-1-0-0\" class=\"so-panel widget widget_sow-editor panel-first-child panel-last-child\" data-index=\"3\">\n<div class=\"panel-widget-style panel-widget-style-for-3663-1-0-0\">\n<div class=\"so-widget-sow-editor so-widget-sow-editor-base\">\n<div class=\"siteorigin-widget-tinymce textwidget\">\"Zadziwienia, zamy\u015blenia\" to literacki zbi\u00f3r refleksji, wspomnie\u0144 i obserwacji z \u017cycia codziennego, osadzonych w lokalnym krajobrazie. Autorzy z uwa\u017cno\u015bci\u0105 i czu\u0142o\u015bci\u0105 przygl\u0105da si\u0119 \u015bwiatu \u2014 zar\u00f3wno temu dawnemu, zakorzenionemu w lokalnej tradycji, jak i wsp\u00f3\u0142czesnemu, pe\u0142nemu drobnych zdarze\u0144 i osobistych wzrusze\u0144. Teksty, nierzadko o charakterze felietonowym, \u0142\u0105cz\u0105 poetyck\u0105 wra\u017cliwo\u015b\u0107 z reportersk\u0105 uwa\u017cno\u015bci\u0105. To opowie\u015b\u0107 o ludziach, miejscach i czasie, kt\u00f3ry przemija, pozostawiaj\u0105c w pami\u0119ci \u015blad \u2014 ciep\u0142y, czasem nostalgiczny, ale zawsze prawdziwy. \u201eZadziwienia, zamy\u015blenia\u201d to ksi\u0105\u017cka dla tych, kt\u00f3rzy ceni\u0105 s\u0142owo z dusz\u0105 i literatur\u0119 blisk\u0105 cz\u0142owiekowi i jego codzienno\u015bci.<\/div>\n<\/div>\n<\/div>\n<\/div>\n<\/div>\n<\/div>\n<\/div>\n<\/div><\/div><div id=\"panel-28814-0-0-2\" class=\"so-panel widget widget_sow-editor panel-last-child\" data-index=\"2\" ><div\n\t\t\t\n\t\t\tclass=\"so-widget-sow-editor so-widget-sow-editor-base\"\n\t\t\t\n\t\t><h3 class=\"widget-title\">Spis wierszy z podaniem autora<\/h3>\n<div class=\"siteorigin-widget-tinymce textwidget\">\n\t<p>Jolanta Maria Dzienis <em>Kie\u0142bik<\/em><br \/>\nDaniela Polasik <em>Gdy wieje<\/em><br \/>\nLeonarda Szubzda <em>Zapami\u0119tane<\/em><br \/>\nMa\u0142gorzata Zachorowska-Falicka <em>Swobodny rejs<\/em><br \/>\nBarbara Ga\u0142czy\u0144ska <em>Babci Tekli \u015bcie\u017cki zwyk\u0142e<\/em><br \/>\nJ\u00f3zefa Drozdowska <em>W minimuzeum kolei w E\u0142ku<\/em><br \/>\nJan Saczko <em>Podr\u00f3\u017c w jedn\u0105 stron\u0119<\/em><\/p>\n<\/div>\n<\/div><\/div><\/div><\/div><\/div>","protected":false},"excerpt":{"rendered":"<p>Autorzy: J\u00f3zefa Drozdowska, Jolanta Maria Dzienis, Barbara Ga\u0142czy\u0144ska, Jadwiga Koniecko, Daniela Polasik, Jan Saczko, Leonarda Szubzda, Ma\u0142gorzata Zachorowska-Falicka Opracowanie i redakcja: J\u00f3zefa Drozdowska, Leonarda Szubzda Zdj\u0119cia: Jadwiga Koniecko Wydanie: 1 ISBN: 978-83-973822-6-8 Stron: 34 Format: 14,8 x 14,8 cm Ok\u0142adka: mi\u0119kka, lakierowana &#8222;Zadziwienia, zamy\u015blenia&#8221; to literacki zbi\u00f3r refleksji, wspomnie\u0144 i obserwacji z \u017cycia codziennego, osadzonych [&hellip;]<\/p>\n","protected":false},"author":1,"featured_media":28815,"comment_status":"open","ping_status":"closed","template":"","meta":{"h5ap_radio_sources":[],"jetpack_post_was_ever_published":false},"product_brand":[],"product_cat":[272,395],"product_tag":[],"class_list":{"0":"post-28814","1":"product","2":"type-product","3":"status-publish","4":"has-post-thumbnail","6":"product_cat-ksiazki","7":"product_cat-literatura-piekna","9":"first","10":"instock","11":"taxable","12":"shipping-taxable","13":"purchasable","14":"product-type-simple"},"supplier_id":16598,"supplier_sku":"","barcode":null,"atum_controlled":true,"out_stock_date":null,"out_stock_threshold":null,"inheritable":false,"inbound_stock":0,"stock_on_hold":0,"sold_today":0,"sales_last_days":0,"reserved_stock":0,"customer_returns":0,"warehouse_damage":0,"lost_in_post":0,"other_logs":0,"out_stock_days":0,"lost_sales":0,"has_location":false,"update_date":"2026-04-13T00:05:44","atum_locations":[],"atum_stock_status":"instock","restock_status":false,"low_stock_amount":2,"sales_update_date":"2026-04-13T00:05:44","calc_backorders":0,"yoast_head":"<!-- This site is optimized with the Yoast SEO plugin v27.3 - https:\/\/yoast.com\/product\/yoast-seo-wordpress\/ -->\n<title>Zadziwienia, zamy\u015blenia - poetycka podr\u00f3\u017c po marzeniach i naturze - Jami\u0144ski Zesp\u00f3\u0142 Indeksacyjny<\/title>\n<meta name=\"description\" content=\"Si\u0119gnij po ksi\u0105\u017ck\u0119, kt\u00f3ra pachnie Podlasiem, szeptem rzeki i wspomnieniem dawnych rozm\u00f3w przy piecu.\u201eZadziwienia, zamy\u015blenia\u201d to zbi\u00f3r refleksji i opowie\u015bci, kt\u00f3re porusz\u0105 Twoj\u0105 codzienno\u015b\u0107 \u2014 cicho, ale g\u0142\u0119boko.Dla tych, kt\u00f3rzy kochaj\u0105 s\u0142owo z dusz\u0105, lokalno\u015b\u0107 i czu\u0142e spojrzenie na \u015bwiat.\" \/>\n<meta name=\"robots\" content=\"index, follow, max-snippet:-1, max-image-preview:large, max-video-preview:-1\" \/>\n<link rel=\"canonical\" href=\"https:\/\/jzi.org.pl\/en\/product\/zadziwienia-zamyslenia\/\" \/>\n<meta property=\"og:locale\" content=\"en_US\" \/>\n<meta property=\"og:type\" content=\"article\" \/>\n<meta property=\"og:title\" content=\"Zadziwienia, zamy\u015blenia - wiersze, kt\u00f3re poruszaj\u0105 serca\" \/>\n<meta property=\"og:description\" content=\"Si\u0119gnij po ksi\u0105\u017ck\u0119, kt\u00f3ra pachnie Podlasiem, szeptem rzeki i wspomnieniem dawnych rozm\u00f3w przy piecu.\u201eZadziwienia, zamy\u015blenia\u201d to zbi\u00f3r refleksji i opowie\u015bci, kt\u00f3re porusz\u0105 Twoj\u0105 codzienno\u015b\u0107 \u2014 cicho, ale g\u0142\u0119boko.Dla tych, kt\u00f3rzy kochaj\u0105 s\u0142owo z dusz\u0105, lokalno\u015b\u0107 i czu\u0142e spojrzenie na \u015bwiat.\" \/>\n<meta property=\"og:url\" content=\"https:\/\/jzi.org.pl\/en\/product\/zadziwienia-zamyslenia\/\" \/>\n<meta property=\"og:site_name\" content=\"Jami\u0144ski Zesp\u00f3\u0142 Indeksacyjny\" \/>\n<meta property=\"article:publisher\" content=\"https:\/\/www.facebook.com\/Jaminski.Zespol.Indeksacyjny\/\" \/>\n<meta property=\"article:modified_time\" content=\"2025-12-31T09:55:36+00:00\" \/>\n<meta property=\"og:image\" content=\"https:\/\/jzi.org.pl\/wp-content\/uploads\/2025\/07\/zadziwienia-zamyslenia-0.jpg\" \/>\n\t<meta property=\"og:image:width\" content=\"1999\" \/>\n\t<meta property=\"og:image:height\" content=\"2008\" \/>\n\t<meta property=\"og:image:type\" content=\"image\/jpeg\" \/>\n<meta name=\"twitter:card\" content=\"summary_large_image\" \/>\n<meta name=\"twitter:label1\" content=\"Est. reading time\" \/>\n\t<meta name=\"twitter:data1\" content=\"2 minutes\" \/>\n<script type=\"application\/ld+json\" class=\"yoast-schema-graph\">{\"@context\":\"https:\\\/\\\/schema.org\",\"@graph\":[{\"@type\":\"WebPage\",\"@id\":\"https:\\\/\\\/jzi.org.pl\\\/produkt\\\/zadziwienia-zamyslenia\\\/\",\"url\":\"https:\\\/\\\/jzi.org.pl\\\/produkt\\\/zadziwienia-zamyslenia\\\/\",\"name\":\"Zadziwienia, zamy\u015blenia - poetycka podr\u00f3\u017c po marzeniach i naturze - Jami\u0144ski Zesp\u00f3\u0142 Indeksacyjny\",\"isPartOf\":{\"@id\":\"https:\\\/\\\/jzi.org.pl\\\/#website\"},\"primaryImageOfPage\":{\"@id\":\"https:\\\/\\\/jzi.org.pl\\\/produkt\\\/zadziwienia-zamyslenia\\\/#primaryimage\"},\"image\":{\"@id\":\"https:\\\/\\\/jzi.org.pl\\\/produkt\\\/zadziwienia-zamyslenia\\\/#primaryimage\"},\"thumbnailUrl\":\"https:\\\/\\\/jzi.org.pl\\\/wp-content\\\/uploads\\\/2025\\\/07\\\/zadziwienia-zamyslenia-0.jpg\",\"datePublished\":\"2025-07-25T10:44:37+00:00\",\"dateModified\":\"2025-12-31T09:55:36+00:00\",\"description\":\"Si\u0119gnij po ksi\u0105\u017ck\u0119, kt\u00f3ra pachnie Podlasiem, szeptem rzeki i wspomnieniem dawnych rozm\u00f3w przy piecu.\u201eZadziwienia, zamy\u015blenia\u201d to zbi\u00f3r refleksji i opowie\u015bci, kt\u00f3re porusz\u0105 Twoj\u0105 codzienno\u015b\u0107 \u2014 cicho, ale g\u0142\u0119boko.Dla tych, kt\u00f3rzy kochaj\u0105 s\u0142owo z dusz\u0105, lokalno\u015b\u0107 i czu\u0142e spojrzenie na \u015bwiat.\",\"breadcrumb\":{\"@id\":\"https:\\\/\\\/jzi.org.pl\\\/produkt\\\/zadziwienia-zamyslenia\\\/#breadcrumb\"},\"inLanguage\":\"en-US\",\"potentialAction\":[{\"@type\":\"ReadAction\",\"target\":[\"https:\\\/\\\/jzi.org.pl\\\/produkt\\\/zadziwienia-zamyslenia\\\/\"]}]},{\"@type\":\"ImageObject\",\"inLanguage\":\"en-US\",\"@id\":\"https:\\\/\\\/jzi.org.pl\\\/produkt\\\/zadziwienia-zamyslenia\\\/#primaryimage\",\"url\":\"https:\\\/\\\/jzi.org.pl\\\/wp-content\\\/uploads\\\/2025\\\/07\\\/zadziwienia-zamyslenia-0.jpg\",\"contentUrl\":\"https:\\\/\\\/jzi.org.pl\\\/wp-content\\\/uploads\\\/2025\\\/07\\\/zadziwienia-zamyslenia-0.jpg\",\"width\":1999,\"height\":2008},{\"@type\":\"BreadcrumbList\",\"@id\":\"https:\\\/\\\/jzi.org.pl\\\/produkt\\\/zadziwienia-zamyslenia\\\/#breadcrumb\",\"itemListElement\":[{\"@type\":\"ListItem\",\"position\":1,\"name\":\"Strona g\u0142\u00f3wna\",\"item\":\"https:\\\/\\\/jzi.org.pl\\\/\"},{\"@type\":\"ListItem\",\"position\":2,\"name\":\"Sklep\",\"item\":\"https:\\\/\\\/jzi.org.pl\\\/sklep\\\/\"},{\"@type\":\"ListItem\",\"position\":3,\"name\":\"Zadziwienia, zamy\u015blenia\"}]},{\"@type\":\"WebSite\",\"@id\":\"https:\\\/\\\/jzi.org.pl\\\/#website\",\"url\":\"https:\\\/\\\/jzi.org.pl\\\/\",\"name\":\"Jami\u0144ski Zesp\u00f3\u0142 Indeksacyjny\",\"description\":\"\",\"publisher\":{\"@id\":\"https:\\\/\\\/jzi.org.pl\\\/#organization\"},\"potentialAction\":[{\"@type\":\"SearchAction\",\"target\":{\"@type\":\"EntryPoint\",\"urlTemplate\":\"https:\\\/\\\/jzi.org.pl\\\/?s={search_term_string}\"},\"query-input\":{\"@type\":\"PropertyValueSpecification\",\"valueRequired\":true,\"valueName\":\"search_term_string\"}}],\"inLanguage\":\"en-US\"},{\"@type\":\"Organization\",\"@id\":\"https:\\\/\\\/jzi.org.pl\\\/#organization\",\"name\":\"Jami\u0144ski Zesp\u00f3\u0142 Indeksacyjny\",\"url\":\"https:\\\/\\\/jzi.org.pl\\\/\",\"logo\":{\"@type\":\"ImageObject\",\"inLanguage\":\"en-US\",\"@id\":\"https:\\\/\\\/jzi.org.pl\\\/#\\\/schema\\\/logo\\\/image\\\/\",\"url\":\"https:\\\/\\\/jzi.org.pl\\\/wp-content\\\/uploads\\\/2019\\\/03\\\/logo-stowarzyszenie-jzi.png\",\"contentUrl\":\"https:\\\/\\\/jzi.org.pl\\\/wp-content\\\/uploads\\\/2019\\\/03\\\/logo-stowarzyszenie-jzi.png\",\"width\":931,\"height\":990,\"caption\":\"Jami\u0144ski Zesp\u00f3\u0142 Indeksacyjny\"},\"image\":{\"@id\":\"https:\\\/\\\/jzi.org.pl\\\/#\\\/schema\\\/logo\\\/image\\\/\"},\"sameAs\":[\"https:\\\/\\\/www.facebook.com\\\/Jaminski.Zespol.Indeksacyjny\\\/\"]}]}<\/script>\n<!-- \/ Yoast SEO plugin. -->","yoast_head_json":{"title":"Zadziwienia, zamy\u015blenia - poetycka podr\u00f3\u017c po marzeniach i naturze - Jami\u0144ski Zesp\u00f3\u0142 Indeksacyjny","description":"Si\u0119gnij po ksi\u0105\u017ck\u0119, kt\u00f3ra pachnie Podlasiem, szeptem rzeki i wspomnieniem dawnych rozm\u00f3w przy piecu.\u201eZadziwienia, zamy\u015blenia\u201d to zbi\u00f3r refleksji i opowie\u015bci, kt\u00f3re porusz\u0105 Twoj\u0105 codzienno\u015b\u0107 \u2014 cicho, ale g\u0142\u0119boko.Dla tych, kt\u00f3rzy kochaj\u0105 s\u0142owo z dusz\u0105, lokalno\u015b\u0107 i czu\u0142e spojrzenie na \u015bwiat.","robots":{"index":"index","follow":"follow","max-snippet":"max-snippet:-1","max-image-preview":"max-image-preview:large","max-video-preview":"max-video-preview:-1"},"canonical":"https:\/\/jzi.org.pl\/en\/product\/zadziwienia-zamyslenia\/","og_locale":"en_US","og_type":"article","og_title":"Zadziwienia, zamy\u015blenia - wiersze, kt\u00f3re poruszaj\u0105 serca","og_description":"Si\u0119gnij po ksi\u0105\u017ck\u0119, kt\u00f3ra pachnie Podlasiem, szeptem rzeki i wspomnieniem dawnych rozm\u00f3w przy piecu.\u201eZadziwienia, zamy\u015blenia\u201d to zbi\u00f3r refleksji i opowie\u015bci, kt\u00f3re porusz\u0105 Twoj\u0105 codzienno\u015b\u0107 \u2014 cicho, ale g\u0142\u0119boko.Dla tych, kt\u00f3rzy kochaj\u0105 s\u0142owo z dusz\u0105, lokalno\u015b\u0107 i czu\u0142e spojrzenie na \u015bwiat.","og_url":"https:\/\/jzi.org.pl\/en\/product\/zadziwienia-zamyslenia\/","og_site_name":"Jami\u0144ski Zesp\u00f3\u0142 Indeksacyjny","article_publisher":"https:\/\/www.facebook.com\/Jaminski.Zespol.Indeksacyjny\/","article_modified_time":"2025-12-31T09:55:36+00:00","og_image":[{"width":1999,"height":2008,"url":"https:\/\/jzi.org.pl\/wp-content\/uploads\/2025\/07\/zadziwienia-zamyslenia-0.jpg","type":"image\/jpeg"}],"twitter_card":"summary_large_image","twitter_misc":{"Est. reading time":"2 minutes"},"schema":{"@context":"https:\/\/schema.org","@graph":[{"@type":"WebPage","@id":"https:\/\/jzi.org.pl\/produkt\/zadziwienia-zamyslenia\/","url":"https:\/\/jzi.org.pl\/produkt\/zadziwienia-zamyslenia\/","name":"Zadziwienia, zamy\u015blenia - poetycka podr\u00f3\u017c po marzeniach i naturze - Jami\u0144ski Zesp\u00f3\u0142 Indeksacyjny","isPartOf":{"@id":"https:\/\/jzi.org.pl\/#website"},"primaryImageOfPage":{"@id":"https:\/\/jzi.org.pl\/produkt\/zadziwienia-zamyslenia\/#primaryimage"},"image":{"@id":"https:\/\/jzi.org.pl\/produkt\/zadziwienia-zamyslenia\/#primaryimage"},"thumbnailUrl":"https:\/\/jzi.org.pl\/wp-content\/uploads\/2025\/07\/zadziwienia-zamyslenia-0.jpg","datePublished":"2025-07-25T10:44:37+00:00","dateModified":"2025-12-31T09:55:36+00:00","description":"Si\u0119gnij po ksi\u0105\u017ck\u0119, kt\u00f3ra pachnie Podlasiem, szeptem rzeki i wspomnieniem dawnych rozm\u00f3w przy piecu.\u201eZadziwienia, zamy\u015blenia\u201d to zbi\u00f3r refleksji i opowie\u015bci, kt\u00f3re porusz\u0105 Twoj\u0105 codzienno\u015b\u0107 \u2014 cicho, ale g\u0142\u0119boko.Dla tych, kt\u00f3rzy kochaj\u0105 s\u0142owo z dusz\u0105, lokalno\u015b\u0107 i czu\u0142e spojrzenie na \u015bwiat.","breadcrumb":{"@id":"https:\/\/jzi.org.pl\/produkt\/zadziwienia-zamyslenia\/#breadcrumb"},"inLanguage":"en-US","potentialAction":[{"@type":"ReadAction","target":["https:\/\/jzi.org.pl\/produkt\/zadziwienia-zamyslenia\/"]}]},{"@type":"ImageObject","inLanguage":"en-US","@id":"https:\/\/jzi.org.pl\/produkt\/zadziwienia-zamyslenia\/#primaryimage","url":"https:\/\/jzi.org.pl\/wp-content\/uploads\/2025\/07\/zadziwienia-zamyslenia-0.jpg","contentUrl":"https:\/\/jzi.org.pl\/wp-content\/uploads\/2025\/07\/zadziwienia-zamyslenia-0.jpg","width":1999,"height":2008},{"@type":"BreadcrumbList","@id":"https:\/\/jzi.org.pl\/produkt\/zadziwienia-zamyslenia\/#breadcrumb","itemListElement":[{"@type":"ListItem","position":1,"name":"Strona g\u0142\u00f3wna","item":"https:\/\/jzi.org.pl\/"},{"@type":"ListItem","position":2,"name":"Sklep","item":"https:\/\/jzi.org.pl\/sklep\/"},{"@type":"ListItem","position":3,"name":"Zadziwienia, zamy\u015blenia"}]},{"@type":"WebSite","@id":"https:\/\/jzi.org.pl\/#website","url":"https:\/\/jzi.org.pl\/","name":"Jaminy Indexing Team","description":"","publisher":{"@id":"https:\/\/jzi.org.pl\/#organization"},"potentialAction":[{"@type":"SearchAction","target":{"@type":"EntryPoint","urlTemplate":"https:\/\/jzi.org.pl\/?s={search_term_string}"},"query-input":{"@type":"PropertyValueSpecification","valueRequired":true,"valueName":"search_term_string"}}],"inLanguage":"en-US"},{"@type":"Organization","@id":"https:\/\/jzi.org.pl\/#organization","name":"Jaminy Indexing Team","url":"https:\/\/jzi.org.pl\/","logo":{"@type":"ImageObject","inLanguage":"en-US","@id":"https:\/\/jzi.org.pl\/#\/schema\/logo\/image\/","url":"https:\/\/jzi.org.pl\/wp-content\/uploads\/2019\/03\/logo-stowarzyszenie-jzi.png","contentUrl":"https:\/\/jzi.org.pl\/wp-content\/uploads\/2019\/03\/logo-stowarzyszenie-jzi.png","width":931,"height":990,"caption":"Jami\u0144ski Zesp\u00f3\u0142 Indeksacyjny"},"image":{"@id":"https:\/\/jzi.org.pl\/#\/schema\/logo\/image\/"},"sameAs":["https:\/\/www.facebook.com\/Jaminski.Zespol.Indeksacyjny\/"]}]}},"jetpack_likes_enabled":true,"jetpack_sharing_enabled":true,"_links":{"self":[{"href":"https:\/\/jzi.org.pl\/en\/wp-json\/wp\/v2\/product\/28814","targetHints":{"allow":["GET"]}}],"collection":[{"href":"https:\/\/jzi.org.pl\/en\/wp-json\/wp\/v2\/product"}],"about":[{"href":"https:\/\/jzi.org.pl\/en\/wp-json\/wp\/v2\/types\/product"}],"author":[{"embeddable":true,"href":"https:\/\/jzi.org.pl\/en\/wp-json\/wp\/v2\/users\/1"}],"replies":[{"embeddable":true,"href":"https:\/\/jzi.org.pl\/en\/wp-json\/wp\/v2\/comments?post=28814"}],"wp:featuredmedia":[{"embeddable":true,"href":"https:\/\/jzi.org.pl\/en\/wp-json\/wp\/v2\/media\/28815"}],"wp:attachment":[{"href":"https:\/\/jzi.org.pl\/en\/wp-json\/wp\/v2\/media?parent=28814"}],"wp:term":[{"taxonomy":"product_brand","embeddable":true,"href":"https:\/\/jzi.org.pl\/en\/wp-json\/wp\/v2\/product_brand?post=28814"},{"taxonomy":"product_cat","embeddable":true,"href":"https:\/\/jzi.org.pl\/en\/wp-json\/wp\/v2\/product_cat?post=28814"},{"taxonomy":"product_tag","embeddable":true,"href":"https:\/\/jzi.org.pl\/en\/wp-json\/wp\/v2\/product_tag?post=28814"}],"curies":[{"name":"wp","href":"https:\/\/api.w.org\/{rel}","templated":true}]}}