{"id":27829,"date":"2025-04-22T13:56:44","date_gmt":"2025-04-22T11:56:44","guid":{"rendered":"https:\/\/jzi.org.pl\/?post_type=product&#038;p=27829"},"modified":"2026-01-06T10:29:14","modified_gmt":"2026-01-06T09:29:14","slug":"sylwetki-tworcow-z-podlasia","status":"publish","type":"product","link":"https:\/\/jzi.org.pl\/en\/product\/sylwetki-tworcow-z-podlasia\/","title":{"rendered":"Sylwetki tw\u00f3rc\u00f3w z Podlasia"},"content":{"rendered":"<div id=\"pl-27829\"  class=\"panel-layout\" ><div id=\"pg-27829-0\"  class=\"panel-grid panel-no-style\" ><div id=\"pgc-27829-0-0\"  class=\"panel-grid-cell\" ><div id=\"panel-27829-0-0-0\" class=\"so-panel widget widget_sow-editor panel-first-child\" data-index=\"0\" ><div\n\t\t\t\n\t\t\tclass=\"so-widget-sow-editor so-widget-sow-editor-base\"\n\t\t\t\n\t\t>\n<div class=\"siteorigin-widget-tinymce textwidget\">\n\t<p>Redakcja, korekta i ilustracje: Regina Kantarska-Koper<\/p>\n<p>Opracowanie graficzne i ilustracja na str. 15 i 26: Julia Magdalena Koper<\/p>\n<p>Edition: 1<\/p>\n<p>ISBN: 978-83-973822-5-1<\/p>\n<p>Stron: 326<\/p>\n<p>Format: 17 x 24 cm (B5)<\/p>\n<p>Cover: soft, lacquered<\/p>\n<\/div>\n<\/div><\/div><div id=\"panel-27829-0-0-1\" class=\"so-panel widget widget_sow-editor\" data-index=\"1\" ><div\n\t\t\t\n\t\t\tclass=\"so-widget-sow-editor so-widget-sow-editor-base\"\n\t\t\t\n\t\t><h3 class=\"widget-title\">More information<\/h3>\n<div class=\"siteorigin-widget-tinymce textwidget\">\n\t<div id=\"pg-3663-1\" class=\"panel-grid panel-no-style\">\n<div id=\"pgc-3663-1-0\" class=\"panel-grid-cell\">\n<div id=\"panel-3663-1-0-0\" class=\"so-panel widget widget_sow-editor panel-first-child panel-last-child\" data-index=\"3\">\n<div class=\"panel-widget-style panel-widget-style-for-3663-1-0-0\">\n<div class=\"so-widget-sow-editor so-widget-sow-editor-base\">\n<div class=\"siteorigin-widget-tinymce textwidget\">\n<p>Przedstawiamy ksi\u0105\u017ck\u0119 bia\u0142ostockiej poetki Reginy Kantarskiej-Koper pt.: \u201eSylwetki tw\u00f3rc\u00f3w z Podlasia\u201d o wielu wyj\u0105tkowych ludziach. Ksi\u0105\u017cka prezentuje sylwetki niekt\u00f3rych tw\u00f3rc\u00f3w \u2013 literat\u00f3w i malarzy \u2013 z Podlasia, g\u0142\u00f3wnie cz\u0142onk\u00f3w zrzeszonych w Nauczycielskim Klubie Literackim w Bia\u0142ymstoku i sympatyk\u00f3w, a tak\u017ce kilku os\u00f3b z innych cz\u0119\u015bci kraju, w pewien spos\u00f3b zwi\u0105zanych z Bia\u0142ymstokiem i Podlasiem przez literackie kontakty z podlaskimi poetami. Niekt\u00f3re osoby s\u0105 wspomniane tylko w notach biograficznych.<\/p>\n<p>W\u015br\u00f3d zaprezentowanych tw\u00f3rc\u00f3w s\u0105 poetki i poeci g\u0142\u0119boko zwi\u0105zani z Bia\u0142ymstokiem, dla kt\u00f3rych to miasto jest inspiracj\u0105 i doskona\u0142\u0105 przestrzeni\u0105 do tw\u00f3rczego rozwoju.<\/p>\n<\/div>\n<\/div>\n<\/div>\n<\/div>\n<\/div>\n<\/div>\n<\/div>\n<\/div><\/div><div id=\"panel-27829-0-0-2\" class=\"so-panel widget widget_sow-editor panel-last-child\" data-index=\"2\" ><div\n\t\t\t\n\t\t\tclass=\"so-widget-sow-editor so-widget-sow-editor-base\"\n\t\t\t\n\t\t><h3 class=\"widget-title\">Indeks os\u00f3b<\/h3>\n<div class=\"siteorigin-widget-tinymce textwidget\">\n\t<\/div>\n<\/div><\/div><\/div><\/div><div id=\"pg-27829-1\"  class=\"panel-grid panel-no-style\" ><div id=\"pgc-27829-1-0\"  class=\"panel-grid-cell\" ><div id=\"panel-27829-1-0-0\" class=\"so-panel widget widget_sow-editor panel-first-child panel-last-child\" data-index=\"3\" ><div\n\t\t\t\n\t\t\tclass=\"so-widget-sow-editor so-widget-sow-editor-base\"\n\t\t\t\n\t\t>\n<div class=\"siteorigin-widget-tinymce textwidget\">\n\t<p>Achmatowa, Anna<br \/>\nAdamowska, Marta<br \/>\nAnchimiuk, Aleksander<br \/>\nAndersen, Hans Christian<br \/>\nAulich, Maria<br \/>\nAuron, Halina<br \/>\nBacewicz, Gra\u017cyna<br \/>\nBaczy\u0144ski, Krzysztof Kamil<br \/>\nBanach, Wojciech<br \/>\nBanasiak, Anastazja<br \/>\nBanasiak, J\u00f3zef<br \/>\nBaran, J\u00f3zef<br \/>\nBartnicka, Ma\u0142gorzata<br \/>\nBazyluk, Teresa<br \/>\nBecker, Barbara Petra<br \/>\nBia\u0142oszewski, Miron<br \/>\nBiernacka, Halina<br \/>\nBinkowski, Jerzy<br \/>\nBlicharz, Renata<br \/>\nBoba-Dyga, Bo\u017cena<br \/>\nBorzuchowski, Stanis\u0142aw<br \/>\nBroniewski, W\u0142adys\u0142aw<br \/>\nBruegel, Pieter<br \/>\nBruerton, Christopher<br \/>\nBrzechwa, Jan<br \/>\nBuczy\u0144ski, Eligiusz<br \/>\nBukowski, Charles<br \/>\nBu\u0142atowicz, J\u00f3zef<br \/>\nBurzy\u0144ska, Melania<br \/>\nCelan, Paul<br \/>\nChachu\u0142a, Joanna<br \/>\nChadzinikolau, Ares<br \/>\nChadzinikolau, Nikos<br \/>\nChagall, Mark<br \/>\nChojnowski, Zbigniew<br \/>\nChopin, Fryderyk<br \/>\nCiesielski, Zygmunt<br \/>\nCie\u015blak-Soko\u0142owski, Tomasz<br \/>\nCio\u0142kiewicz, Apoloniusz<br \/>\nCiszewska, Zdzis\u0142awa<br \/>\nCiszewska-Wliz\u0142o, El\u017cbieta<br \/>\nClaudel, Paul<br \/>\nCobain, Kurt<br \/>\nCwietajewa, Marina<br \/>\nCyga\u0144czuk, Hanna<br \/>\nCylwik, Gra\u017cyna<br \/>\nCzajkowski, Mieczys\u0142aw<br \/>\nCzartoszewska, Anna<br \/>\nCzesnulis, Antonas<br \/>\nda Vinci, Leonardo<br \/>\nDali, Salvador<br \/>\nDaniszewska, El\u017cbieta<br \/>\nDawidziuk, Joanna<br \/>\nD\u0105browski, Stanis\u0142aw<br \/>\nDebis, Janusz<br \/>\nDelvaux, Paul<br \/>\nDembi\u0144ska, Zofia<br \/>\nDickinson, Emily<br \/>\nD\u0142ugoborski, Andrzej<br \/>\nDobaczewska, Wanda<br \/>\nDobrowolski, Marek<br \/>\nDoroszkiewicz, Bogus\u0142aw<br \/>\nDrobisz, Pola<br \/>\nDrozdowska, J\u00f3zefa<br \/>\nDrzewiecki, Zdzis\u0142aw<br \/>\nDuda-Gracz, Jerzy<br \/>\nDudek, Tadeusz<br \/>\nDudzi\u0144ski, Antoni<br \/>\nDvo\u0159\u00e1k, Antonin<br \/>\nDymowski, Eugeniusz<br \/>\nDzienis, Jolanta<br \/>\nEinaudi, Lodovico<br \/>\nFicowski, Jerzy<br \/>\nFiedorczuk, Julia<br \/>\nFr\u0105ckiewicz, Aleksander<br \/>\nFr\u0105ckowiak, Antonina<br \/>\nFrejus, Krzysztof<br \/>\nFryckowski, Jerzy<br \/>\nGabbitas, Christopher<br \/>\nGa\u0142czy\u0144ski, Konstanty Ildefons<br \/>\nGerman, Juliusz<br \/>\nGodlewska, Emilia<br \/>\nGrabowiecka, Irena<br \/>\nGrabowska, Katarzyna<br \/>\nGrabowska-Andrijew, Zofia<\/p>\n<\/div>\n<\/div><\/div><\/div><div id=\"pgc-27829-1-1\"  class=\"panel-grid-cell\" ><div id=\"panel-27829-1-1-0\" class=\"so-panel widget widget_sow-editor panel-first-child panel-last-child\" data-index=\"4\" ><div\n\t\t\t\n\t\t\tclass=\"so-widget-sow-editor so-widget-sow-editor-base\"\n\t\t\t\n\t\t>\n<div class=\"siteorigin-widget-tinymce textwidget\">\n\t<p>Grabski, W\u0142adys\u0142aw<br \/>\nGroth, Joanna<br \/>\nGryko, Ma\u0142gorzata<br \/>\nGudel, Krystyna<br \/>\nHeine, Heinrich<br \/>\nHerbert, Zbigniew<br \/>\nHerman, Jolanta<br \/>\nHoward, Jonathan<br \/>\nHumienna, Krystyna<br \/>\nHurley, David<br \/>\nJakoniuk, Janina<br \/>\nJakowicz, Jakub<br \/>\nJakowicz, Krzysztof<br \/>\nJanuchta, Teresa<br \/>\nJarema, Maria<br \/>\nJuszczak, Wiktoria<br \/>\nKabac, Halina<br \/>\nKahlo, Frida<br \/>\nKami\u0144ska, Anna<br \/>\nKantarska-Koper, Regina<br \/>\nKapu\u015bci\u0144ski, Ryszard<br \/>\nKarabowicz, Tadeusz<br \/>\nKarwowska, Anna<br \/>\nKass, Wojciech<br \/>\nKazimierska, Julia<br \/>\nKelmendi, Jeton<br \/>\nKlimt, Gustav<br \/>\nKnaur, Jacek<br \/>\nKochanowski, Jan<br \/>\nKolbe, Maksymilian<br \/>\nKonecka, Krystyna<br \/>\nKoper, Jan<br \/>\nKoper, Julia<br \/>\nKoper, Justyna<br \/>\nKorolczuk, Izabela<br \/>\nKorybalska, Maria<br \/>\nKossakowski, Mariusz<br \/>\nKosz, Mieczys\u0142aw<br \/>\nKowalewicz, Roman<br \/>\nKowalewski, Czes\u0142aw<br \/>\nKrajewska-Szeligowska, Urszula<br \/>\nKrasucka, Danuta<br \/>\nKraszewski, J\u00f3zef<br \/>\nKropiewnicka, Anna<br \/>\nKrukowska, Halina<br \/>\nKubiak, Pawe\u0142<br \/>\nKudyba, Wojciech<br \/>\nKulaga, Beata<br \/>\nKulikowska, Nadzieja<br \/>\nLachowicz, Barbara<br \/>\nLec, Stanis\u0142aw Jerzy<br \/>\nLeo\u0144czuk, Jan<br \/>\nLipi\u0144ski, Edward<br \/>\nLofting, Hugh<br \/>\nLoyola, Ignacy<br \/>\n\u0141abanowska, Dorota<br \/>\n\u0141empicka, Tamara<br \/>\nMagritte, Ren\u00e9<br \/>\nMaliszewska, Natalia<br \/>\nMarkowa, Anna<br \/>\nMicha\u0142owski, Andrzej<br \/>\nMickiewicz, Adam<br \/>\nMilczewski, Bruno<br \/>\nMokrzewska, Dorota<br \/>\nMoniuszko, Stanis\u0142aw<br \/>\nNadolna, Krystyna<br \/>\nNajwer, Ewa<br \/>\nNazaruk, Grzegorz<br \/>\nNorwid, Cyprian Kamil<br \/>\nNowicki, Zbigniew<br \/>\nOlbromski, Mariusz<br \/>\nOlczy\u0144ski, Marcel<br \/>\nOlek-Redlarska, Zofia<br \/>\nOsewska, Janina<br \/>\nPastuszewski, Stefan<br \/>\nPawe\u0142czyk, Jolanta<br \/>\nPhoenix, Paul<br \/>\nPicasso, Pablo<br \/>\nPiechocka, Irena<br \/>\nPiechocki, Rafa\u0142<br \/>\nPi\u0142sudski, J\u00f3zef<br \/>\nPisarska, Joanna<br \/>\nPocek, Jan<br \/>\nPogorzelczyk, Antonina<br \/>\nPolasik, Daniela<\/p>\n<\/div>\n<\/div><\/div><\/div><div id=\"pgc-27829-1-2\"  class=\"panel-grid-cell\" ><div id=\"panel-27829-1-2-0\" class=\"so-panel widget widget_sow-editor panel-first-child panel-last-child\" data-index=\"5\" ><div\n\t\t\t\n\t\t\tclass=\"so-widget-sow-editor so-widget-sow-editor-base\"\n\t\t\t\n\t\t>\n<div class=\"siteorigin-widget-tinymce textwidget\">\n\t<p>Porazi\u0144ska, Janina<br \/>\nPo\u015bwiatowska, Halina<br \/>\nPrzekop, Krystyna<br \/>\nPuchalska-Ryniejska, Janina<br \/>\nRalicka-Perkowska, Anna<br \/>\nRembrandt<br \/>\nRomanowicz, Anna<br \/>\nRoszkowska, Maria<br \/>\nRubens, Peter Raul<br \/>\nRzepecka, Alina<br \/>\nSak, Ryszard<br \/>\nSa\u0142\u0119ga, Ma\u0142gorzata<br \/>\nSandauer, Artur<br \/>\nSarbiewski, Maciej<br \/>\nSawczuk, Justyna<br \/>\nSienkowska, Irena<br \/>\nSikora, Jerzy<br \/>\nSikorski, Andrzej<br \/>\nSinico, Micha\u0142<br \/>\nSkowro\u0144ska, Joanna<br \/>\nSkrzydlewski, Jacek<br \/>\nS\u0142omi\u0144ska, Irena<br \/>\nS\u0142omi\u0144ski, Kazimierz<br \/>\nSmaszcz, Waldemar<br \/>\nSoko\u0142owska, Ewa<br \/>\nSo\u0142but, Anna<br \/>\nSo\u0142owiej, Dominik<br \/>\nSoroka, Pawe\u0142<br \/>\nSpi\u017cewska, Dominika<br \/>\nStachura, Edward<br \/>\nStachurski, Jerzy<br \/>\nSta\u0144czak, Wanda<br \/>\nStarachowska, Anna<br \/>\nStefanowski, Erazm<br \/>\nStemporowska, Anna<br \/>\nStessel, Damian<br \/>\nStrza\u0142kowska, El\u017cbieta<br \/>\nStupkiewicz, Ewa<br \/>\nSzabracka, Beata<br \/>\nSztaudynger, Jan Izydor<br \/>\nSzubzda, Leonarda<br \/>\nSzubzda, Zygmunt<br \/>\nSzulborska, Klaudia<br \/>\nSzulborska, Marianna<br \/>\nSzulborski, Eugeniusz<br \/>\nSzyma\u0144ski, Wies\u0142aw<br \/>\nSzymborska, Wis\u0142awa<br \/>\n\u015alota\u0142a, Robert<br \/>\n\u015awito\u0144, Regina<br \/>\n\u015awito\u0144, Roman<br \/>\nTaranta, Andrzej<br \/>\nTarnacki, Jan<br \/>\nTo\u0142oczko, Joanna<br \/>\nTomsia, Teresa<br \/>\nTurosie\u0144ski, Mateusz<br \/>\nTuwim, Julian<br \/>\nTwardowski, Jan<br \/>\nUstymowicz, Marek<br \/>\nUtrata, Leszek<br \/>\nvan Gogh, Vincent<br \/>\nVermeer, Johannes<br \/>\nWasilewska, Gabrysia<br \/>\nWaydyk, Zbigniew<br \/>\nWayne-Wright, Timothy<br \/>\nWendorff, Hanna<br \/>\nWerpachowska, Anna<br \/>\nWnorowska, Gra\u017cyna<br \/>\nWojtasik, Mieczys\u0142aw<br \/>\nWojtowicz, Andrzej Boj<br \/>\nWojty\u0142a, Karol<br \/>\nWo\u0142kow, Wiktor<br \/>\nWordsworth, William<br \/>\nWorowska-Wysocka, Justyna<br \/>\nWr\u00f3blewska, Zofia<br \/>\nWr\u00f3blewski, Andrzej<br \/>\nYoung, Neil<br \/>\nZaj\u0105czkowska, Ma\u0142gorzata<br \/>\nZalewski, Jan<br \/>\nZenka, Katarzyna<br \/>\n\u017barska, Ewa<br \/>\n\u017barski, Kazimierz<br \/>\n\u017bebrowski, Rafa\u0142<br \/>\n\u017buli\u0144ski, Leszek<\/p>\n<\/div>\n<\/div><\/div><\/div><\/div><\/div>","protected":false},"excerpt":{"rendered":"<p>Redakcja, korekta i ilustracje: Regina Kantarska-Koper Opracowanie graficzne i ilustracja na str. 15 i 26: Julia Magdalena Koper Wydanie: 1 ISBN: 978-83-973822-5-1 Stron: 326 Format: 17 x 24 cm (B5) Ok\u0142adka: mi\u0119kka, lakierowana Przedstawiamy ksi\u0105\u017ck\u0119 bia\u0142ostockiej poetki Reginy Kantarskiej-Koper pt.: \u201eSylwetki tw\u00f3rc\u00f3w z Podlasia\u201d o wielu wyj\u0105tkowych ludziach. Ksi\u0105\u017cka prezentuje sylwetki niekt\u00f3rych tw\u00f3rc\u00f3w \u2013 literat\u00f3w [&hellip;]<\/p>\n","protected":false},"author":1,"featured_media":27840,"comment_status":"open","ping_status":"closed","template":"","meta":{"h5ap_radio_sources":[],"jetpack_post_was_ever_published":false},"product_brand":[],"product_cat":[272,395],"product_tag":[],"class_list":{"0":"post-27829","1":"product","2":"type-product","3":"status-publish","4":"has-post-thumbnail","6":"product_cat-ksiazki","7":"product_cat-literatura-piekna","9":"first","10":"instock","11":"taxable","12":"shipping-taxable","13":"purchasable","14":"product-type-simple"},"supplier_id":null,"supplier_sku":"","barcode":null,"atum_controlled":true,"out_stock_date":null,"out_stock_threshold":null,"inheritable":false,"inbound_stock":0,"stock_on_hold":1,"sold_today":0,"sales_last_days":0,"reserved_stock":0,"customer_returns":0,"warehouse_damage":0,"lost_in_post":0,"other_logs":0,"out_stock_days":0,"lost_sales":0,"has_location":false,"update_date":"2026-04-19T00:08:40","atum_locations":[],"atum_stock_status":"instock","restock_status":false,"low_stock_amount":3,"sales_update_date":"2026-04-19T00:08:40","calc_backorders":0,"yoast_head":"<!-- This site is optimized with the Yoast SEO plugin v27.4 - https:\/\/yoast.com\/product\/yoast-seo-wordpress\/ -->\n<title>Sylwetki tw\u00f3rc\u00f3w z Podlasia - wiersze o ulicach Augustowa - Jami\u0144ski Zesp\u00f3\u0142 Indeksacyjny<\/title>\n<meta name=\"description\" content=\"Odkryj zbi\u00f3r wierszy &quot;\u015awi\u0119to Mojej Ulicy&quot;, kt\u00f3ry przenosi czytelnik\u00f3w na ulice malowniczego Augustowa. Poznaj poetyckie obrazy miejsc i historii, kt\u00f3re tworz\u0105 wyj\u0105tkowy klimat miasta. Sprawd\u017a wi\u0119cej na naszej stronie!\" \/>\n<meta name=\"robots\" content=\"index, follow, max-snippet:-1, max-image-preview:large, max-video-preview:-1\" \/>\n<link rel=\"canonical\" href=\"https:\/\/jzi.org.pl\/en\/product\/sylwetki-tworcow-z-podlasia\/\" \/>\n<meta property=\"og:locale\" content=\"en_US\" \/>\n<meta property=\"og:type\" content=\"article\" \/>\n<meta property=\"og:title\" content=\"Sylwetki tw\u00f3rc\u00f3w z Podlasia - wiersze o ulicach Augustowa\" \/>\n<meta property=\"og:description\" content=\"\ud83d\udcd6 Poznaj zbi\u00f3r wierszy, kt\u00f3ry oddaje niezwyk\u0142y klimat ulic Augustowa! &quot;\u015awi\u0119to mojej ulicy&quot; to poetycka podr\u00f3\u017c po miejscach, kt\u00f3re tworz\u0105 dusz\u0119 miasta. \ud83c\udf1f Odkryj je i zainspiruj si\u0119 pi\u0119knem lokalnych zak\u0105tk\u00f3w. \ud83c\udfd8\ufe0f\u2764\ufe0f\" \/>\n<meta property=\"og:url\" content=\"https:\/\/jzi.org.pl\/en\/product\/sylwetki-tworcow-z-podlasia\/\" \/>\n<meta property=\"og:site_name\" content=\"Jami\u0144ski Zesp\u00f3\u0142 Indeksacyjny\" \/>\n<meta property=\"article:publisher\" content=\"https:\/\/www.facebook.com\/Jaminski.Zespol.Indeksacyjny\/\" \/>\n<meta property=\"article:modified_time\" content=\"2026-01-06T09:29:14+00:00\" \/>\n<meta property=\"og:image\" content=\"https:\/\/jzi.org.pl\/wp-content\/uploads\/2025\/04\/sylwetki-tworcow-z-podlasia-0.jpg\" \/>\n\t<meta property=\"og:image:width\" content=\"635\" \/>\n\t<meta property=\"og:image:height\" content=\"894\" \/>\n\t<meta property=\"og:image:type\" content=\"image\/jpeg\" \/>\n<meta name=\"twitter:card\" content=\"summary_large_image\" \/>\n<meta name=\"twitter:label1\" content=\"Est. reading time\" \/>\n\t<meta name=\"twitter:data1\" content=\"5 minutes\" \/>\n<script type=\"application\/ld+json\" class=\"yoast-schema-graph\">{\"@context\":\"https:\\\/\\\/schema.org\",\"@graph\":[{\"@type\":\"WebPage\",\"@id\":\"https:\\\/\\\/jzi.org.pl\\\/produkt\\\/sylwetki-tworcow-z-podlasia\\\/\",\"url\":\"https:\\\/\\\/jzi.org.pl\\\/produkt\\\/sylwetki-tworcow-z-podlasia\\\/\",\"name\":\"Sylwetki tw\u00f3rc\u00f3w z Podlasia - wiersze o ulicach Augustowa - Jami\u0144ski Zesp\u00f3\u0142 Indeksacyjny\",\"isPartOf\":{\"@id\":\"https:\\\/\\\/jzi.org.pl\\\/#website\"},\"primaryImageOfPage\":{\"@id\":\"https:\\\/\\\/jzi.org.pl\\\/produkt\\\/sylwetki-tworcow-z-podlasia\\\/#primaryimage\"},\"image\":{\"@id\":\"https:\\\/\\\/jzi.org.pl\\\/produkt\\\/sylwetki-tworcow-z-podlasia\\\/#primaryimage\"},\"thumbnailUrl\":\"https:\\\/\\\/jzi.org.pl\\\/wp-content\\\/uploads\\\/2025\\\/04\\\/sylwetki-tworcow-z-podlasia-0.jpg\",\"datePublished\":\"2025-04-22T11:56:44+00:00\",\"dateModified\":\"2026-01-06T09:29:14+00:00\",\"description\":\"Odkryj zbi\u00f3r wierszy \\\"\u015awi\u0119to Mojej Ulicy\\\", kt\u00f3ry przenosi czytelnik\u00f3w na ulice malowniczego Augustowa. Poznaj poetyckie obrazy miejsc i historii, kt\u00f3re tworz\u0105 wyj\u0105tkowy klimat miasta. Sprawd\u017a wi\u0119cej na naszej stronie!\",\"breadcrumb\":{\"@id\":\"https:\\\/\\\/jzi.org.pl\\\/produkt\\\/sylwetki-tworcow-z-podlasia\\\/#breadcrumb\"},\"inLanguage\":\"en-US\",\"potentialAction\":[{\"@type\":\"ReadAction\",\"target\":[\"https:\\\/\\\/jzi.org.pl\\\/produkt\\\/sylwetki-tworcow-z-podlasia\\\/\"]}]},{\"@type\":\"ImageObject\",\"inLanguage\":\"en-US\",\"@id\":\"https:\\\/\\\/jzi.org.pl\\\/produkt\\\/sylwetki-tworcow-z-podlasia\\\/#primaryimage\",\"url\":\"https:\\\/\\\/jzi.org.pl\\\/wp-content\\\/uploads\\\/2025\\\/04\\\/sylwetki-tworcow-z-podlasia-0.jpg\",\"contentUrl\":\"https:\\\/\\\/jzi.org.pl\\\/wp-content\\\/uploads\\\/2025\\\/04\\\/sylwetki-tworcow-z-podlasia-0.jpg\",\"width\":635,\"height\":894},{\"@type\":\"BreadcrumbList\",\"@id\":\"https:\\\/\\\/jzi.org.pl\\\/produkt\\\/sylwetki-tworcow-z-podlasia\\\/#breadcrumb\",\"itemListElement\":[{\"@type\":\"ListItem\",\"position\":1,\"name\":\"Strona g\u0142\u00f3wna\",\"item\":\"https:\\\/\\\/jzi.org.pl\\\/\"},{\"@type\":\"ListItem\",\"position\":2,\"name\":\"Sklep\",\"item\":\"https:\\\/\\\/jzi.org.pl\\\/sklep\\\/\"},{\"@type\":\"ListItem\",\"position\":3,\"name\":\"Sylwetki tw\u00f3rc\u00f3w z Podlasia\"}]},{\"@type\":\"WebSite\",\"@id\":\"https:\\\/\\\/jzi.org.pl\\\/#website\",\"url\":\"https:\\\/\\\/jzi.org.pl\\\/\",\"name\":\"Jami\u0144ski Zesp\u00f3\u0142 Indeksacyjny\",\"description\":\"\",\"publisher\":{\"@id\":\"https:\\\/\\\/jzi.org.pl\\\/#organization\"},\"potentialAction\":[{\"@type\":\"SearchAction\",\"target\":{\"@type\":\"EntryPoint\",\"urlTemplate\":\"https:\\\/\\\/jzi.org.pl\\\/?s={search_term_string}\"},\"query-input\":{\"@type\":\"PropertyValueSpecification\",\"valueRequired\":true,\"valueName\":\"search_term_string\"}}],\"inLanguage\":\"en-US\"},{\"@type\":\"Organization\",\"@id\":\"https:\\\/\\\/jzi.org.pl\\\/#organization\",\"name\":\"Jami\u0144ski Zesp\u00f3\u0142 Indeksacyjny\",\"url\":\"https:\\\/\\\/jzi.org.pl\\\/\",\"logo\":{\"@type\":\"ImageObject\",\"inLanguage\":\"en-US\",\"@id\":\"https:\\\/\\\/jzi.org.pl\\\/#\\\/schema\\\/logo\\\/image\\\/\",\"url\":\"https:\\\/\\\/jzi.org.pl\\\/wp-content\\\/uploads\\\/2019\\\/03\\\/logo-stowarzyszenie-jzi.png\",\"contentUrl\":\"https:\\\/\\\/jzi.org.pl\\\/wp-content\\\/uploads\\\/2019\\\/03\\\/logo-stowarzyszenie-jzi.png\",\"width\":931,\"height\":990,\"caption\":\"Jami\u0144ski Zesp\u00f3\u0142 Indeksacyjny\"},\"image\":{\"@id\":\"https:\\\/\\\/jzi.org.pl\\\/#\\\/schema\\\/logo\\\/image\\\/\"},\"sameAs\":[\"https:\\\/\\\/www.facebook.com\\\/Jaminski.Zespol.Indeksacyjny\\\/\"]}]}<\/script>\n<!-- \/ Yoast SEO plugin. -->","yoast_head_json":{"title":"Sylwetki tw\u00f3rc\u00f3w z Podlasia - wiersze o ulicach Augustowa - Jami\u0144ski Zesp\u00f3\u0142 Indeksacyjny","description":"Odkryj zbi\u00f3r wierszy \"\u015awi\u0119to Mojej Ulicy\", kt\u00f3ry przenosi czytelnik\u00f3w na ulice malowniczego Augustowa. Poznaj poetyckie obrazy miejsc i historii, kt\u00f3re tworz\u0105 wyj\u0105tkowy klimat miasta. Sprawd\u017a wi\u0119cej na naszej stronie!","robots":{"index":"index","follow":"follow","max-snippet":"max-snippet:-1","max-image-preview":"max-image-preview:large","max-video-preview":"max-video-preview:-1"},"canonical":"https:\/\/jzi.org.pl\/en\/product\/sylwetki-tworcow-z-podlasia\/","og_locale":"en_US","og_type":"article","og_title":"Sylwetki tw\u00f3rc\u00f3w z Podlasia - wiersze o ulicach Augustowa","og_description":"\ud83d\udcd6 Poznaj zbi\u00f3r wierszy, kt\u00f3ry oddaje niezwyk\u0142y klimat ulic Augustowa! \"\u015awi\u0119to mojej ulicy\" to poetycka podr\u00f3\u017c po miejscach, kt\u00f3re tworz\u0105 dusz\u0119 miasta. \ud83c\udf1f Odkryj je i zainspiruj si\u0119 pi\u0119knem lokalnych zak\u0105tk\u00f3w. \ud83c\udfd8\ufe0f\u2764\ufe0f","og_url":"https:\/\/jzi.org.pl\/en\/product\/sylwetki-tworcow-z-podlasia\/","og_site_name":"Jami\u0144ski Zesp\u00f3\u0142 Indeksacyjny","article_publisher":"https:\/\/www.facebook.com\/Jaminski.Zespol.Indeksacyjny\/","article_modified_time":"2026-01-06T09:29:14+00:00","og_image":[{"width":635,"height":894,"url":"https:\/\/jzi.org.pl\/wp-content\/uploads\/2025\/04\/sylwetki-tworcow-z-podlasia-0.jpg","type":"image\/jpeg"}],"twitter_card":"summary_large_image","twitter_misc":{"Est. reading time":"5 minutes"},"schema":{"@context":"https:\/\/schema.org","@graph":[{"@type":"WebPage","@id":"https:\/\/jzi.org.pl\/produkt\/sylwetki-tworcow-z-podlasia\/","url":"https:\/\/jzi.org.pl\/produkt\/sylwetki-tworcow-z-podlasia\/","name":"Sylwetki tw\u00f3rc\u00f3w z Podlasia - wiersze o ulicach Augustowa - Jami\u0144ski Zesp\u00f3\u0142 Indeksacyjny","isPartOf":{"@id":"https:\/\/jzi.org.pl\/#website"},"primaryImageOfPage":{"@id":"https:\/\/jzi.org.pl\/produkt\/sylwetki-tworcow-z-podlasia\/#primaryimage"},"image":{"@id":"https:\/\/jzi.org.pl\/produkt\/sylwetki-tworcow-z-podlasia\/#primaryimage"},"thumbnailUrl":"https:\/\/jzi.org.pl\/wp-content\/uploads\/2025\/04\/sylwetki-tworcow-z-podlasia-0.jpg","datePublished":"2025-04-22T11:56:44+00:00","dateModified":"2026-01-06T09:29:14+00:00","description":"Odkryj zbi\u00f3r wierszy \"\u015awi\u0119to Mojej Ulicy\", kt\u00f3ry przenosi czytelnik\u00f3w na ulice malowniczego Augustowa. Poznaj poetyckie obrazy miejsc i historii, kt\u00f3re tworz\u0105 wyj\u0105tkowy klimat miasta. Sprawd\u017a wi\u0119cej na naszej stronie!","breadcrumb":{"@id":"https:\/\/jzi.org.pl\/produkt\/sylwetki-tworcow-z-podlasia\/#breadcrumb"},"inLanguage":"en-US","potentialAction":[{"@type":"ReadAction","target":["https:\/\/jzi.org.pl\/produkt\/sylwetki-tworcow-z-podlasia\/"]}]},{"@type":"ImageObject","inLanguage":"en-US","@id":"https:\/\/jzi.org.pl\/produkt\/sylwetki-tworcow-z-podlasia\/#primaryimage","url":"https:\/\/jzi.org.pl\/wp-content\/uploads\/2025\/04\/sylwetki-tworcow-z-podlasia-0.jpg","contentUrl":"https:\/\/jzi.org.pl\/wp-content\/uploads\/2025\/04\/sylwetki-tworcow-z-podlasia-0.jpg","width":635,"height":894},{"@type":"BreadcrumbList","@id":"https:\/\/jzi.org.pl\/produkt\/sylwetki-tworcow-z-podlasia\/#breadcrumb","itemListElement":[{"@type":"ListItem","position":1,"name":"Strona g\u0142\u00f3wna","item":"https:\/\/jzi.org.pl\/"},{"@type":"ListItem","position":2,"name":"Sklep","item":"https:\/\/jzi.org.pl\/sklep\/"},{"@type":"ListItem","position":3,"name":"Sylwetki tw\u00f3rc\u00f3w z Podlasia"}]},{"@type":"WebSite","@id":"https:\/\/jzi.org.pl\/#website","url":"https:\/\/jzi.org.pl\/","name":"Jaminy Indexing Team","description":"","publisher":{"@id":"https:\/\/jzi.org.pl\/#organization"},"potentialAction":[{"@type":"SearchAction","target":{"@type":"EntryPoint","urlTemplate":"https:\/\/jzi.org.pl\/?s={search_term_string}"},"query-input":{"@type":"PropertyValueSpecification","valueRequired":true,"valueName":"search_term_string"}}],"inLanguage":"en-US"},{"@type":"Organization","@id":"https:\/\/jzi.org.pl\/#organization","name":"Jaminy Indexing Team","url":"https:\/\/jzi.org.pl\/","logo":{"@type":"ImageObject","inLanguage":"en-US","@id":"https:\/\/jzi.org.pl\/#\/schema\/logo\/image\/","url":"https:\/\/jzi.org.pl\/wp-content\/uploads\/2019\/03\/logo-stowarzyszenie-jzi.png","contentUrl":"https:\/\/jzi.org.pl\/wp-content\/uploads\/2019\/03\/logo-stowarzyszenie-jzi.png","width":931,"height":990,"caption":"Jami\u0144ski Zesp\u00f3\u0142 Indeksacyjny"},"image":{"@id":"https:\/\/jzi.org.pl\/#\/schema\/logo\/image\/"},"sameAs":["https:\/\/www.facebook.com\/Jaminski.Zespol.Indeksacyjny\/"]}]}},"jetpack_likes_enabled":true,"jetpack_sharing_enabled":true,"_links":{"self":[{"href":"https:\/\/jzi.org.pl\/en\/wp-json\/wp\/v2\/product\/27829","targetHints":{"allow":["GET"]}}],"collection":[{"href":"https:\/\/jzi.org.pl\/en\/wp-json\/wp\/v2\/product"}],"about":[{"href":"https:\/\/jzi.org.pl\/en\/wp-json\/wp\/v2\/types\/product"}],"author":[{"embeddable":true,"href":"https:\/\/jzi.org.pl\/en\/wp-json\/wp\/v2\/users\/1"}],"replies":[{"embeddable":true,"href":"https:\/\/jzi.org.pl\/en\/wp-json\/wp\/v2\/comments?post=27829"}],"wp:featuredmedia":[{"embeddable":true,"href":"https:\/\/jzi.org.pl\/en\/wp-json\/wp\/v2\/media\/27840"}],"wp:attachment":[{"href":"https:\/\/jzi.org.pl\/en\/wp-json\/wp\/v2\/media?parent=27829"}],"wp:term":[{"taxonomy":"product_brand","embeddable":true,"href":"https:\/\/jzi.org.pl\/en\/wp-json\/wp\/v2\/product_brand?post=27829"},{"taxonomy":"product_cat","embeddable":true,"href":"https:\/\/jzi.org.pl\/en\/wp-json\/wp\/v2\/product_cat?post=27829"},{"taxonomy":"product_tag","embeddable":true,"href":"https:\/\/jzi.org.pl\/en\/wp-json\/wp\/v2\/product_tag?post=27829"}],"curies":[{"name":"wp","href":"https:\/\/api.w.org\/{rel}","templated":true}]}}