{"id":26939,"date":"2024-11-19T12:04:22","date_gmt":"2024-11-19T11:04:22","guid":{"rendered":"https:\/\/jzi.org.pl\/?post_type=product&#038;p=26939"},"modified":"2026-02-24T12:34:45","modified_gmt":"2026-02-24T11:34:45","slug":"swieto-mojej-ulicy","status":"publish","type":"product","link":"https:\/\/jzi.org.pl\/en\/product\/swieto-mojej-ulicy\/","title":{"rendered":"\u015awi\u0119to mojej ulicy"},"content":{"rendered":"<div id=\"pl-26939\"  class=\"panel-layout\" ><div id=\"pg-26939-0\"  class=\"panel-grid panel-no-style\" ><div id=\"pgc-26939-0-0\"  class=\"panel-grid-cell\" ><div id=\"panel-26939-0-0-0\" class=\"so-panel widget widget_sow-editor panel-first-child\" data-index=\"0\" ><div\n\t\t\t\n\t\t\tclass=\"so-widget-sow-editor so-widget-sow-editor-base\"\n\t\t\t\n\t\t>\n<div class=\"siteorigin-widget-tinymce textwidget\">\n\t<p>Wyb\u00f3r wierszy: J\u00f3zefa Drozdowska<\/p>\n<p>Opracowanie i redakcja: J\u00f3zefa Drozdowska, Leonarda Szubzda<\/p>\n<p>Edition: 1<\/p>\n<p>ISBN: 978-83-973822-2-0<\/p>\n<p>Stron: 52<\/p>\n<p>Format: 12,5 x 19,5 cm (S6)<\/p>\n<p>Cover: soft, lacquered<\/p>\n<\/div>\n<\/div><\/div><div id=\"panel-26939-0-0-1\" class=\"so-panel widget widget_sow-editor\" data-index=\"1\" ><div\n\t\t\t\n\t\t\tclass=\"so-widget-sow-editor so-widget-sow-editor-base\"\n\t\t\t\n\t\t><h3 class=\"widget-title\">More information<\/h3>\n<div class=\"siteorigin-widget-tinymce textwidget\">\n\t<div id=\"pg-3663-1\" class=\"panel-grid panel-no-style\">\n<div id=\"pgc-3663-1-0\" class=\"panel-grid-cell\">\n<div id=\"panel-3663-1-0-0\" class=\"so-panel widget widget_sow-editor panel-first-child panel-last-child\" data-index=\"3\">\n<div class=\"panel-widget-style panel-widget-style-for-3663-1-0-0\">\n<div class=\"so-widget-sow-editor so-widget-sow-editor-base\">\n<div class=\"siteorigin-widget-tinymce textwidget\">\n<p>Wiersze zosta\u0142y przedstawione podczas XVII Niedzielnych Pogwarek Poetyckich przy Herbatce pt. \u201e\u015awi\u0119to mojej ulicy\u201d prowadzonych przez J\u00f3zef\u0119 Drozdowsk\u0105 i Ann\u0119 Oleksy w Filii nr 2 Miejskiej Biblioteki Publicznej APK w Augustowie 23 wrze\u015bnia 2018 roku, za\u015b fraszki na wcze\u015bniejszym, XIII spotkaniu z tego cyklu zatytu\u0142owanym \u201eZ przymru\u017ceniem oka\u201d, w dniu 10 wrze\u015bnia 2017 roku.<\/p>\n<\/div>\n<\/div>\n<\/div>\n<\/div>\n<\/div>\n<\/div>\n<\/div>\n<\/div><\/div><div id=\"panel-26939-0-0-2\" class=\"so-panel widget widget_sow-editor panel-last-child\" data-index=\"2\" ><div\n\t\t\t\n\t\t\tclass=\"so-widget-sow-editor so-widget-sow-editor-base\"\n\t\t\t\n\t\t><h3 class=\"widget-title\">Spis wierszy<\/h3>\n<div class=\"siteorigin-widget-tinymce textwidget\">\n\t<\/div>\n<\/div><\/div><\/div><\/div><div id=\"pg-26939-1\"  class=\"panel-grid panel-no-style\" ><div id=\"pgc-26939-1-0\"  class=\"panel-grid-cell\" ><div id=\"panel-26939-1-0-0\" class=\"so-panel widget widget_sow-editor panel-first-child panel-last-child\" data-index=\"3\" ><div\n\t\t\t\n\t\t\tclass=\"so-widget-sow-editor so-widget-sow-editor-base\"\n\t\t\t\n\t\t>\n<div class=\"siteorigin-widget-tinymce textwidget\">\n\t<p>Genowefa Balukiewicz<br \/>\n<em>Moja ulica<\/em><\/p>\n<p>Irena Batura<br \/>\n<em>Z ulicy Wilczej odchodzi si\u0119 na zawsze<\/em><\/p>\n<p>Beata Bronakowska<br \/>\n<em>Augustowskie \u015bcie\u017cki<\/em><\/p>\n<p>Tadeusz Dawidejt<br \/>\n<em>Dotykanie czasu<\/em><\/p>\n<p>J\u00f3zefa Drozdowska<br \/>\n<em>Dzielenie si\u0119 przestrzeni\u0105<\/em><\/p>\n<p>J\u00f3zefa Drozdowska<br \/>\n<em>O kotce Tolci z ulicy Kasztanowej<\/em><\/p>\n<p>J\u00f3zefa Drozdowska<br \/>\n<em>Zapis chwil<\/em><\/p>\n<p>Krystyna Gudel<br \/>\n<em>Kot musi wiedzie\u0107<\/em><\/p>\n<\/div>\n<\/div><\/div><\/div><div id=\"pgc-26939-1-1\"  class=\"panel-grid-cell\" ><div id=\"panel-26939-1-1-0\" class=\"so-panel widget widget_sow-editor panel-first-child panel-last-child\" data-index=\"4\" ><div\n\t\t\t\n\t\t\tclass=\"so-widget-sow-editor so-widget-sow-editor-base\"\n\t\t\t\n\t\t>\n<div class=\"siteorigin-widget-tinymce textwidget\">\n\t<p>Hanna Karp<br \/>\n<em>Ulica Portowa<\/em><\/p>\n<p>Bo\u017cena Klimaszewska<br \/>\n<em>Ulica<\/em><\/p>\n<p>Czes\u0142aw Kowalewski<br \/>\n<em>Wspomnienie<\/em><\/p>\n<p>Celina Mie\u0144kowska<br \/>\n<em>Ulica Mickiewicza<\/em><\/p>\n<p>Janina Osewska<br \/>\n<em>Ch\u0142opcy z IVb<\/em><\/p>\n<p>Janina Osewska<br \/>\n<em>Gaj<\/em><\/p>\n<p>Janina Osewska<br \/>\n<em>Zabawa w pitoki i inne gry podw\u00f3rkowe<\/em><\/p>\n<p>Jan Saczko<br \/>\n<em>Ulica<\/em><\/p>\n<\/div>\n<\/div><\/div><\/div><div id=\"pgc-26939-1-2\"  class=\"panel-grid-cell\" ><div id=\"panel-26939-1-2-0\" class=\"so-panel widget widget_sow-editor panel-first-child panel-last-child\" data-index=\"5\" ><div\n\t\t\t\n\t\t\tclass=\"so-widget-sow-editor so-widget-sow-editor-base\"\n\t\t\t\n\t\t>\n<div class=\"siteorigin-widget-tinymce textwidget\">\n\t<p>Erazm Stefanowski<br \/>\n<em>Pami\u0119tnik z wiecznego miasteczka<\/em><\/p>\n<p>Leonarda Szubzda<br \/>\n<em>Filozofia ulicy Kasztanowej<\/em><\/p>\n<p>Krystyna Walicka<br \/>\n<em>Ballada o mojej ulicy<\/em><\/p>\n<p>Krystyna Walicka<br \/>\n<em>Epilog do ballady o mojej ulicy<\/em><\/p>\n<p>Piotr Waldemar Wi\u015bniewski<br \/>\n<em>O ju\u017c nie mojej ulicy<\/em><\/p>\n<p>Krystyna Zawadzka<br \/>\n<em>Ulica Ko\u015bciuszki<\/em><\/p>\n<\/div>\n<\/div><\/div><\/div><\/div><\/div>","protected":false},"excerpt":{"rendered":"<p>Wyb\u00f3r wierszy: J\u00f3zefa Drozdowska Opracowanie i redakcja: J\u00f3zefa Drozdowska, Leonarda Szubzda Wydanie: 1 ISBN: 978-83-973822-2-0 Stron: 52 Format: 12,5 x 19,5 cm (S6) Ok\u0142adka: mi\u0119kka, lakierowana Wiersze zosta\u0142y przedstawione podczas XVII Niedzielnych Pogwarek Poetyckich przy Herbatce pt. \u201e\u015awi\u0119to mojej ulicy\u201d prowadzonych przez J\u00f3zef\u0119 Drozdowsk\u0105 i Ann\u0119 Oleksy w Filii nr 2 Miejskiej Biblioteki Publicznej APK [&hellip;]<\/p>\n","protected":false},"author":1,"featured_media":26940,"comment_status":"open","ping_status":"closed","template":"","meta":{"h5ap_radio_sources":[],"jetpack_post_was_ever_published":false},"product_brand":[],"product_cat":[272,395],"product_tag":[],"class_list":{"0":"post-26939","1":"product","2":"type-product","3":"status-publish","4":"has-post-thumbnail","6":"product_cat-ksiazki","7":"product_cat-literatura-piekna","9":"first","10":"instock","11":"taxable","12":"shipping-taxable","13":"purchasable","14":"product-type-simple"},"supplier_id":16598,"supplier_sku":"","barcode":null,"atum_controlled":true,"out_stock_date":null,"out_stock_threshold":null,"inheritable":false,"inbound_stock":0,"stock_on_hold":0,"sold_today":0,"sales_last_days":0,"reserved_stock":0,"customer_returns":0,"warehouse_damage":0,"lost_in_post":0,"other_logs":0,"out_stock_days":0,"lost_sales":0,"has_location":false,"update_date":"2026-04-25T00:11:03","atum_locations":[],"atum_stock_status":"instock","restock_status":false,"low_stock_amount":2,"sales_update_date":"2026-04-25T00:11:03","calc_backorders":0,"yoast_head":"<!-- This site is optimized with the Yoast SEO plugin v27.4 - https:\/\/yoast.com\/product\/yoast-seo-wordpress\/ -->\n<title>\u015awi\u0119to mojej ulicy - wiersze o ulicach Augustowa - Jami\u0144ski Zesp\u00f3\u0142 Indeksacyjny<\/title>\n<meta name=\"description\" content=\"Odkryj zbi\u00f3r wierszy &quot;\u015awi\u0119to Mojej Ulicy&quot;, kt\u00f3ry przenosi czytelnik\u00f3w na ulice malowniczego Augustowa. Poznaj poetyckie obrazy miejsc i historii, kt\u00f3re tworz\u0105 wyj\u0105tkowy klimat miasta. Sprawd\u017a wi\u0119cej na naszej stronie!\" \/>\n<meta name=\"robots\" content=\"index, follow, max-snippet:-1, max-image-preview:large, max-video-preview:-1\" \/>\n<link rel=\"canonical\" href=\"https:\/\/jzi.org.pl\/en\/product\/swieto-mojej-ulicy\/\" \/>\n<meta property=\"og:locale\" content=\"en_US\" \/>\n<meta property=\"og:type\" content=\"article\" \/>\n<meta property=\"og:title\" content=\"\u015awi\u0119to mojej ulicy - wiersze o ulicach Augustowa\" \/>\n<meta property=\"og:description\" content=\"\ud83d\udcd6 Poznaj zbi\u00f3r wierszy, kt\u00f3ry oddaje niezwyk\u0142y klimat ulic Augustowa! &quot;\u015awi\u0119to mojej ulicy&quot; to poetycka podr\u00f3\u017c po miejscach, kt\u00f3re tworz\u0105 dusz\u0119 miasta. \ud83c\udf1f Odkryj je i zainspiruj si\u0119 pi\u0119knem lokalnych zak\u0105tk\u00f3w. \ud83c\udfd8\ufe0f\u2764\ufe0f\" \/>\n<meta property=\"og:url\" content=\"https:\/\/jzi.org.pl\/en\/product\/swieto-mojej-ulicy\/\" \/>\n<meta property=\"og:site_name\" content=\"Jami\u0144ski Zesp\u00f3\u0142 Indeksacyjny\" \/>\n<meta property=\"article:publisher\" content=\"https:\/\/www.facebook.com\/Jaminski.Zespol.Indeksacyjny\/\" \/>\n<meta property=\"article:modified_time\" content=\"2026-02-24T11:34:45+00:00\" \/>\n<meta property=\"og:image\" content=\"https:\/\/jzi.org.pl\/wp-content\/uploads\/2024\/11\/swieto-mojej-ulicy-0.jpg\" \/>\n\t<meta property=\"og:image:width\" content=\"1476\" \/>\n\t<meta property=\"og:image:height\" content=\"2296\" \/>\n\t<meta property=\"og:image:type\" content=\"image\/jpeg\" \/>\n<meta name=\"twitter:card\" content=\"summary_large_image\" \/>\n<meta name=\"twitter:label1\" content=\"Est. reading time\" \/>\n\t<meta name=\"twitter:data1\" content=\"2 minutes\" \/>\n<script type=\"application\/ld+json\" class=\"yoast-schema-graph\">{\"@context\":\"https:\\\/\\\/schema.org\",\"@graph\":[{\"@type\":\"WebPage\",\"@id\":\"https:\\\/\\\/jzi.org.pl\\\/produkt\\\/swieto-mojej-ulicy\\\/\",\"url\":\"https:\\\/\\\/jzi.org.pl\\\/produkt\\\/swieto-mojej-ulicy\\\/\",\"name\":\"\u015awi\u0119to mojej ulicy - wiersze o ulicach Augustowa - Jami\u0144ski Zesp\u00f3\u0142 Indeksacyjny\",\"isPartOf\":{\"@id\":\"https:\\\/\\\/jzi.org.pl\\\/#website\"},\"primaryImageOfPage\":{\"@id\":\"https:\\\/\\\/jzi.org.pl\\\/produkt\\\/swieto-mojej-ulicy\\\/#primaryimage\"},\"image\":{\"@id\":\"https:\\\/\\\/jzi.org.pl\\\/produkt\\\/swieto-mojej-ulicy\\\/#primaryimage\"},\"thumbnailUrl\":\"https:\\\/\\\/jzi.org.pl\\\/wp-content\\\/uploads\\\/2024\\\/11\\\/swieto-mojej-ulicy-0.jpg\",\"datePublished\":\"2024-11-19T11:04:22+00:00\",\"dateModified\":\"2026-02-24T11:34:45+00:00\",\"description\":\"Odkryj zbi\u00f3r wierszy \\\"\u015awi\u0119to Mojej Ulicy\\\", kt\u00f3ry przenosi czytelnik\u00f3w na ulice malowniczego Augustowa. Poznaj poetyckie obrazy miejsc i historii, kt\u00f3re tworz\u0105 wyj\u0105tkowy klimat miasta. Sprawd\u017a wi\u0119cej na naszej stronie!\",\"breadcrumb\":{\"@id\":\"https:\\\/\\\/jzi.org.pl\\\/produkt\\\/swieto-mojej-ulicy\\\/#breadcrumb\"},\"inLanguage\":\"en-US\",\"potentialAction\":[{\"@type\":\"ReadAction\",\"target\":[\"https:\\\/\\\/jzi.org.pl\\\/produkt\\\/swieto-mojej-ulicy\\\/\"]}]},{\"@type\":\"ImageObject\",\"inLanguage\":\"en-US\",\"@id\":\"https:\\\/\\\/jzi.org.pl\\\/produkt\\\/swieto-mojej-ulicy\\\/#primaryimage\",\"url\":\"https:\\\/\\\/jzi.org.pl\\\/wp-content\\\/uploads\\\/2024\\\/11\\\/swieto-mojej-ulicy-0.jpg\",\"contentUrl\":\"https:\\\/\\\/jzi.org.pl\\\/wp-content\\\/uploads\\\/2024\\\/11\\\/swieto-mojej-ulicy-0.jpg\",\"width\":1476,\"height\":2296},{\"@type\":\"BreadcrumbList\",\"@id\":\"https:\\\/\\\/jzi.org.pl\\\/produkt\\\/swieto-mojej-ulicy\\\/#breadcrumb\",\"itemListElement\":[{\"@type\":\"ListItem\",\"position\":1,\"name\":\"Strona g\u0142\u00f3wna\",\"item\":\"https:\\\/\\\/jzi.org.pl\\\/\"},{\"@type\":\"ListItem\",\"position\":2,\"name\":\"Sklep\",\"item\":\"https:\\\/\\\/jzi.org.pl\\\/sklep\\\/\"},{\"@type\":\"ListItem\",\"position\":3,\"name\":\"\u015awi\u0119to mojej ulicy\"}]},{\"@type\":\"WebSite\",\"@id\":\"https:\\\/\\\/jzi.org.pl\\\/#website\",\"url\":\"https:\\\/\\\/jzi.org.pl\\\/\",\"name\":\"Jami\u0144ski Zesp\u00f3\u0142 Indeksacyjny\",\"description\":\"\",\"publisher\":{\"@id\":\"https:\\\/\\\/jzi.org.pl\\\/#organization\"},\"potentialAction\":[{\"@type\":\"SearchAction\",\"target\":{\"@type\":\"EntryPoint\",\"urlTemplate\":\"https:\\\/\\\/jzi.org.pl\\\/?s={search_term_string}\"},\"query-input\":{\"@type\":\"PropertyValueSpecification\",\"valueRequired\":true,\"valueName\":\"search_term_string\"}}],\"inLanguage\":\"en-US\"},{\"@type\":\"Organization\",\"@id\":\"https:\\\/\\\/jzi.org.pl\\\/#organization\",\"name\":\"Jami\u0144ski Zesp\u00f3\u0142 Indeksacyjny\",\"url\":\"https:\\\/\\\/jzi.org.pl\\\/\",\"logo\":{\"@type\":\"ImageObject\",\"inLanguage\":\"en-US\",\"@id\":\"https:\\\/\\\/jzi.org.pl\\\/#\\\/schema\\\/logo\\\/image\\\/\",\"url\":\"https:\\\/\\\/jzi.org.pl\\\/wp-content\\\/uploads\\\/2019\\\/03\\\/logo-stowarzyszenie-jzi.png\",\"contentUrl\":\"https:\\\/\\\/jzi.org.pl\\\/wp-content\\\/uploads\\\/2019\\\/03\\\/logo-stowarzyszenie-jzi.png\",\"width\":931,\"height\":990,\"caption\":\"Jami\u0144ski Zesp\u00f3\u0142 Indeksacyjny\"},\"image\":{\"@id\":\"https:\\\/\\\/jzi.org.pl\\\/#\\\/schema\\\/logo\\\/image\\\/\"},\"sameAs\":[\"https:\\\/\\\/www.facebook.com\\\/Jaminski.Zespol.Indeksacyjny\\\/\"]}]}<\/script>\n<!-- \/ Yoast SEO plugin. -->","yoast_head_json":{"title":"\u015awi\u0119to mojej ulicy - wiersze o ulicach Augustowa - Jami\u0144ski Zesp\u00f3\u0142 Indeksacyjny","description":"Odkryj zbi\u00f3r wierszy \"\u015awi\u0119to Mojej Ulicy\", kt\u00f3ry przenosi czytelnik\u00f3w na ulice malowniczego Augustowa. Poznaj poetyckie obrazy miejsc i historii, kt\u00f3re tworz\u0105 wyj\u0105tkowy klimat miasta. Sprawd\u017a wi\u0119cej na naszej stronie!","robots":{"index":"index","follow":"follow","max-snippet":"max-snippet:-1","max-image-preview":"max-image-preview:large","max-video-preview":"max-video-preview:-1"},"canonical":"https:\/\/jzi.org.pl\/en\/product\/swieto-mojej-ulicy\/","og_locale":"en_US","og_type":"article","og_title":"\u015awi\u0119to mojej ulicy - wiersze o ulicach Augustowa","og_description":"\ud83d\udcd6 Poznaj zbi\u00f3r wierszy, kt\u00f3ry oddaje niezwyk\u0142y klimat ulic Augustowa! \"\u015awi\u0119to mojej ulicy\" to poetycka podr\u00f3\u017c po miejscach, kt\u00f3re tworz\u0105 dusz\u0119 miasta. \ud83c\udf1f Odkryj je i zainspiruj si\u0119 pi\u0119knem lokalnych zak\u0105tk\u00f3w. \ud83c\udfd8\ufe0f\u2764\ufe0f","og_url":"https:\/\/jzi.org.pl\/en\/product\/swieto-mojej-ulicy\/","og_site_name":"Jami\u0144ski Zesp\u00f3\u0142 Indeksacyjny","article_publisher":"https:\/\/www.facebook.com\/Jaminski.Zespol.Indeksacyjny\/","article_modified_time":"2026-02-24T11:34:45+00:00","og_image":[{"width":1476,"height":2296,"url":"https:\/\/jzi.org.pl\/wp-content\/uploads\/2024\/11\/swieto-mojej-ulicy-0.jpg","type":"image\/jpeg"}],"twitter_card":"summary_large_image","twitter_misc":{"Est. reading time":"2 minutes"},"schema":{"@context":"https:\/\/schema.org","@graph":[{"@type":"WebPage","@id":"https:\/\/jzi.org.pl\/produkt\/swieto-mojej-ulicy\/","url":"https:\/\/jzi.org.pl\/produkt\/swieto-mojej-ulicy\/","name":"\u015awi\u0119to mojej ulicy - wiersze o ulicach Augustowa - Jami\u0144ski Zesp\u00f3\u0142 Indeksacyjny","isPartOf":{"@id":"https:\/\/jzi.org.pl\/#website"},"primaryImageOfPage":{"@id":"https:\/\/jzi.org.pl\/produkt\/swieto-mojej-ulicy\/#primaryimage"},"image":{"@id":"https:\/\/jzi.org.pl\/produkt\/swieto-mojej-ulicy\/#primaryimage"},"thumbnailUrl":"https:\/\/jzi.org.pl\/wp-content\/uploads\/2024\/11\/swieto-mojej-ulicy-0.jpg","datePublished":"2024-11-19T11:04:22+00:00","dateModified":"2026-02-24T11:34:45+00:00","description":"Odkryj zbi\u00f3r wierszy \"\u015awi\u0119to Mojej Ulicy\", kt\u00f3ry przenosi czytelnik\u00f3w na ulice malowniczego Augustowa. Poznaj poetyckie obrazy miejsc i historii, kt\u00f3re tworz\u0105 wyj\u0105tkowy klimat miasta. Sprawd\u017a wi\u0119cej na naszej stronie!","breadcrumb":{"@id":"https:\/\/jzi.org.pl\/produkt\/swieto-mojej-ulicy\/#breadcrumb"},"inLanguage":"en-US","potentialAction":[{"@type":"ReadAction","target":["https:\/\/jzi.org.pl\/produkt\/swieto-mojej-ulicy\/"]}]},{"@type":"ImageObject","inLanguage":"en-US","@id":"https:\/\/jzi.org.pl\/produkt\/swieto-mojej-ulicy\/#primaryimage","url":"https:\/\/jzi.org.pl\/wp-content\/uploads\/2024\/11\/swieto-mojej-ulicy-0.jpg","contentUrl":"https:\/\/jzi.org.pl\/wp-content\/uploads\/2024\/11\/swieto-mojej-ulicy-0.jpg","width":1476,"height":2296},{"@type":"BreadcrumbList","@id":"https:\/\/jzi.org.pl\/produkt\/swieto-mojej-ulicy\/#breadcrumb","itemListElement":[{"@type":"ListItem","position":1,"name":"Strona g\u0142\u00f3wna","item":"https:\/\/jzi.org.pl\/"},{"@type":"ListItem","position":2,"name":"Sklep","item":"https:\/\/jzi.org.pl\/sklep\/"},{"@type":"ListItem","position":3,"name":"\u015awi\u0119to mojej ulicy"}]},{"@type":"WebSite","@id":"https:\/\/jzi.org.pl\/#website","url":"https:\/\/jzi.org.pl\/","name":"Jaminy Indexing Team","description":"","publisher":{"@id":"https:\/\/jzi.org.pl\/#organization"},"potentialAction":[{"@type":"SearchAction","target":{"@type":"EntryPoint","urlTemplate":"https:\/\/jzi.org.pl\/?s={search_term_string}"},"query-input":{"@type":"PropertyValueSpecification","valueRequired":true,"valueName":"search_term_string"}}],"inLanguage":"en-US"},{"@type":"Organization","@id":"https:\/\/jzi.org.pl\/#organization","name":"Jaminy Indexing Team","url":"https:\/\/jzi.org.pl\/","logo":{"@type":"ImageObject","inLanguage":"en-US","@id":"https:\/\/jzi.org.pl\/#\/schema\/logo\/image\/","url":"https:\/\/jzi.org.pl\/wp-content\/uploads\/2019\/03\/logo-stowarzyszenie-jzi.png","contentUrl":"https:\/\/jzi.org.pl\/wp-content\/uploads\/2019\/03\/logo-stowarzyszenie-jzi.png","width":931,"height":990,"caption":"Jami\u0144ski Zesp\u00f3\u0142 Indeksacyjny"},"image":{"@id":"https:\/\/jzi.org.pl\/#\/schema\/logo\/image\/"},"sameAs":["https:\/\/www.facebook.com\/Jaminski.Zespol.Indeksacyjny\/"]}]}},"jetpack_likes_enabled":true,"jetpack_sharing_enabled":true,"_links":{"self":[{"href":"https:\/\/jzi.org.pl\/en\/wp-json\/wp\/v2\/product\/26939","targetHints":{"allow":["GET"]}}],"collection":[{"href":"https:\/\/jzi.org.pl\/en\/wp-json\/wp\/v2\/product"}],"about":[{"href":"https:\/\/jzi.org.pl\/en\/wp-json\/wp\/v2\/types\/product"}],"author":[{"embeddable":true,"href":"https:\/\/jzi.org.pl\/en\/wp-json\/wp\/v2\/users\/1"}],"replies":[{"embeddable":true,"href":"https:\/\/jzi.org.pl\/en\/wp-json\/wp\/v2\/comments?post=26939"}],"wp:featuredmedia":[{"embeddable":true,"href":"https:\/\/jzi.org.pl\/en\/wp-json\/wp\/v2\/media\/26940"}],"wp:attachment":[{"href":"https:\/\/jzi.org.pl\/en\/wp-json\/wp\/v2\/media?parent=26939"}],"wp:term":[{"taxonomy":"product_brand","embeddable":true,"href":"https:\/\/jzi.org.pl\/en\/wp-json\/wp\/v2\/product_brand?post=26939"},{"taxonomy":"product_cat","embeddable":true,"href":"https:\/\/jzi.org.pl\/en\/wp-json\/wp\/v2\/product_cat?post=26939"},{"taxonomy":"product_tag","embeddable":true,"href":"https:\/\/jzi.org.pl\/en\/wp-json\/wp\/v2\/product_tag?post=26939"}],"curies":[{"name":"wp","href":"https:\/\/api.w.org\/{rel}","templated":true}]}}