{"id":26850,"date":"2024-11-06T12:26:05","date_gmt":"2024-11-06T11:26:05","guid":{"rendered":"https:\/\/jzi.org.pl\/?post_type=product&#038;p=26850"},"modified":"2026-04-05T19:08:44","modified_gmt":"2026-04-05T17:08:44","slug":"spis-domow-sokolka-1831","status":"publish","type":"product","link":"https:\/\/jzi.org.pl\/en\/product\/spis-domow-sokolka-1831\/","title":{"rendered":"Spis dom\u00f3w w mie\u015bcie Sok\u00f3\u0142ka po\u0142o\u017conych z podzia\u0142em na trzy cz\u0119\u015bci \u2013 1831"},"content":{"rendered":"<div id=\"pl-26850\"  class=\"panel-layout\" ><div id=\"pg-26850-0\"  class=\"panel-grid panel-no-style\" ><div id=\"pgc-26850-0-0\"  class=\"panel-grid-cell\" ><div id=\"panel-26850-0-0-0\" class=\"so-panel widget widget_sow-editor panel-first-child\" data-index=\"0\" ><div\n\t\t\t\n\t\t\tclass=\"so-widget-sow-editor so-widget-sow-editor-base\"\n\t\t\t\n\t\t>\n<div class=\"siteorigin-widget-tinymce textwidget\">\n\t<p>Opracowanie: Waldemar Daszuta<\/p>\n<p>Edition: 1<\/p>\n<p>ISBN: 978-83-973822-1-3<\/p>\n<p>Stron: 90<\/p>\n<p><span>Format: B5 (17x24 cm)<br \/>\n<\/span><\/p>\n<p>Ok\u0142adka:<span> mi\u0119kka<\/span><\/p>\n<\/div>\n<\/div><\/div><div id=\"panel-26850-0-0-1\" class=\"so-panel widget widget_sow-editor panel-last-child\" data-index=\"1\" ><div\n\t\t\t\n\t\t\tclass=\"so-widget-sow-editor so-widget-sow-editor-base\"\n\t\t\t\n\t\t><h3 class=\"widget-title\">More information<\/h3>\n<div class=\"siteorigin-widget-tinymce textwidget\">\n\t<div id=\"pg-18543-1\" class=\"panel-grid panel-no-style\">\n<div id=\"pgc-18543-1-0\" class=\"panel-grid-cell\">\n<div id=\"panel-18543-1-0-0\" class=\"so-panel widget widget_sow-editor panel-first-child panel-last-child\" data-index=\"3\">\n<div class=\"panel-widget-style panel-widget-style-for-18543-1-0-0\">\n<p>Niniejszy spis zosta\u0142 opracowany na podstawie <em>Spisu dom\u00f3w w<\/em> <em>mie\u015bcie Sok\u00f3\u0142ka po\u0142o\u017conych z<\/em> <em>podzia\u0142em na<\/em> <em>trzy cz\u0119\u015bci<\/em> z 27 kwietnia 1831 \u2013 z j\u0119zyka rosyjskiego przet\u0142umaczy\u0142 Dominik Pietrasz, emerytowany adwokat 11 sierpnia 1973 r. Nie by\u0142 to spis ludno\u015bci \u2013 orygina\u0142 zawiera\u0142 tylko nazwiska i imiona w\u0142a\u015bcicieli dom\u00f3w. Zosta\u0142 tutaj uzupe\u0142niony o wszystkie inne dost\u0119pne informacje. Informacje uzupe\u0142niaj\u0105ce i poprawki dodano na podstawie danych z ksi\u0105g metrykalnych parafii \u015bw. Antoniego w Sok\u00f3\u0142ce.<\/p>\n<p>Poniewa\u017c brak bli\u017cszych informacji na temat ludno\u015bci \u017cydowskiej Sok\u00f3\u0142ki w tym okresie, nazwiska tej ludno\u015bci wyst\u0119puj\u0105ce w spisie zosta\u0142y pomini\u0119te.<\/p>\n<p>T\u0142umaczenie autorstwa Dominika Pietrasza\u00a0zawiera, pr\u00f3cz b\u0142\u0119d\u00f3w w pisowni niekt\u00f3rych nazwisk, pewn\u0105 ilo\u015b\u0107 rusycyzm\u00f3w w pisowni imion. Poniewa\u017c ksi\u0119gi metrykalne w latach 1830-tych by\u0142y prowadzone w j\u0119zyku polskim, rusycyzmy te zosta\u0142y w niniejszym opracowaniu wyeliminowane a pisownia nazwisk poprawiona i ujednolicona.<\/p>\n<p>W spisie, miasto by\u0142o podzielone na trzy cz\u0119\u015bci. Na ich czele stali tzw. dozorcy. Byli to Mateusz Pawenis, Grzegorz S\u0142awi\u0144ski i Miko\u0142aj Chomiuk (Chamiuk). Ni\u017cszym stopniem zarz\u0105dzania byli dziesi\u0119tnicy. W cz\u0119\u015bci podleg\u0142ej Mateuszowi Pawenisowi\u00a0dziesi\u0119tnikami byli Jan Strawi\u0144ski, J\u00f3zef Bo\u0107kowski, Jan Makowski\u00a0i Andrzej Nied\u017awiecki. W cz\u0119\u015bci miasta podleg\u0142ej dozorcy Grzegorzowi S\u0142awi\u0144skiemu\u00a0dziesi\u0119tnikami byli Jan Jarocki, Jerzy Re\u0107ko, Andrzej Minczewski, Tomasz Szebiotko\u00a0i Mateusz Rapucha. W cz\u0119\u015bci miasta podleg\u0142ej Miko\u0142ajowi Chomiukowi dziesi\u0119tnikami byli Marcin Domi\u0144ski (Doma\u0144ski), Marcin Chomiukiewicz\u00a0(Chamiukiewicz), Jan Re\u0107ko i Andrzej Kolenda.<\/p>\n<p>Oryginalny spis podpisali:<\/p>\n<p>Horodniczy: Wewern\u00a0(Adolf, em. podpu\u0142kownik wojsk rosyjskich)<br \/>\nSekretarz: Ejsymont\u00a0(J\u00f3zef, sekretarz s\u0105du ziemskiego)<\/p>\n<\/div>\n<\/div>\n<\/div>\n<\/div>\n<\/div>\n<\/div><\/div><\/div><\/div><div id=\"pg-26850-1\"  class=\"panel-grid panel-no-style\" ><div id=\"pgc-26850-1-0\"  class=\"panel-grid-cell\" ><div id=\"panel-26850-1-0-0\" class=\"so-panel widget widget_sow-editor panel-first-child panel-last-child\" data-index=\"2\" ><div\n\t\t\t\n\t\t\tclass=\"so-widget-sow-editor so-widget-sow-editor-base\"\n\t\t\t\n\t\t>\n<div class=\"siteorigin-widget-tinymce textwidget\">\n\t<p>Aksienia<br \/>\nAndrons<br \/>\nAndrzejewska<br \/>\nAndrzejewski<br \/>\nAni\u015bkiewicz<br \/>\nAni\u015bko<br \/>\nAntonowicz<br \/>\nArciuch<br \/>\nBabaryka<br \/>\nBajkow<br \/>\nBartnik<br \/>\nBazylczyk<br \/>\nBezlak<br \/>\nBia\u0142asz<br \/>\nBiziuk<br \/>\nBo\u0107kowska<br \/>\nBo\u0107kowski<br \/>\nBorodziuk<br \/>\nBorowska<br \/>\nBorowski<br \/>\nBra\u0142ucka<br \/>\nBra\u0142ucki<br \/>\nBryczkowska<br \/>\nBryczkowski<br \/>\nBubieniec<br \/>\nBuczy\u0144ska<br \/>\nBuczy\u0144ski<br \/>\nChamiuk<br \/>\nChilkiewicz<br \/>\nChilkiewiczowa<br \/>\nChmielewska<br \/>\nChomiukiewicz<br \/>\nCieleszko<br \/>\nCimoszko<br \/>\nCzaplejewicz<br \/>\nCzarnowicz<br \/>\nDaszuta<br \/>\nDoma\u0144ska<br \/>\nDoma\u0144ski<br \/>\nDowgiert<br \/>\nDubowski<br \/>\nDud\u017a<br \/>\nDworzecki<br \/>\nDzieszko<\/p>\n<\/div>\n<\/div><\/div><\/div><div id=\"pgc-26850-1-1\"  class=\"panel-grid-cell\" ><div id=\"panel-26850-1-1-0\" class=\"so-panel widget widget_sow-editor panel-first-child panel-last-child\" data-index=\"3\" ><div\n\t\t\t\n\t\t\tclass=\"so-widget-sow-editor so-widget-sow-editor-base\"\n\t\t\t\n\t\t>\n<div class=\"siteorigin-widget-tinymce textwidget\">\n\t<p>Dziewia\u0142towski<br \/>\nDziewi\u0105tkowska<br \/>\nDziewi\u0105tkowski<br \/>\nEjsymont<br \/>\nEliaszewicz<br \/>\nFalkowska<br \/>\nFalkowski<br \/>\nGalej<br \/>\nGarboli\u0144ska<br \/>\nGarboli\u0144ski<br \/>\nGauk<br \/>\nGieniusz<br \/>\nGimier<br \/>\nGitcher<br \/>\nGli\u0144ska<br \/>\nG\u0142\u00f3d\u017a<br \/>\nGodlewska<br \/>\nGodlewski<br \/>\nG\u00f3rski<br \/>\nGrunert<br \/>\nHardziejewska<br \/>\nHitchier<br \/>\nHo\u0142ownia<br \/>\nHryncewicz<br \/>\nHrynczel<br \/>\nHrynkiewicz<br \/>\nHumm<br \/>\nIwanowska<br \/>\nJackiewicz<br \/>\nJanczewska<br \/>\nJanczewski<br \/>\nJankiewicz<br \/>\nJarocka<br \/>\nJarocki<br \/>\nJaroszewicz<br \/>\nJersajew<br \/>\nKacewicz<br \/>\nKalinowska<br \/>\nKalinowski<br \/>\nKaroli\u0144ska<br \/>\nKasiukiewicz<br \/>\nKazimierowicz<br \/>\nKirpsza<br \/>\nKlimowicz<\/p>\n<\/div>\n<\/div><\/div><\/div><div id=\"pgc-26850-1-2\"  class=\"panel-grid-cell\" ><div id=\"panel-26850-1-2-0\" class=\"so-panel widget widget_sow-editor panel-first-child panel-last-child\" data-index=\"4\" ><div\n\t\t\t\n\t\t\tclass=\"so-widget-sow-editor so-widget-sow-editor-base\"\n\t\t\t\n\t\t>\n<div class=\"siteorigin-widget-tinymce textwidget\">\n\t<p>Kolenda<br \/>\nKole\u015bnik<br \/>\nKom\u0142o<br \/>\nKonswaldt<br \/>\nKorolczuk<br \/>\nKozieradzka<br \/>\nKozieradzki<br \/>\nKozio\u0142<br \/>\nKoz\u0142owska<br \/>\nKoz\u0142owski<br \/>\nKruk<br \/>\nKucharewicz<br \/>\nKuczy\u0144ska<br \/>\nKuczy\u0144ski<br \/>\nKureczko<br \/>\nLenkiewicz<br \/>\nLeosz<br \/>\n\u0141opatecka<br \/>\n\u0141opatecki<br \/>\nMaciejewska<br \/>\nMaciejewski<br \/>\nMackiewicz<br \/>\nMakarcewicz<br \/>\nMakarewicz<br \/>\nMakarow<br \/>\nMakowska<br \/>\nMakowski<br \/>\nMarcinkiewicz<br \/>\nMatuk<br \/>\nMatukiewicz<br \/>\nMichaelis<br \/>\nMilenkiewicz<br \/>\nMilicka<br \/>\nMilicki<br \/>\nMinczewska<br \/>\nMinczewski<br \/>\nMinin<br \/>\nMinkowska<br \/>\nMinkowski<br \/>\nMizerus<br \/>\nMlicki<br \/>\nMo\u0144ko<br \/>\nMucharewa<br \/>\nMudrewicz<br \/>\nNartunowicz<\/p>\n<\/div>\n<\/div><\/div><\/div><div id=\"pgc-26850-1-3\"  class=\"panel-grid-cell\" ><div id=\"panel-26850-1-3-0\" class=\"so-panel widget widget_sow-editor panel-first-child panel-last-child\" data-index=\"5\" ><div\n\t\t\t\n\t\t\tclass=\"so-widget-sow-editor so-widget-sow-editor-base\"\n\t\t\t\n\t\t>\n<div class=\"siteorigin-widget-tinymce textwidget\">\n\t<p>Nawrocka<br \/>\nNied\u017awiecki<br \/>\nNied\u017awiedzka<br \/>\nNied\u017awiedzki<br \/>\nObuchowska<br \/>\nOlechno<br \/>\nOlendzka<br \/>\nOle\u0144ska<br \/>\nOnufrynow<br \/>\nOszer<br \/>\nPancewicz<br \/>\nPa\u0144kowski<br \/>\nParchanowicz<br \/>\nParczewska<br \/>\nPawenis<br \/>\nPiekarewicz<br \/>\nPietrasz<br \/>\nPietraszkiewicz<br \/>\nPietrowski<br \/>\nPi\u0119tka<br \/>\nPiotrow<br \/>\nPop\u0142awska<br \/>\nPo\u017aniak<br \/>\nPuci\u0142owska<br \/>\nPuci\u0142owski<br \/>\nRapucha<br \/>\nRe\u0107ko<br \/>\nRepko<br \/>\nRepucha<br \/>\nRomejko<br \/>\nRusi\u0142owicz<br \/>\nRutkowska<br \/>\nRutkowski<br \/>\nRybakiewicz<br \/>\nSadanowicz<br \/>\nSakowicz<br \/>\nSa\u0144ko<br \/>\nSawicka<br \/>\nSawicki<br \/>\nSawo\u0144<br \/>\nSie\u0144ko<br \/>\nSipowicz<br \/>\nSkaba\u0142ona<br \/>\nS\u0142awi\u0144ski<br \/>\nStrawi\u0144ska<\/p>\n<\/div>\n<\/div><\/div><\/div><div id=\"pgc-26850-1-4\"  class=\"panel-grid-cell\" ><div id=\"panel-26850-1-4-0\" class=\"so-panel widget widget_sow-editor panel-first-child panel-last-child\" data-index=\"6\" ><div\n\t\t\t\n\t\t\tclass=\"so-widget-sow-editor so-widget-sow-editor-base\"\n\t\t\t\n\t\t>\n<div class=\"siteorigin-widget-tinymce textwidget\">\n\t<p>Strawi\u0144ski<br \/>\nStrusiewicz<br \/>\nStrycharewicz<br \/>\nSzczebiot<br \/>\nSzcz\u0119snowicz<br \/>\nSzebiotko<br \/>\nSzemioth<br \/>\nSzmatko<br \/>\nSzpichlewska<br \/>\nSzpichlewski<br \/>\nSzumi\u0142o<br \/>\nSzymanowska<br \/>\nSzymanowski<br \/>\nSzyma\u0144ska<br \/>\nSzyma\u0144ski<br \/>\nTalarczyk<br \/>\nTarasewicz<br \/>\nTaraszkiewicz<br \/>\nTaudul<br \/>\nTolko<br \/>\nTomaszycka<br \/>\nTomaszycki<br \/>\nTrochim<br \/>\nTryzna<br \/>\nUli\u0144ska<br \/>\nUrban<br \/>\nWawern<br \/>\nWewern<br \/>\nWi\u0144ska<br \/>\nWi\u0144ski<br \/>\nWolff<br \/>\nWr\u00f3blewska<br \/>\nWysocka<br \/>\nWysocki<br \/>\nZajkowska<br \/>\nZajkowski<br \/>\nZarachowicz<br \/>\nZarzecka<br \/>\nZarzecki<br \/>\nZawistowska<br \/>\nZiembko<br \/>\n\u017bo\u0142\u0105dkowska<br \/>\n\u017bo\u0142\u0105dkowski<br \/>\n\u017bukiewicz<br \/>\n\u017bukowska<\/p>\n<\/div>\n<\/div><\/div><\/div><\/div><\/div>","protected":false},"excerpt":{"rendered":"<p>Opracowanie: Waldemar Daszuta Wydanie: 1 ISBN: 978-83-973822-1-3 Stron: 90 Format: B5 (17&#215;24 cm) Ok\u0142adka: mi\u0119kka Niniejszy spis zosta\u0142 opracowany na podstawie Spisu dom\u00f3w w mie\u015bcie Sok\u00f3\u0142ka po\u0142o\u017conych z podzia\u0142em na trzy cz\u0119\u015bci z 27 kwietnia 1831 \u2013 z j\u0119zyka rosyjskiego przet\u0142umaczy\u0142 Dominik Pietrasz, emerytowany adwokat 11 sierpnia 1973 r. Nie by\u0142 to spis ludno\u015bci \u2013 [&hellip;]<\/p>\n","protected":false},"author":1,"featured_media":26851,"comment_status":"open","ping_status":"closed","template":"","meta":{"h5ap_radio_sources":[],"jetpack_post_was_ever_published":false},"product_brand":[],"product_cat":[272],"product_tag":[350],"class_list":{"0":"post-26850","1":"product","2":"type-product","3":"status-publish","4":"has-post-thumbnail","6":"product_cat-ksiazki","7":"product_tag-sokolka","9":"first","10":"instock","11":"featured","12":"taxable","13":"shipping-taxable","14":"purchasable","15":"product-type-simple"},"supplier_id":null,"supplier_sku":"","barcode":null,"atum_controlled":true,"out_stock_date":null,"out_stock_threshold":null,"inheritable":false,"inbound_stock":0,"stock_on_hold":3,"sold_today":0,"sales_last_days":1,"reserved_stock":0,"customer_returns":0,"warehouse_damage":0,"lost_in_post":0,"other_logs":0,"out_stock_days":0,"lost_sales":0,"has_location":false,"update_date":"2026-04-19T00:08:43","atum_locations":[],"atum_stock_status":"instock","restock_status":false,"low_stock_amount":3,"sales_update_date":"2026-04-19T00:08:42","calc_backorders":null,"yoast_head":"<!-- This site is optimized with the Yoast SEO plugin v27.4 - https:\/\/yoast.com\/product\/yoast-seo-wordpress\/ -->\n<title>Spis dom\u00f3w Sok\u00f3\u0142ki 1831 - Unikalny Dokument Historyczny - Jami\u0144ski Zesp\u00f3\u0142 Indeksacyjny<\/title>\n<meta name=\"description\" content=\"Poznaj fascynuj\u0105cy dokument &quot;Spis dom\u00f3w Sok\u00f3\u0142ki 1831&quot;. Odkryj histori\u0119 Sok\u00f3\u0142ki z pocz\u0105tku XIX wieku \u2013 unikalne dane o mieszka\u0144cach i zabudowie miasta. Idealne \u017ar\u00f3d\u0142o dla genealog\u00f3w i mi\u0142o\u015bnik\u00f3w lokalnej historii. Sprawd\u017a szczeg\u00f3\u0142y!\" \/>\n<meta name=\"robots\" content=\"index, follow, max-snippet:-1, max-image-preview:large, max-video-preview:-1\" \/>\n<link rel=\"canonical\" href=\"https:\/\/jzi.org.pl\/en\/product\/spis-domow-sokolka-1831\/\" \/>\n<meta property=\"og:locale\" content=\"en_US\" \/>\n<meta property=\"og:type\" content=\"article\" \/>\n<meta property=\"og:title\" content=\"\ud83d\udcdc Spis dom\u00f3w Sok\u00f3\u0142ki z 1831 roku \u2013 odkryj histori\u0119 miasta!\" \/>\n<meta property=\"og:description\" content=\"Zanurz si\u0119 w historii Sok\u00f3\u0142ki! \ud83c\udfe0 &quot;Spis dom\u00f3w Sok\u00f3\u0142ki 1831&quot; to niezwyk\u0142y dokument, kt\u00f3ry przybli\u017ca \u017cycie miasta sprzed prawie dw\u00f3ch wiek\u00f3w. Idealny dla genealog\u00f3w, pasjonat\u00f3w lokalnych dziej\u00f3w i mi\u0142o\u015bnik\u00f3w historii. Sprawd\u017a szczeg\u00f3\u0142y na JZI.org.pl! \ud83c\udf1f #Historia #Genealogia #Sok\u00f3\u0142ka\" \/>\n<meta property=\"og:url\" content=\"https:\/\/jzi.org.pl\/en\/product\/spis-domow-sokolka-1831\/\" \/>\n<meta property=\"og:site_name\" content=\"Jami\u0144ski Zesp\u00f3\u0142 Indeksacyjny\" \/>\n<meta property=\"article:publisher\" content=\"https:\/\/www.facebook.com\/Jaminski.Zespol.Indeksacyjny\/\" \/>\n<meta property=\"article:modified_time\" content=\"2026-04-05T17:08:44+00:00\" \/>\n<meta property=\"og:image\" content=\"https:\/\/jzi.org.pl\/wp-content\/uploads\/2024\/11\/sokolka-1831-0-scaled.jpg\" \/>\n\t<meta property=\"og:image:width\" content=\"1828\" \/>\n\t<meta property=\"og:image:height\" content=\"2560\" \/>\n\t<meta property=\"og:image:type\" content=\"image\/jpeg\" \/>\n<meta name=\"twitter:card\" content=\"summary_large_image\" \/>\n<meta name=\"twitter:label1\" content=\"Est. reading time\" \/>\n\t<meta name=\"twitter:data1\" content=\"4 minutes\" \/>\n<script type=\"application\/ld+json\" class=\"yoast-schema-graph\">{\"@context\":\"https:\\\/\\\/schema.org\",\"@graph\":[{\"@type\":\"WebPage\",\"@id\":\"https:\\\/\\\/jzi.org.pl\\\/produkt\\\/spis-domow-sokolka-1831\\\/\",\"url\":\"https:\\\/\\\/jzi.org.pl\\\/produkt\\\/spis-domow-sokolka-1831\\\/\",\"name\":\"Spis dom\u00f3w Sok\u00f3\u0142ki 1831 - Unikalny Dokument Historyczny - Jami\u0144ski Zesp\u00f3\u0142 Indeksacyjny\",\"isPartOf\":{\"@id\":\"https:\\\/\\\/jzi.org.pl\\\/#website\"},\"primaryImageOfPage\":{\"@id\":\"https:\\\/\\\/jzi.org.pl\\\/produkt\\\/spis-domow-sokolka-1831\\\/#primaryimage\"},\"image\":{\"@id\":\"https:\\\/\\\/jzi.org.pl\\\/produkt\\\/spis-domow-sokolka-1831\\\/#primaryimage\"},\"thumbnailUrl\":\"https:\\\/\\\/jzi.org.pl\\\/wp-content\\\/uploads\\\/2024\\\/11\\\/sokolka-1831-0-scaled.jpg\",\"datePublished\":\"2024-11-06T11:26:05+00:00\",\"dateModified\":\"2026-04-05T17:08:44+00:00\",\"description\":\"Poznaj fascynuj\u0105cy dokument \\\"Spis dom\u00f3w Sok\u00f3\u0142ki 1831\\\". Odkryj histori\u0119 Sok\u00f3\u0142ki z pocz\u0105tku XIX wieku \u2013 unikalne dane o mieszka\u0144cach i zabudowie miasta. Idealne \u017ar\u00f3d\u0142o dla genealog\u00f3w i mi\u0142o\u015bnik\u00f3w lokalnej historii. Sprawd\u017a szczeg\u00f3\u0142y!\",\"breadcrumb\":{\"@id\":\"https:\\\/\\\/jzi.org.pl\\\/produkt\\\/spis-domow-sokolka-1831\\\/#breadcrumb\"},\"inLanguage\":\"en-US\",\"potentialAction\":[{\"@type\":\"ReadAction\",\"target\":[\"https:\\\/\\\/jzi.org.pl\\\/produkt\\\/spis-domow-sokolka-1831\\\/\"]}]},{\"@type\":\"ImageObject\",\"inLanguage\":\"en-US\",\"@id\":\"https:\\\/\\\/jzi.org.pl\\\/produkt\\\/spis-domow-sokolka-1831\\\/#primaryimage\",\"url\":\"https:\\\/\\\/jzi.org.pl\\\/wp-content\\\/uploads\\\/2024\\\/11\\\/sokolka-1831-0-scaled.jpg\",\"contentUrl\":\"https:\\\/\\\/jzi.org.pl\\\/wp-content\\\/uploads\\\/2024\\\/11\\\/sokolka-1831-0-scaled.jpg\",\"width\":1828,\"height\":2560},{\"@type\":\"BreadcrumbList\",\"@id\":\"https:\\\/\\\/jzi.org.pl\\\/produkt\\\/spis-domow-sokolka-1831\\\/#breadcrumb\",\"itemListElement\":[{\"@type\":\"ListItem\",\"position\":1,\"name\":\"Strona g\u0142\u00f3wna\",\"item\":\"https:\\\/\\\/jzi.org.pl\\\/\"},{\"@type\":\"ListItem\",\"position\":2,\"name\":\"Sklep\",\"item\":\"https:\\\/\\\/jzi.org.pl\\\/sklep\\\/\"},{\"@type\":\"ListItem\",\"position\":3,\"name\":\"Spis dom\u00f3w w mie\u015bcie Sok\u00f3\u0142ka po\u0142o\u017conych z podzia\u0142em na trzy cz\u0119\u015bci \u2013 1831\"}]},{\"@type\":\"WebSite\",\"@id\":\"https:\\\/\\\/jzi.org.pl\\\/#website\",\"url\":\"https:\\\/\\\/jzi.org.pl\\\/\",\"name\":\"Jami\u0144ski Zesp\u00f3\u0142 Indeksacyjny\",\"description\":\"\",\"publisher\":{\"@id\":\"https:\\\/\\\/jzi.org.pl\\\/#organization\"},\"potentialAction\":[{\"@type\":\"SearchAction\",\"target\":{\"@type\":\"EntryPoint\",\"urlTemplate\":\"https:\\\/\\\/jzi.org.pl\\\/?s={search_term_string}\"},\"query-input\":{\"@type\":\"PropertyValueSpecification\",\"valueRequired\":true,\"valueName\":\"search_term_string\"}}],\"inLanguage\":\"en-US\"},{\"@type\":\"Organization\",\"@id\":\"https:\\\/\\\/jzi.org.pl\\\/#organization\",\"name\":\"Jami\u0144ski Zesp\u00f3\u0142 Indeksacyjny\",\"url\":\"https:\\\/\\\/jzi.org.pl\\\/\",\"logo\":{\"@type\":\"ImageObject\",\"inLanguage\":\"en-US\",\"@id\":\"https:\\\/\\\/jzi.org.pl\\\/#\\\/schema\\\/logo\\\/image\\\/\",\"url\":\"https:\\\/\\\/jzi.org.pl\\\/wp-content\\\/uploads\\\/2019\\\/03\\\/logo-stowarzyszenie-jzi.png\",\"contentUrl\":\"https:\\\/\\\/jzi.org.pl\\\/wp-content\\\/uploads\\\/2019\\\/03\\\/logo-stowarzyszenie-jzi.png\",\"width\":931,\"height\":990,\"caption\":\"Jami\u0144ski Zesp\u00f3\u0142 Indeksacyjny\"},\"image\":{\"@id\":\"https:\\\/\\\/jzi.org.pl\\\/#\\\/schema\\\/logo\\\/image\\\/\"},\"sameAs\":[\"https:\\\/\\\/www.facebook.com\\\/Jaminski.Zespol.Indeksacyjny\\\/\"]}]}<\/script>\n<!-- \/ Yoast SEO plugin. -->","yoast_head_json":{"title":"Spis dom\u00f3w Sok\u00f3\u0142ki 1831 - Unikalny Dokument Historyczny - Jami\u0144ski Zesp\u00f3\u0142 Indeksacyjny","description":"Poznaj fascynuj\u0105cy dokument \"Spis dom\u00f3w Sok\u00f3\u0142ki 1831\". Odkryj histori\u0119 Sok\u00f3\u0142ki z pocz\u0105tku XIX wieku \u2013 unikalne dane o mieszka\u0144cach i zabudowie miasta. Idealne \u017ar\u00f3d\u0142o dla genealog\u00f3w i mi\u0142o\u015bnik\u00f3w lokalnej historii. Sprawd\u017a szczeg\u00f3\u0142y!","robots":{"index":"index","follow":"follow","max-snippet":"max-snippet:-1","max-image-preview":"max-image-preview:large","max-video-preview":"max-video-preview:-1"},"canonical":"https:\/\/jzi.org.pl\/en\/product\/spis-domow-sokolka-1831\/","og_locale":"en_US","og_type":"article","og_title":"\ud83d\udcdc Spis dom\u00f3w Sok\u00f3\u0142ki z 1831 roku \u2013 odkryj histori\u0119 miasta!","og_description":"Zanurz si\u0119 w historii Sok\u00f3\u0142ki! \ud83c\udfe0 \"Spis dom\u00f3w Sok\u00f3\u0142ki 1831\" to niezwyk\u0142y dokument, kt\u00f3ry przybli\u017ca \u017cycie miasta sprzed prawie dw\u00f3ch wiek\u00f3w. Idealny dla genealog\u00f3w, pasjonat\u00f3w lokalnych dziej\u00f3w i mi\u0142o\u015bnik\u00f3w historii. Sprawd\u017a szczeg\u00f3\u0142y na JZI.org.pl! \ud83c\udf1f #Historia #Genealogia #Sok\u00f3\u0142ka","og_url":"https:\/\/jzi.org.pl\/en\/product\/spis-domow-sokolka-1831\/","og_site_name":"Jami\u0144ski Zesp\u00f3\u0142 Indeksacyjny","article_publisher":"https:\/\/www.facebook.com\/Jaminski.Zespol.Indeksacyjny\/","article_modified_time":"2026-04-05T17:08:44+00:00","og_image":[{"width":1828,"height":2560,"url":"https:\/\/jzi.org.pl\/wp-content\/uploads\/2024\/11\/sokolka-1831-0-scaled.jpg","type":"image\/jpeg"}],"twitter_card":"summary_large_image","twitter_misc":{"Est. reading time":"4 minutes"},"schema":{"@context":"https:\/\/schema.org","@graph":[{"@type":"WebPage","@id":"https:\/\/jzi.org.pl\/produkt\/spis-domow-sokolka-1831\/","url":"https:\/\/jzi.org.pl\/produkt\/spis-domow-sokolka-1831\/","name":"Spis dom\u00f3w Sok\u00f3\u0142ki 1831 - Unikalny Dokument Historyczny - Jami\u0144ski Zesp\u00f3\u0142 Indeksacyjny","isPartOf":{"@id":"https:\/\/jzi.org.pl\/#website"},"primaryImageOfPage":{"@id":"https:\/\/jzi.org.pl\/produkt\/spis-domow-sokolka-1831\/#primaryimage"},"image":{"@id":"https:\/\/jzi.org.pl\/produkt\/spis-domow-sokolka-1831\/#primaryimage"},"thumbnailUrl":"https:\/\/jzi.org.pl\/wp-content\/uploads\/2024\/11\/sokolka-1831-0-scaled.jpg","datePublished":"2024-11-06T11:26:05+00:00","dateModified":"2026-04-05T17:08:44+00:00","description":"Poznaj fascynuj\u0105cy dokument \"Spis dom\u00f3w Sok\u00f3\u0142ki 1831\". Odkryj histori\u0119 Sok\u00f3\u0142ki z pocz\u0105tku XIX wieku \u2013 unikalne dane o mieszka\u0144cach i zabudowie miasta. Idealne \u017ar\u00f3d\u0142o dla genealog\u00f3w i mi\u0142o\u015bnik\u00f3w lokalnej historii. Sprawd\u017a szczeg\u00f3\u0142y!","breadcrumb":{"@id":"https:\/\/jzi.org.pl\/produkt\/spis-domow-sokolka-1831\/#breadcrumb"},"inLanguage":"en-US","potentialAction":[{"@type":"ReadAction","target":["https:\/\/jzi.org.pl\/produkt\/spis-domow-sokolka-1831\/"]}]},{"@type":"ImageObject","inLanguage":"en-US","@id":"https:\/\/jzi.org.pl\/produkt\/spis-domow-sokolka-1831\/#primaryimage","url":"https:\/\/jzi.org.pl\/wp-content\/uploads\/2024\/11\/sokolka-1831-0-scaled.jpg","contentUrl":"https:\/\/jzi.org.pl\/wp-content\/uploads\/2024\/11\/sokolka-1831-0-scaled.jpg","width":1828,"height":2560},{"@type":"BreadcrumbList","@id":"https:\/\/jzi.org.pl\/produkt\/spis-domow-sokolka-1831\/#breadcrumb","itemListElement":[{"@type":"ListItem","position":1,"name":"Strona g\u0142\u00f3wna","item":"https:\/\/jzi.org.pl\/"},{"@type":"ListItem","position":2,"name":"Sklep","item":"https:\/\/jzi.org.pl\/sklep\/"},{"@type":"ListItem","position":3,"name":"Spis dom\u00f3w w mie\u015bcie Sok\u00f3\u0142ka po\u0142o\u017conych z podzia\u0142em na trzy cz\u0119\u015bci \u2013 1831"}]},{"@type":"WebSite","@id":"https:\/\/jzi.org.pl\/#website","url":"https:\/\/jzi.org.pl\/","name":"Jaminy Indexing Team","description":"","publisher":{"@id":"https:\/\/jzi.org.pl\/#organization"},"potentialAction":[{"@type":"SearchAction","target":{"@type":"EntryPoint","urlTemplate":"https:\/\/jzi.org.pl\/?s={search_term_string}"},"query-input":{"@type":"PropertyValueSpecification","valueRequired":true,"valueName":"search_term_string"}}],"inLanguage":"en-US"},{"@type":"Organization","@id":"https:\/\/jzi.org.pl\/#organization","name":"Jaminy Indexing Team","url":"https:\/\/jzi.org.pl\/","logo":{"@type":"ImageObject","inLanguage":"en-US","@id":"https:\/\/jzi.org.pl\/#\/schema\/logo\/image\/","url":"https:\/\/jzi.org.pl\/wp-content\/uploads\/2019\/03\/logo-stowarzyszenie-jzi.png","contentUrl":"https:\/\/jzi.org.pl\/wp-content\/uploads\/2019\/03\/logo-stowarzyszenie-jzi.png","width":931,"height":990,"caption":"Jami\u0144ski Zesp\u00f3\u0142 Indeksacyjny"},"image":{"@id":"https:\/\/jzi.org.pl\/#\/schema\/logo\/image\/"},"sameAs":["https:\/\/www.facebook.com\/Jaminski.Zespol.Indeksacyjny\/"]}]}},"jetpack_likes_enabled":true,"jetpack_sharing_enabled":true,"_links":{"self":[{"href":"https:\/\/jzi.org.pl\/en\/wp-json\/wp\/v2\/product\/26850","targetHints":{"allow":["GET"]}}],"collection":[{"href":"https:\/\/jzi.org.pl\/en\/wp-json\/wp\/v2\/product"}],"about":[{"href":"https:\/\/jzi.org.pl\/en\/wp-json\/wp\/v2\/types\/product"}],"author":[{"embeddable":true,"href":"https:\/\/jzi.org.pl\/en\/wp-json\/wp\/v2\/users\/1"}],"replies":[{"embeddable":true,"href":"https:\/\/jzi.org.pl\/en\/wp-json\/wp\/v2\/comments?post=26850"}],"wp:featuredmedia":[{"embeddable":true,"href":"https:\/\/jzi.org.pl\/en\/wp-json\/wp\/v2\/media\/26851"}],"wp:attachment":[{"href":"https:\/\/jzi.org.pl\/en\/wp-json\/wp\/v2\/media?parent=26850"}],"wp:term":[{"taxonomy":"product_brand","embeddable":true,"href":"https:\/\/jzi.org.pl\/en\/wp-json\/wp\/v2\/product_brand?post=26850"},{"taxonomy":"product_cat","embeddable":true,"href":"https:\/\/jzi.org.pl\/en\/wp-json\/wp\/v2\/product_cat?post=26850"},{"taxonomy":"product_tag","embeddable":true,"href":"https:\/\/jzi.org.pl\/en\/wp-json\/wp\/v2\/product_tag?post=26850"}],"curies":[{"name":"wp","href":"https:\/\/api.w.org\/{rel}","templated":true}]}}