{"id":25475,"date":"2024-03-01T13:23:15","date_gmt":"2024-03-01T12:23:15","guid":{"rendered":"https:\/\/jzi.org.pl\/?post_type=product&#038;p=25475"},"modified":"2026-01-15T19:46:33","modified_gmt":"2026-01-15T18:46:33","slug":"spis-parafialny-dekanatu-dabrowskiego-1926-rok-komplet","status":"publish","type":"product","link":"https:\/\/jzi.org.pl\/en\/product\/spis-parafialny-dekanatu-dabrowskiego-1926-rok-komplet\/","title":{"rendered":"Spis parafialny dekanatu d\u0105browskiego 1926 rok (komplet)"},"content":{"rendered":"<div id=\"pl-25475\"  class=\"panel-layout\" ><div id=\"pg-25475-0\"  class=\"panel-grid panel-no-style\" ><div id=\"pgc-25475-0-0\"  class=\"panel-grid-cell\" ><div id=\"panel-25475-0-0-0\" class=\"so-panel widget widget_sow-editor panel-first-child panel-last-child\" data-index=\"0\" ><div\n\t\t\t\n\t\t\tclass=\"so-widget-sow-editor so-widget-sow-editor-base\"\n\t\t\t\n\t\t>\n<div class=\"siteorigin-widget-tinymce textwidget\">\n\t<p>Komplet Spis\u00f3w parafialnych dekanatu d\u0105browskiego z 1926 r.\u00a0 w promocyjnej cenie.<\/p>\n<p>We also sell each item separately.<\/p>\n<\/div>\n<\/div><\/div><\/div><\/div><div id=\"pg-25475-1\"  class=\"panel-grid panel-no-style\" ><div id=\"pgc-25475-1-0\"  class=\"panel-grid-cell\" ><div id=\"panel-25475-1-0-0\" class=\"so-panel widget widget_sow-image panel-first-child\" data-index=\"1\" ><div\n\t\t\t\n\t\t\tclass=\"so-widget-sow-image so-widget-sow-image-default-8b5b6f678277-25475\"\n\t\t\t\n\t\t>\n<div class=\"sow-image-container\">\n\t\t\t<a href=\"https:\/\/jzi.org.pl\/en\/product\/ksiega-spisu-rozanystok-1926\/\"\n\t\t\t\t\t>\n\t\t\t<img \n\tsrc=\"https:\/\/jzi.org.pl\/wp-content\/uploads\/2023\/11\/rozanystok-0-324x432.jpg\" width=\"324\" height=\"432\" srcset=\"https:\/\/jzi.org.pl\/wp-content\/uploads\/2023\/11\/rozanystok-0-324x432.jpg 324w, https:\/\/jzi.org.pl\/wp-content\/uploads\/2023\/11\/rozanystok-0-9x12.jpg 9w\" sizes=\"(max-width: 324px) 100vw, 324px\" title=\"R\u00f3\u017canystok 1926\" alt=\"R\u00f3\u017canystok 1926\" \t\tclass=\"so-widget-image\"\/>\n\t\t\t<\/a><\/div>\n\n<\/div><\/div><div id=\"panel-25475-1-0-1\" class=\"so-panel widget widget_sow-image panel-last-child\" data-index=\"2\" ><div\n\t\t\t\n\t\t\tclass=\"so-widget-sow-image so-widget-sow-image-default-8b5b6f678277-25475\"\n\t\t\t\n\t\t>\n<div class=\"sow-image-container\">\n\t\t\t<a href=\"https:\/\/jzi.org.pl\/en\/product\/spis-parafian-dabrowa-1926\/\"\n\t\t\t\t\t>\n\t\t\t<img \n\tsrc=\"https:\/\/jzi.org.pl\/wp-content\/uploads\/2024\/07\/dabrowa-1926-0-324x432.jpg\" width=\"324\" height=\"432\" srcset=\"https:\/\/jzi.org.pl\/wp-content\/uploads\/2024\/07\/dabrowa-1926-0-324x432.jpg 324w, https:\/\/jzi.org.pl\/wp-content\/uploads\/2024\/07\/dabrowa-1926-0-9x12.jpg 9w\" sizes=\"(max-width: 324px) 100vw, 324px\" title=\"D\u0105browa1926\" alt=\"D\u0105browa1926\" \t\tclass=\"so-widget-image\"\/>\n\t\t\t<\/a><\/div>\n\n<\/div><\/div><\/div><div id=\"pgc-25475-1-1\"  class=\"panel-grid-cell\" ><div id=\"panel-25475-1-1-0\" class=\"so-panel widget widget_sow-image panel-first-child\" data-index=\"3\" ><div\n\t\t\t\n\t\t\tclass=\"so-widget-sow-image so-widget-sow-image-default-8b5b6f678277-25475\"\n\t\t\t\n\t\t>\n<div class=\"sow-image-container\">\n\t\t\t<a href=\"https:\/\/jzi.org.pl\/en\/product\/ksiega-spisu-nowy-dwor-1926\/\"\n\t\t\t\t\t>\n\t\t\t<img \n\tsrc=\"https:\/\/jzi.org.pl\/wp-content\/uploads\/2024\/02\/nowy-dwor-0-324x432.jpg\" width=\"324\" height=\"432\" srcset=\"https:\/\/jzi.org.pl\/wp-content\/uploads\/2024\/02\/nowy-dwor-0-324x432.jpg 324w, https:\/\/jzi.org.pl\/wp-content\/uploads\/2024\/02\/nowy-dwor-0-8x12.jpg 8w\" sizes=\"(max-width: 324px) 100vw, 324px\" title=\"Nowy Dw\u00f3r 1926\" alt=\"Nowy Dw\u00f3r 1926\" \t\tclass=\"so-widget-image\"\/>\n\t\t\t<\/a><\/div>\n\n<\/div><\/div><div id=\"panel-25475-1-1-1\" class=\"so-panel widget widget_sow-image panel-last-child\" data-index=\"4\" ><div\n\t\t\t\n\t\t\tclass=\"so-widget-sow-image so-widget-sow-image-default-8b5b6f678277-25475\"\n\t\t\t\n\t\t>\n<div class=\"sow-image-container\">\n\t\t\t<a href=\"https:\/\/jzi.org.pl\/en\/product\/spis-parafian-zalesie-1926\/\"\n\t\t\t\t\t>\n\t\t\t<img \n\tsrc=\"https:\/\/jzi.org.pl\/wp-content\/uploads\/2024\/08\/zalesie-1926-0-324x432.jpg\" width=\"324\" height=\"432\" srcset=\"https:\/\/jzi.org.pl\/wp-content\/uploads\/2024\/08\/zalesie-1926-0-324x432.jpg 324w, https:\/\/jzi.org.pl\/wp-content\/uploads\/2024\/08\/zalesie-1926-0-9x12.jpg 9w\" sizes=\"(max-width: 324px) 100vw, 324px\" title=\"Zalesie 1926\" alt=\"Zalesie 1926\" \t\tclass=\"so-widget-image\"\/>\n\t\t\t<\/a><\/div>\n\n<\/div><\/div><\/div><div id=\"pgc-25475-1-2\"  class=\"panel-grid-cell\" ><div id=\"panel-25475-1-2-0\" class=\"so-panel widget widget_sow-image panel-first-child\" data-index=\"5\" ><div\n\t\t\t\n\t\t\tclass=\"so-widget-sow-image so-widget-sow-image-default-8b5b6f678277-25475\"\n\t\t\t\n\t\t>\n<div class=\"sow-image-container\">\n\t\t\t<a href=\"https:\/\/jzi.org.pl\/en\/product\/ksiega-spisu-suchowola-1926\/\"\n\t\t\t\t\t>\n\t\t\t<img \n\tsrc=\"https:\/\/jzi.org.pl\/wp-content\/uploads\/2024\/05\/suchowola-0-324x432.jpg\" width=\"324\" height=\"432\" srcset=\"https:\/\/jzi.org.pl\/wp-content\/uploads\/2024\/05\/suchowola-0-324x432.jpg 324w, https:\/\/jzi.org.pl\/wp-content\/uploads\/2024\/05\/suchowola-0-9x12.jpg 9w\" sizes=\"(max-width: 324px) 100vw, 324px\" title=\"Suchowola 1926\" alt=\"Suchowola 1926\" \t\tclass=\"so-widget-image\"\/>\n\t\t\t<\/a><\/div>\n\n<\/div><\/div><div id=\"panel-25475-1-2-1\" class=\"so-panel widget widget_sow-image panel-last-child\" data-index=\"6\" ><div\n\t\t\t\n\t\t\tclass=\"so-widget-sow-image so-widget-sow-image-default-8b5b6f678277-25475\"\n\t\t\t\n\t\t>\n<div class=\"sow-image-container\">\n\t\t\t<a href=\"https:\/\/jzi.org.pl\/en\/product\/spis-parafian-sidra-1926\/\"\n\t\t\t\t\t>\n\t\t\t<img \n\tsrc=\"https:\/\/jzi.org.pl\/wp-content\/uploads\/2024\/09\/sidra-1926-0-324x432.jpg\" width=\"324\" height=\"432\" srcset=\"https:\/\/jzi.org.pl\/wp-content\/uploads\/2024\/09\/sidra-1926-0-324x432.jpg 324w, https:\/\/jzi.org.pl\/wp-content\/uploads\/2024\/09\/sidra-1926-0-8x12.jpg 8w\" sizes=\"(max-width: 324px) 100vw, 324px\" title=\"Sidra 1926\" alt=\"Sidra 1926\" \t\tclass=\"so-widget-image\"\/>\n\t\t\t<\/a><\/div>\n\n<\/div><\/div><\/div><\/div><\/div>","protected":false},"excerpt":{"rendered":"<p>Komplet Spis\u00f3w parafialnych dekanatu d\u0105browskiego z 1926 r.\u00a0 w promocyjnej cenie. Sprzedajemy r\u00f3wnie\u017c ka\u017cd\u0105 pozycj\u0119 osobno.<\/p>","protected":false},"author":1,"featured_media":26686,"comment_status":"open","ping_status":"closed","template":"","meta":{"h5ap_radio_sources":[],"jetpack_post_was_ever_published":false},"product_brand":[],"product_cat":[339,272,392],"product_tag":[390,389],"class_list":{"0":"post-25475","1":"product","2":"type-product","3":"status-publish","4":"has-post-thumbnail","6":"product_cat-komplety","7":"product_cat-ksiazki","8":"product_cat-spis-dabrowa-1926","9":"product_tag-nowy-dwor","10":"product_tag-rozanystok","12":"first","13":"instock","14":"sale","15":"taxable","16":"shipping-taxable","17":"purchasable","18":"product-type-woosb"},"supplier_id":null,"supplier_sku":"","barcode":null,"atum_controlled":true,"out_stock_date":null,"out_stock_threshold":null,"inheritable":false,"inbound_stock":null,"stock_on_hold":0,"sold_today":0,"sales_last_days":0,"reserved_stock":null,"customer_returns":null,"warehouse_damage":null,"lost_in_post":null,"other_logs":null,"out_stock_days":0,"lost_sales":0,"has_location":false,"update_date":"2026-04-13T00:05:43","atum_locations":[],"atum_stock_status":"outofstock","restock_status":false,"low_stock_amount":0,"sales_update_date":"2026-04-13T00:05:43","calc_backorders":null,"yoast_head":"<!-- This site is optimized with the Yoast SEO plugin v27.3 - https:\/\/yoast.com\/product\/yoast-seo-wordpress\/ -->\n<title>Spis parafialny dekanatu d\u0105browskiego 1926 rok (komplet) - Jami\u0144ski Zesp\u00f3\u0142 Indeksacyjny<\/title>\n<meta name=\"description\" content=\"Komplet wspomnie\u0144 wojennych z serii &quot;Ocali\u0107 od zapomnienia&quot; w promocyjnej cenie.\" \/>\n<meta name=\"robots\" content=\"index, follow, max-snippet:-1, max-image-preview:large, max-video-preview:-1\" \/>\n<link rel=\"canonical\" href=\"https:\/\/jzi.org.pl\/en\/product\/spis-parafialny-dekanatu-dabrowskiego-1926-rok-komplet\/\" \/>\n<meta property=\"og:locale\" content=\"en_US\" \/>\n<meta property=\"og:type\" content=\"article\" \/>\n<meta property=\"og:title\" content=\"Spis parafian dekanatu d\u0105browskiego 1926 (komplet)\" \/>\n<meta property=\"og:description\" content=\"Komplet spis\u00f3w parafian dekanatu d\u0105browskiego 1926 w promocyjnej cenie.\" \/>\n<meta property=\"og:url\" content=\"https:\/\/jzi.org.pl\/en\/product\/spis-parafialny-dekanatu-dabrowskiego-1926-rok-komplet\/\" \/>\n<meta property=\"og:site_name\" content=\"Jami\u0144ski Zesp\u00f3\u0142 Indeksacyjny\" \/>\n<meta property=\"article:publisher\" content=\"https:\/\/www.facebook.com\/Jaminski.Zespol.Indeksacyjny\/\" \/>\n<meta property=\"article:modified_time\" content=\"2026-01-15T18:46:33+00:00\" \/>\n<meta property=\"og:image\" content=\"https:\/\/jzi.org.pl\/wp-content\/uploads\/2024\/03\/spis-dabrowa-1926-6-scaled.jpg\" \/>\n\t<meta property=\"og:image:width\" content=\"1982\" \/>\n\t<meta property=\"og:image:height\" content=\"2560\" \/>\n\t<meta property=\"og:image:type\" content=\"image\/jpeg\" \/>\n<meta name=\"twitter:card\" content=\"summary_large_image\" \/>\n<meta name=\"twitter:label1\" content=\"Est. reading time\" \/>\n\t<meta name=\"twitter:data1\" content=\"1 minute\" \/>\n<script type=\"application\/ld+json\" class=\"yoast-schema-graph\">{\"@context\":\"https:\\\/\\\/schema.org\",\"@graph\":[{\"@type\":\"WebPage\",\"@id\":\"https:\\\/\\\/jzi.org.pl\\\/produkt\\\/spis-parafialny-dekanatu-dabrowskiego-1926-rok-komplet\\\/\",\"url\":\"https:\\\/\\\/jzi.org.pl\\\/produkt\\\/spis-parafialny-dekanatu-dabrowskiego-1926-rok-komplet\\\/\",\"name\":\"Spis parafialny dekanatu d\u0105browskiego 1926 rok (komplet) - Jami\u0144ski Zesp\u00f3\u0142 Indeksacyjny\",\"isPartOf\":{\"@id\":\"https:\\\/\\\/jzi.org.pl\\\/#website\"},\"primaryImageOfPage\":{\"@id\":\"https:\\\/\\\/jzi.org.pl\\\/produkt\\\/spis-parafialny-dekanatu-dabrowskiego-1926-rok-komplet\\\/#primaryimage\"},\"image\":{\"@id\":\"https:\\\/\\\/jzi.org.pl\\\/produkt\\\/spis-parafialny-dekanatu-dabrowskiego-1926-rok-komplet\\\/#primaryimage\"},\"thumbnailUrl\":\"https:\\\/\\\/jzi.org.pl\\\/wp-content\\\/uploads\\\/2024\\\/03\\\/spis-dabrowa-1926-6-scaled.jpg\",\"datePublished\":\"2024-03-01T12:23:15+00:00\",\"dateModified\":\"2026-01-15T18:46:33+00:00\",\"description\":\"Komplet wspomnie\u0144 wojennych z serii \\\"Ocali\u0107 od zapomnienia\\\" w promocyjnej cenie.\",\"breadcrumb\":{\"@id\":\"https:\\\/\\\/jzi.org.pl\\\/produkt\\\/spis-parafialny-dekanatu-dabrowskiego-1926-rok-komplet\\\/#breadcrumb\"},\"inLanguage\":\"en-US\",\"potentialAction\":[{\"@type\":\"ReadAction\",\"target\":[\"https:\\\/\\\/jzi.org.pl\\\/produkt\\\/spis-parafialny-dekanatu-dabrowskiego-1926-rok-komplet\\\/\"]}]},{\"@type\":\"ImageObject\",\"inLanguage\":\"en-US\",\"@id\":\"https:\\\/\\\/jzi.org.pl\\\/produkt\\\/spis-parafialny-dekanatu-dabrowskiego-1926-rok-komplet\\\/#primaryimage\",\"url\":\"https:\\\/\\\/jzi.org.pl\\\/wp-content\\\/uploads\\\/2024\\\/03\\\/spis-dabrowa-1926-6-scaled.jpg\",\"contentUrl\":\"https:\\\/\\\/jzi.org.pl\\\/wp-content\\\/uploads\\\/2024\\\/03\\\/spis-dabrowa-1926-6-scaled.jpg\",\"width\":1982,\"height\":2560},{\"@type\":\"BreadcrumbList\",\"@id\":\"https:\\\/\\\/jzi.org.pl\\\/produkt\\\/spis-parafialny-dekanatu-dabrowskiego-1926-rok-komplet\\\/#breadcrumb\",\"itemListElement\":[{\"@type\":\"ListItem\",\"position\":1,\"name\":\"Strona g\u0142\u00f3wna\",\"item\":\"https:\\\/\\\/jzi.org.pl\\\/\"},{\"@type\":\"ListItem\",\"position\":2,\"name\":\"Sklep\",\"item\":\"https:\\\/\\\/jzi.org.pl\\\/sklep\\\/\"},{\"@type\":\"ListItem\",\"position\":3,\"name\":\"Spis parafialny dekanatu d\u0105browskiego 1926 rok (komplet)\"}]},{\"@type\":\"WebSite\",\"@id\":\"https:\\\/\\\/jzi.org.pl\\\/#website\",\"url\":\"https:\\\/\\\/jzi.org.pl\\\/\",\"name\":\"Jami\u0144ski Zesp\u00f3\u0142 Indeksacyjny\",\"description\":\"\",\"publisher\":{\"@id\":\"https:\\\/\\\/jzi.org.pl\\\/#organization\"},\"potentialAction\":[{\"@type\":\"SearchAction\",\"target\":{\"@type\":\"EntryPoint\",\"urlTemplate\":\"https:\\\/\\\/jzi.org.pl\\\/?s={search_term_string}\"},\"query-input\":{\"@type\":\"PropertyValueSpecification\",\"valueRequired\":true,\"valueName\":\"search_term_string\"}}],\"inLanguage\":\"en-US\"},{\"@type\":\"Organization\",\"@id\":\"https:\\\/\\\/jzi.org.pl\\\/#organization\",\"name\":\"Jami\u0144ski Zesp\u00f3\u0142 Indeksacyjny\",\"url\":\"https:\\\/\\\/jzi.org.pl\\\/\",\"logo\":{\"@type\":\"ImageObject\",\"inLanguage\":\"en-US\",\"@id\":\"https:\\\/\\\/jzi.org.pl\\\/#\\\/schema\\\/logo\\\/image\\\/\",\"url\":\"https:\\\/\\\/jzi.org.pl\\\/wp-content\\\/uploads\\\/2019\\\/03\\\/logo-stowarzyszenie-jzi.png\",\"contentUrl\":\"https:\\\/\\\/jzi.org.pl\\\/wp-content\\\/uploads\\\/2019\\\/03\\\/logo-stowarzyszenie-jzi.png\",\"width\":931,\"height\":990,\"caption\":\"Jami\u0144ski Zesp\u00f3\u0142 Indeksacyjny\"},\"image\":{\"@id\":\"https:\\\/\\\/jzi.org.pl\\\/#\\\/schema\\\/logo\\\/image\\\/\"},\"sameAs\":[\"https:\\\/\\\/www.facebook.com\\\/Jaminski.Zespol.Indeksacyjny\\\/\"]}]}<\/script>\n<!-- \/ Yoast SEO plugin. -->","yoast_head_json":{"title":"Spis parafialny dekanatu d\u0105browskiego 1926 rok (komplet) - Jami\u0144ski Zesp\u00f3\u0142 Indeksacyjny","description":"Komplet wspomnie\u0144 wojennych z serii \"Ocali\u0107 od zapomnienia\" w promocyjnej cenie.","robots":{"index":"index","follow":"follow","max-snippet":"max-snippet:-1","max-image-preview":"max-image-preview:large","max-video-preview":"max-video-preview:-1"},"canonical":"https:\/\/jzi.org.pl\/en\/product\/spis-parafialny-dekanatu-dabrowskiego-1926-rok-komplet\/","og_locale":"en_US","og_type":"article","og_title":"Spis parafian dekanatu d\u0105browskiego 1926 (komplet)","og_description":"Komplet spis\u00f3w parafian dekanatu d\u0105browskiego 1926 w promocyjnej cenie.","og_url":"https:\/\/jzi.org.pl\/en\/product\/spis-parafialny-dekanatu-dabrowskiego-1926-rok-komplet\/","og_site_name":"Jami\u0144ski Zesp\u00f3\u0142 Indeksacyjny","article_publisher":"https:\/\/www.facebook.com\/Jaminski.Zespol.Indeksacyjny\/","article_modified_time":"2026-01-15T18:46:33+00:00","og_image":[{"width":1982,"height":2560,"url":"https:\/\/jzi.org.pl\/wp-content\/uploads\/2024\/03\/spis-dabrowa-1926-6-scaled.jpg","type":"image\/jpeg"}],"twitter_card":"summary_large_image","twitter_misc":{"Est. reading time":"1 minute"},"schema":{"@context":"https:\/\/schema.org","@graph":[{"@type":"WebPage","@id":"https:\/\/jzi.org.pl\/produkt\/spis-parafialny-dekanatu-dabrowskiego-1926-rok-komplet\/","url":"https:\/\/jzi.org.pl\/produkt\/spis-parafialny-dekanatu-dabrowskiego-1926-rok-komplet\/","name":"Spis parafialny dekanatu d\u0105browskiego 1926 rok (komplet) - Jami\u0144ski Zesp\u00f3\u0142 Indeksacyjny","isPartOf":{"@id":"https:\/\/jzi.org.pl\/#website"},"primaryImageOfPage":{"@id":"https:\/\/jzi.org.pl\/produkt\/spis-parafialny-dekanatu-dabrowskiego-1926-rok-komplet\/#primaryimage"},"image":{"@id":"https:\/\/jzi.org.pl\/produkt\/spis-parafialny-dekanatu-dabrowskiego-1926-rok-komplet\/#primaryimage"},"thumbnailUrl":"https:\/\/jzi.org.pl\/wp-content\/uploads\/2024\/03\/spis-dabrowa-1926-6-scaled.jpg","datePublished":"2024-03-01T12:23:15+00:00","dateModified":"2026-01-15T18:46:33+00:00","description":"Komplet wspomnie\u0144 wojennych z serii \"Ocali\u0107 od zapomnienia\" w promocyjnej cenie.","breadcrumb":{"@id":"https:\/\/jzi.org.pl\/produkt\/spis-parafialny-dekanatu-dabrowskiego-1926-rok-komplet\/#breadcrumb"},"inLanguage":"en-US","potentialAction":[{"@type":"ReadAction","target":["https:\/\/jzi.org.pl\/produkt\/spis-parafialny-dekanatu-dabrowskiego-1926-rok-komplet\/"]}]},{"@type":"ImageObject","inLanguage":"en-US","@id":"https:\/\/jzi.org.pl\/produkt\/spis-parafialny-dekanatu-dabrowskiego-1926-rok-komplet\/#primaryimage","url":"https:\/\/jzi.org.pl\/wp-content\/uploads\/2024\/03\/spis-dabrowa-1926-6-scaled.jpg","contentUrl":"https:\/\/jzi.org.pl\/wp-content\/uploads\/2024\/03\/spis-dabrowa-1926-6-scaled.jpg","width":1982,"height":2560},{"@type":"BreadcrumbList","@id":"https:\/\/jzi.org.pl\/produkt\/spis-parafialny-dekanatu-dabrowskiego-1926-rok-komplet\/#breadcrumb","itemListElement":[{"@type":"ListItem","position":1,"name":"Strona g\u0142\u00f3wna","item":"https:\/\/jzi.org.pl\/"},{"@type":"ListItem","position":2,"name":"Sklep","item":"https:\/\/jzi.org.pl\/sklep\/"},{"@type":"ListItem","position":3,"name":"Spis parafialny dekanatu d\u0105browskiego 1926 rok (komplet)"}]},{"@type":"WebSite","@id":"https:\/\/jzi.org.pl\/#website","url":"https:\/\/jzi.org.pl\/","name":"Jaminy Indexing Team","description":"","publisher":{"@id":"https:\/\/jzi.org.pl\/#organization"},"potentialAction":[{"@type":"SearchAction","target":{"@type":"EntryPoint","urlTemplate":"https:\/\/jzi.org.pl\/?s={search_term_string}"},"query-input":{"@type":"PropertyValueSpecification","valueRequired":true,"valueName":"search_term_string"}}],"inLanguage":"en-US"},{"@type":"Organization","@id":"https:\/\/jzi.org.pl\/#organization","name":"Jaminy Indexing Team","url":"https:\/\/jzi.org.pl\/","logo":{"@type":"ImageObject","inLanguage":"en-US","@id":"https:\/\/jzi.org.pl\/#\/schema\/logo\/image\/","url":"https:\/\/jzi.org.pl\/wp-content\/uploads\/2019\/03\/logo-stowarzyszenie-jzi.png","contentUrl":"https:\/\/jzi.org.pl\/wp-content\/uploads\/2019\/03\/logo-stowarzyszenie-jzi.png","width":931,"height":990,"caption":"Jami\u0144ski Zesp\u00f3\u0142 Indeksacyjny"},"image":{"@id":"https:\/\/jzi.org.pl\/#\/schema\/logo\/image\/"},"sameAs":["https:\/\/www.facebook.com\/Jaminski.Zespol.Indeksacyjny\/"]}]}},"jetpack_likes_enabled":true,"jetpack_sharing_enabled":true,"_links":{"self":[{"href":"https:\/\/jzi.org.pl\/en\/wp-json\/wp\/v2\/product\/25475","targetHints":{"allow":["GET"]}}],"collection":[{"href":"https:\/\/jzi.org.pl\/en\/wp-json\/wp\/v2\/product"}],"about":[{"href":"https:\/\/jzi.org.pl\/en\/wp-json\/wp\/v2\/types\/product"}],"author":[{"embeddable":true,"href":"https:\/\/jzi.org.pl\/en\/wp-json\/wp\/v2\/users\/1"}],"replies":[{"embeddable":true,"href":"https:\/\/jzi.org.pl\/en\/wp-json\/wp\/v2\/comments?post=25475"}],"wp:featuredmedia":[{"embeddable":true,"href":"https:\/\/jzi.org.pl\/en\/wp-json\/wp\/v2\/media\/26686"}],"wp:attachment":[{"href":"https:\/\/jzi.org.pl\/en\/wp-json\/wp\/v2\/media?parent=25475"}],"wp:term":[{"taxonomy":"product_brand","embeddable":true,"href":"https:\/\/jzi.org.pl\/en\/wp-json\/wp\/v2\/product_brand?post=25475"},{"taxonomy":"product_cat","embeddable":true,"href":"https:\/\/jzi.org.pl\/en\/wp-json\/wp\/v2\/product_cat?post=25475"},{"taxonomy":"product_tag","embeddable":true,"href":"https:\/\/jzi.org.pl\/en\/wp-json\/wp\/v2\/product_tag?post=25475"}],"curies":[{"name":"wp","href":"https:\/\/api.w.org\/{rel}","templated":true}]}}