{"id":24886,"date":"2023-12-05T20:07:56","date_gmt":"2023-12-05T19:07:56","guid":{"rendered":"https:\/\/jzi.org.pl\/?post_type=product&#038;p=24886"},"modified":"2026-01-24T12:31:17","modified_gmt":"2026-01-24T11:31:17","slug":"moj-augustow","status":"publish","type":"product","link":"https:\/\/jzi.org.pl\/en\/product\/moj-augustow\/","title":{"rendered":"M\u00f3j August\u00f3w"},"content":{"rendered":"<div id=\"pl-24886\"  class=\"panel-layout\" ><div id=\"pg-24886-0\"  class=\"panel-grid panel-no-style\" ><div id=\"pgc-24886-0-0\"  class=\"panel-grid-cell\" ><div id=\"panel-24886-0-0-0\" class=\"so-panel widget widget_sow-editor panel-first-child\" data-index=\"0\" ><div\n\t\t\t\n\t\t\tclass=\"so-widget-sow-editor so-widget-sow-editor-base\"\n\t\t\t\n\t\t>\n<div class=\"siteorigin-widget-tinymce textwidget\">\n\t<p>Autor: Bogus\u0142aw Falicki<\/p>\n<p>Ilustracje: Ma\u0142gorzata Zachorowska-Falicka<\/p>\n<p>Edition: 1<\/p>\n<p>ISBN 978-83-967448-8-3<\/p>\n<p>Stron: 100<\/p>\n<p><span>Format: A5 (15x21 cm)<br \/>\n<\/span><\/p>\n<p>Ok\u0142adka:<span> mi\u0119kka<\/span><\/p>\n<\/div>\n<\/div><\/div><div id=\"panel-24886-0-0-1\" class=\"so-panel widget widget_sow-editor\" data-index=\"1\" ><div\n\t\t\t\n\t\t\tclass=\"so-widget-sow-editor so-widget-sow-editor-base\"\n\t\t\t\n\t\t><h3 class=\"widget-title\">More information<\/h3>\n<div class=\"siteorigin-widget-tinymce textwidget\">\n\t<p>Ksi\u0105\u017cka \u201eM\u00f3j August\u00f3w\u201d jest pi\u0119knym wyrazem mi\u0142o\u015bci i przywi\u0105zania do rodzinnego miasta emigranta, kt\u00f3ry nie wyci\u0105\u0142 korzeni i nie zerwa\u0142 wi\u0119zi z ma\u0142\u0105 ojczyzn\u0105. Bogus\u0142aw Falicki, pisarz i humanista od wielu lat osiad\u0142y w stolicy, regularnie odwiedza sw\u00f3j August\u00f3w i uczestniczy w jego \u017cyciu spo\u0142ecznym i kulturalnym. Ten osobliwy zbi\u00f3r miniatur literackich stanowi owoc wielu wizyt i spotka\u0144, wyros\u0142y na kanwie wspomnie\u0144 z m\u0142odo\u015bci, a tak\u017ce lektur i poszukiwa\u0144. Falicki jest czynnym i popularnym w sto\u0142ecznych kr\u0119gach humanistycznych dzia\u0142aczem kultury o rozleg\u0142ych zainteresowaniach historycznych, geograficznych i literackich. Liczne s\u0105 jego zas\u0142ugi w zakresie upami\u0119tniania miejsc o znaczeniu historycznym oraz zapomnianych postaci z przesz\u0142o\u015bci Augustowa i Warszawy. R\u00f3wnocze\u015bnie za\u015b anga\u017cuje si\u0119 w sprawy jak najbardziej wsp\u00f3\u0142czesne, jako pomys\u0142odawca Klubu Augustowiak\u00f3w w Warszawie i aktywista Towarzystwa Przyjaci\u00f3\u0142 Warszawy na \u017boliborzu. August\u00f3w ma jednak zawsze pierwsze\u0144stwo, o czym \u015bwiadczy zbi\u00f3r prezentowanych tu tekst\u00f3w. Wszystkie wymienione dziedziny aktywno\u015bci z\u0142o\u017cy\u0142y si\u0119 na nietuzinkowy, syntetyczny portret Augustowa, naszkicowany w spos\u00f3b wdzi\u0119czny i sugestywny.<\/p>\n<p>Autor pos\u0142u\u017cy\u0142 si\u0119 w nim kr\u00f3tkimi formami literackimi o charakterze po trosze epickim, po trosze za\u015b lirycznym, umiej\u0119tnie dobieraj\u0105c w\u0142a\u015bciw\u0105 form\u0119 do tre\u015bci to faktograficznych, to zn\u00f3w filozoficzno-refleksyjnych. Pisarz przedstawi\u0142 w tych miniaturach rozmaite aspekty \u017cycia miasta: jego histori\u0119 i wsp\u00f3\u0142czesno\u015b\u0107, przyrod\u0119 i mieszka\u0144c\u00f3w, a tak\u017ce samo miasto z jego architektur\u0105 i rozmaitymi \u015bwiadectwami materialnymi ludzkich los\u00f3w oraz dokona\u0144. W czasach, gdy po\u015bpiech i rozproszenie oddalaj\u0105 wiele os\u00f3b od d\u0142ugiej i cierpliwej lektury, ten skr\u00f3towy, skondensowany, a r\u00f3wnocze\u015bnie atrakcyjny pod wzgl\u0119dem literackim przekaz mo\u017ce si\u0119 okaza\u0107 bardziej skuteczny czytelniczo, ni\u017c typowa ksi\u0105\u017cka publicystyczna. \u017bycz\u0119 zatem ksi\u0105\u017cce i jej autorowi jak najwi\u0119cej Czytelnik\u00f3w, Czytelnikom za\u015b rado\u015bci obcowania z literackim przewodnikiem po Augustowie.<\/p>\n<p><em>Pawe\u0142 Krupka, <\/em><\/p>\n<p><em>pisarz i literaturoznawca, doktor Uniwersytetu Ate\u0144skiego, do\u015bwiadczony t\u0142umacz, krytyk i badacz poezji wsp\u00f3\u0142czesnej, nauczyciel akademicki i promotor mi\u0119dzynarodowej wsp\u00f3\u0142pracy literackiej.<\/em><\/p>\n<\/div>\n<\/div><\/div><div id=\"panel-24886-0-0-2\" class=\"so-panel widget widget_sow-editor panel-last-child\" data-index=\"2\" ><div\n\t\t\t\n\t\t\tclass=\"so-widget-sow-editor so-widget-sow-editor-base\"\n\t\t\t\n\t\t><h3 class=\"widget-title\">Przeczytali<\/h3>\n<div class=\"siteorigin-widget-tinymce textwidget\">\n\t<p><strong>Anna Jellonek<\/strong>, by\u0142a nauczycielka akademicka z Wroc\u0142awia, lubi\u0105ca August\u00f3w:<\/p>\n<p>(\u2026) Szar\u0105 godzin\u0119 jeszcze pozna\u0142am. Pami\u0119tam j\u0105 z dzieci\u0144stwa, jako co\u015b oczywistego. U nas szare godziny przychodzi\u0142y i odchodzi\u0142y wraz z adwentem, a wi\u0119c kiedy by\u0142y d\u0142ugie wieczory w nastroju listopadowo-grudniowym. Wygl\u0105da\u0142y tak, jak je zapami\u0119ta\u0142 z dzieci\u0144stwa Autor wiersza o Babci Apolonii. Na przyk\u0142ad w miasteczku Wis\u0142a wszyscy wiedzieli, \u017ce o szar\u00f3wce (podczas adwentu) nie chodzi si\u0119 do s\u0105siad\u00f3w. By\u0142o to oczywiste, nikt nie musia\u0142 tego pilnowa\u0107. Na studiach czytali\u015bmy \u201eTraktat o szcz\u0119\u015bciu\u201d W\u0142adys\u0142awa Tatarkiewicza i przypominam sobie, \u017ce Autor zalicza\u0142 szar\u0105 godzin\u0119 do \u201ema\u0142ych przyjemno\u015bci\u201d. A gdy mieszkali\u015bmy we Wroc\u0142awiu przy ulicy Syrokomli, zajrza\u0142am do tw\u00f3rczo\u015bci patrona naszej ulicy i zn\u00f3w znalaz\u0142am szar\u0105 godzin\u0119. W\u0142adys\u0142aw Syrokomla pisa\u0142 (o ile dobrze pami\u0119tam) o \u201eb\u0142ogos\u0142awionych szarych godzinach wieczoru\u201d. Bardzo mi si\u0119 spodoba\u0142o, co napisa\u0142 Autor we wspomnieniu o swojej Babci: \u201edaj odpocz\u0105\u0107 \u015bwiatu od siebie\u201d (\u2026) Przypomnia\u0142o mi si\u0119 te\u017c, \u017ce w j\u0119zyku francuskim szara godzina, czyli czas o zmroku brzmi: <em>entre chien et loup<\/em>. To zabawny (dla nas) idiom, dos\u0142ownie: mi\u0119dzy psem a wilkiem (ka\u017cdy niech to sobie po swojemu interpretuje).<\/p>\n<p>Podobaj\u0105 mi si\u0119 ilustracje \u2013 m\u0105dre, niejednoznaczne, troch\u0119 jak dawne grafiki.<\/p>\n<p>Powsta\u0142a pi\u0119kna ksi\u0105\u017ceczka (\u2026).<\/p>\n<p>&nbsp;<\/p>\n<p><strong>Janina Pietrzak<\/strong>, polonistka, ponad 40 lat pracy w Augustowie w Liceum Pedagogicznym i Og\u00f3lnokszta\u0142c\u0105cym im. Piramowicza oraz w Technikum Budowlano-Elektrycznym:<\/p>\n<p>(\u2026) Nie spodziewa\u0142am si\u0119, \u017ce zadana przeze mnie w LO praca domowa na temat \u201eMoja ma\u0142a ojczyzna\u201d zaowocuje po p\u00f3\u0142 wieku zbiorem ponad 50 tekst\u00f3w inspirowanych miejscem urodzenia mojego ucznia Bogus\u0142awa Falickiego. Ju\u017c wtedy zaskoczy\u0142 mnie Pan pisz\u0105c ow\u0105 prac\u0119 domow\u0105 wierszem, na co wcze\u015bniej oczywi\u015bcie wyrazi\u0142am zgod\u0119 i czeka\u0142am, ciekawa, co te\u017c zobacz\u0119 w zeszycie. Nie pami\u0119tam, aby jaki\u015b ucze\u0144 co\u015b podobnego zrobi\u0142, a uczy\u0142am jako polonistka w Augustowie ponad 40 lat w trzech typach szk\u00f3\u0142 \u015brednich. Prosz\u0119 koniecznie do\u0142\u0105czy\u0107 do ksi\u0105\u017cki \u201eM\u00f3j August\u00f3w\u201d wiersz, jaki napisa\u0142 Pan dla mnie na jubileusz 80-lecia pt. \u201eDom Janiny Pietrzak na ulicy Nowomiejskiej\u201d. A min\u0119\u0142o od tamtego czasu kolejne 8 lat. Wiersz wklei\u0142am do Ksi\u0119gi Rodzinnej, dzi\u0119ki temu go nie zgubi\u0142am. W\u0142a\u015bnie w zbiorze \u201eM\u00f3j August\u00f3w\u201d jest dla niego w\u0142a\u015bciwe miejsce. Chyba nikt dot\u0105d nie napisa\u0142 tylu wierszy inspirowanych Augustowem, co Pan. Augustowianka, malarka i poetka Irena Krzywi\u0144ska napisa\u0142a cykl wierszy o tematyce augustowskiej, lecz to du\u017co skromniejszy zbiorek. Gratuluj\u0119 Panu.<\/p>\n<p>&nbsp;<\/p>\n<p><strong>Zbigniew Bartoszewicz<\/strong>, Redaktor Naczelny Augustowskiego Portalu Informacyjnego:<\/p>\n<p>(\u2026) Tak Bogdanie, to Tw\u00f3j August\u00f3w, sw\u00f3j ka\u017cdy powinien opisa\u0107 sam. Chcia\u0142em Ci napisa\u0107, \u017ce id\u0119 na \u0142atwizn\u0119 i bior\u0119 znaczn\u0105 cz\u0119\u015b\u0107 Twojego Augustowa, jako m\u00f3j. Bardzo podobaj\u0105 mi si\u0119 te wiersze. Szkoda, \u017ce Twoja Babcia nie mo\u017ce przeczyta\u0107 tego tomiku. A mo\u017ce mo\u017ce? Dzi\u0119kuj\u0119 za ten zbi\u00f3r. (\u2026).<\/p>\n<p>&nbsp;<\/p>\n<p><strong>Anna Kowalczyk<\/strong>, polonistka i poetka z Warszawy:<\/p>\n<p>\"M\u00f3j August\u00f3w\" \u2013 opowie\u015b\u0107 o \u201ema\u0142ej ojczy\u017anie\u201d autora. Soczysta i realistyczna, a zarazem pi\u0119kna. Zawiera bogactwo form, w\u0105tk\u00f3w i bohater\u00f3w i jednocze\u015bnie ho\u0142d z\u0142o\u017cony niezwyk\u0142ym postaciom Augustowa i urokowi tej ziemi. A\u017c zazdroszcz\u0119 poecie jego \u201ema\u0142ej ojczyzny\u201d. Tomik jest wzbogacony subtelnymi ilustracjami pani Ma\u0142gorzaty, prywatnie \u017cony autora tekst\u00f3w.<\/p>\n<\/div>\n<\/div><\/div><\/div><\/div><\/div>","protected":false},"excerpt":{"rendered":"<p>Autor: Bogus\u0142aw Falicki Ilustracje: Ma\u0142gorzata Zachorowska-Falicka Wydanie: 1 ISBN 978-83-967448-8-3 Stron: 100 Format: A5 (15&#215;21 cm) Ok\u0142adka: mi\u0119kka Ksi\u0105\u017cka \u201eM\u00f3j August\u00f3w\u201d jest pi\u0119knym wyrazem mi\u0142o\u015bci i przywi\u0105zania do rodzinnego miasta emigranta, kt\u00f3ry nie wyci\u0105\u0142 korzeni i nie zerwa\u0142 wi\u0119zi z ma\u0142\u0105 ojczyzn\u0105. Bogus\u0142aw Falicki, pisarz i humanista od wielu lat osiad\u0142y w stolicy, regularnie odwiedza [&hellip;]<\/p>\n","protected":false},"author":1,"featured_media":24887,"comment_status":"open","ping_status":"closed","template":"","meta":{"h5ap_radio_sources":[],"jetpack_post_was_ever_published":false},"product_brand":[],"product_cat":[272,395],"product_tag":[345],"class_list":{"0":"post-24886","1":"product","2":"type-product","3":"status-publish","4":"has-post-thumbnail","6":"product_cat-ksiazki","7":"product_cat-literatura-piekna","8":"product_tag-augustow","10":"first","11":"instock","12":"featured","13":"taxable","14":"shipping-taxable","15":"purchasable","16":"product-type-simple"},"supplier_id":16598,"supplier_sku":"","barcode":null,"atum_controlled":true,"out_stock_date":null,"out_stock_threshold":null,"inheritable":false,"inbound_stock":0,"stock_on_hold":0,"sold_today":0,"sales_last_days":0,"reserved_stock":0,"customer_returns":0,"warehouse_damage":0,"lost_in_post":0,"other_logs":0,"out_stock_days":0,"lost_sales":0,"has_location":false,"update_date":"2026-04-17T00:07:58","atum_locations":[],"atum_stock_status":"instock","restock_status":false,"low_stock_amount":5,"sales_update_date":"2026-04-17T00:07:58","calc_backorders":null,"yoast_head":"<!-- This site is optimized with the Yoast SEO plugin v27.4 - https:\/\/yoast.com\/product\/yoast-seo-wordpress\/ -->\n<title>M\u00f3j August\u00f3w - Jami\u0144ski Zesp\u00f3\u0142 Indeksacyjny<\/title>\n<meta name=\"robots\" content=\"index, follow, max-snippet:-1, max-image-preview:large, max-video-preview:-1\" \/>\n<link rel=\"canonical\" href=\"https:\/\/jzi.org.pl\/en\/product\/moj-augustow\/\" \/>\n<meta property=\"og:locale\" content=\"en_US\" \/>\n<meta property=\"og:type\" content=\"article\" \/>\n<meta property=\"og:title\" content=\"M\u00f3j August\u00f3w - Jami\u0144ski Zesp\u00f3\u0142 Indeksacyjny\" \/>\n<meta property=\"og:description\" content=\"Autor: Bogus\u0142aw Falicki Ilustracje: Ma\u0142gorzata Zachorowska-Falicka Wydanie: 1 ISBN 978-83-967448-8-3 Stron: 100 Format: A5 (15x21 cm) Ok\u0142adka: mi\u0119kka Ksi\u0105\u017cka \u201eM\u00f3j August\u00f3w\u201d jest pi\u0119knym wyrazem mi\u0142o\u015bci i przywi\u0105zania do rodzinnego miasta emigranta, kt\u00f3ry nie wyci\u0105\u0142 korzeni i nie zerwa\u0142 wi\u0119zi z ma\u0142\u0105 ojczyzn\u0105. Bogus\u0142aw Falicki, pisarz i humanista od wielu lat osiad\u0142y w stolicy, regularnie odwiedza [&hellip;]\" \/>\n<meta property=\"og:url\" content=\"https:\/\/jzi.org.pl\/en\/product\/moj-augustow\/\" \/>\n<meta property=\"og:site_name\" content=\"Jami\u0144ski Zesp\u00f3\u0142 Indeksacyjny\" \/>\n<meta property=\"article:publisher\" content=\"https:\/\/www.facebook.com\/Jaminski.Zespol.Indeksacyjny\/\" \/>\n<meta property=\"article:modified_time\" content=\"2026-01-24T11:31:17+00:00\" \/>\n<meta property=\"og:image\" content=\"https:\/\/jzi.org.pl\/wp-content\/uploads\/2023\/12\/moj-augustow-0.jpg\" \/>\n\t<meta property=\"og:image:width\" content=\"1733\" \/>\n\t<meta property=\"og:image:height\" content=\"2442\" \/>\n\t<meta property=\"og:image:type\" content=\"image\/jpeg\" \/>\n<meta name=\"twitter:card\" content=\"summary_large_image\" \/>\n<meta name=\"twitter:label1\" content=\"Est. reading time\" \/>\n\t<meta name=\"twitter:data1\" content=\"5 minutes\" \/>\n<script type=\"application\/ld+json\" class=\"yoast-schema-graph\">{\"@context\":\"https:\\\/\\\/schema.org\",\"@graph\":[{\"@type\":\"WebPage\",\"@id\":\"https:\\\/\\\/jzi.org.pl\\\/en\\\/product\\\/moj-augustow\\\/\",\"url\":\"https:\\\/\\\/jzi.org.pl\\\/en\\\/product\\\/moj-augustow\\\/\",\"name\":\"M\u00f3j August\u00f3w - Jami\u0144ski Zesp\u00f3\u0142 Indeksacyjny\",\"isPartOf\":{\"@id\":\"https:\\\/\\\/jzi.org.pl\\\/#website\"},\"primaryImageOfPage\":{\"@id\":\"https:\\\/\\\/jzi.org.pl\\\/en\\\/product\\\/moj-augustow\\\/#primaryimage\"},\"image\":{\"@id\":\"https:\\\/\\\/jzi.org.pl\\\/en\\\/product\\\/moj-augustow\\\/#primaryimage\"},\"thumbnailUrl\":\"https:\\\/\\\/jzi.org.pl\\\/wp-content\\\/uploads\\\/2023\\\/12\\\/moj-augustow-0.jpg\",\"datePublished\":\"2023-12-05T19:07:56+00:00\",\"dateModified\":\"2026-01-24T11:31:17+00:00\",\"breadcrumb\":{\"@id\":\"https:\\\/\\\/jzi.org.pl\\\/en\\\/product\\\/moj-augustow\\\/#breadcrumb\"},\"inLanguage\":\"en-US\",\"potentialAction\":[{\"@type\":\"ReadAction\",\"target\":[\"https:\\\/\\\/jzi.org.pl\\\/en\\\/product\\\/moj-augustow\\\/\"]}]},{\"@type\":\"ImageObject\",\"inLanguage\":\"en-US\",\"@id\":\"https:\\\/\\\/jzi.org.pl\\\/en\\\/product\\\/moj-augustow\\\/#primaryimage\",\"url\":\"https:\\\/\\\/jzi.org.pl\\\/wp-content\\\/uploads\\\/2023\\\/12\\\/moj-augustow-0.jpg\",\"contentUrl\":\"https:\\\/\\\/jzi.org.pl\\\/wp-content\\\/uploads\\\/2023\\\/12\\\/moj-augustow-0.jpg\",\"width\":1733,\"height\":2442},{\"@type\":\"BreadcrumbList\",\"@id\":\"https:\\\/\\\/jzi.org.pl\\\/en\\\/product\\\/moj-augustow\\\/#breadcrumb\",\"itemListElement\":[{\"@type\":\"ListItem\",\"position\":1,\"name\":\"Strona g\u0142\u00f3wna\",\"item\":\"https:\\\/\\\/jzi.org.pl\\\/\"},{\"@type\":\"ListItem\",\"position\":2,\"name\":\"Sklep\",\"item\":\"https:\\\/\\\/jzi.org.pl\\\/sklep\\\/\"},{\"@type\":\"ListItem\",\"position\":3,\"name\":\"M\u00f3j August\u00f3w\"}]},{\"@type\":\"WebSite\",\"@id\":\"https:\\\/\\\/jzi.org.pl\\\/#website\",\"url\":\"https:\\\/\\\/jzi.org.pl\\\/\",\"name\":\"Jami\u0144ski Zesp\u00f3\u0142 Indeksacyjny\",\"description\":\"\",\"publisher\":{\"@id\":\"https:\\\/\\\/jzi.org.pl\\\/#organization\"},\"potentialAction\":[{\"@type\":\"SearchAction\",\"target\":{\"@type\":\"EntryPoint\",\"urlTemplate\":\"https:\\\/\\\/jzi.org.pl\\\/?s={search_term_string}\"},\"query-input\":{\"@type\":\"PropertyValueSpecification\",\"valueRequired\":true,\"valueName\":\"search_term_string\"}}],\"inLanguage\":\"en-US\"},{\"@type\":\"Organization\",\"@id\":\"https:\\\/\\\/jzi.org.pl\\\/#organization\",\"name\":\"Jami\u0144ski Zesp\u00f3\u0142 Indeksacyjny\",\"url\":\"https:\\\/\\\/jzi.org.pl\\\/\",\"logo\":{\"@type\":\"ImageObject\",\"inLanguage\":\"en-US\",\"@id\":\"https:\\\/\\\/jzi.org.pl\\\/#\\\/schema\\\/logo\\\/image\\\/\",\"url\":\"https:\\\/\\\/jzi.org.pl\\\/wp-content\\\/uploads\\\/2019\\\/03\\\/logo-stowarzyszenie-jzi.png\",\"contentUrl\":\"https:\\\/\\\/jzi.org.pl\\\/wp-content\\\/uploads\\\/2019\\\/03\\\/logo-stowarzyszenie-jzi.png\",\"width\":931,\"height\":990,\"caption\":\"Jami\u0144ski Zesp\u00f3\u0142 Indeksacyjny\"},\"image\":{\"@id\":\"https:\\\/\\\/jzi.org.pl\\\/#\\\/schema\\\/logo\\\/image\\\/\"},\"sameAs\":[\"https:\\\/\\\/www.facebook.com\\\/Jaminski.Zespol.Indeksacyjny\\\/\"]}]}<\/script>\n<!-- \/ Yoast SEO plugin. -->","yoast_head_json":{"title":"M\u00f3j August\u00f3w - Jami\u0144ski Zesp\u00f3\u0142 Indeksacyjny","robots":{"index":"index","follow":"follow","max-snippet":"max-snippet:-1","max-image-preview":"max-image-preview:large","max-video-preview":"max-video-preview:-1"},"canonical":"https:\/\/jzi.org.pl\/en\/product\/moj-augustow\/","og_locale":"en_US","og_type":"article","og_title":"M\u00f3j August\u00f3w - Jami\u0144ski Zesp\u00f3\u0142 Indeksacyjny","og_description":"Autor: Bogus\u0142aw Falicki Ilustracje: Ma\u0142gorzata Zachorowska-Falicka Wydanie: 1 ISBN 978-83-967448-8-3 Stron: 100 Format: A5 (15x21 cm) Ok\u0142adka: mi\u0119kka Ksi\u0105\u017cka \u201eM\u00f3j August\u00f3w\u201d jest pi\u0119knym wyrazem mi\u0142o\u015bci i przywi\u0105zania do rodzinnego miasta emigranta, kt\u00f3ry nie wyci\u0105\u0142 korzeni i nie zerwa\u0142 wi\u0119zi z ma\u0142\u0105 ojczyzn\u0105. Bogus\u0142aw Falicki, pisarz i humanista od wielu lat osiad\u0142y w stolicy, regularnie odwiedza [&hellip;]","og_url":"https:\/\/jzi.org.pl\/en\/product\/moj-augustow\/","og_site_name":"Jami\u0144ski Zesp\u00f3\u0142 Indeksacyjny","article_publisher":"https:\/\/www.facebook.com\/Jaminski.Zespol.Indeksacyjny\/","article_modified_time":"2026-01-24T11:31:17+00:00","og_image":[{"width":1733,"height":2442,"url":"https:\/\/jzi.org.pl\/wp-content\/uploads\/2023\/12\/moj-augustow-0.jpg","type":"image\/jpeg"}],"twitter_card":"summary_large_image","twitter_misc":{"Est. reading time":"5 minutes"},"schema":{"@context":"https:\/\/schema.org","@graph":[{"@type":"WebPage","@id":"https:\/\/jzi.org.pl\/en\/product\/moj-augustow\/","url":"https:\/\/jzi.org.pl\/en\/product\/moj-augustow\/","name":"M\u00f3j August\u00f3w - Jami\u0144ski Zesp\u00f3\u0142 Indeksacyjny","isPartOf":{"@id":"https:\/\/jzi.org.pl\/#website"},"primaryImageOfPage":{"@id":"https:\/\/jzi.org.pl\/en\/product\/moj-augustow\/#primaryimage"},"image":{"@id":"https:\/\/jzi.org.pl\/en\/product\/moj-augustow\/#primaryimage"},"thumbnailUrl":"https:\/\/jzi.org.pl\/wp-content\/uploads\/2023\/12\/moj-augustow-0.jpg","datePublished":"2023-12-05T19:07:56+00:00","dateModified":"2026-01-24T11:31:17+00:00","breadcrumb":{"@id":"https:\/\/jzi.org.pl\/en\/product\/moj-augustow\/#breadcrumb"},"inLanguage":"en-US","potentialAction":[{"@type":"ReadAction","target":["https:\/\/jzi.org.pl\/en\/product\/moj-augustow\/"]}]},{"@type":"ImageObject","inLanguage":"en-US","@id":"https:\/\/jzi.org.pl\/en\/product\/moj-augustow\/#primaryimage","url":"https:\/\/jzi.org.pl\/wp-content\/uploads\/2023\/12\/moj-augustow-0.jpg","contentUrl":"https:\/\/jzi.org.pl\/wp-content\/uploads\/2023\/12\/moj-augustow-0.jpg","width":1733,"height":2442},{"@type":"BreadcrumbList","@id":"https:\/\/jzi.org.pl\/en\/product\/moj-augustow\/#breadcrumb","itemListElement":[{"@type":"ListItem","position":1,"name":"Strona g\u0142\u00f3wna","item":"https:\/\/jzi.org.pl\/"},{"@type":"ListItem","position":2,"name":"Sklep","item":"https:\/\/jzi.org.pl\/sklep\/"},{"@type":"ListItem","position":3,"name":"M\u00f3j August\u00f3w"}]},{"@type":"WebSite","@id":"https:\/\/jzi.org.pl\/#website","url":"https:\/\/jzi.org.pl\/","name":"Jaminy Indexing Team","description":"","publisher":{"@id":"https:\/\/jzi.org.pl\/#organization"},"potentialAction":[{"@type":"SearchAction","target":{"@type":"EntryPoint","urlTemplate":"https:\/\/jzi.org.pl\/?s={search_term_string}"},"query-input":{"@type":"PropertyValueSpecification","valueRequired":true,"valueName":"search_term_string"}}],"inLanguage":"en-US"},{"@type":"Organization","@id":"https:\/\/jzi.org.pl\/#organization","name":"Jaminy Indexing Team","url":"https:\/\/jzi.org.pl\/","logo":{"@type":"ImageObject","inLanguage":"en-US","@id":"https:\/\/jzi.org.pl\/#\/schema\/logo\/image\/","url":"https:\/\/jzi.org.pl\/wp-content\/uploads\/2019\/03\/logo-stowarzyszenie-jzi.png","contentUrl":"https:\/\/jzi.org.pl\/wp-content\/uploads\/2019\/03\/logo-stowarzyszenie-jzi.png","width":931,"height":990,"caption":"Jami\u0144ski Zesp\u00f3\u0142 Indeksacyjny"},"image":{"@id":"https:\/\/jzi.org.pl\/#\/schema\/logo\/image\/"},"sameAs":["https:\/\/www.facebook.com\/Jaminski.Zespol.Indeksacyjny\/"]}]}},"jetpack_likes_enabled":true,"jetpack_sharing_enabled":true,"_links":{"self":[{"href":"https:\/\/jzi.org.pl\/en\/wp-json\/wp\/v2\/product\/24886","targetHints":{"allow":["GET"]}}],"collection":[{"href":"https:\/\/jzi.org.pl\/en\/wp-json\/wp\/v2\/product"}],"about":[{"href":"https:\/\/jzi.org.pl\/en\/wp-json\/wp\/v2\/types\/product"}],"author":[{"embeddable":true,"href":"https:\/\/jzi.org.pl\/en\/wp-json\/wp\/v2\/users\/1"}],"replies":[{"embeddable":true,"href":"https:\/\/jzi.org.pl\/en\/wp-json\/wp\/v2\/comments?post=24886"}],"wp:featuredmedia":[{"embeddable":true,"href":"https:\/\/jzi.org.pl\/en\/wp-json\/wp\/v2\/media\/24887"}],"wp:attachment":[{"href":"https:\/\/jzi.org.pl\/en\/wp-json\/wp\/v2\/media?parent=24886"}],"wp:term":[{"taxonomy":"product_brand","embeddable":true,"href":"https:\/\/jzi.org.pl\/en\/wp-json\/wp\/v2\/product_brand?post=24886"},{"taxonomy":"product_cat","embeddable":true,"href":"https:\/\/jzi.org.pl\/en\/wp-json\/wp\/v2\/product_cat?post=24886"},{"taxonomy":"product_tag","embeddable":true,"href":"https:\/\/jzi.org.pl\/en\/wp-json\/wp\/v2\/product_tag?post=24886"}],"curies":[{"name":"wp","href":"https:\/\/api.w.org\/{rel}","templated":true}]}}