{"id":24151,"date":"2023-10-04T08:51:56","date_gmt":"2023-10-04T06:51:56","guid":{"rendered":"https:\/\/jzi.org.pl\/?post_type=product&#038;p=24151"},"modified":"2025-12-27T16:31:14","modified_gmt":"2025-12-27T15:31:14","slug":"o-sw-wawrzyncu","status":"publish","type":"product","link":"https:\/\/jzi.org.pl\/en\/product\/o-sw-wawrzyncu\/","title":{"rendered":"O \u015bw. Wawrzy\u0144cu"},"content":{"rendered":"<div id=\"pl-24151\"  class=\"panel-layout\" ><div id=\"pg-24151-0\"  class=\"panel-grid panel-no-style\" ><div id=\"pgc-24151-0-0\"  class=\"panel-grid-cell\" ><div id=\"panel-24151-0-0-0\" class=\"so-panel widget widget_sow-editor panel-first-child\" data-index=\"0\" ><div\n\t\t\t\n\t\t\tclass=\"so-widget-sow-editor so-widget-sow-editor-base\"\n\t\t\t\n\t\t>\n<div class=\"siteorigin-widget-tinymce textwidget\">\n\t<p>Koncepcja wydawnicza i opracowanie: J\u00f3zefa Drozdowska<\/p>\n<p>Redakcja: J\u00f3zefa Drozdowska, Krzysztof Zi\u0119cina<\/p>\n<p>Wydanie: 1<\/p>\n<p>ISBN 978-83-967448-6-9<\/p>\n<p>Stron: 70<\/p>\n<p><span>Format: B6 (12,5x19,5x0,4 cm)<\/span><\/p>\n<p>Ok\u0142adka:<span> mi\u0119kka<\/span><\/p>\n<\/div>\n<\/div><\/div><div id=\"panel-24151-0-0-1\" class=\"so-panel widget widget_sow-editor panel-last-child\" data-index=\"1\" ><div\n\t\t\t\n\t\t\tclass=\"so-widget-sow-editor so-widget-sow-editor-base\"\n\t\t\t\n\t\t><h3 class=\"widget-title\">Wi\u0119cej informacji<\/h3>\n<div class=\"siteorigin-widget-tinymce textwidget\">\n\t<div id=\"pg-18543-1\" class=\"panel-grid panel-no-style\">\n<div id=\"pgc-18543-1-0\" class=\"panel-grid-cell\">\n<div id=\"panel-18543-1-0-0\" class=\"so-panel widget widget_sow-editor panel-first-child panel-last-child\" data-index=\"3\">\n<div class=\"panel-widget-style panel-widget-style-for-18543-1-0-0\">\n<div>Idea powstania ksi\u0105\u017cki zrodzi\u0142a si\u0119 po spotkaniu po\u015bwi\u0119conemu \u015bw. Wawrzy\u0144cowi, kt\u00f3re zorganizowa\u0142 w cyklu \u201ePatronowie Spraw Codziennych\u201d w dniu 31 sierpnia 2017 roku Krzysztof Anuszkiewicz, prezes Stowarzyszenia Inicjatyw Spo\u0142eczno-Gospodarczych w Augustowie. Dzi\u0119kuj\u0119 Krzysztofowi za to spotkanie i impuls do dzia\u0142ania. Ksi\u0105\u017cka jest prac\u0105 zbiorow\u0105. Z\u0142o\u017cy\u0142y si\u0119 na ni\u0105 teksty b\u0105d\u017a fotografie autorstwa: Bo\u017ceny Diemjaniuk, Krystyny Gudel, Beaty Nied\u017awieckiej, Joanny Pisarskiej, Leonardy Szubzdy i Tomasza Chilickiego oraz moje. Bardzo dzi\u0119kuj\u0119 za nie wszystkim ich autorom. [...]<\/div>\n<div><\/div>\n<div class=\"so-widget-sow-editor so-widget-sow-editor-base\">Z kultem \u015bw. Wawrzy\u0144ca spotykamy si\u0119 r\u00f3wnie\u017c na naszym terenie. Znane mi miejsce to Jaminy. W tamtejszym XVIII-wiecznym ko\u015bciele pw. \u015bw. Mateusza (przewiezionym niegdy\u015b z Augustowa) znajduje si\u0119 datowany na pierwsz\u0105 po\u0142ow\u0119 XIX wieku obraz \u201eM\u0119cze\u0144stwo \u015bw. Wawrzy\u0144ca\u201d. Ko\u015bci\u00f3\u0142 \u00f3w posiada\u0142 r\u00f3wnie\u017c dzwon o imieniu \u201eLaurentius\u201d wy\u015bwi\u0119cony w 1896 roku. 10 sierpnia, w dniu narodzenia \u015bwi\u0119tego dla nieba, jami\u0144ska parafia obchodzi odpust. [...]<\/p>\n<div><\/div>\n<div class=\"siteorigin-widget-tinymce textwidget\" style=\"text-align: right;\">J\u00f3zefa Drozdowska<\/div>\n<\/div>\n<\/div>\n<\/div>\n<\/div>\n<\/div>\n<\/div>\n<\/div><\/div><\/div><\/div><\/div>","protected":false},"excerpt":{"rendered":"<p>Koncepcja wydawnicza i opracowanie: J\u00f3zefa Drozdowska Redakcja: J\u00f3zefa Drozdowska, Krzysztof Zi\u0119cina Wydanie: 1 ISBN 978-83-967448-6-9 Stron: 70 Format: B6 (12,5&#215;19,5&#215;0,4 cm) Ok\u0142adka: mi\u0119kka Idea powstania ksi\u0105\u017cki zrodzi\u0142a si\u0119 po spotkaniu po\u015bwi\u0119conemu \u015bw. Wawrzy\u0144cowi, kt\u00f3re zorganizowa\u0142 w cyklu \u201ePatronowie Spraw Codziennych\u201d w dniu 31 sierpnia 2017 roku Krzysztof Anuszkiewicz, prezes Stowarzyszenia Inicjatyw Spo\u0142eczno-Gospodarczych w Augustowie. Dzi\u0119kuj\u0119 [&hellip;]<\/p>\n","protected":false},"author":1,"featured_media":24152,"comment_status":"open","ping_status":"closed","template":"","meta":{"h5ap_radio_sources":[],"jetpack_post_was_ever_published":false},"product_brand":[],"product_cat":[272,396],"product_tag":[],"class_list":{"0":"post-24151","1":"product","2":"type-product","3":"status-publish","4":"has-post-thumbnail","6":"product_cat-ksiazki","7":"product_cat-pozostale","9":"first","10":"instock","11":"featured","12":"taxable","13":"shipping-taxable","14":"purchasable","15":"product-type-simple"},"supplier_id":16598,"supplier_sku":"","barcode":null,"atum_controlled":true,"out_stock_date":null,"out_stock_threshold":null,"inheritable":false,"inbound_stock":0,"stock_on_hold":0,"sold_today":0,"sales_last_days":0,"reserved_stock":0,"customer_returns":0,"warehouse_damage":0,"lost_in_post":0,"other_logs":0,"out_stock_days":0,"lost_sales":0,"has_location":false,"update_date":"2026-04-15T00:06:40","atum_locations":[],"atum_stock_status":"instock","restock_status":false,"low_stock_amount":3,"sales_update_date":"2026-04-15T00:06:40","calc_backorders":0,"yoast_head":"<!-- This site is optimized with the Yoast SEO plugin v27.4 - https:\/\/yoast.com\/product\/yoast-seo-wordpress\/ -->\n<title>O \u015bw. Wawrzy\u0144cu - Jami\u0144ski Zesp\u00f3\u0142 Indeksacyjny<\/title>\n<meta name=\"robots\" content=\"index, follow, max-snippet:-1, max-image-preview:large, max-video-preview:-1\" \/>\n<link rel=\"canonical\" href=\"https:\/\/jzi.org.pl\/en\/product\/o-sw-wawrzyncu\/\" \/>\n<meta property=\"og:locale\" content=\"en_US\" \/>\n<meta property=\"og:type\" content=\"article\" \/>\n<meta property=\"og:title\" content=\"O \u015bw. Wawrzy\u0144cu - Jami\u0144ski Zesp\u00f3\u0142 Indeksacyjny\" \/>\n<meta property=\"og:description\" content=\"Koncepcja wydawnicza i opracowanie: J\u00f3zefa Drozdowska Redakcja: J\u00f3zefa Drozdowska, Krzysztof Zi\u0119cina Wydanie: 1 ISBN 978-83-967448-6-9 Stron: 70 Format: B6 (12,5x19,5x0,4 cm) Ok\u0142adka: mi\u0119kka Idea powstania ksi\u0105\u017cki zrodzi\u0142a si\u0119 po spotkaniu po\u015bwi\u0119conemu \u015bw. Wawrzy\u0144cowi, kt\u00f3re zorganizowa\u0142 w cyklu \u201ePatronowie Spraw Codziennych\u201d w dniu 31 sierpnia 2017 roku Krzysztof Anuszkiewicz, prezes Stowarzyszenia Inicjatyw Spo\u0142eczno-Gospodarczych w Augustowie. Dzi\u0119kuj\u0119 [&hellip;]\" \/>\n<meta property=\"og:url\" content=\"https:\/\/jzi.org.pl\/en\/product\/o-sw-wawrzyncu\/\" \/>\n<meta property=\"og:site_name\" content=\"Jami\u0144ski Zesp\u00f3\u0142 Indeksacyjny\" \/>\n<meta property=\"article:publisher\" content=\"https:\/\/www.facebook.com\/Jaminski.Zespol.Indeksacyjny\/\" \/>\n<meta property=\"article:modified_time\" content=\"2025-12-27T15:31:14+00:00\" \/>\n<meta property=\"og:image\" content=\"https:\/\/jzi.org.pl\/wp-content\/uploads\/2023\/09\/wawrzyniec-0.jpg\" \/>\n\t<meta property=\"og:image:width\" content=\"1409\" \/>\n\t<meta property=\"og:image:height\" content=\"2225\" \/>\n\t<meta property=\"og:image:type\" content=\"image\/jpeg\" \/>\n<meta name=\"twitter:card\" content=\"summary_large_image\" \/>\n<meta name=\"twitter:label1\" content=\"Est. reading time\" \/>\n\t<meta name=\"twitter:data1\" content=\"2 minutes\" \/>\n<script type=\"application\/ld+json\" class=\"yoast-schema-graph\">{\"@context\":\"https:\\\/\\\/schema.org\",\"@graph\":[{\"@type\":\"WebPage\",\"@id\":\"https:\\\/\\\/jzi.org.pl\\\/en\\\/product\\\/o-sw-wawrzyncu\\\/\",\"url\":\"https:\\\/\\\/jzi.org.pl\\\/en\\\/product\\\/o-sw-wawrzyncu\\\/\",\"name\":\"O \u015bw. Wawrzy\u0144cu - Jami\u0144ski Zesp\u00f3\u0142 Indeksacyjny\",\"isPartOf\":{\"@id\":\"https:\\\/\\\/jzi.org.pl\\\/#website\"},\"primaryImageOfPage\":{\"@id\":\"https:\\\/\\\/jzi.org.pl\\\/en\\\/product\\\/o-sw-wawrzyncu\\\/#primaryimage\"},\"image\":{\"@id\":\"https:\\\/\\\/jzi.org.pl\\\/en\\\/product\\\/o-sw-wawrzyncu\\\/#primaryimage\"},\"thumbnailUrl\":\"https:\\\/\\\/jzi.org.pl\\\/wp-content\\\/uploads\\\/2023\\\/09\\\/wawrzyniec-0.jpg\",\"datePublished\":\"2023-10-04T06:51:56+00:00\",\"dateModified\":\"2025-12-27T15:31:14+00:00\",\"breadcrumb\":{\"@id\":\"https:\\\/\\\/jzi.org.pl\\\/en\\\/product\\\/o-sw-wawrzyncu\\\/#breadcrumb\"},\"inLanguage\":\"en-US\",\"potentialAction\":[{\"@type\":\"ReadAction\",\"target\":[\"https:\\\/\\\/jzi.org.pl\\\/en\\\/product\\\/o-sw-wawrzyncu\\\/\"]}]},{\"@type\":\"ImageObject\",\"inLanguage\":\"en-US\",\"@id\":\"https:\\\/\\\/jzi.org.pl\\\/en\\\/product\\\/o-sw-wawrzyncu\\\/#primaryimage\",\"url\":\"https:\\\/\\\/jzi.org.pl\\\/wp-content\\\/uploads\\\/2023\\\/09\\\/wawrzyniec-0.jpg\",\"contentUrl\":\"https:\\\/\\\/jzi.org.pl\\\/wp-content\\\/uploads\\\/2023\\\/09\\\/wawrzyniec-0.jpg\",\"width\":1409,\"height\":2225},{\"@type\":\"BreadcrumbList\",\"@id\":\"https:\\\/\\\/jzi.org.pl\\\/en\\\/product\\\/o-sw-wawrzyncu\\\/#breadcrumb\",\"itemListElement\":[{\"@type\":\"ListItem\",\"position\":1,\"name\":\"Strona g\u0142\u00f3wna\",\"item\":\"https:\\\/\\\/jzi.org.pl\\\/\"},{\"@type\":\"ListItem\",\"position\":2,\"name\":\"Sklep\",\"item\":\"https:\\\/\\\/jzi.org.pl\\\/sklep\\\/\"},{\"@type\":\"ListItem\",\"position\":3,\"name\":\"O \u015bw. Wawrzy\u0144cu\"}]},{\"@type\":\"WebSite\",\"@id\":\"https:\\\/\\\/jzi.org.pl\\\/#website\",\"url\":\"https:\\\/\\\/jzi.org.pl\\\/\",\"name\":\"Jami\u0144ski Zesp\u00f3\u0142 Indeksacyjny\",\"description\":\"\",\"publisher\":{\"@id\":\"https:\\\/\\\/jzi.org.pl\\\/#organization\"},\"potentialAction\":[{\"@type\":\"SearchAction\",\"target\":{\"@type\":\"EntryPoint\",\"urlTemplate\":\"https:\\\/\\\/jzi.org.pl\\\/?s={search_term_string}\"},\"query-input\":{\"@type\":\"PropertyValueSpecification\",\"valueRequired\":true,\"valueName\":\"search_term_string\"}}],\"inLanguage\":\"en-US\"},{\"@type\":\"Organization\",\"@id\":\"https:\\\/\\\/jzi.org.pl\\\/#organization\",\"name\":\"Jami\u0144ski Zesp\u00f3\u0142 Indeksacyjny\",\"url\":\"https:\\\/\\\/jzi.org.pl\\\/\",\"logo\":{\"@type\":\"ImageObject\",\"inLanguage\":\"en-US\",\"@id\":\"https:\\\/\\\/jzi.org.pl\\\/#\\\/schema\\\/logo\\\/image\\\/\",\"url\":\"https:\\\/\\\/jzi.org.pl\\\/wp-content\\\/uploads\\\/2019\\\/03\\\/logo-stowarzyszenie-jzi.png\",\"contentUrl\":\"https:\\\/\\\/jzi.org.pl\\\/wp-content\\\/uploads\\\/2019\\\/03\\\/logo-stowarzyszenie-jzi.png\",\"width\":931,\"height\":990,\"caption\":\"Jami\u0144ski Zesp\u00f3\u0142 Indeksacyjny\"},\"image\":{\"@id\":\"https:\\\/\\\/jzi.org.pl\\\/#\\\/schema\\\/logo\\\/image\\\/\"},\"sameAs\":[\"https:\\\/\\\/www.facebook.com\\\/Jaminski.Zespol.Indeksacyjny\\\/\"]}]}<\/script>\n<!-- \/ Yoast SEO plugin. -->","yoast_head_json":{"title":"O \u015bw. Wawrzy\u0144cu - Jami\u0144ski Zesp\u00f3\u0142 Indeksacyjny","robots":{"index":"index","follow":"follow","max-snippet":"max-snippet:-1","max-image-preview":"max-image-preview:large","max-video-preview":"max-video-preview:-1"},"canonical":"https:\/\/jzi.org.pl\/en\/product\/o-sw-wawrzyncu\/","og_locale":"en_US","og_type":"article","og_title":"O \u015bw. Wawrzy\u0144cu - Jami\u0144ski Zesp\u00f3\u0142 Indeksacyjny","og_description":"Koncepcja wydawnicza i opracowanie: J\u00f3zefa Drozdowska Redakcja: J\u00f3zefa Drozdowska, Krzysztof Zi\u0119cina Wydanie: 1 ISBN 978-83-967448-6-9 Stron: 70 Format: B6 (12,5x19,5x0,4 cm) Ok\u0142adka: mi\u0119kka Idea powstania ksi\u0105\u017cki zrodzi\u0142a si\u0119 po spotkaniu po\u015bwi\u0119conemu \u015bw. Wawrzy\u0144cowi, kt\u00f3re zorganizowa\u0142 w cyklu \u201ePatronowie Spraw Codziennych\u201d w dniu 31 sierpnia 2017 roku Krzysztof Anuszkiewicz, prezes Stowarzyszenia Inicjatyw Spo\u0142eczno-Gospodarczych w Augustowie. Dzi\u0119kuj\u0119 [&hellip;]","og_url":"https:\/\/jzi.org.pl\/en\/product\/o-sw-wawrzyncu\/","og_site_name":"Jami\u0144ski Zesp\u00f3\u0142 Indeksacyjny","article_publisher":"https:\/\/www.facebook.com\/Jaminski.Zespol.Indeksacyjny\/","article_modified_time":"2025-12-27T15:31:14+00:00","og_image":[{"width":1409,"height":2225,"url":"https:\/\/jzi.org.pl\/wp-content\/uploads\/2023\/09\/wawrzyniec-0.jpg","type":"image\/jpeg"}],"twitter_card":"summary_large_image","twitter_misc":{"Est. reading time":"2 minutes"},"schema":{"@context":"https:\/\/schema.org","@graph":[{"@type":"WebPage","@id":"https:\/\/jzi.org.pl\/en\/product\/o-sw-wawrzyncu\/","url":"https:\/\/jzi.org.pl\/en\/product\/o-sw-wawrzyncu\/","name":"O \u015bw. Wawrzy\u0144cu - Jami\u0144ski Zesp\u00f3\u0142 Indeksacyjny","isPartOf":{"@id":"https:\/\/jzi.org.pl\/#website"},"primaryImageOfPage":{"@id":"https:\/\/jzi.org.pl\/en\/product\/o-sw-wawrzyncu\/#primaryimage"},"image":{"@id":"https:\/\/jzi.org.pl\/en\/product\/o-sw-wawrzyncu\/#primaryimage"},"thumbnailUrl":"https:\/\/jzi.org.pl\/wp-content\/uploads\/2023\/09\/wawrzyniec-0.jpg","datePublished":"2023-10-04T06:51:56+00:00","dateModified":"2025-12-27T15:31:14+00:00","breadcrumb":{"@id":"https:\/\/jzi.org.pl\/en\/product\/o-sw-wawrzyncu\/#breadcrumb"},"inLanguage":"en-US","potentialAction":[{"@type":"ReadAction","target":["https:\/\/jzi.org.pl\/en\/product\/o-sw-wawrzyncu\/"]}]},{"@type":"ImageObject","inLanguage":"en-US","@id":"https:\/\/jzi.org.pl\/en\/product\/o-sw-wawrzyncu\/#primaryimage","url":"https:\/\/jzi.org.pl\/wp-content\/uploads\/2023\/09\/wawrzyniec-0.jpg","contentUrl":"https:\/\/jzi.org.pl\/wp-content\/uploads\/2023\/09\/wawrzyniec-0.jpg","width":1409,"height":2225},{"@type":"BreadcrumbList","@id":"https:\/\/jzi.org.pl\/en\/product\/o-sw-wawrzyncu\/#breadcrumb","itemListElement":[{"@type":"ListItem","position":1,"name":"Strona g\u0142\u00f3wna","item":"https:\/\/jzi.org.pl\/"},{"@type":"ListItem","position":2,"name":"Sklep","item":"https:\/\/jzi.org.pl\/sklep\/"},{"@type":"ListItem","position":3,"name":"O \u015bw. Wawrzy\u0144cu"}]},{"@type":"WebSite","@id":"https:\/\/jzi.org.pl\/#website","url":"https:\/\/jzi.org.pl\/","name":"Jaminy Indexing Team","description":"","publisher":{"@id":"https:\/\/jzi.org.pl\/#organization"},"potentialAction":[{"@type":"SearchAction","target":{"@type":"EntryPoint","urlTemplate":"https:\/\/jzi.org.pl\/?s={search_term_string}"},"query-input":{"@type":"PropertyValueSpecification","valueRequired":true,"valueName":"search_term_string"}}],"inLanguage":"en-US"},{"@type":"Organization","@id":"https:\/\/jzi.org.pl\/#organization","name":"Jaminy Indexing Team","url":"https:\/\/jzi.org.pl\/","logo":{"@type":"ImageObject","inLanguage":"en-US","@id":"https:\/\/jzi.org.pl\/#\/schema\/logo\/image\/","url":"https:\/\/jzi.org.pl\/wp-content\/uploads\/2019\/03\/logo-stowarzyszenie-jzi.png","contentUrl":"https:\/\/jzi.org.pl\/wp-content\/uploads\/2019\/03\/logo-stowarzyszenie-jzi.png","width":931,"height":990,"caption":"Jami\u0144ski Zesp\u00f3\u0142 Indeksacyjny"},"image":{"@id":"https:\/\/jzi.org.pl\/#\/schema\/logo\/image\/"},"sameAs":["https:\/\/www.facebook.com\/Jaminski.Zespol.Indeksacyjny\/"]}]}},"jetpack_likes_enabled":true,"jetpack_sharing_enabled":true,"_links":{"self":[{"href":"https:\/\/jzi.org.pl\/en\/wp-json\/wp\/v2\/product\/24151","targetHints":{"allow":["GET"]}}],"collection":[{"href":"https:\/\/jzi.org.pl\/en\/wp-json\/wp\/v2\/product"}],"about":[{"href":"https:\/\/jzi.org.pl\/en\/wp-json\/wp\/v2\/types\/product"}],"author":[{"embeddable":true,"href":"https:\/\/jzi.org.pl\/en\/wp-json\/wp\/v2\/users\/1"}],"replies":[{"embeddable":true,"href":"https:\/\/jzi.org.pl\/en\/wp-json\/wp\/v2\/comments?post=24151"}],"wp:featuredmedia":[{"embeddable":true,"href":"https:\/\/jzi.org.pl\/en\/wp-json\/wp\/v2\/media\/24152"}],"wp:attachment":[{"href":"https:\/\/jzi.org.pl\/en\/wp-json\/wp\/v2\/media?parent=24151"}],"wp:term":[{"taxonomy":"product_brand","embeddable":true,"href":"https:\/\/jzi.org.pl\/en\/wp-json\/wp\/v2\/product_brand?post=24151"},{"taxonomy":"product_cat","embeddable":true,"href":"https:\/\/jzi.org.pl\/en\/wp-json\/wp\/v2\/product_cat?post=24151"},{"taxonomy":"product_tag","embeddable":true,"href":"https:\/\/jzi.org.pl\/en\/wp-json\/wp\/v2\/product_tag?post=24151"}],"curies":[{"name":"wp","href":"https:\/\/api.w.org\/{rel}","templated":true}]}}