{"id":23573,"date":"2023-05-17T11:46:33","date_gmt":"2023-05-17T09:46:33","guid":{"rendered":"https:\/\/jzi.org.pl\/?post_type=product&#038;p=23573"},"modified":"2026-03-16T19:42:45","modified_gmt":"2026-03-16T18:42:45","slug":"herbat-wielbicielka-rodowodem-z-jamin","status":"publish","type":"product","link":"https:\/\/jzi.org.pl\/en\/product\/herbat-wielbicielka-rodowodem-z-jamin\/","title":{"rendered":"Herbat wielbicielka rodowodem z Jamin"},"content":{"rendered":"<div id=\"pl-23573\"  class=\"panel-layout\" ><div id=\"pg-23573-0\"  class=\"panel-grid panel-no-style\" ><div id=\"pgc-23573-0-0\"  class=\"panel-grid-cell\" ><div id=\"panel-23573-0-0-0\" class=\"so-panel widget widget_sow-editor panel-first-child\" data-index=\"0\" ><div\n\t\t\t\n\t\t\tclass=\"so-widget-sow-editor so-widget-sow-editor-base\"\n\t\t\t\n\t\t>\n<div class=\"siteorigin-widget-tinymce textwidget\">\n\t<p>Koncepcja wydawnicza: J\u00f3zefa Drozdowska<\/p>\n<p>Opracowanie limeryk\u00f3w: J\u00f3zefa Drozdowska, Leonarda Szubzda<\/p>\n<p>Edition: 1<\/p>\n<p>ISBN: 978-83-967448-3-8<\/p>\n<p>Stron: 44<\/p>\n<p>Format: 15 x 21 cm (A5)<\/p>\n<p>Cover: soft, lacquered<\/p>\n<\/div>\n<\/div><\/div><div id=\"panel-23573-0-0-1\" class=\"so-panel widget widget_sow-editor\" data-index=\"1\" ><div\n\t\t\t\n\t\t\tclass=\"so-widget-sow-editor so-widget-sow-editor-base\"\n\t\t\t\n\t\t><h3 class=\"widget-title\">More information<\/h3>\n<div class=\"siteorigin-widget-tinymce textwidget\">\n\t<div id=\"pg-3663-1\" class=\"panel-grid panel-no-style\">\n<div id=\"pgc-3663-1-0\" class=\"panel-grid-cell\">\n<div id=\"panel-3663-1-0-0\" class=\"so-panel widget widget_sow-editor panel-first-child panel-last-child\" data-index=\"3\">\n<div class=\"panel-widget-style panel-widget-style-for-3663-1-0-0\">\n<div class=\"so-widget-sow-editor so-widget-sow-editor-base\">\n<div class=\"siteorigin-widget-tinymce textwidget\">Ksi\u0105\u017cka ta stanowi zbi\u00f3r limeryk\u00f3w przedstawionych podczas Niedzielnych Pogwarek Poetyckich przy Herbatce organizowanych przez J\u00f3zef\u0119 Drozdowsk\u0105 i Ann\u0119 Oleksy w Filii nr 2 Miejskiej Biblioteki Publicznej APK August\u00f3w w latach 2017-2020.<\/div>\n<\/div>\n<\/div>\n<\/div>\n<\/div>\n<\/div>\n<\/div>\n<\/div><\/div><div id=\"panel-23573-0-0-2\" class=\"so-panel widget widget_sow-editor panel-last-child\" data-index=\"2\" ><div\n\t\t\t\n\t\t\tclass=\"so-widget-sow-editor so-widget-sow-editor-base\"\n\t\t\t\n\t\t><h3 class=\"widget-title\">Spis tre\u015bci<\/h3>\n<div class=\"siteorigin-widget-tinymce textwidget\">\n\t<\/div>\n<\/div><\/div><\/div><\/div><div id=\"pg-23573-1\"  class=\"panel-grid panel-no-style\" ><div id=\"pgc-23573-1-0\"  class=\"panel-grid-cell\" ><div id=\"panel-23573-1-0-0\" class=\"so-panel widget widget_sow-editor panel-first-child panel-last-child\" data-index=\"3\" ><div\n\t\t\t\n\t\t\tclass=\"so-widget-sow-editor so-widget-sow-editor-base\"\n\t\t\t\n\t\t>\n<div class=\"siteorigin-widget-tinymce textwidget\">\n\t<p>Waldemar Pawe\u0142 Pie\u0144kowski<br \/>\n<em>Dama w Augustowie<\/em><\/p>\n<p>Leonarda Szubzda<br \/>\n<em>Do poprawki<\/em><\/p>\n<p>J\u00f3zefa Drozdowska<br \/>\n<em>Fart w kieszeni<\/em><br \/>\n<em>O kr\u00f3lewskim kocie z Augustowa<\/em><\/p>\n<p>Krystyna Gudel<br \/>\n<em>\u015awiat\u0142o gwiazd<\/em><\/p>\n<p>Celina Mie\u0144kowska<br \/>\n<em>Limeryk<\/em><br \/>\n<em>Limeryk II<\/em><\/p>\n<p>Piotr Waldemar Wi\u015bniewski<br \/>\n<em>Limeryk z legend\u0105<\/em><br \/>\n<em>To nie o to chodzi<\/em><br \/>\n<em>Z cyklu \u201eNieznani u\u0142ani\u201d<\/em><\/p>\n<p>Zofia Wr\u00f3blewska<br \/>\n<em>Limeryk o Augustowie<\/em><\/p>\n<p>Krystyna Walicka<br \/>\n<em>Przedmie\u015bcia w limerykach<\/em><\/p>\n<\/div>\n<\/div><\/div><\/div><div id=\"pgc-23573-1-1\"  class=\"panel-grid-cell\" ><div id=\"panel-23573-1-1-0\" class=\"so-panel widget widget_sow-editor panel-first-child panel-last-child\" data-index=\"4\" ><div\n\t\t\t\n\t\t\tclass=\"so-widget-sow-editor so-widget-sow-editor-base\"\n\t\t\t\n\t\t>\n<div class=\"siteorigin-widget-tinymce textwidget\">\n\t<p>Piotr Waldemar Wi\u015bniewski<br \/>\n<em>W przybli\u017ceniu o kumplu kumpla z dystansu<\/em><br \/>\n<em>Ze szczerbami po s\u0142odkim \u017cyciu<\/em><br \/>\n<em>Mo\u017cliwe tylko rozwi\u0105zanie po\u0142owiczne<\/em><\/p>\n<p>Piotr Waldemar Wi\u015bniewski<br \/>\n<em>Usprawiedliwiona konfabulacja<\/em><br \/>\n<em>Z subiektywnym rankingiem<\/em><\/p>\n<p>Waldemar Pawe\u0142 Pie\u0144kowski<br \/>\n<em>Bia\u0142a flota<\/em><\/p>\n<p>Piotr Waldemar Wi\u015bniewski<br \/>\nTryptyk do-statku<br \/>\n<em>Na Sajnie to mo\u017cna<\/em><br \/>\n<em>Na ptaku wzd\u0142u\u017c ca\u0142ej rzeki?<\/em><br \/>\n<em>Z nocnego rejsu 1977<\/em><\/p>\n<p>J\u00f3zefa Drozdowska<br \/>\n<em>Kocia recepta<\/em><\/p>\n<p>Zofia Wr\u00f3blewska<br \/>\n<em>O butach<\/em><\/p>\n<p>Celina Mie\u0144kowska<br \/>\n<em>Limeryk o le\u015bniczym<\/em><\/p>\n<\/div>\n<\/div><\/div><\/div><div id=\"pgc-23573-1-2\"  class=\"panel-grid-cell\" ><div id=\"panel-23573-1-2-0\" class=\"so-panel widget widget_sow-editor panel-first-child panel-last-child\" data-index=\"5\" ><div\n\t\t\t\n\t\t\tclass=\"so-widget-sow-editor so-widget-sow-editor-base\"\n\t\t\t\n\t\t>\n<div class=\"siteorigin-widget-tinymce textwidget\">\n\t<p>Zofia Wr\u00f3blewska<br \/>\n<em>Limeryk pszczeli<\/em><\/p>\n<p>Urszula Krajewska-Szeligowska<br \/>\nLimeryki z kwiatowym homonimem<br \/>\n<em>Irysy<\/em><br \/>\n<em>Maki<\/em><br \/>\n<em>Nasturcja<\/em><br \/>\n<em>Piwonia<\/em><\/p>\n<p>Waldemar Pawe\u0142 Pie\u0144kowski<br \/>\n<em>Pa\u017a i R\u00f3\u017ca<\/em><\/p>\n<p>Piotr Waldemar Wi\u015bniewski<br \/>\n<em>Limeryki z kwiatkiem<\/em><\/p>\n<p>Waldemar Pawe\u0142 Pie\u0144kowski<br \/>\n<em>Muzeum kolejnictwa<\/em><\/p>\n<p>Piotr Waldemar Wi\u015bniewski<br \/>\n<em>Na szynie za Szczebr\u0105<\/em><br \/>\n<em>A komornik g\u0142odny wci\u0105\u017c<\/em><\/p>\n<p>Waldemar Pawe\u0142 Pie\u0144kowski<br \/>\n<em>Herbata w Kraju Kwitn\u0105cej Wi\u015bni<\/em><\/p>\n<p>Piotr Waldemar Wi\u015bniewski<br \/>\n<em>Czytanie z herbat\u0105<\/em><\/p>\n<\/div>\n<\/div><\/div><\/div><\/div><\/div>","protected":false},"excerpt":{"rendered":"<p>Koncepcja wydawnicza: J\u00f3zefa Drozdowska Opracowanie limeryk\u00f3w: J\u00f3zefa Drozdowska, Leonarda Szubzda Wydanie: 1 ISBN: 978-83-967448-3-8 Stron: 44 Format: 15 x 21 cm (A5) Ok\u0142adka: mi\u0119kka, lakierowana Ksi\u0105\u017cka ta stanowi zbi\u00f3r limeryk\u00f3w przedstawionych podczas Niedzielnych Pogwarek Poetyckich przy Herbatce organizowanych przez J\u00f3zef\u0119 Drozdowsk\u0105 i Ann\u0119 Oleksy w Filii nr 2 Miejskiej Biblioteki Publicznej APK August\u00f3w w latach [&hellip;]<\/p>\n","protected":false},"author":1,"featured_media":23588,"comment_status":"open","ping_status":"closed","template":"","meta":{"h5ap_radio_sources":[],"jetpack_post_was_ever_published":false},"product_brand":[],"product_cat":[272,395],"product_tag":[],"class_list":{"0":"post-23573","1":"product","2":"type-product","3":"status-publish","4":"has-post-thumbnail","6":"product_cat-ksiazki","7":"product_cat-literatura-piekna","9":"first","10":"instock","11":"taxable","12":"shipping-taxable","13":"purchasable","14":"product-type-simple"},"supplier_id":16598,"supplier_sku":"","barcode":null,"atum_controlled":true,"out_stock_date":null,"out_stock_threshold":null,"inheritable":false,"inbound_stock":0,"stock_on_hold":2,"sold_today":0,"sales_last_days":0,"reserved_stock":0,"customer_returns":0,"warehouse_damage":0,"lost_in_post":0,"other_logs":0,"out_stock_days":0,"lost_sales":0,"has_location":false,"update_date":"2026-04-11T00:05:27","atum_locations":[],"atum_stock_status":"instock","restock_status":false,"low_stock_amount":2,"sales_update_date":"2026-04-11T00:05:27","calc_backorders":0,"yoast_head":"<!-- This site is optimized with the Yoast SEO plugin v27.3 - https:\/\/yoast.com\/product\/yoast-seo-wordpress\/ -->\n<title>Herbat wielbicielka rodowodem z Jamin - Jami\u0144ski Zesp\u00f3\u0142 Indeksacyjny<\/title>\n<meta name=\"description\" content=\"Ksi\u0105\u017cka ta stanowi zbi\u00f3r limeryk\u00f3w przedstawionych podczas Niedzielnych Pogwarek Poetyckich przy Herbatce organizowanych przez J\u00f3zef\u0119 Drozdowsk\u0105 i Ann\u0119 Oleksy w Filii nr 2 Miejskiej Biblioteki Publicznej APK August\u00f3w w latach 2017-2020.\" \/>\n<meta name=\"robots\" content=\"index, follow, max-snippet:-1, max-image-preview:large, max-video-preview:-1\" \/>\n<link rel=\"canonical\" href=\"https:\/\/jzi.org.pl\/en\/product\/herbat-wielbicielka-rodowodem-z-jamin\/\" \/>\n<meta property=\"og:locale\" content=\"en_US\" \/>\n<meta property=\"og:type\" content=\"article\" \/>\n<meta property=\"og:title\" content=\"Herbat wielbicielka rodowodem z Jamin - Jami\u0144ski Zesp\u00f3\u0142 Indeksacyjny\" \/>\n<meta property=\"og:description\" content=\"Ksi\u0105\u017cka ta stanowi zbi\u00f3r limeryk\u00f3w przedstawionych podczas Niedzielnych Pogwarek Poetyckich przy Herbatce organizowanych przez J\u00f3zef\u0119 Drozdowsk\u0105 i Ann\u0119 Oleksy w Filii nr 2 Miejskiej Biblioteki Publicznej APK August\u00f3w w latach 2017-2020.\" \/>\n<meta property=\"og:url\" content=\"https:\/\/jzi.org.pl\/en\/product\/herbat-wielbicielka-rodowodem-z-jamin\/\" \/>\n<meta property=\"og:site_name\" content=\"Jami\u0144ski Zesp\u00f3\u0142 Indeksacyjny\" \/>\n<meta property=\"article:publisher\" content=\"https:\/\/www.facebook.com\/Jaminski.Zespol.Indeksacyjny\/\" \/>\n<meta property=\"article:modified_time\" content=\"2026-03-16T18:42:45+00:00\" \/>\n<meta property=\"og:image\" content=\"https:\/\/jzi.org.pl\/wp-content\/uploads\/2023\/05\/herbat-wielbicielka-rodowodem-z-jamin-0-1.jpg\" \/>\n\t<meta property=\"og:image:width\" content=\"1737\" \/>\n\t<meta property=\"og:image:height\" content=\"2370\" \/>\n\t<meta property=\"og:image:type\" content=\"image\/jpeg\" \/>\n<meta name=\"twitter:card\" content=\"summary_large_image\" \/>\n<meta name=\"twitter:label1\" content=\"Est. reading time\" \/>\n\t<meta name=\"twitter:data1\" content=\"2 minutes\" \/>\n<script type=\"application\/ld+json\" class=\"yoast-schema-graph\">{\"@context\":\"https:\\\/\\\/schema.org\",\"@graph\":[{\"@type\":\"WebPage\",\"@id\":\"https:\\\/\\\/jzi.org.pl\\\/produkt\\\/herbat-wielbicielka-rodowodem-z-jamin\\\/\",\"url\":\"https:\\\/\\\/jzi.org.pl\\\/produkt\\\/herbat-wielbicielka-rodowodem-z-jamin\\\/\",\"name\":\"Herbat wielbicielka rodowodem z Jamin - Jami\u0144ski Zesp\u00f3\u0142 Indeksacyjny\",\"isPartOf\":{\"@id\":\"https:\\\/\\\/jzi.org.pl\\\/#website\"},\"primaryImageOfPage\":{\"@id\":\"https:\\\/\\\/jzi.org.pl\\\/produkt\\\/herbat-wielbicielka-rodowodem-z-jamin\\\/#primaryimage\"},\"image\":{\"@id\":\"https:\\\/\\\/jzi.org.pl\\\/produkt\\\/herbat-wielbicielka-rodowodem-z-jamin\\\/#primaryimage\"},\"thumbnailUrl\":\"https:\\\/\\\/jzi.org.pl\\\/wp-content\\\/uploads\\\/2023\\\/05\\\/herbat-wielbicielka-rodowodem-z-jamin-0-1.jpg\",\"datePublished\":\"2023-05-17T09:46:33+00:00\",\"dateModified\":\"2026-03-16T18:42:45+00:00\",\"description\":\"Ksi\u0105\u017cka ta stanowi zbi\u00f3r limeryk\u00f3w przedstawionych podczas Niedzielnych Pogwarek Poetyckich przy Herbatce organizowanych przez J\u00f3zef\u0119 Drozdowsk\u0105 i Ann\u0119 Oleksy w Filii nr 2 Miejskiej Biblioteki Publicznej APK August\u00f3w w latach 2017-2020.\",\"breadcrumb\":{\"@id\":\"https:\\\/\\\/jzi.org.pl\\\/produkt\\\/herbat-wielbicielka-rodowodem-z-jamin\\\/#breadcrumb\"},\"inLanguage\":\"en-US\",\"potentialAction\":[{\"@type\":\"ReadAction\",\"target\":[\"https:\\\/\\\/jzi.org.pl\\\/produkt\\\/herbat-wielbicielka-rodowodem-z-jamin\\\/\"]}]},{\"@type\":\"ImageObject\",\"inLanguage\":\"en-US\",\"@id\":\"https:\\\/\\\/jzi.org.pl\\\/produkt\\\/herbat-wielbicielka-rodowodem-z-jamin\\\/#primaryimage\",\"url\":\"https:\\\/\\\/jzi.org.pl\\\/wp-content\\\/uploads\\\/2023\\\/05\\\/herbat-wielbicielka-rodowodem-z-jamin-0-1.jpg\",\"contentUrl\":\"https:\\\/\\\/jzi.org.pl\\\/wp-content\\\/uploads\\\/2023\\\/05\\\/herbat-wielbicielka-rodowodem-z-jamin-0-1.jpg\",\"width\":1737,\"height\":2370},{\"@type\":\"BreadcrumbList\",\"@id\":\"https:\\\/\\\/jzi.org.pl\\\/produkt\\\/herbat-wielbicielka-rodowodem-z-jamin\\\/#breadcrumb\",\"itemListElement\":[{\"@type\":\"ListItem\",\"position\":1,\"name\":\"Strona g\u0142\u00f3wna\",\"item\":\"https:\\\/\\\/jzi.org.pl\\\/\"},{\"@type\":\"ListItem\",\"position\":2,\"name\":\"Sklep\",\"item\":\"https:\\\/\\\/jzi.org.pl\\\/sklep\\\/\"},{\"@type\":\"ListItem\",\"position\":3,\"name\":\"Herbat wielbicielka rodowodem z Jamin\"}]},{\"@type\":\"WebSite\",\"@id\":\"https:\\\/\\\/jzi.org.pl\\\/#website\",\"url\":\"https:\\\/\\\/jzi.org.pl\\\/\",\"name\":\"Jami\u0144ski Zesp\u00f3\u0142 Indeksacyjny\",\"description\":\"\",\"publisher\":{\"@id\":\"https:\\\/\\\/jzi.org.pl\\\/#organization\"},\"potentialAction\":[{\"@type\":\"SearchAction\",\"target\":{\"@type\":\"EntryPoint\",\"urlTemplate\":\"https:\\\/\\\/jzi.org.pl\\\/?s={search_term_string}\"},\"query-input\":{\"@type\":\"PropertyValueSpecification\",\"valueRequired\":true,\"valueName\":\"search_term_string\"}}],\"inLanguage\":\"en-US\"},{\"@type\":\"Organization\",\"@id\":\"https:\\\/\\\/jzi.org.pl\\\/#organization\",\"name\":\"Jami\u0144ski Zesp\u00f3\u0142 Indeksacyjny\",\"url\":\"https:\\\/\\\/jzi.org.pl\\\/\",\"logo\":{\"@type\":\"ImageObject\",\"inLanguage\":\"en-US\",\"@id\":\"https:\\\/\\\/jzi.org.pl\\\/#\\\/schema\\\/logo\\\/image\\\/\",\"url\":\"https:\\\/\\\/jzi.org.pl\\\/wp-content\\\/uploads\\\/2019\\\/03\\\/logo-stowarzyszenie-jzi.png\",\"contentUrl\":\"https:\\\/\\\/jzi.org.pl\\\/wp-content\\\/uploads\\\/2019\\\/03\\\/logo-stowarzyszenie-jzi.png\",\"width\":931,\"height\":990,\"caption\":\"Jami\u0144ski Zesp\u00f3\u0142 Indeksacyjny\"},\"image\":{\"@id\":\"https:\\\/\\\/jzi.org.pl\\\/#\\\/schema\\\/logo\\\/image\\\/\"},\"sameAs\":[\"https:\\\/\\\/www.facebook.com\\\/Jaminski.Zespol.Indeksacyjny\\\/\"]}]}<\/script>\n<!-- \/ Yoast SEO plugin. -->","yoast_head_json":{"title":"Herbat wielbicielka rodowodem z Jamin - Jami\u0144ski Zesp\u00f3\u0142 Indeksacyjny","description":"Ksi\u0105\u017cka ta stanowi zbi\u00f3r limeryk\u00f3w przedstawionych podczas Niedzielnych Pogwarek Poetyckich przy Herbatce organizowanych przez J\u00f3zef\u0119 Drozdowsk\u0105 i Ann\u0119 Oleksy w Filii nr 2 Miejskiej Biblioteki Publicznej APK August\u00f3w w latach 2017-2020.","robots":{"index":"index","follow":"follow","max-snippet":"max-snippet:-1","max-image-preview":"max-image-preview:large","max-video-preview":"max-video-preview:-1"},"canonical":"https:\/\/jzi.org.pl\/en\/product\/herbat-wielbicielka-rodowodem-z-jamin\/","og_locale":"en_US","og_type":"article","og_title":"Herbat wielbicielka rodowodem z Jamin - Jami\u0144ski Zesp\u00f3\u0142 Indeksacyjny","og_description":"Ksi\u0105\u017cka ta stanowi zbi\u00f3r limeryk\u00f3w przedstawionych podczas Niedzielnych Pogwarek Poetyckich przy Herbatce organizowanych przez J\u00f3zef\u0119 Drozdowsk\u0105 i Ann\u0119 Oleksy w Filii nr 2 Miejskiej Biblioteki Publicznej APK August\u00f3w w latach 2017-2020.","og_url":"https:\/\/jzi.org.pl\/en\/product\/herbat-wielbicielka-rodowodem-z-jamin\/","og_site_name":"Jami\u0144ski Zesp\u00f3\u0142 Indeksacyjny","article_publisher":"https:\/\/www.facebook.com\/Jaminski.Zespol.Indeksacyjny\/","article_modified_time":"2026-03-16T18:42:45+00:00","og_image":[{"width":1737,"height":2370,"url":"https:\/\/jzi.org.pl\/wp-content\/uploads\/2023\/05\/herbat-wielbicielka-rodowodem-z-jamin-0-1.jpg","type":"image\/jpeg"}],"twitter_card":"summary_large_image","twitter_misc":{"Est. reading time":"2 minutes"},"schema":{"@context":"https:\/\/schema.org","@graph":[{"@type":"WebPage","@id":"https:\/\/jzi.org.pl\/produkt\/herbat-wielbicielka-rodowodem-z-jamin\/","url":"https:\/\/jzi.org.pl\/produkt\/herbat-wielbicielka-rodowodem-z-jamin\/","name":"Herbat wielbicielka rodowodem z Jamin - Jami\u0144ski Zesp\u00f3\u0142 Indeksacyjny","isPartOf":{"@id":"https:\/\/jzi.org.pl\/#website"},"primaryImageOfPage":{"@id":"https:\/\/jzi.org.pl\/produkt\/herbat-wielbicielka-rodowodem-z-jamin\/#primaryimage"},"image":{"@id":"https:\/\/jzi.org.pl\/produkt\/herbat-wielbicielka-rodowodem-z-jamin\/#primaryimage"},"thumbnailUrl":"https:\/\/jzi.org.pl\/wp-content\/uploads\/2023\/05\/herbat-wielbicielka-rodowodem-z-jamin-0-1.jpg","datePublished":"2023-05-17T09:46:33+00:00","dateModified":"2026-03-16T18:42:45+00:00","description":"Ksi\u0105\u017cka ta stanowi zbi\u00f3r limeryk\u00f3w przedstawionych podczas Niedzielnych Pogwarek Poetyckich przy Herbatce organizowanych przez J\u00f3zef\u0119 Drozdowsk\u0105 i Ann\u0119 Oleksy w Filii nr 2 Miejskiej Biblioteki Publicznej APK August\u00f3w w latach 2017-2020.","breadcrumb":{"@id":"https:\/\/jzi.org.pl\/produkt\/herbat-wielbicielka-rodowodem-z-jamin\/#breadcrumb"},"inLanguage":"en-US","potentialAction":[{"@type":"ReadAction","target":["https:\/\/jzi.org.pl\/produkt\/herbat-wielbicielka-rodowodem-z-jamin\/"]}]},{"@type":"ImageObject","inLanguage":"en-US","@id":"https:\/\/jzi.org.pl\/produkt\/herbat-wielbicielka-rodowodem-z-jamin\/#primaryimage","url":"https:\/\/jzi.org.pl\/wp-content\/uploads\/2023\/05\/herbat-wielbicielka-rodowodem-z-jamin-0-1.jpg","contentUrl":"https:\/\/jzi.org.pl\/wp-content\/uploads\/2023\/05\/herbat-wielbicielka-rodowodem-z-jamin-0-1.jpg","width":1737,"height":2370},{"@type":"BreadcrumbList","@id":"https:\/\/jzi.org.pl\/produkt\/herbat-wielbicielka-rodowodem-z-jamin\/#breadcrumb","itemListElement":[{"@type":"ListItem","position":1,"name":"Strona g\u0142\u00f3wna","item":"https:\/\/jzi.org.pl\/"},{"@type":"ListItem","position":2,"name":"Sklep","item":"https:\/\/jzi.org.pl\/sklep\/"},{"@type":"ListItem","position":3,"name":"Herbat wielbicielka rodowodem z Jamin"}]},{"@type":"WebSite","@id":"https:\/\/jzi.org.pl\/#website","url":"https:\/\/jzi.org.pl\/","name":"Jaminy Indexing Team","description":"","publisher":{"@id":"https:\/\/jzi.org.pl\/#organization"},"potentialAction":[{"@type":"SearchAction","target":{"@type":"EntryPoint","urlTemplate":"https:\/\/jzi.org.pl\/?s={search_term_string}"},"query-input":{"@type":"PropertyValueSpecification","valueRequired":true,"valueName":"search_term_string"}}],"inLanguage":"en-US"},{"@type":"Organization","@id":"https:\/\/jzi.org.pl\/#organization","name":"Jaminy Indexing Team","url":"https:\/\/jzi.org.pl\/","logo":{"@type":"ImageObject","inLanguage":"en-US","@id":"https:\/\/jzi.org.pl\/#\/schema\/logo\/image\/","url":"https:\/\/jzi.org.pl\/wp-content\/uploads\/2019\/03\/logo-stowarzyszenie-jzi.png","contentUrl":"https:\/\/jzi.org.pl\/wp-content\/uploads\/2019\/03\/logo-stowarzyszenie-jzi.png","width":931,"height":990,"caption":"Jami\u0144ski Zesp\u00f3\u0142 Indeksacyjny"},"image":{"@id":"https:\/\/jzi.org.pl\/#\/schema\/logo\/image\/"},"sameAs":["https:\/\/www.facebook.com\/Jaminski.Zespol.Indeksacyjny\/"]}]}},"jetpack_likes_enabled":true,"jetpack_sharing_enabled":true,"_links":{"self":[{"href":"https:\/\/jzi.org.pl\/en\/wp-json\/wp\/v2\/product\/23573","targetHints":{"allow":["GET"]}}],"collection":[{"href":"https:\/\/jzi.org.pl\/en\/wp-json\/wp\/v2\/product"}],"about":[{"href":"https:\/\/jzi.org.pl\/en\/wp-json\/wp\/v2\/types\/product"}],"author":[{"embeddable":true,"href":"https:\/\/jzi.org.pl\/en\/wp-json\/wp\/v2\/users\/1"}],"replies":[{"embeddable":true,"href":"https:\/\/jzi.org.pl\/en\/wp-json\/wp\/v2\/comments?post=23573"}],"wp:featuredmedia":[{"embeddable":true,"href":"https:\/\/jzi.org.pl\/en\/wp-json\/wp\/v2\/media\/23588"}],"wp:attachment":[{"href":"https:\/\/jzi.org.pl\/en\/wp-json\/wp\/v2\/media?parent=23573"}],"wp:term":[{"taxonomy":"product_brand","embeddable":true,"href":"https:\/\/jzi.org.pl\/en\/wp-json\/wp\/v2\/product_brand?post=23573"},{"taxonomy":"product_cat","embeddable":true,"href":"https:\/\/jzi.org.pl\/en\/wp-json\/wp\/v2\/product_cat?post=23573"},{"taxonomy":"product_tag","embeddable":true,"href":"https:\/\/jzi.org.pl\/en\/wp-json\/wp\/v2\/product_tag?post=23573"}],"curies":[{"name":"wp","href":"https:\/\/api.w.org\/{rel}","templated":true}]}}