{"id":23302,"date":"2023-03-15T13:43:30","date_gmt":"2023-03-15T12:43:30","guid":{"rendered":"https:\/\/jzi.org.pl\/?post_type=product&#038;p=23302"},"modified":"2025-12-31T10:58:00","modified_gmt":"2025-12-31T09:58:00","slug":"piekno-ziemi-suwalskiej","status":"publish","type":"product","link":"https:\/\/jzi.org.pl\/en\/product\/piekno-ziemi-suwalskiej\/","title":{"rendered":"Pi\u0119kno ziemi suwalskiej"},"content":{"rendered":"<div id=\"pl-23302\"  class=\"panel-layout\" ><div id=\"pg-23302-0\"  class=\"panel-grid panel-no-style\" ><div id=\"pgc-23302-0-0\"  class=\"panel-grid-cell\" ><div id=\"panel-23302-0-0-0\" class=\"so-panel widget widget_sow-editor panel-first-child\" data-index=\"0\" ><div\n\t\t\t\n\t\t\tclass=\"so-widget-sow-editor so-widget-sow-editor-base\"\n\t\t\t\n\t\t>\n<div class=\"siteorigin-widget-tinymce textwidget\">\n\t<\/div>\n<\/div><\/div><div id=\"panel-23302-0-0-1\" class=\"so-panel widget widget_sow-editor\" data-index=\"1\" ><div\n\t\t\t\n\t\t\tclass=\"so-widget-sow-editor so-widget-sow-editor-base\"\n\t\t\t\n\t\t>\n<div class=\"siteorigin-widget-tinymce textwidget\">\n\t<p>Autor: Antoni Patla<\/p>\n<p>Wydanie: 3 poprawione<\/p>\n<p>ISBN: 978-83-967448-1-4<\/p>\n<p>Stron: 162<\/p>\n<p>Format: 14,8 x 21 cm<\/p>\n<p>Cover: soft, lacquered<\/p>\n<\/div>\n<\/div><\/div><div id=\"panel-23302-0-0-2\" class=\"so-panel widget widget_sow-editor\" data-index=\"2\" ><div\n\t\t\t\n\t\t\tclass=\"so-widget-sow-editor so-widget-sow-editor-base\"\n\t\t\t\n\t\t><h3 class=\"widget-title\">More information<\/h3>\n<div class=\"siteorigin-widget-tinymce textwidget\">\n\t<div id=\"pg-18543-1\" class=\"panel-grid panel-no-style\">\n<div id=\"pgc-18543-1-0\" class=\"panel-grid-cell\">\n<div id=\"panel-18543-1-0-0\" class=\"so-panel widget widget_sow-editor panel-first-child panel-last-child\" data-index=\"3\">\n<div class=\"panel-widget-style panel-widget-style-for-18543-1-0-0\">\n<div class=\"so-widget-sow-editor so-widget-sow-editor-base\">\n<div class=\"siteorigin-widget-tinymce textwidget\">\n<p>Je\u017celi, drogi Czytelniku, w\u0142\u00f3czy\u0142e\u015b si\u0119 ju\u017c kiedy\u015b po tej dziwnej krainie puszcz i jezior, skusi Ci\u0119 mo\u017ce do przerzucenia tych kart, by skonfrontowa\u0107 prze\u017cycia w\u0142asne, z prze\u017cyciami autora.<\/p>\n<p>A je\u015bli stopa Twoja nigdy jeszcze na Suwalszczy\u017anie nie stan\u0119\u0142a? Wtedy, po przeczytaniu tych kart uznasz, \u017ce dla Ciebie one zosta\u0142y napisane. O tobie my\u015bla\u0142em, pisz\u0105c te karty i rozdzia\u0142y.<\/p>\n<p>Teraz ju\u017c jeste\u015bmy zgodni, \u017ce ksi\u0105\u017cka ta powinna si\u0119 by\u0142a ukaza\u0107. Ale czy tak Sobie j\u0105 wyobra\u017ca\u0142e\u015b?<\/p>\n<p>Nie odmierza Ci ona na trasie wycieczkowej kilometr\u00f3w i nie wskazuje miejsc na obozowanie. Nie podkre\u015bla, na jakiej wysoko\u015bci bezwzgl\u0119dnej znajdujemy si\u0119 w tym, czy innym punkcie wycieczki. Lekcewa\u017cy tak wa\u017cn\u0105 okoliczno\u015b\u0107, \u017ce tu jest szko\u0142a, a \u00f3wdzie sklep spo\u017cywczy. A przecie\u017c takie informacje powinny by\u0107 nieod\u0142\u0105czn\u0105 cz\u0119\u015bci\u0105 sk\u0142adow\u0105 ka\u017cdego \u201eszanuj\u0105cego si\u0119\u201d przewodnika...<\/p>\n<p>Nie znajduj\u0105c tego wszystkiego, b\u0119dziesz po przeczytaniu tych kart srodze rozczarowany i zawiedziony. W konkluzji mo\u017ce powiesz: to nie jest \u017caden przewodnik!...<\/p>\n<p>Ale\u017c po stokro\u0107 racja! To nie jest przewodnik w konwencjonalnym tego s\u0142owa znaczeniu... Uwa\u017cam, \u017ce kilometry sam sobie odmierzysz i sam miejsce dobre na biwak wybierzesz, pod\u0142ug osobistego upodobania.<\/p>\n<p>\u201ePrzewodnik\u201d m\u00f3j (w cudzys\u0142owie) ma zgo\u0142a inne za\u0142o\u017cenie \u201emetodologiczne\u201d: chce pom\u00f3c tury\u015bcie w wydobyciu z krajobrazu, kt\u00f3rym w\u0119druje, jego niepochwytnego czaru, jego uroku i subtelnej poezji. Chcia\u0142bym Ci, Czytelniku, przybli\u017cy\u0107 i unaoczni\u0107 wszystkie bogactwa Ziemi Suwalskiej, do kt\u00f3rych w samotnej w\u0119dr\u00f3wce \u2013 by\u0107 mo\u017ce \u2013 nie trafisz, bo ukryte s\u0105 g\u0142\u0119boko... \u201ePrzewodnik\u201d m\u00f3j da Ci do nich klucz.<\/p>\n<p>A je\u015bli mimochodem znajdziesz tu tak\u017ce informacje rzeczowe, odnosz\u0105ce si\u0119 do geologicznych, archeologicznych czy historycznych zagadnie\u0144, \u0142atwiej ju\u017c odgadniesz, dlaczego podaj\u0119 je w nieco swobodniejszej oprawie. Zrozumiesz, \u017ce czyni\u0119 to dlatego, aby Ci ka\u017cdy element w\u0119dr\u00f3wki po tej uroczej ziemi nie tylko wype\u0142ni\u0107 tre\u015bci\u0105, ale i poda\u0107 jak najserdeczniej...<\/p>\n<p>Je\u015bli tak w\u0142a\u015bnie \u201efaktur\u0119\u201d tej ksi\u0105\u017cki odbierzesz, b\u0119dziemy ze sob\u0105 w zgodzie i w\u0119dr\u00f3wk\u0119 po kartach ksi\u0105\u017cki zako\u0144czysz z pewno\u015bci\u0105 po samej ju\u017c krainie puszcz i jezior, czego serdecznie \u017cyczy Ci \u2013 autor.<\/p>\n<\/div>\n<\/div>\n<\/div>\n<\/div>\n<\/div>\n<\/div>\n<\/div>\n<\/div><\/div><div id=\"panel-23302-0-0-3\" class=\"so-panel widget widget_sow-editor panel-last-child\" data-index=\"3\" ><div\n\t\t\t\n\t\t\tclass=\"so-widget-sow-editor so-widget-sow-editor-base\"\n\t\t\t\n\t\t><h3 class=\"widget-title\">Indeks miejscowo\u015bci <\/h3>\n<div class=\"siteorigin-widget-tinymce textwidget\">\n\t<\/div>\n<\/div><\/div><\/div><\/div><div id=\"pg-23302-1\"  class=\"panel-grid panel-no-style\" ><div id=\"pgc-23302-1-0\"  class=\"panel-grid-cell\" ><div id=\"panel-23302-1-0-0\" class=\"so-panel widget widget_sow-editor panel-first-child panel-last-child\" data-index=\"4\" ><div\n\t\t\t\n\t\t\tclass=\"so-widget-sow-editor so-widget-sow-editor-base\"\n\t\t\t\n\t\t>\n<div class=\"siteorigin-widget-tinymce textwidget\">\n\t<p>Aleksandrowo<br \/>\nAteny<br \/>\nAugust\u00f3w<br \/>\nBachanowo<br \/>\nBaka\u0142arzewo<br \/>\nBecej\u0142y<br \/>\nBer\u017cniki<br \/>\nBia\u0142a Woda<br \/>\nBia\u0142owier\u015bnie<br \/>\nBiernatki<br \/>\nBlaskowizna<br \/>\nBlizna<br \/>\nB\u0142askowizna<br \/>\nBoksze<br \/>\nBondziszki<br \/>\nBryzgiel<br \/>\nBuda Ruska<br \/>\nBydgoszcz<br \/>\nCimochowizna<br \/>\nCis\u00f3wek<br \/>\nCzajewszczyzna<br \/>\nCzarne<br \/>\nCzarny Br\u00f3d<br \/>\nCzerwony Folwark<br \/>\nCzerwony Krzy\u017c<br \/>\nDajnowo, Bia\u0142oru\u015b<br \/>\nDanowskie<br \/>\nDermejki<br \/>\nDowspuda<br \/>\nDruskieniki, Litwa<br \/>\nDzierwany<br \/>\nDzierwiany<br \/>\nE\u0142k<br \/>\nFilip\u00f3w<br \/>\nFr\u0105cki<br \/>\nGabowe Gr\u0105dy<br \/>\nGarbas<br \/>\nGatne Gawrych Ruda<br \/>\nGda\u0144sk<br \/>\nGeret<br \/>\nGiby<br \/>\nGi\u017cycko<br \/>\nG\u0142uszyn<br \/>\nGorczyca<br \/>\nGremzdel<br \/>\nGremzdy<br \/>\nGremzdy Ruskie<br \/>\nGrodno, Bia\u0142oru\u015b<br \/>\nGruszki<br \/>\nGulbieniszki<br \/>\nHavenlock Huta<br \/>\nI\u0142awa<br \/>\nIwaniszki<br \/>\nIwan\u00f3wka<br \/>\nJatwiesk, Bia\u0142oru\u015b<br \/>\nJatwie\u017c<br \/>\nJeg\u0142\u00f3wek<br \/>\nJeleniewa<br \/>\nJeleniewo<br \/>\nJemieliste<br \/>\nJurydyka Pu\u0144ska<br \/>\nKadaryszki<br \/>\nKalejty<br \/>\nKaletnik<br \/>\nKamionka<br \/>\nKleszcz\u00f3wek<br \/>\nK\u0142ajpeda<br \/>\nKoniecb\u00f3r<br \/>\nKopanica<br \/>\nKowno, Litwa<br \/>\nKrak\u00f3w<br \/>\nKrasnopol<br \/>\nKr\u00f3lewiec (Kaliningrad, Rosja)<br \/>\nKruszki<br \/>\nKruszniki<br \/>\nKrzywe<br \/>\nKrzyw\u00f3lka<br \/>\nKukle<br \/>\nKuk\u00f3w<\/p>\n<\/div>\n<\/div><\/div><\/div><div id=\"pgc-23302-1-1\"  class=\"panel-grid-cell\" ><div id=\"panel-23302-1-1-0\" class=\"so-panel widget widget_sow-editor panel-first-child panel-last-child\" data-index=\"5\" ><div\n\t\t\t\n\t\t\tclass=\"so-widget-sow-editor so-widget-sow-editor-base\"\n\t\t\t\n\t\t>\n<div class=\"siteorigin-widget-tinymce textwidget\">\n\t<p>Leszczewo<br \/>\nLeszcz\u00f3wek<br \/>\nLipniak<br \/>\nLipsk<br \/>\nLizdejki<br \/>\nLublin<br \/>\n\u0141anowicze<br \/>\n\u0141a\u0144cut<br \/>\n\u0141om\u017ca<br \/>\n\u0141opuchowo<br \/>\n\u0141ozki<br \/>\n\u0141\u00f3d\u017a<br \/>\nMacharce<br \/>\nMa\u0107kowa Ruda<br \/>\nMakowszczyzna<br \/>\nMa\u0142owiste<br \/>\nMarianka<br \/>\nMaszutkinie<br \/>\nMauda<br \/>\nMerecz, Litwa<br \/>\nMikasz\u00f3wka<br \/>\nMiko\u0142ajewo<br \/>\nMonkinie<br \/>\nMotule<br \/>\nNikolsk<br \/>\nNowy Jork<br \/>\nOkliny<br \/>\nOk\u00f3\u0142ek<br \/>\nOkr\u0105g\u0142e<br \/>\nOkuniowiec<br \/>\nOlecko<br \/>\nOlsztyn<br \/>\nOsinki<br \/>\nOsowa<br \/>\nPaniewo<br \/>\nPaw\u0142\u00f3wka<br \/>\nPerku\u0107<br \/>\nPiecki<br \/>\nPiertanie<br \/>\nPijawne Ruskie<br \/>\nPi\u0144cz\u00f3w<br \/>\nP\u0142aska<br \/>\nP\u0142ociczno<br \/>\nP\u0142ock<br \/>\nPobondzie<br \/>\nPo\u0107kuny<br \/>\nPodleszczewo<br \/>\nPodmacharce<br \/>\nPodwysokie Jeleniewskie<br \/>\nPogorzelce<br \/>\nPokomsze<br \/>\nPokrowsk<br \/>\nPoplin<br \/>\nPosejnele<br \/>\nPotasznia<br \/>\nPozna\u0144<br \/>\nPrawy Las<br \/>\nPrudziszki<br \/>\nPrzejma<br \/>\nPrze\u0142om, Bia\u0142oru\u015b<br \/>\nPrzero\u015bl<br \/>\nPrzewi\u0119\u017a<br \/>\nPu\u0144sk<br \/>\nRaczki<br \/>\nRajgr\u00f3d<br \/>\nRak\u00f3w<br \/>\nRak\u00f3wek<br \/>\nRemie\u0144kinie<br \/>\nRogo\u017cajny<br \/>\nRosochaty R\u00f3g<br \/>\nRowele<br \/>\nRutka<br \/>\nRutka Tartak<br \/>\nRutki<br \/>\nRygol<br \/>\nRy\u017c\u00f3wka<br \/>\nSejny<br \/>\nSejwy<br \/>\nSernetka<\/p>\n<\/div>\n<\/div><\/div><\/div><div id=\"pgc-23302-1-2\"  class=\"panel-grid-cell\" ><div id=\"panel-23302-1-2-0\" class=\"so-panel widget widget_sow-editor panel-first-child panel-last-child\" data-index=\"6\" ><div\n\t\t\t\n\t\t\tclass=\"so-widget-sow-editor so-widget-sow-editor-base\"\n\t\t\t\n\t\t>\n<div class=\"siteorigin-widget-tinymce textwidget\">\n\t<p>Serw<br \/>\nSerwy<br \/>\nSidor\u00f3wka<br \/>\nSierpc<br \/>\nSkustele<br \/>\nS\u0142upie<br \/>\nSmolany<br \/>\nSmole\u0144ka<br \/>\nSmolniki<br \/>\nSobolewo<br \/>\nSoliny<br \/>\nSosn\u00f3wek<br \/>\nStabie\u0144szczyzna<br \/>\nStara Ha\u0144cza<br \/>\nStara \u017bubr\u00f3wka<br \/>\nStary Br\u00f3d<br \/>\nStary Folwark<br \/>\nStr\u0119kowizna<br \/>\nStudzieniczna<br \/>\nStudzieniczne<br \/>\nSucha Rzeczka<br \/>\nSuchodo\u0142y<br \/>\nSudawskie<br \/>\nSudwa<br \/>\nSumowo<br \/>\nSupienie<br \/>\nSura\u017c<br \/>\nSuwa\u0142ki<br \/>\nSzczebra<br \/>\nSzczecin<br \/>\nSzczepki<br \/>\nSzczytno<br \/>\nSzelment<br \/>\nSzembelewo<br \/>\nSzeszupka<br \/>\nSzklarska Por\u0119ba<br \/>\nSzkocja<br \/>\nSztabin<br \/>\nSzurpi\u0142y<br \/>\nSzwajcaria<br \/>\nSzypliszki<br \/>\nTargowiska<br \/>\nTargowisko<br \/>\nTartaczysko<br \/>\nTobo\u0142owo<br \/>\nTrakiszki<br \/>\nTur\u00f3wka<br \/>\nTurtul<br \/>\nTykocin<br \/>\nTyl\u017ca, Rosja<br \/>\nUdziejki<br \/>\nWarszawa<br \/>\nWasilczyki<br \/>\nWidugiery<br \/>\nWigry<br \/>\nWilno, Litwa<br \/>\nWizna<br \/>\nWi\u017cajny<br \/>\nWodzi\u0142ki<br \/>\nWo\u0142ownia<br \/>\nW\u00f3lka<br \/>\nWroc\u0142aw<br \/>\nWr\u00f3bel<br \/>\nWychodne<br \/>\nWysoka<br \/>\nWysoki Most<br \/>\nZakopane<br \/>\nZarzecze Jeleniewskie<br \/>\nZdrojczyszki<br \/>\nZelwa<br \/>\nZusno<br \/>\n\u017barnowo<br \/>\n\u017bubronajcie<br \/>\n\u017bubr\u00f3wka<br \/>\n\u017bubryn<br \/>\n\u017bubrynek<br \/>\n\u017byliny<br \/>\n\u017bywa Woda<\/p>\n<\/div>\n<\/div><\/div><\/div><\/div><\/div>","protected":false},"excerpt":{"rendered":"<p>Autor: Antoni Patla Wydanie: 3 poprawione ISBN: 978-83-967448-1-4 Stron: 162 Format: 14,8 x 21 cm Ok\u0142adka: mi\u0119kka, lakierowana Je\u017celi, drogi Czytelniku, w\u0142\u00f3czy\u0142e\u015b si\u0119 ju\u017c kiedy\u015b po tej dziwnej krainie puszcz i jezior, skusi Ci\u0119 mo\u017ce do przerzucenia tych kart, by skonfrontowa\u0107 prze\u017cycia w\u0142asne, z prze\u017cyciami autora. A je\u015bli stopa Twoja nigdy jeszcze na Suwalszczy\u017anie nie [&hellip;]<\/p>\n","protected":false},"author":1,"featured_media":23318,"comment_status":"open","ping_status":"closed","template":"","meta":{"h5ap_radio_sources":[],"jetpack_post_was_ever_published":false},"product_brand":[],"product_cat":[272,396],"product_tag":[],"class_list":{"0":"post-23302","1":"product","2":"type-product","3":"status-publish","4":"has-post-thumbnail","6":"product_cat-ksiazki","7":"product_cat-pozostale","9":"first","10":"instock","11":"featured","12":"taxable","13":"shipping-taxable","14":"purchasable","15":"product-type-simple"},"supplier_id":16598,"supplier_sku":"","barcode":null,"atum_controlled":true,"out_stock_date":null,"out_stock_threshold":null,"inheritable":false,"inbound_stock":0,"stock_on_hold":0,"sold_today":0,"sales_last_days":0,"reserved_stock":0,"customer_returns":0,"warehouse_damage":0,"lost_in_post":0,"other_logs":0,"out_stock_days":0,"lost_sales":0,"has_location":false,"update_date":"2026-04-11T00:05:27","atum_locations":[],"atum_stock_status":"instock","restock_status":false,"low_stock_amount":5,"sales_update_date":"2026-04-11T00:05:27","calc_backorders":0,"yoast_head":"<!-- This site is optimized with the Yoast SEO plugin v27.3 - https:\/\/yoast.com\/product\/yoast-seo-wordpress\/ -->\n<title>Pi\u0119kno ziemi suwalskiej - Jami\u0144ski Zesp\u00f3\u0142 Indeksacyjny<\/title>\n<meta name=\"robots\" content=\"index, follow, max-snippet:-1, max-image-preview:large, max-video-preview:-1\" \/>\n<link rel=\"canonical\" href=\"https:\/\/jzi.org.pl\/en\/product\/piekno-ziemi-suwalskiej\/\" \/>\n<meta property=\"og:locale\" content=\"en_US\" \/>\n<meta property=\"og:type\" content=\"article\" \/>\n<meta property=\"og:title\" content=\"Pi\u0119kno ziemi suwalskiej - Jami\u0144ski Zesp\u00f3\u0142 Indeksacyjny\" \/>\n<meta property=\"og:description\" content=\"Autor: Antoni Patla Wydanie: 3 poprawione ISBN: 978-83-967448-1-4 Stron: 162 Format: 14,8 x 21 cm Ok\u0142adka: mi\u0119kka, lakierowana Je\u017celi, drogi Czytelniku, w\u0142\u00f3czy\u0142e\u015b si\u0119 ju\u017c kiedy\u015b po tej dziwnej krainie puszcz i jezior, skusi Ci\u0119 mo\u017ce do przerzucenia tych kart, by skonfrontowa\u0107 prze\u017cycia w\u0142asne, z prze\u017cyciami autora. A je\u015bli stopa Twoja nigdy jeszcze na Suwalszczy\u017anie nie [&hellip;]\" \/>\n<meta property=\"og:url\" content=\"https:\/\/jzi.org.pl\/en\/product\/piekno-ziemi-suwalskiej\/\" \/>\n<meta property=\"og:site_name\" content=\"Jami\u0144ski Zesp\u00f3\u0142 Indeksacyjny\" \/>\n<meta property=\"article:publisher\" content=\"https:\/\/www.facebook.com\/Jaminski.Zespol.Indeksacyjny\/\" \/>\n<meta property=\"article:modified_time\" content=\"2025-12-31T09:58:00+00:00\" \/>\n<meta property=\"og:image\" content=\"https:\/\/jzi.org.pl\/wp-content\/uploads\/2023\/03\/piekno-ziemi-suwalskiej-0.jpg\" \/>\n\t<meta property=\"og:image:width\" content=\"1735\" \/>\n\t<meta property=\"og:image:height\" content=\"2445\" \/>\n\t<meta property=\"og:image:type\" content=\"image\/jpeg\" \/>\n<meta name=\"twitter:card\" content=\"summary_large_image\" \/>\n<meta name=\"twitter:label1\" content=\"Est. reading time\" \/>\n\t<meta name=\"twitter:data1\" content=\"4 minutes\" \/>\n<script type=\"application\/ld+json\" class=\"yoast-schema-graph\">{\"@context\":\"https:\\\/\\\/schema.org\",\"@graph\":[{\"@type\":\"WebPage\",\"@id\":\"https:\\\/\\\/jzi.org.pl\\\/produkt\\\/piekno-ziemi-suwalskiej\\\/\",\"url\":\"https:\\\/\\\/jzi.org.pl\\\/produkt\\\/piekno-ziemi-suwalskiej\\\/\",\"name\":\"Pi\u0119kno ziemi suwalskiej - Jami\u0144ski Zesp\u00f3\u0142 Indeksacyjny\",\"isPartOf\":{\"@id\":\"https:\\\/\\\/jzi.org.pl\\\/#website\"},\"primaryImageOfPage\":{\"@id\":\"https:\\\/\\\/jzi.org.pl\\\/produkt\\\/piekno-ziemi-suwalskiej\\\/#primaryimage\"},\"image\":{\"@id\":\"https:\\\/\\\/jzi.org.pl\\\/produkt\\\/piekno-ziemi-suwalskiej\\\/#primaryimage\"},\"thumbnailUrl\":\"https:\\\/\\\/jzi.org.pl\\\/wp-content\\\/uploads\\\/2023\\\/03\\\/piekno-ziemi-suwalskiej-0.jpg\",\"datePublished\":\"2023-03-15T12:43:30+00:00\",\"dateModified\":\"2025-12-31T09:58:00+00:00\",\"breadcrumb\":{\"@id\":\"https:\\\/\\\/jzi.org.pl\\\/produkt\\\/piekno-ziemi-suwalskiej\\\/#breadcrumb\"},\"inLanguage\":\"en-US\",\"potentialAction\":[{\"@type\":\"ReadAction\",\"target\":[\"https:\\\/\\\/jzi.org.pl\\\/produkt\\\/piekno-ziemi-suwalskiej\\\/\"]}]},{\"@type\":\"ImageObject\",\"inLanguage\":\"en-US\",\"@id\":\"https:\\\/\\\/jzi.org.pl\\\/produkt\\\/piekno-ziemi-suwalskiej\\\/#primaryimage\",\"url\":\"https:\\\/\\\/jzi.org.pl\\\/wp-content\\\/uploads\\\/2023\\\/03\\\/piekno-ziemi-suwalskiej-0.jpg\",\"contentUrl\":\"https:\\\/\\\/jzi.org.pl\\\/wp-content\\\/uploads\\\/2023\\\/03\\\/piekno-ziemi-suwalskiej-0.jpg\",\"width\":1735,\"height\":2445},{\"@type\":\"BreadcrumbList\",\"@id\":\"https:\\\/\\\/jzi.org.pl\\\/produkt\\\/piekno-ziemi-suwalskiej\\\/#breadcrumb\",\"itemListElement\":[{\"@type\":\"ListItem\",\"position\":1,\"name\":\"Strona g\u0142\u00f3wna\",\"item\":\"https:\\\/\\\/jzi.org.pl\\\/\"},{\"@type\":\"ListItem\",\"position\":2,\"name\":\"Sklep\",\"item\":\"https:\\\/\\\/jzi.org.pl\\\/sklep\\\/\"},{\"@type\":\"ListItem\",\"position\":3,\"name\":\"Pi\u0119kno ziemi suwalskiej\"}]},{\"@type\":\"WebSite\",\"@id\":\"https:\\\/\\\/jzi.org.pl\\\/#website\",\"url\":\"https:\\\/\\\/jzi.org.pl\\\/\",\"name\":\"Jami\u0144ski Zesp\u00f3\u0142 Indeksacyjny\",\"description\":\"\",\"publisher\":{\"@id\":\"https:\\\/\\\/jzi.org.pl\\\/#organization\"},\"potentialAction\":[{\"@type\":\"SearchAction\",\"target\":{\"@type\":\"EntryPoint\",\"urlTemplate\":\"https:\\\/\\\/jzi.org.pl\\\/?s={search_term_string}\"},\"query-input\":{\"@type\":\"PropertyValueSpecification\",\"valueRequired\":true,\"valueName\":\"search_term_string\"}}],\"inLanguage\":\"en-US\"},{\"@type\":\"Organization\",\"@id\":\"https:\\\/\\\/jzi.org.pl\\\/#organization\",\"name\":\"Jami\u0144ski Zesp\u00f3\u0142 Indeksacyjny\",\"url\":\"https:\\\/\\\/jzi.org.pl\\\/\",\"logo\":{\"@type\":\"ImageObject\",\"inLanguage\":\"en-US\",\"@id\":\"https:\\\/\\\/jzi.org.pl\\\/#\\\/schema\\\/logo\\\/image\\\/\",\"url\":\"https:\\\/\\\/jzi.org.pl\\\/wp-content\\\/uploads\\\/2019\\\/03\\\/logo-stowarzyszenie-jzi.png\",\"contentUrl\":\"https:\\\/\\\/jzi.org.pl\\\/wp-content\\\/uploads\\\/2019\\\/03\\\/logo-stowarzyszenie-jzi.png\",\"width\":931,\"height\":990,\"caption\":\"Jami\u0144ski Zesp\u00f3\u0142 Indeksacyjny\"},\"image\":{\"@id\":\"https:\\\/\\\/jzi.org.pl\\\/#\\\/schema\\\/logo\\\/image\\\/\"},\"sameAs\":[\"https:\\\/\\\/www.facebook.com\\\/Jaminski.Zespol.Indeksacyjny\\\/\"]}]}<\/script>\n<!-- \/ Yoast SEO plugin. -->","yoast_head_json":{"title":"Pi\u0119kno ziemi suwalskiej - Jami\u0144ski Zesp\u00f3\u0142 Indeksacyjny","robots":{"index":"index","follow":"follow","max-snippet":"max-snippet:-1","max-image-preview":"max-image-preview:large","max-video-preview":"max-video-preview:-1"},"canonical":"https:\/\/jzi.org.pl\/en\/product\/piekno-ziemi-suwalskiej\/","og_locale":"en_US","og_type":"article","og_title":"Pi\u0119kno ziemi suwalskiej - Jami\u0144ski Zesp\u00f3\u0142 Indeksacyjny","og_description":"Autor: Antoni Patla Wydanie: 3 poprawione ISBN: 978-83-967448-1-4 Stron: 162 Format: 14,8 x 21 cm Ok\u0142adka: mi\u0119kka, lakierowana Je\u017celi, drogi Czytelniku, w\u0142\u00f3czy\u0142e\u015b si\u0119 ju\u017c kiedy\u015b po tej dziwnej krainie puszcz i jezior, skusi Ci\u0119 mo\u017ce do przerzucenia tych kart, by skonfrontowa\u0107 prze\u017cycia w\u0142asne, z prze\u017cyciami autora. A je\u015bli stopa Twoja nigdy jeszcze na Suwalszczy\u017anie nie [&hellip;]","og_url":"https:\/\/jzi.org.pl\/en\/product\/piekno-ziemi-suwalskiej\/","og_site_name":"Jami\u0144ski Zesp\u00f3\u0142 Indeksacyjny","article_publisher":"https:\/\/www.facebook.com\/Jaminski.Zespol.Indeksacyjny\/","article_modified_time":"2025-12-31T09:58:00+00:00","og_image":[{"width":1735,"height":2445,"url":"https:\/\/jzi.org.pl\/wp-content\/uploads\/2023\/03\/piekno-ziemi-suwalskiej-0.jpg","type":"image\/jpeg"}],"twitter_card":"summary_large_image","twitter_misc":{"Est. reading time":"4 minutes"},"schema":{"@context":"https:\/\/schema.org","@graph":[{"@type":"WebPage","@id":"https:\/\/jzi.org.pl\/produkt\/piekno-ziemi-suwalskiej\/","url":"https:\/\/jzi.org.pl\/produkt\/piekno-ziemi-suwalskiej\/","name":"Pi\u0119kno ziemi suwalskiej - Jami\u0144ski Zesp\u00f3\u0142 Indeksacyjny","isPartOf":{"@id":"https:\/\/jzi.org.pl\/#website"},"primaryImageOfPage":{"@id":"https:\/\/jzi.org.pl\/produkt\/piekno-ziemi-suwalskiej\/#primaryimage"},"image":{"@id":"https:\/\/jzi.org.pl\/produkt\/piekno-ziemi-suwalskiej\/#primaryimage"},"thumbnailUrl":"https:\/\/jzi.org.pl\/wp-content\/uploads\/2023\/03\/piekno-ziemi-suwalskiej-0.jpg","datePublished":"2023-03-15T12:43:30+00:00","dateModified":"2025-12-31T09:58:00+00:00","breadcrumb":{"@id":"https:\/\/jzi.org.pl\/produkt\/piekno-ziemi-suwalskiej\/#breadcrumb"},"inLanguage":"en-US","potentialAction":[{"@type":"ReadAction","target":["https:\/\/jzi.org.pl\/produkt\/piekno-ziemi-suwalskiej\/"]}]},{"@type":"ImageObject","inLanguage":"en-US","@id":"https:\/\/jzi.org.pl\/produkt\/piekno-ziemi-suwalskiej\/#primaryimage","url":"https:\/\/jzi.org.pl\/wp-content\/uploads\/2023\/03\/piekno-ziemi-suwalskiej-0.jpg","contentUrl":"https:\/\/jzi.org.pl\/wp-content\/uploads\/2023\/03\/piekno-ziemi-suwalskiej-0.jpg","width":1735,"height":2445},{"@type":"BreadcrumbList","@id":"https:\/\/jzi.org.pl\/produkt\/piekno-ziemi-suwalskiej\/#breadcrumb","itemListElement":[{"@type":"ListItem","position":1,"name":"Strona g\u0142\u00f3wna","item":"https:\/\/jzi.org.pl\/"},{"@type":"ListItem","position":2,"name":"Sklep","item":"https:\/\/jzi.org.pl\/sklep\/"},{"@type":"ListItem","position":3,"name":"Pi\u0119kno ziemi suwalskiej"}]},{"@type":"WebSite","@id":"https:\/\/jzi.org.pl\/#website","url":"https:\/\/jzi.org.pl\/","name":"Jaminy Indexing Team","description":"","publisher":{"@id":"https:\/\/jzi.org.pl\/#organization"},"potentialAction":[{"@type":"SearchAction","target":{"@type":"EntryPoint","urlTemplate":"https:\/\/jzi.org.pl\/?s={search_term_string}"},"query-input":{"@type":"PropertyValueSpecification","valueRequired":true,"valueName":"search_term_string"}}],"inLanguage":"en-US"},{"@type":"Organization","@id":"https:\/\/jzi.org.pl\/#organization","name":"Jaminy Indexing Team","url":"https:\/\/jzi.org.pl\/","logo":{"@type":"ImageObject","inLanguage":"en-US","@id":"https:\/\/jzi.org.pl\/#\/schema\/logo\/image\/","url":"https:\/\/jzi.org.pl\/wp-content\/uploads\/2019\/03\/logo-stowarzyszenie-jzi.png","contentUrl":"https:\/\/jzi.org.pl\/wp-content\/uploads\/2019\/03\/logo-stowarzyszenie-jzi.png","width":931,"height":990,"caption":"Jami\u0144ski Zesp\u00f3\u0142 Indeksacyjny"},"image":{"@id":"https:\/\/jzi.org.pl\/#\/schema\/logo\/image\/"},"sameAs":["https:\/\/www.facebook.com\/Jaminski.Zespol.Indeksacyjny\/"]}]}},"jetpack_likes_enabled":true,"jetpack_sharing_enabled":true,"_links":{"self":[{"href":"https:\/\/jzi.org.pl\/en\/wp-json\/wp\/v2\/product\/23302","targetHints":{"allow":["GET"]}}],"collection":[{"href":"https:\/\/jzi.org.pl\/en\/wp-json\/wp\/v2\/product"}],"about":[{"href":"https:\/\/jzi.org.pl\/en\/wp-json\/wp\/v2\/types\/product"}],"author":[{"embeddable":true,"href":"https:\/\/jzi.org.pl\/en\/wp-json\/wp\/v2\/users\/1"}],"replies":[{"embeddable":true,"href":"https:\/\/jzi.org.pl\/en\/wp-json\/wp\/v2\/comments?post=23302"}],"wp:featuredmedia":[{"embeddable":true,"href":"https:\/\/jzi.org.pl\/en\/wp-json\/wp\/v2\/media\/23318"}],"wp:attachment":[{"href":"https:\/\/jzi.org.pl\/en\/wp-json\/wp\/v2\/media?parent=23302"}],"wp:term":[{"taxonomy":"product_brand","embeddable":true,"href":"https:\/\/jzi.org.pl\/en\/wp-json\/wp\/v2\/product_brand?post=23302"},{"taxonomy":"product_cat","embeddable":true,"href":"https:\/\/jzi.org.pl\/en\/wp-json\/wp\/v2\/product_cat?post=23302"},{"taxonomy":"product_tag","embeddable":true,"href":"https:\/\/jzi.org.pl\/en\/wp-json\/wp\/v2\/product_tag?post=23302"}],"curies":[{"name":"wp","href":"https:\/\/api.w.org\/{rel}","templated":true}]}}