{"id":23223,"date":"2023-02-28T09:23:48","date_gmt":"2023-02-28T08:23:48","guid":{"rendered":"https:\/\/jzi.org.pl\/?post_type=product&#038;p=23223"},"modified":"2026-03-27T09:17:30","modified_gmt":"2026-03-27T08:17:30","slug":"moja-szkola","status":"publish","type":"product","link":"https:\/\/jzi.org.pl\/en\/product\/moja-szkola\/","title":{"rendered":"Moja szko\u0142a"},"content":{"rendered":"<div id=\"pl-23223\"  class=\"panel-layout\" ><div id=\"pg-23223-0\"  class=\"panel-grid panel-no-style\" ><div id=\"pgc-23223-0-0\"  class=\"panel-grid-cell\" ><div id=\"panel-23223-0-0-0\" class=\"so-panel widget widget_sow-editor panel-first-child\" data-index=\"0\" ><div\n\t\t\t\n\t\t\tclass=\"so-widget-sow-editor so-widget-sow-editor-base\"\n\t\t\t\n\t\t>\n<div class=\"siteorigin-widget-tinymce textwidget\">\n\t<p>Autor: Witold Wo\u0142osewicz<\/p>\n<p>Wydanie: 1<\/p>\n<p>ISBN: 978-83-967448-0-7<\/p>\n<p>Stron: 162<\/p>\n<p>Format: 14,8 x 21 cm<\/p>\n<p>Ok\u0142adka: mi\u0119kka, lakierowana<\/p>\n<\/div>\n<\/div><\/div><div id=\"panel-23223-0-0-1\" class=\"so-panel widget widget_sow-editor\" data-index=\"1\" ><div\n\t\t\t\n\t\t\tclass=\"so-widget-sow-editor so-widget-sow-editor-base\"\n\t\t\t\n\t\t><h3 class=\"widget-title\">Wi\u0119cej informacji<\/h3>\n<div class=\"siteorigin-widget-tinymce textwidget\">\n\t<div id=\"pg-18543-1\" class=\"panel-grid panel-no-style\">\n<div id=\"pgc-18543-1-0\" class=\"panel-grid-cell\">\n<div id=\"panel-18543-1-0-0\" class=\"so-panel widget widget_sow-editor panel-first-child panel-last-child\" data-index=\"3\">\n<div class=\"panel-widget-style panel-widget-style-for-18543-1-0-0\">\n<div class=\"so-widget-sow-editor so-widget-sow-editor-base\">\n<div class=\"siteorigin-widget-tinymce textwidget\">\"M\u00f3j dziadek, Witold Wo\u0142osewicz urodzi\u0142 si\u0119 16 sierpnia 1889 r. w Micha\u0142owie, jako jedno z licznego potomstwa Antoniego i Julii Wo\u0142osewicz\u00f3w. Ojciec jego by\u0142 weberem (tkaczem) i pochodzi\u0142 z rodzinnego gniazda Wo\u0142osewicz\u00f3w \u2013 Zab\u0142udowa. Aby wy\u017cywi\u0107 stale powi\u0119kszaj\u0105c\u0105 si\u0119 rodzin\u0119 ima\u0142 si\u0119 tak\u017ce innych zaj\u0119\u0107 \u2013 prowadzi\u0142 pijalni\u0119 piwa, zajmowa\u0142 si\u0119 wyrobem w\u0119dlin, pracowa\u0142 jako listonosz. Rodzina nigdy nie dorobi\u0142a si\u0119 w\u0142asnego domu, wynajmuj\u0105c kwatery w Wasilkowie, Bia\u0142owie\u017cy i Bia\u0142ymstoku. Jako kilkuletni ch\u0142opiec dziadek nauczy\u0142 si\u0119 pisa\u0107 i czyta\u0107 po polsku w tajnej szk\u00f3\u0142ce na Bojarach. Kiedy mia\u0142 sko\u0144czone osiem lat, zamo\u017cniejsi krewni ze strony matki zaproponowali Wo\u0142osewiczom pomoc w kszta\u0142ceniu jednego z dzieci. To w\u0142a\u015bnie Witold zosta\u0142 wybrany spo\u015br\u00f3d rodze\u0144stwa, aby uda\u0107 si\u0119 na nauki do Koziatynia (obecnie w Ukrainie) i zamieszka\u0107 u wujostwa Zajkowskich.<\/div>\n<div><\/div>\n<div class=\"siteorigin-widget-tinymce textwidget\">[...]<\/div>\n<div><\/div>\n<div class=\"siteorigin-widget-tinymce textwidget\">Dziadek zacz\u0105\u0142 spisywa\u0107 wspomnienia w 1953 r., w wieku 64 lat, na 10 lat przed moim urodzeniem. Pisa\u0142 nieregularnie, z kilkuletnimi przerwami spowodowanymi \u017cyciowymi wydarzeniami, do samej \u015bmierci w 1972 r. Niestety nie zd\u0105\u017cy\u0142 spisa\u0107 ich do ko\u0144ca. Zmar\u0142 w wieku 83 lat w 1972 r. W 50 lat po jego \u015bmierci, wyda\u0142am jego wspomnienia cyfrowo w postaci ksi\u0105\u017cki na u\u017cytek rodziny. Pa\u0144stwu udost\u0119pniam fragment dotycz\u0105cy lat augustowskich. Najszcz\u0119\u015bliwszych lat w jego \u017cyciu.\"<\/div>\n<div><\/div>\n<div class=\"siteorigin-widget-tinymce textwidget\">Krystyna Zdziechowska, wnuczka<\/div>\n<\/div>\n<\/div>\n<\/div>\n<\/div>\n<\/div>\n<\/div>\n<\/div><\/div><div id=\"panel-23223-0-0-2\" class=\"so-panel widget widget_sow-editor panel-last-child\" data-index=\"2\" ><div\n\t\t\t\n\t\t\tclass=\"so-widget-sow-editor so-widget-sow-editor-base\"\n\t\t\t\n\t\t><h3 class=\"widget-title\">  Spis os\u00f3b wymienionych w tre\u015bci<\/h3>\n<div class=\"siteorigin-widget-tinymce textwidget\">\n\t<\/div>\n<\/div><\/div><\/div><\/div><div id=\"pg-23223-1\"  class=\"panel-grid panel-no-style\" ><div id=\"pgc-23223-1-0\"  class=\"panel-grid-cell\" ><div id=\"panel-23223-1-0-0\" class=\"so-panel widget widget_sow-editor panel-first-child panel-last-child\" data-index=\"3\" ><div\n\t\t\t\n\t\t\tclass=\"so-widget-sow-editor so-widget-sow-editor-base\"\n\t\t\t\n\t\t>\n<div class=\"siteorigin-widget-tinymce textwidget\">\n\t<p>Anders, Karol, podpu\u0142kownik<br \/>\nBailly, Rosa<br \/>\nBaranowska, Zofia, nauczycielka<br \/>\nBeck, J\u00f3zef, minister<br \/>\nBielawska, Czes\u0142awa<br \/>\nBielot z d. Wac\u0142awska, Olga<br \/>\nBlicharski, J\u00f3zef, malarz<br \/>\nBomor, Franciszek<br \/>\nBomor, Franciszek, wo\u017any<br \/>\nBral, J\u00f3zef, nauczyciel<br \/>\nBu\u0107ko, Eugeniusz<br \/>\nCharytowska, Honorata<br \/>\nCharytowski, J\u00f3zef<br \/>\nChojnowski<br \/>\nChojnowski, Wojciech, ksi\u0105dz<br \/>\nChomicz, Piotr (Maciupek), nauczyciel<br \/>\nChudzik, Bronis\u0142aw, kierownik szko\u0142y<br \/>\nChwalib\u00f3g-Piecek, Gabriela<br \/>\nCyburt, Franciszek, inspektor<br \/>\nCymland\u00f3wna, Mina, \u017byd\u00f3wka<br \/>\nDanilczyk, Czes\u0142awa, nauczycielka<br \/>\nD\u0105browski, W\u0142adys\u0142aw, major<br \/>\nDrewnowski, Karol, wizytator<br \/>\nDrewnowski, Tadeusz, literat<br \/>\nDubiel, Stefan, nauczyciel<br \/>\nDunin-Markiewicz, Kazimierz, komisarz<br \/>\nDymmel, docent<br \/>\nEichler, Krystyna<br \/>\nFeiner, Michalina<br \/>\nFeiner, W\u0142adys\u0142aw, nauczyciel<br \/>\nFournier z d. Wac\u0142awska, Lula<br \/>\nG\u0105siewski, Zygmunt<br \/>\nGibsztejn, J., krawiec, \u017byd<br \/>\nGodecki, Marian, kurator<br \/>\nGodlewska, Maria, nauczycielka<br \/>\nGrajewska, Zofia<br \/>\nGrajewski<br \/>\nHalicka, Maria, kucharka<br \/>\nHalicki, Piotr, burmistrz<br \/>\nHalicki, weterynarz<br \/>\nHa\u0142ko, Stanis\u0142aw, ksi\u0105dz<br \/>\nHanicz, Jadwiga, nauczycielka<br \/>\nHaraburda, Jadwiga<br \/>\nHetmaniak, Bronis\u0142awa, nauczycielka<br \/>\nHitler, Adolf, kanclerz<br \/>\nIwanow, Borys<br \/>\nIwanowska, nauczycielka<br \/>\nIwanowski, Aleksy, nauczyciel<br \/>\nJakubowska z d. Jonkajtys, Helena<br \/>\nJakubowski, Konrad<br \/>\nJankowska, Stanis\u0142awa, kuratorka<br \/>\nJankowski, Stanis\u0142aw, in\u017cynier<br \/>\nJaworowska z d. Frelek, Hanna<br \/>\nJaworowska, Helena (Lunia)<br \/>\nJaworowski, Jan (Niusiek)<br \/>\nJaworowski, Jan, lekarz<br \/>\nJaworowski, Jerzy<br \/>\nJaworski, Ludwik, nauczyciel<br \/>\nJonkajtys z d. Januszkiewicz, Maria, nauczycielka<br \/>\nJonkajtys, Bronis\u0142aw<br \/>\nJonkajtys, Hieronim, kierownik szko\u0142y<br \/>\nJonkajtys, Jan<br \/>\nJonkajtys, Marian, aktor<br \/>\nJonkajtys, Zofia<\/p>\n<\/div>\n<\/div><\/div><\/div><div id=\"pgc-23223-1-1\"  class=\"panel-grid-cell\" ><div id=\"panel-23223-1-1-0\" class=\"so-panel widget widget_sow-editor panel-first-child panel-last-child\" data-index=\"4\" ><div\n\t\t\t\n\t\t\tclass=\"so-widget-sow-editor so-widget-sow-editor-base\"\n\t\t\t\n\t\t>\n<div class=\"siteorigin-widget-tinymce textwidget\">\n\t<p>Kami\u0144ski, Hubert, nauczyciel<br \/>\nKane, \u017byd<br \/>\nKellertowa, kwiaciarka<br \/>\nKielski, Jerzy<br \/>\nKod\u017a, Henryk, nauczyciel<br \/>\nKoefler, nauczyciel, \u017byd<br \/>\nKo\u015bciewa, Zofia<br \/>\nKo\u015bciewy, Stanis\u0142aw<br \/>\nKowalczyk, Czes\u0142awa, nauczycielka<br \/>\nKryszczy\u0144ski, Edmund, nauczyciel<br \/>\nKrzywi\u0144ski, Antoni, ksi\u0119garz<br \/>\nKuc\u00f3wna<br \/>\nKuczy\u0144ski, Aleksander, nauczyciel<br \/>\nKuli\u0144ski, Antoni, wo\u017any<br \/>\nKuza, J\u00f3zef, nauczyciel<br \/>\nKu\u017amicz, Dymitr, adwokat<br \/>\nLewinson, \u017byd<br \/>\nLuba z d. Jonkajtys, Gra\u017cyna<br \/>\nLuba, Jerzy<br \/>\nLubner, Boles\u0142aw, nauczyciel<br \/>\n\u0141ab\u0119cka, Barbara<br \/>\n\u0141adosz, Henryk, aktor<br \/>\n\u0141opusza\u0144ski, Tadeusz, minister<br \/>\n\u0141ucejko, Adam, dyrektor tartaku<br \/>\n\u0141ucejko, Mieczys\u0142aw<br \/>\nMaciejewska, Bronis\u0142awa<br \/>\nMaciejewski, Wincenty, restaurator<br \/>\nMakiel, Stanis\u0142aw, ksi\u0105dz<br \/>\nMa\u0142ek, Antoni<br \/>\nMarciniak, Czes\u0142awa, nauczycielka<br \/>\nMaszewski, restaurator<br \/>\nM\u0105kowski, W\u0142adys\u0142aw, ksi\u0105dz<br \/>\nMichniewski, Benon Kajetan, nauczyciel<br \/>\nMiko\u0142ajewska, Helena, nauczycielka<br \/>\nMineyko, Tomasz, rotmistrz<br \/>\nMisiewicz\u00f3wna, Zofia<br \/>\nMoroz, nauczyciel<br \/>\nMo\u015bcicki<br \/>\nMo\u015bcicki, Jan<br \/>\nMo\u015bcicki, Micha\u0142, nauczyciel<br \/>\nMroszczyk, Karol, nauczyciel<br \/>\nNeufeld, Stanis\u0142aw<br \/>\nNeufeld, str\u00f3\u017c<br \/>\nNiemirycz, Czes\u0142aw<br \/>\nNonas, Czes\u0142awa, nauczycielka<br \/>\nNowacki, stolarz<br \/>\nNowicki, garbarz<br \/>\nObiedzi\u0144ski, Aleksander, nauczyciel<br \/>\nObuchowicz\u00f3wna, nauczycielka<br \/>\nPawlak, J\u00f3zef<br \/>\nPi\u0142sudski, J\u00f3zef, marsza\u0142ek<br \/>\nPi\u00f3rkowska, Halina<br \/>\nP\u0142achecka, Waleria<br \/>\nP\u0142achecki, Boles\u0142aw, in\u017cynier<br \/>\nPo\u017aniak, Stanis\u0142aw, nauczyciel<br \/>\nPr\u0105dzy\u0144ski, Ignacy, genera\u0142<br \/>\nProci\u0144ski, naczelnik US<br \/>\nProci\u0144ski, Olgierd<br \/>\nPrzyrowski, Franciszek, inspektor<br \/>\nPytlakowski, Ignacy, wizytator<br \/>\nRechtman, \u017byd<br \/>\nRibbentrop, Joachim von, minister<br \/>\nRogowski<br \/>\nRolska, Rena, \u015bpiewaczka<br \/>\nRoszkowska, Rozalia<br \/>\nRoszkowski, Antoni<br \/>\nRotsztejn, Judel, \u017byd<br \/>\nR\u00f3\u0142kowska, Irena<br \/>\nR\u00f3\u0142kowska, Jadwiga<\/p>\n<\/div>\n<\/div><\/div><\/div><div id=\"pgc-23223-1-2\"  class=\"panel-grid-cell\" ><div id=\"panel-23223-1-2-0\" class=\"so-panel widget widget_sow-editor panel-first-child panel-last-child\" data-index=\"5\" ><div\n\t\t\t\n\t\t\tclass=\"so-widget-sow-editor so-widget-sow-editor-base\"\n\t\t\t\n\t\t>\n<div class=\"siteorigin-widget-tinymce textwidget\">\n\t<p>R\u00f3\u0142kowski, Piotr<br \/>\nR\u00f3\u0142kowski, Tadeusz<br \/>\nRutkowska z d. Danielczyk, Czes\u0142awa, nauczycielka<br \/>\nRutkowski, B., w\u0119dliniarz<br \/>\nRybarczyk, Aleksander<br \/>\nRybarczyk, Aniela<br \/>\nRybi\u0144ski, Stanis\u0142aw, nauczyciel<br \/>\nSawicki, S\u0142awomir, wo\u017any<br \/>\nSawicki, Stanis\u0142aw<br \/>\nSiwik, Kazimierz, starosta<br \/>\nSolinko, Maciej, piekarz<br \/>\nSo\u0142tan z d. Jonkajtys, Teresa<br \/>\nSo\u0142tan, Stanis\u0142aw<br \/>\nStankiewicz, Stanis\u0142aw, aptekarz<br \/>\nSuchan, Piotr, nauczyciel<br \/>\nSuchocka, Jadwiga<br \/>\nSzafer, W\u0142adys\u0142aw, profesor<br \/>\nSzel\u0105gowski, Kazimierz, kurator<br \/>\nSznajder, Marianna<br \/>\n\u015aniechowska z d. Zajkowska, Alina<br \/>\n\u015aniechowski, Czes\u0142aw (Czech)<br \/>\n\u015aniechowski, Tadeusz<br \/>\nTu\u0142odziecki, Wac\u0142aw, nauczyciel<br \/>\nWac\u0142awska, Aniela<br \/>\nWac\u0142awski, Boles\u0142aw<br \/>\nWac\u0142awski, Kazimierz<br \/>\nWac\u0142awski, Micha\u0142<br \/>\nWac\u0142awski, Tadeusz<br \/>\nWarakomski, Zygmunt, nauczyciel<br \/>\nWarhaftig, Icchak, m\u0142ynarz, \u017byd<br \/>\nWarhaftig, Mordechaj, \u017byd<br \/>\nW\u0119glewska z d. Micha\u0142owska, Helena, nauczycielka<br \/>\nW\u0119glewski, Walerian, nauczyciel<br \/>\nW\u0119grzynowicz, Maria<br \/>\nWiszniewski, Leon, kierownik szko\u0142y<br \/>\nWitek, J\u00f3zef, nauczyciel<br \/>\nWitkowski, nauczyciel<br \/>\nWitkowski, Tadeusz<br \/>\nW\u0142odarska, Maria<br \/>\nW\u0142odarski, J\u00f3zef, redaktor<br \/>\nW\u0142odarski, Zbigniew<br \/>\nWojtaszek, Ewelina<br \/>\nWojtaszek, Ludwik, wo\u017any<br \/>\nWojtaszek, Stanis\u0142aw<br \/>\nWojtaszek, W\u0142adys\u0142awa<br \/>\nWo\u0142osewicz z d. Wac\u0142awska,<br \/>\nSeweryna (Seja), nauczycielka<br \/>\nWo\u0142osewicz z d. Zajkowska, Julia<br \/>\nWo\u0142osewicz, Alicja (Dzidzia)<br \/>\nWo\u0142osewicz, Antoni<br \/>\nWo\u0142osewicz, Jerzy<br \/>\nWo\u0142osewicz, Witold, dyrektor<br \/>\nWycech, Czes\u0142aw, nauczyciel<br \/>\nWyrzykowski, Antoni, rejent<br \/>\nWysocki, Piotr, prezes sp\u00f3\u0142dzielni<br \/>\nZajkowska, Julia<br \/>\nZajkowska, Katarzyna<br \/>\nZajkowski, Adolf<br \/>\nZajkowski, Roman<br \/>\nZajkowski, Stanis\u0142aw<br \/>\nZapolski, Lucjusz, wizytator<br \/>\nZasztowt\u00f3wna, Alina<br \/>\nZawadzki, wizytator<br \/>\nZimnoch, Franciszka<br \/>\nZubelewicz, Antonina, wizytatorka<br \/>\n\u017bytomirska, Maria, nauczycielka<br \/>\n\u017bytomirski, Eugeniusz, poeta<\/p>\n<\/div>\n<\/div><\/div><\/div><\/div><\/div>","protected":false},"excerpt":{"rendered":"<p>Autor: Witold Wo\u0142osewicz Wydanie: 1 ISBN: 978-83-967448-0-7 Stron: 162 Format: 14,8 x 21 cm Ok\u0142adka: mi\u0119kka, lakierowana &#8222;M\u00f3j dziadek, Witold Wo\u0142osewicz urodzi\u0142 si\u0119 16 sierpnia 1889 r. w Micha\u0142owie, jako jedno z licznego potomstwa Antoniego i Julii Wo\u0142osewicz\u00f3w. Ojciec jego by\u0142 weberem (tkaczem) i pochodzi\u0142 z rodzinnego gniazda Wo\u0142osewicz\u00f3w \u2013 Zab\u0142udowa. Aby wy\u017cywi\u0107 stale powi\u0119kszaj\u0105c\u0105 [&hellip;]<\/p>\n","protected":false},"author":1,"featured_media":23224,"comment_status":"open","ping_status":"closed","template":"","meta":{"h5ap_radio_sources":[],"jetpack_post_was_ever_published":false},"product_brand":[],"product_cat":[272,342],"product_tag":[],"class_list":{"0":"post-23223","1":"product","2":"type-product","3":"status-publish","4":"has-post-thumbnail","6":"product_cat-ksiazki","7":"product_cat-ocalic-od-zapomnienia","9":"first","10":"instock","11":"taxable","12":"shipping-taxable","13":"purchasable","14":"product-type-simple"},"supplier_id":16598,"supplier_sku":"","barcode":null,"atum_controlled":true,"out_stock_date":null,"out_stock_threshold":null,"inheritable":false,"inbound_stock":0,"stock_on_hold":2,"sold_today":0,"sales_last_days":0,"reserved_stock":0,"customer_returns":0,"warehouse_damage":0,"lost_in_post":0,"other_logs":0,"out_stock_days":0,"lost_sales":0,"has_location":false,"update_date":"2026-04-07T00:02:38","atum_locations":[],"atum_stock_status":"instock","restock_status":false,"low_stock_amount":5,"sales_update_date":"2026-04-07T00:02:38","calc_backorders":0,"yoast_head":"<!-- This site is optimized with the Yoast SEO plugin v27.3 - https:\/\/yoast.com\/product\/yoast-seo-wordpress\/ -->\n<title>Moja szko\u0142a - Jami\u0144ski Zesp\u00f3\u0142 Indeksacyjny<\/title>\n<meta name=\"robots\" content=\"index, follow, max-snippet:-1, max-image-preview:large, max-video-preview:-1\" \/>\n<link rel=\"canonical\" href=\"https:\/\/jzi.org.pl\/en\/product\/moja-szkola\/\" \/>\n<meta property=\"og:locale\" content=\"en_US\" \/>\n<meta property=\"og:type\" content=\"article\" \/>\n<meta property=\"og:title\" content=\"Moja szko\u0142a - Jami\u0144ski Zesp\u00f3\u0142 Indeksacyjny\" \/>\n<meta property=\"og:description\" content=\"Autor: Witold Wo\u0142osewicz Wydanie: 1 ISBN: 978-83-967448-0-7 Stron: 162 Format: 14,8 x 21 cm Ok\u0142adka: mi\u0119kka, lakierowana &quot;M\u00f3j dziadek, Witold Wo\u0142osewicz urodzi\u0142 si\u0119 16 sierpnia 1889 r. w Micha\u0142owie, jako jedno z licznego potomstwa Antoniego i Julii Wo\u0142osewicz\u00f3w. Ojciec jego by\u0142 weberem (tkaczem) i pochodzi\u0142 z rodzinnego gniazda Wo\u0142osewicz\u00f3w \u2013 Zab\u0142udowa. Aby wy\u017cywi\u0107 stale powi\u0119kszaj\u0105c\u0105 [&hellip;]\" \/>\n<meta property=\"og:url\" content=\"https:\/\/jzi.org.pl\/en\/product\/moja-szkola\/\" \/>\n<meta property=\"og:site_name\" content=\"Jami\u0144ski Zesp\u00f3\u0142 Indeksacyjny\" \/>\n<meta property=\"article:publisher\" content=\"https:\/\/www.facebook.com\/Jaminski.Zespol.Indeksacyjny\/\" \/>\n<meta property=\"article:modified_time\" content=\"2026-03-27T08:17:30+00:00\" \/>\n<meta property=\"og:image\" content=\"https:\/\/jzi.org.pl\/wp-content\/uploads\/2023\/02\/moja-szkola-0.jpg\" \/>\n\t<meta property=\"og:image:width\" content=\"1735\" \/>\n\t<meta property=\"og:image:height\" content=\"2438\" \/>\n\t<meta property=\"og:image:type\" content=\"image\/jpeg\" \/>\n<meta name=\"twitter:card\" content=\"summary_large_image\" \/>\n<meta name=\"twitter:label1\" content=\"Est. reading time\" \/>\n\t<meta name=\"twitter:data1\" content=\"5 minutes\" \/>\n<script type=\"application\/ld+json\" class=\"yoast-schema-graph\">{\"@context\":\"https:\\\/\\\/schema.org\",\"@graph\":[{\"@type\":\"WebPage\",\"@id\":\"https:\\\/\\\/jzi.org.pl\\\/en\\\/product\\\/moja-szkola\\\/\",\"url\":\"https:\\\/\\\/jzi.org.pl\\\/en\\\/product\\\/moja-szkola\\\/\",\"name\":\"Moja szko\u0142a - Jami\u0144ski Zesp\u00f3\u0142 Indeksacyjny\",\"isPartOf\":{\"@id\":\"https:\\\/\\\/jzi.org.pl\\\/#website\"},\"primaryImageOfPage\":{\"@id\":\"https:\\\/\\\/jzi.org.pl\\\/en\\\/product\\\/moja-szkola\\\/#primaryimage\"},\"image\":{\"@id\":\"https:\\\/\\\/jzi.org.pl\\\/en\\\/product\\\/moja-szkola\\\/#primaryimage\"},\"thumbnailUrl\":\"https:\\\/\\\/jzi.org.pl\\\/wp-content\\\/uploads\\\/2023\\\/02\\\/moja-szkola-0.jpg\",\"datePublished\":\"2023-02-28T08:23:48+00:00\",\"dateModified\":\"2026-03-27T08:17:30+00:00\",\"breadcrumb\":{\"@id\":\"https:\\\/\\\/jzi.org.pl\\\/en\\\/product\\\/moja-szkola\\\/#breadcrumb\"},\"inLanguage\":\"en-US\",\"potentialAction\":[{\"@type\":\"ReadAction\",\"target\":[\"https:\\\/\\\/jzi.org.pl\\\/en\\\/product\\\/moja-szkola\\\/\"]}]},{\"@type\":\"ImageObject\",\"inLanguage\":\"en-US\",\"@id\":\"https:\\\/\\\/jzi.org.pl\\\/en\\\/product\\\/moja-szkola\\\/#primaryimage\",\"url\":\"https:\\\/\\\/jzi.org.pl\\\/wp-content\\\/uploads\\\/2023\\\/02\\\/moja-szkola-0.jpg\",\"contentUrl\":\"https:\\\/\\\/jzi.org.pl\\\/wp-content\\\/uploads\\\/2023\\\/02\\\/moja-szkola-0.jpg\",\"width\":1735,\"height\":2438},{\"@type\":\"BreadcrumbList\",\"@id\":\"https:\\\/\\\/jzi.org.pl\\\/en\\\/product\\\/moja-szkola\\\/#breadcrumb\",\"itemListElement\":[{\"@type\":\"ListItem\",\"position\":1,\"name\":\"Strona g\u0142\u00f3wna\",\"item\":\"https:\\\/\\\/jzi.org.pl\\\/\"},{\"@type\":\"ListItem\",\"position\":2,\"name\":\"Sklep\",\"item\":\"https:\\\/\\\/jzi.org.pl\\\/sklep\\\/\"},{\"@type\":\"ListItem\",\"position\":3,\"name\":\"Moja szko\u0142a\"}]},{\"@type\":\"WebSite\",\"@id\":\"https:\\\/\\\/jzi.org.pl\\\/#website\",\"url\":\"https:\\\/\\\/jzi.org.pl\\\/\",\"name\":\"Jami\u0144ski Zesp\u00f3\u0142 Indeksacyjny\",\"description\":\"\",\"publisher\":{\"@id\":\"https:\\\/\\\/jzi.org.pl\\\/#organization\"},\"potentialAction\":[{\"@type\":\"SearchAction\",\"target\":{\"@type\":\"EntryPoint\",\"urlTemplate\":\"https:\\\/\\\/jzi.org.pl\\\/?s={search_term_string}\"},\"query-input\":{\"@type\":\"PropertyValueSpecification\",\"valueRequired\":true,\"valueName\":\"search_term_string\"}}],\"inLanguage\":\"en-US\"},{\"@type\":\"Organization\",\"@id\":\"https:\\\/\\\/jzi.org.pl\\\/#organization\",\"name\":\"Jami\u0144ski Zesp\u00f3\u0142 Indeksacyjny\",\"url\":\"https:\\\/\\\/jzi.org.pl\\\/\",\"logo\":{\"@type\":\"ImageObject\",\"inLanguage\":\"en-US\",\"@id\":\"https:\\\/\\\/jzi.org.pl\\\/#\\\/schema\\\/logo\\\/image\\\/\",\"url\":\"https:\\\/\\\/jzi.org.pl\\\/wp-content\\\/uploads\\\/2019\\\/03\\\/logo-stowarzyszenie-jzi.png\",\"contentUrl\":\"https:\\\/\\\/jzi.org.pl\\\/wp-content\\\/uploads\\\/2019\\\/03\\\/logo-stowarzyszenie-jzi.png\",\"width\":931,\"height\":990,\"caption\":\"Jami\u0144ski Zesp\u00f3\u0142 Indeksacyjny\"},\"image\":{\"@id\":\"https:\\\/\\\/jzi.org.pl\\\/#\\\/schema\\\/logo\\\/image\\\/\"},\"sameAs\":[\"https:\\\/\\\/www.facebook.com\\\/Jaminski.Zespol.Indeksacyjny\\\/\"]}]}<\/script>\n<!-- \/ Yoast SEO plugin. -->","yoast_head_json":{"title":"Moja szko\u0142a - Jami\u0144ski Zesp\u00f3\u0142 Indeksacyjny","robots":{"index":"index","follow":"follow","max-snippet":"max-snippet:-1","max-image-preview":"max-image-preview:large","max-video-preview":"max-video-preview:-1"},"canonical":"https:\/\/jzi.org.pl\/en\/product\/moja-szkola\/","og_locale":"en_US","og_type":"article","og_title":"Moja szko\u0142a - Jami\u0144ski Zesp\u00f3\u0142 Indeksacyjny","og_description":"Autor: Witold Wo\u0142osewicz Wydanie: 1 ISBN: 978-83-967448-0-7 Stron: 162 Format: 14,8 x 21 cm Ok\u0142adka: mi\u0119kka, lakierowana \"M\u00f3j dziadek, Witold Wo\u0142osewicz urodzi\u0142 si\u0119 16 sierpnia 1889 r. w Micha\u0142owie, jako jedno z licznego potomstwa Antoniego i Julii Wo\u0142osewicz\u00f3w. Ojciec jego by\u0142 weberem (tkaczem) i pochodzi\u0142 z rodzinnego gniazda Wo\u0142osewicz\u00f3w \u2013 Zab\u0142udowa. Aby wy\u017cywi\u0107 stale powi\u0119kszaj\u0105c\u0105 [&hellip;]","og_url":"https:\/\/jzi.org.pl\/en\/product\/moja-szkola\/","og_site_name":"Jami\u0144ski Zesp\u00f3\u0142 Indeksacyjny","article_publisher":"https:\/\/www.facebook.com\/Jaminski.Zespol.Indeksacyjny\/","article_modified_time":"2026-03-27T08:17:30+00:00","og_image":[{"width":1735,"height":2438,"url":"https:\/\/jzi.org.pl\/wp-content\/uploads\/2023\/02\/moja-szkola-0.jpg","type":"image\/jpeg"}],"twitter_card":"summary_large_image","twitter_misc":{"Est. reading time":"5 minutes"},"schema":{"@context":"https:\/\/schema.org","@graph":[{"@type":"WebPage","@id":"https:\/\/jzi.org.pl\/en\/product\/moja-szkola\/","url":"https:\/\/jzi.org.pl\/en\/product\/moja-szkola\/","name":"Moja szko\u0142a - Jami\u0144ski Zesp\u00f3\u0142 Indeksacyjny","isPartOf":{"@id":"https:\/\/jzi.org.pl\/#website"},"primaryImageOfPage":{"@id":"https:\/\/jzi.org.pl\/en\/product\/moja-szkola\/#primaryimage"},"image":{"@id":"https:\/\/jzi.org.pl\/en\/product\/moja-szkola\/#primaryimage"},"thumbnailUrl":"https:\/\/jzi.org.pl\/wp-content\/uploads\/2023\/02\/moja-szkola-0.jpg","datePublished":"2023-02-28T08:23:48+00:00","dateModified":"2026-03-27T08:17:30+00:00","breadcrumb":{"@id":"https:\/\/jzi.org.pl\/en\/product\/moja-szkola\/#breadcrumb"},"inLanguage":"en-US","potentialAction":[{"@type":"ReadAction","target":["https:\/\/jzi.org.pl\/en\/product\/moja-szkola\/"]}]},{"@type":"ImageObject","inLanguage":"en-US","@id":"https:\/\/jzi.org.pl\/en\/product\/moja-szkola\/#primaryimage","url":"https:\/\/jzi.org.pl\/wp-content\/uploads\/2023\/02\/moja-szkola-0.jpg","contentUrl":"https:\/\/jzi.org.pl\/wp-content\/uploads\/2023\/02\/moja-szkola-0.jpg","width":1735,"height":2438},{"@type":"BreadcrumbList","@id":"https:\/\/jzi.org.pl\/en\/product\/moja-szkola\/#breadcrumb","itemListElement":[{"@type":"ListItem","position":1,"name":"Strona g\u0142\u00f3wna","item":"https:\/\/jzi.org.pl\/"},{"@type":"ListItem","position":2,"name":"Sklep","item":"https:\/\/jzi.org.pl\/sklep\/"},{"@type":"ListItem","position":3,"name":"Moja szko\u0142a"}]},{"@type":"WebSite","@id":"https:\/\/jzi.org.pl\/#website","url":"https:\/\/jzi.org.pl\/","name":"Jaminy Indexing Team","description":"","publisher":{"@id":"https:\/\/jzi.org.pl\/#organization"},"potentialAction":[{"@type":"SearchAction","target":{"@type":"EntryPoint","urlTemplate":"https:\/\/jzi.org.pl\/?s={search_term_string}"},"query-input":{"@type":"PropertyValueSpecification","valueRequired":true,"valueName":"search_term_string"}}],"inLanguage":"en-US"},{"@type":"Organization","@id":"https:\/\/jzi.org.pl\/#organization","name":"Jaminy Indexing Team","url":"https:\/\/jzi.org.pl\/","logo":{"@type":"ImageObject","inLanguage":"en-US","@id":"https:\/\/jzi.org.pl\/#\/schema\/logo\/image\/","url":"https:\/\/jzi.org.pl\/wp-content\/uploads\/2019\/03\/logo-stowarzyszenie-jzi.png","contentUrl":"https:\/\/jzi.org.pl\/wp-content\/uploads\/2019\/03\/logo-stowarzyszenie-jzi.png","width":931,"height":990,"caption":"Jami\u0144ski Zesp\u00f3\u0142 Indeksacyjny"},"image":{"@id":"https:\/\/jzi.org.pl\/#\/schema\/logo\/image\/"},"sameAs":["https:\/\/www.facebook.com\/Jaminski.Zespol.Indeksacyjny\/"]}]}},"jetpack_likes_enabled":true,"jetpack_sharing_enabled":true,"_links":{"self":[{"href":"https:\/\/jzi.org.pl\/en\/wp-json\/wp\/v2\/product\/23223","targetHints":{"allow":["GET"]}}],"collection":[{"href":"https:\/\/jzi.org.pl\/en\/wp-json\/wp\/v2\/product"}],"about":[{"href":"https:\/\/jzi.org.pl\/en\/wp-json\/wp\/v2\/types\/product"}],"author":[{"embeddable":true,"href":"https:\/\/jzi.org.pl\/en\/wp-json\/wp\/v2\/users\/1"}],"replies":[{"embeddable":true,"href":"https:\/\/jzi.org.pl\/en\/wp-json\/wp\/v2\/comments?post=23223"}],"wp:featuredmedia":[{"embeddable":true,"href":"https:\/\/jzi.org.pl\/en\/wp-json\/wp\/v2\/media\/23224"}],"wp:attachment":[{"href":"https:\/\/jzi.org.pl\/en\/wp-json\/wp\/v2\/media?parent=23223"}],"wp:term":[{"taxonomy":"product_brand","embeddable":true,"href":"https:\/\/jzi.org.pl\/en\/wp-json\/wp\/v2\/product_brand?post=23223"},{"taxonomy":"product_cat","embeddable":true,"href":"https:\/\/jzi.org.pl\/en\/wp-json\/wp\/v2\/product_cat?post=23223"},{"taxonomy":"product_tag","embeddable":true,"href":"https:\/\/jzi.org.pl\/en\/wp-json\/wp\/v2\/product_tag?post=23223"}],"curies":[{"name":"wp","href":"https:\/\/api.w.org\/{rel}","templated":true}]}}