{"id":22525,"date":"2022-11-08T13:33:25","date_gmt":"2022-11-08T12:33:25","guid":{"rendered":"https:\/\/jzi.org.pl\/?post_type=product&#038;p=22525"},"modified":"2025-02-03T18:42:57","modified_gmt":"2025-02-03T17:42:57","slug":"inna-ameryka-komplet","status":"publish","type":"product","link":"https:\/\/jzi.org.pl\/en\/product\/inna-ameryka-komplet\/","title":{"rendered":"Inna Ameryka (komplet)"},"content":{"rendered":"<div id=\"pl-22525\"  class=\"panel-layout\" ><div id=\"pg-22525-0\"  class=\"panel-grid panel-no-style\" ><div id=\"pgc-22525-0-0\"  class=\"panel-grid-cell\" ><div id=\"panel-22525-0-0-0\" class=\"so-panel widget widget_sow-editor panel-first-child panel-last-child\" data-index=\"0\" ><div\n\t\t\t\n\t\t\tclass=\"so-widget-sow-editor so-widget-sow-editor-base\"\n\t\t\t\n\t\t>\n<div class=\"siteorigin-widget-tinymce textwidget\">\n\t<p>Dwa tomy sagi \"Inna Ameryka\" w promocyjnej cenie.<\/p>\n<p>We also sell each item separately.<\/p>\n<\/div>\n<\/div><\/div><\/div><\/div><div id=\"pg-22525-1\"  class=\"panel-grid panel-no-style\" ><div id=\"pgc-22525-1-0\"  class=\"panel-grid-cell panel-grid-cell-empty\" ><\/div><div id=\"pgc-22525-1-1\"  class=\"panel-grid-cell\" ><div id=\"panel-22525-1-1-0\" class=\"so-panel widget widget_sow-image panel-first-child panel-last-child\" data-index=\"1\" ><div\n\t\t\t\n\t\t\tclass=\"so-widget-sow-image so-widget-sow-image-default-8b5b6f678277-22525\"\n\t\t\t\n\t\t>\n<div class=\"sow-image-container\">\n\t\t\t<a href=\"https:\/\/jzi.org.pl\/en\/product\/amerykanski-kapelusz-feliks\/\"\n\t\t\t\t\t>\n\t\t\t<img \n\tsrc=\"https:\/\/jzi.org.pl\/wp-content\/uploads\/2022\/06\/Amerykanski-kapelusz-1-0-324x432.jpg\" width=\"324\" height=\"432\" srcset=\"https:\/\/jzi.org.pl\/wp-content\/uploads\/2022\/06\/Amerykanski-kapelusz-1-0-324x432.jpg 324w, https:\/\/jzi.org.pl\/wp-content\/uploads\/2022\/06\/Amerykanski-kapelusz-1-0-225x300.jpg 225w, https:\/\/jzi.org.pl\/wp-content\/uploads\/2022\/06\/Amerykanski-kapelusz-1-0-768x1024.jpg 768w, https:\/\/jzi.org.pl\/wp-content\/uploads\/2022\/06\/Amerykanski-kapelusz-1-0-1152x1536.jpg 1152w, https:\/\/jzi.org.pl\/wp-content\/uploads\/2022\/06\/Amerykanski-kapelusz-1-0-1536x2048.jpg 1536w, https:\/\/jzi.org.pl\/wp-content\/uploads\/2022\/06\/Amerykanski-kapelusz-1-0-9x12.jpg 9w, https:\/\/jzi.org.pl\/wp-content\/uploads\/2022\/06\/Amerykanski-kapelusz-1-0-416x555.jpg 416w, https:\/\/jzi.org.pl\/wp-content\/uploads\/2022\/06\/Amerykanski-kapelusz-1-0.jpg 1841w\" sizes=\"(max-width: 324px) 100vw, 324px\" title=\"Ameryka\u0144ski kapelusz - Feliks\" alt=\"Ameryka\u0144ski kapelusz - Feliks\" \t\tclass=\"so-widget-image\"\/>\n\t\t\t<\/a><\/div>\n\n<\/div><\/div><\/div><div id=\"pgc-22525-1-2\"  class=\"panel-grid-cell panel-grid-cell-mobile-last\" ><div id=\"panel-22525-1-2-0\" class=\"so-panel widget widget_sow-image panel-first-child panel-last-child\" data-index=\"2\" ><div\n\t\t\t\n\t\t\tclass=\"so-widget-sow-image so-widget-sow-image-default-8b5b6f678277-22525\"\n\t\t\t\n\t\t>\n<div class=\"sow-image-container\">\n\t\t\t<a href=\"https:\/\/jzi.org.pl\/en\/product\/eldorado-nad-biebrza-zofia\/\"\n\t\t\t\t\t>\n\t\t\t<img \n\tsrc=\"https:\/\/jzi.org.pl\/wp-content\/uploads\/2022\/11\/Eldorado-nad-Biebrza-Zofia-324x432.jpg\" width=\"324\" height=\"432\" srcset=\"https:\/\/jzi.org.pl\/wp-content\/uploads\/2022\/11\/Eldorado-nad-Biebrza-Zofia-324x432.jpg 324w, https:\/\/jzi.org.pl\/wp-content\/uploads\/2022\/11\/Eldorado-nad-Biebrza-Zofia-9x12.jpg 9w\" sizes=\"(max-width: 324px) 100vw, 324px\" title=\"Eldorado nad Biebrz\u0105 - Zofia\" alt=\"Eldorado nad Biebrz\u0105 - Zofia\" \t\tclass=\"so-widget-image\"\/>\n\t\t\t<\/a><\/div>\n\n<\/div><\/div><\/div><div id=\"pgc-22525-1-3\"  class=\"panel-grid-cell panel-grid-cell-empty\" ><\/div><\/div><\/div>","protected":false},"excerpt":{"rendered":"<p>Dwa tomy sagi &#8222;Inna Ameryka&#8221; w promocyjnej cenie. Sprzedajemy r\u00f3wnie\u017c ka\u017cd\u0105 pozycj\u0119 osobno.<\/p>","protected":false},"author":1,"featured_media":22532,"comment_status":"open","ping_status":"closed","template":"","meta":{"h5ap_radio_sources":[],"jetpack_post_was_ever_published":false},"product_brand":[],"product_cat":[393,339,272],"product_tag":[],"class_list":{"0":"post-22525","1":"product","2":"type-product","3":"status-publish","4":"has-post-thumbnail","6":"product_cat-inna-ameryka","7":"product_cat-komplety","8":"product_cat-ksiazki","10":"first","11":"outofstock","12":"sale","13":"taxable","14":"shipping-taxable","15":"purchasable","16":"product-type-woosb"},"supplier_id":null,"supplier_sku":"","barcode":null,"atum_controlled":true,"out_stock_date":null,"out_stock_threshold":null,"inheritable":false,"inbound_stock":null,"stock_on_hold":0,"sold_today":0,"sales_last_days":0,"reserved_stock":null,"customer_returns":null,"warehouse_damage":null,"lost_in_post":null,"other_logs":null,"out_stock_days":0,"lost_sales":0,"has_location":false,"update_date":"2026-04-08T00:03:29","atum_locations":[],"atum_stock_status":"instock","restock_status":false,"low_stock_amount":0,"sales_update_date":"2026-04-08T00:03:29","calc_backorders":0,"yoast_head":"<!-- This site is optimized with the Yoast SEO plugin v27.3 - https:\/\/yoast.com\/product\/yoast-seo-wordpress\/ -->\n<title>Inna Ameryka (komplet) - Jami\u0144ski Zesp\u00f3\u0142 Indeksacyjny<\/title>\n<meta name=\"robots\" content=\"index, follow, max-snippet:-1, max-image-preview:large, max-video-preview:-1\" \/>\n<link rel=\"canonical\" href=\"https:\/\/jzi.org.pl\/en\/product\/inna-ameryka-komplet\/\" \/>\n<meta property=\"og:locale\" content=\"en_US\" \/>\n<meta property=\"og:type\" content=\"article\" \/>\n<meta property=\"og:title\" content=\"Inna Ameryka (komplet) - Jami\u0144ski Zesp\u00f3\u0142 Indeksacyjny\" \/>\n<meta property=\"og:description\" content=\"Dwa tomy sagi &quot;Inna Ameryka&quot; w promocyjnej cenie. Sprzedajemy r\u00f3wnie\u017c ka\u017cd\u0105 pozycj\u0119 osobno.\" \/>\n<meta property=\"og:url\" content=\"https:\/\/jzi.org.pl\/en\/product\/inna-ameryka-komplet\/\" \/>\n<meta property=\"og:site_name\" content=\"Jami\u0144ski Zesp\u00f3\u0142 Indeksacyjny\" \/>\n<meta property=\"article:publisher\" content=\"https:\/\/www.facebook.com\/Jaminski.Zespol.Indeksacyjny\/\" \/>\n<meta property=\"article:modified_time\" content=\"2025-02-03T17:42:57+00:00\" \/>\n<meta property=\"og:image\" content=\"https:\/\/jzi.org.pl\/wp-content\/uploads\/2022\/11\/Boundle.jpg\" \/>\n\t<meta property=\"og:image:width\" content=\"1801\" \/>\n\t<meta property=\"og:image:height\" content=\"2252\" \/>\n\t<meta property=\"og:image:type\" content=\"image\/jpeg\" \/>\n<meta name=\"twitter:card\" content=\"summary_large_image\" \/>\n<meta name=\"twitter:label1\" content=\"Est. reading time\" \/>\n\t<meta name=\"twitter:data1\" content=\"1 minute\" \/>\n<script type=\"application\/ld+json\" class=\"yoast-schema-graph\">{\"@context\":\"https:\\\/\\\/schema.org\",\"@graph\":[{\"@type\":\"WebPage\",\"@id\":\"https:\\\/\\\/jzi.org.pl\\\/en\\\/product\\\/inna-ameryka-komplet\\\/\",\"url\":\"https:\\\/\\\/jzi.org.pl\\\/en\\\/product\\\/inna-ameryka-komplet\\\/\",\"name\":\"Inna Ameryka (komplet) - Jami\u0144ski Zesp\u00f3\u0142 Indeksacyjny\",\"isPartOf\":{\"@id\":\"https:\\\/\\\/jzi.org.pl\\\/#website\"},\"primaryImageOfPage\":{\"@id\":\"https:\\\/\\\/jzi.org.pl\\\/en\\\/product\\\/inna-ameryka-komplet\\\/#primaryimage\"},\"image\":{\"@id\":\"https:\\\/\\\/jzi.org.pl\\\/en\\\/product\\\/inna-ameryka-komplet\\\/#primaryimage\"},\"thumbnailUrl\":\"https:\\\/\\\/jzi.org.pl\\\/wp-content\\\/uploads\\\/2022\\\/11\\\/Boundle.jpg\",\"datePublished\":\"2022-11-08T12:33:25+00:00\",\"dateModified\":\"2025-02-03T17:42:57+00:00\",\"breadcrumb\":{\"@id\":\"https:\\\/\\\/jzi.org.pl\\\/en\\\/product\\\/inna-ameryka-komplet\\\/#breadcrumb\"},\"inLanguage\":\"en-US\",\"potentialAction\":[{\"@type\":\"ReadAction\",\"target\":[\"https:\\\/\\\/jzi.org.pl\\\/en\\\/product\\\/inna-ameryka-komplet\\\/\"]}]},{\"@type\":\"ImageObject\",\"inLanguage\":\"en-US\",\"@id\":\"https:\\\/\\\/jzi.org.pl\\\/en\\\/product\\\/inna-ameryka-komplet\\\/#primaryimage\",\"url\":\"https:\\\/\\\/jzi.org.pl\\\/wp-content\\\/uploads\\\/2022\\\/11\\\/Boundle.jpg\",\"contentUrl\":\"https:\\\/\\\/jzi.org.pl\\\/wp-content\\\/uploads\\\/2022\\\/11\\\/Boundle.jpg\",\"width\":1801,\"height\":2252},{\"@type\":\"BreadcrumbList\",\"@id\":\"https:\\\/\\\/jzi.org.pl\\\/en\\\/product\\\/inna-ameryka-komplet\\\/#breadcrumb\",\"itemListElement\":[{\"@type\":\"ListItem\",\"position\":1,\"name\":\"Strona g\u0142\u00f3wna\",\"item\":\"https:\\\/\\\/jzi.org.pl\\\/\"},{\"@type\":\"ListItem\",\"position\":2,\"name\":\"Sklep\",\"item\":\"https:\\\/\\\/jzi.org.pl\\\/sklep\\\/\"},{\"@type\":\"ListItem\",\"position\":3,\"name\":\"Inna Ameryka (komplet)\"}]},{\"@type\":\"WebSite\",\"@id\":\"https:\\\/\\\/jzi.org.pl\\\/#website\",\"url\":\"https:\\\/\\\/jzi.org.pl\\\/\",\"name\":\"Jami\u0144ski Zesp\u00f3\u0142 Indeksacyjny\",\"description\":\"\",\"publisher\":{\"@id\":\"https:\\\/\\\/jzi.org.pl\\\/#organization\"},\"potentialAction\":[{\"@type\":\"SearchAction\",\"target\":{\"@type\":\"EntryPoint\",\"urlTemplate\":\"https:\\\/\\\/jzi.org.pl\\\/?s={search_term_string}\"},\"query-input\":{\"@type\":\"PropertyValueSpecification\",\"valueRequired\":true,\"valueName\":\"search_term_string\"}}],\"inLanguage\":\"en-US\"},{\"@type\":\"Organization\",\"@id\":\"https:\\\/\\\/jzi.org.pl\\\/#organization\",\"name\":\"Jami\u0144ski Zesp\u00f3\u0142 Indeksacyjny\",\"url\":\"https:\\\/\\\/jzi.org.pl\\\/\",\"logo\":{\"@type\":\"ImageObject\",\"inLanguage\":\"en-US\",\"@id\":\"https:\\\/\\\/jzi.org.pl\\\/#\\\/schema\\\/logo\\\/image\\\/\",\"url\":\"https:\\\/\\\/jzi.org.pl\\\/wp-content\\\/uploads\\\/2019\\\/03\\\/logo-stowarzyszenie-jzi.png\",\"contentUrl\":\"https:\\\/\\\/jzi.org.pl\\\/wp-content\\\/uploads\\\/2019\\\/03\\\/logo-stowarzyszenie-jzi.png\",\"width\":931,\"height\":990,\"caption\":\"Jami\u0144ski Zesp\u00f3\u0142 Indeksacyjny\"},\"image\":{\"@id\":\"https:\\\/\\\/jzi.org.pl\\\/#\\\/schema\\\/logo\\\/image\\\/\"},\"sameAs\":[\"https:\\\/\\\/www.facebook.com\\\/Jaminski.Zespol.Indeksacyjny\\\/\"]}]}<\/script>\n<!-- \/ Yoast SEO plugin. -->","yoast_head_json":{"title":"Inna Ameryka (komplet) - Jami\u0144ski Zesp\u00f3\u0142 Indeksacyjny","robots":{"index":"index","follow":"follow","max-snippet":"max-snippet:-1","max-image-preview":"max-image-preview:large","max-video-preview":"max-video-preview:-1"},"canonical":"https:\/\/jzi.org.pl\/en\/product\/inna-ameryka-komplet\/","og_locale":"en_US","og_type":"article","og_title":"Inna Ameryka (komplet) - Jami\u0144ski Zesp\u00f3\u0142 Indeksacyjny","og_description":"Dwa tomy sagi \"Inna Ameryka\" w promocyjnej cenie. Sprzedajemy r\u00f3wnie\u017c ka\u017cd\u0105 pozycj\u0119 osobno.","og_url":"https:\/\/jzi.org.pl\/en\/product\/inna-ameryka-komplet\/","og_site_name":"Jami\u0144ski Zesp\u00f3\u0142 Indeksacyjny","article_publisher":"https:\/\/www.facebook.com\/Jaminski.Zespol.Indeksacyjny\/","article_modified_time":"2025-02-03T17:42:57+00:00","og_image":[{"width":1801,"height":2252,"url":"https:\/\/jzi.org.pl\/wp-content\/uploads\/2022\/11\/Boundle.jpg","type":"image\/jpeg"}],"twitter_card":"summary_large_image","twitter_misc":{"Est. reading time":"1 minute"},"schema":{"@context":"https:\/\/schema.org","@graph":[{"@type":"WebPage","@id":"https:\/\/jzi.org.pl\/en\/product\/inna-ameryka-komplet\/","url":"https:\/\/jzi.org.pl\/en\/product\/inna-ameryka-komplet\/","name":"Inna Ameryka (komplet) - Jami\u0144ski Zesp\u00f3\u0142 Indeksacyjny","isPartOf":{"@id":"https:\/\/jzi.org.pl\/#website"},"primaryImageOfPage":{"@id":"https:\/\/jzi.org.pl\/en\/product\/inna-ameryka-komplet\/#primaryimage"},"image":{"@id":"https:\/\/jzi.org.pl\/en\/product\/inna-ameryka-komplet\/#primaryimage"},"thumbnailUrl":"https:\/\/jzi.org.pl\/wp-content\/uploads\/2022\/11\/Boundle.jpg","datePublished":"2022-11-08T12:33:25+00:00","dateModified":"2025-02-03T17:42:57+00:00","breadcrumb":{"@id":"https:\/\/jzi.org.pl\/en\/product\/inna-ameryka-komplet\/#breadcrumb"},"inLanguage":"en-US","potentialAction":[{"@type":"ReadAction","target":["https:\/\/jzi.org.pl\/en\/product\/inna-ameryka-komplet\/"]}]},{"@type":"ImageObject","inLanguage":"en-US","@id":"https:\/\/jzi.org.pl\/en\/product\/inna-ameryka-komplet\/#primaryimage","url":"https:\/\/jzi.org.pl\/wp-content\/uploads\/2022\/11\/Boundle.jpg","contentUrl":"https:\/\/jzi.org.pl\/wp-content\/uploads\/2022\/11\/Boundle.jpg","width":1801,"height":2252},{"@type":"BreadcrumbList","@id":"https:\/\/jzi.org.pl\/en\/product\/inna-ameryka-komplet\/#breadcrumb","itemListElement":[{"@type":"ListItem","position":1,"name":"Strona g\u0142\u00f3wna","item":"https:\/\/jzi.org.pl\/"},{"@type":"ListItem","position":2,"name":"Sklep","item":"https:\/\/jzi.org.pl\/sklep\/"},{"@type":"ListItem","position":3,"name":"Inna Ameryka (komplet)"}]},{"@type":"WebSite","@id":"https:\/\/jzi.org.pl\/#website","url":"https:\/\/jzi.org.pl\/","name":"Jaminy Indexing Team","description":"","publisher":{"@id":"https:\/\/jzi.org.pl\/#organization"},"potentialAction":[{"@type":"SearchAction","target":{"@type":"EntryPoint","urlTemplate":"https:\/\/jzi.org.pl\/?s={search_term_string}"},"query-input":{"@type":"PropertyValueSpecification","valueRequired":true,"valueName":"search_term_string"}}],"inLanguage":"en-US"},{"@type":"Organization","@id":"https:\/\/jzi.org.pl\/#organization","name":"Jaminy Indexing Team","url":"https:\/\/jzi.org.pl\/","logo":{"@type":"ImageObject","inLanguage":"en-US","@id":"https:\/\/jzi.org.pl\/#\/schema\/logo\/image\/","url":"https:\/\/jzi.org.pl\/wp-content\/uploads\/2019\/03\/logo-stowarzyszenie-jzi.png","contentUrl":"https:\/\/jzi.org.pl\/wp-content\/uploads\/2019\/03\/logo-stowarzyszenie-jzi.png","width":931,"height":990,"caption":"Jami\u0144ski Zesp\u00f3\u0142 Indeksacyjny"},"image":{"@id":"https:\/\/jzi.org.pl\/#\/schema\/logo\/image\/"},"sameAs":["https:\/\/www.facebook.com\/Jaminski.Zespol.Indeksacyjny\/"]}]}},"jetpack_likes_enabled":true,"jetpack_sharing_enabled":true,"_links":{"self":[{"href":"https:\/\/jzi.org.pl\/en\/wp-json\/wp\/v2\/product\/22525","targetHints":{"allow":["GET"]}}],"collection":[{"href":"https:\/\/jzi.org.pl\/en\/wp-json\/wp\/v2\/product"}],"about":[{"href":"https:\/\/jzi.org.pl\/en\/wp-json\/wp\/v2\/types\/product"}],"author":[{"embeddable":true,"href":"https:\/\/jzi.org.pl\/en\/wp-json\/wp\/v2\/users\/1"}],"replies":[{"embeddable":true,"href":"https:\/\/jzi.org.pl\/en\/wp-json\/wp\/v2\/comments?post=22525"}],"wp:featuredmedia":[{"embeddable":true,"href":"https:\/\/jzi.org.pl\/en\/wp-json\/wp\/v2\/media\/22532"}],"wp:attachment":[{"href":"https:\/\/jzi.org.pl\/en\/wp-json\/wp\/v2\/media?parent=22525"}],"wp:term":[{"taxonomy":"product_brand","embeddable":true,"href":"https:\/\/jzi.org.pl\/en\/wp-json\/wp\/v2\/product_brand?post=22525"},{"taxonomy":"product_cat","embeddable":true,"href":"https:\/\/jzi.org.pl\/en\/wp-json\/wp\/v2\/product_cat?post=22525"},{"taxonomy":"product_tag","embeddable":true,"href":"https:\/\/jzi.org.pl\/en\/wp-json\/wp\/v2\/product_tag?post=22525"}],"curies":[{"name":"wp","href":"https:\/\/api.w.org\/{rel}","templated":true}]}}