{"id":22463,"date":"2022-11-08T12:38:53","date_gmt":"2022-11-08T11:38:53","guid":{"rendered":"https:\/\/jzi.org.pl\/?post_type=product&#038;p=22463"},"modified":"2025-11-07T08:18:37","modified_gmt":"2025-11-07T07:18:37","slug":"eldorado-nad-biebrza-zofia","status":"publish","type":"product","link":"https:\/\/jzi.org.pl\/en\/product\/eldorado-nad-biebrza-zofia\/","title":{"rendered":"Eldorado nad Biebrz\u0105 \u2013 Zofia"},"content":{"rendered":"<div id=\"pl-22463\"  class=\"panel-layout\" ><div id=\"pg-22463-0\"  class=\"panel-grid panel-no-style\" ><div id=\"pgc-22463-0-0\"  class=\"panel-grid-cell\" ><div id=\"panel-22463-0-0-0\" class=\"so-panel widget widget_sow-editor panel-first-child\" data-index=\"0\" ><div\n\t\t\t\n\t\t\tclass=\"so-widget-sow-editor so-widget-sow-editor-base\"\n\t\t\t\n\t\t>\n<div class=\"siteorigin-widget-tinymce textwidget\">\n\t<p>Autor: Maria Narel-Challot<\/p>\n<p>Edition: 1<\/p>\n<p>ISBN: 978-83-963963-7-2<\/p>\n<p>Stron: 400<\/p>\n<p>Format: 14,8 x 21 cm<\/p>\n<p>Cover: hard, lacquered<\/p>\n<p>Dost\u0119pne tak\u017ce w komplecie<\/p>\n<p><a href=\"https:\/\/jzi.org.pl\/en\/product\/inna-ameryka-komplet\/\"><img loading=\"lazy\" decoding=\"async\" class=\"alignnone wp-image-22532 size-thumbnail\" src=\"https:\/\/jzi.org.pl\/wp-content\/uploads\/2022\/11\/Boundle-150x150.jpg\" alt=\"\" width=\"150\" height=\"150\" srcset=\"https:\/\/jzi.org.pl\/wp-content\/uploads\/2022\/11\/Boundle-150x150.jpg 150w, https:\/\/jzi.org.pl\/wp-content\/uploads\/2022\/11\/Boundle-100x100.jpg 100w, https:\/\/jzi.org.pl\/wp-content\/uploads\/2022\/11\/Boundle-50x50.jpg 50w\" sizes=\"auto, (max-width: 150px) 100vw, 150px\" \/><\/a><\/p>\n<\/div>\n<\/div><\/div><div id=\"panel-22463-0-0-1\" class=\"so-panel widget widget_sow-editor\" data-index=\"1\" ><div\n\t\t\t\n\t\t\tclass=\"so-widget-sow-editor so-widget-sow-editor-base\"\n\t\t\t\n\t\t><h3 class=\"widget-title\">More information<\/h3>\n<div class=\"siteorigin-widget-tinymce textwidget\">\n\t<div id=\"pg-18543-1\" class=\"panel-grid panel-no-style\">\n<div id=\"pgc-18543-1-0\" class=\"panel-grid-cell\">\n<div id=\"panel-18543-1-0-0\" class=\"so-panel widget widget_sow-editor panel-first-child panel-last-child\" data-index=\"3\">\n<div class=\"panel-widget-style panel-widget-style-for-18543-1-0-0\">\n<div class=\"so-widget-sow-editor so-widget-sow-editor-base\">\n<div class=\"siteorigin-widget-tinymce textwidget\">\n<p>Fundamentem powie\u015bci s\u0105 wydarzenia historyczne z lat 1913-1953, na kt\u00f3rych autorka zbudowa\u0142a szkielet skonstruowany z rodzinnych przekaz\u00f3w oraz wydarze\u0144 ju\u017c cz\u0119sto zapomnianych, ale mo\u017cliwych do odtworzenia na podstawie rodzinnych dokument\u00f3w. Wi\u0119kszo\u015b\u0107 autor\u00f3w ksi\u0105\u017cek o charakterze genealogicznym na tym ko\u0144czy. Dostajemy w\u00f3wczas solidny, sp\u00f3jny i udokumentowany przekaz, ale Maria Narel-Challot posz\u0142a jednak znacznie dalej. Cz\u0142onk\u00f3w rodzin Prancuk i Narel uczyni\u0142a bohaterami z krwi i ko\u015bci. Nada\u0142a im cechy charakteru, ubra\u0142a adekwatnie do sytuacji, a w ich usta w\u0142o\u017cy\u0142a ciekawe dialogi, nie stroni\u0105c od miejscowej gwary. Puste przestrzenie pomi\u0119dzy belkami szkieletu zosta\u0142y wype\u0142nione fabu\u0142\u0105 fikcyjn\u0105, lecz sp\u00f3jn\u0105. Akcja toczy si\u0119 wartko i mamy wra\u017cenia, \u017ce autorka sp\u0119dzi\u0142a d\u0142ugie lata z przodkami po mieczu i po k\u0105dzieli, jakby wcielaj\u0105c si\u0119 w narratork\u0119 Zofi\u0119, by m\u00f3c przekaza\u0107 nam bezpo\u015brednio obrazy, emocje i przemy\u015blenia bohater\u00f3w. Zrobi\u0142a to przy tym tak sprawnie, \u017ce czytaj\u0105c czujemy si\u0119 uczestnikami \u017cycia w nadbiebrza\u0144skim eldorado.<\/p>\n<\/div>\n<\/div>\n<\/div>\n<\/div>\n<\/div>\n<\/div>\n<\/div>\n<\/div><\/div><div id=\"panel-22463-0-0-2\" class=\"so-panel widget widget_sow-editor\" data-index=\"2\" ><div\n\t\t\t\n\t\t\tclass=\"so-widget-sow-editor so-widget-sow-editor-base\"\n\t\t\t\n\t\t><h3 class=\"widget-title\">Karolina Chapko czyta fragment powie\u015bci<\/h3>\n<div class=\"siteorigin-widget-tinymce textwidget\">\n\t<div class=\"epyt-video-wrapper\"><iframe loading=\"lazy\"  id=\"_ytid_66022\"  width=\"980\" height=\"735\"  data-origwidth=\"980\" data-origheight=\"735\" src=\"https:\/\/www.youtube.com\/embed\/RdbygMKY3Rg?enablejsapi=1&autoplay=0&cc_load_policy=0&cc_lang_pref=&iv_load_policy=1&loop=0&rel=1&fs=1&playsinline=0&autohide=2&theme=dark&color=red&controls=1&disablekb=0&\" class=\"__youtube_prefs__  __youtube_prefs_widget__  no-lazyload\" title=\"YouTube player\"  allow=\"fullscreen; accelerometer; autoplay; clipboard-write; encrypted-media; gyroscope; picture-in-picture; web-share\" referrerpolicy=\"strict-origin-when-cross-origin\" allowfullscreen data-no-lazy=\"1\" data-skipgform_ajax_framebjll=\"\"><\/iframe><\/div>\n<\/div>\n<\/div><\/div><div id=\"panel-22463-0-0-3\" class=\"so-panel widget widget_sow-editor panel-last-child\" data-index=\"3\" ><div\n\t\t\t\n\t\t\tclass=\"so-widget-sow-editor so-widget-sow-editor-base\"\n\t\t\t\n\t\t><h3 class=\"widget-title\">  List of persons mentioned in the content<\/h3>\n<div class=\"siteorigin-widget-tinymce textwidget\">\n\t<\/div>\n<\/div><\/div><\/div><\/div><div id=\"pg-22463-1\"  class=\"panel-grid panel-no-style\" ><div id=\"pgc-22463-1-0\"  class=\"panel-grid-cell\" ><div id=\"panel-22463-1-0-0\" class=\"so-panel widget widget_sow-editor panel-first-child panel-last-child\" data-index=\"4\" ><div\n\t\t\t\n\t\t\tclass=\"so-widget-sow-editor so-widget-sow-editor-base\"\n\t\t\t\n\t\t>\n<div class=\"siteorigin-widget-tinymce textwidget\">\n\t<p>Abramowicz<br \/>\nArciuch z d. Narel, Teresa<br \/>\nBajerska z d. Narel, W\u0142adys\u0142awa (W\u0142adzia)<br \/>\nBielawska z d. Prancuk, Adolfa (Emilka)<br \/>\nBielawski, Feliks (Felek)<br \/>\nBielecki, Franciszek<br \/>\nBielecki, Henryk (Henio)<br \/>\nBielecki, Kazimierz (Kazik)<br \/>\nBielski, Jan<br \/>\nBielski, Karol<br \/>\nBrzostowski, Karol, hrabia<br \/>\nChreptowicz<br \/>\nFilipiak z d. Prancuk, Jadwiga (Jagoda)<br \/>\nGajlewicz, Antoni, ksi\u0105dz<br \/>\nGilewski, opiekun szko\u0142y<br \/>\nGrabi\u0144ska z d. Dra\u017aba, Michalina<br \/>\nGrabi\u0144ski, Klemens<br \/>\nGudel<br \/>\nHitler, Adolf<br \/>\nHo\u0144ko<br \/>\nJackiewicz<br \/>\nJaroszewicz<br \/>\nKlejno, nauczyciel<br \/>\nKlepacki<br \/>\nKo\u0142odziejski, J\u00f3zef, so\u0142tys Czerwonki<br \/>\nKu\u0142akowska z d. Narel, Aniela<br \/>\nKu\u0142akowska z d. Narel, Zuzanna<br \/>\nKundzicz z d. Prancuk, Teresa (Tereska)<br \/>\nLola, Antoni (Anto\u015b)<br \/>\nLola, Maria (Marysia)<\/p>\n<\/div>\n<\/div><\/div><\/div><div id=\"pgc-22463-1-1\"  class=\"panel-grid-cell\" ><div id=\"panel-22463-1-1-0\" class=\"so-panel widget widget_sow-editor panel-first-child panel-last-child\" data-index=\"5\" ><div\n\t\t\t\n\t\t\tclass=\"so-widget-sow-editor so-widget-sow-editor-base\"\n\t\t\t\n\t\t>\n<div class=\"siteorigin-widget-tinymce textwidget\">\n\t<p>Milewski<br \/>\nNarel z d. Bielecka, Zofia (Zosia)<br \/>\nNarel z d. Grabi\u0144ska, Wiktoria (Wikcia)<br \/>\nNarel z d. Lewantowicz, Paulina<br \/>\nNarel z d. Prancuk, Aleksandra (Olcia, Male\u0144ka)<br \/>\nNarel z d. Prancuk, Marianna (Ma\u0144ka)<br \/>\nNarel z d. Reut, W\u0142adys\u0142awa<br \/>\nNarel, Aleksander (Aleksy)<br \/>\nNarel, Aleksandra (Olesia)<br \/>\nNarel, Antoni (Anton)<br \/>\nNarel, Edmund (Edzio)<br \/>\nNarel, Henryk (Henio)<br \/>\nNarel, Jan (Jasiuk)<br \/>\nNarel, Jan (Ja\u015bko)<br \/>\nNarel, J\u00f3zef (Jozik)<br \/>\nNarel, Leonard (Leon)<br \/>\nNarel, Mieczys\u0142aw (Miecio)<br \/>\nNarel, Ryszard<br \/>\nNarel, Stanis\u0142aw (Stasio)<br \/>\nNarel, Stanis\u0142aw (Stasiuk)<br \/>\nNarel, Wac\u0142aw (Wacek)<br \/>\nNarel, W\u0142adys\u0142aw (W\u0142adzio)<br \/>\nOwsiejko<br \/>\nPi\u0142sudski, J\u00f3zef, marsza\u0142ek<br \/>\nPorczyk, Stefan, ksi\u0105dz<br \/>\nPrancuk z d. Buczy\u0144ska, Maria<br \/>\nPrancuk z d. Charosiewicz, Marianna<br \/>\nPrancuk z d. Lola, Zofia<br \/>\nPrancuk z d. P\u0142askawicka, Anna<br \/>\nPrancuk z d. Puchlik, Franciszka (Frania)<br \/>\nPrancuk, Aleksander (Olek)<\/p>\n<\/div>\n<\/div><\/div><\/div><div id=\"pgc-22463-1-2\"  class=\"panel-grid-cell\" ><div id=\"panel-22463-1-2-0\" class=\"so-panel widget widget_sow-editor panel-first-child panel-last-child\" data-index=\"6\" ><div\n\t\t\t\n\t\t\tclass=\"so-widget-sow-editor so-widget-sow-editor-base\"\n\t\t\t\n\t\t>\n<div class=\"siteorigin-widget-tinymce textwidget\">\n\t<p>Prancuk, Aleksander (Ole\u015b)<br \/>\nPrancuk, Aleksandra (Ola, Ole\u0144ka)<br \/>\nPrancuk, Antoni (Antek)<br \/>\nPrancuk, Feliks<br \/>\nPrancuk, Franciszek (Franek)<br \/>\nPrancuk, J\u00f3zef (J\u00f3zek)<br \/>\nPrancuk, Kazimierz (Kazik)<br \/>\nPrancuk, Leokadia (Lodzia)<br \/>\nPrancuk, Maciej<br \/>\nPrancuk, Stanis\u0142aw (Stach)<br \/>\nPrancuk, Wiktor (Wikcio)<br \/>\nPrancuk, W\u0142adys\u0142aw (W\u0142adek)<br \/>\nPuchlik<br \/>\nRogalski<br \/>\nR\u00f3\u0142kowski, Jakub, ksi\u0105dz<br \/>\nRudzi\u0144ski, Jan, lekarz<br \/>\nRzepko, Alfons<br \/>\nSkibicki, W\u0142adys\u0142aw<br \/>\nStalin, J\u00f3zef<br \/>\nStasie\u0142uk, Albin<br \/>\nSzubzda, Ignacy<br \/>\nSzubzda, Jan (Dzian)<br \/>\nSzubzda, Jan, lekarz<br \/>\nSzubzda, Micha\u0142<br \/>\nSzubzda, Teofila (Ignacowa)<br \/>\nSzubzda, Waleria (Walercia)<br \/>\nSzubzda, Walerian, ksi\u0105dz<br \/>\nSzyc<br \/>\n\u015alu\u017cy\u0144ski, lekarz<br \/>\nWalentynowicz, Kazimierz, ksi\u0105dz<br \/>\nWyganowska, Helena (Helenka)<br \/>\nWyganowski, Adolf, nauczyciel<br \/>\n\u017bygie\u0142o, Adam<br \/>\n\u017bygie\u0142o, Aleksander (Ole\u015b)<\/p>\n<\/div>\n<\/div><\/div><\/div><\/div><\/div>","protected":false},"excerpt":{"rendered":"<p>Autor: Maria Narel-Challot Wydanie: 1 ISBN: 978-83-963963-7-2 Stron: 400 Format: 14,8 x 21 cm Ok\u0142adka: twarda, lakierowana Dost\u0119pne tak\u017ce w komplecie Fundamentem powie\u015bci s\u0105 wydarzenia historyczne z lat 1913-1953, na kt\u00f3rych autorka zbudowa\u0142a szkielet skonstruowany z rodzinnych przekaz\u00f3w oraz wydarze\u0144 ju\u017c cz\u0119sto zapomnianych, ale mo\u017cliwych do odtworzenia na podstawie rodzinnych dokument\u00f3w. Wi\u0119kszo\u015b\u0107 autor\u00f3w ksi\u0105\u017cek o [&hellip;]<\/p>\n","protected":false},"author":1,"featured_media":22478,"comment_status":"open","ping_status":"closed","template":"","meta":{"h5ap_radio_sources":[],"jetpack_post_was_ever_published":false},"product_brand":[],"product_cat":[393,272],"product_tag":[346,311,347],"class_list":{"0":"post-22463","1":"product","2":"type-product","3":"status-publish","4":"has-post-thumbnail","6":"product_cat-inna-ameryka","7":"product_cat-ksiazki","8":"product_tag-emigracja","9":"product_tag-inne-publikacje","10":"product_tag-suchowola","12":"first","13":"outofstock","14":"featured","15":"taxable","16":"shipping-taxable","17":"purchasable","18":"product-type-simple"},"supplier_id":16598,"supplier_sku":"","barcode":null,"atum_controlled":true,"out_stock_date":"2025-11-07 08:18:37","out_stock_threshold":null,"inheritable":false,"inbound_stock":0,"stock_on_hold":0,"sold_today":0,"sales_last_days":0,"reserved_stock":0,"customer_returns":0,"warehouse_damage":0,"lost_in_post":0,"other_logs":0,"out_stock_days":162,"lost_sales":2985,"has_location":false,"update_date":"2026-04-19T00:08:37","atum_locations":[],"atum_stock_status":"outofstock","restock_status":false,"low_stock_amount":5,"sales_update_date":"2026-04-19T00:08:37","calc_backorders":null,"yoast_head":"<!-- This site is optimized with the Yoast SEO plugin v27.4 - https:\/\/yoast.com\/product\/yoast-seo-wordpress\/ -->\n<title>Eldorado nad Biebrz\u0105 \u2013 Zofia - Jami\u0144ski Zesp\u00f3\u0142 Indeksacyjny<\/title>\n<meta name=\"robots\" content=\"index, follow, max-snippet:-1, max-image-preview:large, max-video-preview:-1\" \/>\n<link rel=\"canonical\" href=\"https:\/\/jzi.org.pl\/en\/product\/eldorado-nad-biebrza-zofia\/\" \/>\n<meta property=\"og:locale\" content=\"en_US\" \/>\n<meta property=\"og:type\" content=\"article\" \/>\n<meta property=\"og:title\" content=\"Eldorado nad Biebrz\u0105 \u2013 Zofia - Jami\u0144ski Zesp\u00f3\u0142 Indeksacyjny\" \/>\n<meta property=\"og:description\" content=\"Autor: Maria Narel-Challot Wydanie: 1 ISBN: 978-83-963963-7-2 Stron: 400 Format: 14,8 x 21 cm Ok\u0142adka: twarda, lakierowana Dost\u0119pne tak\u017ce w komplecie Fundamentem powie\u015bci s\u0105 wydarzenia historyczne z lat 1913-1953, na kt\u00f3rych autorka zbudowa\u0142a szkielet skonstruowany z rodzinnych przekaz\u00f3w oraz wydarze\u0144 ju\u017c cz\u0119sto zapomnianych, ale mo\u017cliwych do odtworzenia na podstawie rodzinnych dokument\u00f3w. Wi\u0119kszo\u015b\u0107 autor\u00f3w ksi\u0105\u017cek o [&hellip;]\" \/>\n<meta property=\"og:url\" content=\"https:\/\/jzi.org.pl\/en\/product\/eldorado-nad-biebrza-zofia\/\" \/>\n<meta property=\"og:site_name\" content=\"Jami\u0144ski Zesp\u00f3\u0142 Indeksacyjny\" \/>\n<meta property=\"article:publisher\" content=\"https:\/\/www.facebook.com\/Jaminski.Zespol.Indeksacyjny\/\" \/>\n<meta property=\"article:modified_time\" content=\"2025-11-07T07:18:37+00:00\" \/>\n<meta property=\"og:image\" content=\"https:\/\/jzi.org.pl\/wp-content\/uploads\/2022\/11\/Eldorado-nad-Biebrza-Zofia.jpg\" \/>\n\t<meta property=\"og:image:width\" content=\"1488\" \/>\n\t<meta property=\"og:image:height\" content=\"2048\" \/>\n\t<meta property=\"og:image:type\" content=\"image\/jpeg\" \/>\n<meta name=\"twitter:card\" content=\"summary_large_image\" \/>\n<meta name=\"twitter:label1\" content=\"Est. reading time\" \/>\n\t<meta name=\"twitter:data1\" content=\"4 minutes\" \/>\n<script type=\"application\/ld+json\" class=\"yoast-schema-graph\">{\"@context\":\"https:\\\/\\\/schema.org\",\"@graph\":[{\"@type\":\"WebPage\",\"@id\":\"https:\\\/\\\/jzi.org.pl\\\/produkt\\\/eldorado-nad-biebrza-zofia\\\/\",\"url\":\"https:\\\/\\\/jzi.org.pl\\\/produkt\\\/eldorado-nad-biebrza-zofia\\\/\",\"name\":\"Eldorado nad Biebrz\u0105 \u2013 Zofia - Jami\u0144ski Zesp\u00f3\u0142 Indeksacyjny\",\"isPartOf\":{\"@id\":\"https:\\\/\\\/jzi.org.pl\\\/#website\"},\"primaryImageOfPage\":{\"@id\":\"https:\\\/\\\/jzi.org.pl\\\/produkt\\\/eldorado-nad-biebrza-zofia\\\/#primaryimage\"},\"image\":{\"@id\":\"https:\\\/\\\/jzi.org.pl\\\/produkt\\\/eldorado-nad-biebrza-zofia\\\/#primaryimage\"},\"thumbnailUrl\":\"https:\\\/\\\/jzi.org.pl\\\/wp-content\\\/uploads\\\/2022\\\/11\\\/Eldorado-nad-Biebrza-Zofia.jpg\",\"datePublished\":\"2022-11-08T11:38:53+00:00\",\"dateModified\":\"2025-11-07T07:18:37+00:00\",\"breadcrumb\":{\"@id\":\"https:\\\/\\\/jzi.org.pl\\\/produkt\\\/eldorado-nad-biebrza-zofia\\\/#breadcrumb\"},\"inLanguage\":\"en-US\",\"potentialAction\":[{\"@type\":\"ReadAction\",\"target\":[\"https:\\\/\\\/jzi.org.pl\\\/produkt\\\/eldorado-nad-biebrza-zofia\\\/\"]}]},{\"@type\":\"ImageObject\",\"inLanguage\":\"en-US\",\"@id\":\"https:\\\/\\\/jzi.org.pl\\\/produkt\\\/eldorado-nad-biebrza-zofia\\\/#primaryimage\",\"url\":\"https:\\\/\\\/jzi.org.pl\\\/wp-content\\\/uploads\\\/2022\\\/11\\\/Eldorado-nad-Biebrza-Zofia.jpg\",\"contentUrl\":\"https:\\\/\\\/jzi.org.pl\\\/wp-content\\\/uploads\\\/2022\\\/11\\\/Eldorado-nad-Biebrza-Zofia.jpg\",\"width\":1488,\"height\":2048},{\"@type\":\"BreadcrumbList\",\"@id\":\"https:\\\/\\\/jzi.org.pl\\\/produkt\\\/eldorado-nad-biebrza-zofia\\\/#breadcrumb\",\"itemListElement\":[{\"@type\":\"ListItem\",\"position\":1,\"name\":\"Strona g\u0142\u00f3wna\",\"item\":\"https:\\\/\\\/jzi.org.pl\\\/\"},{\"@type\":\"ListItem\",\"position\":2,\"name\":\"Sklep\",\"item\":\"https:\\\/\\\/jzi.org.pl\\\/sklep\\\/\"},{\"@type\":\"ListItem\",\"position\":3,\"name\":\"Eldorado nad Biebrz\u0105 \u2013 Zofia\"}]},{\"@type\":\"WebSite\",\"@id\":\"https:\\\/\\\/jzi.org.pl\\\/#website\",\"url\":\"https:\\\/\\\/jzi.org.pl\\\/\",\"name\":\"Jami\u0144ski Zesp\u00f3\u0142 Indeksacyjny\",\"description\":\"\",\"publisher\":{\"@id\":\"https:\\\/\\\/jzi.org.pl\\\/#organization\"},\"potentialAction\":[{\"@type\":\"SearchAction\",\"target\":{\"@type\":\"EntryPoint\",\"urlTemplate\":\"https:\\\/\\\/jzi.org.pl\\\/?s={search_term_string}\"},\"query-input\":{\"@type\":\"PropertyValueSpecification\",\"valueRequired\":true,\"valueName\":\"search_term_string\"}}],\"inLanguage\":\"en-US\"},{\"@type\":\"Organization\",\"@id\":\"https:\\\/\\\/jzi.org.pl\\\/#organization\",\"name\":\"Jami\u0144ski Zesp\u00f3\u0142 Indeksacyjny\",\"url\":\"https:\\\/\\\/jzi.org.pl\\\/\",\"logo\":{\"@type\":\"ImageObject\",\"inLanguage\":\"en-US\",\"@id\":\"https:\\\/\\\/jzi.org.pl\\\/#\\\/schema\\\/logo\\\/image\\\/\",\"url\":\"https:\\\/\\\/jzi.org.pl\\\/wp-content\\\/uploads\\\/2019\\\/03\\\/logo-stowarzyszenie-jzi.png\",\"contentUrl\":\"https:\\\/\\\/jzi.org.pl\\\/wp-content\\\/uploads\\\/2019\\\/03\\\/logo-stowarzyszenie-jzi.png\",\"width\":931,\"height\":990,\"caption\":\"Jami\u0144ski Zesp\u00f3\u0142 Indeksacyjny\"},\"image\":{\"@id\":\"https:\\\/\\\/jzi.org.pl\\\/#\\\/schema\\\/logo\\\/image\\\/\"},\"sameAs\":[\"https:\\\/\\\/www.facebook.com\\\/Jaminski.Zespol.Indeksacyjny\\\/\"]}]}<\/script>\n<!-- \/ Yoast SEO plugin. -->","yoast_head_json":{"title":"Eldorado nad Biebrz\u0105 \u2013 Zofia - Jami\u0144ski Zesp\u00f3\u0142 Indeksacyjny","robots":{"index":"index","follow":"follow","max-snippet":"max-snippet:-1","max-image-preview":"max-image-preview:large","max-video-preview":"max-video-preview:-1"},"canonical":"https:\/\/jzi.org.pl\/en\/product\/eldorado-nad-biebrza-zofia\/","og_locale":"en_US","og_type":"article","og_title":"Eldorado nad Biebrz\u0105 \u2013 Zofia - Jami\u0144ski Zesp\u00f3\u0142 Indeksacyjny","og_description":"Autor: Maria Narel-Challot Wydanie: 1 ISBN: 978-83-963963-7-2 Stron: 400 Format: 14,8 x 21 cm Ok\u0142adka: twarda, lakierowana Dost\u0119pne tak\u017ce w komplecie Fundamentem powie\u015bci s\u0105 wydarzenia historyczne z lat 1913-1953, na kt\u00f3rych autorka zbudowa\u0142a szkielet skonstruowany z rodzinnych przekaz\u00f3w oraz wydarze\u0144 ju\u017c cz\u0119sto zapomnianych, ale mo\u017cliwych do odtworzenia na podstawie rodzinnych dokument\u00f3w. Wi\u0119kszo\u015b\u0107 autor\u00f3w ksi\u0105\u017cek o [&hellip;]","og_url":"https:\/\/jzi.org.pl\/en\/product\/eldorado-nad-biebrza-zofia\/","og_site_name":"Jami\u0144ski Zesp\u00f3\u0142 Indeksacyjny","article_publisher":"https:\/\/www.facebook.com\/Jaminski.Zespol.Indeksacyjny\/","article_modified_time":"2025-11-07T07:18:37+00:00","og_image":[{"width":1488,"height":2048,"url":"https:\/\/jzi.org.pl\/wp-content\/uploads\/2022\/11\/Eldorado-nad-Biebrza-Zofia.jpg","type":"image\/jpeg"}],"twitter_card":"summary_large_image","twitter_misc":{"Est. reading time":"4 minutes"},"schema":{"@context":"https:\/\/schema.org","@graph":[{"@type":"WebPage","@id":"https:\/\/jzi.org.pl\/produkt\/eldorado-nad-biebrza-zofia\/","url":"https:\/\/jzi.org.pl\/produkt\/eldorado-nad-biebrza-zofia\/","name":"Eldorado nad Biebrz\u0105 \u2013 Zofia - Jami\u0144ski Zesp\u00f3\u0142 Indeksacyjny","isPartOf":{"@id":"https:\/\/jzi.org.pl\/#website"},"primaryImageOfPage":{"@id":"https:\/\/jzi.org.pl\/produkt\/eldorado-nad-biebrza-zofia\/#primaryimage"},"image":{"@id":"https:\/\/jzi.org.pl\/produkt\/eldorado-nad-biebrza-zofia\/#primaryimage"},"thumbnailUrl":"https:\/\/jzi.org.pl\/wp-content\/uploads\/2022\/11\/Eldorado-nad-Biebrza-Zofia.jpg","datePublished":"2022-11-08T11:38:53+00:00","dateModified":"2025-11-07T07:18:37+00:00","breadcrumb":{"@id":"https:\/\/jzi.org.pl\/produkt\/eldorado-nad-biebrza-zofia\/#breadcrumb"},"inLanguage":"en-US","potentialAction":[{"@type":"ReadAction","target":["https:\/\/jzi.org.pl\/produkt\/eldorado-nad-biebrza-zofia\/"]}]},{"@type":"ImageObject","inLanguage":"en-US","@id":"https:\/\/jzi.org.pl\/produkt\/eldorado-nad-biebrza-zofia\/#primaryimage","url":"https:\/\/jzi.org.pl\/wp-content\/uploads\/2022\/11\/Eldorado-nad-Biebrza-Zofia.jpg","contentUrl":"https:\/\/jzi.org.pl\/wp-content\/uploads\/2022\/11\/Eldorado-nad-Biebrza-Zofia.jpg","width":1488,"height":2048},{"@type":"BreadcrumbList","@id":"https:\/\/jzi.org.pl\/produkt\/eldorado-nad-biebrza-zofia\/#breadcrumb","itemListElement":[{"@type":"ListItem","position":1,"name":"Strona g\u0142\u00f3wna","item":"https:\/\/jzi.org.pl\/"},{"@type":"ListItem","position":2,"name":"Sklep","item":"https:\/\/jzi.org.pl\/sklep\/"},{"@type":"ListItem","position":3,"name":"Eldorado nad Biebrz\u0105 \u2013 Zofia"}]},{"@type":"WebSite","@id":"https:\/\/jzi.org.pl\/#website","url":"https:\/\/jzi.org.pl\/","name":"Jaminy Indexing Team","description":"","publisher":{"@id":"https:\/\/jzi.org.pl\/#organization"},"potentialAction":[{"@type":"SearchAction","target":{"@type":"EntryPoint","urlTemplate":"https:\/\/jzi.org.pl\/?s={search_term_string}"},"query-input":{"@type":"PropertyValueSpecification","valueRequired":true,"valueName":"search_term_string"}}],"inLanguage":"en-US"},{"@type":"Organization","@id":"https:\/\/jzi.org.pl\/#organization","name":"Jaminy Indexing Team","url":"https:\/\/jzi.org.pl\/","logo":{"@type":"ImageObject","inLanguage":"en-US","@id":"https:\/\/jzi.org.pl\/#\/schema\/logo\/image\/","url":"https:\/\/jzi.org.pl\/wp-content\/uploads\/2019\/03\/logo-stowarzyszenie-jzi.png","contentUrl":"https:\/\/jzi.org.pl\/wp-content\/uploads\/2019\/03\/logo-stowarzyszenie-jzi.png","width":931,"height":990,"caption":"Jami\u0144ski Zesp\u00f3\u0142 Indeksacyjny"},"image":{"@id":"https:\/\/jzi.org.pl\/#\/schema\/logo\/image\/"},"sameAs":["https:\/\/www.facebook.com\/Jaminski.Zespol.Indeksacyjny\/"]}]}},"jetpack_likes_enabled":true,"jetpack_sharing_enabled":true,"_links":{"self":[{"href":"https:\/\/jzi.org.pl\/en\/wp-json\/wp\/v2\/product\/22463","targetHints":{"allow":["GET"]}}],"collection":[{"href":"https:\/\/jzi.org.pl\/en\/wp-json\/wp\/v2\/product"}],"about":[{"href":"https:\/\/jzi.org.pl\/en\/wp-json\/wp\/v2\/types\/product"}],"author":[{"embeddable":true,"href":"https:\/\/jzi.org.pl\/en\/wp-json\/wp\/v2\/users\/1"}],"replies":[{"embeddable":true,"href":"https:\/\/jzi.org.pl\/en\/wp-json\/wp\/v2\/comments?post=22463"}],"wp:featuredmedia":[{"embeddable":true,"href":"https:\/\/jzi.org.pl\/en\/wp-json\/wp\/v2\/media\/22478"}],"wp:attachment":[{"href":"https:\/\/jzi.org.pl\/en\/wp-json\/wp\/v2\/media?parent=22463"}],"wp:term":[{"taxonomy":"product_brand","embeddable":true,"href":"https:\/\/jzi.org.pl\/en\/wp-json\/wp\/v2\/product_brand?post=22463"},{"taxonomy":"product_cat","embeddable":true,"href":"https:\/\/jzi.org.pl\/en\/wp-json\/wp\/v2\/product_cat?post=22463"},{"taxonomy":"product_tag","embeddable":true,"href":"https:\/\/jzi.org.pl\/en\/wp-json\/wp\/v2\/product_tag?post=22463"}],"curies":[{"name":"wp","href":"https:\/\/api.w.org\/{rel}","templated":true}]}}