{"id":20732,"date":"2022-08-22T09:49:18","date_gmt":"2022-08-22T07:49:18","guid":{"rendered":"https:\/\/jzi.org.pl\/?post_type=product&#038;p=20732"},"modified":"2025-11-23T11:30:23","modified_gmt":"2025-11-23T10:30:23","slug":"lipsk-urodzenia-sluby-zgony","status":"publish","type":"product","link":"https:\/\/jzi.org.pl\/en\/product\/lipsk-urodzenia-sluby-zgony\/","title":{"rendered":"Lipsk \u2013 Urodzenia, \u015bluby, zgony"},"content":{"rendered":"<div id=\"pl-20732\"  class=\"panel-layout\" ><div id=\"pg-20732-0\"  class=\"panel-grid panel-no-style\" ><div id=\"pgc-20732-0-0\"  class=\"panel-grid-cell\" ><div id=\"panel-20732-0-0-0\" class=\"so-panel widget panel-first-child\" data-index=\"0\" ><\/div><div id=\"panel-20732-0-0-1\" class=\"so-panel widget panel-last-child\" data-index=\"1\" ><\/div><\/div><\/div><div id=\"pg-20732-1\"  class=\"panel-grid panel-no-style\" ><div id=\"pgc-20732-1-0\"  class=\"panel-grid-cell\" ><div id=\"panel-20732-1-0-0\" class=\"so-panel widget panel-first-child panel-last-child\" data-index=\"2\" ><\/div><\/div><div id=\"pgc-20732-1-1\"  class=\"panel-grid-cell\" ><div id=\"panel-20732-1-1-0\" class=\"so-panel widget panel-first-child panel-last-child\" data-index=\"3\" ><\/div><\/div><div id=\"pgc-20732-1-2\"  class=\"panel-grid-cell\" ><div id=\"panel-20732-1-2-0\" class=\"so-panel widget panel-first-child panel-last-child\" data-index=\"4\" ><\/div><\/div><div id=\"pgc-20732-1-3\"  class=\"panel-grid-cell\" ><div id=\"panel-20732-1-3-0\" class=\"so-panel widget panel-first-child panel-last-child\" data-index=\"5\" ><\/div><\/div><div id=\"pgc-20732-1-4\"  class=\"panel-grid-cell\" ><div id=\"panel-20732-1-4-0\" class=\"so-panel widget panel-first-child panel-last-child\" data-index=\"6\" ><\/div><\/div><\/div><\/div>","protected":false},"excerpt":{"rendered":"<p>Wydanie: 1 ISBN: 978-83-963963-6-5 Stron: 672 Format: 17 x 24 cm (B5) Ok\u0142adka: twarda, lakierowana W 2016 roku rozpocz\u0119li\u015bmy publikacj\u0119 serii \u201eNadbiebrza\u0144skie parafie\u201d, za\u0142o\u017ceniem kt\u00f3rej jest zebranie w jednym miejscu materia\u0142\u00f3w metrykalnych dotycz\u0105cych parafii po\u0142o\u017conych w Kotlinie Biebrza\u0144skiej. Rozpocz\u0119li\u015bmy od niewielkiej parafii Jaminy, z kt\u00f3rej dane zaj\u0119\u0142y trzy opas\u0142e tomy, osobno dla urodze\u0144, \u015blub\u00f3w i [&hellip;]<\/p>\n","protected":false},"author":1,"featured_media":20746,"comment_status":"open","ping_status":"closed","template":"","meta":{"h5ap_radio_sources":[],"jetpack_post_was_ever_published":false},"product_brand":[],"product_cat":[272,341],"product_tag":[353,366],"class_list":{"0":"post-20732","1":"product","2":"type-product","3":"status-publish","4":"has-post-thumbnail","6":"product_cat-ksiazki","7":"product_cat-nadbiebrzanskie-parafie","8":"product_tag-indeksy","9":"product_tag-jaminy","11":"first","12":"outofstock","13":"featured","14":"taxable","15":"shipping-taxable","16":"purchasable","17":"product-type-simple"},"supplier_id":16598,"supplier_sku":"","barcode":null,"atum_controlled":true,"out_stock_date":"2025-11-23 10:54:58","out_stock_threshold":null,"inheritable":false,"inbound_stock":0,"stock_on_hold":1,"sold_today":0,"sales_last_days":0,"reserved_stock":0,"customer_returns":0,"warehouse_damage":0,"lost_in_post":0,"other_logs":0,"out_stock_days":146,"lost_sales":3295,"has_location":false,"update_date":"2026-04-19T00:08:37","atum_locations":[],"atum_stock_status":"outofstock","restock_status":false,"low_stock_amount":3,"sales_update_date":"2026-04-19T00:08:37","calc_backorders":null,"yoast_head":"<!-- This site is optimized with the Yoast SEO plugin v27.4 - https:\/\/yoast.com\/product\/yoast-seo-wordpress\/ -->\n<title>Lipsk \u2013 Urodzenia, \u015bluby, zgony - Jami\u0144ski Zesp\u00f3\u0142 Indeksacyjny<\/title>\n<meta name=\"robots\" content=\"index, follow, max-snippet:-1, max-image-preview:large, max-video-preview:-1\" \/>\n<link rel=\"canonical\" href=\"https:\/\/jzi.org.pl\/en\/product\/lipsk-urodzenia-sluby-zgony\/\" \/>\n<meta property=\"og:locale\" content=\"en_US\" \/>\n<meta property=\"og:type\" content=\"article\" \/>\n<meta property=\"og:title\" content=\"Lipsk \u2013 Urodzenia, \u015bluby, zgony\" \/>\n<meta property=\"og:description\" content=\"Wydanie: 1 ISBN: 978-83-963963-6-5 Stron: 672 Format: 17 x 24 cm (B5) Ok\u0142adka: twarda, lakierowana W 2016 roku rozpocz\u0119li\u015bmy publikacj\u0119 serii \u201eNadbiebrza\u0144skie parafie\u201d, za\u0142o\u017ceniem kt\u00f3rej jest zebranie w jednym miejscu materia\u0142\u00f3w metrykalnych dotycz\u0105cych parafii po\u0142o\u017conych w Kotlinie Biebrza\u0144skiej. Rozpocz\u0119li\u015bmy od niewielkiej parafii Jaminy, z kt\u00f3rej dane zaj\u0119\u0142y trzy opas\u0142e tomy, osobno dla urodze\u0144, \u015blub\u00f3w i [&hellip;]\" \/>\n<meta property=\"og:url\" content=\"https:\/\/jzi.org.pl\/en\/product\/lipsk-urodzenia-sluby-zgony\/\" \/>\n<meta property=\"og:site_name\" content=\"Jami\u0144ski Zesp\u00f3\u0142 Indeksacyjny\" \/>\n<meta property=\"article:publisher\" content=\"https:\/\/www.facebook.com\/Jaminski.Zespol.Indeksacyjny\/\" \/>\n<meta property=\"article:modified_time\" content=\"2025-11-23T10:30:23+00:00\" \/>\n<meta property=\"og:image\" content=\"https:\/\/jzi.org.pl\/wp-content\/uploads\/2022\/08\/Lipsk-0-scaled.jpg\" \/>\n\t<meta property=\"og:image:width\" content=\"1867\" \/>\n\t<meta property=\"og:image:height\" content=\"2560\" \/>\n\t<meta property=\"og:image:type\" content=\"image\/jpeg\" \/>\n<meta name=\"twitter:card\" content=\"summary_large_image\" \/>\n<meta name=\"twitter:label1\" content=\"Est. reading time\" \/>\n\t<meta name=\"twitter:data1\" content=\"14 minutes\" \/>\n<script type=\"application\/ld+json\" class=\"yoast-schema-graph\">{\"@context\":\"https:\\\/\\\/schema.org\",\"@graph\":[{\"@type\":\"WebPage\",\"@id\":\"https:\\\/\\\/jzi.org.pl\\\/produkt\\\/lipsk-urodzenia-sluby-zgony\\\/\",\"url\":\"https:\\\/\\\/jzi.org.pl\\\/produkt\\\/lipsk-urodzenia-sluby-zgony\\\/\",\"name\":\"Lipsk \u2013 Urodzenia, \u015bluby, zgony - Jami\u0144ski Zesp\u00f3\u0142 Indeksacyjny\",\"isPartOf\":{\"@id\":\"https:\\\/\\\/jzi.org.pl\\\/#website\"},\"primaryImageOfPage\":{\"@id\":\"https:\\\/\\\/jzi.org.pl\\\/produkt\\\/lipsk-urodzenia-sluby-zgony\\\/#primaryimage\"},\"image\":{\"@id\":\"https:\\\/\\\/jzi.org.pl\\\/produkt\\\/lipsk-urodzenia-sluby-zgony\\\/#primaryimage\"},\"thumbnailUrl\":\"https:\\\/\\\/jzi.org.pl\\\/wp-content\\\/uploads\\\/2022\\\/08\\\/Lipsk-0-scaled.jpg\",\"datePublished\":\"2022-08-22T07:49:18+00:00\",\"dateModified\":\"2025-11-23T10:30:23+00:00\",\"breadcrumb\":{\"@id\":\"https:\\\/\\\/jzi.org.pl\\\/produkt\\\/lipsk-urodzenia-sluby-zgony\\\/#breadcrumb\"},\"inLanguage\":\"en-US\",\"potentialAction\":[{\"@type\":\"ReadAction\",\"target\":[\"https:\\\/\\\/jzi.org.pl\\\/produkt\\\/lipsk-urodzenia-sluby-zgony\\\/\"]}]},{\"@type\":\"ImageObject\",\"inLanguage\":\"en-US\",\"@id\":\"https:\\\/\\\/jzi.org.pl\\\/produkt\\\/lipsk-urodzenia-sluby-zgony\\\/#primaryimage\",\"url\":\"https:\\\/\\\/jzi.org.pl\\\/wp-content\\\/uploads\\\/2022\\\/08\\\/Lipsk-0-scaled.jpg\",\"contentUrl\":\"https:\\\/\\\/jzi.org.pl\\\/wp-content\\\/uploads\\\/2022\\\/08\\\/Lipsk-0-scaled.jpg\",\"width\":1867,\"height\":2560},{\"@type\":\"BreadcrumbList\",\"@id\":\"https:\\\/\\\/jzi.org.pl\\\/produkt\\\/lipsk-urodzenia-sluby-zgony\\\/#breadcrumb\",\"itemListElement\":[{\"@type\":\"ListItem\",\"position\":1,\"name\":\"Strona g\u0142\u00f3wna\",\"item\":\"https:\\\/\\\/jzi.org.pl\\\/\"},{\"@type\":\"ListItem\",\"position\":2,\"name\":\"Sklep\",\"item\":\"https:\\\/\\\/jzi.org.pl\\\/sklep\\\/\"},{\"@type\":\"ListItem\",\"position\":3,\"name\":\"Lipsk \u2013 Urodzenia, \u015bluby, zgony\"}]},{\"@type\":\"WebSite\",\"@id\":\"https:\\\/\\\/jzi.org.pl\\\/#website\",\"url\":\"https:\\\/\\\/jzi.org.pl\\\/\",\"name\":\"Jami\u0144ski Zesp\u00f3\u0142 Indeksacyjny\",\"description\":\"\",\"publisher\":{\"@id\":\"https:\\\/\\\/jzi.org.pl\\\/#organization\"},\"potentialAction\":[{\"@type\":\"SearchAction\",\"target\":{\"@type\":\"EntryPoint\",\"urlTemplate\":\"https:\\\/\\\/jzi.org.pl\\\/?s={search_term_string}\"},\"query-input\":{\"@type\":\"PropertyValueSpecification\",\"valueRequired\":true,\"valueName\":\"search_term_string\"}}],\"inLanguage\":\"en-US\"},{\"@type\":\"Organization\",\"@id\":\"https:\\\/\\\/jzi.org.pl\\\/#organization\",\"name\":\"Jami\u0144ski Zesp\u00f3\u0142 Indeksacyjny\",\"url\":\"https:\\\/\\\/jzi.org.pl\\\/\",\"logo\":{\"@type\":\"ImageObject\",\"inLanguage\":\"en-US\",\"@id\":\"https:\\\/\\\/jzi.org.pl\\\/#\\\/schema\\\/logo\\\/image\\\/\",\"url\":\"https:\\\/\\\/jzi.org.pl\\\/wp-content\\\/uploads\\\/2019\\\/03\\\/logo-stowarzyszenie-jzi.png\",\"contentUrl\":\"https:\\\/\\\/jzi.org.pl\\\/wp-content\\\/uploads\\\/2019\\\/03\\\/logo-stowarzyszenie-jzi.png\",\"width\":931,\"height\":990,\"caption\":\"Jami\u0144ski Zesp\u00f3\u0142 Indeksacyjny\"},\"image\":{\"@id\":\"https:\\\/\\\/jzi.org.pl\\\/#\\\/schema\\\/logo\\\/image\\\/\"},\"sameAs\":[\"https:\\\/\\\/www.facebook.com\\\/Jaminski.Zespol.Indeksacyjny\\\/\"]}]}<\/script>\n<!-- \/ Yoast SEO plugin. -->","yoast_head_json":{"title":"Lipsk \u2013 Urodzenia, \u015bluby, zgony - Jami\u0144ski Zesp\u00f3\u0142 Indeksacyjny","robots":{"index":"index","follow":"follow","max-snippet":"max-snippet:-1","max-image-preview":"max-image-preview:large","max-video-preview":"max-video-preview:-1"},"canonical":"https:\/\/jzi.org.pl\/en\/product\/lipsk-urodzenia-sluby-zgony\/","og_locale":"en_US","og_type":"article","og_title":"Lipsk \u2013 Urodzenia, \u015bluby, zgony","og_description":"Wydanie: 1 ISBN: 978-83-963963-6-5 Stron: 672 Format: 17 x 24 cm (B5) Ok\u0142adka: twarda, lakierowana W 2016 roku rozpocz\u0119li\u015bmy publikacj\u0119 serii \u201eNadbiebrza\u0144skie parafie\u201d, za\u0142o\u017ceniem kt\u00f3rej jest zebranie w jednym miejscu materia\u0142\u00f3w metrykalnych dotycz\u0105cych parafii po\u0142o\u017conych w Kotlinie Biebrza\u0144skiej. Rozpocz\u0119li\u015bmy od niewielkiej parafii Jaminy, z kt\u00f3rej dane zaj\u0119\u0142y trzy opas\u0142e tomy, osobno dla urodze\u0144, \u015blub\u00f3w i [&hellip;]","og_url":"https:\/\/jzi.org.pl\/en\/product\/lipsk-urodzenia-sluby-zgony\/","og_site_name":"Jami\u0144ski Zesp\u00f3\u0142 Indeksacyjny","article_publisher":"https:\/\/www.facebook.com\/Jaminski.Zespol.Indeksacyjny\/","article_modified_time":"2025-11-23T10:30:23+00:00","og_image":[{"width":1867,"height":2560,"url":"https:\/\/jzi.org.pl\/wp-content\/uploads\/2022\/08\/Lipsk-0-scaled.jpg","type":"image\/jpeg"}],"twitter_card":"summary_large_image","twitter_misc":{"Est. reading time":"14 minutes"},"schema":{"@context":"https:\/\/schema.org","@graph":[{"@type":"WebPage","@id":"https:\/\/jzi.org.pl\/produkt\/lipsk-urodzenia-sluby-zgony\/","url":"https:\/\/jzi.org.pl\/produkt\/lipsk-urodzenia-sluby-zgony\/","name":"Lipsk \u2013 Urodzenia, \u015bluby, zgony - Jami\u0144ski Zesp\u00f3\u0142 Indeksacyjny","isPartOf":{"@id":"https:\/\/jzi.org.pl\/#website"},"primaryImageOfPage":{"@id":"https:\/\/jzi.org.pl\/produkt\/lipsk-urodzenia-sluby-zgony\/#primaryimage"},"image":{"@id":"https:\/\/jzi.org.pl\/produkt\/lipsk-urodzenia-sluby-zgony\/#primaryimage"},"thumbnailUrl":"https:\/\/jzi.org.pl\/wp-content\/uploads\/2022\/08\/Lipsk-0-scaled.jpg","datePublished":"2022-08-22T07:49:18+00:00","dateModified":"2025-11-23T10:30:23+00:00","breadcrumb":{"@id":"https:\/\/jzi.org.pl\/produkt\/lipsk-urodzenia-sluby-zgony\/#breadcrumb"},"inLanguage":"en-US","potentialAction":[{"@type":"ReadAction","target":["https:\/\/jzi.org.pl\/produkt\/lipsk-urodzenia-sluby-zgony\/"]}]},{"@type":"ImageObject","inLanguage":"en-US","@id":"https:\/\/jzi.org.pl\/produkt\/lipsk-urodzenia-sluby-zgony\/#primaryimage","url":"https:\/\/jzi.org.pl\/wp-content\/uploads\/2022\/08\/Lipsk-0-scaled.jpg","contentUrl":"https:\/\/jzi.org.pl\/wp-content\/uploads\/2022\/08\/Lipsk-0-scaled.jpg","width":1867,"height":2560},{"@type":"BreadcrumbList","@id":"https:\/\/jzi.org.pl\/produkt\/lipsk-urodzenia-sluby-zgony\/#breadcrumb","itemListElement":[{"@type":"ListItem","position":1,"name":"Strona g\u0142\u00f3wna","item":"https:\/\/jzi.org.pl\/"},{"@type":"ListItem","position":2,"name":"Sklep","item":"https:\/\/jzi.org.pl\/sklep\/"},{"@type":"ListItem","position":3,"name":"Lipsk \u2013 Urodzenia, \u015bluby, zgony"}]},{"@type":"WebSite","@id":"https:\/\/jzi.org.pl\/#website","url":"https:\/\/jzi.org.pl\/","name":"Jaminy Indexing Team","description":"","publisher":{"@id":"https:\/\/jzi.org.pl\/#organization"},"potentialAction":[{"@type":"SearchAction","target":{"@type":"EntryPoint","urlTemplate":"https:\/\/jzi.org.pl\/?s={search_term_string}"},"query-input":{"@type":"PropertyValueSpecification","valueRequired":true,"valueName":"search_term_string"}}],"inLanguage":"en-US"},{"@type":"Organization","@id":"https:\/\/jzi.org.pl\/#organization","name":"Jaminy Indexing Team","url":"https:\/\/jzi.org.pl\/","logo":{"@type":"ImageObject","inLanguage":"en-US","@id":"https:\/\/jzi.org.pl\/#\/schema\/logo\/image\/","url":"https:\/\/jzi.org.pl\/wp-content\/uploads\/2019\/03\/logo-stowarzyszenie-jzi.png","contentUrl":"https:\/\/jzi.org.pl\/wp-content\/uploads\/2019\/03\/logo-stowarzyszenie-jzi.png","width":931,"height":990,"caption":"Jami\u0144ski Zesp\u00f3\u0142 Indeksacyjny"},"image":{"@id":"https:\/\/jzi.org.pl\/#\/schema\/logo\/image\/"},"sameAs":["https:\/\/www.facebook.com\/Jaminski.Zespol.Indeksacyjny\/"]}]}},"jetpack_likes_enabled":true,"jetpack_sharing_enabled":true,"_links":{"self":[{"href":"https:\/\/jzi.org.pl\/en\/wp-json\/wp\/v2\/product\/20732","targetHints":{"allow":["GET"]}}],"collection":[{"href":"https:\/\/jzi.org.pl\/en\/wp-json\/wp\/v2\/product"}],"about":[{"href":"https:\/\/jzi.org.pl\/en\/wp-json\/wp\/v2\/types\/product"}],"author":[{"embeddable":true,"href":"https:\/\/jzi.org.pl\/en\/wp-json\/wp\/v2\/users\/1"}],"replies":[{"embeddable":true,"href":"https:\/\/jzi.org.pl\/en\/wp-json\/wp\/v2\/comments?post=20732"}],"wp:featuredmedia":[{"embeddable":true,"href":"https:\/\/jzi.org.pl\/en\/wp-json\/wp\/v2\/media\/20746"}],"wp:attachment":[{"href":"https:\/\/jzi.org.pl\/en\/wp-json\/wp\/v2\/media?parent=20732"}],"wp:term":[{"taxonomy":"product_brand","embeddable":true,"href":"https:\/\/jzi.org.pl\/en\/wp-json\/wp\/v2\/product_brand?post=20732"},{"taxonomy":"product_cat","embeddable":true,"href":"https:\/\/jzi.org.pl\/en\/wp-json\/wp\/v2\/product_cat?post=20732"},{"taxonomy":"product_tag","embeddable":true,"href":"https:\/\/jzi.org.pl\/en\/wp-json\/wp\/v2\/product_tag?post=20732"}],"curies":[{"name":"wp","href":"https:\/\/api.w.org\/{rel}","templated":true}]}}