{"id":20632,"date":"2022-07-13T21:27:16","date_gmt":"2022-07-13T19:27:16","guid":{"rendered":"https:\/\/jzi.org.pl\/?post_type=product&#038;p=20632"},"modified":"2024-12-05T12:17:55","modified_gmt":"2024-12-05T11:17:55","slug":"one-hundred-percent-polish","status":"publish","type":"product","link":"https:\/\/jzi.org.pl\/en\/product\/one-hundred-percent-polish\/","title":{"rendered":"One Hundred Percent Polish"},"content":{"rendered":"<p>Author: Jay M. Orbik<\/p>\n<p>Language: English<\/p>\n<p>Edition: 1<\/p>\n<p>ISBN:\u00a0<span>978-83-963963-5-8<\/span><\/p>\n<p>Pages: 410 (including 76 in color)<\/p>\n<p>Format: 17 x 24 cm (B5)<\/p>\n<p>Cover: hard, lacquered<\/p>\n<h4>More information<\/h4>\n<div id=\"pg-17695-1\" class=\"panel-grid panel-no-style\">\n<div id=\"pgc-17695-1-0\" class=\"panel-grid-cell\">\n<div id=\"panel-17695-1-0-0\" class=\"so-panel widget widget_sow-editor panel-first-child panel-last-child\" data-index=\"3\">\n<div class=\"panel-widget-style panel-widget-style-for-17695-1-0-0\">\n<div class=\"so-widget-sow-editor so-widget-sow-editor-base\">\n<div class=\"siteorigin-widget-tinymce textwidget\">\n<p>&#8222;One Hundred Percent Polish&#8221; to ju\u017c druga pozycja wydawnictwa JZI opublikowana w j\u0119zyku angielskim. Autor, Jay Orbik posiada doktorat z technologii edukacyjnej, bada\u0144 i oceny na Northern Illinois University, gdzie przeszed\u0142 na emerytur\u0119 jako dyrektor ds. us\u0142ug medialnych. Pracuje nad genealogi\u0105 i histori\u0105 swojej rodziny od ponad 30 lat, a wszystkie jej linie prze\u015bledzi\u0142 od najstarszych dost\u0119pnych zapis\u00f3w, zw\u0142aszcza nazwiska Orbik, pochodz\u0105cego ze wsi Tajno i pobliskiego Augustowa ju\u017c w 1662. Jest autorem wielu artyku\u0142\u00f3w publikowanych w czasopismach genealogicznych w USA i w Polsce dotycz\u0105cych Polski i Wschodniej Europy.<\/p>\n<\/div>\n<\/div>\n<\/div>\n<\/div>\n<\/div>\n<\/div>\n<p>This book is a history of author's ancestors, all Polish, who came to Chicago in search of a new life. Most of them descended from peasants, but by the time of their immi-gration had achieved their freedom as the three partitioning powers abolished serfdom by the second half of the nineteenth century. This happened in 1807 in Prussia, 1848 in Austria, and in the western Russian provinces in 1864. A few had achieved some status as middle-class craftsmen, but most were farmers. The first to arrive were those from the Prussian partition as the new country of Germany emerged and began waging a culture war against ethnic minorities, including the Poles, and began forcing them off their land. They came in the early 1870s. Those from Galicia came to escape poverty as this was the poorest area of the Austro-Hungarian Empire. Some of them came to make enough money to return to buy farms. Some never naturalized and remained aliens. The Poles from the Russian partition came primarily to escape harsh Russian rule and conscription into the Russian army. Those who did became citizens as fast as they could.<\/p>\n<p>Many of them settled in different Polish neighborhoods of Chicago, but by the end of the first decade of the twentieth century, they all ended up in the steel-making neighborhood of South Chicago. Many of them worked for either the steel industry or supporting industries such as the railroads. They often held the worst jobs working for low wages and living in poor housing made worse by the pollu-tion from the steel mills. But with each generation came more education, better jobs, and a desire to move out of ethnic neighborhoods and join the melting pot of middle-class Americans. Today the steel mills of South Chicago are gone and no one in the family lives there anymore. Many live in the suburban counties surrounding Chicago and have better jobs and better housing. Some have trav-elled to the four corners of the continental United States to pursue their dreams. All of us alive today owe a debt of gratitude to those who braved uncertainty and hardships to come to America to start a new life.<\/p>","protected":false},"excerpt":{"rendered":"<p>Autor: Jay M. Orbik J\u0119zyk: angielski Wydanie: 1 ISBN:\u00a0978-83-963963-5-8 Stron: 410 (w tym 76 w kolorze) Format: 17 x 24 cm (B5) Ok\u0142adka: twarda, lakierowana Wi\u0119cej informacji &#8222;One Hundred Percent Polish&#8221; to ju\u017c druga pozycja wydawnictwa JZI opublikowana w j\u0119zyku angielskim. Autor, Jay Orbik posiada doktorat z technologii edukacyjnej, bada\u0144 i oceny na Northern Illinois [&hellip;]<\/p>\n","protected":false},"author":1,"featured_media":20633,"comment_status":"open","ping_status":"closed","template":"","meta":{"h5ap_radio_sources":[],"jetpack_post_was_ever_published":false},"product_brand":[],"product_cat":[272,344],"product_tag":[349,346,348],"class_list":{"0":"post-20632","1":"product","2":"type-product","3":"status-publish","4":"has-post-thumbnail","6":"product_cat-ksiazki","7":"product_cat-nasze-rodziny","8":"product_tag-barglow","9":"product_tag-emigracja","10":"product_tag-tajno","12":"first","13":"instock","14":"taxable","15":"shipping-taxable","16":"purchasable","17":"product-type-simple"},"supplier_id":16598,"supplier_sku":"","barcode":null,"atum_controlled":true,"out_stock_date":null,"out_stock_threshold":null,"inheritable":false,"inbound_stock":0,"stock_on_hold":0,"sold_today":0,"sales_last_days":0,"reserved_stock":0,"customer_returns":0,"warehouse_damage":0,"lost_in_post":0,"other_logs":0,"out_stock_days":0,"lost_sales":0,"has_location":false,"update_date":"2026-04-07T00:02:37","atum_locations":[],"atum_stock_status":"instock","restock_status":false,"low_stock_amount":"","sales_update_date":"2026-04-07T00:02:37","calc_backorders":null,"yoast_head":"<!-- This site is optimized with the Yoast SEO plugin v27.3 - https:\/\/yoast.com\/product\/yoast-seo-wordpress\/ -->\n<title>One Hundred Percent Polish - Jami\u0144ski Zesp\u00f3\u0142 Indeksacyjny<\/title>\n<meta name=\"robots\" content=\"index, follow, max-snippet:-1, max-image-preview:large, max-video-preview:-1\" \/>\n<link rel=\"canonical\" href=\"https:\/\/jzi.org.pl\/en\/product\/one-hundred-percent-polish\/\" \/>\n<meta property=\"og:locale\" content=\"en_US\" \/>\n<meta property=\"og:type\" content=\"article\" \/>\n<meta property=\"og:title\" content=\"One Hundred Percent Polish - Jami\u0144ski Zesp\u00f3\u0142 Indeksacyjny\" \/>\n<meta property=\"og:description\" content=\"Autor: Jay M. Orbik J\u0119zyk: angielski Wydanie: 1 ISBN:\u00a0978-83-963963-5-8 Stron: 410 (w tym 76 w kolorze) Format: 17 x 24 cm (B5) Ok\u0142adka: twarda, lakierowana Wi\u0119cej informacji &#8222;One Hundred Percent Polish&#8221; to ju\u017c druga pozycja wydawnictwa JZI opublikowana w j\u0119zyku angielskim. Autor, Jay Orbik posiada doktorat z technologii edukacyjnej, bada\u0144 i oceny na Northern Illinois [&hellip;]\" \/>\n<meta property=\"og:url\" content=\"https:\/\/jzi.org.pl\/en\/product\/one-hundred-percent-polish\/\" \/>\n<meta property=\"og:site_name\" content=\"Jami\u0144ski Zesp\u00f3\u0142 Indeksacyjny\" \/>\n<meta property=\"article:publisher\" content=\"https:\/\/www.facebook.com\/Jaminski.Zespol.Indeksacyjny\/\" \/>\n<meta property=\"article:modified_time\" content=\"2024-12-05T11:17:55+00:00\" \/>\n<meta property=\"og:image\" content=\"https:\/\/jzi.org.pl\/wp-content\/uploads\/2022\/07\/one-hundred-percent-polish-0-733x1024.png\" \/>\n\t<meta property=\"og:image:width\" content=\"733\" \/>\n\t<meta property=\"og:image:height\" content=\"1024\" \/>\n\t<meta property=\"og:image:type\" content=\"image\/png\" \/>\n<meta name=\"twitter:card\" content=\"summary_large_image\" \/>\n<meta name=\"twitter:label1\" content=\"Est. reading time\" \/>\n\t<meta name=\"twitter:data1\" content=\"3 minutes\" \/>\n<script type=\"application\/ld+json\" class=\"yoast-schema-graph\">{\"@context\":\"https:\\\/\\\/schema.org\",\"@graph\":[{\"@type\":\"WebPage\",\"@id\":\"https:\\\/\\\/jzi.org.pl\\\/produkt\\\/one-hundred-percent-polish\\\/\",\"url\":\"https:\\\/\\\/jzi.org.pl\\\/produkt\\\/one-hundred-percent-polish\\\/\",\"name\":\"One Hundred Percent Polish - Jami\u0144ski Zesp\u00f3\u0142 Indeksacyjny\",\"isPartOf\":{\"@id\":\"https:\\\/\\\/jzi.org.pl\\\/#website\"},\"primaryImageOfPage\":{\"@id\":\"https:\\\/\\\/jzi.org.pl\\\/produkt\\\/one-hundred-percent-polish\\\/#primaryimage\"},\"image\":{\"@id\":\"https:\\\/\\\/jzi.org.pl\\\/produkt\\\/one-hundred-percent-polish\\\/#primaryimage\"},\"thumbnailUrl\":\"https:\\\/\\\/jzi.org.pl\\\/wp-content\\\/uploads\\\/2022\\\/07\\\/one-hundred-percent-polish-0.png\",\"datePublished\":\"2022-07-13T19:27:16+00:00\",\"dateModified\":\"2024-12-05T11:17:55+00:00\",\"breadcrumb\":{\"@id\":\"https:\\\/\\\/jzi.org.pl\\\/produkt\\\/one-hundred-percent-polish\\\/#breadcrumb\"},\"inLanguage\":\"en-US\",\"potentialAction\":[{\"@type\":\"ReadAction\",\"target\":[\"https:\\\/\\\/jzi.org.pl\\\/produkt\\\/one-hundred-percent-polish\\\/\"]}]},{\"@type\":\"ImageObject\",\"inLanguage\":\"en-US\",\"@id\":\"https:\\\/\\\/jzi.org.pl\\\/produkt\\\/one-hundred-percent-polish\\\/#primaryimage\",\"url\":\"https:\\\/\\\/jzi.org.pl\\\/wp-content\\\/uploads\\\/2022\\\/07\\\/one-hundred-percent-polish-0.png\",\"contentUrl\":\"https:\\\/\\\/jzi.org.pl\\\/wp-content\\\/uploads\\\/2022\\\/07\\\/one-hundred-percent-polish-0.png\",\"width\":2090,\"height\":2918},{\"@type\":\"BreadcrumbList\",\"@id\":\"https:\\\/\\\/jzi.org.pl\\\/produkt\\\/one-hundred-percent-polish\\\/#breadcrumb\",\"itemListElement\":[{\"@type\":\"ListItem\",\"position\":1,\"name\":\"Strona g\u0142\u00f3wna\",\"item\":\"https:\\\/\\\/jzi.org.pl\\\/\"},{\"@type\":\"ListItem\",\"position\":2,\"name\":\"Sklep\",\"item\":\"https:\\\/\\\/jzi.org.pl\\\/sklep\\\/\"},{\"@type\":\"ListItem\",\"position\":3,\"name\":\"One Hundred Percent Polish\"}]},{\"@type\":\"WebSite\",\"@id\":\"https:\\\/\\\/jzi.org.pl\\\/#website\",\"url\":\"https:\\\/\\\/jzi.org.pl\\\/\",\"name\":\"Jami\u0144ski Zesp\u00f3\u0142 Indeksacyjny\",\"description\":\"\",\"publisher\":{\"@id\":\"https:\\\/\\\/jzi.org.pl\\\/#organization\"},\"potentialAction\":[{\"@type\":\"SearchAction\",\"target\":{\"@type\":\"EntryPoint\",\"urlTemplate\":\"https:\\\/\\\/jzi.org.pl\\\/?s={search_term_string}\"},\"query-input\":{\"@type\":\"PropertyValueSpecification\",\"valueRequired\":true,\"valueName\":\"search_term_string\"}}],\"inLanguage\":\"en-US\"},{\"@type\":\"Organization\",\"@id\":\"https:\\\/\\\/jzi.org.pl\\\/#organization\",\"name\":\"Jami\u0144ski Zesp\u00f3\u0142 Indeksacyjny\",\"url\":\"https:\\\/\\\/jzi.org.pl\\\/\",\"logo\":{\"@type\":\"ImageObject\",\"inLanguage\":\"en-US\",\"@id\":\"https:\\\/\\\/jzi.org.pl\\\/#\\\/schema\\\/logo\\\/image\\\/\",\"url\":\"https:\\\/\\\/jzi.org.pl\\\/wp-content\\\/uploads\\\/2019\\\/03\\\/logo-stowarzyszenie-jzi.png\",\"contentUrl\":\"https:\\\/\\\/jzi.org.pl\\\/wp-content\\\/uploads\\\/2019\\\/03\\\/logo-stowarzyszenie-jzi.png\",\"width\":931,\"height\":990,\"caption\":\"Jami\u0144ski Zesp\u00f3\u0142 Indeksacyjny\"},\"image\":{\"@id\":\"https:\\\/\\\/jzi.org.pl\\\/#\\\/schema\\\/logo\\\/image\\\/\"},\"sameAs\":[\"https:\\\/\\\/www.facebook.com\\\/Jaminski.Zespol.Indeksacyjny\\\/\"]}]}<\/script>\n<!-- \/ Yoast SEO plugin. -->","yoast_head_json":{"title":"One Hundred Percent Polish - Jami\u0144ski Zesp\u00f3\u0142 Indeksacyjny","robots":{"index":"index","follow":"follow","max-snippet":"max-snippet:-1","max-image-preview":"max-image-preview:large","max-video-preview":"max-video-preview:-1"},"canonical":"https:\/\/jzi.org.pl\/en\/product\/one-hundred-percent-polish\/","og_locale":"en_US","og_type":"article","og_title":"One Hundred Percent Polish - Jami\u0144ski Zesp\u00f3\u0142 Indeksacyjny","og_description":"Autor: Jay M. Orbik J\u0119zyk: angielski Wydanie: 1 ISBN:\u00a0978-83-963963-5-8 Stron: 410 (w tym 76 w kolorze) Format: 17 x 24 cm (B5) Ok\u0142adka: twarda, lakierowana Wi\u0119cej informacji &#8222;One Hundred Percent Polish&#8221; to ju\u017c druga pozycja wydawnictwa JZI opublikowana w j\u0119zyku angielskim. Autor, Jay Orbik posiada doktorat z technologii edukacyjnej, bada\u0144 i oceny na Northern Illinois [&hellip;]","og_url":"https:\/\/jzi.org.pl\/en\/product\/one-hundred-percent-polish\/","og_site_name":"Jami\u0144ski Zesp\u00f3\u0142 Indeksacyjny","article_publisher":"https:\/\/www.facebook.com\/Jaminski.Zespol.Indeksacyjny\/","article_modified_time":"2024-12-05T11:17:55+00:00","og_image":[{"width":733,"height":1024,"url":"https:\/\/jzi.org.pl\/wp-content\/uploads\/2022\/07\/one-hundred-percent-polish-0-733x1024.png","type":"image\/png"}],"twitter_card":"summary_large_image","twitter_misc":{"Est. reading time":"3 minutes"},"schema":{"@context":"https:\/\/schema.org","@graph":[{"@type":"WebPage","@id":"https:\/\/jzi.org.pl\/produkt\/one-hundred-percent-polish\/","url":"https:\/\/jzi.org.pl\/produkt\/one-hundred-percent-polish\/","name":"One Hundred Percent Polish - Jami\u0144ski Zesp\u00f3\u0142 Indeksacyjny","isPartOf":{"@id":"https:\/\/jzi.org.pl\/#website"},"primaryImageOfPage":{"@id":"https:\/\/jzi.org.pl\/produkt\/one-hundred-percent-polish\/#primaryimage"},"image":{"@id":"https:\/\/jzi.org.pl\/produkt\/one-hundred-percent-polish\/#primaryimage"},"thumbnailUrl":"https:\/\/jzi.org.pl\/wp-content\/uploads\/2022\/07\/one-hundred-percent-polish-0.png","datePublished":"2022-07-13T19:27:16+00:00","dateModified":"2024-12-05T11:17:55+00:00","breadcrumb":{"@id":"https:\/\/jzi.org.pl\/produkt\/one-hundred-percent-polish\/#breadcrumb"},"inLanguage":"en-US","potentialAction":[{"@type":"ReadAction","target":["https:\/\/jzi.org.pl\/produkt\/one-hundred-percent-polish\/"]}]},{"@type":"ImageObject","inLanguage":"en-US","@id":"https:\/\/jzi.org.pl\/produkt\/one-hundred-percent-polish\/#primaryimage","url":"https:\/\/jzi.org.pl\/wp-content\/uploads\/2022\/07\/one-hundred-percent-polish-0.png","contentUrl":"https:\/\/jzi.org.pl\/wp-content\/uploads\/2022\/07\/one-hundred-percent-polish-0.png","width":2090,"height":2918},{"@type":"BreadcrumbList","@id":"https:\/\/jzi.org.pl\/produkt\/one-hundred-percent-polish\/#breadcrumb","itemListElement":[{"@type":"ListItem","position":1,"name":"Strona g\u0142\u00f3wna","item":"https:\/\/jzi.org.pl\/"},{"@type":"ListItem","position":2,"name":"Sklep","item":"https:\/\/jzi.org.pl\/sklep\/"},{"@type":"ListItem","position":3,"name":"One Hundred Percent Polish"}]},{"@type":"WebSite","@id":"https:\/\/jzi.org.pl\/#website","url":"https:\/\/jzi.org.pl\/","name":"Jaminy Indexing Team","description":"","publisher":{"@id":"https:\/\/jzi.org.pl\/#organization"},"potentialAction":[{"@type":"SearchAction","target":{"@type":"EntryPoint","urlTemplate":"https:\/\/jzi.org.pl\/?s={search_term_string}"},"query-input":{"@type":"PropertyValueSpecification","valueRequired":true,"valueName":"search_term_string"}}],"inLanguage":"en-US"},{"@type":"Organization","@id":"https:\/\/jzi.org.pl\/#organization","name":"Jaminy Indexing Team","url":"https:\/\/jzi.org.pl\/","logo":{"@type":"ImageObject","inLanguage":"en-US","@id":"https:\/\/jzi.org.pl\/#\/schema\/logo\/image\/","url":"https:\/\/jzi.org.pl\/wp-content\/uploads\/2019\/03\/logo-stowarzyszenie-jzi.png","contentUrl":"https:\/\/jzi.org.pl\/wp-content\/uploads\/2019\/03\/logo-stowarzyszenie-jzi.png","width":931,"height":990,"caption":"Jami\u0144ski Zesp\u00f3\u0142 Indeksacyjny"},"image":{"@id":"https:\/\/jzi.org.pl\/#\/schema\/logo\/image\/"},"sameAs":["https:\/\/www.facebook.com\/Jaminski.Zespol.Indeksacyjny\/"]}]}},"jetpack_likes_enabled":true,"jetpack_sharing_enabled":true,"_links":{"self":[{"href":"https:\/\/jzi.org.pl\/en\/wp-json\/wp\/v2\/product\/20632","targetHints":{"allow":["GET"]}}],"collection":[{"href":"https:\/\/jzi.org.pl\/en\/wp-json\/wp\/v2\/product"}],"about":[{"href":"https:\/\/jzi.org.pl\/en\/wp-json\/wp\/v2\/types\/product"}],"author":[{"embeddable":true,"href":"https:\/\/jzi.org.pl\/en\/wp-json\/wp\/v2\/users\/1"}],"replies":[{"embeddable":true,"href":"https:\/\/jzi.org.pl\/en\/wp-json\/wp\/v2\/comments?post=20632"}],"wp:featuredmedia":[{"embeddable":true,"href":"https:\/\/jzi.org.pl\/en\/wp-json\/wp\/v2\/media\/20633"}],"wp:attachment":[{"href":"https:\/\/jzi.org.pl\/en\/wp-json\/wp\/v2\/media?parent=20632"}],"wp:term":[{"taxonomy":"product_brand","embeddable":true,"href":"https:\/\/jzi.org.pl\/en\/wp-json\/wp\/v2\/product_brand?post=20632"},{"taxonomy":"product_cat","embeddable":true,"href":"https:\/\/jzi.org.pl\/en\/wp-json\/wp\/v2\/product_cat?post=20632"},{"taxonomy":"product_tag","embeddable":true,"href":"https:\/\/jzi.org.pl\/en\/wp-json\/wp\/v2\/product_tag?post=20632"}],"curies":[{"name":"wp","href":"https:\/\/api.w.org\/{rel}","templated":true}]}}