{"id":19995,"date":"2022-05-03T16:02:02","date_gmt":"2022-05-03T14:02:02","guid":{"rendered":"https:\/\/jzi.org.pl\/?post_type=product&#038;p=19995"},"modified":"2026-02-16T15:43:20","modified_gmt":"2026-02-16T14:43:20","slug":"pamietnik-z-czasow-tulaczki-wojennej","status":"publish","type":"product","link":"https:\/\/jzi.org.pl\/en\/product\/pamietnik-z-czasow-tulaczki-wojennej\/","title":{"rendered":"Pami\u0119tnik z czas\u00f3w tu\u0142aczki wojennej"},"content":{"rendered":"<div id=\"pl-19995\"  class=\"panel-layout\" ><div id=\"pg-19995-0\"  class=\"panel-grid panel-no-style\" ><div id=\"pgc-19995-0-0\"  class=\"panel-grid-cell\" ><div id=\"panel-19995-0-0-0\" class=\"so-panel widget widget_sow-editor panel-first-child\" data-index=\"0\" ><div\n\t\t\t\n\t\t\tclass=\"so-widget-sow-editor so-widget-sow-editor-base\"\n\t\t\t\n\t\t>\n<div class=\"siteorigin-widget-tinymce textwidget\">\n\t<p>Autor: Janusz Krzywi\u0144ski<\/p>\n<p>Edition: 2<\/p>\n<p>ISBN: 978-83-963963-2-7<\/p>\n<p>Stron: 318<\/p>\n<p>Format: 15 x 21 cm<\/p>\n<p>Cover: hard, lacquered<\/p>\n<\/div>\n<\/div><\/div><div id=\"panel-19995-0-0-1\" class=\"so-panel widget widget_sow-editor panel-last-child\" data-index=\"1\" ><div\n\t\t\t\n\t\t\tclass=\"so-widget-sow-editor so-widget-sow-editor-base\"\n\t\t\t\n\t\t><h3 class=\"widget-title\">More information<\/h3>\n<div class=\"siteorigin-widget-tinymce textwidget\">\n\t<p>Kolejna ksi\u0105\u017cka z serii \u201eOcali\u0107 od zapomnienia\u201d to wspomnienia wojenne Janusza Krzywi\u0144skiego, syna Antoniego, przedwojennego augustowskiego ksi\u0119garza. Trzy wydania wspomnie\u0144, w tym jedno w j\u0119zyku angielskim ukaza\u0142y si\u0119 w latach 2002-2010 w Stanach Zjednoczonych Ameryki. Od spadkobiercy nie\u017cyj\u0105cego ju\u017c autora, Romana Krzywi\u0144skiego z USA, dostali\u015bmy pozwolenie na wydanie wspomnie\u0144 w Polsce. Ksi\u0105\u017cka r\u00f3\u017cni si\u0119 troch\u0119 od orygina\u0142u, dodali\u015bmy wi\u0119cej zdj\u0119\u0107 i dodatkowy rozdzia\u0142 o wojennych losach rodziny Krzywi\u0144skich. Z tej dosy\u0107 licznej rodziny, a\u017c 25 os\u00f3b zosta\u0142o w jaki\u015b spos\u00f3b dotkni\u0119tych przez wojn\u0119. Jedni prze\u017cyli sowieckie \u0142agry, inni hitlerowskie obozy jenieckie. Nie omin\u0119\u0142y tej rodziny wyw\u00f3zki na przymusowe roboty do Niemiec i sowieckie obozy jenieckie. Nie wszystkim uda\u0142o si\u0119 wr\u00f3ci\u0107 do ojczyzny, najstarszy z braci Krzywi\u0144skich, Albin, zosta\u0142 na zawsze na \u201enieludzkiej ziemi\u201d, jego syn Boles\u0142aw zgin\u0105\u0142 w bitwie o Monte Cassino. \u017bona Wac\u0142awa Krzywi\u0144skiego zosta\u0142a rozstrzelana przez hitlerowc\u00f3w w Augustowie, Wac\u0142aw, jak r\u00f3wnie\u017c autor ksi\u0105\u017cki Janusz, zmuszeni byli do emigracji. A jeden cz\u0142onek rodziny urodzi\u0142 si\u0119 na Syberii\u2026<\/p>\n<h4 class=\"widget-title\">List of persons mentioned in the content<\/h4>\n<\/div>\n<\/div><\/div><\/div><\/div><div id=\"pg-19995-1\"  class=\"panel-grid panel-no-style\" ><div id=\"pgc-19995-1-0\"  class=\"panel-grid-cell\" ><div id=\"panel-19995-1-0-0\" class=\"so-panel widget widget_sow-editor panel-first-child panel-last-child\" data-index=\"2\" ><div\n\t\t\t\n\t\t\tclass=\"so-widget-sow-editor so-widget-sow-editor-base\"\n\t\t\t\n\t\t>\n<div class=\"siteorigin-widget-tinymce textwidget\">\n\t<p>Aleksandrowicz<br \/>\nAnders, W\u0142adys\u0142aw, genera\u0142<br \/>\nAndrzelczyk, Tekla<br \/>\nArcuri, John<br \/>\nArcuri, Pawe\u0142<br \/>\nBarzo lub Bo\u017co, Jan<br \/>\nBeker<br \/>\nBerlin, Jerzy, podchor\u0105\u017cy<br \/>\nBerling, Zygmunt, genera\u0142<br \/>\nBernadotte, Folke, hrabia<br \/>\nBie\u0142ow, enkawudzista<br \/>\nBlaskowitz, Johannes, genera\u0142<br \/>\nBochnicz<br \/>\nBraun, Ewa<br \/>\nBrzozowscy<br \/>\nBuczkowski, kapral<br \/>\nBujnowski, Anicet, in\u017cynier<br \/>\nBurakiewicz, dyrektor gimnazjum<br \/>\nBurzy\u0144ska, Wanda<br \/>\nBurzy\u0144ski, Zbigniew, kapitan<br \/>\nChadaj\u00f3wna, Krystyna<br \/>\nCharkowski vel Charkow, porucznik<br \/>\nChmielewski, Czes\u0142aw, ksi\u0105dz<br \/>\nCzerpak, Zygmunt, oficer polityczny<br \/>\nD\u0105b-Biernacki, Stefan, genera\u0142<br \/>\nD\u0105browska, Halina, wychowawczyni<br \/>\nDorosz, kucharz<br \/>\nDuchnowska z d. Krzywi\u0144ska, Jadwiga<br \/>\nDuchnowska, Zofia<br \/>\nDuchnowski, Benito<br \/>\nDuchnowski, J\u00f3zef<br \/>\nDuchnowski, S\u0142awomir<br \/>\nDuchnowski, Zygmunt<br \/>\nFujcik, doktor<br \/>\nGa\u0142aj z d. Krzywi\u0144ska, Halina Krystyna<br \/>\nGolubiewska z d. Nawrocka, Jadwiga<br \/>\nGolubiewski, Feliks<br \/>\nGo\u0142owienko, porucznik<br \/>\nGomu\u0142ka, W\u0142adys\u0142aw, I Sekretarz KC PZPR<br \/>\nGrajewski<br \/>\nGromadzki, Jan<br \/>\nHansen, Szwedka<br \/>\nHimmler, Heinrich, szef SS<br \/>\nHitler, Adolf, kanclerz<br \/>\nJa\u0142brzykowski, Antoni, ksi\u0105dz<br \/>\nJaworowski, Jerzy<\/p>\n<\/div>\n<\/div><\/div><\/div><div id=\"pgc-19995-1-1\"  class=\"panel-grid-cell\" ><div id=\"panel-19995-1-1-0\" class=\"so-panel widget widget_sow-editor panel-first-child panel-last-child\" data-index=\"3\" ><div\n\t\t\t\n\t\t\tclass=\"so-widget-sow-editor so-widget-sow-editor-base\"\n\t\t\t\n\t\t>\n<div class=\"siteorigin-widget-tinymce textwidget\">\n\t<p>Judym, naczelnik milicji<br \/>\nJurkiewicz, Jerzy, student prawa<br \/>\nKawecki, ch\u00f3rzysta<br \/>\nKelmel<br \/>\nKerwin, Ted<br \/>\nKleeberg, Franciszek, genera\u0142<br \/>\nKonstanek, major<br \/>\nKopytko, Stefan, student medycyny<br \/>\nKorol, Jerzy, adwokat<br \/>\nKostaniecki, kapitan<br \/>\nKotowski<br \/>\nKotrzeba, Tadeusz, genera\u0142<br \/>\nKowalski, Tadeusz, porucznik<br \/>\nKoz\u0142owski<br \/>\nKrzywi\u0144ska z d. Duchnowska, Aleksandra<br \/>\nKrzywi\u0144ska z d. Duchnowska, Mieczys\u0142awa<br \/>\nKrzywi\u0144ska z d. Grajewska, Weronika<br \/>\nKrzywi\u0144ska z d. Grochowska, Maria<br \/>\nKrzywi\u0144ska z d. Karp, Aleksandra<br \/>\nKrzywi\u0144ska z d. Kondracka, Zofia<br \/>\nKrzywi\u0144ska z d. Nawrocka, Eugenia<br \/>\nKrzywi\u0144ska z d. Roszkowska, Jadwiga<br \/>\nKrzywi\u0144ska z d. Tomaszewska, Melania<br \/>\nKrzywi\u0144ska z d. Usnarska, Marianna<br \/>\nKrzywi\u0144ska z d. Wo\u0142\u0105sewicz, Franciszka<br \/>\nKrzywi\u0144ska, Amanda<br \/>\nKrzywi\u0144ska, Anna<br \/>\nKrzywi\u0144ska, Bronis\u0142awa<br \/>\nKrzywi\u0144ska, Danuta<br \/>\nKrzywi\u0144ska, Franciszka<br \/>\nKrzywi\u0144ska, Irena<br \/>\nKrzywi\u0144ska, Maria<br \/>\nKrzywi\u0144ska, Marysia<br \/>\nKrzywi\u0144ska, Wanda<br \/>\nKrzywi\u0144ski, Albin<br \/>\nKrzywi\u0144ski, Aleksander<br \/>\nKrzywi\u0144ski, Antoni<br \/>\nKrzywi\u0144ski, Boles\u0142aw<br \/>\nKrzywi\u0144ski, Eligiusz<br \/>\nKrzywi\u0144ski, Ignacy<br \/>\nKrzywi\u0144ski, Jan<br \/>\nKrzywi\u0144ski, Jan<br \/>\nKrzywi\u0144ski, Kazimierz<br \/>\nKrzywi\u0144ski, Mieczys\u0142aw<br \/>\nKrzywi\u0144ski, Remigiusz<br \/>\nKrzywi\u0144ski, Roman<\/p>\n<\/div>\n<\/div><\/div><\/div><div id=\"pgc-19995-1-2\"  class=\"panel-grid-cell\" ><div id=\"panel-19995-1-2-0\" class=\"so-panel widget widget_sow-editor panel-first-child panel-last-child\" data-index=\"4\" ><div\n\t\t\t\n\t\t\tclass=\"so-widget-sow-editor so-widget-sow-editor-base\"\n\t\t\t\n\t\t>\n<div class=\"siteorigin-widget-tinymce textwidget\">\n\t<p>Krzywi\u0144ski, Tadeusz<br \/>\nKrzywi\u0144ski, Wac\u0142aw<br \/>\nKrzywi\u0144ski, Wincenty<br \/>\nKurowski, doktor<br \/>\nKuzior, \u015al\u0105zak<br \/>\nLastowski, kapitan<br \/>\n\u0141opuchowski, \u0141ukomski lub \u0141api\u0144ski, student prawa<br \/>\n\u0141o\u015b, hrabia<br \/>\nMika<br \/>\nMiko\u0142ajczyk, Stanis\u0142aw, premier<br \/>\nMiodek, Alojzy<br \/>\nMiodek, May<br \/>\nMiodek, Teobald<br \/>\nNawrocki, Stanis\u0142aw<br \/>\nPericht, Claire<br \/>\nPlater, Maria, hrabina<br \/>\nPokrzywa, Jan, nauczyciel<br \/>\nRibbentrop, Joachim, minister<br \/>\nRogalski, kierownik ochronki<br \/>\nRola-\u017bymierski, Micha\u0142, genera\u0142<br \/>\nRoszkowska, Adela<br \/>\nRoszkowski, Franciszek<br \/>\nRudnicki, Klemens, pu\u0142kownik<br \/>\nSie\u0144ko, Jan<br \/>\nSmrokowski, W\u0142adys\u0142aw, major<br \/>\nSoko\u0142owski, major<br \/>\nSolecki, Roman, student medycyny<br \/>\nStalin, J\u00f3zef, dyktator<br \/>\nStarzy\u0144ska, piel\u0119gniarka<br \/>\nSurganow, student medycyny<br \/>\nSzparkowska, Zofia<br \/>\nSzparkowski, Eugeniusz, architekt<br \/>\nSzumiel, Bronis\u0142aw<br \/>\nTakosz, Kiamil, Bo\u015bniak<br \/>\nToelmer, gospodarz<br \/>\nTomaszewski<br \/>\nUlatowski, osadnik<br \/>\nWalczak, Aleksander, \u017co\u0142nierz AK<br \/>\nWa\u0144kowicz, Melchior<br \/>\nWetter, Maja<br \/>\nWicher, J\u00f3zef<br \/>\nWierzbicka z d. Krzywi\u0144ska, Maria<br \/>\nWojtych, profesor<br \/>\nWysocki, Jerzy, podchor\u0105\u017cy<br \/>\nZendel, Kazimierz<\/p>\n<\/div>\n<\/div><\/div><\/div><\/div><\/div>","protected":false},"excerpt":{"rendered":"<p>Autor: Janusz Krzywi\u0144ski Wydanie: 2 ISBN: 978-83-963963-2-7 Stron: 318 Format: 15 x 21 cm Ok\u0142adka: twarda, lakierowana Kolejna ksi\u0105\u017cka z serii \u201eOcali\u0107 od zapomnienia\u201d to wspomnienia wojenne Janusza Krzywi\u0144skiego, syna Antoniego, przedwojennego augustowskiego ksi\u0119garza. Trzy wydania wspomnie\u0144, w tym jedno w j\u0119zyku angielskim ukaza\u0142y si\u0119 w latach 2002-2010 w Stanach Zjednoczonych Ameryki. Od spadkobiercy nie\u017cyj\u0105cego [&hellip;]<\/p>\n","protected":false},"author":1,"featured_media":19996,"comment_status":"open","ping_status":"closed","template":"","meta":{"h5ap_radio_sources":[],"jetpack_post_was_ever_published":false},"product_brand":[],"product_cat":[272,342],"product_tag":[373],"class_list":{"0":"post-19995","1":"product","2":"type-product","3":"status-publish","4":"has-post-thumbnail","6":"product_cat-ksiazki","7":"product_cat-ocalic-od-zapomnienia","8":"product_tag-ii-wojna-swiatowa","10":"first","11":"instock","12":"taxable","13":"shipping-taxable","14":"purchasable","15":"product-type-simple"},"supplier_id":16598,"supplier_sku":"","barcode":null,"atum_controlled":true,"out_stock_date":null,"out_stock_threshold":null,"inheritable":false,"inbound_stock":0,"stock_on_hold":0,"sold_today":0,"sales_last_days":0,"reserved_stock":0,"customer_returns":0,"warehouse_damage":0,"lost_in_post":0,"other_logs":0,"out_stock_days":0,"lost_sales":0,"has_location":false,"update_date":"2026-04-08T00:03:29","atum_locations":[],"atum_stock_status":"instock","restock_status":false,"low_stock_amount":5,"sales_update_date":"2026-04-08T00:03:29","calc_backorders":null,"yoast_head":"<!-- This site is optimized with the Yoast SEO plugin v27.3 - https:\/\/yoast.com\/product\/yoast-seo-wordpress\/ -->\n<title>Pami\u0119tnik z czas\u00f3w tu\u0142aczki wojennej - Jami\u0144ski Zesp\u00f3\u0142 Indeksacyjny<\/title>\n<meta name=\"robots\" content=\"index, follow, max-snippet:-1, max-image-preview:large, max-video-preview:-1\" \/>\n<link rel=\"canonical\" href=\"https:\/\/jzi.org.pl\/en\/product\/pamietnik-z-czasow-tulaczki-wojennej\/\" \/>\n<meta property=\"og:locale\" content=\"en_US\" \/>\n<meta property=\"og:type\" content=\"article\" \/>\n<meta property=\"og:title\" content=\"Pami\u0119tnik z czas\u00f3w tu\u0142aczki wojennej - Jami\u0144ski Zesp\u00f3\u0142 Indeksacyjny\" \/>\n<meta property=\"og:description\" content=\"Autor: Janusz Krzywi\u0144ski Wydanie: 2 ISBN: 978-83-963963-2-7 Stron: 318 Format: 15 x 21 cm Ok\u0142adka: twarda, lakierowana Kolejna ksi\u0105\u017cka z serii \u201eOcali\u0107 od zapomnienia\u201d to wspomnienia wojenne Janusza Krzywi\u0144skiego, syna Antoniego, przedwojennego augustowskiego ksi\u0119garza. Trzy wydania wspomnie\u0144, w tym jedno w j\u0119zyku angielskim ukaza\u0142y si\u0119 w latach 2002-2010 w Stanach Zjednoczonych Ameryki. Od spadkobiercy nie\u017cyj\u0105cego [&hellip;]\" \/>\n<meta property=\"og:url\" content=\"https:\/\/jzi.org.pl\/en\/product\/pamietnik-z-czasow-tulaczki-wojennej\/\" \/>\n<meta property=\"og:site_name\" content=\"Jami\u0144ski Zesp\u00f3\u0142 Indeksacyjny\" \/>\n<meta property=\"article:publisher\" content=\"https:\/\/www.facebook.com\/Jaminski.Zespol.Indeksacyjny\/\" \/>\n<meta property=\"article:modified_time\" content=\"2026-02-16T14:43:20+00:00\" \/>\n<meta property=\"og:image\" content=\"https:\/\/jzi.org.pl\/wp-content\/uploads\/2022\/05\/pamietnik-z-czasow-tulaczki-wojennej-0.jpg\" \/>\n\t<meta property=\"og:image:width\" content=\"1808\" \/>\n\t<meta property=\"og:image:height\" content=\"2550\" \/>\n\t<meta property=\"og:image:type\" content=\"image\/jpeg\" \/>\n<meta name=\"twitter:card\" content=\"summary_large_image\" \/>\n<meta name=\"twitter:label1\" content=\"Est. reading time\" \/>\n\t<meta name=\"twitter:data1\" content=\"3 minutes\" \/>\n<script type=\"application\/ld+json\" class=\"yoast-schema-graph\">{\"@context\":\"https:\\\/\\\/schema.org\",\"@graph\":[{\"@type\":\"WebPage\",\"@id\":\"https:\\\/\\\/jzi.org.pl\\\/produkt\\\/pamietnik-z-czasow-tulaczki-wojennej\\\/\",\"url\":\"https:\\\/\\\/jzi.org.pl\\\/produkt\\\/pamietnik-z-czasow-tulaczki-wojennej\\\/\",\"name\":\"Pami\u0119tnik z czas\u00f3w tu\u0142aczki wojennej - Jami\u0144ski Zesp\u00f3\u0142 Indeksacyjny\",\"isPartOf\":{\"@id\":\"https:\\\/\\\/jzi.org.pl\\\/#website\"},\"primaryImageOfPage\":{\"@id\":\"https:\\\/\\\/jzi.org.pl\\\/produkt\\\/pamietnik-z-czasow-tulaczki-wojennej\\\/#primaryimage\"},\"image\":{\"@id\":\"https:\\\/\\\/jzi.org.pl\\\/produkt\\\/pamietnik-z-czasow-tulaczki-wojennej\\\/#primaryimage\"},\"thumbnailUrl\":\"https:\\\/\\\/jzi.org.pl\\\/wp-content\\\/uploads\\\/2022\\\/05\\\/pamietnik-z-czasow-tulaczki-wojennej-0.jpg\",\"datePublished\":\"2022-05-03T14:02:02+00:00\",\"dateModified\":\"2026-02-16T14:43:20+00:00\",\"breadcrumb\":{\"@id\":\"https:\\\/\\\/jzi.org.pl\\\/produkt\\\/pamietnik-z-czasow-tulaczki-wojennej\\\/#breadcrumb\"},\"inLanguage\":\"en-US\",\"potentialAction\":[{\"@type\":\"ReadAction\",\"target\":[\"https:\\\/\\\/jzi.org.pl\\\/produkt\\\/pamietnik-z-czasow-tulaczki-wojennej\\\/\"]}]},{\"@type\":\"ImageObject\",\"inLanguage\":\"en-US\",\"@id\":\"https:\\\/\\\/jzi.org.pl\\\/produkt\\\/pamietnik-z-czasow-tulaczki-wojennej\\\/#primaryimage\",\"url\":\"https:\\\/\\\/jzi.org.pl\\\/wp-content\\\/uploads\\\/2022\\\/05\\\/pamietnik-z-czasow-tulaczki-wojennej-0.jpg\",\"contentUrl\":\"https:\\\/\\\/jzi.org.pl\\\/wp-content\\\/uploads\\\/2022\\\/05\\\/pamietnik-z-czasow-tulaczki-wojennej-0.jpg\",\"width\":1808,\"height\":2550},{\"@type\":\"BreadcrumbList\",\"@id\":\"https:\\\/\\\/jzi.org.pl\\\/produkt\\\/pamietnik-z-czasow-tulaczki-wojennej\\\/#breadcrumb\",\"itemListElement\":[{\"@type\":\"ListItem\",\"position\":1,\"name\":\"Strona g\u0142\u00f3wna\",\"item\":\"https:\\\/\\\/jzi.org.pl\\\/\"},{\"@type\":\"ListItem\",\"position\":2,\"name\":\"Sklep\",\"item\":\"https:\\\/\\\/jzi.org.pl\\\/sklep\\\/\"},{\"@type\":\"ListItem\",\"position\":3,\"name\":\"Pami\u0119tnik z czas\u00f3w tu\u0142aczki wojennej\"}]},{\"@type\":\"WebSite\",\"@id\":\"https:\\\/\\\/jzi.org.pl\\\/#website\",\"url\":\"https:\\\/\\\/jzi.org.pl\\\/\",\"name\":\"Jami\u0144ski Zesp\u00f3\u0142 Indeksacyjny\",\"description\":\"\",\"publisher\":{\"@id\":\"https:\\\/\\\/jzi.org.pl\\\/#organization\"},\"potentialAction\":[{\"@type\":\"SearchAction\",\"target\":{\"@type\":\"EntryPoint\",\"urlTemplate\":\"https:\\\/\\\/jzi.org.pl\\\/?s={search_term_string}\"},\"query-input\":{\"@type\":\"PropertyValueSpecification\",\"valueRequired\":true,\"valueName\":\"search_term_string\"}}],\"inLanguage\":\"en-US\"},{\"@type\":\"Organization\",\"@id\":\"https:\\\/\\\/jzi.org.pl\\\/#organization\",\"name\":\"Jami\u0144ski Zesp\u00f3\u0142 Indeksacyjny\",\"url\":\"https:\\\/\\\/jzi.org.pl\\\/\",\"logo\":{\"@type\":\"ImageObject\",\"inLanguage\":\"en-US\",\"@id\":\"https:\\\/\\\/jzi.org.pl\\\/#\\\/schema\\\/logo\\\/image\\\/\",\"url\":\"https:\\\/\\\/jzi.org.pl\\\/wp-content\\\/uploads\\\/2019\\\/03\\\/logo-stowarzyszenie-jzi.png\",\"contentUrl\":\"https:\\\/\\\/jzi.org.pl\\\/wp-content\\\/uploads\\\/2019\\\/03\\\/logo-stowarzyszenie-jzi.png\",\"width\":931,\"height\":990,\"caption\":\"Jami\u0144ski Zesp\u00f3\u0142 Indeksacyjny\"},\"image\":{\"@id\":\"https:\\\/\\\/jzi.org.pl\\\/#\\\/schema\\\/logo\\\/image\\\/\"},\"sameAs\":[\"https:\\\/\\\/www.facebook.com\\\/Jaminski.Zespol.Indeksacyjny\\\/\"]}]}<\/script>\n<!-- \/ Yoast SEO plugin. -->","yoast_head_json":{"title":"Pami\u0119tnik z czas\u00f3w tu\u0142aczki wojennej - Jami\u0144ski Zesp\u00f3\u0142 Indeksacyjny","robots":{"index":"index","follow":"follow","max-snippet":"max-snippet:-1","max-image-preview":"max-image-preview:large","max-video-preview":"max-video-preview:-1"},"canonical":"https:\/\/jzi.org.pl\/en\/product\/pamietnik-z-czasow-tulaczki-wojennej\/","og_locale":"en_US","og_type":"article","og_title":"Pami\u0119tnik z czas\u00f3w tu\u0142aczki wojennej - Jami\u0144ski Zesp\u00f3\u0142 Indeksacyjny","og_description":"Autor: Janusz Krzywi\u0144ski Wydanie: 2 ISBN: 978-83-963963-2-7 Stron: 318 Format: 15 x 21 cm Ok\u0142adka: twarda, lakierowana Kolejna ksi\u0105\u017cka z serii \u201eOcali\u0107 od zapomnienia\u201d to wspomnienia wojenne Janusza Krzywi\u0144skiego, syna Antoniego, przedwojennego augustowskiego ksi\u0119garza. Trzy wydania wspomnie\u0144, w tym jedno w j\u0119zyku angielskim ukaza\u0142y si\u0119 w latach 2002-2010 w Stanach Zjednoczonych Ameryki. Od spadkobiercy nie\u017cyj\u0105cego [&hellip;]","og_url":"https:\/\/jzi.org.pl\/en\/product\/pamietnik-z-czasow-tulaczki-wojennej\/","og_site_name":"Jami\u0144ski Zesp\u00f3\u0142 Indeksacyjny","article_publisher":"https:\/\/www.facebook.com\/Jaminski.Zespol.Indeksacyjny\/","article_modified_time":"2026-02-16T14:43:20+00:00","og_image":[{"width":1808,"height":2550,"url":"https:\/\/jzi.org.pl\/wp-content\/uploads\/2022\/05\/pamietnik-z-czasow-tulaczki-wojennej-0.jpg","type":"image\/jpeg"}],"twitter_card":"summary_large_image","twitter_misc":{"Est. reading time":"3 minutes"},"schema":{"@context":"https:\/\/schema.org","@graph":[{"@type":"WebPage","@id":"https:\/\/jzi.org.pl\/produkt\/pamietnik-z-czasow-tulaczki-wojennej\/","url":"https:\/\/jzi.org.pl\/produkt\/pamietnik-z-czasow-tulaczki-wojennej\/","name":"Pami\u0119tnik z czas\u00f3w tu\u0142aczki wojennej - Jami\u0144ski Zesp\u00f3\u0142 Indeksacyjny","isPartOf":{"@id":"https:\/\/jzi.org.pl\/#website"},"primaryImageOfPage":{"@id":"https:\/\/jzi.org.pl\/produkt\/pamietnik-z-czasow-tulaczki-wojennej\/#primaryimage"},"image":{"@id":"https:\/\/jzi.org.pl\/produkt\/pamietnik-z-czasow-tulaczki-wojennej\/#primaryimage"},"thumbnailUrl":"https:\/\/jzi.org.pl\/wp-content\/uploads\/2022\/05\/pamietnik-z-czasow-tulaczki-wojennej-0.jpg","datePublished":"2022-05-03T14:02:02+00:00","dateModified":"2026-02-16T14:43:20+00:00","breadcrumb":{"@id":"https:\/\/jzi.org.pl\/produkt\/pamietnik-z-czasow-tulaczki-wojennej\/#breadcrumb"},"inLanguage":"en-US","potentialAction":[{"@type":"ReadAction","target":["https:\/\/jzi.org.pl\/produkt\/pamietnik-z-czasow-tulaczki-wojennej\/"]}]},{"@type":"ImageObject","inLanguage":"en-US","@id":"https:\/\/jzi.org.pl\/produkt\/pamietnik-z-czasow-tulaczki-wojennej\/#primaryimage","url":"https:\/\/jzi.org.pl\/wp-content\/uploads\/2022\/05\/pamietnik-z-czasow-tulaczki-wojennej-0.jpg","contentUrl":"https:\/\/jzi.org.pl\/wp-content\/uploads\/2022\/05\/pamietnik-z-czasow-tulaczki-wojennej-0.jpg","width":1808,"height":2550},{"@type":"BreadcrumbList","@id":"https:\/\/jzi.org.pl\/produkt\/pamietnik-z-czasow-tulaczki-wojennej\/#breadcrumb","itemListElement":[{"@type":"ListItem","position":1,"name":"Strona g\u0142\u00f3wna","item":"https:\/\/jzi.org.pl\/"},{"@type":"ListItem","position":2,"name":"Sklep","item":"https:\/\/jzi.org.pl\/sklep\/"},{"@type":"ListItem","position":3,"name":"Pami\u0119tnik z czas\u00f3w tu\u0142aczki wojennej"}]},{"@type":"WebSite","@id":"https:\/\/jzi.org.pl\/#website","url":"https:\/\/jzi.org.pl\/","name":"Jaminy Indexing Team","description":"","publisher":{"@id":"https:\/\/jzi.org.pl\/#organization"},"potentialAction":[{"@type":"SearchAction","target":{"@type":"EntryPoint","urlTemplate":"https:\/\/jzi.org.pl\/?s={search_term_string}"},"query-input":{"@type":"PropertyValueSpecification","valueRequired":true,"valueName":"search_term_string"}}],"inLanguage":"en-US"},{"@type":"Organization","@id":"https:\/\/jzi.org.pl\/#organization","name":"Jaminy Indexing Team","url":"https:\/\/jzi.org.pl\/","logo":{"@type":"ImageObject","inLanguage":"en-US","@id":"https:\/\/jzi.org.pl\/#\/schema\/logo\/image\/","url":"https:\/\/jzi.org.pl\/wp-content\/uploads\/2019\/03\/logo-stowarzyszenie-jzi.png","contentUrl":"https:\/\/jzi.org.pl\/wp-content\/uploads\/2019\/03\/logo-stowarzyszenie-jzi.png","width":931,"height":990,"caption":"Jami\u0144ski Zesp\u00f3\u0142 Indeksacyjny"},"image":{"@id":"https:\/\/jzi.org.pl\/#\/schema\/logo\/image\/"},"sameAs":["https:\/\/www.facebook.com\/Jaminski.Zespol.Indeksacyjny\/"]}]}},"jetpack_likes_enabled":true,"jetpack_sharing_enabled":true,"_links":{"self":[{"href":"https:\/\/jzi.org.pl\/en\/wp-json\/wp\/v2\/product\/19995","targetHints":{"allow":["GET"]}}],"collection":[{"href":"https:\/\/jzi.org.pl\/en\/wp-json\/wp\/v2\/product"}],"about":[{"href":"https:\/\/jzi.org.pl\/en\/wp-json\/wp\/v2\/types\/product"}],"author":[{"embeddable":true,"href":"https:\/\/jzi.org.pl\/en\/wp-json\/wp\/v2\/users\/1"}],"replies":[{"embeddable":true,"href":"https:\/\/jzi.org.pl\/en\/wp-json\/wp\/v2\/comments?post=19995"}],"wp:featuredmedia":[{"embeddable":true,"href":"https:\/\/jzi.org.pl\/en\/wp-json\/wp\/v2\/media\/19996"}],"wp:attachment":[{"href":"https:\/\/jzi.org.pl\/en\/wp-json\/wp\/v2\/media?parent=19995"}],"wp:term":[{"taxonomy":"product_brand","embeddable":true,"href":"https:\/\/jzi.org.pl\/en\/wp-json\/wp\/v2\/product_brand?post=19995"},{"taxonomy":"product_cat","embeddable":true,"href":"https:\/\/jzi.org.pl\/en\/wp-json\/wp\/v2\/product_cat?post=19995"},{"taxonomy":"product_tag","embeddable":true,"href":"https:\/\/jzi.org.pl\/en\/wp-json\/wp\/v2\/product_tag?post=19995"}],"curies":[{"name":"wp","href":"https:\/\/api.w.org\/{rel}","templated":true}]}}