{"id":19956,"date":"2022-05-04T18:01:24","date_gmt":"2022-05-04T16:01:24","guid":{"rendered":"https:\/\/jzi.org.pl\/?post_type=product&#038;p=19956"},"modified":"2025-07-21T14:17:38","modified_gmt":"2025-07-21T12:17:38","slug":"rodziny-orbikow-z-tajna","status":"publish","type":"product","link":"https:\/\/jzi.org.pl\/en\/product\/rodziny-orbikow-z-tajna\/","title":{"rendered":"Rodziny Orbik\u00f3w z Tajna"},"content":{"rendered":"<div id=\"pl-19956\"  class=\"panel-layout\" ><div id=\"pg-19956-0\"  class=\"panel-grid panel-no-style\" ><div id=\"pgc-19956-0-0\"  class=\"panel-grid-cell\" ><div id=\"panel-19956-0-0-0\" class=\"so-panel widget widget_sow-editor panel-first-child\" data-index=\"0\" ><div\n\t\t\t\n\t\t\tclass=\"so-widget-sow-editor so-widget-sow-editor-base\"\n\t\t\t\n\t\t>\n<div class=\"siteorigin-widget-tinymce textwidget\">\n\t<p>Tytu\u0142: Rodziny Orbik\u00f3w z Tajna<\/p>\n<p>Tytu\u0142 orygina\u0142u: The Orbik Families From Tajno<\/p>\n<p>Autor: Jay Michael Orbik, Ed.D.<\/p>\n<p>T\u0142umaczenie: Pawe\u0142 Zalewski<\/p>\n<p>Redakcja: Urszula Zalewska, Zbigniew Mierzejewski, Krzysztof Zi\u0119cina<\/p>\n<p>Wydanie 1, Twardy R\u00f3g 2022<\/p>\n<p>ISBN: 978-83-963963-4-1<\/p>\n<p>Stron: 798<\/p>\n<p>Format: B5<\/p>\n<p>Cover: hard, lacquered<\/p>\n<\/div>\n<\/div><\/div><div id=\"panel-19956-0-0-1\" class=\"so-panel widget widget_sow-editor\" data-index=\"1\" ><div\n\t\t\t\n\t\t\tclass=\"so-widget-sow-editor so-widget-sow-editor-base\"\n\t\t\t\n\t\t><h3 class=\"widget-title\">More information<\/h3>\n<div class=\"siteorigin-widget-tinymce textwidget\">\n\t<p>Mamy przyjemno\u015b\u0107 przekaza\u0107 w Twoje r\u0119ce t\u0142umaczenie niezwyk\u0142ej ksi\u0105\u017cki, kt\u00f3ra, wierzymy, \u017ce zaciekawi Ci\u0119 w tym samym stopniu jak fascynowa\u0142a i intrygowa\u0142a nas przy jej t\u0142umaczeniu i redagowaniu (cho\u0107 czasem te\u017c sprawia\u0142a trudno\u015bci).<\/p>\n<p>Orygina\u0142 pt. \u201eThe Orbik Families From Tajno\u201d wydany w 2021 r. si\u0142ami naszego wydawnictwa jest wynikiem g\u0142\u00f3wnie wieloletniej pracy jej autora, Amerykanina polskiego pochodzenia, pasjonata genealogii oraz cz\u0142onka Stowarzyszenia JZI. Ksi\u0105\u017cka ta jest dog\u0142\u0119bn\u0105 analiz\u0105 genealogiczn\u0105 i badaniem historii rodzin Orbik\u00f3w z Tajna.<\/p>\n<p>Jest to jednak publikacja o wiele bardziej wykraczaj\u0105ca poza sam\u0105 histori\u0119 rodzin spojonych jednym nazwiskiem. Mo\u017cna j\u0105 czyta\u0107 z co najmniej dw\u00f3ch odmiennych perspektyw. Nastawieniem niekt\u00f3rych mo\u017ce by\u0107 g\u0142\u00f3wnie poznanie genealogicznej historii tytu\u0142owych Orbik\u00f3w z Tajna. Inni mog\u0105 si\u0119gn\u0105\u0107 po t\u0119 pozycj\u0119 z zami\u0142owania do regionu, a zw\u0142aszcza do jej historii. Zar\u00f3wno jedni, jak i drudzy z pewno\u015bci\u0105 znajd\u0105 to, czego szukaj\u0105.<\/p>\n<\/div>\n<\/div><\/div><div id=\"panel-19956-0-0-2\" class=\"so-panel widget widget_sow-editor panel-last-child\" data-index=\"2\" ><div\n\t\t\t\n\t\t\tclass=\"so-widget-sow-editor so-widget-sow-editor-base\"\n\t\t\t\n\t\t><h3 class=\"widget-title\">Spis tre\u015bci<\/h3>\n<div class=\"siteorigin-widget-tinymce textwidget\">\n\t<p>Wst\u0119p do wydania polskiego<br \/>\nPodzi\u0119kowania<br \/>\nZastrze\u017cenia<br \/>\nPodstawowe terminy dotycz\u0105ce zapis\u00f3w metrykalnych<br \/>\nWST\u0118P<\/p>\n<h4>CZ\u0118\u015a\u0106 PIERWSZA. POCZ\u0104TKI<\/h4>\n<p>Rozdzia\u0142 I. Moja rodzina Orbik\u00f3w w Ameryce<br \/>\nRozdzia\u0142 II. Geografia okolic Tajna<br \/>\nRozdzia\u0142 III. Wczesne osadnictwo<br \/>\nRozdzia\u0142 IV. Najwcze\u015bniejsza historia Orbik\u00f3w w Tajnie, 1680-1770<br \/>\nRozdzia\u0142 V. Koniec Pierwszej Rzeczpospolitej, 1772-1795<br \/>\nRozdzia\u0142 VI. Zab\u00f3r pruski \u2013 Prusy Nowowschodnie, 1795-1807<br \/>\nRozdzia\u0142 VII. Wojna i rebelia, 1808-1862<br \/>\nRozdzia\u0142 VIII. Emancypacja ch\u0142op\u00f3w: 1862-1914<\/p>\n<h4>CZ\u0118\u015a\u0106 DRUGA. DIASPORA RODZINY ORBIK\u00d3W<\/h4>\n<p>Rozdzia\u0142 IX. Migracje rodziny Orbik\u00f3w w Polsce<br \/>\nRozdzia\u0142 X. Orbikowie w stanie Michigan<br \/>\nRozdzia\u0142 XI. Orbikowie w stanie Wisconsin<br \/>\nRozdzia\u0142 XII. Orbikowie w Chicago, Illinois<br \/>\nRozdzia\u0142 XIII. Orbikowie w stanie Indiana<br \/>\nRozdzia\u0142 XIV. Orbikowie w stanie Pennsylwania<br \/>\nRozdzia\u0142 XV. Orbikowie w stanie Nowy Jork<br \/>\nRozdzia\u0142 XVI. Orbikowie w stanie Massachusetts<br \/>\nRozdzia\u0142 XVII. Orbikowie w stanie New Jersey<\/p>\n<h4>CZ\u0118\u015a\u0106 TRZECIA. DWUDZIESTY WIEK<\/h4>\n<p>Rozdzia\u0142 XVIII. Od roku 1900 do ko\u0144ca I wojny \u015bwiatowej<br \/>\nRozdzia\u0142 XIX. Lata mi\u0119dzywojenne<br \/>\nRozdzia\u0142 XX. II wojna \u015bwiatowa: 1939-1947<br \/>\nRozdzia\u0142 XXI. Polska powojenna<br \/>\nRozdzia\u0142 XXII. Nierozwi\u0105zane tajemnice Orbik\u00f3w<br \/>\nRozdzia\u0142 XXIII. Badania nad nazwiskiem Orbik<\/p>\n<h4>CZ\u0118\u015a\u0106 CZWARTA. ZA\u0141\u0104CZNIKI<\/h4>\n<p>Zdj\u0119cia<br \/>\nAneks A. Pierwsi odnotowani mieszka\u0144cy okolic Tajna w 1565 r.<br \/>\nAneks B. Opis Ziemi Radziwi\u0142\u0142owskiej<br \/>\nAneks C. Mieszka\u0144cy Tajna zmarli na d\u017cum\u0119 w latach 1710-1711<br \/>\nAneks D. Pe\u0142na lista podatk\u00f3w parafii Barg\u0142\u00f3w, 1771-1773<br \/>\nAneks E. S\u0105d Referendalny: Rostkowska vs Polkowianie \u2013 1778-1781<br \/>\nAneks F. Lista parafian barg\u0142owskich z 1828 r.<br \/>\nAneks G. Lista posiadaczy d\u00f3br Tajno oraz w\u00f3jt\u00f3w i so\u0142tys\u00f3w<br \/>\nAneks H. Jednostki wojskowe stacjonuj\u0105ce w rejonie Augustowa<br \/>\nAneks I. So\u0142tysowie i nauczyciele w Tajnie w I po\u0142. XX wieku<br \/>\nAneks J. Wykaz w\u0142a\u015bcicieli folwarku Tajno Stare oko\u0142o 1935 r.<br \/>\nAneks K. Instrukcje dla stra\u017cy le\u015bnej z 1639 r.<br \/>\nAneks L. Ko\u015bcio\u0142y parafialne i kaplice<br \/>\nAneks M. Proboszczowie, ksi\u0119\u017ca i administratorzy parafii Barg\u0142\u00f3w<br \/>\nAneks N. Rodziny Orbik\/Horbik w innych miejscowo\u015bciach<br \/>\nAneks O. Cechy fizyczne Orbik\u00f3w<br \/>\nGlosariusz<br \/>\nPrzypisy ko\u0144cowe<\/p>\n<\/div>\n<\/div><\/div><\/div><\/div><\/div>","protected":false},"excerpt":{"rendered":"<p>Tytu\u0142: Rodziny Orbik\u00f3w z Tajna Tytu\u0142 orygina\u0142u: The Orbik Families From Tajno Autor: Jay Michael Orbik, Ed.D. T\u0142umaczenie: Pawe\u0142 Zalewski Redakcja: Urszula Zalewska, Zbigniew Mierzejewski, Krzysztof Zi\u0119cina Wydanie 1, Twardy R\u00f3g 2022 ISBN: 978-83-963963-4-1 Stron: 798 Format: B5 Ok\u0142adka: twarda, lakierowana Mamy przyjemno\u015b\u0107 przekaza\u0107 w Twoje r\u0119ce t\u0142umaczenie niezwyk\u0142ej ksi\u0105\u017cki, kt\u00f3ra, wierzymy, \u017ce zaciekawi Ci\u0119 [&hellip;]<\/p>\n","protected":false},"author":1,"featured_media":19957,"comment_status":"open","ping_status":"closed","template":"","meta":{"h5ap_radio_sources":[],"jetpack_post_was_ever_published":false},"product_brand":[],"product_cat":[272,344],"product_tag":[345,311],"class_list":{"0":"post-19956","1":"product","2":"type-product","3":"status-publish","4":"has-post-thumbnail","6":"product_cat-ksiazki","7":"product_cat-nasze-rodziny","8":"product_tag-augustow","9":"product_tag-inne-publikacje","11":"first","12":"outofstock","13":"taxable","14":"shipping-taxable","15":"purchasable","16":"product-type-simple"},"supplier_id":16598,"supplier_sku":"","barcode":null,"atum_controlled":true,"out_stock_date":"2025-07-21 14:17:38","out_stock_threshold":null,"inheritable":false,"inbound_stock":0,"stock_on_hold":0,"sold_today":0,"sales_last_days":0,"reserved_stock":0,"customer_returns":0,"warehouse_damage":0,"lost_in_post":0,"other_logs":0,"out_stock_days":263,"lost_sales":3456,"has_location":false,"update_date":"2026-04-11T00:05:26","atum_locations":[],"atum_stock_status":"outofstock","restock_status":false,"low_stock_amount":"","sales_update_date":"2026-04-11T00:05:26","calc_backorders":null,"yoast_head":"<!-- This site is optimized with the Yoast SEO plugin v27.3 - https:\/\/yoast.com\/product\/yoast-seo-wordpress\/ -->\n<title>Rodziny Orbik\u00f3w z Tajna - Jami\u0144ski Zesp\u00f3\u0142 Indeksacyjny<\/title>\n<meta name=\"robots\" content=\"index, follow, max-snippet:-1, max-image-preview:large, max-video-preview:-1\" \/>\n<link rel=\"canonical\" href=\"https:\/\/jzi.org.pl\/en\/product\/rodziny-orbikow-z-tajna\/\" \/>\n<meta property=\"og:locale\" content=\"en_US\" \/>\n<meta property=\"og:type\" content=\"article\" \/>\n<meta property=\"og:title\" content=\"Rodziny Orbik\u00f3w z Tajna - Jami\u0144ski Zesp\u00f3\u0142 Indeksacyjny\" \/>\n<meta property=\"og:description\" content=\"Tytu\u0142: Rodziny Orbik\u00f3w z Tajna Tytu\u0142 orygina\u0142u: The Orbik Families From Tajno Autor: Jay Michael Orbik, Ed.D. T\u0142umaczenie: Pawe\u0142 Zalewski Redakcja: Urszula Zalewska, Zbigniew Mierzejewski, Krzysztof Zi\u0119cina Wydanie 1, Twardy R\u00f3g 2022 ISBN: 978-83-963963-4-1 Stron: 798 Format: B5 Ok\u0142adka: twarda, lakierowana Mamy przyjemno\u015b\u0107 przekaza\u0107 w Twoje r\u0119ce t\u0142umaczenie niezwyk\u0142ej ksi\u0105\u017cki, kt\u00f3ra, wierzymy, \u017ce zaciekawi Ci\u0119 [&hellip;]\" \/>\n<meta property=\"og:url\" content=\"https:\/\/jzi.org.pl\/en\/product\/rodziny-orbikow-z-tajna\/\" \/>\n<meta property=\"og:site_name\" content=\"Jami\u0144ski Zesp\u00f3\u0142 Indeksacyjny\" \/>\n<meta property=\"article:publisher\" content=\"https:\/\/www.facebook.com\/Jaminski.Zespol.Indeksacyjny\/\" \/>\n<meta property=\"article:modified_time\" content=\"2025-07-21T12:17:38+00:00\" \/>\n<meta property=\"og:image\" content=\"https:\/\/jzi.org.pl\/wp-content\/uploads\/2022\/04\/rodziny-orbikow-z-tajna-0-scaled.jpg\" \/>\n\t<meta property=\"og:image:width\" content=\"1907\" \/>\n\t<meta property=\"og:image:height\" content=\"2560\" \/>\n\t<meta property=\"og:image:type\" content=\"image\/jpeg\" \/>\n<meta name=\"twitter:card\" content=\"summary_large_image\" \/>\n<meta name=\"twitter:label1\" content=\"Est. reading time\" \/>\n\t<meta name=\"twitter:data1\" content=\"3 minutes\" \/>\n<script type=\"application\/ld+json\" class=\"yoast-schema-graph\">{\"@context\":\"https:\\\/\\\/schema.org\",\"@graph\":[{\"@type\":\"WebPage\",\"@id\":\"https:\\\/\\\/jzi.org.pl\\\/produkt\\\/rodziny-orbikow-z-tajna\\\/\",\"url\":\"https:\\\/\\\/jzi.org.pl\\\/produkt\\\/rodziny-orbikow-z-tajna\\\/\",\"name\":\"Rodziny Orbik\u00f3w z Tajna - Jami\u0144ski Zesp\u00f3\u0142 Indeksacyjny\",\"isPartOf\":{\"@id\":\"https:\\\/\\\/jzi.org.pl\\\/#website\"},\"primaryImageOfPage\":{\"@id\":\"https:\\\/\\\/jzi.org.pl\\\/produkt\\\/rodziny-orbikow-z-tajna\\\/#primaryimage\"},\"image\":{\"@id\":\"https:\\\/\\\/jzi.org.pl\\\/produkt\\\/rodziny-orbikow-z-tajna\\\/#primaryimage\"},\"thumbnailUrl\":\"https:\\\/\\\/jzi.org.pl\\\/wp-content\\\/uploads\\\/2022\\\/04\\\/rodziny-orbikow-z-tajna-0-scaled.jpg\",\"datePublished\":\"2022-05-04T16:01:24+00:00\",\"dateModified\":\"2025-07-21T12:17:38+00:00\",\"breadcrumb\":{\"@id\":\"https:\\\/\\\/jzi.org.pl\\\/produkt\\\/rodziny-orbikow-z-tajna\\\/#breadcrumb\"},\"inLanguage\":\"en-US\",\"potentialAction\":[{\"@type\":\"ReadAction\",\"target\":[\"https:\\\/\\\/jzi.org.pl\\\/produkt\\\/rodziny-orbikow-z-tajna\\\/\"]}]},{\"@type\":\"ImageObject\",\"inLanguage\":\"en-US\",\"@id\":\"https:\\\/\\\/jzi.org.pl\\\/produkt\\\/rodziny-orbikow-z-tajna\\\/#primaryimage\",\"url\":\"https:\\\/\\\/jzi.org.pl\\\/wp-content\\\/uploads\\\/2022\\\/04\\\/rodziny-orbikow-z-tajna-0-scaled.jpg\",\"contentUrl\":\"https:\\\/\\\/jzi.org.pl\\\/wp-content\\\/uploads\\\/2022\\\/04\\\/rodziny-orbikow-z-tajna-0-scaled.jpg\",\"width\":1907,\"height\":2560},{\"@type\":\"BreadcrumbList\",\"@id\":\"https:\\\/\\\/jzi.org.pl\\\/produkt\\\/rodziny-orbikow-z-tajna\\\/#breadcrumb\",\"itemListElement\":[{\"@type\":\"ListItem\",\"position\":1,\"name\":\"Strona g\u0142\u00f3wna\",\"item\":\"https:\\\/\\\/jzi.org.pl\\\/\"},{\"@type\":\"ListItem\",\"position\":2,\"name\":\"Sklep\",\"item\":\"https:\\\/\\\/jzi.org.pl\\\/sklep\\\/\"},{\"@type\":\"ListItem\",\"position\":3,\"name\":\"Rodziny Orbik\u00f3w z Tajna\"}]},{\"@type\":\"WebSite\",\"@id\":\"https:\\\/\\\/jzi.org.pl\\\/#website\",\"url\":\"https:\\\/\\\/jzi.org.pl\\\/\",\"name\":\"Jami\u0144ski Zesp\u00f3\u0142 Indeksacyjny\",\"description\":\"\",\"publisher\":{\"@id\":\"https:\\\/\\\/jzi.org.pl\\\/#organization\"},\"potentialAction\":[{\"@type\":\"SearchAction\",\"target\":{\"@type\":\"EntryPoint\",\"urlTemplate\":\"https:\\\/\\\/jzi.org.pl\\\/?s={search_term_string}\"},\"query-input\":{\"@type\":\"PropertyValueSpecification\",\"valueRequired\":true,\"valueName\":\"search_term_string\"}}],\"inLanguage\":\"en-US\"},{\"@type\":\"Organization\",\"@id\":\"https:\\\/\\\/jzi.org.pl\\\/#organization\",\"name\":\"Jami\u0144ski Zesp\u00f3\u0142 Indeksacyjny\",\"url\":\"https:\\\/\\\/jzi.org.pl\\\/\",\"logo\":{\"@type\":\"ImageObject\",\"inLanguage\":\"en-US\",\"@id\":\"https:\\\/\\\/jzi.org.pl\\\/#\\\/schema\\\/logo\\\/image\\\/\",\"url\":\"https:\\\/\\\/jzi.org.pl\\\/wp-content\\\/uploads\\\/2019\\\/03\\\/logo-stowarzyszenie-jzi.png\",\"contentUrl\":\"https:\\\/\\\/jzi.org.pl\\\/wp-content\\\/uploads\\\/2019\\\/03\\\/logo-stowarzyszenie-jzi.png\",\"width\":931,\"height\":990,\"caption\":\"Jami\u0144ski Zesp\u00f3\u0142 Indeksacyjny\"},\"image\":{\"@id\":\"https:\\\/\\\/jzi.org.pl\\\/#\\\/schema\\\/logo\\\/image\\\/\"},\"sameAs\":[\"https:\\\/\\\/www.facebook.com\\\/Jaminski.Zespol.Indeksacyjny\\\/\"]}]}<\/script>\n<!-- \/ Yoast SEO plugin. -->","yoast_head_json":{"title":"Rodziny Orbik\u00f3w z Tajna - Jami\u0144ski Zesp\u00f3\u0142 Indeksacyjny","robots":{"index":"index","follow":"follow","max-snippet":"max-snippet:-1","max-image-preview":"max-image-preview:large","max-video-preview":"max-video-preview:-1"},"canonical":"https:\/\/jzi.org.pl\/en\/product\/rodziny-orbikow-z-tajna\/","og_locale":"en_US","og_type":"article","og_title":"Rodziny Orbik\u00f3w z Tajna - Jami\u0144ski Zesp\u00f3\u0142 Indeksacyjny","og_description":"Tytu\u0142: Rodziny Orbik\u00f3w z Tajna Tytu\u0142 orygina\u0142u: The Orbik Families From Tajno Autor: Jay Michael Orbik, Ed.D. T\u0142umaczenie: Pawe\u0142 Zalewski Redakcja: Urszula Zalewska, Zbigniew Mierzejewski, Krzysztof Zi\u0119cina Wydanie 1, Twardy R\u00f3g 2022 ISBN: 978-83-963963-4-1 Stron: 798 Format: B5 Ok\u0142adka: twarda, lakierowana Mamy przyjemno\u015b\u0107 przekaza\u0107 w Twoje r\u0119ce t\u0142umaczenie niezwyk\u0142ej ksi\u0105\u017cki, kt\u00f3ra, wierzymy, \u017ce zaciekawi Ci\u0119 [&hellip;]","og_url":"https:\/\/jzi.org.pl\/en\/product\/rodziny-orbikow-z-tajna\/","og_site_name":"Jami\u0144ski Zesp\u00f3\u0142 Indeksacyjny","article_publisher":"https:\/\/www.facebook.com\/Jaminski.Zespol.Indeksacyjny\/","article_modified_time":"2025-07-21T12:17:38+00:00","og_image":[{"width":1907,"height":2560,"url":"https:\/\/jzi.org.pl\/wp-content\/uploads\/2022\/04\/rodziny-orbikow-z-tajna-0-scaled.jpg","type":"image\/jpeg"}],"twitter_card":"summary_large_image","twitter_misc":{"Est. reading time":"3 minutes"},"schema":{"@context":"https:\/\/schema.org","@graph":[{"@type":"WebPage","@id":"https:\/\/jzi.org.pl\/produkt\/rodziny-orbikow-z-tajna\/","url":"https:\/\/jzi.org.pl\/produkt\/rodziny-orbikow-z-tajna\/","name":"Rodziny Orbik\u00f3w z Tajna - Jami\u0144ski Zesp\u00f3\u0142 Indeksacyjny","isPartOf":{"@id":"https:\/\/jzi.org.pl\/#website"},"primaryImageOfPage":{"@id":"https:\/\/jzi.org.pl\/produkt\/rodziny-orbikow-z-tajna\/#primaryimage"},"image":{"@id":"https:\/\/jzi.org.pl\/produkt\/rodziny-orbikow-z-tajna\/#primaryimage"},"thumbnailUrl":"https:\/\/jzi.org.pl\/wp-content\/uploads\/2022\/04\/rodziny-orbikow-z-tajna-0-scaled.jpg","datePublished":"2022-05-04T16:01:24+00:00","dateModified":"2025-07-21T12:17:38+00:00","breadcrumb":{"@id":"https:\/\/jzi.org.pl\/produkt\/rodziny-orbikow-z-tajna\/#breadcrumb"},"inLanguage":"en-US","potentialAction":[{"@type":"ReadAction","target":["https:\/\/jzi.org.pl\/produkt\/rodziny-orbikow-z-tajna\/"]}]},{"@type":"ImageObject","inLanguage":"en-US","@id":"https:\/\/jzi.org.pl\/produkt\/rodziny-orbikow-z-tajna\/#primaryimage","url":"https:\/\/jzi.org.pl\/wp-content\/uploads\/2022\/04\/rodziny-orbikow-z-tajna-0-scaled.jpg","contentUrl":"https:\/\/jzi.org.pl\/wp-content\/uploads\/2022\/04\/rodziny-orbikow-z-tajna-0-scaled.jpg","width":1907,"height":2560},{"@type":"BreadcrumbList","@id":"https:\/\/jzi.org.pl\/produkt\/rodziny-orbikow-z-tajna\/#breadcrumb","itemListElement":[{"@type":"ListItem","position":1,"name":"Strona g\u0142\u00f3wna","item":"https:\/\/jzi.org.pl\/"},{"@type":"ListItem","position":2,"name":"Sklep","item":"https:\/\/jzi.org.pl\/sklep\/"},{"@type":"ListItem","position":3,"name":"Rodziny Orbik\u00f3w z Tajna"}]},{"@type":"WebSite","@id":"https:\/\/jzi.org.pl\/#website","url":"https:\/\/jzi.org.pl\/","name":"Jaminy Indexing Team","description":"","publisher":{"@id":"https:\/\/jzi.org.pl\/#organization"},"potentialAction":[{"@type":"SearchAction","target":{"@type":"EntryPoint","urlTemplate":"https:\/\/jzi.org.pl\/?s={search_term_string}"},"query-input":{"@type":"PropertyValueSpecification","valueRequired":true,"valueName":"search_term_string"}}],"inLanguage":"en-US"},{"@type":"Organization","@id":"https:\/\/jzi.org.pl\/#organization","name":"Jaminy Indexing Team","url":"https:\/\/jzi.org.pl\/","logo":{"@type":"ImageObject","inLanguage":"en-US","@id":"https:\/\/jzi.org.pl\/#\/schema\/logo\/image\/","url":"https:\/\/jzi.org.pl\/wp-content\/uploads\/2019\/03\/logo-stowarzyszenie-jzi.png","contentUrl":"https:\/\/jzi.org.pl\/wp-content\/uploads\/2019\/03\/logo-stowarzyszenie-jzi.png","width":931,"height":990,"caption":"Jami\u0144ski Zesp\u00f3\u0142 Indeksacyjny"},"image":{"@id":"https:\/\/jzi.org.pl\/#\/schema\/logo\/image\/"},"sameAs":["https:\/\/www.facebook.com\/Jaminski.Zespol.Indeksacyjny\/"]}]}},"jetpack_likes_enabled":true,"jetpack_sharing_enabled":true,"_links":{"self":[{"href":"https:\/\/jzi.org.pl\/en\/wp-json\/wp\/v2\/product\/19956","targetHints":{"allow":["GET"]}}],"collection":[{"href":"https:\/\/jzi.org.pl\/en\/wp-json\/wp\/v2\/product"}],"about":[{"href":"https:\/\/jzi.org.pl\/en\/wp-json\/wp\/v2\/types\/product"}],"author":[{"embeddable":true,"href":"https:\/\/jzi.org.pl\/en\/wp-json\/wp\/v2\/users\/1"}],"replies":[{"embeddable":true,"href":"https:\/\/jzi.org.pl\/en\/wp-json\/wp\/v2\/comments?post=19956"}],"wp:featuredmedia":[{"embeddable":true,"href":"https:\/\/jzi.org.pl\/en\/wp-json\/wp\/v2\/media\/19957"}],"wp:attachment":[{"href":"https:\/\/jzi.org.pl\/en\/wp-json\/wp\/v2\/media?parent=19956"}],"wp:term":[{"taxonomy":"product_brand","embeddable":true,"href":"https:\/\/jzi.org.pl\/en\/wp-json\/wp\/v2\/product_brand?post=19956"},{"taxonomy":"product_cat","embeddable":true,"href":"https:\/\/jzi.org.pl\/en\/wp-json\/wp\/v2\/product_cat?post=19956"},{"taxonomy":"product_tag","embeddable":true,"href":"https:\/\/jzi.org.pl\/en\/wp-json\/wp\/v2\/product_tag?post=19956"}],"curies":[{"name":"wp","href":"https:\/\/api.w.org\/{rel}","templated":true}]}}