{"id":17693,"date":"2021-08-03T11:35:06","date_gmt":"2021-08-03T09:35:06","guid":{"rendered":"https:\/\/jzi.org.pl\/?post_type=product&#038;p=17693"},"modified":"2026-01-20T12:59:30","modified_gmt":"2026-01-20T11:59:30","slug":"the-orbik-families-from-tajno","status":"publish","type":"product","link":"https:\/\/jzi.org.pl\/en\/product\/the-orbik-families-from-tajno\/","title":{"rendered":"The Orbik Families From Tajno"},"content":{"rendered":"<p>Author: Jay M. Orbik<\/p>\n<p>Language: English<\/p>\n<p>Edition: 1<\/p>\n<p>ISBN: <span>978-83-956062-6-7<\/span><\/p>\n<p>Pages: 794 (including 76 in color)<\/p>\n<p>Format: 21 x 29,7 cm (A4)<\/p>\n<p>Cover: hard, lacquered<\/p>\n<h4>More information<\/h4>\n<div id=\"pg-17695-1\" class=\"panel-grid panel-no-style\">\n<div id=\"pgc-17695-1-0\" class=\"panel-grid-cell\">\n<div id=\"panel-17695-1-0-0\" class=\"so-panel widget widget_sow-editor panel-first-child panel-last-child\" data-index=\"3\">\n<div class=\"panel-widget-style panel-widget-style-for-17695-1-0-0\">\n<div class=\"so-widget-sow-editor so-widget-sow-editor-base\">\n<div class=\"siteorigin-widget-tinymce textwidget\">\n<p>&#8222;The Orbik Families from Tajno&#8221; to pierwsza pozycja wydawnictwa JZI opublikowana w j\u0119zyku angielskim. Autor, Jay Orbik posiada doktorat z technologii edukacyjnej, bada\u0144 i oceny na Northern Illinois University, gdzie przeszed\u0142 na emerytur\u0119 jako dyrektor ds. us\u0142ug medialnych. Pracuje nad genealogi\u0105 i histori\u0105 swojej rodziny od ponad 30 lat, a wszystkie jej linie prze\u015bledzi\u0142 od najstarszych dost\u0119pnych zapis\u00f3w, zw\u0142aszcza nazwiska Orbik, pochodz\u0105cego ze wsi Tajno i pobliskiego Augustowa ju\u017c w 1662. Jest autorem wielu artyku\u0142\u00f3w publikowanych w czasopismach genealogicznych w USA i w Polsce dotycz\u0105cych Polski i Wschodniej Europy.<\/p>\n<p>The book summarizing the results of this research is a tremendous publication containing almost 800 pages of text interwoven with hundreds of illustrations (including photocopies of unique documents and maps) and over 800 endnotes. Everything was published on coated paper. The author not only discusses in depth the genealogy of the Orbik family, but also the history of the region from the earliest times to the present day. On the basis of the available documents, he also analyzed the fate of the local nobility and soldiers of various ranks, but above all, the most numerous local peasantry. It is an extremely valuable item for regionalists, historians, and also a standard book for people who would like to write their own family history.<\/p>\n<\/div>\n<\/div>\n<\/div>\n<\/div>\n<\/div>\n<\/div>\n<p>&nbsp;<\/p>","protected":false},"excerpt":{"rendered":"<p>Autor: Jay M. Orbik J\u0119zyk: angielski Wydanie: 1 ISBN: 978-83-956062-6-7 Stron: 794 (w tym 76 w kolorze) Format: 21 x 29,7 cm (A4) Ok\u0142adka: twarda, lakierowana Wi\u0119cej informacji &#8222;The Orbik Families from Tajno&#8221; to pierwsza pozycja wydawnictwa JZI opublikowana w j\u0119zyku angielskim. Autor, Jay Orbik posiada doktorat z technologii edukacyjnej, bada\u0144 i oceny na Northern [&hellip;]<\/p>\n","protected":false},"author":1,"featured_media":17730,"comment_status":"open","ping_status":"closed","template":"","meta":{"h5ap_radio_sources":[],"jetpack_post_was_ever_published":false},"product_brand":[],"product_cat":[272,344],"product_tag":[349,346,348],"class_list":{"0":"post-17693","1":"product","2":"type-product","3":"status-publish","4":"has-post-thumbnail","6":"product_cat-ksiazki","7":"product_cat-nasze-rodziny","8":"product_tag-barglow","9":"product_tag-emigracja","10":"product_tag-tajno","12":"first","13":"outofstock","14":"taxable","15":"shipping-taxable","16":"purchasable","17":"product-type-simple"},"supplier_id":16598,"supplier_sku":"","barcode":null,"atum_controlled":true,"out_stock_date":"2025-12-09 19:58:35","out_stock_threshold":null,"inheritable":false,"inbound_stock":0,"stock_on_hold":0,"sold_today":0,"sales_last_days":0,"reserved_stock":0,"customer_returns":0,"warehouse_damage":0,"lost_in_post":0,"other_logs":0,"out_stock_days":123,"lost_sales":0,"has_location":false,"update_date":"2026-04-12T00:05:34","atum_locations":[],"atum_stock_status":"outofstock","restock_status":false,"low_stock_amount":1,"sales_update_date":"2026-04-12T00:05:33","calc_backorders":null,"yoast_head":"<!-- This site is optimized with the Yoast SEO plugin v27.3 - https:\/\/yoast.com\/product\/yoast-seo-wordpress\/ -->\n<title>The Orbik Families From Tajno - Jami\u0144ski Zesp\u00f3\u0142 Indeksacyjny<\/title>\n<meta name=\"robots\" content=\"index, follow, max-snippet:-1, max-image-preview:large, max-video-preview:-1\" \/>\n<link rel=\"canonical\" href=\"https:\/\/jzi.org.pl\/en\/product\/the-orbik-families-from-tajno\/\" \/>\n<meta property=\"og:locale\" content=\"en_US\" \/>\n<meta property=\"og:type\" content=\"article\" \/>\n<meta property=\"og:title\" content=\"The Orbik Families From Tajno - Jami\u0144ski Zesp\u00f3\u0142 Indeksacyjny\" \/>\n<meta property=\"og:description\" content=\"Autor: Jay M. Orbik J\u0119zyk: angielski Wydanie: 1 ISBN: 978-83-956062-6-7 Stron: 794 (w tym 76 w kolorze) Format: 21 x 29,7 cm (A4) Ok\u0142adka: twarda, lakierowana Wi\u0119cej informacji &#8222;The Orbik Families from Tajno&#8221; to pierwsza pozycja wydawnictwa JZI opublikowana w j\u0119zyku angielskim. Autor, Jay Orbik posiada doktorat z technologii edukacyjnej, bada\u0144 i oceny na Northern [&hellip;]\" \/>\n<meta property=\"og:url\" content=\"https:\/\/jzi.org.pl\/en\/product\/the-orbik-families-from-tajno\/\" \/>\n<meta property=\"og:site_name\" content=\"Jami\u0144ski Zesp\u00f3\u0142 Indeksacyjny\" \/>\n<meta property=\"article:publisher\" content=\"https:\/\/www.facebook.com\/Jaminski.Zespol.Indeksacyjny\/\" \/>\n<meta property=\"article:modified_time\" content=\"2026-01-20T11:59:30+00:00\" \/>\n<meta property=\"og:image\" content=\"https:\/\/jzi.org.pl\/wp-content\/uploads\/2021\/08\/the-orbik-families-from-tajno-0-1-scaled.jpg\" \/>\n\t<meta property=\"og:image:width\" content=\"1837\" \/>\n\t<meta property=\"og:image:height\" content=\"2560\" \/>\n\t<meta property=\"og:image:type\" content=\"image\/jpeg\" \/>\n<meta name=\"twitter:card\" content=\"summary_large_image\" \/>\n<meta name=\"twitter:label1\" content=\"Est. reading time\" \/>\n\t<meta name=\"twitter:data1\" content=\"2 minutes\" \/>\n<script type=\"application\/ld+json\" class=\"yoast-schema-graph\">{\"@context\":\"https:\\\/\\\/schema.org\",\"@graph\":[{\"@type\":\"WebPage\",\"@id\":\"https:\\\/\\\/jzi.org.pl\\\/produkt\\\/the-orbik-families-from-tajno\\\/\",\"url\":\"https:\\\/\\\/jzi.org.pl\\\/produkt\\\/the-orbik-families-from-tajno\\\/\",\"name\":\"The Orbik Families From Tajno - Jami\u0144ski Zesp\u00f3\u0142 Indeksacyjny\",\"isPartOf\":{\"@id\":\"https:\\\/\\\/jzi.org.pl\\\/#website\"},\"primaryImageOfPage\":{\"@id\":\"https:\\\/\\\/jzi.org.pl\\\/produkt\\\/the-orbik-families-from-tajno\\\/#primaryimage\"},\"image\":{\"@id\":\"https:\\\/\\\/jzi.org.pl\\\/produkt\\\/the-orbik-families-from-tajno\\\/#primaryimage\"},\"thumbnailUrl\":\"https:\\\/\\\/jzi.org.pl\\\/wp-content\\\/uploads\\\/2021\\\/08\\\/the-orbik-families-from-tajno-0-1-scaled.jpg\",\"datePublished\":\"2021-08-03T09:35:06+00:00\",\"dateModified\":\"2026-01-20T11:59:30+00:00\",\"breadcrumb\":{\"@id\":\"https:\\\/\\\/jzi.org.pl\\\/produkt\\\/the-orbik-families-from-tajno\\\/#breadcrumb\"},\"inLanguage\":\"en-US\",\"potentialAction\":[{\"@type\":\"ReadAction\",\"target\":[\"https:\\\/\\\/jzi.org.pl\\\/produkt\\\/the-orbik-families-from-tajno\\\/\"]}]},{\"@type\":\"ImageObject\",\"inLanguage\":\"en-US\",\"@id\":\"https:\\\/\\\/jzi.org.pl\\\/produkt\\\/the-orbik-families-from-tajno\\\/#primaryimage\",\"url\":\"https:\\\/\\\/jzi.org.pl\\\/wp-content\\\/uploads\\\/2021\\\/08\\\/the-orbik-families-from-tajno-0-1-scaled.jpg\",\"contentUrl\":\"https:\\\/\\\/jzi.org.pl\\\/wp-content\\\/uploads\\\/2021\\\/08\\\/the-orbik-families-from-tajno-0-1-scaled.jpg\",\"width\":1837,\"height\":2560},{\"@type\":\"BreadcrumbList\",\"@id\":\"https:\\\/\\\/jzi.org.pl\\\/produkt\\\/the-orbik-families-from-tajno\\\/#breadcrumb\",\"itemListElement\":[{\"@type\":\"ListItem\",\"position\":1,\"name\":\"Strona g\u0142\u00f3wna\",\"item\":\"https:\\\/\\\/jzi.org.pl\\\/\"},{\"@type\":\"ListItem\",\"position\":2,\"name\":\"Sklep\",\"item\":\"https:\\\/\\\/jzi.org.pl\\\/sklep\\\/\"},{\"@type\":\"ListItem\",\"position\":3,\"name\":\"The Orbik Families From Tajno\"}]},{\"@type\":\"WebSite\",\"@id\":\"https:\\\/\\\/jzi.org.pl\\\/#website\",\"url\":\"https:\\\/\\\/jzi.org.pl\\\/\",\"name\":\"Jami\u0144ski Zesp\u00f3\u0142 Indeksacyjny\",\"description\":\"\",\"publisher\":{\"@id\":\"https:\\\/\\\/jzi.org.pl\\\/#organization\"},\"potentialAction\":[{\"@type\":\"SearchAction\",\"target\":{\"@type\":\"EntryPoint\",\"urlTemplate\":\"https:\\\/\\\/jzi.org.pl\\\/?s={search_term_string}\"},\"query-input\":{\"@type\":\"PropertyValueSpecification\",\"valueRequired\":true,\"valueName\":\"search_term_string\"}}],\"inLanguage\":\"en-US\"},{\"@type\":\"Organization\",\"@id\":\"https:\\\/\\\/jzi.org.pl\\\/#organization\",\"name\":\"Jami\u0144ski Zesp\u00f3\u0142 Indeksacyjny\",\"url\":\"https:\\\/\\\/jzi.org.pl\\\/\",\"logo\":{\"@type\":\"ImageObject\",\"inLanguage\":\"en-US\",\"@id\":\"https:\\\/\\\/jzi.org.pl\\\/#\\\/schema\\\/logo\\\/image\\\/\",\"url\":\"https:\\\/\\\/jzi.org.pl\\\/wp-content\\\/uploads\\\/2019\\\/03\\\/logo-stowarzyszenie-jzi.png\",\"contentUrl\":\"https:\\\/\\\/jzi.org.pl\\\/wp-content\\\/uploads\\\/2019\\\/03\\\/logo-stowarzyszenie-jzi.png\",\"width\":931,\"height\":990,\"caption\":\"Jami\u0144ski Zesp\u00f3\u0142 Indeksacyjny\"},\"image\":{\"@id\":\"https:\\\/\\\/jzi.org.pl\\\/#\\\/schema\\\/logo\\\/image\\\/\"},\"sameAs\":[\"https:\\\/\\\/www.facebook.com\\\/Jaminski.Zespol.Indeksacyjny\\\/\"]}]}<\/script>\n<!-- \/ Yoast SEO plugin. -->","yoast_head_json":{"title":"The Orbik Families From Tajno - Jami\u0144ski Zesp\u00f3\u0142 Indeksacyjny","robots":{"index":"index","follow":"follow","max-snippet":"max-snippet:-1","max-image-preview":"max-image-preview:large","max-video-preview":"max-video-preview:-1"},"canonical":"https:\/\/jzi.org.pl\/en\/product\/the-orbik-families-from-tajno\/","og_locale":"en_US","og_type":"article","og_title":"The Orbik Families From Tajno - Jami\u0144ski Zesp\u00f3\u0142 Indeksacyjny","og_description":"Autor: Jay M. Orbik J\u0119zyk: angielski Wydanie: 1 ISBN: 978-83-956062-6-7 Stron: 794 (w tym 76 w kolorze) Format: 21 x 29,7 cm (A4) Ok\u0142adka: twarda, lakierowana Wi\u0119cej informacji &#8222;The Orbik Families from Tajno&#8221; to pierwsza pozycja wydawnictwa JZI opublikowana w j\u0119zyku angielskim. Autor, Jay Orbik posiada doktorat z technologii edukacyjnej, bada\u0144 i oceny na Northern [&hellip;]","og_url":"https:\/\/jzi.org.pl\/en\/product\/the-orbik-families-from-tajno\/","og_site_name":"Jami\u0144ski Zesp\u00f3\u0142 Indeksacyjny","article_publisher":"https:\/\/www.facebook.com\/Jaminski.Zespol.Indeksacyjny\/","article_modified_time":"2026-01-20T11:59:30+00:00","og_image":[{"width":1837,"height":2560,"url":"https:\/\/jzi.org.pl\/wp-content\/uploads\/2021\/08\/the-orbik-families-from-tajno-0-1-scaled.jpg","type":"image\/jpeg"}],"twitter_card":"summary_large_image","twitter_misc":{"Est. reading time":"2 minutes"},"schema":{"@context":"https:\/\/schema.org","@graph":[{"@type":"WebPage","@id":"https:\/\/jzi.org.pl\/produkt\/the-orbik-families-from-tajno\/","url":"https:\/\/jzi.org.pl\/produkt\/the-orbik-families-from-tajno\/","name":"The Orbik Families From Tajno - Jami\u0144ski Zesp\u00f3\u0142 Indeksacyjny","isPartOf":{"@id":"https:\/\/jzi.org.pl\/#website"},"primaryImageOfPage":{"@id":"https:\/\/jzi.org.pl\/produkt\/the-orbik-families-from-tajno\/#primaryimage"},"image":{"@id":"https:\/\/jzi.org.pl\/produkt\/the-orbik-families-from-tajno\/#primaryimage"},"thumbnailUrl":"https:\/\/jzi.org.pl\/wp-content\/uploads\/2021\/08\/the-orbik-families-from-tajno-0-1-scaled.jpg","datePublished":"2021-08-03T09:35:06+00:00","dateModified":"2026-01-20T11:59:30+00:00","breadcrumb":{"@id":"https:\/\/jzi.org.pl\/produkt\/the-orbik-families-from-tajno\/#breadcrumb"},"inLanguage":"en-US","potentialAction":[{"@type":"ReadAction","target":["https:\/\/jzi.org.pl\/produkt\/the-orbik-families-from-tajno\/"]}]},{"@type":"ImageObject","inLanguage":"en-US","@id":"https:\/\/jzi.org.pl\/produkt\/the-orbik-families-from-tajno\/#primaryimage","url":"https:\/\/jzi.org.pl\/wp-content\/uploads\/2021\/08\/the-orbik-families-from-tajno-0-1-scaled.jpg","contentUrl":"https:\/\/jzi.org.pl\/wp-content\/uploads\/2021\/08\/the-orbik-families-from-tajno-0-1-scaled.jpg","width":1837,"height":2560},{"@type":"BreadcrumbList","@id":"https:\/\/jzi.org.pl\/produkt\/the-orbik-families-from-tajno\/#breadcrumb","itemListElement":[{"@type":"ListItem","position":1,"name":"Strona g\u0142\u00f3wna","item":"https:\/\/jzi.org.pl\/"},{"@type":"ListItem","position":2,"name":"Sklep","item":"https:\/\/jzi.org.pl\/sklep\/"},{"@type":"ListItem","position":3,"name":"The Orbik Families From Tajno"}]},{"@type":"WebSite","@id":"https:\/\/jzi.org.pl\/#website","url":"https:\/\/jzi.org.pl\/","name":"Jaminy Indexing Team","description":"","publisher":{"@id":"https:\/\/jzi.org.pl\/#organization"},"potentialAction":[{"@type":"SearchAction","target":{"@type":"EntryPoint","urlTemplate":"https:\/\/jzi.org.pl\/?s={search_term_string}"},"query-input":{"@type":"PropertyValueSpecification","valueRequired":true,"valueName":"search_term_string"}}],"inLanguage":"en-US"},{"@type":"Organization","@id":"https:\/\/jzi.org.pl\/#organization","name":"Jaminy Indexing Team","url":"https:\/\/jzi.org.pl\/","logo":{"@type":"ImageObject","inLanguage":"en-US","@id":"https:\/\/jzi.org.pl\/#\/schema\/logo\/image\/","url":"https:\/\/jzi.org.pl\/wp-content\/uploads\/2019\/03\/logo-stowarzyszenie-jzi.png","contentUrl":"https:\/\/jzi.org.pl\/wp-content\/uploads\/2019\/03\/logo-stowarzyszenie-jzi.png","width":931,"height":990,"caption":"Jami\u0144ski Zesp\u00f3\u0142 Indeksacyjny"},"image":{"@id":"https:\/\/jzi.org.pl\/#\/schema\/logo\/image\/"},"sameAs":["https:\/\/www.facebook.com\/Jaminski.Zespol.Indeksacyjny\/"]}]}},"jetpack_likes_enabled":true,"jetpack_sharing_enabled":true,"_links":{"self":[{"href":"https:\/\/jzi.org.pl\/en\/wp-json\/wp\/v2\/product\/17693","targetHints":{"allow":["GET"]}}],"collection":[{"href":"https:\/\/jzi.org.pl\/en\/wp-json\/wp\/v2\/product"}],"about":[{"href":"https:\/\/jzi.org.pl\/en\/wp-json\/wp\/v2\/types\/product"}],"author":[{"embeddable":true,"href":"https:\/\/jzi.org.pl\/en\/wp-json\/wp\/v2\/users\/1"}],"replies":[{"embeddable":true,"href":"https:\/\/jzi.org.pl\/en\/wp-json\/wp\/v2\/comments?post=17693"}],"wp:featuredmedia":[{"embeddable":true,"href":"https:\/\/jzi.org.pl\/en\/wp-json\/wp\/v2\/media\/17730"}],"wp:attachment":[{"href":"https:\/\/jzi.org.pl\/en\/wp-json\/wp\/v2\/media?parent=17693"}],"wp:term":[{"taxonomy":"product_brand","embeddable":true,"href":"https:\/\/jzi.org.pl\/en\/wp-json\/wp\/v2\/product_brand?post=17693"},{"taxonomy":"product_cat","embeddable":true,"href":"https:\/\/jzi.org.pl\/en\/wp-json\/wp\/v2\/product_cat?post=17693"},{"taxonomy":"product_tag","embeddable":true,"href":"https:\/\/jzi.org.pl\/en\/wp-json\/wp\/v2\/product_tag?post=17693"}],"curies":[{"name":"wp","href":"https:\/\/api.w.org\/{rel}","templated":true}]}}