{"id":17343,"date":"2021-05-20T11:16:59","date_gmt":"2021-05-20T09:16:59","guid":{"rendered":"https:\/\/jzi.org.pl\/?post_type=product&#038;p=17343"},"modified":"2024-05-16T10:59:44","modified_gmt":"2024-05-16T08:59:44","slug":"wsparcie-projektu-nagroda-czytelnik","status":"publish","type":"product","link":"https:\/\/jzi.org.pl\/en\/product\/wsparcie-projektu-nagroda-czytelnik\/","title":{"rendered":"Wsparcie Projektu nagrod\u0105 Czytelnik"},"content":{"rendered":"<p>Wesprzyj projekt t\u0142umaczenia &#8222;Ksi\u0119gi pami\u0119ci \u017byd\u00f3w augustowskich&#8221; nagrod\u0105 Czytelnik a otrzymasz:<\/p>\n<ul>\n<li>wydrukowany egzemplarz &#8222;Ksi\u0119gi pami\u0119ci \u017byd\u00f3w Augustowskich&#8221; (przewidywany termin dost\u0119pno\u015bci nagrody stycze\u0144 2022)<\/li>\n<li>certyfikat potwierdzaj\u0105cy wsparcie (po zaksi\u0119gowaniu wp\u0142aty)<\/li>\n<li>Twoje imi\u0119 i nazwisko pojawi si\u0119 na <a href=\"https:\/\/jzi.org.pl\/en\/ksiega-pamieci-zydow-augustowskich\/\" target=\"_blank\" rel=\"noopener\">stronie www po\u015bwi\u0119conej kampanii<\/a>.<\/li>\n<\/ul>\n<p>The shipping cost is not included in the reward value. When the book is available, we will contact you to arrange the shipping method (personal pickup, Polish Post, InPost parcel locker).<\/p>\n<p>Inne nagrody za wsparcie t\u0142umaczenia &#8222;Ksi\u0119gi pami\u0119ci \u017byd\u00f3w augustowskich&#8221; mo\u017cna sprawdzi\u0107 tutaj: <a href=\"https:\/\/jzi.org.pl\/en\/product-category\/kpza\/\">NAGRODY<\/a><\/p>\n<p>Regulamin wsparcia poprzez sklep JZI jest dost\u0119pny tutaj: <a href=\"https:\/\/jzi.org.pl\/en\/ksiega-pamieci-zydow-augustowskich\/#regulamin\">REGULAMIN<\/a><\/p>","protected":false},"excerpt":{"rendered":"<p>Wesprzyj projekt t\u0142umaczenia &#8222;Ksi\u0119gi pami\u0119ci \u017byd\u00f3w augustowskich&#8221; nagrod\u0105 Czytelnik a otrzymasz: wydrukowany egzemplarz &#8222;Ksi\u0119gi pami\u0119ci \u017byd\u00f3w Augustowskich&#8221; (przewidywany termin dost\u0119pno\u015bci nagrody stycze\u0144 2022) certyfikat potwierdzaj\u0105cy wsparcie (po zaksi\u0119gowaniu wp\u0142aty) Twoje imi\u0119 i nazwisko pojawi si\u0119 na stronie www po\u015bwi\u0119conej kampanii. Koszt wysy\u0142ki ksi\u0105\u017cki nie jest wliczony w warto\u015b\u0107 nagrody. Gdy ksi\u0105\u017cka b\u0119dzie ju\u017c dost\u0119pna skontaktujemy [&hellip;]<\/p>\n","protected":false},"author":1,"featured_media":17344,"comment_status":"open","ping_status":"closed","template":"","meta":{"h5ap_radio_sources":[],"jetpack_post_was_ever_published":false},"product_brand":[],"product_cat":[327],"product_tag":[],"class_list":{"0":"post-17343","1":"product","2":"type-product","3":"status-publish","4":"has-post-thumbnail","6":"product_cat-kpza","8":"first","9":"instock","10":"downloadable","11":"virtual","12":"taxable","13":"purchasable","14":"product-type-simple"},"supplier_id":null,"supplier_sku":"","barcode":null,"atum_controlled":false,"out_stock_date":null,"out_stock_threshold":null,"inheritable":false,"inbound_stock":0,"stock_on_hold":0,"sold_today":0,"sales_last_days":0,"reserved_stock":0,"customer_returns":0,"warehouse_damage":0,"lost_in_post":0,"other_logs":0,"out_stock_days":0,"lost_sales":0,"has_location":false,"update_date":"2026-04-13T00:05:38","atum_locations":[],"atum_stock_status":"instock","restock_status":false,"low_stock_amount":"","sales_update_date":"2026-04-13T00:05:38","calc_backorders":null,"yoast_head":"<!-- This site is optimized with the Yoast SEO plugin v27.3 - https:\/\/yoast.com\/product\/yoast-seo-wordpress\/ -->\n<title>Wsparcie Projektu nagrod\u0105 Czytelnik - Jami\u0144ski Zesp\u00f3\u0142 Indeksacyjny<\/title>\n<meta name=\"robots\" content=\"index, follow, max-snippet:-1, max-image-preview:large, max-video-preview:-1\" \/>\n<link rel=\"canonical\" href=\"https:\/\/jzi.org.pl\/en\/product\/wsparcie-projektu-nagroda-czytelnik\/\" \/>\n<meta property=\"og:locale\" content=\"en_US\" \/>\n<meta property=\"og:type\" content=\"article\" \/>\n<meta property=\"og:title\" content=\"Wsparcie Projektu nagrod\u0105 Czytelnik - Jami\u0144ski Zesp\u00f3\u0142 Indeksacyjny\" \/>\n<meta property=\"og:description\" content=\"Wesprzyj projekt t\u0142umaczenia &#8222;Ksi\u0119gi pami\u0119ci \u017byd\u00f3w augustowskich&#8221; nagrod\u0105 Czytelnik a otrzymasz: wydrukowany egzemplarz &#8222;Ksi\u0119gi pami\u0119ci \u017byd\u00f3w Augustowskich&#8221; (przewidywany termin dost\u0119pno\u015bci nagrody stycze\u0144 2022) certyfikat potwierdzaj\u0105cy wsparcie (po zaksi\u0119gowaniu wp\u0142aty) Twoje imi\u0119 i nazwisko pojawi si\u0119 na stronie www po\u015bwi\u0119conej kampanii. Koszt wysy\u0142ki ksi\u0105\u017cki nie jest wliczony w warto\u015b\u0107 nagrody. Gdy ksi\u0105\u017cka b\u0119dzie ju\u017c dost\u0119pna skontaktujemy [&hellip;]\" \/>\n<meta property=\"og:url\" content=\"https:\/\/jzi.org.pl\/en\/product\/wsparcie-projektu-nagroda-czytelnik\/\" \/>\n<meta property=\"og:site_name\" content=\"Jami\u0144ski Zesp\u00f3\u0142 Indeksacyjny\" \/>\n<meta property=\"article:publisher\" content=\"https:\/\/www.facebook.com\/Jaminski.Zespol.Indeksacyjny\/\" \/>\n<meta property=\"article:modified_time\" content=\"2024-05-16T08:59:44+00:00\" \/>\n<meta property=\"og:image\" content=\"https:\/\/jzi.org.pl\/wp-content\/uploads\/2021\/05\/czytelnik.png\" \/>\n\t<meta property=\"og:image:width\" content=\"838\" \/>\n\t<meta property=\"og:image:height\" content=\"1125\" \/>\n\t<meta property=\"og:image:type\" content=\"image\/png\" \/>\n<meta name=\"twitter:card\" content=\"summary_large_image\" \/>\n<meta name=\"twitter:label1\" content=\"Est. reading time\" \/>\n\t<meta name=\"twitter:data1\" content=\"1 minute\" \/>\n<script type=\"application\/ld+json\" class=\"yoast-schema-graph\">{\"@context\":\"https:\\\/\\\/schema.org\",\"@graph\":[{\"@type\":\"WebPage\",\"@id\":\"https:\\\/\\\/jzi.org.pl\\\/en\\\/product\\\/wsparcie-projektu-nagroda-czytelnik\\\/\",\"url\":\"https:\\\/\\\/jzi.org.pl\\\/en\\\/product\\\/wsparcie-projektu-nagroda-czytelnik\\\/\",\"name\":\"Wsparcie Projektu nagrod\u0105 Czytelnik - Jami\u0144ski Zesp\u00f3\u0142 Indeksacyjny\",\"isPartOf\":{\"@id\":\"https:\\\/\\\/jzi.org.pl\\\/#website\"},\"primaryImageOfPage\":{\"@id\":\"https:\\\/\\\/jzi.org.pl\\\/en\\\/product\\\/wsparcie-projektu-nagroda-czytelnik\\\/#primaryimage\"},\"image\":{\"@id\":\"https:\\\/\\\/jzi.org.pl\\\/en\\\/product\\\/wsparcie-projektu-nagroda-czytelnik\\\/#primaryimage\"},\"thumbnailUrl\":\"https:\\\/\\\/jzi.org.pl\\\/wp-content\\\/uploads\\\/2021\\\/05\\\/czytelnik.png\",\"datePublished\":\"2021-05-20T09:16:59+00:00\",\"dateModified\":\"2024-05-16T08:59:44+00:00\",\"breadcrumb\":{\"@id\":\"https:\\\/\\\/jzi.org.pl\\\/en\\\/product\\\/wsparcie-projektu-nagroda-czytelnik\\\/#breadcrumb\"},\"inLanguage\":\"en-US\",\"potentialAction\":[{\"@type\":\"ReadAction\",\"target\":[\"https:\\\/\\\/jzi.org.pl\\\/en\\\/product\\\/wsparcie-projektu-nagroda-czytelnik\\\/\"]}]},{\"@type\":\"ImageObject\",\"inLanguage\":\"en-US\",\"@id\":\"https:\\\/\\\/jzi.org.pl\\\/en\\\/product\\\/wsparcie-projektu-nagroda-czytelnik\\\/#primaryimage\",\"url\":\"https:\\\/\\\/jzi.org.pl\\\/wp-content\\\/uploads\\\/2021\\\/05\\\/czytelnik.png\",\"contentUrl\":\"https:\\\/\\\/jzi.org.pl\\\/wp-content\\\/uploads\\\/2021\\\/05\\\/czytelnik.png\",\"width\":838,\"height\":1125},{\"@type\":\"BreadcrumbList\",\"@id\":\"https:\\\/\\\/jzi.org.pl\\\/en\\\/product\\\/wsparcie-projektu-nagroda-czytelnik\\\/#breadcrumb\",\"itemListElement\":[{\"@type\":\"ListItem\",\"position\":1,\"name\":\"Strona g\u0142\u00f3wna\",\"item\":\"https:\\\/\\\/jzi.org.pl\\\/\"},{\"@type\":\"ListItem\",\"position\":2,\"name\":\"Sklep\",\"item\":\"https:\\\/\\\/jzi.org.pl\\\/sklep\\\/\"},{\"@type\":\"ListItem\",\"position\":3,\"name\":\"Wsparcie Projektu nagrod\u0105 Czytelnik\"}]},{\"@type\":\"WebSite\",\"@id\":\"https:\\\/\\\/jzi.org.pl\\\/#website\",\"url\":\"https:\\\/\\\/jzi.org.pl\\\/\",\"name\":\"Jami\u0144ski Zesp\u00f3\u0142 Indeksacyjny\",\"description\":\"\",\"publisher\":{\"@id\":\"https:\\\/\\\/jzi.org.pl\\\/#organization\"},\"potentialAction\":[{\"@type\":\"SearchAction\",\"target\":{\"@type\":\"EntryPoint\",\"urlTemplate\":\"https:\\\/\\\/jzi.org.pl\\\/?s={search_term_string}\"},\"query-input\":{\"@type\":\"PropertyValueSpecification\",\"valueRequired\":true,\"valueName\":\"search_term_string\"}}],\"inLanguage\":\"en-US\"},{\"@type\":\"Organization\",\"@id\":\"https:\\\/\\\/jzi.org.pl\\\/#organization\",\"name\":\"Jami\u0144ski Zesp\u00f3\u0142 Indeksacyjny\",\"url\":\"https:\\\/\\\/jzi.org.pl\\\/\",\"logo\":{\"@type\":\"ImageObject\",\"inLanguage\":\"en-US\",\"@id\":\"https:\\\/\\\/jzi.org.pl\\\/#\\\/schema\\\/logo\\\/image\\\/\",\"url\":\"https:\\\/\\\/jzi.org.pl\\\/wp-content\\\/uploads\\\/2019\\\/03\\\/logo-stowarzyszenie-jzi.png\",\"contentUrl\":\"https:\\\/\\\/jzi.org.pl\\\/wp-content\\\/uploads\\\/2019\\\/03\\\/logo-stowarzyszenie-jzi.png\",\"width\":931,\"height\":990,\"caption\":\"Jami\u0144ski Zesp\u00f3\u0142 Indeksacyjny\"},\"image\":{\"@id\":\"https:\\\/\\\/jzi.org.pl\\\/#\\\/schema\\\/logo\\\/image\\\/\"},\"sameAs\":[\"https:\\\/\\\/www.facebook.com\\\/Jaminski.Zespol.Indeksacyjny\\\/\"]}]}<\/script>\n<!-- \/ Yoast SEO plugin. -->","yoast_head_json":{"title":"Wsparcie Projektu nagrod\u0105 Czytelnik - Jami\u0144ski Zesp\u00f3\u0142 Indeksacyjny","robots":{"index":"index","follow":"follow","max-snippet":"max-snippet:-1","max-image-preview":"max-image-preview:large","max-video-preview":"max-video-preview:-1"},"canonical":"https:\/\/jzi.org.pl\/en\/product\/wsparcie-projektu-nagroda-czytelnik\/","og_locale":"en_US","og_type":"article","og_title":"Wsparcie Projektu nagrod\u0105 Czytelnik - Jami\u0144ski Zesp\u00f3\u0142 Indeksacyjny","og_description":"Wesprzyj projekt t\u0142umaczenia &#8222;Ksi\u0119gi pami\u0119ci \u017byd\u00f3w augustowskich&#8221; nagrod\u0105 Czytelnik a otrzymasz: wydrukowany egzemplarz &#8222;Ksi\u0119gi pami\u0119ci \u017byd\u00f3w Augustowskich&#8221; (przewidywany termin dost\u0119pno\u015bci nagrody stycze\u0144 2022) certyfikat potwierdzaj\u0105cy wsparcie (po zaksi\u0119gowaniu wp\u0142aty) Twoje imi\u0119 i nazwisko pojawi si\u0119 na stronie www po\u015bwi\u0119conej kampanii. Koszt wysy\u0142ki ksi\u0105\u017cki nie jest wliczony w warto\u015b\u0107 nagrody. Gdy ksi\u0105\u017cka b\u0119dzie ju\u017c dost\u0119pna skontaktujemy [&hellip;]","og_url":"https:\/\/jzi.org.pl\/en\/product\/wsparcie-projektu-nagroda-czytelnik\/","og_site_name":"Jami\u0144ski Zesp\u00f3\u0142 Indeksacyjny","article_publisher":"https:\/\/www.facebook.com\/Jaminski.Zespol.Indeksacyjny\/","article_modified_time":"2024-05-16T08:59:44+00:00","og_image":[{"width":838,"height":1125,"url":"https:\/\/jzi.org.pl\/wp-content\/uploads\/2021\/05\/czytelnik.png","type":"image\/png"}],"twitter_card":"summary_large_image","twitter_misc":{"Est. reading time":"1 minute"},"schema":{"@context":"https:\/\/schema.org","@graph":[{"@type":"WebPage","@id":"https:\/\/jzi.org.pl\/en\/product\/wsparcie-projektu-nagroda-czytelnik\/","url":"https:\/\/jzi.org.pl\/en\/product\/wsparcie-projektu-nagroda-czytelnik\/","name":"Wsparcie Projektu nagrod\u0105 Czytelnik - Jami\u0144ski Zesp\u00f3\u0142 Indeksacyjny","isPartOf":{"@id":"https:\/\/jzi.org.pl\/#website"},"primaryImageOfPage":{"@id":"https:\/\/jzi.org.pl\/en\/product\/wsparcie-projektu-nagroda-czytelnik\/#primaryimage"},"image":{"@id":"https:\/\/jzi.org.pl\/en\/product\/wsparcie-projektu-nagroda-czytelnik\/#primaryimage"},"thumbnailUrl":"https:\/\/jzi.org.pl\/wp-content\/uploads\/2021\/05\/czytelnik.png","datePublished":"2021-05-20T09:16:59+00:00","dateModified":"2024-05-16T08:59:44+00:00","breadcrumb":{"@id":"https:\/\/jzi.org.pl\/en\/product\/wsparcie-projektu-nagroda-czytelnik\/#breadcrumb"},"inLanguage":"en-US","potentialAction":[{"@type":"ReadAction","target":["https:\/\/jzi.org.pl\/en\/product\/wsparcie-projektu-nagroda-czytelnik\/"]}]},{"@type":"ImageObject","inLanguage":"en-US","@id":"https:\/\/jzi.org.pl\/en\/product\/wsparcie-projektu-nagroda-czytelnik\/#primaryimage","url":"https:\/\/jzi.org.pl\/wp-content\/uploads\/2021\/05\/czytelnik.png","contentUrl":"https:\/\/jzi.org.pl\/wp-content\/uploads\/2021\/05\/czytelnik.png","width":838,"height":1125},{"@type":"BreadcrumbList","@id":"https:\/\/jzi.org.pl\/en\/product\/wsparcie-projektu-nagroda-czytelnik\/#breadcrumb","itemListElement":[{"@type":"ListItem","position":1,"name":"Strona g\u0142\u00f3wna","item":"https:\/\/jzi.org.pl\/"},{"@type":"ListItem","position":2,"name":"Sklep","item":"https:\/\/jzi.org.pl\/sklep\/"},{"@type":"ListItem","position":3,"name":"Wsparcie Projektu nagrod\u0105 Czytelnik"}]},{"@type":"WebSite","@id":"https:\/\/jzi.org.pl\/#website","url":"https:\/\/jzi.org.pl\/","name":"Jaminy Indexing Team","description":"","publisher":{"@id":"https:\/\/jzi.org.pl\/#organization"},"potentialAction":[{"@type":"SearchAction","target":{"@type":"EntryPoint","urlTemplate":"https:\/\/jzi.org.pl\/?s={search_term_string}"},"query-input":{"@type":"PropertyValueSpecification","valueRequired":true,"valueName":"search_term_string"}}],"inLanguage":"en-US"},{"@type":"Organization","@id":"https:\/\/jzi.org.pl\/#organization","name":"Jaminy Indexing Team","url":"https:\/\/jzi.org.pl\/","logo":{"@type":"ImageObject","inLanguage":"en-US","@id":"https:\/\/jzi.org.pl\/#\/schema\/logo\/image\/","url":"https:\/\/jzi.org.pl\/wp-content\/uploads\/2019\/03\/logo-stowarzyszenie-jzi.png","contentUrl":"https:\/\/jzi.org.pl\/wp-content\/uploads\/2019\/03\/logo-stowarzyszenie-jzi.png","width":931,"height":990,"caption":"Jami\u0144ski Zesp\u00f3\u0142 Indeksacyjny"},"image":{"@id":"https:\/\/jzi.org.pl\/#\/schema\/logo\/image\/"},"sameAs":["https:\/\/www.facebook.com\/Jaminski.Zespol.Indeksacyjny\/"]}]}},"jetpack_likes_enabled":true,"jetpack_sharing_enabled":true,"_links":{"self":[{"href":"https:\/\/jzi.org.pl\/en\/wp-json\/wp\/v2\/product\/17343","targetHints":{"allow":["GET"]}}],"collection":[{"href":"https:\/\/jzi.org.pl\/en\/wp-json\/wp\/v2\/product"}],"about":[{"href":"https:\/\/jzi.org.pl\/en\/wp-json\/wp\/v2\/types\/product"}],"author":[{"embeddable":true,"href":"https:\/\/jzi.org.pl\/en\/wp-json\/wp\/v2\/users\/1"}],"replies":[{"embeddable":true,"href":"https:\/\/jzi.org.pl\/en\/wp-json\/wp\/v2\/comments?post=17343"}],"wp:featuredmedia":[{"embeddable":true,"href":"https:\/\/jzi.org.pl\/en\/wp-json\/wp\/v2\/media\/17344"}],"wp:attachment":[{"href":"https:\/\/jzi.org.pl\/en\/wp-json\/wp\/v2\/media?parent=17343"}],"wp:term":[{"taxonomy":"product_brand","embeddable":true,"href":"https:\/\/jzi.org.pl\/en\/wp-json\/wp\/v2\/product_brand?post=17343"},{"taxonomy":"product_cat","embeddable":true,"href":"https:\/\/jzi.org.pl\/en\/wp-json\/wp\/v2\/product_cat?post=17343"},{"taxonomy":"product_tag","embeddable":true,"href":"https:\/\/jzi.org.pl\/en\/wp-json\/wp\/v2\/product_tag?post=17343"}],"curies":[{"name":"wp","href":"https:\/\/api.w.org\/{rel}","templated":true}]}}