{"id":16630,"date":"2021-03-16T15:30:57","date_gmt":"2021-03-16T14:30:57","guid":{"rendered":"https:\/\/jzi.org.pl\/?post_type=product&#038;p=16630"},"modified":"2026-01-05T11:51:53","modified_gmt":"2026-01-05T10:51:53","slug":"epopeja-wojenna","status":"publish","type":"product","link":"https:\/\/jzi.org.pl\/en\/product\/epopeja-wojenna\/","title":{"rendered":"Epopeja wojenna"},"content":{"rendered":"<div id=\"pl-16630\"  class=\"panel-layout\" ><div id=\"pg-16630-0\"  class=\"panel-grid panel-no-style\" ><div id=\"pgc-16630-0-0\"  class=\"panel-grid-cell\" ><div id=\"panel-16630-0-0-0\" class=\"so-panel widget widget_sow-editor panel-first-child\" data-index=\"0\" ><div\n\t\t\t\n\t\t\tclass=\"so-widget-sow-editor so-widget-sow-editor-base\"\n\t\t\t\n\t\t>\n<div class=\"siteorigin-widget-tinymce textwidget\">\n\t<p>Autor: Stanis\u0142aw Kuczy\u0144ski<\/p>\n<p>Edition: 1<\/p>\n<p>ISBN: 978-83-956062-5-0<\/p>\n<p>Stron: 154<\/p>\n<p>Format: 15 x 21 cm<\/p>\n<p>Cover: soft, lacquered<\/p>\n<\/div>\n<\/div><\/div><div id=\"panel-16630-0-0-1\" class=\"so-panel widget widget_sow-editor panel-last-child\" data-index=\"1\" ><div\n\t\t\t\n\t\t\tclass=\"so-widget-sow-editor so-widget-sow-editor-base\"\n\t\t\t\n\t\t><h3 class=\"widget-title\">More information<\/h3>\n<div class=\"siteorigin-widget-tinymce textwidget\">\n\t<p>S\u0105 to wspomnienia mieszka\u0144ca wsi Krasne, le\u017c\u0105cej w gminie Lipsk nad Biebrz\u0105, obejmuj\u0105ce okres od lat 20-tych XX wieku do roku 1946. Beztroskie dzieci\u0144stwo, szko\u0142a i wojna, kt\u00f3ra na okres sze\u015bciu lat wywr\u00f3ci\u0142a \u015bwiat autora i odcisn\u0119\u0142a si\u0119 pi\u0119tnem na jego dotychczasowym \u017cyciu. Sowiecka okupacja, niepewno\u015b\u0107 jutra i strach przed wyw\u00f3zkami. P\u00f3\u017aniej kolejna, tym razem niemiecka okupacja i wyw\u00f3zka na roboty przymusowe do Prus Wschodnich. Autor przebywa\u0142 tam od pa\u017adziernika 1943 roku do pocz\u0105tku roku 1945, jego tu\u0142aczka obfituj\u0105ca w wiele przyg\u00f3d zako\u0144czy\u0142a si\u0119 11 lutego 1945 roku. Wtedy wr\u00f3ci\u0142 do domu i do nowej rzeczywisto\u015bci. Mo\u017ce nie jest to opowie\u015b\u0107 wybitnie literacka, ale warto ocali\u0107 od zapomnienia i przekaza\u0107 czytelnikom t\u0119 opowie\u015b\u0107, czasami niewiarygodn\u0105 dla m\u0142odego pokolenia.<\/p>\n<h4>List of persons mentioned in the content<\/h4>\n<\/div>\n<\/div><\/div><\/div><\/div><div id=\"pg-16630-1\"  class=\"panel-grid panel-no-style\" ><div id=\"pgc-16630-1-0\"  class=\"panel-grid-cell\" ><div id=\"panel-16630-1-0-0\" class=\"so-panel widget widget_sow-editor panel-first-child panel-last-child\" data-index=\"2\" ><div\n\t\t\t\n\t\t\tclass=\"so-widget-sow-editor so-widget-sow-editor-base\"\n\t\t\t\n\t\t>\n<div class=\"siteorigin-widget-tinymce textwidget\">\n\t<p>Achmedow<br \/>\nAkerman, Heinrich<br \/>\nAlbanowicz, Witold<br \/>\nArciomienko<br \/>\nBarszczewska, W\u0142adys\u0142awa<br \/>\nBartoszewicz, Alicja<br \/>\nBernatowicz, Jakub<br \/>\nBernatowicz, Micha\u0142<br \/>\nBorsiak, Micha\u0142<br \/>\nBorysiak, Micha\u0142<br \/>\nBorysiak, \u017benia<br \/>\nCzernyszew<br \/>\nDanielowski<br \/>\nDanielowski, Adolf<br \/>\nD\u0105browski, Jerzy<br \/>\nD\u0142ugo\u0142\u0119cki, J\u00f3zef<br \/>\nDobrza\u0144ski, Henryk<br \/>\nDrews<br \/>\nDziemian, Benigna<br \/>\nDzietczyk<br \/>\nDzietczyk, Jan<br \/>\nGalant, Kazimierz<br \/>\nGranicki<br \/>\nGromak<br \/>\nGromak, Szymon<br \/>\nGrosman, Henrich<br \/>\nGusiew, Siergiej Iwanowicz<\/p>\n<\/div>\n<\/div><\/div><\/div><div id=\"pgc-16630-1-1\"  class=\"panel-grid-cell\" ><div id=\"panel-16630-1-1-0\" class=\"so-panel widget widget_sow-editor panel-first-child panel-last-child\" data-index=\"3\" ><div\n\t\t\t\n\t\t\tclass=\"so-widget-sow-editor so-widget-sow-editor-base\"\n\t\t\t\n\t\t>\n<div class=\"siteorigin-widget-tinymce textwidget\">\n\t<p>Husein<br \/>\nJagszt, Franz<br \/>\nJargutat, Herman<br \/>\nJordan, Adolf<br \/>\nKaczorowski<br \/>\nKaczorowski, August<br \/>\nKalinowski<br \/>\nKarpiej<br \/>\nKikl, Oskar<br \/>\nKlepacki<br \/>\nKoszczuk, Stanis\u0142aw<br \/>\nKrusiewicz, Stanis\u0142aw<br \/>\nKrzywicki<br \/>\nKuczko, Grisza<br \/>\nKuczy\u0144ska, Agnieszka<br \/>\nKuczy\u0144ska, Genowefa<br \/>\nKuczy\u0144ska, Stefania<br \/>\nKuczy\u0144ski, Stanis\u0142aw<br \/>\nKuczy\u0144ski, Wiktor<br \/>\nKuczy\u0144ski, Wincenty<br \/>\nKuczy\u0144ski, Witold<br \/>\nKulesza, Witold<br \/>\nMa\u0142\u0142ajew<br \/>\nMamiedzajew<br \/>\nMatros<br \/>\nMieczkowski<br \/>\nMijakowski, Hugo Korneliusz<\/p>\n<\/div>\n<\/div><\/div><\/div><div id=\"pgc-16630-1-2\"  class=\"panel-grid-cell\" ><div id=\"panel-16630-1-2-0\" class=\"so-panel widget widget_sow-editor panel-first-child panel-last-child\" data-index=\"4\" ><div\n\t\t\t\n\t\t\tclass=\"so-widget-sow-editor so-widget-sow-editor-base\"\n\t\t\t\n\t\t>\n<div class=\"siteorigin-widget-tinymce textwidget\">\n\t<p>Olchowski, W\u0142adys\u0142aw<br \/>\nOmilian, Michalina<br \/>\nOrpschat, Wilhelm<br \/>\nPiotrowski, Franciszek<br \/>\nPurzycki, Adam<br \/>\nRadomska<br \/>\nRafa\u0142owicz, Monika<br \/>\nRaszydow<br \/>\nRek, Herman<br \/>\nSawo\u0144, Ignacy<br \/>\nSpeer, Albert<br \/>\nStasiery\u0144ska<br \/>\nSuchaczow<br \/>\nSujata, Janina<br \/>\nSujata, W\u0142adys\u0142aw<br \/>\nSymuszko<br \/>\nSztanurow<br \/>\nToczy\u0142owski<br \/>\nToczy\u0142owski, Stanis\u0142aw<br \/>\nTodt, Fritz<br \/>\nWierzbo\u0142owicz<br \/>\nWr\u00f3bel<br \/>\nWutowicz, Bronis\u0142aw<br \/>\n\u017barkin, Leonid<br \/>\n\u017bdanuk<\/p>\n<\/div>\n<\/div><\/div><\/div><\/div><\/div>","protected":false},"excerpt":{"rendered":"<p>Autor: Stanis\u0142aw Kuczy\u0144skiWydanie: 1ISBN: 978-83-956062-5-0Stron: 154Format: 15 x 21 cmOk\u0142adka: mi\u0119kka, lakierowana S\u0105 to wspomnienia mieszka\u0144ca wsi Krasne, le\u017c\u0105cej w gminie Lipsk nad Biebrz\u0105, obejmuj\u0105ce okres od lat 20-tych XX wieku do roku 1946. Beztroskie dzieci\u0144stwo, szko\u0142a i wojna, kt\u00f3ra na okres sze\u015bciu lat wywr\u00f3ci\u0142a \u015bwiat autora i odcisn\u0119\u0142a si\u0119 pi\u0119tnem na jego dotychczasowym \u017cyciu. [&hellip;]<\/p>\n","protected":false},"author":1,"featured_media":16632,"comment_status":"open","ping_status":"closed","template":"","meta":{"h5ap_radio_sources":[],"jetpack_post_was_ever_published":false},"product_brand":[],"product_cat":[272,342],"product_tag":[373],"class_list":{"0":"post-16630","1":"product","2":"type-product","3":"status-publish","4":"has-post-thumbnail","6":"product_cat-ksiazki","7":"product_cat-ocalic-od-zapomnienia","8":"product_tag-ii-wojna-swiatowa","10":"first","11":"instock","12":"taxable","13":"shipping-taxable","14":"purchasable","15":"product-type-simple"},"supplier_id":16598,"supplier_sku":"","barcode":null,"atum_controlled":true,"out_stock_date":null,"out_stock_threshold":null,"inheritable":false,"inbound_stock":0,"stock_on_hold":0,"sold_today":0,"sales_last_days":0,"reserved_stock":0,"customer_returns":0,"warehouse_damage":0,"lost_in_post":0,"other_logs":0,"out_stock_days":0,"lost_sales":0,"has_location":false,"update_date":"2026-04-16T00:07:25","atum_locations":[],"atum_stock_status":"instock","restock_status":false,"low_stock_amount":5,"sales_update_date":"2026-04-16T00:07:25","calc_backorders":0,"yoast_head":"<!-- This site is optimized with the Yoast SEO plugin v27.4 - https:\/\/yoast.com\/product\/yoast-seo-wordpress\/ -->\n<title>Epopeja wojenna - Jami\u0144ski Zesp\u00f3\u0142 Indeksacyjny<\/title>\n<meta name=\"robots\" content=\"index, follow, max-snippet:-1, max-image-preview:large, max-video-preview:-1\" \/>\n<link rel=\"canonical\" href=\"https:\/\/jzi.org.pl\/en\/product\/epopeja-wojenna\/\" \/>\n<meta property=\"og:locale\" content=\"en_US\" \/>\n<meta property=\"og:type\" content=\"article\" \/>\n<meta property=\"og:title\" content=\"Wojna w mojej pami\u0119ci\" \/>\n<meta property=\"og:description\" content=\"Autor: Stanis\u0142aw Kuczy\u0144skiWydanie: 1ISBN: 978-83-956062-5-0Stron: 154Format: 15 x 21 cmOk\u0142adka: mi\u0119kka, lakierowana S\u0105 to wspomnienia mieszka\u0144ca wsi Krasne, le\u017c\u0105cej w gminie Lipsk nad Biebrz\u0105, obejmuj\u0105ce okres od lat 20-tych XX wieku do roku 1946. Beztroskie dzieci\u0144stwo, szko\u0142a i wojna, kt\u00f3ra na okres sze\u015bciu lat wywr\u00f3ci\u0142a \u015bwiat autora i odcisn\u0119\u0142a si\u0119 pi\u0119tnem na jego dotychczasowym \u017cyciu. [&hellip;]\" \/>\n<meta property=\"og:url\" content=\"https:\/\/jzi.org.pl\/en\/product\/epopeja-wojenna\/\" \/>\n<meta property=\"og:site_name\" content=\"Jami\u0144ski Zesp\u00f3\u0142 Indeksacyjny\" \/>\n<meta property=\"article:publisher\" content=\"https:\/\/www.facebook.com\/Jaminski.Zespol.Indeksacyjny\/\" \/>\n<meta property=\"article:modified_time\" content=\"2026-01-05T10:51:53+00:00\" \/>\n<meta property=\"og:image\" content=\"https:\/\/jzi.org.pl\/wp-content\/uploads\/2021\/03\/epopeja-wojenna-719x1024.png\" \/>\n\t<meta property=\"og:image:width\" content=\"719\" \/>\n\t<meta property=\"og:image:height\" content=\"1024\" \/>\n\t<meta property=\"og:image:type\" content=\"image\/png\" \/>\n<meta name=\"twitter:card\" content=\"summary_large_image\" \/>\n<meta name=\"twitter:label1\" content=\"Est. reading time\" \/>\n\t<meta name=\"twitter:data1\" content=\"2 minutes\" \/>\n<script type=\"application\/ld+json\" class=\"yoast-schema-graph\">{\"@context\":\"https:\\\/\\\/schema.org\",\"@graph\":[{\"@type\":\"WebPage\",\"@id\":\"https:\\\/\\\/jzi.org.pl\\\/produkt\\\/epopeja-wojenna\\\/\",\"url\":\"https:\\\/\\\/jzi.org.pl\\\/produkt\\\/epopeja-wojenna\\\/\",\"name\":\"Epopeja wojenna - Jami\u0144ski Zesp\u00f3\u0142 Indeksacyjny\",\"isPartOf\":{\"@id\":\"https:\\\/\\\/jzi.org.pl\\\/#website\"},\"primaryImageOfPage\":{\"@id\":\"https:\\\/\\\/jzi.org.pl\\\/produkt\\\/epopeja-wojenna\\\/#primaryimage\"},\"image\":{\"@id\":\"https:\\\/\\\/jzi.org.pl\\\/produkt\\\/epopeja-wojenna\\\/#primaryimage\"},\"thumbnailUrl\":\"https:\\\/\\\/jzi.org.pl\\\/wp-content\\\/uploads\\\/2021\\\/03\\\/epopeja-wojenna.png\",\"datePublished\":\"2021-03-16T14:30:57+00:00\",\"dateModified\":\"2026-01-05T10:51:53+00:00\",\"breadcrumb\":{\"@id\":\"https:\\\/\\\/jzi.org.pl\\\/produkt\\\/epopeja-wojenna\\\/#breadcrumb\"},\"inLanguage\":\"en-US\",\"potentialAction\":[{\"@type\":\"ReadAction\",\"target\":[\"https:\\\/\\\/jzi.org.pl\\\/produkt\\\/epopeja-wojenna\\\/\"]}]},{\"@type\":\"ImageObject\",\"inLanguage\":\"en-US\",\"@id\":\"https:\\\/\\\/jzi.org.pl\\\/produkt\\\/epopeja-wojenna\\\/#primaryimage\",\"url\":\"https:\\\/\\\/jzi.org.pl\\\/wp-content\\\/uploads\\\/2021\\\/03\\\/epopeja-wojenna.png\",\"contentUrl\":\"https:\\\/\\\/jzi.org.pl\\\/wp-content\\\/uploads\\\/2021\\\/03\\\/epopeja-wojenna.png\",\"width\":998,\"height\":1422},{\"@type\":\"BreadcrumbList\",\"@id\":\"https:\\\/\\\/jzi.org.pl\\\/produkt\\\/epopeja-wojenna\\\/#breadcrumb\",\"itemListElement\":[{\"@type\":\"ListItem\",\"position\":1,\"name\":\"Strona g\u0142\u00f3wna\",\"item\":\"https:\\\/\\\/jzi.org.pl\\\/\"},{\"@type\":\"ListItem\",\"position\":2,\"name\":\"Sklep\",\"item\":\"https:\\\/\\\/jzi.org.pl\\\/sklep\\\/\"},{\"@type\":\"ListItem\",\"position\":3,\"name\":\"Epopeja wojenna\"}]},{\"@type\":\"WebSite\",\"@id\":\"https:\\\/\\\/jzi.org.pl\\\/#website\",\"url\":\"https:\\\/\\\/jzi.org.pl\\\/\",\"name\":\"Jami\u0144ski Zesp\u00f3\u0142 Indeksacyjny\",\"description\":\"\",\"publisher\":{\"@id\":\"https:\\\/\\\/jzi.org.pl\\\/#organization\"},\"potentialAction\":[{\"@type\":\"SearchAction\",\"target\":{\"@type\":\"EntryPoint\",\"urlTemplate\":\"https:\\\/\\\/jzi.org.pl\\\/?s={search_term_string}\"},\"query-input\":{\"@type\":\"PropertyValueSpecification\",\"valueRequired\":true,\"valueName\":\"search_term_string\"}}],\"inLanguage\":\"en-US\"},{\"@type\":\"Organization\",\"@id\":\"https:\\\/\\\/jzi.org.pl\\\/#organization\",\"name\":\"Jami\u0144ski Zesp\u00f3\u0142 Indeksacyjny\",\"url\":\"https:\\\/\\\/jzi.org.pl\\\/\",\"logo\":{\"@type\":\"ImageObject\",\"inLanguage\":\"en-US\",\"@id\":\"https:\\\/\\\/jzi.org.pl\\\/#\\\/schema\\\/logo\\\/image\\\/\",\"url\":\"https:\\\/\\\/jzi.org.pl\\\/wp-content\\\/uploads\\\/2019\\\/03\\\/logo-stowarzyszenie-jzi.png\",\"contentUrl\":\"https:\\\/\\\/jzi.org.pl\\\/wp-content\\\/uploads\\\/2019\\\/03\\\/logo-stowarzyszenie-jzi.png\",\"width\":931,\"height\":990,\"caption\":\"Jami\u0144ski Zesp\u00f3\u0142 Indeksacyjny\"},\"image\":{\"@id\":\"https:\\\/\\\/jzi.org.pl\\\/#\\\/schema\\\/logo\\\/image\\\/\"},\"sameAs\":[\"https:\\\/\\\/www.facebook.com\\\/Jaminski.Zespol.Indeksacyjny\\\/\"]}]}<\/script>\n<!-- \/ Yoast SEO plugin. -->","yoast_head_json":{"title":"Epopeja wojenna - Jami\u0144ski Zesp\u00f3\u0142 Indeksacyjny","robots":{"index":"index","follow":"follow","max-snippet":"max-snippet:-1","max-image-preview":"max-image-preview:large","max-video-preview":"max-video-preview:-1"},"canonical":"https:\/\/jzi.org.pl\/en\/product\/epopeja-wojenna\/","og_locale":"en_US","og_type":"article","og_title":"Wojna w mojej pami\u0119ci","og_description":"Autor: Stanis\u0142aw Kuczy\u0144skiWydanie: 1ISBN: 978-83-956062-5-0Stron: 154Format: 15 x 21 cmOk\u0142adka: mi\u0119kka, lakierowana S\u0105 to wspomnienia mieszka\u0144ca wsi Krasne, le\u017c\u0105cej w gminie Lipsk nad Biebrz\u0105, obejmuj\u0105ce okres od lat 20-tych XX wieku do roku 1946. Beztroskie dzieci\u0144stwo, szko\u0142a i wojna, kt\u00f3ra na okres sze\u015bciu lat wywr\u00f3ci\u0142a \u015bwiat autora i odcisn\u0119\u0142a si\u0119 pi\u0119tnem na jego dotychczasowym \u017cyciu. [&hellip;]","og_url":"https:\/\/jzi.org.pl\/en\/product\/epopeja-wojenna\/","og_site_name":"Jami\u0144ski Zesp\u00f3\u0142 Indeksacyjny","article_publisher":"https:\/\/www.facebook.com\/Jaminski.Zespol.Indeksacyjny\/","article_modified_time":"2026-01-05T10:51:53+00:00","og_image":[{"width":719,"height":1024,"url":"https:\/\/jzi.org.pl\/wp-content\/uploads\/2021\/03\/epopeja-wojenna-719x1024.png","type":"image\/png"}],"twitter_card":"summary_large_image","twitter_misc":{"Est. reading time":"2 minutes"},"schema":{"@context":"https:\/\/schema.org","@graph":[{"@type":"WebPage","@id":"https:\/\/jzi.org.pl\/produkt\/epopeja-wojenna\/","url":"https:\/\/jzi.org.pl\/produkt\/epopeja-wojenna\/","name":"Epopeja wojenna - Jami\u0144ski Zesp\u00f3\u0142 Indeksacyjny","isPartOf":{"@id":"https:\/\/jzi.org.pl\/#website"},"primaryImageOfPage":{"@id":"https:\/\/jzi.org.pl\/produkt\/epopeja-wojenna\/#primaryimage"},"image":{"@id":"https:\/\/jzi.org.pl\/produkt\/epopeja-wojenna\/#primaryimage"},"thumbnailUrl":"https:\/\/jzi.org.pl\/wp-content\/uploads\/2021\/03\/epopeja-wojenna.png","datePublished":"2021-03-16T14:30:57+00:00","dateModified":"2026-01-05T10:51:53+00:00","breadcrumb":{"@id":"https:\/\/jzi.org.pl\/produkt\/epopeja-wojenna\/#breadcrumb"},"inLanguage":"en-US","potentialAction":[{"@type":"ReadAction","target":["https:\/\/jzi.org.pl\/produkt\/epopeja-wojenna\/"]}]},{"@type":"ImageObject","inLanguage":"en-US","@id":"https:\/\/jzi.org.pl\/produkt\/epopeja-wojenna\/#primaryimage","url":"https:\/\/jzi.org.pl\/wp-content\/uploads\/2021\/03\/epopeja-wojenna.png","contentUrl":"https:\/\/jzi.org.pl\/wp-content\/uploads\/2021\/03\/epopeja-wojenna.png","width":998,"height":1422},{"@type":"BreadcrumbList","@id":"https:\/\/jzi.org.pl\/produkt\/epopeja-wojenna\/#breadcrumb","itemListElement":[{"@type":"ListItem","position":1,"name":"Strona g\u0142\u00f3wna","item":"https:\/\/jzi.org.pl\/"},{"@type":"ListItem","position":2,"name":"Sklep","item":"https:\/\/jzi.org.pl\/sklep\/"},{"@type":"ListItem","position":3,"name":"Epopeja wojenna"}]},{"@type":"WebSite","@id":"https:\/\/jzi.org.pl\/#website","url":"https:\/\/jzi.org.pl\/","name":"Jaminy Indexing Team","description":"","publisher":{"@id":"https:\/\/jzi.org.pl\/#organization"},"potentialAction":[{"@type":"SearchAction","target":{"@type":"EntryPoint","urlTemplate":"https:\/\/jzi.org.pl\/?s={search_term_string}"},"query-input":{"@type":"PropertyValueSpecification","valueRequired":true,"valueName":"search_term_string"}}],"inLanguage":"en-US"},{"@type":"Organization","@id":"https:\/\/jzi.org.pl\/#organization","name":"Jaminy Indexing Team","url":"https:\/\/jzi.org.pl\/","logo":{"@type":"ImageObject","inLanguage":"en-US","@id":"https:\/\/jzi.org.pl\/#\/schema\/logo\/image\/","url":"https:\/\/jzi.org.pl\/wp-content\/uploads\/2019\/03\/logo-stowarzyszenie-jzi.png","contentUrl":"https:\/\/jzi.org.pl\/wp-content\/uploads\/2019\/03\/logo-stowarzyszenie-jzi.png","width":931,"height":990,"caption":"Jami\u0144ski Zesp\u00f3\u0142 Indeksacyjny"},"image":{"@id":"https:\/\/jzi.org.pl\/#\/schema\/logo\/image\/"},"sameAs":["https:\/\/www.facebook.com\/Jaminski.Zespol.Indeksacyjny\/"]}]}},"jetpack_likes_enabled":true,"jetpack_sharing_enabled":true,"_links":{"self":[{"href":"https:\/\/jzi.org.pl\/en\/wp-json\/wp\/v2\/product\/16630","targetHints":{"allow":["GET"]}}],"collection":[{"href":"https:\/\/jzi.org.pl\/en\/wp-json\/wp\/v2\/product"}],"about":[{"href":"https:\/\/jzi.org.pl\/en\/wp-json\/wp\/v2\/types\/product"}],"author":[{"embeddable":true,"href":"https:\/\/jzi.org.pl\/en\/wp-json\/wp\/v2\/users\/1"}],"replies":[{"embeddable":true,"href":"https:\/\/jzi.org.pl\/en\/wp-json\/wp\/v2\/comments?post=16630"}],"wp:featuredmedia":[{"embeddable":true,"href":"https:\/\/jzi.org.pl\/en\/wp-json\/wp\/v2\/media\/16632"}],"wp:attachment":[{"href":"https:\/\/jzi.org.pl\/en\/wp-json\/wp\/v2\/media?parent=16630"}],"wp:term":[{"taxonomy":"product_brand","embeddable":true,"href":"https:\/\/jzi.org.pl\/en\/wp-json\/wp\/v2\/product_brand?post=16630"},{"taxonomy":"product_cat","embeddable":true,"href":"https:\/\/jzi.org.pl\/en\/wp-json\/wp\/v2\/product_cat?post=16630"},{"taxonomy":"product_tag","embeddable":true,"href":"https:\/\/jzi.org.pl\/en\/wp-json\/wp\/v2\/product_tag?post=16630"}],"curies":[{"name":"wp","href":"https:\/\/api.w.org\/{rel}","templated":true}]}}