{"id":11957,"date":"2020-04-01T08:16:27","date_gmt":"2020-04-01T06:16:27","guid":{"rendered":"https:\/\/jzi.org.pl\/?post_type=product&#038;p=11957"},"modified":"2026-03-09T08:06:21","modified_gmt":"2026-03-09T07:06:21","slug":"jeszcze-sie-spotkamy","status":"publish","type":"product","link":"https:\/\/jzi.org.pl\/en\/product\/jeszcze-sie-spotkamy\/","title":{"rendered":"Jeszcze si\u0119 spotkamy"},"content":{"rendered":"<div id=\"pl-11957\"  class=\"panel-layout\" ><div id=\"pg-11957-0\"  class=\"panel-grid panel-no-style\" ><div id=\"pgc-11957-0-0\"  class=\"panel-grid-cell\" ><div id=\"panel-11957-0-0-0\" class=\"so-panel widget widget_sow-editor panel-first-child\" data-index=\"0\" ><div\n\t\t\t\n\t\t\tclass=\"so-widget-sow-editor so-widget-sow-editor-base\"\n\t\t\t\n\t\t>\n<div class=\"siteorigin-widget-tinymce textwidget\">\n\t<p>Author: Stanis\u0142aw Z\u0142otkowski<\/p>\n<p>Edition: 2<\/p>\n<p>ISBN: 978-83-956062-1-2<\/p>\n<p>Pages: 258<\/p>\n<p>Format: 15 x 21 cm<\/p>\n<p>Cover: hard, lacquered<\/p>\n<\/div>\n<\/div><\/div><div id=\"panel-11957-0-0-1\" class=\"so-panel widget widget_sow-editor panel-last-child\" data-index=\"1\" ><div\n\t\t\t\n\t\t\tclass=\"so-widget-sow-editor so-widget-sow-editor-base\"\n\t\t\t\n\t\t><h3 class=\"widget-title\">More information<\/h3>\n<div class=\"siteorigin-widget-tinymce textwidget\">\n\t<p>This is a record of seven years from the life of Stanis\u0142aw Z\u0142otkowski and his relatives. Seven years, during which the author from a carefree childhood was drawn into the vortex of war, persecution and existence on the brink of life and death. The outbreak of war, the arrest of his father, then transport to distant Kazakhstan and the uncertainty of tomorrow ... All this caused that the twelve-year-old boy went on an accelerated path into adulthood. On him and his mother were the responsibilities of the family and ensuring their existence on hostile Kazakh land. There were thousands of children like him who had to undergo a kind of metamorphosis. The weak, not only physically, remained forever on inhuman land. The title \"We'll meet again\" is the hope and faith that someday, after the war and after war, the whole family will meet in free Poland. It is also the ominous sounding words of the Russian soldier, said goodbye to Poles leaving the exile: \"\u041c\u044b \u0435\u0449\u0435 \u0432\u0441\u0442\u0440\u0435\u0442\u0438\u043c\u0441\u044f\", which sounded like an ominous omen for the years to come.<\/p>\n<h4 class=\"widget-title\">List of persons mentioned in the content<\/h4>\n<\/div>\n<\/div><\/div><\/div><\/div><div id=\"pg-11957-1\"  class=\"panel-grid panel-no-style\" ><div id=\"pgc-11957-1-0\"  class=\"panel-grid-cell\" ><div id=\"panel-11957-1-0-0\" class=\"so-panel widget widget_sow-editor panel-first-child panel-last-child\" data-index=\"2\" ><div\n\t\t\t\n\t\t\tclass=\"so-widget-sow-editor so-widget-sow-editor-base\"\n\t\t\t\n\t\t>\n<div class=\"siteorigin-widget-tinymce textwidget\">\n\t<p>Anders, W\u0142adys\u0142aw<br \/>\nBaczerow, Wo\u0142odia<br \/>\nBerling, Zygmunt<br \/>\nBia\u0142okoza, Wanda<br \/>\nBia\u0142okozy<br \/>\nBuksztynowie<br \/>\nChro\u015bcielewska, Halina<br \/>\nChro\u015bcielewska, J\u00f3zefa<br \/>\nChro\u015bcielewski, Antoni<br \/>\nChro\u015bcielewski, Zdzis\u0142aw<br \/>\nDobrowolscy<br \/>\nDobrowolska, Regina<br \/>\nDobrowolski, Edward<br \/>\nDobrowolski, Ryszard<br \/>\nDobrzyniewiczowie<br \/>\nDochniakowie<br \/>\nFijo\u0142kowscy<br \/>\nGajowniczek, wi\u0119zie\u0144<br \/>\nGaliccy<br \/>\nGalicki, Antoni<br \/>\nGregier, Helena<br \/>\nGregier, Henryk<br \/>\nGregier, Jerzy<br \/>\nGregier, Ryszard<br \/>\nGrygo, Halina<br \/>\nGrygo, Magdalena<br \/>\nGrygo, Wies\u0142aw<br \/>\nHaller, J\u00f3zef<br \/>\nHitler, Adolf<br \/>\nHuszcza, Aniela<br \/>\nHuszcza, Barbara<br \/>\nHuszcza, Franciszek<br \/>\nHuszcza, Irena<br \/>\nHuszcza, Janina<br \/>\nHuszcza, Maria<br \/>\nHuszcza, Pawe\u0142<br \/>\nHuszczowie<br \/>\nJagie\u0142\u0142o<br \/>\nJag\u0142owska<br \/>\nJag\u0142owska, Honorata<br \/>\nJag\u0142owska, Romualda<br \/>\nJag\u0142owski, Franciszek<br \/>\nJedli\u0144ska, Paulina<br \/>\nJedli\u0144ska, Stefania<\/p>\n<\/div>\n<\/div><\/div><\/div><div id=\"pgc-11957-1-1\"  class=\"panel-grid-cell\" ><div id=\"panel-11957-1-1-0\" class=\"so-panel widget widget_sow-editor panel-first-child panel-last-child\" data-index=\"3\" ><div\n\t\t\t\n\t\t\tclass=\"so-widget-sow-editor so-widget-sow-editor-base\"\n\t\t\t\n\t\t>\n<div class=\"siteorigin-widget-tinymce textwidget\">\n\t<p>Jedli\u0144ski, Kazimierz<br \/>\nKa\u0142asznikow, komunista<br \/>\nKa\u0142asznikow, \u0142owczy<br \/>\nKa\u0142asznikow, Michai\u0142<br \/>\nKierklowie<br \/>\nKierklowie, Zdzis\u0142aw<br \/>\nKijajew, Kola<br \/>\nKiri\u0142owa<br \/>\nKiry\u0142owie<br \/>\nKolbe, Maksymilian Maria<br \/>\nKo\u0142odziejscy<br \/>\nKo\u0142odziejska, Danuta<br \/>\nKo\u0142odziejska, Natalia<br \/>\nKo\u0142odziejska, Teresa<br \/>\nKo\u0142odziejski, Jerzy<br \/>\nKo\u0142odziejski, Konrad<br \/>\nKorsak, Antoni<br \/>\nKorsak, Barbara<br \/>\nKorsak, Halina<br \/>\nKorsak, Konstancja<br \/>\nKorsak, Marian<br \/>\nKorsak, Teresa<br \/>\nKorsakowie<br \/>\nKoz\u0142owski, kierownik<br \/>\nKoz\u0142owski, Niemiec<br \/>\nKury\u0142o, Fryderyka<br \/>\nKury\u0142owie<br \/>\nLachowicz, Jan<br \/>\nLange, Aleksandra<br \/>\nLange, Edward<br \/>\nLange, Halina<br \/>\nLange, Jerzy<br \/>\nLange, Ryszard<br \/>\nLangowie<br \/>\nLenin, W\u0142odzimierz<br \/>\n\u0141oboda, Irena<br \/>\n\u0141oboda, nauczyciel<br \/>\n\u0141obodowie<br \/>\nMaksimowscy<br \/>\nMalinowska z d. Klatt, Wiktoria<br \/>\nMeteliccy<br \/>\nMetelicka, Zofia<br \/>\nMilanowscy<br \/>\nMilanowska, Aleksandra<\/p>\n<\/div>\n<\/div><\/div><\/div><div id=\"pgc-11957-1-2\"  class=\"panel-grid-cell\" ><div id=\"panel-11957-1-2-0\" class=\"so-panel widget widget_sow-editor panel-first-child panel-last-child\" data-index=\"4\" ><div\n\t\t\t\n\t\t\tclass=\"so-widget-sow-editor so-widget-sow-editor-base\"\n\t\t\t\n\t\t>\n<div class=\"siteorigin-widget-tinymce textwidget\">\n\t<p>Milanowska, Krystyna<br \/>\nMilanowski, Micha\u0142<br \/>\nMilanowski, Stanis\u0142aw<br \/>\nMilanowski, Tadeusz<br \/>\nNiesterczycha, babuszka<br \/>\nNojman, komendant<br \/>\nPaulus, Friedrich<br \/>\nPoincare, Raymond<br \/>\nProtasow, Iwan<br \/>\nRomanowscy<br \/>\nRomanowska<br \/>\nRomanowska z d. Zyskowska, J\u00f3zefa<br \/>\nRomanowski, Henryk<br \/>\nRomanowski, Jacenty<br \/>\nRomanowski, Zdzis\u0142aw<br \/>\nSienkiewicz, Henryk<br \/>\nSikorski, oracz<br \/>\nSikorski, W\u0142adys\u0142aw<br \/>\nStalin, J\u00f3zef<br \/>\nStr\u0119kowscy<br \/>\nSuchwa\u0142ko, policjant<br \/>\n\u015amig\u0142y-Rydz, Edward<br \/>\n\u015awierzy\u0144ska, J\u00f3zefa<br \/>\nTakosz, Kiamil<br \/>\nTimerbaj, Kazach<br \/>\nTruszkowscy<br \/>\nTruszkowski<br \/>\nWasilewska, Wanda<br \/>\nW\u0119grzynowicz, Konstanty<br \/>\nW\u0119grzynowicz, Stefania<br \/>\nWincza, Maria<br \/>\nWincza, Zenon<br \/>\nWinczowie<br \/>\nZ\u0142otkowska z d. Romanowska, Franciszka<br \/>\nZ\u0142otkowska z d. Romanowska, Helena<br \/>\nZ\u0142otkowska, Krystyna<br \/>\nZ\u0142otkowska, Teresa<br \/>\nZ\u0142otkowska, Wanda<br \/>\nZ\u0142otkowski, Jan<br \/>\nZ\u0142otkowski, Marian<br \/>\nZ\u0142otkowski, Mateusz<br \/>\nZ\u0142otkowski, Piotr<br \/>\nZ\u0142otkowski, Stanis\u0142aw<br \/>\nZ\u0142otkowski, Wiktor<\/p>\n<\/div>\n<\/div><\/div><\/div><\/div><\/div>","protected":false},"excerpt":{"rendered":"<p>Autor: Stanis\u0142aw Z\u0142otkowski Wydanie: 2 ISBN: 978-83-956062-1-2 Stron: 258 Format: 15 x 21 cm Ok\u0142adka: twarda, lakierowana Jest to zapis siedmiu lat z \u017cycia Stanis\u0142awa Z\u0142otkowskiego i jego najbli\u017cszych. Siedem lat, w czasie kt\u00f3rych autor z beztroskiego dzieci\u0144stwa zosta\u0142 wci\u0105gni\u0119ty w wir wojny, prze\u015bladowa\u0144 i bytowania na kraw\u0119dzi \u017cycia i \u015bmierci. Wybuch wojny, aresztowanie ojca, [&hellip;]<\/p>\n","protected":false},"author":1,"featured_media":9572,"comment_status":"open","ping_status":"closed","template":"","meta":{"h5ap_radio_sources":[],"jetpack_post_was_ever_published":false},"product_brand":[],"product_cat":[272,342],"product_tag":[373],"class_list":{"0":"post-11957","1":"product","2":"type-product","3":"status-publish","4":"has-post-thumbnail","6":"product_cat-ksiazki","7":"product_cat-ocalic-od-zapomnienia","8":"product_tag-ii-wojna-swiatowa","10":"first","11":"outofstock","12":"taxable","13":"shipping-taxable","14":"purchasable","15":"product-type-simple"},"supplier_id":16598,"supplier_sku":"","barcode":null,"atum_controlled":true,"out_stock_date":"2026-03-09 08:06:21","out_stock_threshold":null,"inheritable":false,"inbound_stock":0,"stock_on_hold":0,"sold_today":0,"sales_last_days":0,"reserved_stock":0,"customer_returns":0,"warehouse_damage":0,"lost_in_post":0,"other_logs":0,"out_stock_days":31,"lost_sales":301,"has_location":false,"update_date":"2026-04-10T00:04:30","atum_locations":[],"atum_stock_status":"outofstock","restock_status":false,"low_stock_amount":1,"sales_update_date":"2026-04-10T00:04:29","calc_backorders":null,"yoast_head":"<!-- This site is optimized with the Yoast SEO plugin v27.3 - https:\/\/yoast.com\/product\/yoast-seo-wordpress\/ -->\n<title>Jeszcze si\u0119 spotkamy - Jami\u0144ski Zesp\u00f3\u0142 Indeksacyjny<\/title>\n<meta name=\"robots\" content=\"index, follow, max-snippet:-1, max-image-preview:large, max-video-preview:-1\" \/>\n<link rel=\"canonical\" href=\"https:\/\/jzi.org.pl\/en\/product\/jeszcze-sie-spotkamy\/\" \/>\n<meta property=\"og:locale\" content=\"en_US\" \/>\n<meta property=\"og:type\" content=\"article\" \/>\n<meta property=\"og:title\" content=\"Jeszcze si\u0119 spotkamy - Jami\u0144ski Zesp\u00f3\u0142 Indeksacyjny\" \/>\n<meta property=\"og:description\" content=\"Autor: Stanis\u0142aw Z\u0142otkowski Wydanie: 2 ISBN: 978-83-956062-1-2 Stron: 258 Format: 15 x 21 cm Ok\u0142adka: twarda, lakierowana Jest to zapis siedmiu lat z \u017cycia Stanis\u0142awa Z\u0142otkowskiego i jego najbli\u017cszych. Siedem lat, w czasie kt\u00f3rych autor z beztroskiego dzieci\u0144stwa zosta\u0142 wci\u0105gni\u0119ty w wir wojny, prze\u015bladowa\u0144 i bytowania na kraw\u0119dzi \u017cycia i \u015bmierci. Wybuch wojny, aresztowanie ojca, [&hellip;]\" \/>\n<meta property=\"og:url\" content=\"https:\/\/jzi.org.pl\/en\/product\/jeszcze-sie-spotkamy\/\" \/>\n<meta property=\"og:site_name\" content=\"Jami\u0144ski Zesp\u00f3\u0142 Indeksacyjny\" \/>\n<meta property=\"article:publisher\" content=\"https:\/\/www.facebook.com\/Jaminski.Zespol.Indeksacyjny\/\" \/>\n<meta property=\"article:modified_time\" content=\"2026-03-09T07:06:21+00:00\" \/>\n<meta property=\"og:image\" content=\"https:\/\/jzi.org.pl\/wp-content\/uploads\/2020\/02\/jeszcze-sie-spotkamy-0-722x1024.png\" \/>\n\t<meta property=\"og:image:width\" content=\"722\" \/>\n\t<meta property=\"og:image:height\" content=\"1024\" \/>\n\t<meta property=\"og:image:type\" content=\"image\/png\" \/>\n<meta name=\"twitter:card\" content=\"summary_large_image\" \/>\n<meta name=\"twitter:label1\" content=\"Est. reading time\" \/>\n\t<meta name=\"twitter:data1\" content=\"3 minutes\" \/>\n<script type=\"application\/ld+json\" class=\"yoast-schema-graph\">{\"@context\":\"https:\\\/\\\/schema.org\",\"@graph\":[{\"@type\":\"WebPage\",\"@id\":\"https:\\\/\\\/jzi.org.pl\\\/produkt\\\/jeszcze-sie-spotkamy\\\/\",\"url\":\"https:\\\/\\\/jzi.org.pl\\\/produkt\\\/jeszcze-sie-spotkamy\\\/\",\"name\":\"Jeszcze si\u0119 spotkamy - Jami\u0144ski Zesp\u00f3\u0142 Indeksacyjny\",\"isPartOf\":{\"@id\":\"https:\\\/\\\/jzi.org.pl\\\/#website\"},\"primaryImageOfPage\":{\"@id\":\"https:\\\/\\\/jzi.org.pl\\\/produkt\\\/jeszcze-sie-spotkamy\\\/#primaryimage\"},\"image\":{\"@id\":\"https:\\\/\\\/jzi.org.pl\\\/produkt\\\/jeszcze-sie-spotkamy\\\/#primaryimage\"},\"thumbnailUrl\":\"https:\\\/\\\/jzi.org.pl\\\/wp-content\\\/uploads\\\/2020\\\/02\\\/jeszcze-sie-spotkamy-0.png\",\"datePublished\":\"2020-04-01T06:16:27+00:00\",\"dateModified\":\"2026-03-09T07:06:21+00:00\",\"breadcrumb\":{\"@id\":\"https:\\\/\\\/jzi.org.pl\\\/produkt\\\/jeszcze-sie-spotkamy\\\/#breadcrumb\"},\"inLanguage\":\"en-US\",\"potentialAction\":[{\"@type\":\"ReadAction\",\"target\":[\"https:\\\/\\\/jzi.org.pl\\\/produkt\\\/jeszcze-sie-spotkamy\\\/\"]}]},{\"@type\":\"ImageObject\",\"inLanguage\":\"en-US\",\"@id\":\"https:\\\/\\\/jzi.org.pl\\\/produkt\\\/jeszcze-sie-spotkamy\\\/#primaryimage\",\"url\":\"https:\\\/\\\/jzi.org.pl\\\/wp-content\\\/uploads\\\/2020\\\/02\\\/jeszcze-sie-spotkamy-0.png\",\"contentUrl\":\"https:\\\/\\\/jzi.org.pl\\\/wp-content\\\/uploads\\\/2020\\\/02\\\/jeszcze-sie-spotkamy-0.png\",\"width\":1823,\"height\":2586},{\"@type\":\"BreadcrumbList\",\"@id\":\"https:\\\/\\\/jzi.org.pl\\\/produkt\\\/jeszcze-sie-spotkamy\\\/#breadcrumb\",\"itemListElement\":[{\"@type\":\"ListItem\",\"position\":1,\"name\":\"Strona g\u0142\u00f3wna\",\"item\":\"https:\\\/\\\/jzi.org.pl\\\/\"},{\"@type\":\"ListItem\",\"position\":2,\"name\":\"Sklep\",\"item\":\"https:\\\/\\\/jzi.org.pl\\\/sklep\\\/\"},{\"@type\":\"ListItem\",\"position\":3,\"name\":\"Jeszcze si\u0119 spotkamy\"}]},{\"@type\":\"WebSite\",\"@id\":\"https:\\\/\\\/jzi.org.pl\\\/#website\",\"url\":\"https:\\\/\\\/jzi.org.pl\\\/\",\"name\":\"Jami\u0144ski Zesp\u00f3\u0142 Indeksacyjny\",\"description\":\"\",\"publisher\":{\"@id\":\"https:\\\/\\\/jzi.org.pl\\\/#organization\"},\"potentialAction\":[{\"@type\":\"SearchAction\",\"target\":{\"@type\":\"EntryPoint\",\"urlTemplate\":\"https:\\\/\\\/jzi.org.pl\\\/?s={search_term_string}\"},\"query-input\":{\"@type\":\"PropertyValueSpecification\",\"valueRequired\":true,\"valueName\":\"search_term_string\"}}],\"inLanguage\":\"en-US\"},{\"@type\":\"Organization\",\"@id\":\"https:\\\/\\\/jzi.org.pl\\\/#organization\",\"name\":\"Jami\u0144ski Zesp\u00f3\u0142 Indeksacyjny\",\"url\":\"https:\\\/\\\/jzi.org.pl\\\/\",\"logo\":{\"@type\":\"ImageObject\",\"inLanguage\":\"en-US\",\"@id\":\"https:\\\/\\\/jzi.org.pl\\\/#\\\/schema\\\/logo\\\/image\\\/\",\"url\":\"https:\\\/\\\/jzi.org.pl\\\/wp-content\\\/uploads\\\/2019\\\/03\\\/logo-stowarzyszenie-jzi.png\",\"contentUrl\":\"https:\\\/\\\/jzi.org.pl\\\/wp-content\\\/uploads\\\/2019\\\/03\\\/logo-stowarzyszenie-jzi.png\",\"width\":931,\"height\":990,\"caption\":\"Jami\u0144ski Zesp\u00f3\u0142 Indeksacyjny\"},\"image\":{\"@id\":\"https:\\\/\\\/jzi.org.pl\\\/#\\\/schema\\\/logo\\\/image\\\/\"},\"sameAs\":[\"https:\\\/\\\/www.facebook.com\\\/Jaminski.Zespol.Indeksacyjny\\\/\"]}]}<\/script>\n<!-- \/ Yoast SEO plugin. -->","yoast_head_json":{"title":"Jeszcze si\u0119 spotkamy - Jami\u0144ski Zesp\u00f3\u0142 Indeksacyjny","robots":{"index":"index","follow":"follow","max-snippet":"max-snippet:-1","max-image-preview":"max-image-preview:large","max-video-preview":"max-video-preview:-1"},"canonical":"https:\/\/jzi.org.pl\/en\/product\/jeszcze-sie-spotkamy\/","og_locale":"en_US","og_type":"article","og_title":"Jeszcze si\u0119 spotkamy - Jami\u0144ski Zesp\u00f3\u0142 Indeksacyjny","og_description":"Autor: Stanis\u0142aw Z\u0142otkowski Wydanie: 2 ISBN: 978-83-956062-1-2 Stron: 258 Format: 15 x 21 cm Ok\u0142adka: twarda, lakierowana Jest to zapis siedmiu lat z \u017cycia Stanis\u0142awa Z\u0142otkowskiego i jego najbli\u017cszych. Siedem lat, w czasie kt\u00f3rych autor z beztroskiego dzieci\u0144stwa zosta\u0142 wci\u0105gni\u0119ty w wir wojny, prze\u015bladowa\u0144 i bytowania na kraw\u0119dzi \u017cycia i \u015bmierci. Wybuch wojny, aresztowanie ojca, [&hellip;]","og_url":"https:\/\/jzi.org.pl\/en\/product\/jeszcze-sie-spotkamy\/","og_site_name":"Jami\u0144ski Zesp\u00f3\u0142 Indeksacyjny","article_publisher":"https:\/\/www.facebook.com\/Jaminski.Zespol.Indeksacyjny\/","article_modified_time":"2026-03-09T07:06:21+00:00","og_image":[{"width":722,"height":1024,"url":"https:\/\/jzi.org.pl\/wp-content\/uploads\/2020\/02\/jeszcze-sie-spotkamy-0-722x1024.png","type":"image\/png"}],"twitter_card":"summary_large_image","twitter_misc":{"Est. reading time":"3 minutes"},"schema":{"@context":"https:\/\/schema.org","@graph":[{"@type":"WebPage","@id":"https:\/\/jzi.org.pl\/produkt\/jeszcze-sie-spotkamy\/","url":"https:\/\/jzi.org.pl\/produkt\/jeszcze-sie-spotkamy\/","name":"Jeszcze si\u0119 spotkamy - Jami\u0144ski Zesp\u00f3\u0142 Indeksacyjny","isPartOf":{"@id":"https:\/\/jzi.org.pl\/#website"},"primaryImageOfPage":{"@id":"https:\/\/jzi.org.pl\/produkt\/jeszcze-sie-spotkamy\/#primaryimage"},"image":{"@id":"https:\/\/jzi.org.pl\/produkt\/jeszcze-sie-spotkamy\/#primaryimage"},"thumbnailUrl":"https:\/\/jzi.org.pl\/wp-content\/uploads\/2020\/02\/jeszcze-sie-spotkamy-0.png","datePublished":"2020-04-01T06:16:27+00:00","dateModified":"2026-03-09T07:06:21+00:00","breadcrumb":{"@id":"https:\/\/jzi.org.pl\/produkt\/jeszcze-sie-spotkamy\/#breadcrumb"},"inLanguage":"en-US","potentialAction":[{"@type":"ReadAction","target":["https:\/\/jzi.org.pl\/produkt\/jeszcze-sie-spotkamy\/"]}]},{"@type":"ImageObject","inLanguage":"en-US","@id":"https:\/\/jzi.org.pl\/produkt\/jeszcze-sie-spotkamy\/#primaryimage","url":"https:\/\/jzi.org.pl\/wp-content\/uploads\/2020\/02\/jeszcze-sie-spotkamy-0.png","contentUrl":"https:\/\/jzi.org.pl\/wp-content\/uploads\/2020\/02\/jeszcze-sie-spotkamy-0.png","width":1823,"height":2586},{"@type":"BreadcrumbList","@id":"https:\/\/jzi.org.pl\/produkt\/jeszcze-sie-spotkamy\/#breadcrumb","itemListElement":[{"@type":"ListItem","position":1,"name":"Strona g\u0142\u00f3wna","item":"https:\/\/jzi.org.pl\/"},{"@type":"ListItem","position":2,"name":"Sklep","item":"https:\/\/jzi.org.pl\/sklep\/"},{"@type":"ListItem","position":3,"name":"Jeszcze si\u0119 spotkamy"}]},{"@type":"WebSite","@id":"https:\/\/jzi.org.pl\/#website","url":"https:\/\/jzi.org.pl\/","name":"Jaminy Indexing Team","description":"","publisher":{"@id":"https:\/\/jzi.org.pl\/#organization"},"potentialAction":[{"@type":"SearchAction","target":{"@type":"EntryPoint","urlTemplate":"https:\/\/jzi.org.pl\/?s={search_term_string}"},"query-input":{"@type":"PropertyValueSpecification","valueRequired":true,"valueName":"search_term_string"}}],"inLanguage":"en-US"},{"@type":"Organization","@id":"https:\/\/jzi.org.pl\/#organization","name":"Jaminy Indexing Team","url":"https:\/\/jzi.org.pl\/","logo":{"@type":"ImageObject","inLanguage":"en-US","@id":"https:\/\/jzi.org.pl\/#\/schema\/logo\/image\/","url":"https:\/\/jzi.org.pl\/wp-content\/uploads\/2019\/03\/logo-stowarzyszenie-jzi.png","contentUrl":"https:\/\/jzi.org.pl\/wp-content\/uploads\/2019\/03\/logo-stowarzyszenie-jzi.png","width":931,"height":990,"caption":"Jami\u0144ski Zesp\u00f3\u0142 Indeksacyjny"},"image":{"@id":"https:\/\/jzi.org.pl\/#\/schema\/logo\/image\/"},"sameAs":["https:\/\/www.facebook.com\/Jaminski.Zespol.Indeksacyjny\/"]}]}},"jetpack_likes_enabled":true,"jetpack_sharing_enabled":true,"_links":{"self":[{"href":"https:\/\/jzi.org.pl\/en\/wp-json\/wp\/v2\/product\/11957","targetHints":{"allow":["GET"]}}],"collection":[{"href":"https:\/\/jzi.org.pl\/en\/wp-json\/wp\/v2\/product"}],"about":[{"href":"https:\/\/jzi.org.pl\/en\/wp-json\/wp\/v2\/types\/product"}],"author":[{"embeddable":true,"href":"https:\/\/jzi.org.pl\/en\/wp-json\/wp\/v2\/users\/1"}],"replies":[{"embeddable":true,"href":"https:\/\/jzi.org.pl\/en\/wp-json\/wp\/v2\/comments?post=11957"}],"wp:featuredmedia":[{"embeddable":true,"href":"https:\/\/jzi.org.pl\/en\/wp-json\/wp\/v2\/media\/9572"}],"wp:attachment":[{"href":"https:\/\/jzi.org.pl\/en\/wp-json\/wp\/v2\/media?parent=11957"}],"wp:term":[{"taxonomy":"product_brand","embeddable":true,"href":"https:\/\/jzi.org.pl\/en\/wp-json\/wp\/v2\/product_brand?post=11957"},{"taxonomy":"product_cat","embeddable":true,"href":"https:\/\/jzi.org.pl\/en\/wp-json\/wp\/v2\/product_cat?post=11957"},{"taxonomy":"product_tag","embeddable":true,"href":"https:\/\/jzi.org.pl\/en\/wp-json\/wp\/v2\/product_tag?post=11957"}],"curies":[{"name":"wp","href":"https:\/\/api.w.org\/{rel}","templated":true}]}}