{"id":9179,"date":"2019-12-13T00:00:00","date_gmt":"2019-12-12T23:00:00","guid":{"rendered":"https:\/\/jzi.org.pl\/?page_id=9179"},"modified":"2026-02-22T20:48:43","modified_gmt":"2026-02-22T19:48:43","slug":"zindeksowane-cmentarze","status":"publish","type":"page","link":"https:\/\/jzi.org.pl\/en\/pomoce\/zindeksowane-cmentarze\/","title":{"rendered":"Indexed cemeteries"},"content":{"rendered":"<div id=\"pl-9179\"  class=\"panel-layout\" ><div id=\"pg-9179-0\"  class=\"panel-grid panel-no-style\" ><div id=\"pgc-9179-0-0\"  class=\"panel-grid-cell\" ><div id=\"panel-9179-0-0-0\" class=\"so-panel widget widget_sow-editor panel-first-child panel-last-child\" data-index=\"0\" ><div\n\t\t\t\n\t\t\tclass=\"so-widget-sow-editor so-widget-sow-editor-base\"\n\t\t\t\n\t\t>\n<div class=\"siteorigin-widget-tinymce textwidget\">\n\t<p>Adamowicze<br \/>\n<a href=\"https:\/\/jzi.org.pl\/en\/adamowicze-cmentarz\/\">parish cemetery<\/a><\/p>\n<p>August\u00f3w<br \/>\n<a href=\"http:\/\/mogily.pl\/augustow\" target=\"_blank\" rel=\"noopener noreferrer\">parish cemetery<\/a><\/p>\n<p>Baka\u0142arzewo<br \/>\n<a href=\"http:\/\/mogily.pl\/bakalarzewo\" target=\"_blank\" rel=\"noopener\">parish cemetery<\/a>*<\/p>\n<p>Barg\u0142\u00f3w Ko\u015bcielny<br \/>\n<a href=\"http:\/\/mogily.pl\/barglownowy\" target=\"_blank\" rel=\"noopener noreferrer\">new parish cemetery<\/a>*<br \/>\n<a href=\"http:\/\/mogily.pl\/barglowstary\" target=\"_blank\" rel=\"noopener noreferrer\">old parish cemetery<\/a>*<\/p>\n<p>Becej\u0142y<br \/>\n<a href=\"http:\/\/mogily.pl\/becejly\" target=\"_blank\" rel=\"noopener noreferrer\">parish cemetery<\/a><\/p>\n<p>Chodor\u00f3wka Nowa<br \/>\n<a href=\"http:\/\/mogily.pl\/chodorowkanowa\" target=\"_blank\" rel=\"noopener\">parish cemetery<\/a><\/p>\n<p>D\u0105browa Bia\u0142ostocka<br \/>\n<a href=\"http:\/\/mogily.pl\/dabrowabialostocka\" target=\"_blank\" rel=\"noopener\">parish cemetery<\/a><\/p>\n<p>Grajewo<br \/>\n<a href=\"http:\/\/www.grajewoparafialny.artlookgallery.com\/grobonet\" target=\"_blank\" rel=\"noopener noreferrer\">parish cemetery<\/a><\/p>\n<p>Jaminy<br \/>\n<a href=\"http:\/\/mogily.pl\/jaminy\" target=\"_blank\" rel=\"noopener\">parish cemetery<\/a><\/p>\n<p>Klim\u00f3wka<br \/>\n<a href=\"http:\/\/mogily.pl\/klimowka\" target=\"_blank\" rel=\"noopener\">parish cemetery<\/a><\/p>\n<p>Krasnyb\u00f3r<br \/>\n<a href=\"https:\/\/krasnybor.grobonet.com\/grobonet\" target=\"_blank\" rel=\"noopener noreferrer\">parish cemetery<\/a><\/p>\n<p>\u0141abno\/Pod\u0142abienie<br \/>\n<a href=\"https:\/\/jzi.org.pl\/en\/podlabienie-cmentarz\/\">parish cemetery<\/a><\/p>\n<p>Pruska<br \/>\n<a href=\"http:\/\/mogily.pl\/pruska\" target=\"_blank\" rel=\"noopener noreferrer\">parish cemetery<\/a><\/p>\n<p>R\u00f3\u017canystok<br \/>\n<a href=\"http:\/\/mogily.pl\/rozanystok\" target=\"_blank\" rel=\"noopener\">parish cemetery<\/a><\/p>\n<p>Sidra<br \/>\n<a href=\"http:\/\/mogily.pl\/sidra\" target=\"_blank\" rel=\"noopener\">parish cemetery<\/a><\/p>\n<p>Suwa\u0142ki<br \/>\n<a href=\"https:\/\/suwalki.grobonet.com\/grobonet\/start.php\" target=\"_blank\" rel=\"noopener noreferrer\">cmentarz komunalny<\/a><\/p>\n<p>Sztabin<br \/>\n<a href=\"https:\/\/mogily.pl\/sztabin\" target=\"_blank\" rel=\"noopener\">parish cemetery<\/a>*<\/p>\n<p>Wi\u017cajny<br \/>\n<a href=\"http:\/\/mogily.pl\/wizajny\" target=\"_blank\" rel=\"noopener noreferrer\">parish cemetery<\/a><\/p>\n<p>W\u00f3lka Karwowska<br \/>\n<a href=\"http:\/\/mogily.pl\/wolka\" target=\"_blank\" rel=\"noopener noreferrer\">parish cemetery<\/a><\/p>\n<p>Zwierzyniec Wielki<br \/>\n<a href=\"http:\/\/mogily.pl\/zwierzyniecwielki\" target=\"_blank\" rel=\"noopener\">parish cemetery<\/a><\/p>\n<p>\u017byliny<br \/>\n<a href=\"http:\/\/mogily.pl\/zyliny\" target=\"_blank\" rel=\"noopener\">parish cemetery<\/a>**<\/p>\n<p>*baza aktualizowana przez zarz\u0105dc\u0119 cmentarza<br \/>\n**dost\u0119p wy\u0142\u0105cznie dla zarz\u0105dcy cmentarza<\/p>\n<\/div>\n<\/div><\/div><\/div><div id=\"pgc-9179-0-1\"  class=\"panel-grid-cell\" ><div id=\"panel-9179-0-1-0\" class=\"so-panel widget widget_sow-editor panel-first-child panel-last-child\" data-index=\"1\" ><div\n\t\t\t\n\t\t\tclass=\"so-widget-sow-editor so-widget-sow-editor-base\"\n\t\t\t\n\t\t>\n<div class=\"siteorigin-widget-tinymce textwidget\">\n\t<p><iframe loading=\"lazy\" src=\"https:\/\/www.google.com\/maps\/d\/embed?mid=1QmFCrp_tMB5ahfUiRifsFAKnjnic0uQP&hl=pl\" width=\"640\" height=\"480\"><\/iframe><\/p>\n<\/div>\n<\/div><\/div><\/div><\/div><\/div>","protected":false},"excerpt":{"rendered":"<p>Adamowicze cmentarz parafialny August\u00f3w cmentarz parafialny Baka\u0142arzewo cmentarz parafialny* Barg\u0142\u00f3w Ko\u015bcielny cmentarz parafialny nowy* cmentarz parafialny stary* Becej\u0142y cmentarz parafialny Chodor\u00f3wka Nowa cmentarz parafialny D\u0105browa Bia\u0142ostocka cmentarz parafialny Grajewo cmentarz parafialny Jaminy cmentarz parafialny Klim\u00f3wka cmentarz parafialny Krasnyb\u00f3r cmentarz parafialny \u0141abno\/Pod\u0142abienie cmentarz parafialny Pruska cmentarz parafialny R\u00f3\u017canystok cmentarz parafialny Sidra cmentarz parafialny Suwa\u0142ki cmentarz komunalny [&hellip;]<\/p>\n","protected":false},"author":1,"featured_media":1107,"parent":3718,"menu_order":0,"comment_status":"open","ping_status":"open","template":"","meta":{"h5ap_radio_sources":[],"jetpack_post_was_ever_published":false,"footnotes":""},"class_list":["post-9179","page","type-page","status-publish","has-post-thumbnail","hentry"],"yoast_head":"<!-- This site is optimized with the Yoast SEO plugin v27.4 - https:\/\/yoast.com\/product\/yoast-seo-wordpress\/ -->\n<title>Zindeksowane cmentarze - Jami\u0144ski Zesp\u00f3\u0142 Indeksacyjny<\/title>\n<meta name=\"robots\" content=\"index, follow, max-snippet:-1, max-image-preview:large, max-video-preview:-1\" \/>\n<link rel=\"canonical\" href=\"https:\/\/jzi.org.pl\/en\/pomoce\/zindeksowane-cmentarze\/\" \/>\n<meta property=\"og:locale\" content=\"en_US\" \/>\n<meta property=\"og:type\" content=\"article\" \/>\n<meta property=\"og:title\" content=\"Zindeksowane cmentarze\" \/>\n<meta property=\"og:description\" content=\"Adamowicze cmentarz parafialny August\u00f3w cmentarz parafialny Baka\u0142arzewo cmentarz parafialny* Barg\u0142\u00f3w Ko\u015bcielny cmentarz parafialny nowy* cmentarz parafialny stary* Becej\u0142y cmentarz parafialny Chodor\u00f3wka Nowa cmentarz parafialny D\u0105browa Bia\u0142ostocka cmentarz parafialny Grajewo cmentarz parafialny Jaminy cmentarz parafialny Klim\u00f3wka cmentarz parafialny Krasnyb\u00f3r cmentarz parafialny \u0141abno\/Pod\u0142abienie cmentarz parafialny Pruska cmentarz parafialny R\u00f3\u017canystok cmentarz parafialny Sidra cmentarz parafialny Suwa\u0142ki cmentarz komunalny [&hellip;]\" \/>\n<meta property=\"og:url\" content=\"https:\/\/jzi.org.pl\/en\/pomoce\/zindeksowane-cmentarze\/\" \/>\n<meta property=\"og:site_name\" content=\"Jami\u0144ski Zesp\u00f3\u0142 Indeksacyjny\" \/>\n<meta property=\"article:publisher\" content=\"https:\/\/www.facebook.com\/Jaminski.Zespol.Indeksacyjny\/\" \/>\n<meta property=\"article:modified_time\" content=\"2026-02-22T19:48:43+00:00\" \/>\n<meta property=\"og:image\" content=\"https:\/\/jzi.org.pl\/wp-content\/uploads\/2017\/07\/1557467_887308984615710_7888629390744328382_n.jpg\" \/>\n\t<meta property=\"og:image:width\" content=\"800\" \/>\n\t<meta property=\"og:image:height\" content=\"533\" \/>\n\t<meta property=\"og:image:type\" content=\"image\/jpeg\" \/>\n<meta name=\"twitter:card\" content=\"summary_large_image\" \/>\n<meta name=\"twitter:label1\" content=\"Est. reading time\" \/>\n\t<meta name=\"twitter:data1\" content=\"1 minute\" \/>\n<script type=\"application\/ld+json\" class=\"yoast-schema-graph\">{\"@context\":\"https:\\\/\\\/schema.org\",\"@graph\":[{\"@type\":\"WebPage\",\"@id\":\"https:\\\/\\\/jzi.org.pl\\\/pomoce\\\/zindeksowane-cmentarze\\\/\",\"url\":\"https:\\\/\\\/jzi.org.pl\\\/pomoce\\\/zindeksowane-cmentarze\\\/\",\"name\":\"Zindeksowane cmentarze - Jami\u0144ski Zesp\u00f3\u0142 Indeksacyjny\",\"isPartOf\":{\"@id\":\"https:\\\/\\\/jzi.org.pl\\\/#website\"},\"primaryImageOfPage\":{\"@id\":\"https:\\\/\\\/jzi.org.pl\\\/pomoce\\\/zindeksowane-cmentarze\\\/#primaryimage\"},\"image\":{\"@id\":\"https:\\\/\\\/jzi.org.pl\\\/pomoce\\\/zindeksowane-cmentarze\\\/#primaryimage\"},\"thumbnailUrl\":\"https:\\\/\\\/jzi.org.pl\\\/wp-content\\\/uploads\\\/2017\\\/07\\\/1557467_887308984615710_7888629390744328382_n.jpg\",\"datePublished\":\"2019-12-12T23:00:00+00:00\",\"dateModified\":\"2026-02-22T19:48:43+00:00\",\"breadcrumb\":{\"@id\":\"https:\\\/\\\/jzi.org.pl\\\/pomoce\\\/zindeksowane-cmentarze\\\/#breadcrumb\"},\"inLanguage\":\"en-US\",\"potentialAction\":[{\"@type\":\"ReadAction\",\"target\":[\"https:\\\/\\\/jzi.org.pl\\\/pomoce\\\/zindeksowane-cmentarze\\\/\"]}]},{\"@type\":\"ImageObject\",\"inLanguage\":\"en-US\",\"@id\":\"https:\\\/\\\/jzi.org.pl\\\/pomoce\\\/zindeksowane-cmentarze\\\/#primaryimage\",\"url\":\"https:\\\/\\\/jzi.org.pl\\\/wp-content\\\/uploads\\\/2017\\\/07\\\/1557467_887308984615710_7888629390744328382_n.jpg\",\"contentUrl\":\"https:\\\/\\\/jzi.org.pl\\\/wp-content\\\/uploads\\\/2017\\\/07\\\/1557467_887308984615710_7888629390744328382_n.jpg\",\"width\":800,\"height\":533},{\"@type\":\"BreadcrumbList\",\"@id\":\"https:\\\/\\\/jzi.org.pl\\\/pomoce\\\/zindeksowane-cmentarze\\\/#breadcrumb\",\"itemListElement\":[{\"@type\":\"ListItem\",\"position\":1,\"name\":\"Strona g\u0142\u00f3wna\",\"item\":\"https:\\\/\\\/jzi.org.pl\\\/\"},{\"@type\":\"ListItem\",\"position\":2,\"name\":\"Pomoce\",\"item\":\"https:\\\/\\\/jzi.org.pl\\\/pomoce\\\/\"},{\"@type\":\"ListItem\",\"position\":3,\"name\":\"Zindeksowane cmentarze\"}]},{\"@type\":\"WebSite\",\"@id\":\"https:\\\/\\\/jzi.org.pl\\\/#website\",\"url\":\"https:\\\/\\\/jzi.org.pl\\\/\",\"name\":\"Jami\u0144ski Zesp\u00f3\u0142 Indeksacyjny\",\"description\":\"\",\"publisher\":{\"@id\":\"https:\\\/\\\/jzi.org.pl\\\/#organization\"},\"potentialAction\":[{\"@type\":\"SearchAction\",\"target\":{\"@type\":\"EntryPoint\",\"urlTemplate\":\"https:\\\/\\\/jzi.org.pl\\\/?s={search_term_string}\"},\"query-input\":{\"@type\":\"PropertyValueSpecification\",\"valueRequired\":true,\"valueName\":\"search_term_string\"}}],\"inLanguage\":\"en-US\"},{\"@type\":\"Organization\",\"@id\":\"https:\\\/\\\/jzi.org.pl\\\/#organization\",\"name\":\"Jami\u0144ski Zesp\u00f3\u0142 Indeksacyjny\",\"url\":\"https:\\\/\\\/jzi.org.pl\\\/\",\"logo\":{\"@type\":\"ImageObject\",\"inLanguage\":\"en-US\",\"@id\":\"https:\\\/\\\/jzi.org.pl\\\/#\\\/schema\\\/logo\\\/image\\\/\",\"url\":\"https:\\\/\\\/jzi.org.pl\\\/wp-content\\\/uploads\\\/2019\\\/03\\\/logo-stowarzyszenie-jzi.png\",\"contentUrl\":\"https:\\\/\\\/jzi.org.pl\\\/wp-content\\\/uploads\\\/2019\\\/03\\\/logo-stowarzyszenie-jzi.png\",\"width\":931,\"height\":990,\"caption\":\"Jami\u0144ski Zesp\u00f3\u0142 Indeksacyjny\"},\"image\":{\"@id\":\"https:\\\/\\\/jzi.org.pl\\\/#\\\/schema\\\/logo\\\/image\\\/\"},\"sameAs\":[\"https:\\\/\\\/www.facebook.com\\\/Jaminski.Zespol.Indeksacyjny\\\/\"]}]}<\/script>\n<!-- \/ Yoast SEO plugin. -->","yoast_head_json":{"title":"Zindeksowane cmentarze - Jami\u0144ski Zesp\u00f3\u0142 Indeksacyjny","robots":{"index":"index","follow":"follow","max-snippet":"max-snippet:-1","max-image-preview":"max-image-preview:large","max-video-preview":"max-video-preview:-1"},"canonical":"https:\/\/jzi.org.pl\/en\/pomoce\/zindeksowane-cmentarze\/","og_locale":"en_US","og_type":"article","og_title":"Zindeksowane cmentarze","og_description":"Adamowicze cmentarz parafialny August\u00f3w cmentarz parafialny Baka\u0142arzewo cmentarz parafialny* Barg\u0142\u00f3w Ko\u015bcielny cmentarz parafialny nowy* cmentarz parafialny stary* Becej\u0142y cmentarz parafialny Chodor\u00f3wka Nowa cmentarz parafialny D\u0105browa Bia\u0142ostocka cmentarz parafialny Grajewo cmentarz parafialny Jaminy cmentarz parafialny Klim\u00f3wka cmentarz parafialny Krasnyb\u00f3r cmentarz parafialny \u0141abno\/Pod\u0142abienie cmentarz parafialny Pruska cmentarz parafialny R\u00f3\u017canystok cmentarz parafialny Sidra cmentarz parafialny Suwa\u0142ki cmentarz komunalny [&hellip;]","og_url":"https:\/\/jzi.org.pl\/en\/pomoce\/zindeksowane-cmentarze\/","og_site_name":"Jami\u0144ski Zesp\u00f3\u0142 Indeksacyjny","article_publisher":"https:\/\/www.facebook.com\/Jaminski.Zespol.Indeksacyjny\/","article_modified_time":"2026-02-22T19:48:43+00:00","og_image":[{"width":800,"height":533,"url":"https:\/\/jzi.org.pl\/wp-content\/uploads\/2017\/07\/1557467_887308984615710_7888629390744328382_n.jpg","type":"image\/jpeg"}],"twitter_card":"summary_large_image","twitter_misc":{"Est. reading time":"1 minute"},"schema":{"@context":"https:\/\/schema.org","@graph":[{"@type":"WebPage","@id":"https:\/\/jzi.org.pl\/pomoce\/zindeksowane-cmentarze\/","url":"https:\/\/jzi.org.pl\/pomoce\/zindeksowane-cmentarze\/","name":"Zindeksowane cmentarze - Jami\u0144ski Zesp\u00f3\u0142 Indeksacyjny","isPartOf":{"@id":"https:\/\/jzi.org.pl\/#website"},"primaryImageOfPage":{"@id":"https:\/\/jzi.org.pl\/pomoce\/zindeksowane-cmentarze\/#primaryimage"},"image":{"@id":"https:\/\/jzi.org.pl\/pomoce\/zindeksowane-cmentarze\/#primaryimage"},"thumbnailUrl":"https:\/\/jzi.org.pl\/wp-content\/uploads\/2017\/07\/1557467_887308984615710_7888629390744328382_n.jpg","datePublished":"2019-12-12T23:00:00+00:00","dateModified":"2026-02-22T19:48:43+00:00","breadcrumb":{"@id":"https:\/\/jzi.org.pl\/pomoce\/zindeksowane-cmentarze\/#breadcrumb"},"inLanguage":"en-US","potentialAction":[{"@type":"ReadAction","target":["https:\/\/jzi.org.pl\/pomoce\/zindeksowane-cmentarze\/"]}]},{"@type":"ImageObject","inLanguage":"en-US","@id":"https:\/\/jzi.org.pl\/pomoce\/zindeksowane-cmentarze\/#primaryimage","url":"https:\/\/jzi.org.pl\/wp-content\/uploads\/2017\/07\/1557467_887308984615710_7888629390744328382_n.jpg","contentUrl":"https:\/\/jzi.org.pl\/wp-content\/uploads\/2017\/07\/1557467_887308984615710_7888629390744328382_n.jpg","width":800,"height":533},{"@type":"BreadcrumbList","@id":"https:\/\/jzi.org.pl\/pomoce\/zindeksowane-cmentarze\/#breadcrumb","itemListElement":[{"@type":"ListItem","position":1,"name":"Strona g\u0142\u00f3wna","item":"https:\/\/jzi.org.pl\/"},{"@type":"ListItem","position":2,"name":"Pomoce","item":"https:\/\/jzi.org.pl\/pomoce\/"},{"@type":"ListItem","position":3,"name":"Zindeksowane cmentarze"}]},{"@type":"WebSite","@id":"https:\/\/jzi.org.pl\/#website","url":"https:\/\/jzi.org.pl\/","name":"Jaminy Indexing Team","description":"","publisher":{"@id":"https:\/\/jzi.org.pl\/#organization"},"potentialAction":[{"@type":"SearchAction","target":{"@type":"EntryPoint","urlTemplate":"https:\/\/jzi.org.pl\/?s={search_term_string}"},"query-input":{"@type":"PropertyValueSpecification","valueRequired":true,"valueName":"search_term_string"}}],"inLanguage":"en-US"},{"@type":"Organization","@id":"https:\/\/jzi.org.pl\/#organization","name":"Jaminy Indexing Team","url":"https:\/\/jzi.org.pl\/","logo":{"@type":"ImageObject","inLanguage":"en-US","@id":"https:\/\/jzi.org.pl\/#\/schema\/logo\/image\/","url":"https:\/\/jzi.org.pl\/wp-content\/uploads\/2019\/03\/logo-stowarzyszenie-jzi.png","contentUrl":"https:\/\/jzi.org.pl\/wp-content\/uploads\/2019\/03\/logo-stowarzyszenie-jzi.png","width":931,"height":990,"caption":"Jami\u0144ski Zesp\u00f3\u0142 Indeksacyjny"},"image":{"@id":"https:\/\/jzi.org.pl\/#\/schema\/logo\/image\/"},"sameAs":["https:\/\/www.facebook.com\/Jaminski.Zespol.Indeksacyjny\/"]}]}},"jetpack_likes_enabled":true,"jetpack_sharing_enabled":true,"_links":{"self":[{"href":"https:\/\/jzi.org.pl\/en\/wp-json\/wp\/v2\/pages\/9179","targetHints":{"allow":["GET"]}}],"collection":[{"href":"https:\/\/jzi.org.pl\/en\/wp-json\/wp\/v2\/pages"}],"about":[{"href":"https:\/\/jzi.org.pl\/en\/wp-json\/wp\/v2\/types\/page"}],"author":[{"embeddable":true,"href":"https:\/\/jzi.org.pl\/en\/wp-json\/wp\/v2\/users\/1"}],"replies":[{"embeddable":true,"href":"https:\/\/jzi.org.pl\/en\/wp-json\/wp\/v2\/comments?post=9179"}],"version-history":[{"count":6,"href":"https:\/\/jzi.org.pl\/en\/wp-json\/wp\/v2\/pages\/9179\/revisions"}],"predecessor-version":[{"id":30010,"href":"https:\/\/jzi.org.pl\/en\/wp-json\/wp\/v2\/pages\/9179\/revisions\/30010"}],"up":[{"embeddable":true,"href":"https:\/\/jzi.org.pl\/en\/wp-json\/wp\/v2\/pages\/3718"}],"wp:featuredmedia":[{"embeddable":true,"href":"https:\/\/jzi.org.pl\/en\/wp-json\/wp\/v2\/media\/1107"}],"wp:attachment":[{"href":"https:\/\/jzi.org.pl\/en\/wp-json\/wp\/v2\/media?parent=9179"}],"curies":[{"name":"wp","href":"https:\/\/api.w.org\/{rel}","templated":true}]}}