{"id":8352,"date":"2019-07-23T00:00:00","date_gmt":"2019-07-22T22:00:00","guid":{"rendered":"https:\/\/jzi.org.pl\/?page_id=8352"},"modified":"2020-02-27T21:48:19","modified_gmt":"2020-02-27T20:48:19","slug":"wspomnienie-z-zycia-wsi-wieku-minionego","status":"publish","type":"page","link":"https:\/\/jzi.org.pl\/en\/publikacje\/seria-ocalic-od-zapomnienia\/wspomnienie-z-zycia-wsi-wieku-minionego\/","title":{"rendered":"Wspomnienie z \u017cycia wsi wieku minionego"},"content":{"rendered":"<div id=\"pl-8352\"  class=\"panel-layout\" ><div id=\"pg-8352-0\"  class=\"panel-grid panel-has-style\" ><div class=\"panel-row-style panel-row-style-for-8352-0\" ><div id=\"pgc-8352-0-0\"  class=\"panel-grid-cell\" ><div id=\"panel-8352-0-0-0\" class=\"so-panel widget widget_sow-editor panel-first-child panel-last-child\" data-index=\"0\" ><div class=\"panel-widget-style panel-widget-style-for-8352-0-0-0\" ><div\n\t\t\t\n\t\t\tclass=\"so-widget-sow-editor so-widget-sow-editor-base\"\n\t\t\t\n\t\t>\n<div class=\"siteorigin-widget-tinymce textwidget\">\n\t<div class='black' style='background:rgb(243, 243, 243); border:solid 0px rgba(0,0,0,0); border-radius:0px; padding:0px 0px 0px 0px;'>\n<div id='slider_365' class='owl-carousel sa_owl_theme owl-pagination-true autohide-arrows' data-slider-id='slider_365' style='visibility:hidden;'>\n<div id='slider_365_slide01' class='sa_hover_container' style='padding:2% 2%; margin:0px 0%; '>\n<p><a href=\"https:\/\/jzi.org.pl\/wp-content\/uploads\/2018\/12\/wspomnienie-z-zycia-wsi-wieku-minionego-0.jpg\"><img loading=\"lazy\" decoding=\"async\" class=\"aligncenter size-full wp-image-6298\" src=\"https:\/\/jzi.org.pl\/wp-content\/uploads\/2018\/12\/wspomnienie-z-zycia-wsi-wieku-minionego-0.jpg\" alt=\"\" width=\"1719\" height=\"2454\" srcset=\"https:\/\/jzi.org.pl\/wp-content\/uploads\/2018\/12\/wspomnienie-z-zycia-wsi-wieku-minionego-0.jpg 1719w, https:\/\/jzi.org.pl\/wp-content\/uploads\/2018\/12\/wspomnienie-z-zycia-wsi-wieku-minionego-0-210x300.jpg 210w, https:\/\/jzi.org.pl\/wp-content\/uploads\/2018\/12\/wspomnienie-z-zycia-wsi-wieku-minionego-0-768x1096.jpg 768w, https:\/\/jzi.org.pl\/wp-content\/uploads\/2018\/12\/wspomnienie-z-zycia-wsi-wieku-minionego-0-717x1024.jpg 717w, https:\/\/jzi.org.pl\/wp-content\/uploads\/2018\/12\/wspomnienie-z-zycia-wsi-wieku-minionego-0-416x594.jpg 416w\" sizes=\"auto, (max-width: 1719px) 100vw, 1719px\" \/><\/a><\/p>\n<\/div>\n<div id='slider_365_slide02' class='sa_hover_container' style='padding:2% 2%; margin:0px 0%; '>\n<p><a href=\"https:\/\/jzi.org.pl\/wp-content\/uploads\/2018\/12\/wspomnienie-z-zycia-wsi-wieku-minionego-16.png\"><img loading=\"lazy\" decoding=\"async\" class=\"aligncenter size-full wp-image-6299\" src=\"https:\/\/jzi.org.pl\/wp-content\/uploads\/2018\/12\/wspomnienie-z-zycia-wsi-wieku-minionego-16.png\" alt=\"\" width=\"840\" height=\"1190\" srcset=\"https:\/\/jzi.org.pl\/wp-content\/uploads\/2018\/12\/wspomnienie-z-zycia-wsi-wieku-minionego-16.png 840w, https:\/\/jzi.org.pl\/wp-content\/uploads\/2018\/12\/wspomnienie-z-zycia-wsi-wieku-minionego-16-212x300.png 212w, https:\/\/jzi.org.pl\/wp-content\/uploads\/2018\/12\/wspomnienie-z-zycia-wsi-wieku-minionego-16-768x1088.png 768w, https:\/\/jzi.org.pl\/wp-content\/uploads\/2018\/12\/wspomnienie-z-zycia-wsi-wieku-minionego-16-723x1024.png 723w, https:\/\/jzi.org.pl\/wp-content\/uploads\/2018\/12\/wspomnienie-z-zycia-wsi-wieku-minionego-16-416x589.png 416w\" sizes=\"auto, (max-width: 840px) 100vw, 840px\" \/><\/a><\/p>\n<\/div>\n<div id='slider_365_slide03' class='sa_hover_container' style='padding:2% 2%; margin:0px 0%; '>\n<p><a href=\"https:\/\/jzi.org.pl\/wp-content\/uploads\/2018\/12\/wspomnienie-z-zycia-wsi-wieku-minionego-23.png\"><img loading=\"lazy\" decoding=\"async\" class=\"aligncenter size-full wp-image-6300\" src=\"https:\/\/jzi.org.pl\/wp-content\/uploads\/2018\/12\/wspomnienie-z-zycia-wsi-wieku-minionego-23.png\" alt=\"\" width=\"840\" height=\"1190\" srcset=\"https:\/\/jzi.org.pl\/wp-content\/uploads\/2018\/12\/wspomnienie-z-zycia-wsi-wieku-minionego-23.png 840w, https:\/\/jzi.org.pl\/wp-content\/uploads\/2018\/12\/wspomnienie-z-zycia-wsi-wieku-minionego-23-212x300.png 212w, https:\/\/jzi.org.pl\/wp-content\/uploads\/2018\/12\/wspomnienie-z-zycia-wsi-wieku-minionego-23-768x1088.png 768w, https:\/\/jzi.org.pl\/wp-content\/uploads\/2018\/12\/wspomnienie-z-zycia-wsi-wieku-minionego-23-723x1024.png 723w, https:\/\/jzi.org.pl\/wp-content\/uploads\/2018\/12\/wspomnienie-z-zycia-wsi-wieku-minionego-23-416x589.png 416w\" sizes=\"auto, (max-width: 840px) 100vw, 840px\" \/><\/a><\/p>\n<\/div>\n<div id='slider_365_slide04' class='sa_hover_container' style='padding:2% 2%; margin:0px 0%; '>\n<p><a href=\"https:\/\/jzi.org.pl\/wp-content\/uploads\/2018\/12\/wspomnienie-z-zycia-wsi-wieku-minionego-81.png\"><img loading=\"lazy\" decoding=\"async\" class=\"aligncenter size-full wp-image-6301\" src=\"https:\/\/jzi.org.pl\/wp-content\/uploads\/2018\/12\/wspomnienie-z-zycia-wsi-wieku-minionego-81.png\" alt=\"\" width=\"840\" height=\"1190\" srcset=\"https:\/\/jzi.org.pl\/wp-content\/uploads\/2018\/12\/wspomnienie-z-zycia-wsi-wieku-minionego-81.png 840w, https:\/\/jzi.org.pl\/wp-content\/uploads\/2018\/12\/wspomnienie-z-zycia-wsi-wieku-minionego-81-212x300.png 212w, https:\/\/jzi.org.pl\/wp-content\/uploads\/2018\/12\/wspomnienie-z-zycia-wsi-wieku-minionego-81-768x1088.png 768w, https:\/\/jzi.org.pl\/wp-content\/uploads\/2018\/12\/wspomnienie-z-zycia-wsi-wieku-minionego-81-723x1024.png 723w, https:\/\/jzi.org.pl\/wp-content\/uploads\/2018\/12\/wspomnienie-z-zycia-wsi-wieku-minionego-81-416x589.png 416w\" sizes=\"auto, (max-width: 840px) 100vw, 840px\" \/><\/a><\/p>\n<\/div>\n<div id='slider_365_slide05' class='sa_hover_container' style='padding:2% 2%; margin:0px 0%; '>\n<p><a href=\"https:\/\/jzi.org.pl\/wp-content\/uploads\/2018\/12\/wspomnienie-z-zycia-wsi-wieku-minionego-89.png\"><img loading=\"lazy\" decoding=\"async\" class=\"aligncenter size-full wp-image-6302\" src=\"https:\/\/jzi.org.pl\/wp-content\/uploads\/2018\/12\/wspomnienie-z-zycia-wsi-wieku-minionego-89.png\" alt=\"\" width=\"840\" height=\"1190\" srcset=\"https:\/\/jzi.org.pl\/wp-content\/uploads\/2018\/12\/wspomnienie-z-zycia-wsi-wieku-minionego-89.png 840w, https:\/\/jzi.org.pl\/wp-content\/uploads\/2018\/12\/wspomnienie-z-zycia-wsi-wieku-minionego-89-212x300.png 212w, https:\/\/jzi.org.pl\/wp-content\/uploads\/2018\/12\/wspomnienie-z-zycia-wsi-wieku-minionego-89-768x1088.png 768w, https:\/\/jzi.org.pl\/wp-content\/uploads\/2018\/12\/wspomnienie-z-zycia-wsi-wieku-minionego-89-723x1024.png 723w, https:\/\/jzi.org.pl\/wp-content\/uploads\/2018\/12\/wspomnienie-z-zycia-wsi-wieku-minionego-89-416x589.png 416w\" sizes=\"auto, (max-width: 840px) 100vw, 840px\" \/><\/a><\/p>\n<\/div>\n<div id='slider_365_slide06' class='sa_hover_container' style='padding:2% 2%; margin:0px 0%; '>\n<p><a href=\"https:\/\/jzi.org.pl\/wp-content\/uploads\/2018\/12\/wspomnienie-z-zycia-wsi-wieku-minionego-96.png\"><img loading=\"lazy\" decoding=\"async\" class=\"aligncenter size-full wp-image-6303\" src=\"https:\/\/jzi.org.pl\/wp-content\/uploads\/2018\/12\/wspomnienie-z-zycia-wsi-wieku-minionego-96.png\" alt=\"\" width=\"840\" height=\"1190\" srcset=\"https:\/\/jzi.org.pl\/wp-content\/uploads\/2018\/12\/wspomnienie-z-zycia-wsi-wieku-minionego-96.png 840w, https:\/\/jzi.org.pl\/wp-content\/uploads\/2018\/12\/wspomnienie-z-zycia-wsi-wieku-minionego-96-212x300.png 212w, https:\/\/jzi.org.pl\/wp-content\/uploads\/2018\/12\/wspomnienie-z-zycia-wsi-wieku-minionego-96-768x1088.png 768w, https:\/\/jzi.org.pl\/wp-content\/uploads\/2018\/12\/wspomnienie-z-zycia-wsi-wieku-minionego-96-723x1024.png 723w, https:\/\/jzi.org.pl\/wp-content\/uploads\/2018\/12\/wspomnienie-z-zycia-wsi-wieku-minionego-96-416x589.png 416w\" sizes=\"auto, (max-width: 840px) 100vw, 840px\" \/><\/a><\/p>\n<\/div>\n<div id='slider_365_slide07' class='sa_hover_container' style='padding:2% 2%; margin:0px 0%; '>\n<p><a href=\"https:\/\/jzi.org.pl\/wp-content\/uploads\/2018\/12\/wspomnienie-z-zycia-wsi-wieku-minionego-105.png\"><img loading=\"lazy\" decoding=\"async\" class=\"aligncenter size-full wp-image-6304\" src=\"https:\/\/jzi.org.pl\/wp-content\/uploads\/2018\/12\/wspomnienie-z-zycia-wsi-wieku-minionego-105.png\" alt=\"\" width=\"840\" height=\"1190\" srcset=\"https:\/\/jzi.org.pl\/wp-content\/uploads\/2018\/12\/wspomnienie-z-zycia-wsi-wieku-minionego-105.png 840w, https:\/\/jzi.org.pl\/wp-content\/uploads\/2018\/12\/wspomnienie-z-zycia-wsi-wieku-minionego-105-212x300.png 212w, https:\/\/jzi.org.pl\/wp-content\/uploads\/2018\/12\/wspomnienie-z-zycia-wsi-wieku-minionego-105-768x1088.png 768w, https:\/\/jzi.org.pl\/wp-content\/uploads\/2018\/12\/wspomnienie-z-zycia-wsi-wieku-minionego-105-723x1024.png 723w, https:\/\/jzi.org.pl\/wp-content\/uploads\/2018\/12\/wspomnienie-z-zycia-wsi-wieku-minionego-105-416x589.png 416w\" sizes=\"auto, (max-width: 840px) 100vw, 840px\" \/><\/a><\/p>\n<\/div>\n<\/div>\n<\/div>\n<p><script type='text\/javascript'>\n\tjQuery(document).ready(function() {\n\t\tjQuery('#slider_365').owlCarousel({\n\t\t\titems : 1,\n\t\t\tanimateOut : 'flipOutY',\n\t\t\tanimateIn : 'fadeIn',\n\t\t\tsmartSpeed : 400,\n\t\t\tautoplay : true,\n\t\t\tautoplayTimeout : 4000,\n\t\t\tautoplayHoverPause : true,\n\t\t\tsmartSpeed : 400,\n\t\t\tfluidSpeed : 400,\n\t\t\tautoplaySpeed : 400,\n\t\t\tnavSpeed : 400,\n\t\t\tdotsSpeed : 400,\n\t\t\tloop : true,\n\t\t\tnav : true,\n\t\t\tnavText : ['Previous','Next'],\n\t\t\tdots : true,\n\t\t\tresponsiveRefreshRate : 200,\n\t\t\tslideBy : 1,\n\t\t\tmergeFit : true,\n\t\t\tautoHeight : false,\n\t\t\tmouseDrag : true,\n\t\t\ttouchDrag : true\n\t\t});\n\t\tjQuery('#slider_365').css('visibility', 'visible');\n\t\tsa_resize_slider_365();\n\t\twindow.addEventListener('resize', sa_resize_slider_365);\n\t\tfunction sa_resize_slider_365() {\n\t\t\tvar min_height = '50';\n\t\t\tvar win_width = jQuery(window).width();\n\t\t\tvar slider_width = jQuery('#slider_365').width();\n\t\t\tif (win_width < 480) {\n\t\t\t\tvar slide_width = slider_width \/ 1;\n\t\t\t} else if (win_width < 768) {\n\t\t\t\tvar slide_width = slider_width \/ 1;\n\t\t\t} else if (win_width < 980) {\n\t\t\t\tvar slide_width = slider_width \/ 1;\n\t\t\t} else if (win_width < 1200) {\n\t\t\t\tvar slide_width = slider_width \/ 1;\n\t\t\t} else if (win_width < 1500) {\n\t\t\t\tvar slide_width = slider_width \/ 1;\n\t\t\t} else {\n\t\t\t\tvar slide_width = slider_width \/ 1;\n\t\t\t}\n\t\t\tslide_width = Math.round(slide_width);\n\t\t\tvar slide_height = '0';\n\t\t\tif (min_height == 'aspect43') {\n\t\t\t\tslide_height = (slide_width \/ 4) * 3;\t\t\t\tslide_height = Math.round(slide_height);\n\t\t\t} else if (min_height == 'aspect169') {\n\t\t\t\tslide_height = (slide_width \/ 16) * 9;\t\t\t\tslide_height = Math.round(slide_height);\n\t\t\t} else {\n\t\t\t\tslide_height = (slide_width \/ 100) * min_height;\t\t\t\tslide_height = Math.round(slide_height);\n\t\t\t}\n\t\t\tjQuery('#slider_365 .owl-item .sa_hover_container').css('min-height', slide_height+'px');\n\t\t}\n\t\tvar owl_goto = jQuery('#slider_365');\n\t\tjQuery('.slider_365_goto1').click(function(event){\n\t\t\towl_goto.trigger('to.owl.carousel', 0);\n\t\t});\n\t\tjQuery('.slider_365_goto2').click(function(event){\n\t\t\towl_goto.trigger('to.owl.carousel', 1);\n\t\t});\n\t\tjQuery('.slider_365_goto3').click(function(event){\n\t\t\towl_goto.trigger('to.owl.carousel', 2);\n\t\t});\n\t\tjQuery('.slider_365_goto4').click(function(event){\n\t\t\towl_goto.trigger('to.owl.carousel', 3);\n\t\t});\n\t\tjQuery('.slider_365_goto5').click(function(event){\n\t\t\towl_goto.trigger('to.owl.carousel', 4);\n\t\t});\n\t\tjQuery('.slider_365_goto6').click(function(event){\n\t\t\towl_goto.trigger('to.owl.carousel', 5);\n\t\t});\n\t\tjQuery('.slider_365_goto7').click(function(event){\n\t\t\towl_goto.trigger('to.owl.carousel', 6);\n\t\t});\n\t\tvar resize_6297 = jQuery('.owl-carousel');\n\t\tresize_6297.on('initialized.owl.carousel', function(e) {\n\t\t\tif (typeof(Event) === 'function') {\n\t\t\t\twindow.dispatchEvent(new Event('resize'));\n\t\t\t} else {\n\t\t\t\tvar evt = window.document.createEvent('UIEvents');\n\t\t\t\tevt.initUIEvent('resize', true, false, window, 0);\n\t\t\t\twindow.dispatchEvent(evt);\n\t\t\t}\n\t\t});\n\t});\n<\/script><\/p>\n<\/div>\n<\/div><\/div><\/div><\/div><div id=\"pgc-8352-0-1\"  class=\"panel-grid-cell\" ><div id=\"panel-8352-0-1-0\" class=\"so-panel widget widget_sow-editor panel-first-child\" data-index=\"1\" ><div class=\"panel-widget-style panel-widget-style-for-8352-0-1-0\" ><div\n\t\t\t\n\t\t\tclass=\"so-widget-sow-editor so-widget-sow-editor-base\"\n\t\t\t\n\t\t>\n<div class=\"siteorigin-widget-tinymce textwidget\">\n\t<p>Tytu\u0142: Wspomnienie z \u017cycia wsi wieku minionego<\/p>\n<p>Autor: Jan Zajko<\/p>\n<p>ISBN: 978-83-951660-2-0<\/p>\n<p>Stron: 114<\/p>\n<p>Format: 15x21 cm<\/p>\n<p>Ok\u0142adka: mi\u0119kka, lakierowana<\/p>\n<\/div>\n<\/div><\/div><\/div><div id=\"panel-8352-0-1-1\" class=\"so-panel widget widget_sow-button panel-last-child\" data-index=\"2\" ><div\n\t\t\t\n\t\t\tclass=\"so-widget-sow-button so-widget-sow-button-flat-ec14ba92b69b-8352\"\n\t\t\t\n\t\t><div class=\"ow-button-base ow-button-align-center\"\n>\n\t\t\t<a\n\t\t\t\t\thref=\"https:\/\/jzi.org.pl\/en\/product\/wspomnienie-z-zycia-wsi-wieku-minionego\/\"\n\t\t\t\t\tclass=\"sowb-button ow-icon-placement-left ow-button-hover\" \t>\n\t\t<span>\n\t\t\t\n\t\t\tKup w sklepie\t\t<\/span>\n\t\t\t<\/a>\n\t<\/div>\n<\/div><\/div><\/div><\/div><\/div><div id=\"pg-8352-1\"  class=\"panel-grid panel-no-style\" ><div id=\"pgc-8352-1-0\"  class=\"panel-grid-cell\" ><div id=\"panel-8352-1-0-0\" class=\"so-panel widget widget_sow-editor panel-first-child panel-last-child\" data-index=\"3\" ><div class=\"panel-widget-style panel-widget-style-for-8352-1-0-0\" ><div\n\t\t\t\n\t\t\tclass=\"so-widget-sow-editor so-widget-sow-editor-base\"\n\t\t\t\n\t\t>\n<div class=\"siteorigin-widget-tinymce textwidget\">\n\t<p>Te wspomnienia s\u0105 zapisem lokalnych wydarze\u0144 z pierwszej po\u0142owy XX wieku barwnie opisuj\u0105cych histori\u0119 jej mieszka\u0144c\u00f3w. Ksi\u0105\u017cka jest rodzajem pami\u0119tnika z \u017cycia wsi wieku minionego przeplataj\u0105cego si\u0119 z wielk\u0105 histori\u0105 wydarze\u0144 XX wieku, widzian\u0105 z perspektywy \u017cycia zwyk\u0142ych ludzi na wsi. Wsi nieco odci\u0119tej od reszty \u015bwiata, jak\u0105 przez d\u0142ugie lata by\u0142o Jag\u0142owo.<\/p>\n<p>Jan Zajko [1915-2003] urodzi\u0142 si\u0119 w Jag\u0142owie sk\u0105d wywodzi\u0142a si\u0119 jego rodzina. Autor spisa\u0142 swoje wspomnienia po latach tak jak je widzia\u0142 i czu\u0142. Uwodzi pi\u0119knem j\u0119zyka i sformu\u0142owa\u0144, jakich dzi\u015b coraz mniej si\u0119 u\u017cywa. Wspomina w niej tak\u017ce swoje nowe \u017cycie, jakie rozpocz\u0105\u0142 w Suchowoli w 1945 roku. By\u0142 cz\u0142owiekiem bardzo rodzinnym, u\u0142anem, wielokrotnym uciekinierem spod luf karabinowych, spo\u0142ecznikiem zaanga\u017cowanym m.in. w \u017cycie ko\u015bcio\u0142a, wieloletnim pracownikiem i vice prezesem GS-u w Suchowoli od lat 50-tych.<\/p>\n<p>Przez lata wspomnienia te le\u017ca\u0142y w szufladzie udost\u0119pniane jedynie rodzinie. Dzi\u015b ze wzgl\u0119du na sw\u0105 wyj\u0105tkow\u0105 warto\u015b\u0107 historyczno-genealogiczn\u0105 udost\u0119pniamy j\u0105 Tobie Czytelniku.<\/p>\n<p>Ksi\u0105\u017cka jak zwykle zosta\u0142a wzbogacona w rozbudowane przypisy i liczne zdj\u0119cia rodzinne ilustruj\u0105ce epok\u0119. Na ko\u0144cu sporz\u0105dzono indeks os\u00f3b oraz miejscowo\u015bci pojawiaj\u0105cych si\u0119 w tre\u015bci ksi\u0105\u017cki.<\/p>\n<\/div>\n<\/div><\/div><\/div><\/div><\/div><\/div>","protected":false},"excerpt":{"rendered":"<p>Tytu\u0142: Wspomnienie z \u017cycia wsi wieku minionego Autor: Jan Zajko ISBN: 978-83-951660-2-0 Stron: 114 Format: 15&#215;21 cm Ok\u0142adka: mi\u0119kka, lakierowana Te wspomnienia s\u0105 zapisem lokalnych wydarze\u0144 z pierwszej po\u0142owy XX wieku barwnie opisuj\u0105cych histori\u0119 jej mieszka\u0144c\u00f3w. Ksi\u0105\u017cka jest rodzajem pami\u0119tnika z \u017cycia wsi wieku minionego przeplataj\u0105cego si\u0119 z wielk\u0105 histori\u0105 wydarze\u0144 XX wieku, widzian\u0105 z [&hellip;]<\/p>\n","protected":false},"author":1,"featured_media":0,"parent":307,"menu_order":0,"comment_status":"open","ping_status":"open","template":"","meta":{"h5ap_radio_sources":[],"jetpack_post_was_ever_published":false,"footnotes":""},"class_list":["post-8352","page","type-page","status-publish","hentry"],"yoast_head":"<!-- This site is optimized with the Yoast SEO plugin v27.3 - https:\/\/yoast.com\/product\/yoast-seo-wordpress\/ -->\n<title>Wspomnienie z \u017cycia wsi wieku minionego - Jami\u0144ski Zesp\u00f3\u0142 Indeksacyjny<\/title>\n<meta name=\"description\" content=\"Ten pami\u0119tnik jest zapisem lokalnych wydarze\u0144 z pierwszej po\u0142owy XX wieku na pograniczu dawnej Rzeczypospolitej tak jak je widzia\u0142 i czu\u0142 autor. Uwodzi pi\u0119knem j\u0119zyka i sformu\u0142owa\u0144.\" \/>\n<meta name=\"robots\" content=\"index, follow, max-snippet:-1, max-image-preview:large, max-video-preview:-1\" \/>\n<link rel=\"canonical\" href=\"https:\/\/jzi.org.pl\/en\/publikacje\/seria-ocalic-od-zapomnienia\/wspomnienie-z-zycia-wsi-wieku-minionego\/\" \/>\n<meta property=\"og:locale\" content=\"en_US\" \/>\n<meta property=\"og:type\" content=\"article\" \/>\n<meta property=\"og:title\" content=\"Wspomnienie z \u017cycia wsi wieku minionego\" \/>\n<meta property=\"og:description\" content=\"Ten pami\u0119tnik jest zapisem lokalnych wydarze\u0144 z pierwszej po\u0142owy XX wieku na pograniczu dawnej Rzeczypospolitej tak jak je widzia\u0142 i czu\u0142 autor. Uwodzi pi\u0119knem j\u0119zyka i sformu\u0142owa\u0144.\" \/>\n<meta property=\"og:url\" content=\"https:\/\/jzi.org.pl\/en\/publikacje\/seria-ocalic-od-zapomnienia\/wspomnienie-z-zycia-wsi-wieku-minionego\/\" \/>\n<meta property=\"og:site_name\" content=\"Jami\u0144ski Zesp\u00f3\u0142 Indeksacyjny\" \/>\n<meta property=\"article:publisher\" content=\"https:\/\/www.facebook.com\/Jaminski.Zespol.Indeksacyjny\/\" \/>\n<meta property=\"article:modified_time\" content=\"2020-02-27T20:48:19+00:00\" \/>\n<meta property=\"og:image\" content=\"https:\/\/jzi.org.pl\/wp-content\/uploads\/2018\/12\/wspomnienie-z-zycia-wsi-wieku-minionego-0.jpg\" \/>\n\t<meta property=\"og:image:width\" content=\"1719\" \/>\n\t<meta property=\"og:image:height\" content=\"2454\" \/>\n\t<meta property=\"og:image:type\" content=\"image\/jpeg\" \/>\n<meta name=\"twitter:card\" content=\"summary_large_image\" \/>\n<meta name=\"twitter:label1\" content=\"Est. reading time\" \/>\n\t<meta name=\"twitter:data1\" content=\"1 minute\" \/>\n<script type=\"application\/ld+json\" class=\"yoast-schema-graph\">{\"@context\":\"https:\\\/\\\/schema.org\",\"@graph\":[{\"@type\":\"WebPage\",\"@id\":\"https:\\\/\\\/jzi.org.pl\\\/publikacje\\\/seria-ocalic-od-zapomnienia\\\/wspomnienie-z-zycia-wsi-wieku-minionego\\\/\",\"url\":\"https:\\\/\\\/jzi.org.pl\\\/publikacje\\\/seria-ocalic-od-zapomnienia\\\/wspomnienie-z-zycia-wsi-wieku-minionego\\\/\",\"name\":\"Wspomnienie z \u017cycia wsi wieku minionego - Jami\u0144ski Zesp\u00f3\u0142 Indeksacyjny\",\"isPartOf\":{\"@id\":\"https:\\\/\\\/jzi.org.pl\\\/#website\"},\"datePublished\":\"2019-07-22T22:00:00+00:00\",\"dateModified\":\"2020-02-27T20:48:19+00:00\",\"description\":\"Ten pami\u0119tnik jest zapisem lokalnych wydarze\u0144 z pierwszej po\u0142owy XX wieku na pograniczu dawnej Rzeczypospolitej tak jak je widzia\u0142 i czu\u0142 autor. Uwodzi pi\u0119knem j\u0119zyka i sformu\u0142owa\u0144.\",\"breadcrumb\":{\"@id\":\"https:\\\/\\\/jzi.org.pl\\\/publikacje\\\/seria-ocalic-od-zapomnienia\\\/wspomnienie-z-zycia-wsi-wieku-minionego\\\/#breadcrumb\"},\"inLanguage\":\"en-US\",\"potentialAction\":[{\"@type\":\"ReadAction\",\"target\":[\"https:\\\/\\\/jzi.org.pl\\\/publikacje\\\/seria-ocalic-od-zapomnienia\\\/wspomnienie-z-zycia-wsi-wieku-minionego\\\/\"]}]},{\"@type\":\"BreadcrumbList\",\"@id\":\"https:\\\/\\\/jzi.org.pl\\\/publikacje\\\/seria-ocalic-od-zapomnienia\\\/wspomnienie-z-zycia-wsi-wieku-minionego\\\/#breadcrumb\",\"itemListElement\":[{\"@type\":\"ListItem\",\"position\":1,\"name\":\"Strona g\u0142\u00f3wna\",\"item\":\"https:\\\/\\\/jzi.org.pl\\\/\"},{\"@type\":\"ListItem\",\"position\":2,\"name\":\"Publikacje\",\"item\":\"https:\\\/\\\/jzi.org.pl\\\/publikacje\\\/\"},{\"@type\":\"ListItem\",\"position\":3,\"name\":\"Seria &#8222;Ocali\u0107 od zapomnienia&#8221;\",\"item\":\"https:\\\/\\\/jzi.org.pl\\\/publikacje\\\/seria-ocalic-od-zapomnienia\\\/\"},{\"@type\":\"ListItem\",\"position\":4,\"name\":\"Wspomnienie z \u017cycia wsi wieku minionego\"}]},{\"@type\":\"WebSite\",\"@id\":\"https:\\\/\\\/jzi.org.pl\\\/#website\",\"url\":\"https:\\\/\\\/jzi.org.pl\\\/\",\"name\":\"Jami\u0144ski Zesp\u00f3\u0142 Indeksacyjny\",\"description\":\"\",\"publisher\":{\"@id\":\"https:\\\/\\\/jzi.org.pl\\\/#organization\"},\"potentialAction\":[{\"@type\":\"SearchAction\",\"target\":{\"@type\":\"EntryPoint\",\"urlTemplate\":\"https:\\\/\\\/jzi.org.pl\\\/?s={search_term_string}\"},\"query-input\":{\"@type\":\"PropertyValueSpecification\",\"valueRequired\":true,\"valueName\":\"search_term_string\"}}],\"inLanguage\":\"en-US\"},{\"@type\":\"Organization\",\"@id\":\"https:\\\/\\\/jzi.org.pl\\\/#organization\",\"name\":\"Jami\u0144ski Zesp\u00f3\u0142 Indeksacyjny\",\"url\":\"https:\\\/\\\/jzi.org.pl\\\/\",\"logo\":{\"@type\":\"ImageObject\",\"inLanguage\":\"en-US\",\"@id\":\"https:\\\/\\\/jzi.org.pl\\\/#\\\/schema\\\/logo\\\/image\\\/\",\"url\":\"https:\\\/\\\/jzi.org.pl\\\/wp-content\\\/uploads\\\/2019\\\/03\\\/logo-stowarzyszenie-jzi.png\",\"contentUrl\":\"https:\\\/\\\/jzi.org.pl\\\/wp-content\\\/uploads\\\/2019\\\/03\\\/logo-stowarzyszenie-jzi.png\",\"width\":931,\"height\":990,\"caption\":\"Jami\u0144ski Zesp\u00f3\u0142 Indeksacyjny\"},\"image\":{\"@id\":\"https:\\\/\\\/jzi.org.pl\\\/#\\\/schema\\\/logo\\\/image\\\/\"},\"sameAs\":[\"https:\\\/\\\/www.facebook.com\\\/Jaminski.Zespol.Indeksacyjny\\\/\"]}]}<\/script>\n<!-- \/ Yoast SEO plugin. -->","yoast_head_json":{"title":"Wspomnienie z \u017cycia wsi wieku minionego - Jami\u0144ski Zesp\u00f3\u0142 Indeksacyjny","description":"Ten pami\u0119tnik jest zapisem lokalnych wydarze\u0144 z pierwszej po\u0142owy XX wieku na pograniczu dawnej Rzeczypospolitej tak jak je widzia\u0142 i czu\u0142 autor. Uwodzi pi\u0119knem j\u0119zyka i sformu\u0142owa\u0144.","robots":{"index":"index","follow":"follow","max-snippet":"max-snippet:-1","max-image-preview":"max-image-preview:large","max-video-preview":"max-video-preview:-1"},"canonical":"https:\/\/jzi.org.pl\/en\/publikacje\/seria-ocalic-od-zapomnienia\/wspomnienie-z-zycia-wsi-wieku-minionego\/","og_locale":"en_US","og_type":"article","og_title":"Wspomnienie z \u017cycia wsi wieku minionego","og_description":"Ten pami\u0119tnik jest zapisem lokalnych wydarze\u0144 z pierwszej po\u0142owy XX wieku na pograniczu dawnej Rzeczypospolitej tak jak je widzia\u0142 i czu\u0142 autor. Uwodzi pi\u0119knem j\u0119zyka i sformu\u0142owa\u0144.","og_url":"https:\/\/jzi.org.pl\/en\/publikacje\/seria-ocalic-od-zapomnienia\/wspomnienie-z-zycia-wsi-wieku-minionego\/","og_site_name":"Jami\u0144ski Zesp\u00f3\u0142 Indeksacyjny","article_publisher":"https:\/\/www.facebook.com\/Jaminski.Zespol.Indeksacyjny\/","article_modified_time":"2020-02-27T20:48:19+00:00","og_image":[{"width":1719,"height":2454,"url":"https:\/\/jzi.org.pl\/wp-content\/uploads\/2018\/12\/wspomnienie-z-zycia-wsi-wieku-minionego-0.jpg","type":"image\/jpeg"}],"twitter_card":"summary_large_image","twitter_misc":{"Est. reading time":"1 minute"},"schema":{"@context":"https:\/\/schema.org","@graph":[{"@type":"WebPage","@id":"https:\/\/jzi.org.pl\/publikacje\/seria-ocalic-od-zapomnienia\/wspomnienie-z-zycia-wsi-wieku-minionego\/","url":"https:\/\/jzi.org.pl\/publikacje\/seria-ocalic-od-zapomnienia\/wspomnienie-z-zycia-wsi-wieku-minionego\/","name":"Wspomnienie z \u017cycia wsi wieku minionego - Jami\u0144ski Zesp\u00f3\u0142 Indeksacyjny","isPartOf":{"@id":"https:\/\/jzi.org.pl\/#website"},"datePublished":"2019-07-22T22:00:00+00:00","dateModified":"2020-02-27T20:48:19+00:00","description":"Ten pami\u0119tnik jest zapisem lokalnych wydarze\u0144 z pierwszej po\u0142owy XX wieku na pograniczu dawnej Rzeczypospolitej tak jak je widzia\u0142 i czu\u0142 autor. Uwodzi pi\u0119knem j\u0119zyka i sformu\u0142owa\u0144.","breadcrumb":{"@id":"https:\/\/jzi.org.pl\/publikacje\/seria-ocalic-od-zapomnienia\/wspomnienie-z-zycia-wsi-wieku-minionego\/#breadcrumb"},"inLanguage":"en-US","potentialAction":[{"@type":"ReadAction","target":["https:\/\/jzi.org.pl\/publikacje\/seria-ocalic-od-zapomnienia\/wspomnienie-z-zycia-wsi-wieku-minionego\/"]}]},{"@type":"BreadcrumbList","@id":"https:\/\/jzi.org.pl\/publikacje\/seria-ocalic-od-zapomnienia\/wspomnienie-z-zycia-wsi-wieku-minionego\/#breadcrumb","itemListElement":[{"@type":"ListItem","position":1,"name":"Strona g\u0142\u00f3wna","item":"https:\/\/jzi.org.pl\/"},{"@type":"ListItem","position":2,"name":"Publikacje","item":"https:\/\/jzi.org.pl\/publikacje\/"},{"@type":"ListItem","position":3,"name":"Seria &#8222;Ocali\u0107 od zapomnienia&#8221;","item":"https:\/\/jzi.org.pl\/publikacje\/seria-ocalic-od-zapomnienia\/"},{"@type":"ListItem","position":4,"name":"Wspomnienie z \u017cycia wsi wieku minionego"}]},{"@type":"WebSite","@id":"https:\/\/jzi.org.pl\/#website","url":"https:\/\/jzi.org.pl\/","name":"Jaminy Indexing Team","description":"","publisher":{"@id":"https:\/\/jzi.org.pl\/#organization"},"potentialAction":[{"@type":"SearchAction","target":{"@type":"EntryPoint","urlTemplate":"https:\/\/jzi.org.pl\/?s={search_term_string}"},"query-input":{"@type":"PropertyValueSpecification","valueRequired":true,"valueName":"search_term_string"}}],"inLanguage":"en-US"},{"@type":"Organization","@id":"https:\/\/jzi.org.pl\/#organization","name":"Jaminy Indexing Team","url":"https:\/\/jzi.org.pl\/","logo":{"@type":"ImageObject","inLanguage":"en-US","@id":"https:\/\/jzi.org.pl\/#\/schema\/logo\/image\/","url":"https:\/\/jzi.org.pl\/wp-content\/uploads\/2019\/03\/logo-stowarzyszenie-jzi.png","contentUrl":"https:\/\/jzi.org.pl\/wp-content\/uploads\/2019\/03\/logo-stowarzyszenie-jzi.png","width":931,"height":990,"caption":"Jami\u0144ski Zesp\u00f3\u0142 Indeksacyjny"},"image":{"@id":"https:\/\/jzi.org.pl\/#\/schema\/logo\/image\/"},"sameAs":["https:\/\/www.facebook.com\/Jaminski.Zespol.Indeksacyjny\/"]}]}},"jetpack_likes_enabled":true,"jetpack_sharing_enabled":true,"_links":{"self":[{"href":"https:\/\/jzi.org.pl\/en\/wp-json\/wp\/v2\/pages\/8352","targetHints":{"allow":["GET"]}}],"collection":[{"href":"https:\/\/jzi.org.pl\/en\/wp-json\/wp\/v2\/pages"}],"about":[{"href":"https:\/\/jzi.org.pl\/en\/wp-json\/wp\/v2\/types\/page"}],"author":[{"embeddable":true,"href":"https:\/\/jzi.org.pl\/en\/wp-json\/wp\/v2\/users\/1"}],"replies":[{"embeddable":true,"href":"https:\/\/jzi.org.pl\/en\/wp-json\/wp\/v2\/comments?post=8352"}],"version-history":[{"count":0,"href":"https:\/\/jzi.org.pl\/en\/wp-json\/wp\/v2\/pages\/8352\/revisions"}],"up":[{"embeddable":true,"href":"https:\/\/jzi.org.pl\/en\/wp-json\/wp\/v2\/pages\/307"}],"wp:attachment":[{"href":"https:\/\/jzi.org.pl\/en\/wp-json\/wp\/v2\/media?parent=8352"}],"curies":[{"name":"wp","href":"https:\/\/api.w.org\/{rel}","templated":true}]}}