{"id":78,"date":"2017-06-12T00:00:00","date_gmt":"2017-06-11T22:00:00","guid":{"rendered":"http:\/\/myview360.eu\/WordPress\/?page_id=78"},"modified":"2020-02-27T21:47:36","modified_gmt":"2020-02-27T20:47:36","slug":"anna-rostkowska-przeciwko-mieszkancom-polkowa","status":"publish","type":"page","link":"https:\/\/jzi.org.pl\/en\/publikacje\/inne-publikacje\/anna-rostkowska-przeciwko-mieszkancom-polkowa\/","title":{"rendered":"Anna Rostkowska przeciwko mieszka\u0144com Polkowa"},"content":{"rendered":"<div id=\"pl-78\"  class=\"panel-layout\"><div id=\"pg-78-0\"  class=\"panel-grid panel-no-style\"><div id=\"pgc-78-0-0\"  class=\"panel-grid-cell\"><div id=\"panel-78-0-0-0\" class=\"so-panel widget widget_sow-editor panel-first-child panel-last-child\" data-index=\"0\"><div\n\t\t\t\n\t\t\tclass=\"so-widget-sow-editor so-widget-sow-editor-base\">\n<div class=\"siteorigin-widget-tinymce textwidget\">\n\t<div class='black' style='background:rgb(238, 238, 238); border:solid 0px rgba(0,0,0,0); border-radius:0px; padding:0px 0px 0px 0px;'>\n<div id='slider_2030' class='owl-carousel sa_owl_theme owl-pagination-true autohide-arrows' data-slider-id='slider_2030' style='visibility:hidden;'>\n<div id='slider_2030_slide01' class='sa_hover_container' style='padding:2% 2%; margin:0px 0%; '>\n<p><a href=\"https:\/\/jzi.org.pl\/wp-content\/uploads\/2017\/07\/Anna-Rostkowska-przeciwko-mieszka\u0144com-Polkowa-p1.jpg\"><img loading=\"lazy\" decoding=\"async\" class=\"alignnone wp-image-2031 size-full\" src=\"https:\/\/jzi.org.pl\/wp-content\/uploads\/2017\/07\/Anna-Rostkowska-przeciwko-mieszka\u0144com-Polkowa-p1.jpg\" alt=\"\" width=\"1200\" height=\"1706\" srcset=\"https:\/\/jzi.org.pl\/wp-content\/uploads\/2017\/07\/Anna-Rostkowska-przeciwko-mieszka\u0144com-Polkowa-p1.jpg 1200w, https:\/\/jzi.org.pl\/wp-content\/uploads\/2017\/07\/Anna-Rostkowska-przeciwko-mieszka\u0144com-Polkowa-p1-416x591.jpg 416w, https:\/\/jzi.org.pl\/wp-content\/uploads\/2017\/07\/Anna-Rostkowska-przeciwko-mieszka\u0144com-Polkowa-p1-211x300.jpg 211w, https:\/\/jzi.org.pl\/wp-content\/uploads\/2017\/07\/Anna-Rostkowska-przeciwko-mieszka\u0144com-Polkowa-p1-768x1092.jpg 768w, https:\/\/jzi.org.pl\/wp-content\/uploads\/2017\/07\/Anna-Rostkowska-przeciwko-mieszka\u0144com-Polkowa-p1-720x1024.jpg 720w\" sizes=\"auto, (max-width: 1200px) 100vw, 1200px\" \/><\/a><\/p>\n<\/div>\n<div id='slider_2030_slide02' class='sa_hover_container' style='padding:2% 2%; margin:0px 0%; '>\n<p><a href=\"https:\/\/jzi.org.pl\/wp-content\/uploads\/2017\/07\/Anna-Rostkowska-przeciwko-mieszka\u0144com-Polkowa-p2.jpg\"><img loading=\"lazy\" decoding=\"async\" class=\"alignnone wp-image-2032 size-full\" src=\"https:\/\/jzi.org.pl\/wp-content\/uploads\/2017\/07\/Anna-Rostkowska-przeciwko-mieszka\u0144com-Polkowa-p2.jpg\" alt=\"\" width=\"1205\" height=\"1718\" srcset=\"https:\/\/jzi.org.pl\/wp-content\/uploads\/2017\/07\/Anna-Rostkowska-przeciwko-mieszka\u0144com-Polkowa-p2.jpg 1205w, https:\/\/jzi.org.pl\/wp-content\/uploads\/2017\/07\/Anna-Rostkowska-przeciwko-mieszka\u0144com-Polkowa-p2-416x593.jpg 416w, https:\/\/jzi.org.pl\/wp-content\/uploads\/2017\/07\/Anna-Rostkowska-przeciwko-mieszka\u0144com-Polkowa-p2-210x300.jpg 210w, https:\/\/jzi.org.pl\/wp-content\/uploads\/2017\/07\/Anna-Rostkowska-przeciwko-mieszka\u0144com-Polkowa-p2-768x1095.jpg 768w, https:\/\/jzi.org.pl\/wp-content\/uploads\/2017\/07\/Anna-Rostkowska-przeciwko-mieszka\u0144com-Polkowa-p2-718x1024.jpg 718w\" sizes=\"auto, (max-width: 1205px) 100vw, 1205px\" \/><\/a><\/p>\n<\/div>\n<\/div>\n<\/div>\n<p><script type='text\/javascript'>\n\tjQuery(document).ready(function() {\n\t\tjQuery('#slider_2030').owlCarousel({\n\t\t\titems : 1,\n\t\t\tsmartSpeed : 400,\n\t\t\tautoplay : true,\n\t\t\tautoplayTimeout : 4000,\n\t\t\tautoplayHoverPause : true,\n\t\t\tsmartSpeed : 400,\n\t\t\tfluidSpeed : 400,\n\t\t\tautoplaySpeed : 400,\n\t\t\tnavSpeed : 400,\n\t\t\tdotsSpeed : 400,\n\t\t\tloop : true,\n\t\t\tnav : true,\n\t\t\tnavText : ['Previous','Next'],\n\t\t\tdots : true,\n\t\t\tresponsiveRefreshRate : 200,\n\t\t\tslideBy : 1,\n\t\t\tmergeFit : true,\n\t\t\tautoHeight : false,\n\t\t\tmouseDrag : true,\n\t\t\ttouchDrag : true\n\t\t});\n\t\tjQuery('#slider_2030').css('visibility', 'visible');\n\t\tsa_resize_slider_2030();\n\t\twindow.addEventListener('resize', sa_resize_slider_2030);\n\t\tfunction sa_resize_slider_2030() {\n\t\t\tvar min_height = '50';\n\t\t\tvar win_width = jQuery(window).width();\n\t\t\tvar slider_width = jQuery('#slider_2030').width();\n\t\t\tif (win_width < 480) {\n\t\t\t\tvar slide_width = slider_width \/ 1;\n\t\t\t} else if (win_width < 768) {\n\t\t\t\tvar slide_width = slider_width \/ 1;\n\t\t\t} else if (win_width < 980) {\n\t\t\t\tvar slide_width = slider_width \/ 1;\n\t\t\t} else if (win_width < 1200) {\n\t\t\t\tvar slide_width = slider_width \/ 1;\n\t\t\t} else if (win_width < 1500) {\n\t\t\t\tvar slide_width = slider_width \/ 1;\n\t\t\t} else {\n\t\t\t\tvar slide_width = slider_width \/ 1;\n\t\t\t}\n\t\t\tslide_width = Math.round(slide_width);\n\t\t\tvar slide_height = '0';\n\t\t\tif (min_height == 'aspect43') {\n\t\t\t\tslide_height = (slide_width \/ 4) * 3;\t\t\t\tslide_height = Math.round(slide_height);\n\t\t\t} else if (min_height == 'aspect169') {\n\t\t\t\tslide_height = (slide_width \/ 16) * 9;\t\t\t\tslide_height = Math.round(slide_height);\n\t\t\t} else {\n\t\t\t\tslide_height = (slide_width \/ 100) * min_height;\t\t\t\tslide_height = Math.round(slide_height);\n\t\t\t}\n\t\t\tjQuery('#slider_2030 .owl-item .sa_hover_container').css('min-height', slide_height+'px');\n\t\t}\n\t\tvar owl_goto = jQuery('#slider_2030');\n\t\tjQuery('.slider_2030_goto1').click(function(event){\n\t\t\towl_goto.trigger('to.owl.carousel', 0);\n\t\t});\n\t\tjQuery('.slider_2030_goto2').click(function(event){\n\t\t\towl_goto.trigger('to.owl.carousel', 1);\n\t\t});\n\t\tvar resize_2030 = jQuery('.owl-carousel');\n\t\tresize_2030.on('initialized.owl.carousel', function(e) {\n\t\t\tif (typeof(Event) === 'function') {\n\t\t\t\twindow.dispatchEvent(new Event('resize'));\n\t\t\t} else {\n\t\t\t\tvar evt = window.document.createEvent('UIEvents');\n\t\t\t\tevt.initUIEvent('resize', true, false, window, 0);\n\t\t\t\twindow.dispatchEvent(evt);\n\t\t\t}\n\t\t});\n\t});\n<\/script><\/p>\n<\/div>\n<\/div><\/div><\/div><div id=\"pgc-78-0-1\"  class=\"panel-grid-cell\"><div id=\"panel-78-0-1-0\" class=\"so-panel widget widget_sow-editor panel-first-child panel-last-child\" data-index=\"1\"><div\n\t\t\t\n\t\t\tclass=\"so-widget-sow-editor so-widget-sow-editor-base\">\n<div class=\"siteorigin-widget-tinymce textwidget\">\n\t<h2>Anna Rostkowska przeciwko mieszka\u0144com Polkowa<\/h2>\n<h4>Jay M. Orbik<\/h4>\n<hr \/>\n<h4>Nasz Sztabi\u0144ski Dom #9\/2013<\/h4>\n<\/div>\n<\/div><\/div><\/div><\/div><div id=\"pg-78-1\"  class=\"panel-grid panel-no-style\"><div id=\"pgc-78-1-0\"  class=\"panel-grid-cell\"><div id=\"panel-78-1-0-0\" class=\"so-panel widget widget_sow-editor panel-first-child panel-last-child\" data-index=\"2\"><div\n\t\t\t\n\t\t\tclass=\"so-widget-sow-editor so-widget-sow-editor-base\">\n<div class=\"siteorigin-widget-tinymce textwidget\">\n\t<p>Ten artyku\u0142 jest oparty na protoko\u0142ach s\u0105dowych w sprawie raczej przykrego sporu mi\u0119dzy Ann\u0105 Rostkowsk\u0105, posesork\u0105 dzier\u017cawy Taje\u0144skiej, w p\u00f3\u0142nocnej cz\u0119\u015bci Podlasia, a ch\u0142opami z Polkowa stanowi\u0105cego cz\u0119\u015b\u0107 tego maj\u0105tku, kt\u00f3rzy twierdzili, \u017ce specjalne przywileje przyznane ich przodkowi przez kr\u00f3la w 1582 roku, zosta\u0142y naruszone przez posesork\u0119 dzier\u017cawy Taje\u0144skiej. Kolejne rozprawy s\u0105dowe odbywa\u0142y si\u0119 w latach 1789-91, a ich zapisy zosta\u0142y znalezione w Ksi\u0119gach Referendarii Koronnej z drugiej polowy XVIII wieku, w tomach I (1768-80) i II (1781-94) opublikowanych przez Antonin\u0119 Kechow\u0105 i W\u0142adys\u0142aw Pa\u0142uckiego w 1955 roku, wyd. \u201eKsi\u0105\u017cka i Wiedza\u201d<\/p>\n<p>Historyk, Norman Davies okre\u015bla Referendari\u0119 Koronn\u0105 jako \"s\u0105d wy\u017cszego szczebla, powo\u0142any ju\u017c w XVI wieku do rozpatrywania odwo\u0142a\u0144 od decyzji komornik\u00f3w i najemc\u00f3w ziem koronnych. W teorii da\u0142 ch\u0142opom zamieszkuj\u0105cym dobra kr\u00f3lewskie \u015brodki prawne niedost\u0119pne dla ch\u0142op\u00f3w ze wsi ko\u015bcielnych, prywatnych lub szlacheckich\".<\/p>\n<p>Liczba dni pracy na rzecz pana (pa\u0144szczyzna), by\u0142a zr\u00f3\u017cnicowana, ale w 1674 w maj\u0105tku Tajno, za ka\u017cd\u0105 w\u0142\u00f3k\u0119 ziemi, by\u0142y to cztery kolejne dni tygodnia; pilnowanie p\u00f3l w nocy; 3 t\u0142oki (pomoc s\u0105siedzka) w roku - bez op\u00f3\u017anienia; pilne prace ogrodnicze; \u017cniwa, zbo\u017ca o wysoko\u015bci dw\u00f3ch \u0142okci, zbi\u00f3rka siana, plus czynsz; 6 z\u0142otych, 16 korc\u00f3w owsa, 1 kap\u0142on i 20 jaj.<\/p>\n<p>Cho\u0107 granie maj\u0105tku Tajno zmienia\u0142y si\u0119 nieco w czasie, to w latach przypadaj\u0105cych na omawiany proces, obejmowa\u0142y miejscowo\u015bci Barg\u0142\u00f3wka, Lipowe, Nowiny, Wo\u017ana, Orzech\u00f3wka, Polkowo, Piekutowo i U\u015bcianka z dworem w Tajenku.<\/p>\n<p>Na przestrzeni lat, kilka bardzo wp\u0142ywowych os\u00f3b, posiada\u0142o ten maj\u0105tek, w tym Dulscy, Denhoffowie, Sobiescy, Potoccy i Braniccy. W latach 1745-57 znalaz\u0142 si\u0119 w r\u0119kach Andrzeja Karwowskiego, kapitana Artylerii Kr\u00f3lewskiej i dworzanina Ziemi Wiskiej (w p\u00f3\u0142nocno-wschodnim Mazowszu). Po jego \u015bmierci w 1757 roku, maj\u0105tek przypad\u0142 jego \u017conie Annie z domu \u015awiderskiej. W 1758 roku po\u015blubi\u0142a ona Genera\u0142a Wojsk Koronnych Antoniego Jana Rostkowskiego.<\/p>\n<p><\/p><\/div><\/div><\/div><\/div><\/div><\/div><p> <a href=\"https:\/\/jzi.org.pl\/en\/publikacje\/inne-publikacje\/anna-rostkowska-przeciwko-mieszkancom-polkowa\/#more-78\" class=\"more-link\">Read More<\/a><\/p>","protected":false},"excerpt":{"rendered":"<p>Anna Rostkowska przeciwko mieszka\u0144com Polkowa Jay M. Orbik Nasz Sztabi\u0144ski Dom #9\/2013 Ten artyku\u0142 jest oparty na protoko\u0142ach s\u0105dowych w sprawie raczej przykrego sporu mi\u0119dzy Ann\u0105 Rostkowsk\u0105, posesork\u0105 dzier\u017cawy Taje\u0144skiej, w p\u00f3\u0142nocnej cz\u0119\u015bci Podlasia, a ch\u0142opami z Polkowa stanowi\u0105cego cz\u0119\u015b\u0107 tego maj\u0105tku, kt\u00f3rzy twierdzili, \u017ce specjalne przywileje przyznane ich przodkowi przez kr\u00f3la w 1582 roku, [&hellip;]<\/p>\n","protected":false},"author":1,"featured_media":0,"parent":2036,"menu_order":0,"comment_status":"open","ping_status":"open","template":"","meta":{"h5ap_radio_sources":[],"jetpack_post_was_ever_published":false,"footnotes":""},"class_list":["post-78","page","type-page","status-publish","hentry"],"yoast_head":"<!-- This site is optimized with the Yoast SEO plugin v27.3 - https:\/\/yoast.com\/product\/yoast-seo-wordpress\/ -->\n<title>Anna Rostkowska przeciwko mieszka\u0144com Polkowa - Jami\u0144ski Zesp\u00f3\u0142 Indeksacyjny<\/title>\n<meta name=\"robots\" content=\"index, follow, max-snippet:-1, max-image-preview:large, max-video-preview:-1\" \/>\n<link rel=\"canonical\" href=\"https:\/\/jzi.org.pl\/en\/publikacje\/inne-publikacje\/anna-rostkowska-przeciwko-mieszkancom-polkowa\/\" \/>\n<meta property=\"og:locale\" content=\"en_US\" \/>\n<meta property=\"og:type\" content=\"article\" \/>\n<meta property=\"og:title\" content=\"JZI - Inne publikacje\" \/>\n<meta property=\"og:description\" content=\"Anna Rostkowska przeciwko mieszka\u0144com Polkowa - Jay M. Orbik\" \/>\n<meta property=\"og:url\" content=\"https:\/\/jzi.org.pl\/en\/publikacje\/inne-publikacje\/anna-rostkowska-przeciwko-mieszkancom-polkowa\/\" \/>\n<meta property=\"og:site_name\" content=\"Jami\u0144ski Zesp\u00f3\u0142 Indeksacyjny\" \/>\n<meta property=\"article:publisher\" content=\"https:\/\/www.facebook.com\/Jaminski.Zespol.Indeksacyjny\/\" \/>\n<meta property=\"article:modified_time\" content=\"2020-02-27T20:47:36+00:00\" \/>\n<meta property=\"og:image\" content=\"https:\/\/jzi.org.pl\/wp-content\/uploads\/2017\/07\/JZI-Logo.jpg\" \/>\n\t<meta property=\"og:image:width\" content=\"502\" \/>\n\t<meta property=\"og:image:height\" content=\"515\" \/>\n\t<meta property=\"og:image:type\" content=\"image\/jpeg\" \/>\n<meta name=\"twitter:card\" content=\"summary_large_image\" \/>\n<meta name=\"twitter:label1\" content=\"Est. reading time\" \/>\n\t<meta name=\"twitter:data1\" content=\"11 minutes\" \/>\n<script type=\"application\/ld+json\" class=\"yoast-schema-graph\">{\"@context\":\"https:\\\/\\\/schema.org\",\"@graph\":[{\"@type\":\"WebPage\",\"@id\":\"https:\\\/\\\/jzi.org.pl\\\/en\\\/publikacje\\\/inne-publikacje\\\/anna-rostkowska-przeciwko-mieszkancom-polkowa\\\/\",\"url\":\"https:\\\/\\\/jzi.org.pl\\\/en\\\/publikacje\\\/inne-publikacje\\\/anna-rostkowska-przeciwko-mieszkancom-polkowa\\\/\",\"name\":\"Anna Rostkowska przeciwko mieszka\u0144com Polkowa - Jami\u0144ski Zesp\u00f3\u0142 Indeksacyjny\",\"isPartOf\":{\"@id\":\"https:\\\/\\\/jzi.org.pl\\\/#website\"},\"datePublished\":\"2017-06-11T22:00:00+00:00\",\"dateModified\":\"2020-02-27T20:47:36+00:00\",\"breadcrumb\":{\"@id\":\"https:\\\/\\\/jzi.org.pl\\\/en\\\/publikacje\\\/inne-publikacje\\\/anna-rostkowska-przeciwko-mieszkancom-polkowa\\\/#breadcrumb\"},\"inLanguage\":\"en-US\",\"potentialAction\":[{\"@type\":\"ReadAction\",\"target\":[\"https:\\\/\\\/jzi.org.pl\\\/en\\\/publikacje\\\/inne-publikacje\\\/anna-rostkowska-przeciwko-mieszkancom-polkowa\\\/\"]}]},{\"@type\":\"BreadcrumbList\",\"@id\":\"https:\\\/\\\/jzi.org.pl\\\/en\\\/publikacje\\\/inne-publikacje\\\/anna-rostkowska-przeciwko-mieszkancom-polkowa\\\/#breadcrumb\",\"itemListElement\":[{\"@type\":\"ListItem\",\"position\":1,\"name\":\"Strona g\u0142\u00f3wna\",\"item\":\"https:\\\/\\\/jzi.org.pl\\\/\"},{\"@type\":\"ListItem\",\"position\":2,\"name\":\"Publikacje\",\"item\":\"https:\\\/\\\/jzi.org.pl\\\/publikacje\\\/\"},{\"@type\":\"ListItem\",\"position\":3,\"name\":\"Inne publikacje\",\"item\":\"https:\\\/\\\/jzi.org.pl\\\/publikacje\\\/inne-publikacje\\\/\"},{\"@type\":\"ListItem\",\"position\":4,\"name\":\"Anna Rostkowska przeciwko mieszka\u0144com Polkowa\"}]},{\"@type\":\"WebSite\",\"@id\":\"https:\\\/\\\/jzi.org.pl\\\/#website\",\"url\":\"https:\\\/\\\/jzi.org.pl\\\/\",\"name\":\"Jami\u0144ski Zesp\u00f3\u0142 Indeksacyjny\",\"description\":\"\",\"publisher\":{\"@id\":\"https:\\\/\\\/jzi.org.pl\\\/#organization\"},\"potentialAction\":[{\"@type\":\"SearchAction\",\"target\":{\"@type\":\"EntryPoint\",\"urlTemplate\":\"https:\\\/\\\/jzi.org.pl\\\/?s={search_term_string}\"},\"query-input\":{\"@type\":\"PropertyValueSpecification\",\"valueRequired\":true,\"valueName\":\"search_term_string\"}}],\"inLanguage\":\"en-US\"},{\"@type\":\"Organization\",\"@id\":\"https:\\\/\\\/jzi.org.pl\\\/#organization\",\"name\":\"Jami\u0144ski Zesp\u00f3\u0142 Indeksacyjny\",\"url\":\"https:\\\/\\\/jzi.org.pl\\\/\",\"logo\":{\"@type\":\"ImageObject\",\"inLanguage\":\"en-US\",\"@id\":\"https:\\\/\\\/jzi.org.pl\\\/#\\\/schema\\\/logo\\\/image\\\/\",\"url\":\"https:\\\/\\\/jzi.org.pl\\\/wp-content\\\/uploads\\\/2019\\\/03\\\/logo-stowarzyszenie-jzi.png\",\"contentUrl\":\"https:\\\/\\\/jzi.org.pl\\\/wp-content\\\/uploads\\\/2019\\\/03\\\/logo-stowarzyszenie-jzi.png\",\"width\":931,\"height\":990,\"caption\":\"Jami\u0144ski Zesp\u00f3\u0142 Indeksacyjny\"},\"image\":{\"@id\":\"https:\\\/\\\/jzi.org.pl\\\/#\\\/schema\\\/logo\\\/image\\\/\"},\"sameAs\":[\"https:\\\/\\\/www.facebook.com\\\/Jaminski.Zespol.Indeksacyjny\\\/\"]}]}<\/script>\n<!-- \/ Yoast SEO plugin. -->","yoast_head_json":{"title":"Anna Rostkowska przeciwko mieszka\u0144com Polkowa - Jami\u0144ski Zesp\u00f3\u0142 Indeksacyjny","robots":{"index":"index","follow":"follow","max-snippet":"max-snippet:-1","max-image-preview":"max-image-preview:large","max-video-preview":"max-video-preview:-1"},"canonical":"https:\/\/jzi.org.pl\/en\/publikacje\/inne-publikacje\/anna-rostkowska-przeciwko-mieszkancom-polkowa\/","og_locale":"en_US","og_type":"article","og_title":"JZI - Inne publikacje","og_description":"Anna Rostkowska przeciwko mieszka\u0144com Polkowa - Jay M. Orbik","og_url":"https:\/\/jzi.org.pl\/en\/publikacje\/inne-publikacje\/anna-rostkowska-przeciwko-mieszkancom-polkowa\/","og_site_name":"Jami\u0144ski Zesp\u00f3\u0142 Indeksacyjny","article_publisher":"https:\/\/www.facebook.com\/Jaminski.Zespol.Indeksacyjny\/","article_modified_time":"2020-02-27T20:47:36+00:00","og_image":[{"width":502,"height":515,"url":"https:\/\/jzi.org.pl\/wp-content\/uploads\/2017\/07\/JZI-Logo.jpg","type":"image\/jpeg"}],"twitter_card":"summary_large_image","twitter_misc":{"Est. reading time":"11 minutes"},"schema":{"@context":"https:\/\/schema.org","@graph":[{"@type":"WebPage","@id":"https:\/\/jzi.org.pl\/en\/publikacje\/inne-publikacje\/anna-rostkowska-przeciwko-mieszkancom-polkowa\/","url":"https:\/\/jzi.org.pl\/en\/publikacje\/inne-publikacje\/anna-rostkowska-przeciwko-mieszkancom-polkowa\/","name":"Anna Rostkowska przeciwko mieszka\u0144com Polkowa - Jami\u0144ski Zesp\u00f3\u0142 Indeksacyjny","isPartOf":{"@id":"https:\/\/jzi.org.pl\/#website"},"datePublished":"2017-06-11T22:00:00+00:00","dateModified":"2020-02-27T20:47:36+00:00","breadcrumb":{"@id":"https:\/\/jzi.org.pl\/en\/publikacje\/inne-publikacje\/anna-rostkowska-przeciwko-mieszkancom-polkowa\/#breadcrumb"},"inLanguage":"en-US","potentialAction":[{"@type":"ReadAction","target":["https:\/\/jzi.org.pl\/en\/publikacje\/inne-publikacje\/anna-rostkowska-przeciwko-mieszkancom-polkowa\/"]}]},{"@type":"BreadcrumbList","@id":"https:\/\/jzi.org.pl\/en\/publikacje\/inne-publikacje\/anna-rostkowska-przeciwko-mieszkancom-polkowa\/#breadcrumb","itemListElement":[{"@type":"ListItem","position":1,"name":"Strona g\u0142\u00f3wna","item":"https:\/\/jzi.org.pl\/"},{"@type":"ListItem","position":2,"name":"Publikacje","item":"https:\/\/jzi.org.pl\/publikacje\/"},{"@type":"ListItem","position":3,"name":"Inne publikacje","item":"https:\/\/jzi.org.pl\/publikacje\/inne-publikacje\/"},{"@type":"ListItem","position":4,"name":"Anna Rostkowska przeciwko mieszka\u0144com Polkowa"}]},{"@type":"WebSite","@id":"https:\/\/jzi.org.pl\/#website","url":"https:\/\/jzi.org.pl\/","name":"Jaminy Indexing Team","description":"","publisher":{"@id":"https:\/\/jzi.org.pl\/#organization"},"potentialAction":[{"@type":"SearchAction","target":{"@type":"EntryPoint","urlTemplate":"https:\/\/jzi.org.pl\/?s={search_term_string}"},"query-input":{"@type":"PropertyValueSpecification","valueRequired":true,"valueName":"search_term_string"}}],"inLanguage":"en-US"},{"@type":"Organization","@id":"https:\/\/jzi.org.pl\/#organization","name":"Jaminy Indexing Team","url":"https:\/\/jzi.org.pl\/","logo":{"@type":"ImageObject","inLanguage":"en-US","@id":"https:\/\/jzi.org.pl\/#\/schema\/logo\/image\/","url":"https:\/\/jzi.org.pl\/wp-content\/uploads\/2019\/03\/logo-stowarzyszenie-jzi.png","contentUrl":"https:\/\/jzi.org.pl\/wp-content\/uploads\/2019\/03\/logo-stowarzyszenie-jzi.png","width":931,"height":990,"caption":"Jami\u0144ski Zesp\u00f3\u0142 Indeksacyjny"},"image":{"@id":"https:\/\/jzi.org.pl\/#\/schema\/logo\/image\/"},"sameAs":["https:\/\/www.facebook.com\/Jaminski.Zespol.Indeksacyjny\/"]}]}},"jetpack_likes_enabled":true,"jetpack_sharing_enabled":true,"_links":{"self":[{"href":"https:\/\/jzi.org.pl\/en\/wp-json\/wp\/v2\/pages\/78","targetHints":{"allow":["GET"]}}],"collection":[{"href":"https:\/\/jzi.org.pl\/en\/wp-json\/wp\/v2\/pages"}],"about":[{"href":"https:\/\/jzi.org.pl\/en\/wp-json\/wp\/v2\/types\/page"}],"author":[{"embeddable":true,"href":"https:\/\/jzi.org.pl\/en\/wp-json\/wp\/v2\/users\/1"}],"replies":[{"embeddable":true,"href":"https:\/\/jzi.org.pl\/en\/wp-json\/wp\/v2\/comments?post=78"}],"version-history":[{"count":0,"href":"https:\/\/jzi.org.pl\/en\/wp-json\/wp\/v2\/pages\/78\/revisions"}],"up":[{"embeddable":true,"href":"https:\/\/jzi.org.pl\/en\/wp-json\/wp\/v2\/pages\/2036"}],"wp:attachment":[{"href":"https:\/\/jzi.org.pl\/en\/wp-json\/wp\/v2\/media?parent=78"}],"curies":[{"name":"wp","href":"https:\/\/api.w.org\/{rel}","templated":true}]}}