{"id":7069,"date":"2019-02-20T00:00:00","date_gmt":"2019-02-19T23:00:00","guid":{"rendered":"https:\/\/jzi.org.pl\/?page_id=7069"},"modified":"2020-03-15T06:39:50","modified_gmt":"2020-03-15T05:39:50","slug":"zdjecia-z-kolekcji-karola-mitrosa","status":"publish","type":"page","link":"https:\/\/jzi.org.pl\/en\/galerie\/zdjecia-z-kolekcji-karola-mitrosa\/","title":{"rendered":"Photos from the Karol Mitros collection"},"content":{"rendered":"<style type=\"text\/css\">\n#foogallery-gallery-7060.fg-justified .fg-item { margin-right: 1px; margin-bottom: 1px; }\n#foogallery-gallery-7060.fg-justified .fg-image { height: 150px; }<\/style>\n\t\t\t<div class=\"foogallery foogallery-container foogallery-justified foogallery-lightbox-none fg-justified fg-ready fg-light fg-border-thin fg-shadow-outline fg-loading-default fg-loaded-fade-in fg-caption-hover fg-hover-fade fg-hover-zoom\" id=\"foogallery-gallery-7060\" data-foogallery=\"{&quot;item&quot;:{&quot;showCaptionTitle&quot;:true,&quot;showCaptionDescription&quot;:true},&quot;lazy&quot;:true,&quot;template&quot;:{&quot;rowHeight&quot;:150,&quot;maxRowHeight&quot;:300,&quot;margins&quot;:1,&quot;align&quot;:&quot;center&quot;,&quot;lastRow&quot;:&quot;smart&quot;}}\" style=\"--fg-title-line-clamp: 0; --fg-description-line-clamp: 0;\" >\n\t<div class=\"fg-item fg-type-image fg-idle\"><figure class=\"fg-item-inner\"><a href=\"https:\/\/jzi.org.pl\/wp-content\/uploads\/2019\/02\/1-wiktor-mitros-poczatek-20-wieku.jpg\" data-caption-title=\"Wiktor Mitros. Pocz\u0105tek XX wieku.\" data-attachment-id=\"7061\" data-type=\"image\" class=\"fg-thumb\"><span class=\"fg-image-wrap\"><img fetchpriority=\"high\" decoding=\"async\" title=\"Wiktor Mitros. Beginning of the 20th Century.\" height=\"300\" width=\"204\" class=\"skip-lazy fg-image\" data-src-fg=\"https:\/\/jzi.org.pl\/wp-content\/uploads\/cache\/2019\/02\/1-wiktor-mitros-poczatek-20-wieku\/2861612767.jpg\" src=\"data:image\/svg+xml,%3Csvg%20xmlns%3D%22http%3A%2F%2Fwww.w3.org%2F2000%2Fsvg%22%20width%3D%22204%22%20height%3D%22300%22%20viewBox%3D%220%200%20204%20300%22%3E%3C%2Fsvg%3E\" loading=\"eager\"><\/span><span class=\"fg-image-overlay\"><\/span><\/a><figcaption class=\"fg-caption\"><div class=\"fg-caption-inner\"><div class=\"fg-caption-title\">Wiktor Mitros. Beginning of the 20th Century.<\/div><\/div><\/figcaption><\/figure><div class=\"fg-loader\"><\/div><\/div><div class=\"fg-item fg-type-image fg-idle\"><figure class=\"fg-item-inner\"><a href=\"https:\/\/jzi.org.pl\/wp-content\/uploads\/2019\/02\/2-brat-wiktora-mitrosa-z-zona.jpg\" data-caption-title=\"Brat Wiktora Mitrosa z \u017con\u0105.\" data-attachment-id=\"7062\" data-type=\"image\" class=\"fg-thumb\"><span class=\"fg-image-wrap\"><img decoding=\"async\" title=\"Brother of Wiktor Mitros and his wife.\" height=\"300\" width=\"245\" class=\"skip-lazy fg-image\" data-src-fg=\"https:\/\/jzi.org.pl\/wp-content\/uploads\/cache\/2019\/02\/2-brat-wiktora-mitrosa-z-zona\/4125505709.jpg\" src=\"data:image\/svg+xml,%3Csvg%20xmlns%3D%22http%3A%2F%2Fwww.w3.org%2F2000%2Fsvg%22%20width%3D%22245%22%20height%3D%22300%22%20viewBox%3D%220%200%20245%20300%22%3E%3C%2Fsvg%3E\" loading=\"eager\"><\/span><span class=\"fg-image-overlay\"><\/span><\/a><figcaption class=\"fg-caption\"><div class=\"fg-caption-inner\"><div class=\"fg-caption-title\">Brother of Wiktor Mitros and his wife.<\/div><\/div><\/figcaption><\/figure><div class=\"fg-loader\"><\/div><\/div><div class=\"fg-item fg-type-image fg-idle\"><figure class=\"fg-item-inner\"><a href=\"https:\/\/jzi.org.pl\/wp-content\/uploads\/2019\/02\/3-brat-wiktora-mitrosa.jpg\" data-caption-title=\"Brat Wiktora Mitrosa.\" data-attachment-id=\"7063\" data-type=\"image\" class=\"fg-thumb\"><span class=\"fg-image-wrap\"><img decoding=\"async\" title=\"Brother of Wiktor Mitros.\" height=\"300\" width=\"241\" class=\"skip-lazy fg-image\" data-src-fg=\"https:\/\/jzi.org.pl\/wp-content\/uploads\/cache\/2019\/02\/3-brat-wiktora-mitrosa\/2251982658.jpg\" src=\"data:image\/svg+xml,%3Csvg%20xmlns%3D%22http%3A%2F%2Fwww.w3.org%2F2000%2Fsvg%22%20width%3D%22241%22%20height%3D%22300%22%20viewBox%3D%220%200%20241%20300%22%3E%3C%2Fsvg%3E\" loading=\"eager\"><\/span><span class=\"fg-image-overlay\"><\/span><\/a><figcaption class=\"fg-caption\"><div class=\"fg-caption-inner\"><div class=\"fg-caption-title\">Brother of Wiktor Mitros.<\/div><\/div><\/figcaption><\/figure><div class=\"fg-loader\"><\/div><\/div><div class=\"fg-item fg-type-image fg-idle\"><figure class=\"fg-item-inner\"><a href=\"https:\/\/jzi.org.pl\/wp-content\/uploads\/2019\/02\/4-stefan-mitros-w-niemieckiej-niewoli-1-wojna-swiatowa.jpg\" data-caption-title=\"Stefan Mitros w niemieckiej niewoli. I Wojna \u015awiatowa.\" data-attachment-id=\"7064\" data-type=\"image\" class=\"fg-thumb\"><span class=\"fg-image-wrap\"><img decoding=\"async\" title=\"Stefan Mitros in German captivity. World War I.\" height=\"300\" width=\"244\" class=\"skip-lazy fg-image\" data-src-fg=\"https:\/\/jzi.org.pl\/wp-content\/uploads\/cache\/2019\/02\/4-stefan-mitros-w-niemieckiej-niewoli-1-wojna-swiatowa\/3888013040.jpg\" src=\"data:image\/svg+xml,%3Csvg%20xmlns%3D%22http%3A%2F%2Fwww.w3.org%2F2000%2Fsvg%22%20width%3D%22244%22%20height%3D%22300%22%20viewBox%3D%220%200%20244%20300%22%3E%3C%2Fsvg%3E\" loading=\"eager\"><\/span><span class=\"fg-image-overlay\"><\/span><\/a><figcaption class=\"fg-caption\"><div class=\"fg-caption-inner\"><div class=\"fg-caption-title\">Stefan Mitros in German captivity. World War I.<\/div><\/div><\/figcaption><\/figure><div class=\"fg-loader\"><\/div><\/div><div class=\"fg-item fg-type-image fg-idle\"><figure class=\"fg-item-inner\"><a href=\"https:\/\/jzi.org.pl\/wp-content\/uploads\/2019\/02\/5-wiktor-mitros-z-zona.jpg\" data-caption-title=\"Wiktor Mitros z \u017con\u0105.\" data-attachment-id=\"7065\" data-type=\"image\" class=\"fg-thumb\"><span class=\"fg-image-wrap\"><img decoding=\"async\" title=\"Wiktor Mitros with his wife.\" height=\"300\" width=\"245\" class=\"skip-lazy fg-image\" data-src-fg=\"https:\/\/jzi.org.pl\/wp-content\/uploads\/cache\/2019\/02\/5-wiktor-mitros-z-zona\/539028447.jpg\" src=\"data:image\/svg+xml,%3Csvg%20xmlns%3D%22http%3A%2F%2Fwww.w3.org%2F2000%2Fsvg%22%20width%3D%22245%22%20height%3D%22300%22%20viewBox%3D%220%200%20245%20300%22%3E%3C%2Fsvg%3E\" loading=\"eager\"><\/span><span class=\"fg-image-overlay\"><\/span><\/a><figcaption class=\"fg-caption\"><div class=\"fg-caption-inner\"><div class=\"fg-caption-title\">Wiktor Mitros with his wife.<\/div><\/div><\/figcaption><\/figure><div class=\"fg-loader\"><\/div><\/div><div class=\"fg-item fg-type-image fg-idle\"><figure class=\"fg-item-inner\"><a href=\"https:\/\/jzi.org.pl\/wp-content\/uploads\/2019\/02\/6-stefan-mitros-ojciec-zyjacego-karola-mitrosa-w-carskiej-sluzbie-w-irkucku.jpg\" data-caption-title=\"Stefan Mitros, ojciec \u017cyj\u0105cego Karola Mitrosa, w carskiej s\u0142u\u017cbie w Irkucku.\" data-attachment-id=\"7066\" data-type=\"image\" class=\"fg-thumb\"><span class=\"fg-image-wrap\"><img decoding=\"async\" title=\"Stefan Mitros, father of the living Karol Mitros, in tsarist service in Irkutsk.\" height=\"300\" width=\"186\" class=\"skip-lazy fg-image\" data-src-fg=\"https:\/\/jzi.org.pl\/wp-content\/uploads\/cache\/2019\/02\/6-stefan-mitros-ojciec-zyjacego-karola-mitrosa-w-carskiej-sluzbie-w-irkucku\/2931118750.jpg\" src=\"data:image\/svg+xml,%3Csvg%20xmlns%3D%22http%3A%2F%2Fwww.w3.org%2F2000%2Fsvg%22%20width%3D%22186%22%20height%3D%22300%22%20viewBox%3D%220%200%20186%20300%22%3E%3C%2Fsvg%3E\" loading=\"eager\"><\/span><span class=\"fg-image-overlay\"><\/span><\/a><figcaption class=\"fg-caption\"><div class=\"fg-caption-inner\"><div class=\"fg-caption-title\">Stefan Mitros, father of the living Karol Mitros, in tsarist service in Irkutsk.<\/div><\/div><\/figcaption><\/figure><div class=\"fg-loader\"><\/div><\/div><div class=\"fg-item fg-type-image fg-idle\"><figure class=\"fg-item-inner\"><a href=\"https:\/\/jzi.org.pl\/wp-content\/uploads\/2019\/02\/7-rodzina-mitrosow-stefan-zona-wladyslawa-z-dziecmi-irena-lucja-karol-i-teresa-brat-stefana-franciszek-rok-1936.jpg\" data-caption-title=\"Rodzina Mitros\u00f3w: Stefan, \u017cona W\u0142adys\u0142awa z dzie\u0107mi Iren\u0105, \u0141ucj\u0105, Karolem i Teres\u0105, brat Stefana - Franciszek. Rok 1936.\" data-attachment-id=\"7067\" data-type=\"image\" class=\"fg-thumb\"><span class=\"fg-image-wrap\"><img decoding=\"async\" title=\"Mitros family: Stefan, wife of W\u0142adys\u0142aw with children Irena, \u0141usia, Karol and Teresa, brother of Stefan - Franciszek. 1936.\" height=\"300\" width=\"446\" class=\"skip-lazy fg-image\" data-src-fg=\"https:\/\/jzi.org.pl\/wp-content\/uploads\/cache\/2019\/02\/7-rodzina-mitrosow-stefan-zona-wladyslawa-z-dziecmi-irena-lucja-karol-i-teresa-brat-stefana-franciszek-rok-1936\/1375820263.jpg\" src=\"data:image\/svg+xml,%3Csvg%20xmlns%3D%22http%3A%2F%2Fwww.w3.org%2F2000%2Fsvg%22%20width%3D%22446%22%20height%3D%22300%22%20viewBox%3D%220%200%20446%20300%22%3E%3C%2Fsvg%3E\" loading=\"eager\"><\/span><span class=\"fg-image-overlay\"><\/span><\/a><figcaption class=\"fg-caption\"><div class=\"fg-caption-inner\"><div class=\"fg-caption-title\">Mitros family: Stefan, wife of W\u0142adys\u0142aw with children Irena, \u0141usia, Karol and Teresa, brother of Stefan - Franciszek. 1936.<\/div><\/div><\/figcaption><\/figure><div class=\"fg-loader\"><\/div><\/div><div class=\"fg-item fg-type-image fg-idle\"><figure class=\"fg-item-inner\"><a href=\"https:\/\/jzi.org.pl\/wp-content\/uploads\/2019\/02\/rodzina-mitros\u00f3w-stefan-z-rodzin\u0105-i-wiktor-z-\u017con\u0105-fiedozj\u0105.jpg\" data-caption-title=\"Rodzina Mitros\u00f3w: Stefanz  rodzin\u0105 i Wiktor z \u017con\u0105 Fiedozj\u0105.\" data-attachment-id=\"7068\" data-type=\"image\" class=\"fg-thumb\"><span class=\"fg-image-wrap\"><img decoding=\"async\" title=\"Mitros family: Stefan with his family and Wiktor with his wife Fiedozja.\" height=\"300\" width=\"204\" class=\"skip-lazy fg-image\" data-src-fg=\"https:\/\/jzi.org.pl\/wp-content\/uploads\/cache\/2019\/02\/rodzina-mitros\u00f3w-stefan-z-rodzin\u0105-i-wiktor-z-\u017con\u0105-fiedozj\u0105\/262434274.jpg\" src=\"data:image\/svg+xml,%3Csvg%20xmlns%3D%22http%3A%2F%2Fwww.w3.org%2F2000%2Fsvg%22%20width%3D%22204%22%20height%3D%22300%22%20viewBox%3D%220%200%20204%20300%22%3E%3C%2Fsvg%3E\" loading=\"eager\"><\/span><span class=\"fg-image-overlay\"><\/span><\/a><figcaption class=\"fg-caption\"><div class=\"fg-caption-inner\"><div class=\"fg-caption-title\">Mitros family: Stefan with his family and Wiktor with his wife Fiedozja.<\/div><\/div><\/figcaption><\/figure><div class=\"fg-loader\"><\/div><\/div><\/div>","protected":false},"excerpt":{"rendered":"","protected":false},"author":1,"featured_media":7063,"parent":1158,"menu_order":0,"comment_status":"open","ping_status":"open","template":"","meta":{"h5ap_radio_sources":[],"jetpack_post_was_ever_published":false,"footnotes":""},"class_list":["post-7069","page","type-page","status-publish","has-post-thumbnail","hentry"],"yoast_head":"<!-- This site is optimized with the Yoast SEO plugin v27.3 - https:\/\/yoast.com\/product\/yoast-seo-wordpress\/ -->\n<title>Zdj\u0119cia z kolekcji Karola Mitrosa - Jami\u0144ski Zesp\u00f3\u0142 Indeksacyjny<\/title>\n<meta name=\"robots\" content=\"index, follow, max-snippet:-1, max-image-preview:large, max-video-preview:-1\" \/>\n<link rel=\"canonical\" href=\"https:\/\/jzi.org.pl\/en\/galerie\/zdjecia-z-kolekcji-karola-mitrosa\/\" \/>\n<meta property=\"og:locale\" content=\"en_US\" \/>\n<meta property=\"og:type\" content=\"article\" \/>\n<meta property=\"og:title\" content=\"Zdj\u0119cia z kolekcji Karola Mitrosa\" \/>\n<meta property=\"og:url\" content=\"https:\/\/jzi.org.pl\/en\/galerie\/zdjecia-z-kolekcji-karola-mitrosa\/\" \/>\n<meta property=\"og:site_name\" content=\"Jami\u0144ski Zesp\u00f3\u0142 Indeksacyjny\" \/>\n<meta property=\"article:publisher\" content=\"https:\/\/www.facebook.com\/Jaminski.Zespol.Indeksacyjny\/\" \/>\n<meta property=\"article:modified_time\" content=\"2020-03-15T05:39:50+00:00\" \/>\n<meta property=\"og:image\" content=\"https:\/\/jzi.org.pl\/wp-content\/uploads\/2019\/02\/zdjecia-z-kolekcji-karola-mitrosa.png\" \/>\n\t<meta property=\"og:image:width\" content=\"786\" \/>\n\t<meta property=\"og:image:height\" content=\"323\" \/>\n\t<meta property=\"og:image:type\" content=\"image\/png\" \/>\n<meta name=\"twitter:card\" content=\"summary_large_image\" \/>\n<script type=\"application\/ld+json\" class=\"yoast-schema-graph\">{\"@context\":\"https:\\\/\\\/schema.org\",\"@graph\":[{\"@type\":\"WebPage\",\"@id\":\"https:\\\/\\\/jzi.org.pl\\\/galerie\\\/zdjecia-z-kolekcji-karola-mitrosa\\\/\",\"url\":\"https:\\\/\\\/jzi.org.pl\\\/galerie\\\/zdjecia-z-kolekcji-karola-mitrosa\\\/\",\"name\":\"Zdj\u0119cia z kolekcji Karola Mitrosa - Jami\u0144ski Zesp\u00f3\u0142 Indeksacyjny\",\"isPartOf\":{\"@id\":\"https:\\\/\\\/jzi.org.pl\\\/#website\"},\"primaryImageOfPage\":{\"@id\":\"https:\\\/\\\/jzi.org.pl\\\/galerie\\\/zdjecia-z-kolekcji-karola-mitrosa\\\/#primaryimage\"},\"image\":{\"@id\":\"https:\\\/\\\/jzi.org.pl\\\/galerie\\\/zdjecia-z-kolekcji-karola-mitrosa\\\/#primaryimage\"},\"thumbnailUrl\":\"https:\\\/\\\/jzi.org.pl\\\/wp-content\\\/uploads\\\/2019\\\/02\\\/3-brat-wiktora-mitrosa.jpg\",\"datePublished\":\"2019-02-19T23:00:00+00:00\",\"dateModified\":\"2020-03-15T05:39:50+00:00\",\"breadcrumb\":{\"@id\":\"https:\\\/\\\/jzi.org.pl\\\/galerie\\\/zdjecia-z-kolekcji-karola-mitrosa\\\/#breadcrumb\"},\"inLanguage\":\"en-US\",\"potentialAction\":[{\"@type\":\"ReadAction\",\"target\":[\"https:\\\/\\\/jzi.org.pl\\\/galerie\\\/zdjecia-z-kolekcji-karola-mitrosa\\\/\"]}]},{\"@type\":\"ImageObject\",\"inLanguage\":\"en-US\",\"@id\":\"https:\\\/\\\/jzi.org.pl\\\/galerie\\\/zdjecia-z-kolekcji-karola-mitrosa\\\/#primaryimage\",\"url\":\"https:\\\/\\\/jzi.org.pl\\\/wp-content\\\/uploads\\\/2019\\\/02\\\/3-brat-wiktora-mitrosa.jpg\",\"contentUrl\":\"https:\\\/\\\/jzi.org.pl\\\/wp-content\\\/uploads\\\/2019\\\/02\\\/3-brat-wiktora-mitrosa.jpg\",\"width\":1500,\"height\":1869,\"caption\":\"Brat Wiktora Mitrosa.\"},{\"@type\":\"BreadcrumbList\",\"@id\":\"https:\\\/\\\/jzi.org.pl\\\/galerie\\\/zdjecia-z-kolekcji-karola-mitrosa\\\/#breadcrumb\",\"itemListElement\":[{\"@type\":\"ListItem\",\"position\":1,\"name\":\"Strona g\u0142\u00f3wna\",\"item\":\"https:\\\/\\\/jzi.org.pl\\\/\"},{\"@type\":\"ListItem\",\"position\":2,\"name\":\"Galerie\",\"item\":\"https:\\\/\\\/jzi.org.pl\\\/galerie\\\/\"},{\"@type\":\"ListItem\",\"position\":3,\"name\":\"Zdj\u0119cia z kolekcji Karola Mitrosa\"}]},{\"@type\":\"WebSite\",\"@id\":\"https:\\\/\\\/jzi.org.pl\\\/#website\",\"url\":\"https:\\\/\\\/jzi.org.pl\\\/\",\"name\":\"Jami\u0144ski Zesp\u00f3\u0142 Indeksacyjny\",\"description\":\"\",\"publisher\":{\"@id\":\"https:\\\/\\\/jzi.org.pl\\\/#organization\"},\"potentialAction\":[{\"@type\":\"SearchAction\",\"target\":{\"@type\":\"EntryPoint\",\"urlTemplate\":\"https:\\\/\\\/jzi.org.pl\\\/?s={search_term_string}\"},\"query-input\":{\"@type\":\"PropertyValueSpecification\",\"valueRequired\":true,\"valueName\":\"search_term_string\"}}],\"inLanguage\":\"en-US\"},{\"@type\":\"Organization\",\"@id\":\"https:\\\/\\\/jzi.org.pl\\\/#organization\",\"name\":\"Jami\u0144ski Zesp\u00f3\u0142 Indeksacyjny\",\"url\":\"https:\\\/\\\/jzi.org.pl\\\/\",\"logo\":{\"@type\":\"ImageObject\",\"inLanguage\":\"en-US\",\"@id\":\"https:\\\/\\\/jzi.org.pl\\\/#\\\/schema\\\/logo\\\/image\\\/\",\"url\":\"https:\\\/\\\/jzi.org.pl\\\/wp-content\\\/uploads\\\/2019\\\/03\\\/logo-stowarzyszenie-jzi.png\",\"contentUrl\":\"https:\\\/\\\/jzi.org.pl\\\/wp-content\\\/uploads\\\/2019\\\/03\\\/logo-stowarzyszenie-jzi.png\",\"width\":931,\"height\":990,\"caption\":\"Jami\u0144ski Zesp\u00f3\u0142 Indeksacyjny\"},\"image\":{\"@id\":\"https:\\\/\\\/jzi.org.pl\\\/#\\\/schema\\\/logo\\\/image\\\/\"},\"sameAs\":[\"https:\\\/\\\/www.facebook.com\\\/Jaminski.Zespol.Indeksacyjny\\\/\"]}]}<\/script>\n<!-- \/ Yoast SEO plugin. -->","yoast_head_json":{"title":"Zdj\u0119cia z kolekcji Karola Mitrosa - Jami\u0144ski Zesp\u00f3\u0142 Indeksacyjny","robots":{"index":"index","follow":"follow","max-snippet":"max-snippet:-1","max-image-preview":"max-image-preview:large","max-video-preview":"max-video-preview:-1"},"canonical":"https:\/\/jzi.org.pl\/en\/galerie\/zdjecia-z-kolekcji-karola-mitrosa\/","og_locale":"en_US","og_type":"article","og_title":"Zdj\u0119cia z kolekcji Karola Mitrosa","og_url":"https:\/\/jzi.org.pl\/en\/galerie\/zdjecia-z-kolekcji-karola-mitrosa\/","og_site_name":"Jami\u0144ski Zesp\u00f3\u0142 Indeksacyjny","article_publisher":"https:\/\/www.facebook.com\/Jaminski.Zespol.Indeksacyjny\/","article_modified_time":"2020-03-15T05:39:50+00:00","og_image":[{"width":786,"height":323,"url":"https:\/\/jzi.org.pl\/wp-content\/uploads\/2019\/02\/zdjecia-z-kolekcji-karola-mitrosa.png","type":"image\/png"}],"twitter_card":"summary_large_image","schema":{"@context":"https:\/\/schema.org","@graph":[{"@type":"WebPage","@id":"https:\/\/jzi.org.pl\/galerie\/zdjecia-z-kolekcji-karola-mitrosa\/","url":"https:\/\/jzi.org.pl\/galerie\/zdjecia-z-kolekcji-karola-mitrosa\/","name":"Zdj\u0119cia z kolekcji Karola Mitrosa - Jami\u0144ski Zesp\u00f3\u0142 Indeksacyjny","isPartOf":{"@id":"https:\/\/jzi.org.pl\/#website"},"primaryImageOfPage":{"@id":"https:\/\/jzi.org.pl\/galerie\/zdjecia-z-kolekcji-karola-mitrosa\/#primaryimage"},"image":{"@id":"https:\/\/jzi.org.pl\/galerie\/zdjecia-z-kolekcji-karola-mitrosa\/#primaryimage"},"thumbnailUrl":"https:\/\/jzi.org.pl\/wp-content\/uploads\/2019\/02\/3-brat-wiktora-mitrosa.jpg","datePublished":"2019-02-19T23:00:00+00:00","dateModified":"2020-03-15T05:39:50+00:00","breadcrumb":{"@id":"https:\/\/jzi.org.pl\/galerie\/zdjecia-z-kolekcji-karola-mitrosa\/#breadcrumb"},"inLanguage":"en-US","potentialAction":[{"@type":"ReadAction","target":["https:\/\/jzi.org.pl\/galerie\/zdjecia-z-kolekcji-karola-mitrosa\/"]}]},{"@type":"ImageObject","inLanguage":"en-US","@id":"https:\/\/jzi.org.pl\/galerie\/zdjecia-z-kolekcji-karola-mitrosa\/#primaryimage","url":"https:\/\/jzi.org.pl\/wp-content\/uploads\/2019\/02\/3-brat-wiktora-mitrosa.jpg","contentUrl":"https:\/\/jzi.org.pl\/wp-content\/uploads\/2019\/02\/3-brat-wiktora-mitrosa.jpg","width":1500,"height":1869,"caption":"Brat Wiktora Mitrosa."},{"@type":"BreadcrumbList","@id":"https:\/\/jzi.org.pl\/galerie\/zdjecia-z-kolekcji-karola-mitrosa\/#breadcrumb","itemListElement":[{"@type":"ListItem","position":1,"name":"Strona g\u0142\u00f3wna","item":"https:\/\/jzi.org.pl\/"},{"@type":"ListItem","position":2,"name":"Galerie","item":"https:\/\/jzi.org.pl\/galerie\/"},{"@type":"ListItem","position":3,"name":"Zdj\u0119cia z kolekcji Karola Mitrosa"}]},{"@type":"WebSite","@id":"https:\/\/jzi.org.pl\/#website","url":"https:\/\/jzi.org.pl\/","name":"Jaminy Indexing Team","description":"","publisher":{"@id":"https:\/\/jzi.org.pl\/#organization"},"potentialAction":[{"@type":"SearchAction","target":{"@type":"EntryPoint","urlTemplate":"https:\/\/jzi.org.pl\/?s={search_term_string}"},"query-input":{"@type":"PropertyValueSpecification","valueRequired":true,"valueName":"search_term_string"}}],"inLanguage":"en-US"},{"@type":"Organization","@id":"https:\/\/jzi.org.pl\/#organization","name":"Jaminy Indexing Team","url":"https:\/\/jzi.org.pl\/","logo":{"@type":"ImageObject","inLanguage":"en-US","@id":"https:\/\/jzi.org.pl\/#\/schema\/logo\/image\/","url":"https:\/\/jzi.org.pl\/wp-content\/uploads\/2019\/03\/logo-stowarzyszenie-jzi.png","contentUrl":"https:\/\/jzi.org.pl\/wp-content\/uploads\/2019\/03\/logo-stowarzyszenie-jzi.png","width":931,"height":990,"caption":"Jami\u0144ski Zesp\u00f3\u0142 Indeksacyjny"},"image":{"@id":"https:\/\/jzi.org.pl\/#\/schema\/logo\/image\/"},"sameAs":["https:\/\/www.facebook.com\/Jaminski.Zespol.Indeksacyjny\/"]}]}},"jetpack_likes_enabled":true,"jetpack_sharing_enabled":true,"_links":{"self":[{"href":"https:\/\/jzi.org.pl\/en\/wp-json\/wp\/v2\/pages\/7069","targetHints":{"allow":["GET"]}}],"collection":[{"href":"https:\/\/jzi.org.pl\/en\/wp-json\/wp\/v2\/pages"}],"about":[{"href":"https:\/\/jzi.org.pl\/en\/wp-json\/wp\/v2\/types\/page"}],"author":[{"embeddable":true,"href":"https:\/\/jzi.org.pl\/en\/wp-json\/wp\/v2\/users\/1"}],"replies":[{"embeddable":true,"href":"https:\/\/jzi.org.pl\/en\/wp-json\/wp\/v2\/comments?post=7069"}],"version-history":[{"count":0,"href":"https:\/\/jzi.org.pl\/en\/wp-json\/wp\/v2\/pages\/7069\/revisions"}],"up":[{"embeddable":true,"href":"https:\/\/jzi.org.pl\/en\/wp-json\/wp\/v2\/pages\/1158"}],"wp:featuredmedia":[{"embeddable":true,"href":"https:\/\/jzi.org.pl\/en\/wp-json\/wp\/v2\/media\/7063"}],"wp:attachment":[{"href":"https:\/\/jzi.org.pl\/en\/wp-json\/wp\/v2\/media?parent=7069"}],"curies":[{"name":"wp","href":"https:\/\/api.w.org\/{rel}","templated":true}]}}