{"id":7,"date":"2017-06-08T00:00:00","date_gmt":"2017-06-07T22:00:00","guid":{"rendered":"http:\/\/myview360.eu\/WordPress\/?page_id=7"},"modified":"2020-04-29T19:59:51","modified_gmt":"2020-04-29T17:59:51","slug":"o-nas","status":"publish","type":"page","link":"https:\/\/jzi.org.pl\/en\/o-nas\/","title":{"rendered":"About us"},"content":{"rendered":"<p style=\"text-align: left;\">Who we are? Where did we come from? Where are we heading?<br \/>\nThese questions and slogans illustrate the essence of things and the reason for our actions. We try to convert and recall once written words into specific actions. Save the past generations from oblivion, make that once again, the words read and written take the form of specific people, hidden behind dates and letters of the name. People who once lived in these lands among the same roads, rivers and forests. In this way we realize the well-known sentence \"... the word became flesh\". and we will try to implement the words recorded in one of the nineteenth century books found at the parish in Jaminy to guide our activities as a motto<\/p>\n<p><a href=\"https:\/\/jzi.org.pl\/wp-content\/uploads\/2017\/06\/Motto-indksuj\u0105cych.jpg\"><img loading=\"lazy\" decoding=\"async\" class=\"aligncenter size-large wp-image-154\" src=\"https:\/\/jzi.org.pl\/wp-content\/uploads\/2017\/06\/Motto-indksuj\u0105cych-1024x169.jpg\" alt=\"\" width=\"980\" height=\"162\" srcset=\"https:\/\/jzi.org.pl\/wp-content\/uploads\/2017\/06\/Motto-indksuj\u0105cych-1024x169.jpg 1024w, https:\/\/jzi.org.pl\/wp-content\/uploads\/2017\/06\/Motto-indksuj\u0105cych-416x69.jpg 416w, https:\/\/jzi.org.pl\/wp-content\/uploads\/2017\/06\/Motto-indksuj\u0105cych-300x49.jpg 300w, https:\/\/jzi.org.pl\/wp-content\/uploads\/2017\/06\/Motto-indksuj\u0105cych-768x127.jpg 768w, https:\/\/jzi.org.pl\/wp-content\/uploads\/2017\/06\/Motto-indksuj\u0105cych-750x124.jpg 750w, https:\/\/jzi.org.pl\/wp-content\/uploads\/2017\/06\/Motto-indksuj\u0105cych-400x66.jpg 400w, https:\/\/jzi.org.pl\/wp-content\/uploads\/2017\/06\/Motto-indksuj\u0105cych-430x71.jpg 430w, https:\/\/jzi.org.pl\/wp-content\/uploads\/2017\/06\/Motto-indksuj\u0105cych-150x25.jpg 150w, https:\/\/jzi.org.pl\/wp-content\/uploads\/2017\/06\/Motto-indksuj\u0105cych-100x16.jpg 100w, https:\/\/jzi.org.pl\/wp-content\/uploads\/2017\/06\/Motto-indksuj\u0105cych.jpg 1141w\" sizes=\"auto, (max-width: 980px) 100vw, 980px\" \/><\/a><\/p>\n<p><del><\/del>We created the Jaminy Indexing Team aimed at reading, rewriting and indexing in the available form the oldest record resources of the Jaminy parish, and then we went further to the next parishes and archives. The abbreviated name JZI (easy) would suggest that it will be easy ;-), but time is governed by its own laws and will only show if we have managed to restore the identity of so many before us.<br \/>\nYou can help and improve these activities by making donations or joining our indexing work via the Internet. We look forward to receiving your applications and comments.<\/p>\n<p>If you think the information on this page is valuable, consider a donation of any value. Each sum will help us to add new indexes.<\/p>\n<p>Konto: 37 1600 1462 1834 7686 6000 0001 w BG\u017b BNP.<\/p>\n<p>Piszcie do nas: \u00a0 <span \n                data-original-string='1jP5sNc\/IVoIPzwFAhOImQ==2a3o+7e6U1\/9DbggBxOYm+sMw=='\n                class='apbct-email-encoder'\n                title='This contact has been encoded by Anti-Spam by CleanTalk. Click to decode. To finish the decoding make sure that JavaScript is enabled in your browser.'>jz<span class=\"apbct-blur\">*<\/span>@<span class=\"apbct-blur\">*****<\/span>rg.pl<\/span> lub <span \n                data-original-string='lEnfxXdlsCda58bYvFz5Vw==2a3VtBNE5sPbWNnJ+5xus1q6tp37JankB3\/j5NP6UPZrtty1OT22i8fNBwXGNeHKRYu'\n                class='apbct-email-encoder'\n                title='This contact has been encoded by Anti-Spam by CleanTalk. Click to decode. To finish the decoding make sure that JavaScript is enabled in your browser.'>ja<span class=\"apbct-blur\">**************************<\/span>@<span class=\"apbct-blur\">***<\/span>il.com<\/span><\/p>\n<p>We also invite you to our Facebook profile:<\/p>\n<p><a href=\"https:\/\/facebook.com\/jaminski.zespol.indeksacyjny\" target=\"_blank\" rel=\"noopener noreferrer\"><img loading=\"lazy\" decoding=\"async\" class=\"alignleft wp-image-979\" src=\"https:\/\/jzi.org.pl\/wp-content\/uploads\/2017\/06\/facebook-256.png\" alt=\"\" width=\"64\" height=\"64\" srcset=\"https:\/\/jzi.org.pl\/wp-content\/uploads\/2017\/06\/facebook-256.png 256w, https:\/\/jzi.org.pl\/wp-content\/uploads\/2017\/06\/facebook-256-100x100.png 100w, https:\/\/jzi.org.pl\/wp-content\/uploads\/2017\/06\/facebook-256-150x150.png 150w\" sizes=\"auto, (max-width: 64px) 100vw, 64px\" \/><\/a><\/p>\n<p>&nbsp;<\/p>","protected":false},"excerpt":{"rendered":"<p>Kim jeste\u015bmy? Sk\u0105d przybyli\u015bmy? Dok\u0105d zmierzamy? Te pytania, has\u0142a obrazuj\u0105 istot\u0119 rzeczy i przyczyn\u0119 naszych poczyna\u0144.\u00a0Pr\u00f3bujemy zamieni\u0107 i przypomnie\u0107 niegdy\u015b zapisane s\u0142owa w konkretne dzia\u0142ania. Ocali\u0107 od zapomnienia odesz\u0142e pokolenia, sprawi\u0107 by jeszcze raz, odczytane i spisane s\u0142owa przybra\u0142y postacie konkretnych os\u00f3b, skrywane za datami i literami nazwiska. Os\u00f3b, kt\u00f3re kiedy\u015b po\u015br\u00f3d tych samych dr\u00f3g, [&hellip;]<\/p>\n","protected":false},"author":1,"featured_media":0,"parent":0,"menu_order":0,"comment_status":"open","ping_status":"open","template":"","meta":{"h5ap_radio_sources":[],"jetpack_post_was_ever_published":false,"footnotes":""},"class_list":["post-7","page","type-page","status-publish","hentry"],"yoast_head":"<!-- This site is optimized with the Yoast SEO plugin v27.4 - https:\/\/yoast.com\/product\/yoast-seo-wordpress\/ -->\n<title>O nas - Jami\u0144ski Zesp\u00f3\u0142 Indeksacyjny<\/title>\n<meta name=\"description\" content=\"Pr\u00f3bujemy ocali\u0107 od zapomnienia odesz\u0142e pokolenia, sprawi\u0107 by jeszcze raz, zapisane s\u0142owa przybra\u0142y posta\u0107 konkretnych os\u00f3b.\" \/>\n<meta name=\"robots\" content=\"index, follow, max-snippet:-1, max-image-preview:large, max-video-preview:-1\" \/>\n<link rel=\"canonical\" href=\"https:\/\/jzi.org.pl\/en\/o-nas\/\" \/>\n<meta property=\"og:locale\" content=\"en_US\" \/>\n<meta property=\"og:type\" content=\"article\" \/>\n<meta property=\"og:title\" content=\"Jami\u0144ski Zesp\u00f3\u0142 Indeksacyjny\" \/>\n<meta property=\"og:description\" content=\"Pr\u00f3bujemy ocali\u0107 od zapomnienia odesz\u0142e pokolenia, sprawi\u0107 by jeszcze raz, zapisane s\u0142owa przybra\u0142y posta\u0107 konkretnych os\u00f3b.\" \/>\n<meta property=\"og:url\" content=\"https:\/\/jzi.org.pl\/en\/o-nas\/\" \/>\n<meta property=\"og:site_name\" content=\"Jami\u0144ski Zesp\u00f3\u0142 Indeksacyjny\" \/>\n<meta property=\"article:publisher\" content=\"https:\/\/www.facebook.com\/Jaminski.Zespol.Indeksacyjny\/\" \/>\n<meta property=\"article:modified_time\" content=\"2020-04-29T17:59:51+00:00\" \/>\n<meta property=\"og:image\" content=\"https:\/\/jzi.org.pl\/wp-content\/uploads\/2019\/03\/logo-stowarzyszenie-jzi-1.png\" \/>\n\t<meta property=\"og:image:width\" content=\"931\" \/>\n\t<meta property=\"og:image:height\" content=\"990\" \/>\n\t<meta property=\"og:image:type\" content=\"image\/png\" \/>\n<meta name=\"twitter:card\" content=\"summary_large_image\" \/>\n<meta name=\"twitter:label1\" content=\"Est. reading time\" \/>\n\t<meta name=\"twitter:data1\" content=\"1 minute\" \/>\n<script type=\"application\/ld+json\" class=\"yoast-schema-graph\">{\"@context\":\"https:\\\/\\\/schema.org\",\"@graph\":[{\"@type\":\"WebPage\",\"@id\":\"https:\\\/\\\/jzi.org.pl\\\/o-nas\\\/\",\"url\":\"https:\\\/\\\/jzi.org.pl\\\/o-nas\\\/\",\"name\":\"O nas - Jami\u0144ski Zesp\u00f3\u0142 Indeksacyjny\",\"isPartOf\":{\"@id\":\"https:\\\/\\\/jzi.org.pl\\\/#website\"},\"primaryImageOfPage\":{\"@id\":\"https:\\\/\\\/jzi.org.pl\\\/o-nas\\\/#primaryimage\"},\"image\":{\"@id\":\"https:\\\/\\\/jzi.org.pl\\\/o-nas\\\/#primaryimage\"},\"thumbnailUrl\":\"https:\\\/\\\/jzi.org.pl\\\/wp-content\\\/uploads\\\/2017\\\/06\\\/facebook-256.png\",\"datePublished\":\"2017-06-07T22:00:00+00:00\",\"dateModified\":\"2020-04-29T17:59:51+00:00\",\"description\":\"Pr\u00f3bujemy ocali\u0107 od zapomnienia odesz\u0142e pokolenia, sprawi\u0107 by jeszcze raz, zapisane s\u0142owa przybra\u0142y posta\u0107 konkretnych os\u00f3b.\",\"breadcrumb\":{\"@id\":\"https:\\\/\\\/jzi.org.pl\\\/o-nas\\\/#breadcrumb\"},\"inLanguage\":\"en-US\",\"potentialAction\":[{\"@type\":\"ReadAction\",\"target\":[\"https:\\\/\\\/jzi.org.pl\\\/o-nas\\\/\"]}]},{\"@type\":\"ImageObject\",\"inLanguage\":\"en-US\",\"@id\":\"https:\\\/\\\/jzi.org.pl\\\/o-nas\\\/#primaryimage\",\"url\":\"https:\\\/\\\/jzi.org.pl\\\/wp-content\\\/uploads\\\/2017\\\/06\\\/facebook-256.png\",\"contentUrl\":\"https:\\\/\\\/jzi.org.pl\\\/wp-content\\\/uploads\\\/2017\\\/06\\\/facebook-256.png\"},{\"@type\":\"BreadcrumbList\",\"@id\":\"https:\\\/\\\/jzi.org.pl\\\/o-nas\\\/#breadcrumb\",\"itemListElement\":[{\"@type\":\"ListItem\",\"position\":1,\"name\":\"Strona g\u0142\u00f3wna\",\"item\":\"https:\\\/\\\/jzi.org.pl\\\/\"},{\"@type\":\"ListItem\",\"position\":2,\"name\":\"O nas\"}]},{\"@type\":\"WebSite\",\"@id\":\"https:\\\/\\\/jzi.org.pl\\\/#website\",\"url\":\"https:\\\/\\\/jzi.org.pl\\\/\",\"name\":\"Jami\u0144ski Zesp\u00f3\u0142 Indeksacyjny\",\"description\":\"\",\"publisher\":{\"@id\":\"https:\\\/\\\/jzi.org.pl\\\/#organization\"},\"potentialAction\":[{\"@type\":\"SearchAction\",\"target\":{\"@type\":\"EntryPoint\",\"urlTemplate\":\"https:\\\/\\\/jzi.org.pl\\\/?s={search_term_string}\"},\"query-input\":{\"@type\":\"PropertyValueSpecification\",\"valueRequired\":true,\"valueName\":\"search_term_string\"}}],\"inLanguage\":\"en-US\"},{\"@type\":\"Organization\",\"@id\":\"https:\\\/\\\/jzi.org.pl\\\/#organization\",\"name\":\"Jami\u0144ski Zesp\u00f3\u0142 Indeksacyjny\",\"url\":\"https:\\\/\\\/jzi.org.pl\\\/\",\"logo\":{\"@type\":\"ImageObject\",\"inLanguage\":\"en-US\",\"@id\":\"https:\\\/\\\/jzi.org.pl\\\/#\\\/schema\\\/logo\\\/image\\\/\",\"url\":\"https:\\\/\\\/jzi.org.pl\\\/wp-content\\\/uploads\\\/2019\\\/03\\\/logo-stowarzyszenie-jzi.png\",\"contentUrl\":\"https:\\\/\\\/jzi.org.pl\\\/wp-content\\\/uploads\\\/2019\\\/03\\\/logo-stowarzyszenie-jzi.png\",\"width\":931,\"height\":990,\"caption\":\"Jami\u0144ski Zesp\u00f3\u0142 Indeksacyjny\"},\"image\":{\"@id\":\"https:\\\/\\\/jzi.org.pl\\\/#\\\/schema\\\/logo\\\/image\\\/\"},\"sameAs\":[\"https:\\\/\\\/www.facebook.com\\\/Jaminski.Zespol.Indeksacyjny\\\/\"]}]}<\/script>\n<!-- \/ Yoast SEO plugin. -->","yoast_head_json":{"title":"O nas - Jami\u0144ski Zesp\u00f3\u0142 Indeksacyjny","description":"Pr\u00f3bujemy ocali\u0107 od zapomnienia odesz\u0142e pokolenia, sprawi\u0107 by jeszcze raz, zapisane s\u0142owa przybra\u0142y posta\u0107 konkretnych os\u00f3b.","robots":{"index":"index","follow":"follow","max-snippet":"max-snippet:-1","max-image-preview":"max-image-preview:large","max-video-preview":"max-video-preview:-1"},"canonical":"https:\/\/jzi.org.pl\/en\/o-nas\/","og_locale":"en_US","og_type":"article","og_title":"Jami\u0144ski Zesp\u00f3\u0142 Indeksacyjny","og_description":"Pr\u00f3bujemy ocali\u0107 od zapomnienia odesz\u0142e pokolenia, sprawi\u0107 by jeszcze raz, zapisane s\u0142owa przybra\u0142y posta\u0107 konkretnych os\u00f3b.","og_url":"https:\/\/jzi.org.pl\/en\/o-nas\/","og_site_name":"Jami\u0144ski Zesp\u00f3\u0142 Indeksacyjny","article_publisher":"https:\/\/www.facebook.com\/Jaminski.Zespol.Indeksacyjny\/","article_modified_time":"2020-04-29T17:59:51+00:00","og_image":[{"width":931,"height":990,"url":"https:\/\/jzi.org.pl\/wp-content\/uploads\/2019\/03\/logo-stowarzyszenie-jzi-1.png","type":"image\/png"}],"twitter_card":"summary_large_image","twitter_misc":{"Est. reading time":"1 minute"},"schema":{"@context":"https:\/\/schema.org","@graph":[{"@type":"WebPage","@id":"https:\/\/jzi.org.pl\/o-nas\/","url":"https:\/\/jzi.org.pl\/o-nas\/","name":"O nas - Jami\u0144ski Zesp\u00f3\u0142 Indeksacyjny","isPartOf":{"@id":"https:\/\/jzi.org.pl\/#website"},"primaryImageOfPage":{"@id":"https:\/\/jzi.org.pl\/o-nas\/#primaryimage"},"image":{"@id":"https:\/\/jzi.org.pl\/o-nas\/#primaryimage"},"thumbnailUrl":"https:\/\/jzi.org.pl\/wp-content\/uploads\/2017\/06\/facebook-256.png","datePublished":"2017-06-07T22:00:00+00:00","dateModified":"2020-04-29T17:59:51+00:00","description":"Pr\u00f3bujemy ocali\u0107 od zapomnienia odesz\u0142e pokolenia, sprawi\u0107 by jeszcze raz, zapisane s\u0142owa przybra\u0142y posta\u0107 konkretnych os\u00f3b.","breadcrumb":{"@id":"https:\/\/jzi.org.pl\/o-nas\/#breadcrumb"},"inLanguage":"en-US","potentialAction":[{"@type":"ReadAction","target":["https:\/\/jzi.org.pl\/o-nas\/"]}]},{"@type":"ImageObject","inLanguage":"en-US","@id":"https:\/\/jzi.org.pl\/o-nas\/#primaryimage","url":"https:\/\/jzi.org.pl\/wp-content\/uploads\/2017\/06\/facebook-256.png","contentUrl":"https:\/\/jzi.org.pl\/wp-content\/uploads\/2017\/06\/facebook-256.png"},{"@type":"BreadcrumbList","@id":"https:\/\/jzi.org.pl\/o-nas\/#breadcrumb","itemListElement":[{"@type":"ListItem","position":1,"name":"Strona g\u0142\u00f3wna","item":"https:\/\/jzi.org.pl\/"},{"@type":"ListItem","position":2,"name":"O nas"}]},{"@type":"WebSite","@id":"https:\/\/jzi.org.pl\/#website","url":"https:\/\/jzi.org.pl\/","name":"Jaminy Indexing Team","description":"","publisher":{"@id":"https:\/\/jzi.org.pl\/#organization"},"potentialAction":[{"@type":"SearchAction","target":{"@type":"EntryPoint","urlTemplate":"https:\/\/jzi.org.pl\/?s={search_term_string}"},"query-input":{"@type":"PropertyValueSpecification","valueRequired":true,"valueName":"search_term_string"}}],"inLanguage":"en-US"},{"@type":"Organization","@id":"https:\/\/jzi.org.pl\/#organization","name":"Jaminy Indexing Team","url":"https:\/\/jzi.org.pl\/","logo":{"@type":"ImageObject","inLanguage":"en-US","@id":"https:\/\/jzi.org.pl\/#\/schema\/logo\/image\/","url":"https:\/\/jzi.org.pl\/wp-content\/uploads\/2019\/03\/logo-stowarzyszenie-jzi.png","contentUrl":"https:\/\/jzi.org.pl\/wp-content\/uploads\/2019\/03\/logo-stowarzyszenie-jzi.png","width":931,"height":990,"caption":"Jami\u0144ski Zesp\u00f3\u0142 Indeksacyjny"},"image":{"@id":"https:\/\/jzi.org.pl\/#\/schema\/logo\/image\/"},"sameAs":["https:\/\/www.facebook.com\/Jaminski.Zespol.Indeksacyjny\/"]}]}},"jetpack_likes_enabled":true,"jetpack_sharing_enabled":true,"_links":{"self":[{"href":"https:\/\/jzi.org.pl\/en\/wp-json\/wp\/v2\/pages\/7","targetHints":{"allow":["GET"]}}],"collection":[{"href":"https:\/\/jzi.org.pl\/en\/wp-json\/wp\/v2\/pages"}],"about":[{"href":"https:\/\/jzi.org.pl\/en\/wp-json\/wp\/v2\/types\/page"}],"author":[{"embeddable":true,"href":"https:\/\/jzi.org.pl\/en\/wp-json\/wp\/v2\/users\/1"}],"replies":[{"embeddable":true,"href":"https:\/\/jzi.org.pl\/en\/wp-json\/wp\/v2\/comments?post=7"}],"version-history":[{"count":0,"href":"https:\/\/jzi.org.pl\/en\/wp-json\/wp\/v2\/pages\/7\/revisions"}],"wp:attachment":[{"href":"https:\/\/jzi.org.pl\/en\/wp-json\/wp\/v2\/media?parent=7"}],"curies":[{"name":"wp","href":"https:\/\/api.w.org\/{rel}","templated":true}]}}