{"id":599,"date":"2017-06-24T00:00:00","date_gmt":"2017-06-23T22:00:00","guid":{"rendered":"http:\/\/myview360.eu\/WordPress\/?page_id=599"},"modified":"2024-05-22T13:18:22","modified_gmt":"2024-05-22T11:18:22","slug":"dokumenty","status":"publish","type":"page","link":"https:\/\/jzi.org.pl\/en\/stowarzyszenie\/dokumenty\/","title":{"rendered":"Documents"},"content":{"rendered":"<div id=\"pl-599\"  class=\"panel-layout\" ><div id=\"pg-599-0\"  class=\"panel-grid panel-no-style\" ><div id=\"pgc-599-0-0\"  class=\"panel-grid-cell\" ><div id=\"panel-599-0-0-0\" class=\"so-panel widget widget_sow-editor panel-first-child panel-last-child\" data-index=\"0\" ><div\n\t\t\t\n\t\t\tclass=\"so-widget-sow-editor so-widget-sow-editor-base\"\n\t\t\t\n\t\t>\n<div class=\"siteorigin-widget-tinymce textwidget\">\n\t<h4>2017<\/h4>\n<p><a href=\"https:\/\/jzi.org.pl\/en\/stowarzyszenie\/dokumenty\/sprawozdanie-merytoryczne-z-dzialalnosci-stowarzyszenia-za-rok-2017\/\">Sprawozdanie merytoryczne z dzia\u0142alno\u015bci Stowarzyszenia za 2017 rok<\/a><\/p>\n<p><a href=\"https:\/\/jzi.org.pl\/en\/stowarzyszenie\/dokumenty\/uchwaly-podjete-na-1-walnym-zebraniu-czlonkow-jzi\/\">Uchwa\u0142y podj\u0119te na 1. Walnym Zebraniu Cz\u0142onk\u00f3w JZI w dniu 12 maja 2018 r.<\/a><\/p>\n<h4>2018<\/h4>\n<p><a href=\"https:\/\/jzi.org.pl\/en\/stowarzyszenie\/dokumenty\/sprawozdanie-merytoryczne-z-dzialalnosci-stowarzyszenia-za-rok-2018\/\">Sprawozdanie merytoryczne z dzia\u0142alno\u015bci Stowarzyszenia za 2018 rok<\/a><\/p>\n<p><a href=\"https:\/\/jzi.org.pl\/en\/stowarzyszenie\/dokumenty\/uchwaly-podjete-na-2-walnym-zebraniu-czlonkow-jzi\/\">Uchwa\u0142y podj\u0119te na 2. Walnym Zebraniu Cz\u0142onk\u00f3w JZI w dniu 25 maja 2019 r.<\/a><\/p>\n<h4>2019<\/h4>\n<p><a href=\"https:\/\/jzi.org.pl\/en\/stowarzyszenie\/dokumenty\/sprawozdanie-merytoryczne-z-dzialalnosci-stowarzyszenia-za-rok-2019\/\">Sprawozdanie merytoryczne z dzia\u0142alno\u015bci Stowarzyszenia za 2019 rok<\/a><\/p>\n<p><a href=\"https:\/\/jzi.org.pl\/en\/stowarzyszenie\/dokumenty\/uchwaly-podjete-na-3-walnym-zebraniu-czlonkow-jzi\/\">Uchwa\u0142y podj\u0119te na 3. Walnym Zebraniu Cz\u0142onk\u00f3w JZI w dniu 14 wrze\u015bnia 2020 r.<\/a><\/p>\n<h4>2020<\/h4>\n<p><a href=\"https:\/\/jzi.org.pl\/en\/stowarzyszenie\/dokumenty\/sprawozdanie-merytoryczne-z-dzialalnosci-stowarzyszenia-za-rok-2020\/\">Sprawozdanie merytoryczne z dzia\u0142alno\u015bci Stowarzyszenia za 2020 rok<\/a><\/p>\n<p><a href=\"https:\/\/jzi.org.pl\/en\/stowarzyszenie\/dokumenty\/uchwaly-podjete-na-4-walnym-zebraniu-czlonkow-jzi\/\">Uchwa\u0142y podj\u0119te na 4. Walnym Zebraniu Cz\u0142onk\u00f3w JZI w dniu 16 wrze\u015bnia 2021 r.<\/a><\/p>\n<h4>2021<\/h4>\n<p><a href=\"https:\/\/jzi.org.pl\/en\/stowarzyszenie\/dokumenty\/sprawozdanie-merytoryczne-z-dzialalnosci-stowarzyszenia-za-rok-2021\/\">Sprawozdanie merytoryczne z dzia\u0142alno\u015bci Stowarzyszenia za 2021 rok<\/a><\/p>\n<p><a href=\"https:\/\/jzi.org.pl\/en\/stowarzyszenie\/dokumenty\/uchwaly-podjete-na-5-walnym-zebraniu-czlonkow-jzi\/\">Uchwa\u0142y podj\u0119te na 5. Walnym Zebraniu Cz\u0142onk\u00f3w JZI w dniu 20 wrze\u015bnia 2022 r.<\/a><\/p>\n<h4>2022<\/h4>\n<p><a href=\"https:\/\/jzi.org.pl\/en\/stowarzyszenie\/dokumenty\/sprawozdanie-merytoryczne-z-dzialalnosci-stowarzyszenia-za-rok-2022\/\">Sprawozdanie merytoryczne z dzia\u0142alno\u015bci Stowarzyszenia za 2022 rok<\/a><\/p>\n<p><a href=\"https:\/\/jzi.org.pl\/en\/stowarzyszenie\/dokumenty\/uchwaly-podjete-na-6-walnym-zebraniu-czlonkow-jzi\/\">Uchwa\u0142y podj\u0119te na 6. Walnym Zebraniu Cz\u0142onk\u00f3w JZI w dniu 27 maja 2023 r.<\/a><\/p>\n<h4>2023<\/h4>\n<p><a href=\"https:\/\/jzi.org.pl\/en\/stowarzyszenie\/dokumenty\/sprawozdanie-merytoryczne-z-dzialalnosci-stowarzyszenia-za-rok-2023\/\">Sprawozdanie merytoryczne z dzia\u0142alno\u015bci Stowarzyszenia za 2023 rok<\/a><\/p>\n<p><a href=\"https:\/\/jzi.org.pl\/en\/stowarzyszenie\/dokumenty\/uchwaly-podjete-na-7-walnym-zebraniu-czlonkow-jzi\/\">Uchwa\u0142y podj\u0119te na 7. Walnym Zebraniu Cz\u0142onk\u00f3w JZI w dniu 11 maja 2024 r.<\/a><\/p>\n<\/div>\n<\/div><\/div><\/div><\/div><\/div>","protected":false},"excerpt":{"rendered":"<p>2017 Sprawozdanie merytoryczne z dzia\u0142alno\u015bci Stowarzyszenia za 2017 rok Uchwa\u0142y podj\u0119te na 1. Walnym Zebraniu Cz\u0142onk\u00f3w JZI w dniu 12 maja 2018 r. 2018 Sprawozdanie merytoryczne z dzia\u0142alno\u015bci Stowarzyszenia za 2018 rok Uchwa\u0142y podj\u0119te na 2. Walnym Zebraniu Cz\u0142onk\u00f3w JZI w dniu 25 maja 2019 r. 2019 Sprawozdanie merytoryczne z dzia\u0142alno\u015bci Stowarzyszenia za 2019 rok [&hellip;]<\/p>\n","protected":false},"author":1,"featured_media":7261,"parent":16,"menu_order":0,"comment_status":"open","ping_status":"open","template":"","meta":{"h5ap_radio_sources":[],"jetpack_post_was_ever_published":false,"footnotes":""},"class_list":["post-599","page","type-page","status-publish","has-post-thumbnail","hentry"],"yoast_head":"<!-- This site is optimized with the Yoast SEO plugin v27.3 - https:\/\/yoast.com\/product\/yoast-seo-wordpress\/ -->\n<title>Dokumenty - Jami\u0144ski Zesp\u00f3\u0142 Indeksacyjny<\/title>\n<meta name=\"robots\" content=\"index, follow, max-snippet:-1, max-image-preview:large, max-video-preview:-1\" \/>\n<link rel=\"canonical\" href=\"https:\/\/jzi.org.pl\/en\/stowarzyszenie\/dokumenty\/\" \/>\n<meta property=\"og:locale\" content=\"en_US\" \/>\n<meta property=\"og:type\" content=\"article\" \/>\n<meta property=\"og:title\" content=\"Dokumenty - Jami\u0144ski Zesp\u00f3\u0142 Indeksacyjny\" \/>\n<meta property=\"og:description\" content=\"2017 Sprawozdanie merytoryczne z dzia\u0142alno\u015bci Stowarzyszenia za 2017 rok Uchwa\u0142y podj\u0119te na 1. Walnym Zebraniu Cz\u0142onk\u00f3w JZI w dniu 12 maja 2018 r. 2018 Sprawozdanie merytoryczne z dzia\u0142alno\u015bci Stowarzyszenia za 2018 rok Uchwa\u0142y podj\u0119te na 2. Walnym Zebraniu Cz\u0142onk\u00f3w JZI w dniu 25 maja 2019 r. 2019 Sprawozdanie merytoryczne z dzia\u0142alno\u015bci Stowarzyszenia za 2019 rok [&hellip;]\" \/>\n<meta property=\"og:url\" content=\"https:\/\/jzi.org.pl\/en\/stowarzyszenie\/dokumenty\/\" \/>\n<meta property=\"og:site_name\" content=\"Jami\u0144ski Zesp\u00f3\u0142 Indeksacyjny\" \/>\n<meta property=\"article:publisher\" content=\"https:\/\/www.facebook.com\/Jaminski.Zespol.Indeksacyjny\/\" \/>\n<meta property=\"article:modified_time\" content=\"2024-05-22T11:18:22+00:00\" \/>\n<meta property=\"og:image\" content=\"https:\/\/jzi.org.pl\/wp-content\/uploads\/2019\/03\/logo-stowarzyszenie-jzi-1.png\" \/>\n\t<meta property=\"og:image:width\" content=\"931\" \/>\n\t<meta property=\"og:image:height\" content=\"990\" \/>\n\t<meta property=\"og:image:type\" content=\"image\/png\" \/>\n<meta name=\"twitter:card\" content=\"summary_large_image\" \/>\n<meta name=\"twitter:label1\" content=\"Est. reading time\" \/>\n\t<meta name=\"twitter:data1\" content=\"2 minutes\" \/>\n<script type=\"application\/ld+json\" class=\"yoast-schema-graph\">{\"@context\":\"https:\\\/\\\/schema.org\",\"@graph\":[{\"@type\":\"WebPage\",\"@id\":\"https:\\\/\\\/jzi.org.pl\\\/stowarzyszenie\\\/dokumenty\\\/\",\"url\":\"https:\\\/\\\/jzi.org.pl\\\/stowarzyszenie\\\/dokumenty\\\/\",\"name\":\"Dokumenty - Jami\u0144ski Zesp\u00f3\u0142 Indeksacyjny\",\"isPartOf\":{\"@id\":\"https:\\\/\\\/jzi.org.pl\\\/#website\"},\"primaryImageOfPage\":{\"@id\":\"https:\\\/\\\/jzi.org.pl\\\/stowarzyszenie\\\/dokumenty\\\/#primaryimage\"},\"image\":{\"@id\":\"https:\\\/\\\/jzi.org.pl\\\/stowarzyszenie\\\/dokumenty\\\/#primaryimage\"},\"thumbnailUrl\":\"https:\\\/\\\/jzi.org.pl\\\/wp-content\\\/uploads\\\/2019\\\/03\\\/logo-stowarzyszenie-jzi-1.png\",\"datePublished\":\"2017-06-23T22:00:00+00:00\",\"dateModified\":\"2024-05-22T11:18:22+00:00\",\"breadcrumb\":{\"@id\":\"https:\\\/\\\/jzi.org.pl\\\/stowarzyszenie\\\/dokumenty\\\/#breadcrumb\"},\"inLanguage\":\"en-US\",\"potentialAction\":[{\"@type\":\"ReadAction\",\"target\":[\"https:\\\/\\\/jzi.org.pl\\\/stowarzyszenie\\\/dokumenty\\\/\"]}]},{\"@type\":\"ImageObject\",\"inLanguage\":\"en-US\",\"@id\":\"https:\\\/\\\/jzi.org.pl\\\/stowarzyszenie\\\/dokumenty\\\/#primaryimage\",\"url\":\"https:\\\/\\\/jzi.org.pl\\\/wp-content\\\/uploads\\\/2019\\\/03\\\/logo-stowarzyszenie-jzi-1.png\",\"contentUrl\":\"https:\\\/\\\/jzi.org.pl\\\/wp-content\\\/uploads\\\/2019\\\/03\\\/logo-stowarzyszenie-jzi-1.png\",\"width\":931,\"height\":990,\"caption\":\"Logo JZI\"},{\"@type\":\"BreadcrumbList\",\"@id\":\"https:\\\/\\\/jzi.org.pl\\\/stowarzyszenie\\\/dokumenty\\\/#breadcrumb\",\"itemListElement\":[{\"@type\":\"ListItem\",\"position\":1,\"name\":\"Strona g\u0142\u00f3wna\",\"item\":\"https:\\\/\\\/jzi.org.pl\\\/\"},{\"@type\":\"ListItem\",\"position\":2,\"name\":\"Stowarzyszenie\",\"item\":\"https:\\\/\\\/jzi.org.pl\\\/stowarzyszenie\\\/\"},{\"@type\":\"ListItem\",\"position\":3,\"name\":\"Dokumenty\"}]},{\"@type\":\"WebSite\",\"@id\":\"https:\\\/\\\/jzi.org.pl\\\/#website\",\"url\":\"https:\\\/\\\/jzi.org.pl\\\/\",\"name\":\"Jami\u0144ski Zesp\u00f3\u0142 Indeksacyjny\",\"description\":\"\",\"publisher\":{\"@id\":\"https:\\\/\\\/jzi.org.pl\\\/#organization\"},\"potentialAction\":[{\"@type\":\"SearchAction\",\"target\":{\"@type\":\"EntryPoint\",\"urlTemplate\":\"https:\\\/\\\/jzi.org.pl\\\/?s={search_term_string}\"},\"query-input\":{\"@type\":\"PropertyValueSpecification\",\"valueRequired\":true,\"valueName\":\"search_term_string\"}}],\"inLanguage\":\"en-US\"},{\"@type\":\"Organization\",\"@id\":\"https:\\\/\\\/jzi.org.pl\\\/#organization\",\"name\":\"Jami\u0144ski Zesp\u00f3\u0142 Indeksacyjny\",\"url\":\"https:\\\/\\\/jzi.org.pl\\\/\",\"logo\":{\"@type\":\"ImageObject\",\"inLanguage\":\"en-US\",\"@id\":\"https:\\\/\\\/jzi.org.pl\\\/#\\\/schema\\\/logo\\\/image\\\/\",\"url\":\"https:\\\/\\\/jzi.org.pl\\\/wp-content\\\/uploads\\\/2019\\\/03\\\/logo-stowarzyszenie-jzi.png\",\"contentUrl\":\"https:\\\/\\\/jzi.org.pl\\\/wp-content\\\/uploads\\\/2019\\\/03\\\/logo-stowarzyszenie-jzi.png\",\"width\":931,\"height\":990,\"caption\":\"Jami\u0144ski Zesp\u00f3\u0142 Indeksacyjny\"},\"image\":{\"@id\":\"https:\\\/\\\/jzi.org.pl\\\/#\\\/schema\\\/logo\\\/image\\\/\"},\"sameAs\":[\"https:\\\/\\\/www.facebook.com\\\/Jaminski.Zespol.Indeksacyjny\\\/\"]}]}<\/script>\n<!-- \/ Yoast SEO plugin. -->","yoast_head_json":{"title":"Dokumenty - Jami\u0144ski Zesp\u00f3\u0142 Indeksacyjny","robots":{"index":"index","follow":"follow","max-snippet":"max-snippet:-1","max-image-preview":"max-image-preview:large","max-video-preview":"max-video-preview:-1"},"canonical":"https:\/\/jzi.org.pl\/en\/stowarzyszenie\/dokumenty\/","og_locale":"en_US","og_type":"article","og_title":"Dokumenty - Jami\u0144ski Zesp\u00f3\u0142 Indeksacyjny","og_description":"2017 Sprawozdanie merytoryczne z dzia\u0142alno\u015bci Stowarzyszenia za 2017 rok Uchwa\u0142y podj\u0119te na 1. Walnym Zebraniu Cz\u0142onk\u00f3w JZI w dniu 12 maja 2018 r. 2018 Sprawozdanie merytoryczne z dzia\u0142alno\u015bci Stowarzyszenia za 2018 rok Uchwa\u0142y podj\u0119te na 2. Walnym Zebraniu Cz\u0142onk\u00f3w JZI w dniu 25 maja 2019 r. 2019 Sprawozdanie merytoryczne z dzia\u0142alno\u015bci Stowarzyszenia za 2019 rok [&hellip;]","og_url":"https:\/\/jzi.org.pl\/en\/stowarzyszenie\/dokumenty\/","og_site_name":"Jami\u0144ski Zesp\u00f3\u0142 Indeksacyjny","article_publisher":"https:\/\/www.facebook.com\/Jaminski.Zespol.Indeksacyjny\/","article_modified_time":"2024-05-22T11:18:22+00:00","og_image":[{"width":931,"height":990,"url":"https:\/\/jzi.org.pl\/wp-content\/uploads\/2019\/03\/logo-stowarzyszenie-jzi-1.png","type":"image\/png"}],"twitter_card":"summary_large_image","twitter_misc":{"Est. reading time":"2 minutes"},"schema":{"@context":"https:\/\/schema.org","@graph":[{"@type":"WebPage","@id":"https:\/\/jzi.org.pl\/stowarzyszenie\/dokumenty\/","url":"https:\/\/jzi.org.pl\/stowarzyszenie\/dokumenty\/","name":"Dokumenty - Jami\u0144ski Zesp\u00f3\u0142 Indeksacyjny","isPartOf":{"@id":"https:\/\/jzi.org.pl\/#website"},"primaryImageOfPage":{"@id":"https:\/\/jzi.org.pl\/stowarzyszenie\/dokumenty\/#primaryimage"},"image":{"@id":"https:\/\/jzi.org.pl\/stowarzyszenie\/dokumenty\/#primaryimage"},"thumbnailUrl":"https:\/\/jzi.org.pl\/wp-content\/uploads\/2019\/03\/logo-stowarzyszenie-jzi-1.png","datePublished":"2017-06-23T22:00:00+00:00","dateModified":"2024-05-22T11:18:22+00:00","breadcrumb":{"@id":"https:\/\/jzi.org.pl\/stowarzyszenie\/dokumenty\/#breadcrumb"},"inLanguage":"en-US","potentialAction":[{"@type":"ReadAction","target":["https:\/\/jzi.org.pl\/stowarzyszenie\/dokumenty\/"]}]},{"@type":"ImageObject","inLanguage":"en-US","@id":"https:\/\/jzi.org.pl\/stowarzyszenie\/dokumenty\/#primaryimage","url":"https:\/\/jzi.org.pl\/wp-content\/uploads\/2019\/03\/logo-stowarzyszenie-jzi-1.png","contentUrl":"https:\/\/jzi.org.pl\/wp-content\/uploads\/2019\/03\/logo-stowarzyszenie-jzi-1.png","width":931,"height":990,"caption":"Logo JZI"},{"@type":"BreadcrumbList","@id":"https:\/\/jzi.org.pl\/stowarzyszenie\/dokumenty\/#breadcrumb","itemListElement":[{"@type":"ListItem","position":1,"name":"Strona g\u0142\u00f3wna","item":"https:\/\/jzi.org.pl\/"},{"@type":"ListItem","position":2,"name":"Stowarzyszenie","item":"https:\/\/jzi.org.pl\/stowarzyszenie\/"},{"@type":"ListItem","position":3,"name":"Dokumenty"}]},{"@type":"WebSite","@id":"https:\/\/jzi.org.pl\/#website","url":"https:\/\/jzi.org.pl\/","name":"Jaminy Indexing Team","description":"","publisher":{"@id":"https:\/\/jzi.org.pl\/#organization"},"potentialAction":[{"@type":"SearchAction","target":{"@type":"EntryPoint","urlTemplate":"https:\/\/jzi.org.pl\/?s={search_term_string}"},"query-input":{"@type":"PropertyValueSpecification","valueRequired":true,"valueName":"search_term_string"}}],"inLanguage":"en-US"},{"@type":"Organization","@id":"https:\/\/jzi.org.pl\/#organization","name":"Jaminy Indexing Team","url":"https:\/\/jzi.org.pl\/","logo":{"@type":"ImageObject","inLanguage":"en-US","@id":"https:\/\/jzi.org.pl\/#\/schema\/logo\/image\/","url":"https:\/\/jzi.org.pl\/wp-content\/uploads\/2019\/03\/logo-stowarzyszenie-jzi.png","contentUrl":"https:\/\/jzi.org.pl\/wp-content\/uploads\/2019\/03\/logo-stowarzyszenie-jzi.png","width":931,"height":990,"caption":"Jami\u0144ski Zesp\u00f3\u0142 Indeksacyjny"},"image":{"@id":"https:\/\/jzi.org.pl\/#\/schema\/logo\/image\/"},"sameAs":["https:\/\/www.facebook.com\/Jaminski.Zespol.Indeksacyjny\/"]}]}},"jetpack_likes_enabled":true,"jetpack_sharing_enabled":true,"_links":{"self":[{"href":"https:\/\/jzi.org.pl\/en\/wp-json\/wp\/v2\/pages\/599","targetHints":{"allow":["GET"]}}],"collection":[{"href":"https:\/\/jzi.org.pl\/en\/wp-json\/wp\/v2\/pages"}],"about":[{"href":"https:\/\/jzi.org.pl\/en\/wp-json\/wp\/v2\/types\/page"}],"author":[{"embeddable":true,"href":"https:\/\/jzi.org.pl\/en\/wp-json\/wp\/v2\/users\/1"}],"replies":[{"embeddable":true,"href":"https:\/\/jzi.org.pl\/en\/wp-json\/wp\/v2\/comments?post=599"}],"version-history":[{"count":0,"href":"https:\/\/jzi.org.pl\/en\/wp-json\/wp\/v2\/pages\/599\/revisions"}],"up":[{"embeddable":true,"href":"https:\/\/jzi.org.pl\/en\/wp-json\/wp\/v2\/pages\/16"}],"wp:featuredmedia":[{"embeddable":true,"href":"https:\/\/jzi.org.pl\/en\/wp-json\/wp\/v2\/media\/7261"}],"wp:attachment":[{"href":"https:\/\/jzi.org.pl\/en\/wp-json\/wp\/v2\/media?parent=599"}],"curies":[{"name":"wp","href":"https:\/\/api.w.org\/{rel}","templated":true}]}}