{"id":59,"date":"2017-06-12T00:00:00","date_gmt":"2017-06-11T22:00:00","guid":{"rendered":"http:\/\/myview360.eu\/WordPress\/?page_id=59"},"modified":"2023-08-13T13:48:22","modified_gmt":"2023-08-13T11:48:22","slug":"jak-zostac-czlonkiem","status":"publish","type":"page","link":"https:\/\/jzi.org.pl\/en\/stowarzyszenie\/jak-zostac-czlonkiem\/","title":{"rendered":"How to become a member"},"content":{"rendered":"<p><img loading=\"lazy\" decoding=\"async\" class=\"alignright wp-image-2125 \" src=\"https:\/\/jzi.org.pl\/wp-content\/uploads\/2017\/06\/Legitymacja-1-300x263.png\" alt=\"\" width=\"421\" height=\"369\" srcset=\"https:\/\/jzi.org.pl\/wp-content\/uploads\/2017\/06\/Legitymacja-1-300x263.png 300w, https:\/\/jzi.org.pl\/wp-content\/uploads\/2017\/06\/Legitymacja-1-416x365.png 416w, https:\/\/jzi.org.pl\/wp-content\/uploads\/2017\/06\/Legitymacja-1-768x674.png 768w, https:\/\/jzi.org.pl\/wp-content\/uploads\/2017\/06\/Legitymacja-1-1024x898.png 1024w, https:\/\/jzi.org.pl\/wp-content\/uploads\/2017\/06\/Legitymacja-1.png 1140w\" sizes=\"auto, (max-width: 421px) 100vw, 421px\" \/>To proste! Wystarcz\u0105 3 kroki opisane poni\u017cej. Sk\u0142adka cz\u0142onkowska wynosi zaledwie 12 z\u0142 miesi\u0119cznie.<\/p>\n<p>Ka\u017cdy cz\u0142onek pr\u00f3cz korzy\u015bci wynikaj\u0105cych ze statutu otrzymuje zindywidualizowan\u0105 legitymacj\u0119 cz\u0142onkowsk\u0105. Cz\u0142onkowie posiadaj\u0105 r\u00f3wnie\u017c zni\u017cki na zakupy w naszym <a href=\"https:\/\/jzi.org.pl\/sklep\/\">sklepiku<\/a>, a tak\u017ce mog\u0105 uczestniczy\u0107 w dyskusjach na prywatnej grupie na Facebooku.<\/p>\n<p>Ka\u017cdy cz\u0142onek ma te\u017c obowi\u0105zki wobec Stowarzyszenia. Pr\u00f3cz regularnego op\u0142acania sk\u0142adek oczekujemy od swoich cz\u0142onk\u00f3w dzia\u0142a\u0144 na rzecz Stowarzyszenia.\u00a0 Mo\u017ce to by\u0107 np. udzia\u0142 w indeksacji, propagowaniu dzia\u0142a\u0144 JZI w\u015br\u00f3d spo\u0142eczno\u015bci lokalnej, udzia\u0142 w przygotowaniu ksi\u0105\u017cek do druku itp. W wi\u0119kszo\u015bci dzia\u0142a\u0144 jakie prowadzimy mo\u017cna uczestniczy\u0107 zdalnie, w miejscu swojego zamieszkania.<\/p>\n<p>Przed przyst\u0105pieniem do Stowarzyszenia nale\u017cy zapozna\u0107 si\u0119 ze <a href=\"https:\/\/jzi.org.pl\/stowarzyszenie\/statut\/\" target=\"_blank\" rel=\"noopener\">statutem<\/a>.<\/p>\n<p>Zapraszamy!<\/p>\n<h4>3 kroki do cz\u0142onkostwa<\/h4>\n<ol>\n<li>Wype\u0142nij poni\u017cszy formularz rzetelnie wype\u0142niaj\u0105c pole dotycz\u0105ce udzia\u0142u w pracach stowarzyszenia.<\/li>\n<li>Zarz\u0105d skontaktuje si\u0119 z Tob\u0105 i poinformuje o decyzji o przyj\u0119ciu w poczet cz\u0142onk\u00f3w.<\/li>\n<li>Op\u0142a\u0107 sk\u0142adk\u0119 do ko\u0144ca najbli\u017cszego p\u00f3\u0142rocza i ju\u017c jeste\u015b nowym cz\u0142onkiem Stowarzyszenia JZI!<\/li>\n<\/ol>\n<div class=\"wpforms-container wpforms-container-full\" id=\"wpforms-127\"><form id=\"wpforms-form-127\" class=\"wpforms-validate wpforms-form\" data-formid=\"127\" method=\"post\" enctype=\"multipart\/form-data\" action=\"\/en\/wp-json\/wp\/v2\/pages\/59\" data-token=\"5cb036620cea2231ad468ac199167966\" data-token-time=\"1776522308\"><noscript class=\"wpforms-error-noscript\">Please enable JavaScript in your browser to complete this form.<\/noscript><div class=\"wpforms-field-container\"><div id=\"wpforms-127-field_0-container\" class=\"wpforms-field wpforms-field-name\" data-field-id=\"0\"><label class=\"wpforms-field-label\" for=\"wpforms-127-field_0\">Imi\u0119 i nazwisko <span class=\"wpforms-required-label\">*<\/span><\/label><input type=\"text\" id=\"wpforms-127-field_0\" class=\"wpforms-field-medium wpforms-field-required\" name=\"wpforms[fields][0]\" required><\/div><div id=\"wpforms-127-field_1-container\" class=\"wpforms-field wpforms-field-email\" data-field-id=\"1\"><label class=\"wpforms-field-label\" for=\"wpforms-127-field_1\">E-mail <span class=\"wpforms-required-label\">*<\/span><\/label><input type=\"email\" id=\"wpforms-127-field_1\" class=\"wpforms-field-medium wpforms-field-required\" name=\"wpforms[fields][1]\" spellcheck=\"false\" required><\/div><div id=\"wpforms-127-field_2-container\" class=\"wpforms-field wpforms-field-textarea\" data-field-id=\"2\"><label class=\"wpforms-field-label\" for=\"wpforms-127-field_2\">Adres do korespondencji <span class=\"wpforms-required-label\">*<\/span><\/label><textarea id=\"wpforms-127-field_2\" class=\"wpforms-field-medium wpforms-field-required\" name=\"wpforms[fields][2]\" required><\/textarea><\/div><div id=\"wpforms-127-field_3-container\" class=\"wpforms-field wpforms-field-text\" data-field-id=\"3\"><label class=\"wpforms-field-label\" for=\"wpforms-127-field_3\">Telefon<\/label><input type=\"text\" id=\"wpforms-127-field_3\" class=\"wpforms-field-medium\" name=\"wpforms[fields][3]\" ><\/div><div id=\"wpforms-127-field_9-container\" class=\"wpforms-field wpforms-field-textarea\" data-field-id=\"9\"><label class=\"wpforms-field-label\" for=\"wpforms-127-field_9\">W jaki spos\u00f3b b\u0119d\u0119 bra\u0107 udzia\u0142 w dzia\u0142aniach stowarzyszenia?<\/label><textarea id=\"wpforms-127-field_9\" class=\"wpforms-field-medium\" name=\"wpforms[fields][9]\" ><\/textarea><div class=\"wpforms-field-description\">Odpowied\u017a na to pytanie ma pom\u00f3c Zarz\u0105dowi w podj\u0119ciu decyzji dotycz\u0105cej akceptacji nowego cz\u0142onka.<\/div><\/div><div id=\"wpforms-127-field_5-container\" class=\"wpforms-field wpforms-field-checkbox\" data-field-id=\"5\"><label class=\"wpforms-field-label\">O\u015bwiadczenia <span class=\"wpforms-required-label\">*<\/span><\/label><ul id=\"wpforms-127-field_5\" class=\"wpforms-field-required\"><li class=\"choice-1 depth-1\"><input type=\"checkbox\" id=\"wpforms-127-field_5_1\" name=\"wpforms[fields][5][]\" value=\"O\u015bwiadczam, \u017ce akceptuj\u0119 Statut Stowarzyszenia Jami\u0144ski Zesp\u00f3\u0142 Indeksacyjny i deklaruj\u0119 ch\u0119\u0107 przyst\u0105pienia jako cz\u0142onek zwyczajny. Jednocze\u015bnie zobowi\u0105zuj\u0119 si\u0119 do przestrzegania postanowie\u0144 Statutu, aktywnego uczestnictwa w pracach Stowarzyszenia oraz regularnego op\u0142acania sk\u0142adek cz\u0142onkowskich.\" required ><label class=\"wpforms-field-label-inline\" for=\"wpforms-127-field_5_1\">O\u015bwiadczam, \u017ce akceptuj\u0119 Statut Stowarzyszenia Jami\u0144ski Zesp\u00f3\u0142 Indeksacyjny i deklaruj\u0119 ch\u0119\u0107 przyst\u0105pienia jako cz\u0142onek zwyczajny. Jednocze\u015bnie zobowi\u0105zuj\u0119 si\u0119 do przestrzegania postanowie\u0144 Statutu, aktywnego uczestnictwa w pracach Stowarzyszenia oraz regularnego op\u0142acania sk\u0142adek cz\u0142onkowskich.<\/label><\/li><\/ul><\/div><div id=\"wpforms-127-field_6-container\" class=\"wpforms-field wpforms-field-checkbox\" data-field-id=\"6\"><label class=\"wpforms-field-label wpforms-label-hide\">O\u015bwiadczenie <span class=\"wpforms-required-label\">*<\/span><\/label><ul id=\"wpforms-127-field_6\" class=\"wpforms-field-required\"><li class=\"choice-1 depth-1\"><input type=\"checkbox\" id=\"wpforms-127-field_6_1\" name=\"wpforms[fields][6][]\" value=\"Wyra\u017cam zgod\u0119 na przetwarzanie moich danych osobowych zawartych w deklaracji dla potrzeb zwi\u0105zanych z realizacj\u0105 cel\u00f3w statutowych JZI (zgodnie z Ustaw\u0105 z dnia 10 maja 2018 r. o ochronie danych osobowych Dz. U. 2019.1781 z dnia 19 wrze\u015bnia 2019 r.).\" required ><label class=\"wpforms-field-label-inline\" for=\"wpforms-127-field_6_1\">Wyra\u017cam zgod\u0119 na przetwarzanie moich danych osobowych zawartych w deklaracji dla potrzeb zwi\u0105zanych z realizacj\u0105 cel\u00f3w statutowych JZI (zgodnie z Ustaw\u0105 z dnia 10 maja 2018 r. o ochronie danych osobowych Dz. U. 2019.1781 z dnia 19 wrze\u015bnia 2019 r.).<\/label><\/li><\/ul><\/div><div id=\"wpforms-127-field_7-container\" class=\"wpforms-field wpforms-field-checkbox\" data-field-id=\"7\"><label class=\"wpforms-field-label wpforms-label-hide\">O\u015bwiadczenie <span class=\"wpforms-required-label\">*<\/span><\/label><ul id=\"wpforms-127-field_7\" class=\"wpforms-field-required\"><li class=\"choice-1 depth-1\"><input type=\"checkbox\" id=\"wpforms-127-field_7_1\" name=\"wpforms[fields][7][]\" value=\"Wyra\u017cam zgod\u0119 na otrzymywanie informacji drog\u0105 elektroniczn\u0105 (zgodnie z Ustaw\u0105 z dnia 18 lipca 2002 r. o \u015bwiadczeniu us\u0142ug drog\u0105 elektroniczn\u0105, Dz.U. nr 144, poz. 1204)\" required ><label class=\"wpforms-field-label-inline\" for=\"wpforms-127-field_7_1\">Wyra\u017cam zgod\u0119 na otrzymywanie informacji drog\u0105 elektroniczn\u0105 (zgodnie z Ustaw\u0105 z dnia 18 lipca 2002 r. o \u015bwiadczeniu us\u0142ug drog\u0105 elektroniczn\u0105, Dz.U. nr 144, poz. 1204)<\/label><\/li><\/ul><div class=\"wpforms-field-description\"> <\/div><\/div><\/div><!-- .wpforms-field-container --><div class=\"wpforms-field wpforms-field-hp\"><label for=\"wpforms-127-field-hp\" class=\"wpforms-field-label\">Phone<\/label><input type=\"text\" name=\"wpforms[hp]\" id=\"wpforms-127-field-hp\" class=\"wpforms-field-medium\"><\/div><div class=\"wpforms-recaptcha-container wpforms-is-recaptcha wpforms-is-recaptcha-type-v2\" ><div class=\"g-recaptcha\" data-sitekey=\"6LcI9HsUAAAAACj_qXjs3M6kDxMsxZNitAmvW_vC\"><\/div><input type=\"text\" name=\"g-recaptcha-hidden\" class=\"wpforms-recaptcha-hidden\" style=\"position:absolute!important;clip:rect(0,0,0,0)!important;height:1px!important;width:1px!important;border:0!important;overflow:hidden!important;padding:0!important;margin:0!important;\" data-rule-recaptcha=\"1\"><\/div><div class=\"wpforms-submit-container\" ><input type=\"hidden\" name=\"wpforms[id]\" value=\"127\"><input type=\"hidden\" name=\"page_title\" value=\"\"><input type=\"hidden\" name=\"page_url\" value=\"https:\/\/jzi.org.pl\/en\/wp-json\/wp\/v2\/pages\/59\"><input type=\"hidden\" name=\"url_referer\" value=\"\"><button type=\"submit\" name=\"wpforms[submit]\" id=\"wpforms-submit-127\" class=\"wpforms-submit\" data-alt-text=\"Wysy\u0142am...\" data-submit-text=\"Wy\u015blij\" aria-live=\"assertive\" value=\"wpforms-submit\">Wy\u015blij<\/button><\/div><input type=\"hidden\" id=\"ct_checkjs_wpforms_ccb1d45fb76f7c5a0bf619f979c6cf36\" name=\"ct_checkjs_wpforms\" value=\"0\" \/><script>setTimeout(function(){var ct_input_name = \"ct_checkjs_wpforms_ccb1d45fb76f7c5a0bf619f979c6cf36\";if (document.getElementById(ct_input_name) !== null) {var ct_input_value = document.getElementById(ct_input_name).value;document.getElementById(ct_input_name).value = document.getElementById(ct_input_name).value.replace(ct_input_value, '19825d086f94cf378b4fb01d8b3937cdeaee95d874c70bdad09919b79370032f');}}, 1000);<\/script><input\n                    class=\"apbct_special_field apbct_email_id__wp_wpforms\"\n                    name=\"apbct__email_id__wp_wpforms\"\n                    aria-label=\"apbct__label_id__wp_wpforms\"\n                    type=\"text\" size=\"30\" maxlength=\"200\" autocomplete=\"off\"\n                    value=\"\"\n                \/><\/form><\/div>  <!-- .wpforms-container -->\n","protected":false},"excerpt":{"rendered":"<p>To proste! Wystarcz\u0105 3 kroki opisane poni\u017cej. Sk\u0142adka cz\u0142onkowska wynosi zaledwie 12 z\u0142 miesi\u0119cznie. Ka\u017cdy cz\u0142onek pr\u00f3cz korzy\u015bci wynikaj\u0105cych ze statutu otrzymuje zindywidualizowan\u0105 legitymacj\u0119 cz\u0142onkowsk\u0105. Cz\u0142onkowie posiadaj\u0105 r\u00f3wnie\u017c zni\u017cki na zakupy w naszym sklepiku, a tak\u017ce mog\u0105 uczestniczy\u0107 w dyskusjach na prywatnej grupie na Facebooku. Ka\u017cdy cz\u0142onek ma te\u017c obowi\u0105zki wobec Stowarzyszenia. Pr\u00f3cz regularnego op\u0142acania [&hellip;]<\/p>\n","protected":false},"author":1,"featured_media":0,"parent":16,"menu_order":0,"comment_status":"open","ping_status":"open","template":"","meta":{"h5ap_radio_sources":[],"jetpack_post_was_ever_published":false,"footnotes":""},"class_list":["post-59","page","type-page","status-publish","hentry"],"yoast_head":"<!-- This site is optimized with the Yoast SEO plugin v27.4 - https:\/\/yoast.com\/product\/yoast-seo-wordpress\/ -->\n<title>Jak zosta\u0107 cz\u0142onkiem - Jami\u0144ski Zesp\u00f3\u0142 Indeksacyjny<\/title>\n<meta name=\"robots\" content=\"index, follow, max-snippet:-1, max-image-preview:large, max-video-preview:-1\" \/>\n<link rel=\"canonical\" href=\"https:\/\/jzi.org.pl\/en\/stowarzyszenie\/jak-zostac-czlonkiem\/\" \/>\n<meta property=\"og:locale\" content=\"en_US\" \/>\n<meta property=\"og:type\" content=\"article\" \/>\n<meta property=\"og:title\" content=\"JZI - Jak zosta\u0107 cz\u0142onkiem\" \/>\n<meta property=\"og:description\" content=\"Wype\u0142nij formularz, zarz\u0105d skontaktuje si\u0119 z Tob\u0105 i poinformuje o decyzji o przyj\u0119ciu w poczet cz\u0142onk\u00f3w, op\u0142a\u0107 sk\u0142adk\u0119\" \/>\n<meta property=\"og:url\" content=\"https:\/\/jzi.org.pl\/en\/stowarzyszenie\/jak-zostac-czlonkiem\/\" \/>\n<meta property=\"og:site_name\" content=\"Jami\u0144ski Zesp\u00f3\u0142 Indeksacyjny\" \/>\n<meta property=\"article:publisher\" content=\"https:\/\/www.facebook.com\/Jaminski.Zespol.Indeksacyjny\/\" \/>\n<meta property=\"article:modified_time\" content=\"2023-08-13T11:48:22+00:00\" \/>\n<meta property=\"og:image\" content=\"https:\/\/jzi.org.pl\/wp-content\/uploads\/2017\/06\/Legitymacja-1.png\" \/>\n\t<meta property=\"og:image:width\" content=\"1140\" \/>\n\t<meta property=\"og:image:height\" content=\"1000\" \/>\n\t<meta property=\"og:image:type\" content=\"image\/png\" \/>\n<meta name=\"twitter:card\" content=\"summary_large_image\" \/>\n<meta name=\"twitter:label1\" content=\"Est. reading time\" \/>\n\t<meta name=\"twitter:data1\" content=\"2 minutes\" \/>\n<script type=\"application\/ld+json\" class=\"yoast-schema-graph\">{\"@context\":\"https:\\\/\\\/schema.org\",\"@graph\":[{\"@type\":\"WebPage\",\"@id\":\"https:\\\/\\\/jzi.org.pl\\\/stowarzyszenie\\\/jak-zostac-czlonkiem\\\/\",\"url\":\"https:\\\/\\\/jzi.org.pl\\\/stowarzyszenie\\\/jak-zostac-czlonkiem\\\/\",\"name\":\"Jak zosta\u0107 cz\u0142onkiem - Jami\u0144ski Zesp\u00f3\u0142 Indeksacyjny\",\"isPartOf\":{\"@id\":\"https:\\\/\\\/jzi.org.pl\\\/#website\"},\"primaryImageOfPage\":{\"@id\":\"https:\\\/\\\/jzi.org.pl\\\/stowarzyszenie\\\/jak-zostac-czlonkiem\\\/#primaryimage\"},\"image\":{\"@id\":\"https:\\\/\\\/jzi.org.pl\\\/stowarzyszenie\\\/jak-zostac-czlonkiem\\\/#primaryimage\"},\"thumbnailUrl\":\"https:\\\/\\\/jzi.org.pl\\\/wp-content\\\/uploads\\\/2017\\\/06\\\/Legitymacja-1-300x263.png\",\"datePublished\":\"2017-06-11T22:00:00+00:00\",\"dateModified\":\"2023-08-13T11:48:22+00:00\",\"breadcrumb\":{\"@id\":\"https:\\\/\\\/jzi.org.pl\\\/stowarzyszenie\\\/jak-zostac-czlonkiem\\\/#breadcrumb\"},\"inLanguage\":\"en-US\",\"potentialAction\":[{\"@type\":\"ReadAction\",\"target\":[\"https:\\\/\\\/jzi.org.pl\\\/stowarzyszenie\\\/jak-zostac-czlonkiem\\\/\"]}]},{\"@type\":\"ImageObject\",\"inLanguage\":\"en-US\",\"@id\":\"https:\\\/\\\/jzi.org.pl\\\/stowarzyszenie\\\/jak-zostac-czlonkiem\\\/#primaryimage\",\"url\":\"https:\\\/\\\/jzi.org.pl\\\/wp-content\\\/uploads\\\/2017\\\/06\\\/Legitymacja-1-300x263.png\",\"contentUrl\":\"https:\\\/\\\/jzi.org.pl\\\/wp-content\\\/uploads\\\/2017\\\/06\\\/Legitymacja-1-300x263.png\"},{\"@type\":\"BreadcrumbList\",\"@id\":\"https:\\\/\\\/jzi.org.pl\\\/stowarzyszenie\\\/jak-zostac-czlonkiem\\\/#breadcrumb\",\"itemListElement\":[{\"@type\":\"ListItem\",\"position\":1,\"name\":\"Strona g\u0142\u00f3wna\",\"item\":\"https:\\\/\\\/jzi.org.pl\\\/\"},{\"@type\":\"ListItem\",\"position\":2,\"name\":\"Stowarzyszenie\",\"item\":\"https:\\\/\\\/jzi.org.pl\\\/stowarzyszenie\\\/\"},{\"@type\":\"ListItem\",\"position\":3,\"name\":\"Jak zosta\u0107 cz\u0142onkiem\"}]},{\"@type\":\"WebSite\",\"@id\":\"https:\\\/\\\/jzi.org.pl\\\/#website\",\"url\":\"https:\\\/\\\/jzi.org.pl\\\/\",\"name\":\"Jami\u0144ski Zesp\u00f3\u0142 Indeksacyjny\",\"description\":\"\",\"publisher\":{\"@id\":\"https:\\\/\\\/jzi.org.pl\\\/#organization\"},\"potentialAction\":[{\"@type\":\"SearchAction\",\"target\":{\"@type\":\"EntryPoint\",\"urlTemplate\":\"https:\\\/\\\/jzi.org.pl\\\/?s={search_term_string}\"},\"query-input\":{\"@type\":\"PropertyValueSpecification\",\"valueRequired\":true,\"valueName\":\"search_term_string\"}}],\"inLanguage\":\"en-US\"},{\"@type\":\"Organization\",\"@id\":\"https:\\\/\\\/jzi.org.pl\\\/#organization\",\"name\":\"Jami\u0144ski Zesp\u00f3\u0142 Indeksacyjny\",\"url\":\"https:\\\/\\\/jzi.org.pl\\\/\",\"logo\":{\"@type\":\"ImageObject\",\"inLanguage\":\"en-US\",\"@id\":\"https:\\\/\\\/jzi.org.pl\\\/#\\\/schema\\\/logo\\\/image\\\/\",\"url\":\"https:\\\/\\\/jzi.org.pl\\\/wp-content\\\/uploads\\\/2019\\\/03\\\/logo-stowarzyszenie-jzi.png\",\"contentUrl\":\"https:\\\/\\\/jzi.org.pl\\\/wp-content\\\/uploads\\\/2019\\\/03\\\/logo-stowarzyszenie-jzi.png\",\"width\":931,\"height\":990,\"caption\":\"Jami\u0144ski Zesp\u00f3\u0142 Indeksacyjny\"},\"image\":{\"@id\":\"https:\\\/\\\/jzi.org.pl\\\/#\\\/schema\\\/logo\\\/image\\\/\"},\"sameAs\":[\"https:\\\/\\\/www.facebook.com\\\/Jaminski.Zespol.Indeksacyjny\\\/\"]}]}<\/script>\n<!-- \/ Yoast SEO plugin. -->","yoast_head_json":{"title":"Jak zosta\u0107 cz\u0142onkiem - Jami\u0144ski Zesp\u00f3\u0142 Indeksacyjny","robots":{"index":"index","follow":"follow","max-snippet":"max-snippet:-1","max-image-preview":"max-image-preview:large","max-video-preview":"max-video-preview:-1"},"canonical":"https:\/\/jzi.org.pl\/en\/stowarzyszenie\/jak-zostac-czlonkiem\/","og_locale":"en_US","og_type":"article","og_title":"JZI - Jak zosta\u0107 cz\u0142onkiem","og_description":"Wype\u0142nij formularz, zarz\u0105d skontaktuje si\u0119 z Tob\u0105 i poinformuje o decyzji o przyj\u0119ciu w poczet cz\u0142onk\u00f3w, op\u0142a\u0107 sk\u0142adk\u0119","og_url":"https:\/\/jzi.org.pl\/en\/stowarzyszenie\/jak-zostac-czlonkiem\/","og_site_name":"Jami\u0144ski Zesp\u00f3\u0142 Indeksacyjny","article_publisher":"https:\/\/www.facebook.com\/Jaminski.Zespol.Indeksacyjny\/","article_modified_time":"2023-08-13T11:48:22+00:00","og_image":[{"width":1140,"height":1000,"url":"https:\/\/jzi.org.pl\/wp-content\/uploads\/2017\/06\/Legitymacja-1.png","type":"image\/png"}],"twitter_card":"summary_large_image","twitter_misc":{"Est. reading time":"2 minutes"},"schema":{"@context":"https:\/\/schema.org","@graph":[{"@type":"WebPage","@id":"https:\/\/jzi.org.pl\/stowarzyszenie\/jak-zostac-czlonkiem\/","url":"https:\/\/jzi.org.pl\/stowarzyszenie\/jak-zostac-czlonkiem\/","name":"Jak zosta\u0107 cz\u0142onkiem - Jami\u0144ski Zesp\u00f3\u0142 Indeksacyjny","isPartOf":{"@id":"https:\/\/jzi.org.pl\/#website"},"primaryImageOfPage":{"@id":"https:\/\/jzi.org.pl\/stowarzyszenie\/jak-zostac-czlonkiem\/#primaryimage"},"image":{"@id":"https:\/\/jzi.org.pl\/stowarzyszenie\/jak-zostac-czlonkiem\/#primaryimage"},"thumbnailUrl":"https:\/\/jzi.org.pl\/wp-content\/uploads\/2017\/06\/Legitymacja-1-300x263.png","datePublished":"2017-06-11T22:00:00+00:00","dateModified":"2023-08-13T11:48:22+00:00","breadcrumb":{"@id":"https:\/\/jzi.org.pl\/stowarzyszenie\/jak-zostac-czlonkiem\/#breadcrumb"},"inLanguage":"en-US","potentialAction":[{"@type":"ReadAction","target":["https:\/\/jzi.org.pl\/stowarzyszenie\/jak-zostac-czlonkiem\/"]}]},{"@type":"ImageObject","inLanguage":"en-US","@id":"https:\/\/jzi.org.pl\/stowarzyszenie\/jak-zostac-czlonkiem\/#primaryimage","url":"https:\/\/jzi.org.pl\/wp-content\/uploads\/2017\/06\/Legitymacja-1-300x263.png","contentUrl":"https:\/\/jzi.org.pl\/wp-content\/uploads\/2017\/06\/Legitymacja-1-300x263.png"},{"@type":"BreadcrumbList","@id":"https:\/\/jzi.org.pl\/stowarzyszenie\/jak-zostac-czlonkiem\/#breadcrumb","itemListElement":[{"@type":"ListItem","position":1,"name":"Strona g\u0142\u00f3wna","item":"https:\/\/jzi.org.pl\/"},{"@type":"ListItem","position":2,"name":"Stowarzyszenie","item":"https:\/\/jzi.org.pl\/stowarzyszenie\/"},{"@type":"ListItem","position":3,"name":"Jak zosta\u0107 cz\u0142onkiem"}]},{"@type":"WebSite","@id":"https:\/\/jzi.org.pl\/#website","url":"https:\/\/jzi.org.pl\/","name":"Jaminy Indexing Team","description":"","publisher":{"@id":"https:\/\/jzi.org.pl\/#organization"},"potentialAction":[{"@type":"SearchAction","target":{"@type":"EntryPoint","urlTemplate":"https:\/\/jzi.org.pl\/?s={search_term_string}"},"query-input":{"@type":"PropertyValueSpecification","valueRequired":true,"valueName":"search_term_string"}}],"inLanguage":"en-US"},{"@type":"Organization","@id":"https:\/\/jzi.org.pl\/#organization","name":"Jaminy Indexing Team","url":"https:\/\/jzi.org.pl\/","logo":{"@type":"ImageObject","inLanguage":"en-US","@id":"https:\/\/jzi.org.pl\/#\/schema\/logo\/image\/","url":"https:\/\/jzi.org.pl\/wp-content\/uploads\/2019\/03\/logo-stowarzyszenie-jzi.png","contentUrl":"https:\/\/jzi.org.pl\/wp-content\/uploads\/2019\/03\/logo-stowarzyszenie-jzi.png","width":931,"height":990,"caption":"Jami\u0144ski Zesp\u00f3\u0142 Indeksacyjny"},"image":{"@id":"https:\/\/jzi.org.pl\/#\/schema\/logo\/image\/"},"sameAs":["https:\/\/www.facebook.com\/Jaminski.Zespol.Indeksacyjny\/"]}]}},"jetpack_likes_enabled":true,"jetpack_sharing_enabled":true,"_links":{"self":[{"href":"https:\/\/jzi.org.pl\/en\/wp-json\/wp\/v2\/pages\/59","targetHints":{"allow":["GET"]}}],"collection":[{"href":"https:\/\/jzi.org.pl\/en\/wp-json\/wp\/v2\/pages"}],"about":[{"href":"https:\/\/jzi.org.pl\/en\/wp-json\/wp\/v2\/types\/page"}],"author":[{"embeddable":true,"href":"https:\/\/jzi.org.pl\/en\/wp-json\/wp\/v2\/users\/1"}],"replies":[{"embeddable":true,"href":"https:\/\/jzi.org.pl\/en\/wp-json\/wp\/v2\/comments?post=59"}],"version-history":[{"count":0,"href":"https:\/\/jzi.org.pl\/en\/wp-json\/wp\/v2\/pages\/59\/revisions"}],"up":[{"embeddable":true,"href":"https:\/\/jzi.org.pl\/en\/wp-json\/wp\/v2\/pages\/16"}],"wp:attachment":[{"href":"https:\/\/jzi.org.pl\/en\/wp-json\/wp\/v2\/media?parent=59"}],"curies":[{"name":"wp","href":"https:\/\/api.w.org\/{rel}","templated":true}]}}