{"id":5213,"date":"2018-06-08T00:00:00","date_gmt":"2018-06-07T22:00:00","guid":{"rendered":"https:\/\/jzi.org.pl\/?page_id=5213"},"modified":"2020-02-27T21:48:00","modified_gmt":"2020-02-27T20:48:00","slug":"7-zjazd-stowarzyszenia-jaminski-zespol-indeksacyjny","status":"publish","type":"page","link":"https:\/\/jzi.org.pl\/en\/publikacje\/inne-publikacje\/7-zjazd-stowarzyszenia-jaminski-zespol-indeksacyjny\/","title":{"rendered":"VII zjazd Stowarzyszenia &#8222;Jami\u0144ski Zesp\u00f3\u0142 Indeksacyjny&#8221;"},"content":{"rendered":"<div id=\"pl-5213\"  class=\"panel-layout\" ><div id=\"pg-5213-0\"  class=\"panel-grid panel-no-style\" ><div id=\"pgc-5213-0-0\"  class=\"panel-grid-cell\" ><div id=\"panel-5213-0-0-0\" class=\"so-panel widget widget_sow-editor panel-first-child panel-last-child\" data-index=\"0\" ><div\n\t\t\t\n\t\t\tclass=\"so-widget-sow-editor so-widget-sow-editor-base\"\n\t\t\t\n\t\t>\n<div class=\"siteorigin-widget-tinymce textwidget\">\n\t<div class='black' style='background:rgb(238, 238, 238); border:solid 0px rgba(0,0,0,0); border-radius:0px; padding:0px 0px 0px 0px;'>\n<div id='slider_2030' class='owl-carousel sa_owl_theme owl-pagination-true autohide-arrows' data-slider-id='slider_2030' style='visibility:hidden;'>\n<div id='slider_2030_slide01' class='sa_hover_container' style='padding:2% 2%; margin:0px 0%; '>\n<p><a href=\"https:\/\/jzi.org.pl\/wp-content\/uploads\/2018\/06\/7-zjazd-stowarzyszenia-JZI.jpg\"><img loading=\"lazy\" decoding=\"async\" class=\"aligncenter size-full wp-image-5211\" src=\"https:\/\/jzi.org.pl\/wp-content\/uploads\/2018\/06\/7-zjazd-stowarzyszenia-JZI.jpg\" alt=\"\" width=\"2343\" height=\"3391\" srcset=\"https:\/\/jzi.org.pl\/wp-content\/uploads\/2018\/06\/7-zjazd-stowarzyszenia-JZI.jpg 2343w, https:\/\/jzi.org.pl\/wp-content\/uploads\/2018\/06\/7-zjazd-stowarzyszenia-JZI-207x300.jpg 207w, https:\/\/jzi.org.pl\/wp-content\/uploads\/2018\/06\/7-zjazd-stowarzyszenia-JZI-768x1112.jpg 768w, https:\/\/jzi.org.pl\/wp-content\/uploads\/2018\/06\/7-zjazd-stowarzyszenia-JZI-708x1024.jpg 708w, https:\/\/jzi.org.pl\/wp-content\/uploads\/2018\/06\/7-zjazd-stowarzyszenia-JZI-416x602.jpg 416w\" sizes=\"auto, (max-width: 2343px) 100vw, 2343px\" \/><\/a><\/p>\n<\/div>\n<\/div>\n<\/div>\n<p><script type='text\/javascript'>\n\tjQuery(document).ready(function() {\n\t\tjQuery('#slider_2030').owlCarousel({\n\t\t\titems : 1,\n\t\t\tsmartSpeed : 400,\n\t\t\tautoplay : true,\n\t\t\tautoplayTimeout : 4000,\n\t\t\tautoplayHoverPause : true,\n\t\t\tsmartSpeed : 400,\n\t\t\tfluidSpeed : 400,\n\t\t\tautoplaySpeed : 400,\n\t\t\tnavSpeed : 400,\n\t\t\tdotsSpeed : 400,\n\t\t\tloop : true,\n\t\t\tnav : true,\n\t\t\tnavText : ['Previous','Next'],\n\t\t\tdots : true,\n\t\t\tresponsiveRefreshRate : 200,\n\t\t\tslideBy : 1,\n\t\t\tmergeFit : true,\n\t\t\tautoHeight : false,\n\t\t\tmouseDrag : true,\n\t\t\ttouchDrag : true\n\t\t});\n\t\tjQuery('#slider_2030').css('visibility', 'visible');\n\t\tsa_resize_slider_2030();\n\t\twindow.addEventListener('resize', sa_resize_slider_2030);\n\t\tfunction sa_resize_slider_2030() {\n\t\t\tvar min_height = '50';\n\t\t\tvar win_width = jQuery(window).width();\n\t\t\tvar slider_width = jQuery('#slider_2030').width();\n\t\t\tif (win_width < 480) {\n\t\t\t\tvar slide_width = slider_width \/ 1;\n\t\t\t} else if (win_width < 768) {\n\t\t\t\tvar slide_width = slider_width \/ 1;\n\t\t\t} else if (win_width < 980) {\n\t\t\t\tvar slide_width = slider_width \/ 1;\n\t\t\t} else if (win_width < 1200) {\n\t\t\t\tvar slide_width = slider_width \/ 1;\n\t\t\t} else if (win_width < 1500) {\n\t\t\t\tvar slide_width = slider_width \/ 1;\n\t\t\t} else {\n\t\t\t\tvar slide_width = slider_width \/ 1;\n\t\t\t}\n\t\t\tslide_width = Math.round(slide_width);\n\t\t\tvar slide_height = '0';\n\t\t\tif (min_height == 'aspect43') {\n\t\t\t\tslide_height = (slide_width \/ 4) * 3;\t\t\t\tslide_height = Math.round(slide_height);\n\t\t\t} else if (min_height == 'aspect169') {\n\t\t\t\tslide_height = (slide_width \/ 16) * 9;\t\t\t\tslide_height = Math.round(slide_height);\n\t\t\t} else {\n\t\t\t\tslide_height = (slide_width \/ 100) * min_height;\t\t\t\tslide_height = Math.round(slide_height);\n\t\t\t}\n\t\t\tjQuery('#slider_2030 .owl-item .sa_hover_container').css('min-height', slide_height+'px');\n\t\t}\n\t\tvar owl_goto = jQuery('#slider_2030');\n\t\tjQuery('.slider_2030_goto1').click(function(event){\n\t\t\towl_goto.trigger('to.owl.carousel', 0);\n\t\t});\n\t\tvar resize_5214 = jQuery('.owl-carousel');\n\t\tresize_5214.on('initialized.owl.carousel', function(e) {\n\t\t\tif (typeof(Event) === 'function') {\n\t\t\t\twindow.dispatchEvent(new Event('resize'));\n\t\t\t} else {\n\t\t\t\tvar evt = window.document.createEvent('UIEvents');\n\t\t\t\tevt.initUIEvent('resize', true, false, window, 0);\n\t\t\t\twindow.dispatchEvent(evt);\n\t\t\t}\n\t\t});\n\t});\n<\/script><\/p>\n<\/div>\n<\/div><\/div><\/div><div id=\"pgc-5213-0-1\"  class=\"panel-grid-cell\" ><div id=\"panel-5213-0-1-0\" class=\"so-panel widget widget_sow-editor panel-first-child panel-last-child\" data-index=\"1\" ><div\n\t\t\t\n\t\t\tclass=\"so-widget-sow-editor so-widget-sow-editor-base\"\n\t\t\t\n\t\t>\n<div class=\"siteorigin-widget-tinymce textwidget\">\n\t<h2>VII zjazd Stowarzyszenia \"Jami\u0144ski Zesp\u00f3\u0142 Indeksacyjny\"<\/h2>\n<h4>Ryszard Kor\u0105kiewicz<em><br \/>\n<\/em><\/h4>\n<hr \/>\n<h4>Nasz Sztabi\u0144ski Dom #6\/2018<\/h4>\n<\/div>\n<\/div><\/div><\/div><\/div><\/div>","protected":false},"excerpt":{"rendered":"<p>VII zjazd Stowarzyszenia &#8222;Jami\u0144ski Zesp\u00f3\u0142 Indeksacyjny&#8221; Ryszard Kor\u0105kiewicz Nasz Sztabi\u0144ski Dom #6\/2018<\/p>","protected":false},"author":1,"featured_media":0,"parent":2036,"menu_order":0,"comment_status":"open","ping_status":"open","template":"","meta":{"h5ap_radio_sources":[],"jetpack_post_was_ever_published":false,"footnotes":""},"class_list":["post-5213","page","type-page","status-publish","hentry"],"yoast_head":"<!-- This site is optimized with the Yoast SEO plugin v27.3 - https:\/\/yoast.com\/product\/yoast-seo-wordpress\/ -->\n<title>VII zjazd Stowarzyszenia &quot;Jami\u0144ski Zesp\u00f3\u0142 Indeksacyjny&quot; - Jami\u0144ski Zesp\u00f3\u0142 Indeksacyjny<\/title>\n<meta name=\"description\" content=\"VII zjazd Stowarzyszenia &quot;Jami\u0144ski Zesp\u00f3\u0142 Indeksacyjny&quot;\" \/>\n<meta name=\"robots\" content=\"index, follow, max-snippet:-1, max-image-preview:large, max-video-preview:-1\" \/>\n<link rel=\"canonical\" href=\"https:\/\/jzi.org.pl\/en\/publikacje\/inne-publikacje\/7-zjazd-stowarzyszenia-jaminski-zespol-indeksacyjny\/\" \/>\n<meta property=\"og:locale\" content=\"en_US\" \/>\n<meta property=\"og:type\" content=\"article\" \/>\n<meta property=\"og:title\" content=\"VII zjazd Stowarzyszenia &quot;Jami\u0144ski Zesp\u00f3\u0142 Indeksacyjny&quot;\" \/>\n<meta property=\"og:description\" content=\"VII zjazd Stowarzyszenia &quot;Jami\u0144ski Zesp\u00f3\u0142 Indeksacyjny&quot; - Ryszard Kor\u0105kiewicz\" \/>\n<meta property=\"og:url\" content=\"https:\/\/jzi.org.pl\/en\/publikacje\/inne-publikacje\/7-zjazd-stowarzyszenia-jaminski-zespol-indeksacyjny\/\" \/>\n<meta property=\"og:site_name\" content=\"Jami\u0144ski Zesp\u00f3\u0142 Indeksacyjny\" \/>\n<meta property=\"article:publisher\" content=\"https:\/\/www.facebook.com\/Jaminski.Zespol.Indeksacyjny\/\" \/>\n<meta property=\"article:modified_time\" content=\"2020-02-27T20:48:00+00:00\" \/>\n<meta property=\"og:image\" content=\"https:\/\/jzi.org.pl\/wp-content\/uploads\/2018\/06\/7-zjazd-stowarzyszenia-JZI-708x1024.jpg\" \/>\n\t<meta property=\"og:image:width\" content=\"708\" \/>\n\t<meta property=\"og:image:height\" content=\"1024\" \/>\n\t<meta property=\"og:image:type\" content=\"image\/jpeg\" \/>\n<meta name=\"twitter:card\" content=\"summary_large_image\" \/>\n<script type=\"application\/ld+json\" class=\"yoast-schema-graph\">{\"@context\":\"https:\\\/\\\/schema.org\",\"@graph\":[{\"@type\":\"WebPage\",\"@id\":\"https:\\\/\\\/jzi.org.pl\\\/en\\\/publikacje\\\/inne-publikacje\\\/7-zjazd-stowarzyszenia-jaminski-zespol-indeksacyjny\\\/\",\"url\":\"https:\\\/\\\/jzi.org.pl\\\/en\\\/publikacje\\\/inne-publikacje\\\/7-zjazd-stowarzyszenia-jaminski-zespol-indeksacyjny\\\/\",\"name\":\"VII zjazd Stowarzyszenia \\\"Jami\u0144ski Zesp\u00f3\u0142 Indeksacyjny\\\" - Jami\u0144ski Zesp\u00f3\u0142 Indeksacyjny\",\"isPartOf\":{\"@id\":\"https:\\\/\\\/jzi.org.pl\\\/#website\"},\"datePublished\":\"2018-06-07T22:00:00+00:00\",\"dateModified\":\"2020-02-27T20:48:00+00:00\",\"description\":\"VII zjazd Stowarzyszenia \\\"Jami\u0144ski Zesp\u00f3\u0142 Indeksacyjny\\\"\",\"breadcrumb\":{\"@id\":\"https:\\\/\\\/jzi.org.pl\\\/en\\\/publikacje\\\/inne-publikacje\\\/7-zjazd-stowarzyszenia-jaminski-zespol-indeksacyjny\\\/#breadcrumb\"},\"inLanguage\":\"en-US\",\"potentialAction\":[{\"@type\":\"ReadAction\",\"target\":[\"https:\\\/\\\/jzi.org.pl\\\/en\\\/publikacje\\\/inne-publikacje\\\/7-zjazd-stowarzyszenia-jaminski-zespol-indeksacyjny\\\/\"]}]},{\"@type\":\"BreadcrumbList\",\"@id\":\"https:\\\/\\\/jzi.org.pl\\\/en\\\/publikacje\\\/inne-publikacje\\\/7-zjazd-stowarzyszenia-jaminski-zespol-indeksacyjny\\\/#breadcrumb\",\"itemListElement\":[{\"@type\":\"ListItem\",\"position\":1,\"name\":\"Strona g\u0142\u00f3wna\",\"item\":\"https:\\\/\\\/jzi.org.pl\\\/\"},{\"@type\":\"ListItem\",\"position\":2,\"name\":\"Publikacje\",\"item\":\"https:\\\/\\\/jzi.org.pl\\\/publikacje\\\/\"},{\"@type\":\"ListItem\",\"position\":3,\"name\":\"Inne publikacje\",\"item\":\"https:\\\/\\\/jzi.org.pl\\\/publikacje\\\/inne-publikacje\\\/\"},{\"@type\":\"ListItem\",\"position\":4,\"name\":\"VII zjazd Stowarzyszenia &#8222;Jami\u0144ski Zesp\u00f3\u0142 Indeksacyjny&#8221;\"}]},{\"@type\":\"WebSite\",\"@id\":\"https:\\\/\\\/jzi.org.pl\\\/#website\",\"url\":\"https:\\\/\\\/jzi.org.pl\\\/\",\"name\":\"Jami\u0144ski Zesp\u00f3\u0142 Indeksacyjny\",\"description\":\"\",\"publisher\":{\"@id\":\"https:\\\/\\\/jzi.org.pl\\\/#organization\"},\"potentialAction\":[{\"@type\":\"SearchAction\",\"target\":{\"@type\":\"EntryPoint\",\"urlTemplate\":\"https:\\\/\\\/jzi.org.pl\\\/?s={search_term_string}\"},\"query-input\":{\"@type\":\"PropertyValueSpecification\",\"valueRequired\":true,\"valueName\":\"search_term_string\"}}],\"inLanguage\":\"en-US\"},{\"@type\":\"Organization\",\"@id\":\"https:\\\/\\\/jzi.org.pl\\\/#organization\",\"name\":\"Jami\u0144ski Zesp\u00f3\u0142 Indeksacyjny\",\"url\":\"https:\\\/\\\/jzi.org.pl\\\/\",\"logo\":{\"@type\":\"ImageObject\",\"inLanguage\":\"en-US\",\"@id\":\"https:\\\/\\\/jzi.org.pl\\\/#\\\/schema\\\/logo\\\/image\\\/\",\"url\":\"https:\\\/\\\/jzi.org.pl\\\/wp-content\\\/uploads\\\/2019\\\/03\\\/logo-stowarzyszenie-jzi.png\",\"contentUrl\":\"https:\\\/\\\/jzi.org.pl\\\/wp-content\\\/uploads\\\/2019\\\/03\\\/logo-stowarzyszenie-jzi.png\",\"width\":931,\"height\":990,\"caption\":\"Jami\u0144ski Zesp\u00f3\u0142 Indeksacyjny\"},\"image\":{\"@id\":\"https:\\\/\\\/jzi.org.pl\\\/#\\\/schema\\\/logo\\\/image\\\/\"},\"sameAs\":[\"https:\\\/\\\/www.facebook.com\\\/Jaminski.Zespol.Indeksacyjny\\\/\"]}]}<\/script>\n<!-- \/ Yoast SEO plugin. -->","yoast_head_json":{"title":"VII zjazd Stowarzyszenia \"Jami\u0144ski Zesp\u00f3\u0142 Indeksacyjny\" - Jami\u0144ski Zesp\u00f3\u0142 Indeksacyjny","description":"VII zjazd Stowarzyszenia \"Jami\u0144ski Zesp\u00f3\u0142 Indeksacyjny\"","robots":{"index":"index","follow":"follow","max-snippet":"max-snippet:-1","max-image-preview":"max-image-preview:large","max-video-preview":"max-video-preview:-1"},"canonical":"https:\/\/jzi.org.pl\/en\/publikacje\/inne-publikacje\/7-zjazd-stowarzyszenia-jaminski-zespol-indeksacyjny\/","og_locale":"en_US","og_type":"article","og_title":"VII zjazd Stowarzyszenia \"Jami\u0144ski Zesp\u00f3\u0142 Indeksacyjny\"","og_description":"VII zjazd Stowarzyszenia \"Jami\u0144ski Zesp\u00f3\u0142 Indeksacyjny\" - Ryszard Kor\u0105kiewicz","og_url":"https:\/\/jzi.org.pl\/en\/publikacje\/inne-publikacje\/7-zjazd-stowarzyszenia-jaminski-zespol-indeksacyjny\/","og_site_name":"Jami\u0144ski Zesp\u00f3\u0142 Indeksacyjny","article_publisher":"https:\/\/www.facebook.com\/Jaminski.Zespol.Indeksacyjny\/","article_modified_time":"2020-02-27T20:48:00+00:00","og_image":[{"width":708,"height":1024,"url":"https:\/\/jzi.org.pl\/wp-content\/uploads\/2018\/06\/7-zjazd-stowarzyszenia-JZI-708x1024.jpg","type":"image\/jpeg"}],"twitter_card":"summary_large_image","schema":{"@context":"https:\/\/schema.org","@graph":[{"@type":"WebPage","@id":"https:\/\/jzi.org.pl\/en\/publikacje\/inne-publikacje\/7-zjazd-stowarzyszenia-jaminski-zespol-indeksacyjny\/","url":"https:\/\/jzi.org.pl\/en\/publikacje\/inne-publikacje\/7-zjazd-stowarzyszenia-jaminski-zespol-indeksacyjny\/","name":"VII zjazd Stowarzyszenia \"Jami\u0144ski Zesp\u00f3\u0142 Indeksacyjny\" - Jami\u0144ski Zesp\u00f3\u0142 Indeksacyjny","isPartOf":{"@id":"https:\/\/jzi.org.pl\/#website"},"datePublished":"2018-06-07T22:00:00+00:00","dateModified":"2020-02-27T20:48:00+00:00","description":"VII zjazd Stowarzyszenia \"Jami\u0144ski Zesp\u00f3\u0142 Indeksacyjny\"","breadcrumb":{"@id":"https:\/\/jzi.org.pl\/en\/publikacje\/inne-publikacje\/7-zjazd-stowarzyszenia-jaminski-zespol-indeksacyjny\/#breadcrumb"},"inLanguage":"en-US","potentialAction":[{"@type":"ReadAction","target":["https:\/\/jzi.org.pl\/en\/publikacje\/inne-publikacje\/7-zjazd-stowarzyszenia-jaminski-zespol-indeksacyjny\/"]}]},{"@type":"BreadcrumbList","@id":"https:\/\/jzi.org.pl\/en\/publikacje\/inne-publikacje\/7-zjazd-stowarzyszenia-jaminski-zespol-indeksacyjny\/#breadcrumb","itemListElement":[{"@type":"ListItem","position":1,"name":"Strona g\u0142\u00f3wna","item":"https:\/\/jzi.org.pl\/"},{"@type":"ListItem","position":2,"name":"Publikacje","item":"https:\/\/jzi.org.pl\/publikacje\/"},{"@type":"ListItem","position":3,"name":"Inne publikacje","item":"https:\/\/jzi.org.pl\/publikacje\/inne-publikacje\/"},{"@type":"ListItem","position":4,"name":"VII zjazd Stowarzyszenia &#8222;Jami\u0144ski Zesp\u00f3\u0142 Indeksacyjny&#8221;"}]},{"@type":"WebSite","@id":"https:\/\/jzi.org.pl\/#website","url":"https:\/\/jzi.org.pl\/","name":"Jaminy Indexing Team","description":"","publisher":{"@id":"https:\/\/jzi.org.pl\/#organization"},"potentialAction":[{"@type":"SearchAction","target":{"@type":"EntryPoint","urlTemplate":"https:\/\/jzi.org.pl\/?s={search_term_string}"},"query-input":{"@type":"PropertyValueSpecification","valueRequired":true,"valueName":"search_term_string"}}],"inLanguage":"en-US"},{"@type":"Organization","@id":"https:\/\/jzi.org.pl\/#organization","name":"Jaminy Indexing Team","url":"https:\/\/jzi.org.pl\/","logo":{"@type":"ImageObject","inLanguage":"en-US","@id":"https:\/\/jzi.org.pl\/#\/schema\/logo\/image\/","url":"https:\/\/jzi.org.pl\/wp-content\/uploads\/2019\/03\/logo-stowarzyszenie-jzi.png","contentUrl":"https:\/\/jzi.org.pl\/wp-content\/uploads\/2019\/03\/logo-stowarzyszenie-jzi.png","width":931,"height":990,"caption":"Jami\u0144ski Zesp\u00f3\u0142 Indeksacyjny"},"image":{"@id":"https:\/\/jzi.org.pl\/#\/schema\/logo\/image\/"},"sameAs":["https:\/\/www.facebook.com\/Jaminski.Zespol.Indeksacyjny\/"]}]}},"jetpack_likes_enabled":true,"jetpack_sharing_enabled":true,"_links":{"self":[{"href":"https:\/\/jzi.org.pl\/en\/wp-json\/wp\/v2\/pages\/5213","targetHints":{"allow":["GET"]}}],"collection":[{"href":"https:\/\/jzi.org.pl\/en\/wp-json\/wp\/v2\/pages"}],"about":[{"href":"https:\/\/jzi.org.pl\/en\/wp-json\/wp\/v2\/types\/page"}],"author":[{"embeddable":true,"href":"https:\/\/jzi.org.pl\/en\/wp-json\/wp\/v2\/users\/1"}],"replies":[{"embeddable":true,"href":"https:\/\/jzi.org.pl\/en\/wp-json\/wp\/v2\/comments?post=5213"}],"version-history":[{"count":0,"href":"https:\/\/jzi.org.pl\/en\/wp-json\/wp\/v2\/pages\/5213\/revisions"}],"up":[{"embeddable":true,"href":"https:\/\/jzi.org.pl\/en\/wp-json\/wp\/v2\/pages\/2036"}],"wp:attachment":[{"href":"https:\/\/jzi.org.pl\/en\/wp-json\/wp\/v2\/media?parent=5213"}],"curies":[{"name":"wp","href":"https:\/\/api.w.org\/{rel}","templated":true}]}}