{"id":4932,"date":"2018-05-14T00:00:00","date_gmt":"2018-05-13T22:00:00","guid":{"rendered":"https:\/\/jzi.org.pl\/?page_id=4932"},"modified":"2020-09-17T10:52:31","modified_gmt":"2020-09-17T08:52:31","slug":"plan-dzialan-stowarzyszenia-na-lata-2018-2019","status":"publish","type":"page","link":"https:\/\/jzi.org.pl\/en\/plan-dzialan-stowarzyszenia-na-lata-2018-2019\/","title":{"rendered":"Association's action plan for 2018-2019"},"content":{"rendered":"<h4>Indexing<\/h4>\n<ol>\n<li>Zako\u0144czenie indeksacji parafii Studzieniczna.<\/li>\n<li>Wykonanie zdj\u0119\u0107 zasob\u00f3w archiwum parafialnego i zako\u0144czenie indeksacji parafii Jan\u00f3wka.<\/li>\n<li>Rozpocz\u0119cie indeksacji parafii Jeleniewo na podstawie skan\u00f3w w szukajwarchiwach.gov.pl<\/li>\n<li>Rozszerzenie zespo\u0142u zaanga\u017cowanego w indeksacj\u0119 parafii Krasnopol i kontynuacja indeksacji na podstawie skan\u00f3w w szukajwarchiwach.gov.pl<\/li>\n<li>Wykonanie zdj\u0119\u0107 i indeksacja ksi\u0105g przekazanych w ostatnim czasie do AP Suwa\u0142ki, a kt\u00f3re jeszcze nie zosta\u0142y zindeksowane dla parafii Krasnyb\u00f3r, Barg\u0142\u00f3w, Jan\u00f3wka.<\/li>\n<li>Doko\u0144czenie indeksacji zasob\u00f3w z archiwum parafialnego w Augustowie.<\/li>\n<li>Indeksacja zasob\u00f3w parafii w Suwa\u0142kach.<\/li>\n<li>Stworzenie instrukta\u017cy dla indeksuj\u0105cych na temat najcz\u0119\u015bciej pope\u0142nianych b\u0142\u0119d\u00f3w w postaci wideobloga.<\/li>\n<\/ol>\n<h4>Publications<\/h4>\n<ol>\n<li>Wydanie kolejnych ksi\u0105\u017cek z serii \u201eOcali\u0107 od zapomnienia\u201d:\n<ol>\n<li>\u201eWspomnienia\u201d Jan Zajko,<\/li>\n<li>\u201eMoje \u017cycie\u201d Halina Ga\u0142aj,<\/li>\n<li>\u201eMoje prze\u017cycia z tu\u0142aczki wojennej 1939-1952\u201d Janusz Krzywi\u0144ski.<\/li>\n<\/ol>\n<\/li>\n<li>Wydanie kolejnych tom\u00f3w z serii \u201eNadbiebrza\u0144skie parafie\u201d\n<ol>\n<li>\u201eJaminy Zgony\u201d<\/li>\n<li>\u201eLipsk\u201d.<\/li>\n<\/ol>\n<\/li>\n<li>Wydanie albumu fotograficznego autorstwa Tomka Chilickiego i Micha\u0142a Chilmona.<\/li>\n<li>Udzia\u0142 w Dniu Ksi\u0105\u017cki Akademickiej i Naukowej w Bia\u0142ymstoku.<\/li>\n<li>Przeprowadzenie wywiad\u00f3w z autorami naszych dotychczasowych i przysz\u0142ych publikacji.<\/li>\n<\/ol>\n<h4>Other activities<\/h4>\n<ol>\n<li>Kontynuacja prac zwi\u0105zanych z inwentaryzacj\u0105 i indeksacj\u0105 cmentarza parafialnego w Jaminach.<\/li>\n<li>Przeprowadzenie wywiadu z ksi\u0119dzem Cwalin\u0105, by\u0142ym proboszczem parafii w Jaminach.<\/li>\n<li>Zidentyfikowanie zasob\u00f3w znajduj\u0105cych si\u0119 poza granicami Polski, pochodz\u0105cych z parafii dekanatu augustowskiego.<\/li>\n<li>Wsp\u00f3\u0142praca z SILB dotycz\u0105ca opracowania szlaku turystycznego po najcenniejszych historycznie i przyrodniczo punktach w pobli\u017cu Jamin.<\/li>\n<li>Ulotka informacyjna<\/li>\n<\/ol>","protected":false},"excerpt":{"rendered":"<p>Indeksacja Zako\u0144czenie indeksacji parafii Studzieniczna. Wykonanie zdj\u0119\u0107 zasob\u00f3w archiwum parafialnego i zako\u0144czenie indeksacji parafii Jan\u00f3wka. Rozpocz\u0119cie indeksacji parafii Jeleniewo na podstawie skan\u00f3w w szukajwarchiwach.gov.pl Rozszerzenie zespo\u0142u zaanga\u017cowanego w indeksacj\u0119 parafii Krasnopol i kontynuacja indeksacji na podstawie skan\u00f3w w szukajwarchiwach.gov.pl Wykonanie zdj\u0119\u0107 i indeksacja ksi\u0105g przekazanych w ostatnim czasie do AP Suwa\u0142ki, a kt\u00f3re jeszcze nie [&hellip;]<\/p>\n","protected":false},"author":1,"featured_media":7261,"parent":0,"menu_order":0,"comment_status":"open","ping_status":"open","template":"","meta":{"h5ap_radio_sources":[],"jetpack_post_was_ever_published":false,"footnotes":""},"class_list":["post-4932","page","type-page","status-publish","has-post-thumbnail","hentry"],"yoast_head":"<!-- This site is optimized with the Yoast SEO plugin v27.3 - https:\/\/yoast.com\/product\/yoast-seo-wordpress\/ -->\n<title>Plan dzia\u0142a\u0144 stowarzyszenia na lata 2018-2019 - Jami\u0144ski Zesp\u00f3\u0142 Indeksacyjny<\/title>\n<meta name=\"robots\" content=\"index, follow, max-snippet:-1, max-image-preview:large, max-video-preview:-1\" \/>\n<link rel=\"canonical\" href=\"https:\/\/jzi.org.pl\/en\/plan-dzialan-stowarzyszenia-na-lata-2018-2019\/\" \/>\n<meta property=\"og:locale\" content=\"en_US\" \/>\n<meta property=\"og:type\" content=\"article\" \/>\n<meta property=\"og:title\" content=\"Plan dzia\u0142a\u0144 stowarzyszenia na lata 2018-2019 - Jami\u0144ski Zesp\u00f3\u0142 Indeksacyjny\" \/>\n<meta property=\"og:description\" content=\"Indeksacja Zako\u0144czenie indeksacji parafii Studzieniczna. Wykonanie zdj\u0119\u0107 zasob\u00f3w archiwum parafialnego i zako\u0144czenie indeksacji parafii Jan\u00f3wka. Rozpocz\u0119cie indeksacji parafii Jeleniewo na podstawie skan\u00f3w w szukajwarchiwach.gov.pl Rozszerzenie zespo\u0142u zaanga\u017cowanego w indeksacj\u0119 parafii Krasnopol i kontynuacja indeksacji na podstawie skan\u00f3w w szukajwarchiwach.gov.pl Wykonanie zdj\u0119\u0107 i indeksacja ksi\u0105g przekazanych w ostatnim czasie do AP Suwa\u0142ki, a kt\u00f3re jeszcze nie [&hellip;]\" \/>\n<meta property=\"og:url\" content=\"https:\/\/jzi.org.pl\/en\/plan-dzialan-stowarzyszenia-na-lata-2018-2019\/\" \/>\n<meta property=\"og:site_name\" content=\"Jami\u0144ski Zesp\u00f3\u0142 Indeksacyjny\" \/>\n<meta property=\"article:publisher\" content=\"https:\/\/www.facebook.com\/Jaminski.Zespol.Indeksacyjny\/\" \/>\n<meta property=\"article:modified_time\" content=\"2020-09-17T08:52:31+00:00\" \/>\n<meta property=\"og:image\" content=\"https:\/\/jzi.org.pl\/wp-content\/uploads\/2019\/03\/logo-stowarzyszenie-jzi-1.png\" \/>\n\t<meta property=\"og:image:width\" content=\"931\" \/>\n\t<meta property=\"og:image:height\" content=\"990\" \/>\n\t<meta property=\"og:image:type\" content=\"image\/png\" \/>\n<meta name=\"twitter:card\" content=\"summary_large_image\" \/>\n<meta name=\"twitter:label1\" content=\"Est. reading time\" \/>\n\t<meta name=\"twitter:data1\" content=\"1 minute\" \/>\n<script type=\"application\/ld+json\" class=\"yoast-schema-graph\">{\"@context\":\"https:\\\/\\\/schema.org\",\"@graph\":[{\"@type\":\"WebPage\",\"@id\":\"https:\\\/\\\/jzi.org.pl\\\/plan-dzialan-stowarzyszenia-na-lata-2018-2019\\\/\",\"url\":\"https:\\\/\\\/jzi.org.pl\\\/plan-dzialan-stowarzyszenia-na-lata-2018-2019\\\/\",\"name\":\"Plan dzia\u0142a\u0144 stowarzyszenia na lata 2018-2019 - Jami\u0144ski Zesp\u00f3\u0142 Indeksacyjny\",\"isPartOf\":{\"@id\":\"https:\\\/\\\/jzi.org.pl\\\/#website\"},\"primaryImageOfPage\":{\"@id\":\"https:\\\/\\\/jzi.org.pl\\\/plan-dzialan-stowarzyszenia-na-lata-2018-2019\\\/#primaryimage\"},\"image\":{\"@id\":\"https:\\\/\\\/jzi.org.pl\\\/plan-dzialan-stowarzyszenia-na-lata-2018-2019\\\/#primaryimage\"},\"thumbnailUrl\":\"https:\\\/\\\/jzi.org.pl\\\/wp-content\\\/uploads\\\/2019\\\/03\\\/logo-stowarzyszenie-jzi-1.png\",\"datePublished\":\"2018-05-13T22:00:00+00:00\",\"dateModified\":\"2020-09-17T08:52:31+00:00\",\"breadcrumb\":{\"@id\":\"https:\\\/\\\/jzi.org.pl\\\/plan-dzialan-stowarzyszenia-na-lata-2018-2019\\\/#breadcrumb\"},\"inLanguage\":\"en-US\",\"potentialAction\":[{\"@type\":\"ReadAction\",\"target\":[\"https:\\\/\\\/jzi.org.pl\\\/plan-dzialan-stowarzyszenia-na-lata-2018-2019\\\/\"]}]},{\"@type\":\"ImageObject\",\"inLanguage\":\"en-US\",\"@id\":\"https:\\\/\\\/jzi.org.pl\\\/plan-dzialan-stowarzyszenia-na-lata-2018-2019\\\/#primaryimage\",\"url\":\"https:\\\/\\\/jzi.org.pl\\\/wp-content\\\/uploads\\\/2019\\\/03\\\/logo-stowarzyszenie-jzi-1.png\",\"contentUrl\":\"https:\\\/\\\/jzi.org.pl\\\/wp-content\\\/uploads\\\/2019\\\/03\\\/logo-stowarzyszenie-jzi-1.png\",\"width\":931,\"height\":990,\"caption\":\"Logo JZI\"},{\"@type\":\"BreadcrumbList\",\"@id\":\"https:\\\/\\\/jzi.org.pl\\\/plan-dzialan-stowarzyszenia-na-lata-2018-2019\\\/#breadcrumb\",\"itemListElement\":[{\"@type\":\"ListItem\",\"position\":1,\"name\":\"Strona g\u0142\u00f3wna\",\"item\":\"https:\\\/\\\/jzi.org.pl\\\/\"},{\"@type\":\"ListItem\",\"position\":2,\"name\":\"Plan dzia\u0142a\u0144 stowarzyszenia na lata 2018-2019\"}]},{\"@type\":\"WebSite\",\"@id\":\"https:\\\/\\\/jzi.org.pl\\\/#website\",\"url\":\"https:\\\/\\\/jzi.org.pl\\\/\",\"name\":\"Jami\u0144ski Zesp\u00f3\u0142 Indeksacyjny\",\"description\":\"\",\"publisher\":{\"@id\":\"https:\\\/\\\/jzi.org.pl\\\/#organization\"},\"potentialAction\":[{\"@type\":\"SearchAction\",\"target\":{\"@type\":\"EntryPoint\",\"urlTemplate\":\"https:\\\/\\\/jzi.org.pl\\\/?s={search_term_string}\"},\"query-input\":{\"@type\":\"PropertyValueSpecification\",\"valueRequired\":true,\"valueName\":\"search_term_string\"}}],\"inLanguage\":\"en-US\"},{\"@type\":\"Organization\",\"@id\":\"https:\\\/\\\/jzi.org.pl\\\/#organization\",\"name\":\"Jami\u0144ski Zesp\u00f3\u0142 Indeksacyjny\",\"url\":\"https:\\\/\\\/jzi.org.pl\\\/\",\"logo\":{\"@type\":\"ImageObject\",\"inLanguage\":\"en-US\",\"@id\":\"https:\\\/\\\/jzi.org.pl\\\/#\\\/schema\\\/logo\\\/image\\\/\",\"url\":\"https:\\\/\\\/jzi.org.pl\\\/wp-content\\\/uploads\\\/2019\\\/03\\\/logo-stowarzyszenie-jzi.png\",\"contentUrl\":\"https:\\\/\\\/jzi.org.pl\\\/wp-content\\\/uploads\\\/2019\\\/03\\\/logo-stowarzyszenie-jzi.png\",\"width\":931,\"height\":990,\"caption\":\"Jami\u0144ski Zesp\u00f3\u0142 Indeksacyjny\"},\"image\":{\"@id\":\"https:\\\/\\\/jzi.org.pl\\\/#\\\/schema\\\/logo\\\/image\\\/\"},\"sameAs\":[\"https:\\\/\\\/www.facebook.com\\\/Jaminski.Zespol.Indeksacyjny\\\/\"]}]}<\/script>\n<!-- \/ Yoast SEO plugin. -->","yoast_head_json":{"title":"Plan dzia\u0142a\u0144 stowarzyszenia na lata 2018-2019 - Jami\u0144ski Zesp\u00f3\u0142 Indeksacyjny","robots":{"index":"index","follow":"follow","max-snippet":"max-snippet:-1","max-image-preview":"max-image-preview:large","max-video-preview":"max-video-preview:-1"},"canonical":"https:\/\/jzi.org.pl\/en\/plan-dzialan-stowarzyszenia-na-lata-2018-2019\/","og_locale":"en_US","og_type":"article","og_title":"Plan dzia\u0142a\u0144 stowarzyszenia na lata 2018-2019 - Jami\u0144ski Zesp\u00f3\u0142 Indeksacyjny","og_description":"Indeksacja Zako\u0144czenie indeksacji parafii Studzieniczna. Wykonanie zdj\u0119\u0107 zasob\u00f3w archiwum parafialnego i zako\u0144czenie indeksacji parafii Jan\u00f3wka. Rozpocz\u0119cie indeksacji parafii Jeleniewo na podstawie skan\u00f3w w szukajwarchiwach.gov.pl Rozszerzenie zespo\u0142u zaanga\u017cowanego w indeksacj\u0119 parafii Krasnopol i kontynuacja indeksacji na podstawie skan\u00f3w w szukajwarchiwach.gov.pl Wykonanie zdj\u0119\u0107 i indeksacja ksi\u0105g przekazanych w ostatnim czasie do AP Suwa\u0142ki, a kt\u00f3re jeszcze nie [&hellip;]","og_url":"https:\/\/jzi.org.pl\/en\/plan-dzialan-stowarzyszenia-na-lata-2018-2019\/","og_site_name":"Jami\u0144ski Zesp\u00f3\u0142 Indeksacyjny","article_publisher":"https:\/\/www.facebook.com\/Jaminski.Zespol.Indeksacyjny\/","article_modified_time":"2020-09-17T08:52:31+00:00","og_image":[{"width":931,"height":990,"url":"https:\/\/jzi.org.pl\/wp-content\/uploads\/2019\/03\/logo-stowarzyszenie-jzi-1.png","type":"image\/png"}],"twitter_card":"summary_large_image","twitter_misc":{"Est. reading time":"1 minute"},"schema":{"@context":"https:\/\/schema.org","@graph":[{"@type":"WebPage","@id":"https:\/\/jzi.org.pl\/plan-dzialan-stowarzyszenia-na-lata-2018-2019\/","url":"https:\/\/jzi.org.pl\/plan-dzialan-stowarzyszenia-na-lata-2018-2019\/","name":"Plan dzia\u0142a\u0144 stowarzyszenia na lata 2018-2019 - Jami\u0144ski Zesp\u00f3\u0142 Indeksacyjny","isPartOf":{"@id":"https:\/\/jzi.org.pl\/#website"},"primaryImageOfPage":{"@id":"https:\/\/jzi.org.pl\/plan-dzialan-stowarzyszenia-na-lata-2018-2019\/#primaryimage"},"image":{"@id":"https:\/\/jzi.org.pl\/plan-dzialan-stowarzyszenia-na-lata-2018-2019\/#primaryimage"},"thumbnailUrl":"https:\/\/jzi.org.pl\/wp-content\/uploads\/2019\/03\/logo-stowarzyszenie-jzi-1.png","datePublished":"2018-05-13T22:00:00+00:00","dateModified":"2020-09-17T08:52:31+00:00","breadcrumb":{"@id":"https:\/\/jzi.org.pl\/plan-dzialan-stowarzyszenia-na-lata-2018-2019\/#breadcrumb"},"inLanguage":"en-US","potentialAction":[{"@type":"ReadAction","target":["https:\/\/jzi.org.pl\/plan-dzialan-stowarzyszenia-na-lata-2018-2019\/"]}]},{"@type":"ImageObject","inLanguage":"en-US","@id":"https:\/\/jzi.org.pl\/plan-dzialan-stowarzyszenia-na-lata-2018-2019\/#primaryimage","url":"https:\/\/jzi.org.pl\/wp-content\/uploads\/2019\/03\/logo-stowarzyszenie-jzi-1.png","contentUrl":"https:\/\/jzi.org.pl\/wp-content\/uploads\/2019\/03\/logo-stowarzyszenie-jzi-1.png","width":931,"height":990,"caption":"Logo JZI"},{"@type":"BreadcrumbList","@id":"https:\/\/jzi.org.pl\/plan-dzialan-stowarzyszenia-na-lata-2018-2019\/#breadcrumb","itemListElement":[{"@type":"ListItem","position":1,"name":"Strona g\u0142\u00f3wna","item":"https:\/\/jzi.org.pl\/"},{"@type":"ListItem","position":2,"name":"Plan dzia\u0142a\u0144 stowarzyszenia na lata 2018-2019"}]},{"@type":"WebSite","@id":"https:\/\/jzi.org.pl\/#website","url":"https:\/\/jzi.org.pl\/","name":"Jaminy Indexing Team","description":"","publisher":{"@id":"https:\/\/jzi.org.pl\/#organization"},"potentialAction":[{"@type":"SearchAction","target":{"@type":"EntryPoint","urlTemplate":"https:\/\/jzi.org.pl\/?s={search_term_string}"},"query-input":{"@type":"PropertyValueSpecification","valueRequired":true,"valueName":"search_term_string"}}],"inLanguage":"en-US"},{"@type":"Organization","@id":"https:\/\/jzi.org.pl\/#organization","name":"Jaminy Indexing Team","url":"https:\/\/jzi.org.pl\/","logo":{"@type":"ImageObject","inLanguage":"en-US","@id":"https:\/\/jzi.org.pl\/#\/schema\/logo\/image\/","url":"https:\/\/jzi.org.pl\/wp-content\/uploads\/2019\/03\/logo-stowarzyszenie-jzi.png","contentUrl":"https:\/\/jzi.org.pl\/wp-content\/uploads\/2019\/03\/logo-stowarzyszenie-jzi.png","width":931,"height":990,"caption":"Jami\u0144ski Zesp\u00f3\u0142 Indeksacyjny"},"image":{"@id":"https:\/\/jzi.org.pl\/#\/schema\/logo\/image\/"},"sameAs":["https:\/\/www.facebook.com\/Jaminski.Zespol.Indeksacyjny\/"]}]}},"jetpack_likes_enabled":true,"jetpack_sharing_enabled":true,"_links":{"self":[{"href":"https:\/\/jzi.org.pl\/en\/wp-json\/wp\/v2\/pages\/4932","targetHints":{"allow":["GET"]}}],"collection":[{"href":"https:\/\/jzi.org.pl\/en\/wp-json\/wp\/v2\/pages"}],"about":[{"href":"https:\/\/jzi.org.pl\/en\/wp-json\/wp\/v2\/types\/page"}],"author":[{"embeddable":true,"href":"https:\/\/jzi.org.pl\/en\/wp-json\/wp\/v2\/users\/1"}],"replies":[{"embeddable":true,"href":"https:\/\/jzi.org.pl\/en\/wp-json\/wp\/v2\/comments?post=4932"}],"version-history":[{"count":0,"href":"https:\/\/jzi.org.pl\/en\/wp-json\/wp\/v2\/pages\/4932\/revisions"}],"wp:featuredmedia":[{"embeddable":true,"href":"https:\/\/jzi.org.pl\/en\/wp-json\/wp\/v2\/media\/7261"}],"wp:attachment":[{"href":"https:\/\/jzi.org.pl\/en\/wp-json\/wp\/v2\/media?parent=4932"}],"curies":[{"name":"wp","href":"https:\/\/api.w.org\/{rel}","templated":true}]}}