{"id":4863,"date":"2018-05-04T00:00:00","date_gmt":"2018-05-03T22:00:00","guid":{"rendered":"https:\/\/jzi.org.pl\/?page_id=4863"},"modified":"2020-02-27T21:47:58","modified_gmt":"2020-02-27T20:47:58","slug":"traktat-o-bimbrze","status":"publish","type":"page","link":"https:\/\/jzi.org.pl\/en\/publikacje\/inne-publikacje\/traktat-o-bimbrze\/","title":{"rendered":"Traktat o bimbrze"},"content":{"rendered":"<div id=\"pl-4863\"  class=\"panel-layout\" ><div id=\"pg-4863-0\"  class=\"panel-grid panel-has-style\" ><div class=\"panel-row-style panel-row-style-for-4863-0\" ><div id=\"pgc-4863-0-0\"  class=\"panel-grid-cell\" ><div id=\"panel-4863-0-0-0\" class=\"so-panel widget widget_sow-editor panel-first-child panel-last-child\" data-index=\"0\" ><div class=\"panel-widget-style panel-widget-style-for-4863-0-0-0\" ><div\n\t\t\t\n\t\t\tclass=\"so-widget-sow-editor so-widget-sow-editor-base\"\n\t\t\t\n\t\t>\n<div class=\"siteorigin-widget-tinymce textwidget\">\n\t<div class='black' style='background:rgb(243, 243, 243); border:solid 0px rgba(0,0,0,0); border-radius:0px; padding:0px 0px 0px 0px;'>\n<div id='slider_365' class='owl-carousel sa_owl_theme owl-pagination-true autohide-arrows' data-slider-id='slider_365' style='visibility:hidden;'>\n<div id='slider_365_slide01' class='sa_hover_container' style='padding:2% 2%; margin:0px 0%; '>\n<p><a href=\"https:\/\/jzi.org.pl\/wp-content\/uploads\/2018\/05\/Traktat-o-bimbrze0.jpg\"><img loading=\"lazy\" decoding=\"async\" class=\"alignleft wp-image-4867 size-full\" src=\"https:\/\/jzi.org.pl\/wp-content\/uploads\/2018\/05\/Traktat-o-bimbrze0.jpg\" alt=\"\" width=\"1664\" height=\"2374\" srcset=\"https:\/\/jzi.org.pl\/wp-content\/uploads\/2018\/05\/Traktat-o-bimbrze0.jpg 1664w, https:\/\/jzi.org.pl\/wp-content\/uploads\/2018\/05\/Traktat-o-bimbrze0-210x300.jpg 210w, https:\/\/jzi.org.pl\/wp-content\/uploads\/2018\/05\/Traktat-o-bimbrze0-768x1096.jpg 768w, https:\/\/jzi.org.pl\/wp-content\/uploads\/2018\/05\/Traktat-o-bimbrze0-718x1024.jpg 718w, https:\/\/jzi.org.pl\/wp-content\/uploads\/2018\/05\/Traktat-o-bimbrze0-416x594.jpg 416w\" sizes=\"auto, (max-width: 1664px) 100vw, 1664px\" \/><\/a><\/p>\n<\/div>\n<div id='slider_365_slide02' class='sa_hover_container' style='padding:2% 2%; margin:0px 0%; '>\n<p><a href=\"https:\/\/jzi.org.pl\/wp-content\/uploads\/2018\/05\/Traktat-o-bimbrze1.png\"><img loading=\"lazy\" decoding=\"async\" class=\"alignleft wp-image-4868 size-full\" src=\"https:\/\/jzi.org.pl\/wp-content\/uploads\/2018\/05\/Traktat-o-bimbrze1.png\" alt=\"\" width=\"709\" height=\"1106\" srcset=\"https:\/\/jzi.org.pl\/wp-content\/uploads\/2018\/05\/Traktat-o-bimbrze1.png 709w, https:\/\/jzi.org.pl\/wp-content\/uploads\/2018\/05\/Traktat-o-bimbrze1-192x300.png 192w, https:\/\/jzi.org.pl\/wp-content\/uploads\/2018\/05\/Traktat-o-bimbrze1-656x1024.png 656w, https:\/\/jzi.org.pl\/wp-content\/uploads\/2018\/05\/Traktat-o-bimbrze1-416x649.png 416w\" sizes=\"auto, (max-width: 709px) 100vw, 709px\" \/><\/a><\/p>\n<\/div>\n<div id='slider_365_slide03' class='sa_hover_container' style='padding:2% 2%; margin:0px 0%; '>\n<p><a href=\"https:\/\/jzi.org.pl\/wp-content\/uploads\/2018\/05\/Traktat-o-bimbrze3.png\"><img loading=\"lazy\" decoding=\"async\" class=\"alignleft size-full wp-image-4869\" src=\"https:\/\/jzi.org.pl\/wp-content\/uploads\/2018\/05\/Traktat-o-bimbrze3.png\" alt=\"\" width=\"709\" height=\"1106\" srcset=\"https:\/\/jzi.org.pl\/wp-content\/uploads\/2018\/05\/Traktat-o-bimbrze3.png 709w, https:\/\/jzi.org.pl\/wp-content\/uploads\/2018\/05\/Traktat-o-bimbrze3-192x300.png 192w, https:\/\/jzi.org.pl\/wp-content\/uploads\/2018\/05\/Traktat-o-bimbrze3-656x1024.png 656w, https:\/\/jzi.org.pl\/wp-content\/uploads\/2018\/05\/Traktat-o-bimbrze3-416x649.png 416w\" sizes=\"auto, (max-width: 709px) 100vw, 709px\" \/><\/a><\/p>\n<\/div>\n<div id='slider_365_slide04' class='sa_hover_container' style='padding:2% 2%; margin:0px 0%; '>\n<p><a href=\"https:\/\/jzi.org.pl\/wp-content\/uploads\/2018\/05\/Traktat-o-bimbrze5.png\"><img loading=\"lazy\" decoding=\"async\" class=\"alignleft size-full wp-image-4870\" src=\"https:\/\/jzi.org.pl\/wp-content\/uploads\/2018\/05\/Traktat-o-bimbrze5.png\" alt=\"\" width=\"709\" height=\"1106\" srcset=\"https:\/\/jzi.org.pl\/wp-content\/uploads\/2018\/05\/Traktat-o-bimbrze5.png 709w, https:\/\/jzi.org.pl\/wp-content\/uploads\/2018\/05\/Traktat-o-bimbrze5-192x300.png 192w, https:\/\/jzi.org.pl\/wp-content\/uploads\/2018\/05\/Traktat-o-bimbrze5-656x1024.png 656w, https:\/\/jzi.org.pl\/wp-content\/uploads\/2018\/05\/Traktat-o-bimbrze5-416x649.png 416w\" sizes=\"auto, (max-width: 709px) 100vw, 709px\" \/><\/a><\/p>\n<\/div>\n<div id='slider_365_slide05' class='sa_hover_container' style='padding:2% 2%; margin:0px 0%; '>\n<p><a href=\"https:\/\/jzi.org.pl\/wp-content\/uploads\/2018\/05\/Traktat-o-bimbrze38.png\"><img loading=\"lazy\" decoding=\"async\" class=\"alignleft size-full wp-image-4871\" src=\"https:\/\/jzi.org.pl\/wp-content\/uploads\/2018\/05\/Traktat-o-bimbrze38.png\" alt=\"\" width=\"709\" height=\"1106\" srcset=\"https:\/\/jzi.org.pl\/wp-content\/uploads\/2018\/05\/Traktat-o-bimbrze38.png 709w, https:\/\/jzi.org.pl\/wp-content\/uploads\/2018\/05\/Traktat-o-bimbrze38-192x300.png 192w, https:\/\/jzi.org.pl\/wp-content\/uploads\/2018\/05\/Traktat-o-bimbrze38-656x1024.png 656w, https:\/\/jzi.org.pl\/wp-content\/uploads\/2018\/05\/Traktat-o-bimbrze38-416x649.png 416w\" sizes=\"auto, (max-width: 709px) 100vw, 709px\" \/><\/a><\/p>\n<\/div>\n<div id='slider_365_slide06' class='sa_hover_container' style='padding:2% 2%; margin:0px 0%; '>\n<p><a href=\"https:\/\/jzi.org.pl\/wp-content\/uploads\/2018\/05\/Traktat-o-bimbrze45.png\"><img loading=\"lazy\" decoding=\"async\" class=\"alignleft size-full wp-image-4872\" src=\"https:\/\/jzi.org.pl\/wp-content\/uploads\/2018\/05\/Traktat-o-bimbrze45.png\" alt=\"\" width=\"709\" height=\"1106\" srcset=\"https:\/\/jzi.org.pl\/wp-content\/uploads\/2018\/05\/Traktat-o-bimbrze45.png 709w, https:\/\/jzi.org.pl\/wp-content\/uploads\/2018\/05\/Traktat-o-bimbrze45-192x300.png 192w, https:\/\/jzi.org.pl\/wp-content\/uploads\/2018\/05\/Traktat-o-bimbrze45-656x1024.png 656w, https:\/\/jzi.org.pl\/wp-content\/uploads\/2018\/05\/Traktat-o-bimbrze45-416x649.png 416w\" sizes=\"auto, (max-width: 709px) 100vw, 709px\" \/><\/a><\/p>\n<\/div>\n<\/div>\n<\/div>\n<p><script type='text\/javascript'>\n\tjQuery(document).ready(function() {\n\t\tjQuery('#slider_365').owlCarousel({\n\t\t\titems : 1,\n\t\t\tanimateOut : 'flipOutY',\n\t\t\tanimateIn : 'fadeIn',\n\t\t\tsmartSpeed : 400,\n\t\t\tautoplay : true,\n\t\t\tautoplayTimeout : 4000,\n\t\t\tautoplayHoverPause : true,\n\t\t\tsmartSpeed : 400,\n\t\t\tfluidSpeed : 400,\n\t\t\tautoplaySpeed : 400,\n\t\t\tnavSpeed : 400,\n\t\t\tdotsSpeed : 400,\n\t\t\tloop : true,\n\t\t\tnav : true,\n\t\t\tnavText : ['Previous','Next'],\n\t\t\tdots : true,\n\t\t\tresponsiveRefreshRate : 200,\n\t\t\tslideBy : 1,\n\t\t\tmergeFit : true,\n\t\t\tautoHeight : false,\n\t\t\tmouseDrag : true,\n\t\t\ttouchDrag : true\n\t\t});\n\t\tjQuery('#slider_365').css('visibility', 'visible');\n\t\tsa_resize_slider_365();\n\t\twindow.addEventListener('resize', sa_resize_slider_365);\n\t\tfunction sa_resize_slider_365() {\n\t\t\tvar min_height = '50';\n\t\t\tvar win_width = jQuery(window).width();\n\t\t\tvar slider_width = jQuery('#slider_365').width();\n\t\t\tif (win_width < 480) {\n\t\t\t\tvar slide_width = slider_width \/ 1;\n\t\t\t} else if (win_width < 768) {\n\t\t\t\tvar slide_width = slider_width \/ 1;\n\t\t\t} else if (win_width < 980) {\n\t\t\t\tvar slide_width = slider_width \/ 1;\n\t\t\t} else if (win_width < 1200) {\n\t\t\t\tvar slide_width = slider_width \/ 1;\n\t\t\t} else if (win_width < 1500) {\n\t\t\t\tvar slide_width = slider_width \/ 1;\n\t\t\t} else {\n\t\t\t\tvar slide_width = slider_width \/ 1;\n\t\t\t}\n\t\t\tslide_width = Math.round(slide_width);\n\t\t\tvar slide_height = '0';\n\t\t\tif (min_height == 'aspect43') {\n\t\t\t\tslide_height = (slide_width \/ 4) * 3;\t\t\t\tslide_height = Math.round(slide_height);\n\t\t\t} else if (min_height == 'aspect169') {\n\t\t\t\tslide_height = (slide_width \/ 16) * 9;\t\t\t\tslide_height = Math.round(slide_height);\n\t\t\t} else {\n\t\t\t\tslide_height = (slide_width \/ 100) * min_height;\t\t\t\tslide_height = Math.round(slide_height);\n\t\t\t}\n\t\t\tjQuery('#slider_365 .owl-item .sa_hover_container').css('min-height', slide_height+'px');\n\t\t}\n\t\tvar owl_goto = jQuery('#slider_365');\n\t\tjQuery('.slider_365_goto1').click(function(event){\n\t\t\towl_goto.trigger('to.owl.carousel', 0);\n\t\t});\n\t\tjQuery('.slider_365_goto2').click(function(event){\n\t\t\towl_goto.trigger('to.owl.carousel', 1);\n\t\t});\n\t\tjQuery('.slider_365_goto3').click(function(event){\n\t\t\towl_goto.trigger('to.owl.carousel', 2);\n\t\t});\n\t\tjQuery('.slider_365_goto4').click(function(event){\n\t\t\towl_goto.trigger('to.owl.carousel', 3);\n\t\t});\n\t\tjQuery('.slider_365_goto5').click(function(event){\n\t\t\towl_goto.trigger('to.owl.carousel', 4);\n\t\t});\n\t\tjQuery('.slider_365_goto6').click(function(event){\n\t\t\towl_goto.trigger('to.owl.carousel', 5);\n\t\t});\n\t\tvar resize_4866 = jQuery('.owl-carousel');\n\t\tresize_4866.on('initialized.owl.carousel', function(e) {\n\t\t\tif (typeof(Event) === 'function') {\n\t\t\t\twindow.dispatchEvent(new Event('resize'));\n\t\t\t} else {\n\t\t\t\tvar evt = window.document.createEvent('UIEvents');\n\t\t\t\tevt.initUIEvent('resize', true, false, window, 0);\n\t\t\t\twindow.dispatchEvent(evt);\n\t\t\t}\n\t\t});\n\t});\n<\/script><\/p>\n<\/div>\n<\/div><\/div><\/div><\/div><div id=\"pgc-4863-0-1\"  class=\"panel-grid-cell\" ><div id=\"panel-4863-0-1-0\" class=\"so-panel widget widget_sow-editor panel-first-child\" data-index=\"1\" ><div class=\"panel-widget-style panel-widget-style-for-4863-0-1-0\" ><div\n\t\t\t\n\t\t\tclass=\"so-widget-sow-editor so-widget-sow-editor-base\"\n\t\t\t\n\t\t>\n<div class=\"siteorigin-widget-tinymce textwidget\">\n\t<p>Tytu\u0142: Traktat o bimbrze<\/p>\n<p>Autor: Heprozos<\/p>\n<p>Wydanie: 1<\/p>\n<p>ISBN: 978-83-951660-1-3<\/p>\n<p>Stron: 54<\/p>\n<p>Format: 12,5x19,5 cm<\/p>\n<p>Ok\u0142adka: mi\u0119kka, lakierowana<\/p>\n<\/div>\n<\/div><\/div><\/div><div id=\"panel-4863-0-1-1\" class=\"so-panel widget widget_sow-button panel-last-child\" data-index=\"2\" ><div\n\t\t\t\n\t\t\tclass=\"so-widget-sow-button so-widget-sow-button-flat-72fb368e792a-4863\"\n\t\t\t\n\t\t><div class=\"ow-button-base ow-button-align-center\"\n>\n\t\t\t<a\n\t\t\t\t\thref=\"https:\/\/jzi.org.pl\/en\/product\/traktat-o-bimbrze\/\"\n\t\t\t\t\tclass=\"sowb-button ow-icon-placement-left ow-button-hover\" \t>\n\t\t<span>\n\t\t\t\n\t\t\tKup w sklepie\t\t<\/span>\n\t\t\t<\/a>\n\t<\/div>\n<\/div><\/div><\/div><\/div><\/div><div id=\"pg-4863-1\"  class=\"panel-grid panel-no-style\" ><div id=\"pgc-4863-1-0\"  class=\"panel-grid-cell\" ><div id=\"panel-4863-1-0-0\" class=\"so-panel widget widget_sow-editor panel-first-child panel-last-child\" data-index=\"3\" ><div class=\"panel-widget-style panel-widget-style-for-4863-1-0-0\" ><div\n\t\t\t\n\t\t\tclass=\"so-widget-sow-editor so-widget-sow-editor-base\"\n\t\t\t\n\t\t><h3 class=\"widget-title\">Kr\u00f3tki opis<\/h3>\n<div class=\"siteorigin-widget-tinymce textwidget\">\n\t<p>Prezentowana ksi\u0105\u017ceczka to zupe\u0142na nowo\u015b\u0107 w wydawnictwie JZI. Zupe\u0142nie nie zwi\u0105zana z genealogi\u0105, lecz zwi\u0105zana z tradycj\u0105 kultywowan\u0105 od wiek\u00f3w mi\u0119dzy innymi na Podlasiu. Traktat o bimbrze to 50 stron na temat samogonu, zabawnie napisanych i w dodatku zgrabnym wierszem. Ksi\u0105\u017ceczka w 100% typu relaksowego, do poczytania i po\u015bmiania si\u0119. Zilustrowana reprodukcjami plakat\u00f3w propagandowych z czas\u00f3w PRL maj\u0105cych na celu ograniczenie spo\u017cycia alkoholu przez socjalistyczne spo\u0142ecze\u0144stwo.<\/p>\n<\/div>\n<\/div><\/div><\/div><\/div><\/div><\/div>","protected":false},"excerpt":{"rendered":"<p>Tytu\u0142: Traktat o bimbrze Autor: Heprozos Wydanie: 1 ISBN: 978-83-951660-1-3 Stron: 54 Format: 12,5&#215;19,5 cm Ok\u0142adka: mi\u0119kka, lakierowana Prezentowana ksi\u0105\u017ceczka to zupe\u0142na nowo\u015b\u0107 w wydawnictwie JZI. Zupe\u0142nie nie zwi\u0105zana z genealogi\u0105, lecz zwi\u0105zana z tradycj\u0105 kultywowan\u0105 od wiek\u00f3w mi\u0119dzy innymi na Podlasiu. Traktat o bimbrze to 50 stron na temat samogonu, zabawnie napisanych i w [&hellip;]<\/p>\n","protected":false},"author":1,"featured_media":0,"parent":2036,"menu_order":0,"comment_status":"open","ping_status":"open","template":"","meta":{"h5ap_radio_sources":[],"jetpack_post_was_ever_published":false,"footnotes":""},"class_list":["post-4863","page","type-page","status-publish","hentry"],"yoast_head":"<!-- This site is optimized with the Yoast SEO plugin v27.4 - https:\/\/yoast.com\/product\/yoast-seo-wordpress\/ -->\n<title>Traktat o bimbrze - Jami\u0144ski Zesp\u00f3\u0142 Indeksacyjny<\/title>\n<meta name=\"description\" content=\"Prezentowana ksi\u0105\u017ceczka to zupe\u0142na nowo\u015b\u0107 w wydawnictwie JZI. Zupe\u0142nie nie zwi\u0105zana z genealogi\u0105, lecz zwi\u0105zana z tradycj\u0105 kultywowan\u0105 od wiek\u00f3w mi\u0119dzy innymi na Podlasiu. Traktat o bimbrze to 50 stron na temat samogonu, zabawnie napisanych i w dodatku zgrabnym wierszem.\" \/>\n<meta name=\"robots\" content=\"index, follow, max-snippet:-1, max-image-preview:large, max-video-preview:-1\" \/>\n<link rel=\"canonical\" href=\"https:\/\/jzi.org.pl\/en\/publikacje\/inne-publikacje\/traktat-o-bimbrze\/\" \/>\n<meta property=\"og:locale\" content=\"en_US\" \/>\n<meta property=\"og:type\" content=\"article\" \/>\n<meta property=\"og:title\" content=\"Traktat o bimbrze\" \/>\n<meta property=\"og:description\" content=\"Prezentowana ksi\u0105\u017ceczka to zupe\u0142na nowo\u015b\u0107 w wydawnictwie JZI. Zupe\u0142nie nie zwi\u0105zana z genealogi\u0105, lecz zwi\u0105zana z tradycj\u0105 kultywowan\u0105 od wiek\u00f3w mi\u0119dzy innymi na Podlasiu. Traktat o bimbrze to 50 stron na temat samogonu, zabawnie napisanych i w dodatku zgrabnym wierszem. Ksi\u0105\u017ceczka w 100% typu relaksowego, do poczytania i po\u015bmiania si\u0119. Zilustrowana reprodukcjami plakat\u00f3w propagandowych z czas\u00f3w PRL maj\u0105cych na celu ograniczenie spo\u017cycia alkoholu przez socjalistyczne spo\u0142ecze\u0144stwo.\" \/>\n<meta property=\"og:url\" content=\"https:\/\/jzi.org.pl\/en\/publikacje\/inne-publikacje\/traktat-o-bimbrze\/\" \/>\n<meta property=\"og:site_name\" content=\"Jami\u0144ski Zesp\u00f3\u0142 Indeksacyjny\" \/>\n<meta property=\"article:publisher\" content=\"https:\/\/www.facebook.com\/Jaminski.Zespol.Indeksacyjny\/\" \/>\n<meta property=\"article:modified_time\" content=\"2020-02-27T20:47:58+00:00\" \/>\n<meta property=\"og:image\" content=\"https:\/\/jzi.org.pl\/wp-content\/uploads\/2018\/05\/Traktat-o-bimbrze0.jpg\" \/>\n\t<meta property=\"og:image:width\" content=\"1664\" \/>\n\t<meta property=\"og:image:height\" content=\"2374\" \/>\n\t<meta property=\"og:image:type\" content=\"image\/jpeg\" \/>\n<meta name=\"twitter:card\" content=\"summary_large_image\" \/>\n<meta name=\"twitter:label1\" content=\"Est. reading time\" \/>\n\t<meta name=\"twitter:data1\" content=\"1 minute\" \/>\n<script type=\"application\/ld+json\" class=\"yoast-schema-graph\">{\"@context\":\"https:\\\/\\\/schema.org\",\"@graph\":[{\"@type\":\"WebPage\",\"@id\":\"https:\\\/\\\/jzi.org.pl\\\/en\\\/publikacje\\\/inne-publikacje\\\/traktat-o-bimbrze\\\/\",\"url\":\"https:\\\/\\\/jzi.org.pl\\\/en\\\/publikacje\\\/inne-publikacje\\\/traktat-o-bimbrze\\\/\",\"name\":\"Traktat o bimbrze - Jami\u0144ski Zesp\u00f3\u0142 Indeksacyjny\",\"isPartOf\":{\"@id\":\"https:\\\/\\\/jzi.org.pl\\\/#website\"},\"datePublished\":\"2018-05-03T22:00:00+00:00\",\"dateModified\":\"2020-02-27T20:47:58+00:00\",\"description\":\"Prezentowana ksi\u0105\u017ceczka to zupe\u0142na nowo\u015b\u0107 w wydawnictwie JZI. Zupe\u0142nie nie zwi\u0105zana z genealogi\u0105, lecz zwi\u0105zana z tradycj\u0105 kultywowan\u0105 od wiek\u00f3w mi\u0119dzy innymi na Podlasiu. Traktat o bimbrze to 50 stron na temat samogonu, zabawnie napisanych i w dodatku zgrabnym wierszem.\",\"breadcrumb\":{\"@id\":\"https:\\\/\\\/jzi.org.pl\\\/en\\\/publikacje\\\/inne-publikacje\\\/traktat-o-bimbrze\\\/#breadcrumb\"},\"inLanguage\":\"en-US\",\"potentialAction\":[{\"@type\":\"ReadAction\",\"target\":[\"https:\\\/\\\/jzi.org.pl\\\/en\\\/publikacje\\\/inne-publikacje\\\/traktat-o-bimbrze\\\/\"]}]},{\"@type\":\"BreadcrumbList\",\"@id\":\"https:\\\/\\\/jzi.org.pl\\\/en\\\/publikacje\\\/inne-publikacje\\\/traktat-o-bimbrze\\\/#breadcrumb\",\"itemListElement\":[{\"@type\":\"ListItem\",\"position\":1,\"name\":\"Strona g\u0142\u00f3wna\",\"item\":\"https:\\\/\\\/jzi.org.pl\\\/\"},{\"@type\":\"ListItem\",\"position\":2,\"name\":\"Publikacje\",\"item\":\"https:\\\/\\\/jzi.org.pl\\\/publikacje\\\/\"},{\"@type\":\"ListItem\",\"position\":3,\"name\":\"Inne publikacje\",\"item\":\"https:\\\/\\\/jzi.org.pl\\\/publikacje\\\/inne-publikacje\\\/\"},{\"@type\":\"ListItem\",\"position\":4,\"name\":\"Traktat o bimbrze\"}]},{\"@type\":\"WebSite\",\"@id\":\"https:\\\/\\\/jzi.org.pl\\\/#website\",\"url\":\"https:\\\/\\\/jzi.org.pl\\\/\",\"name\":\"Jami\u0144ski Zesp\u00f3\u0142 Indeksacyjny\",\"description\":\"\",\"publisher\":{\"@id\":\"https:\\\/\\\/jzi.org.pl\\\/#organization\"},\"potentialAction\":[{\"@type\":\"SearchAction\",\"target\":{\"@type\":\"EntryPoint\",\"urlTemplate\":\"https:\\\/\\\/jzi.org.pl\\\/?s={search_term_string}\"},\"query-input\":{\"@type\":\"PropertyValueSpecification\",\"valueRequired\":true,\"valueName\":\"search_term_string\"}}],\"inLanguage\":\"en-US\"},{\"@type\":\"Organization\",\"@id\":\"https:\\\/\\\/jzi.org.pl\\\/#organization\",\"name\":\"Jami\u0144ski Zesp\u00f3\u0142 Indeksacyjny\",\"url\":\"https:\\\/\\\/jzi.org.pl\\\/\",\"logo\":{\"@type\":\"ImageObject\",\"inLanguage\":\"en-US\",\"@id\":\"https:\\\/\\\/jzi.org.pl\\\/#\\\/schema\\\/logo\\\/image\\\/\",\"url\":\"https:\\\/\\\/jzi.org.pl\\\/wp-content\\\/uploads\\\/2019\\\/03\\\/logo-stowarzyszenie-jzi.png\",\"contentUrl\":\"https:\\\/\\\/jzi.org.pl\\\/wp-content\\\/uploads\\\/2019\\\/03\\\/logo-stowarzyszenie-jzi.png\",\"width\":931,\"height\":990,\"caption\":\"Jami\u0144ski Zesp\u00f3\u0142 Indeksacyjny\"},\"image\":{\"@id\":\"https:\\\/\\\/jzi.org.pl\\\/#\\\/schema\\\/logo\\\/image\\\/\"},\"sameAs\":[\"https:\\\/\\\/www.facebook.com\\\/Jaminski.Zespol.Indeksacyjny\\\/\"]}]}<\/script>\n<!-- \/ Yoast SEO plugin. -->","yoast_head_json":{"title":"Traktat o bimbrze - Jami\u0144ski Zesp\u00f3\u0142 Indeksacyjny","description":"Prezentowana ksi\u0105\u017ceczka to zupe\u0142na nowo\u015b\u0107 w wydawnictwie JZI. Zupe\u0142nie nie zwi\u0105zana z genealogi\u0105, lecz zwi\u0105zana z tradycj\u0105 kultywowan\u0105 od wiek\u00f3w mi\u0119dzy innymi na Podlasiu. Traktat o bimbrze to 50 stron na temat samogonu, zabawnie napisanych i w dodatku zgrabnym wierszem.","robots":{"index":"index","follow":"follow","max-snippet":"max-snippet:-1","max-image-preview":"max-image-preview:large","max-video-preview":"max-video-preview:-1"},"canonical":"https:\/\/jzi.org.pl\/en\/publikacje\/inne-publikacje\/traktat-o-bimbrze\/","og_locale":"en_US","og_type":"article","og_title":"Traktat o bimbrze","og_description":"Prezentowana ksi\u0105\u017ceczka to zupe\u0142na nowo\u015b\u0107 w wydawnictwie JZI. Zupe\u0142nie nie zwi\u0105zana z genealogi\u0105, lecz zwi\u0105zana z tradycj\u0105 kultywowan\u0105 od wiek\u00f3w mi\u0119dzy innymi na Podlasiu. Traktat o bimbrze to 50 stron na temat samogonu, zabawnie napisanych i w dodatku zgrabnym wierszem. Ksi\u0105\u017ceczka w 100% typu relaksowego, do poczytania i po\u015bmiania si\u0119. Zilustrowana reprodukcjami plakat\u00f3w propagandowych z czas\u00f3w PRL maj\u0105cych na celu ograniczenie spo\u017cycia alkoholu przez socjalistyczne spo\u0142ecze\u0144stwo.","og_url":"https:\/\/jzi.org.pl\/en\/publikacje\/inne-publikacje\/traktat-o-bimbrze\/","og_site_name":"Jami\u0144ski Zesp\u00f3\u0142 Indeksacyjny","article_publisher":"https:\/\/www.facebook.com\/Jaminski.Zespol.Indeksacyjny\/","article_modified_time":"2020-02-27T20:47:58+00:00","og_image":[{"width":1664,"height":2374,"url":"https:\/\/jzi.org.pl\/wp-content\/uploads\/2018\/05\/Traktat-o-bimbrze0.jpg","type":"image\/jpeg"}],"twitter_card":"summary_large_image","twitter_misc":{"Est. reading time":"1 minute"},"schema":{"@context":"https:\/\/schema.org","@graph":[{"@type":"WebPage","@id":"https:\/\/jzi.org.pl\/en\/publikacje\/inne-publikacje\/traktat-o-bimbrze\/","url":"https:\/\/jzi.org.pl\/en\/publikacje\/inne-publikacje\/traktat-o-bimbrze\/","name":"Traktat o bimbrze - Jami\u0144ski Zesp\u00f3\u0142 Indeksacyjny","isPartOf":{"@id":"https:\/\/jzi.org.pl\/#website"},"datePublished":"2018-05-03T22:00:00+00:00","dateModified":"2020-02-27T20:47:58+00:00","description":"Prezentowana ksi\u0105\u017ceczka to zupe\u0142na nowo\u015b\u0107 w wydawnictwie JZI. Zupe\u0142nie nie zwi\u0105zana z genealogi\u0105, lecz zwi\u0105zana z tradycj\u0105 kultywowan\u0105 od wiek\u00f3w mi\u0119dzy innymi na Podlasiu. Traktat o bimbrze to 50 stron na temat samogonu, zabawnie napisanych i w dodatku zgrabnym wierszem.","breadcrumb":{"@id":"https:\/\/jzi.org.pl\/en\/publikacje\/inne-publikacje\/traktat-o-bimbrze\/#breadcrumb"},"inLanguage":"en-US","potentialAction":[{"@type":"ReadAction","target":["https:\/\/jzi.org.pl\/en\/publikacje\/inne-publikacje\/traktat-o-bimbrze\/"]}]},{"@type":"BreadcrumbList","@id":"https:\/\/jzi.org.pl\/en\/publikacje\/inne-publikacje\/traktat-o-bimbrze\/#breadcrumb","itemListElement":[{"@type":"ListItem","position":1,"name":"Strona g\u0142\u00f3wna","item":"https:\/\/jzi.org.pl\/"},{"@type":"ListItem","position":2,"name":"Publikacje","item":"https:\/\/jzi.org.pl\/publikacje\/"},{"@type":"ListItem","position":3,"name":"Inne publikacje","item":"https:\/\/jzi.org.pl\/publikacje\/inne-publikacje\/"},{"@type":"ListItem","position":4,"name":"Traktat o bimbrze"}]},{"@type":"WebSite","@id":"https:\/\/jzi.org.pl\/#website","url":"https:\/\/jzi.org.pl\/","name":"Jaminy Indexing Team","description":"","publisher":{"@id":"https:\/\/jzi.org.pl\/#organization"},"potentialAction":[{"@type":"SearchAction","target":{"@type":"EntryPoint","urlTemplate":"https:\/\/jzi.org.pl\/?s={search_term_string}"},"query-input":{"@type":"PropertyValueSpecification","valueRequired":true,"valueName":"search_term_string"}}],"inLanguage":"en-US"},{"@type":"Organization","@id":"https:\/\/jzi.org.pl\/#organization","name":"Jaminy Indexing Team","url":"https:\/\/jzi.org.pl\/","logo":{"@type":"ImageObject","inLanguage":"en-US","@id":"https:\/\/jzi.org.pl\/#\/schema\/logo\/image\/","url":"https:\/\/jzi.org.pl\/wp-content\/uploads\/2019\/03\/logo-stowarzyszenie-jzi.png","contentUrl":"https:\/\/jzi.org.pl\/wp-content\/uploads\/2019\/03\/logo-stowarzyszenie-jzi.png","width":931,"height":990,"caption":"Jami\u0144ski Zesp\u00f3\u0142 Indeksacyjny"},"image":{"@id":"https:\/\/jzi.org.pl\/#\/schema\/logo\/image\/"},"sameAs":["https:\/\/www.facebook.com\/Jaminski.Zespol.Indeksacyjny\/"]}]}},"jetpack_likes_enabled":true,"jetpack_sharing_enabled":true,"_links":{"self":[{"href":"https:\/\/jzi.org.pl\/en\/wp-json\/wp\/v2\/pages\/4863","targetHints":{"allow":["GET"]}}],"collection":[{"href":"https:\/\/jzi.org.pl\/en\/wp-json\/wp\/v2\/pages"}],"about":[{"href":"https:\/\/jzi.org.pl\/en\/wp-json\/wp\/v2\/types\/page"}],"author":[{"embeddable":true,"href":"https:\/\/jzi.org.pl\/en\/wp-json\/wp\/v2\/users\/1"}],"replies":[{"embeddable":true,"href":"https:\/\/jzi.org.pl\/en\/wp-json\/wp\/v2\/comments?post=4863"}],"version-history":[{"count":0,"href":"https:\/\/jzi.org.pl\/en\/wp-json\/wp\/v2\/pages\/4863\/revisions"}],"up":[{"embeddable":true,"href":"https:\/\/jzi.org.pl\/en\/wp-json\/wp\/v2\/pages\/2036"}],"wp:attachment":[{"href":"https:\/\/jzi.org.pl\/en\/wp-json\/wp\/v2\/media?parent=4863"}],"curies":[{"name":"wp","href":"https:\/\/api.w.org\/{rel}","templated":true}]}}