{"id":3711,"date":"2018-03-07T00:00:00","date_gmt":"2018-03-06T23:00:00","guid":{"rendered":"http:\/\/jzi.org.pl\/?page_id=3711"},"modified":"2020-02-27T21:47:55","modified_gmt":"2020-02-27T20:47:55","slug":"ogolnopolski-konkurs-literacki-blogoslawiona-lipska-nad-biebrza","status":"publish","type":"page","link":"https:\/\/jzi.org.pl\/en\/ogolnopolski-konkurs-literacki-blogoslawiona-lipska-nad-biebrza\/","title":{"rendered":"Og\u00f3lnopolski konkurs literacki pod has\u0142em \u201eB\u0142ogos\u0142awiona z Lipska nad Biebrz\u0105&#8221;"},"content":{"rendered":"<p>13 lipca Ko\u015bci\u00f3\u0142 katolicki obchodzi wspomnienie b\u0142. Marianny Biernackiej, kt\u00f3ra odda\u0142a swoje \u017cycie w zamian za ocalenie ci\u0119\u017carnej synowej. Jest patronk\u0105 te\u015bciowych, za jej wstawiennictwem modl\u0105 si\u0119 r\u00f3wnie\u017c kobiety prosz\u0105ce o \u0142ask\u0119 macierzy\u0144stwa. Marianna Biernacka urodzi\u0142a si\u0119 w 1888 r. w Lipsku nad Biebrz\u0105, na terenie dzisiejszej diecezji e\u0142ckiej i powiatu augustowskiego. \u00a0Zosta\u0142a rozstrzelana 13 lipca 1943 r. w fortach niedaleko wsi Naumowicze pod Grodnem.<\/p>\n<p>Wi\u0119cej informacji na temat b\u0142. Marianny Biernackiej mo\u017cna znale\u017a\u0107 na stronach <a href=\"https:\/\/pl.wikipedia.org\/wiki\/Marianna_Biernacka\" target=\"_blank\" rel=\"noopener noreferrer\">Wikipedii<\/a>.<\/p>\n<p>W roku 2018 obchodzimy 130 rocznic\u0119 urodzin oraz 75 rocznic\u0119 m\u0119cze\u0144skiej \u015bmierci B\u0142ogos\u0142awionej. Z tej okazji Stowarzyszenie Inicjatyw Spo\u0142eczno-Gospodarczych w Augustowie organizuje Og\u00f3lnopolski Konkurs Literacki pod has\u0142em \u201eB\u0142ogos\u0142awiona z Lipska nad Biebrz\u0105&#8221;.<\/p>\n<h2>Terms &amp; Conditions<\/h2>\n<h4>Organizatorzy:<\/h4>\n<ol>\n<li>Stowarzyszenie Inicjatyw Spo\u0142eczno-Gospodarczych w Augustowie.<\/li>\n<li>O\u015brodek Rehabilitacyjno-Szkoleniowy im. \u015bw. Ojca Pio w Kuriance.<\/li>\n<\/ol>\n<h4>Cele konkursu:<\/h4>\n<ul>\n<li>upami\u0119tnienie 130 rocznicy urodzin i 75 rocznicy m\u0119cze\u0144skiej \u015bmierci b\u0142. Marianny Biernackiej,<\/li>\n<li>pog\u0142\u0119bienie znajomo\u015bci \u017cycia i ofiarnej \u015bmierci b\u0142. Marianny Biernackiej,<\/li>\n<li>rozbudzenie zainteresowa\u0144 postaci\u0105 patronki te\u015bciowych i dzieci nienarodzonych,<\/li>\n<li>rozwijanie talent\u00f3w literackich.<\/li>\n<\/ul>\n<h4>Zasady uczestnictwa:<\/h4>\n<ol>\n<li>Konkurs odbywa si\u0119 w dw\u00f3ch kategoriach:<br \/>\n&#8211; poetyckiej,<br \/>\n&#8211; prozatorskiej.<\/li>\n<li>Uczestnikami konkursu mog\u0105 by\u0107 jedynie osoby doros\u0142e.<\/li>\n<li>Prace powinny by\u0107 autorskimi tekstami poszczeg\u00f3lnych uczestnik\u00f3w. Wymaga si\u0119, aby wcze\u015bniej nie by\u0142y nagradzane ani publikowane (r\u00f3wnie\u017c w internecie).<\/li>\n<li>Ka\u017cda praca winna by\u0107 podpisana god\u0142em s\u0142ownym. Do pracy nale\u017cy do\u0142\u0105czy\u0107 zamkni\u0119t\u0105 kopert\u0119, w kt\u00f3rej podaje si\u0119 god\u0142o autora i jego dane: imi\u0119, nazwisko, wiek, adres zamieszkania, telefon, adres poczty elektronicznej.<\/li>\n<li>W konkursie mog\u0105 uczestniczy\u0107 wszyscy doro\u015bli tw\u00f3rcy, bez wzgl\u0119du na przynale\u017cno\u015b\u0107 do zwi\u0105zk\u00f3w tw\u00f3rczych.<\/li>\n<li>Ka\u017cdy z uczestnik\u00f3w mo\u017ce przes\u0142a\u0107 na konkurs po jednym utworze w ka\u017cdej kategorii.<\/li>\n<li>Ka\u017cda praca nie mo\u017ce przekroczy\u0107 5 stron formatu A4 wydruku komputerowego czcionk\u0105 Times New Roman rozmiar 12. Nale\u017cy przes\u0142a\u0107 trzy egzemplarze ka\u017cdej pracy.<\/li>\n<li>Prace podpisane imieniem i nazwiskiem oraz niezgodne z regulaminem nie b\u0119d\u0105 rozpatrywane.<\/li>\n<li>Organizatorzy nie zwracaj\u0105 prac nades\u0142anych na konkurs.<\/li>\n<li>Prace nale\u017cy przes\u0142a\u0107 na adres: Stowarzyszenie Inicjatyw Spo\u0142eczno-Gospodarczych w Augustowie, ul. Mostowa 12 D, 16-300 August\u00f3w.<\/li>\n<li>Autorzy nagrodzonych i wyr\u00f3\u017cnionych prac wyra\u017caj\u0105 zgod\u0119 na ich publikacj\u0119 w wydawnictwie, prasie i zasobach internetowych. W stosunku do nagrodzonych i wyr\u00f3\u017cnionych utwor\u00f3w organizatorzy zastrzegaj\u0105 sobie prawo do prezentacji, cytowania i publikacji bez dodatkowej zgody autor\u00f3w i bez honorarium za prawa autorskie.<\/li>\n<li>Osobom nagrodzonym zostan\u0105 przyznane nagrody pieni\u0119\u017cne, za\u015b wyr\u00f3\u017cnionym &#8211; rzeczowe.<\/li>\n<li>W ka\u017cdej kategorii nagrodzone zostan\u0105 trzy najlepsze prace. Jury mo\u017ce przyzna\u0107 r\u00f3wnie\u017c wyr\u00f3\u017cnienia. Jury zastrzega sobie mo\u017cliwo\u015b\u0107 innego podzia\u0142u nagr\u00f3d. Od werdyktu jury nie ma odwo\u0142ania.<\/li>\n<\/ol>\n<h4>Terminy:<\/h4>\n<ol>\n<li>Prace nale\u017cy przes\u0142a\u0107 w terminie<strong> do 15 czerwca 2018 roku <\/strong>(decyduje data stempla pocztowego).<\/li>\n<li>Rozstrzygni\u0119cie konkursu nast\u0105pi w lipcu 2018 roku. Na uroczyste podsumowanie zostan\u0105 zaproszone osoby, kt\u00f3rych prace zdob\u0119d\u0105 nagrody lub wyr\u00f3\u017cnienia. Organizatorzy nie zwracaj\u0105 koszt\u00f3w przejazdu i nie przesy\u0142aj\u0105 nagr\u00f3d poczt\u0105.<\/li>\n<\/ol>","protected":false},"excerpt":{"rendered":"<p>13 lipca Ko\u015bci\u00f3\u0142 katolicki obchodzi wspomnienie b\u0142. Marianny Biernackiej, kt\u00f3ra odda\u0142a swoje \u017cycie w zamian za ocalenie ci\u0119\u017carnej synowej. Jest patronk\u0105 te\u015bciowych, za jej wstawiennictwem modl\u0105 si\u0119 r\u00f3wnie\u017c kobiety prosz\u0105ce o \u0142ask\u0119 macierzy\u0144stwa. Marianna Biernacka urodzi\u0142a si\u0119 w 1888 r. w Lipsku nad Biebrz\u0105, na terenie dzisiejszej diecezji e\u0142ckiej i powiatu augustowskiego. \u00a0Zosta\u0142a rozstrzelana 13 [&hellip;]<\/p>\n","protected":false},"author":1,"featured_media":3725,"parent":0,"menu_order":0,"comment_status":"open","ping_status":"open","template":"","meta":{"h5ap_radio_sources":[],"jetpack_post_was_ever_published":false,"footnotes":""},"class_list":["post-3711","page","type-page","status-publish","has-post-thumbnail","hentry"],"yoast_head":"<!-- This site is optimized with the Yoast SEO plugin v27.3 - https:\/\/yoast.com\/product\/yoast-seo-wordpress\/ -->\n<title>Og\u00f3lnopolski konkurs literacki pod has\u0142em \u201eB\u0142ogos\u0142awiona z Lipska nad Biebrz\u0105&quot; - Jami\u0144ski Zesp\u00f3\u0142 Indeksacyjny<\/title>\n<meta name=\"description\" content=\"Z okazji 130 rocznicy urodzin oraz 75 rocznicy m\u0119cze\u0144skiej \u015bmierci B\u0142ogos\u0142awionej Marianny Biernackiej Stowarzyszenie Inicjatyw Spo\u0142eczno-Gospodarczych im. Kr\u00f3la Zygmunta Augusta og\u0142asza Og\u00f3lnopolski Konkurs Literacki pod has\u0142em \u201eB\u0142ogos\u0142awiona z Lipska nad Biebrz\u0105&quot;.\" \/>\n<meta name=\"robots\" content=\"index, follow, max-snippet:-1, max-image-preview:large, max-video-preview:-1\" \/>\n<link rel=\"canonical\" href=\"https:\/\/jzi.org.pl\/en\/ogolnopolski-konkurs-literacki-blogoslawiona-lipska-nad-biebrza\/\" \/>\n<meta property=\"og:locale\" content=\"en_US\" \/>\n<meta property=\"og:type\" content=\"article\" \/>\n<meta property=\"og:title\" content=\"Og\u00f3lnopolski konkurs literacki pod has\u0142em \u201eB\u0142ogos\u0142awiona z Lipska nad Biebrz\u0105&quot; - Jami\u0144ski Zesp\u00f3\u0142 Indeksacyjny\" \/>\n<meta property=\"og:description\" content=\"13 lipca Ko\u015bci\u00f3\u0142 katolicki obchodzi wspomnienie b\u0142. Marianny Biernackiej, kt\u00f3ra odda\u0142a swoje \u017cycie w zamian za ocalenie ci\u0119\u017carnej synowej. Jest patronk\u0105 te\u015bciowych, za jej wstawiennictwem modl\u0105 si\u0119 r\u00f3wnie\u017c kobiety prosz\u0105ce o \u0142ask\u0119 macierzy\u0144stwa. Marianna Biernacka urodzi\u0142a si\u0119 w 1888 r. w Lipsku nad Biebrz\u0105, na terenie dzisiejszej diecezji e\u0142ckiej i powiatu augustowskiego. Zosta\u0142a rozstrzelana 13 lipca 1943 r. w fortach niedaleko wsi Naumowicze pod Grodnem. Wi\u0119cej informacji na temat b\u0142. Marianny Biernackiej mo\u017cna znale\u017a\u0107 na stronach Wikipedii. W roku 2018 obchodzimy 130 rocznic\u0119 urodzin oraz 75 rocznic\u0119 m\u0119cze\u0144skiej \u015bmierci B\u0142ogos\u0142awionej. Z tej okazji Stowarzyszenie Inicjatyw Spo\u0142eczno-Gospodarczych w Augustowie organizuje Og\u00f3lnopolski Konkurs Literacki pod has\u0142em \u201eB\u0142ogos\u0142awiona z Lipska nad Biebrz\u0105&quot;. Z tej okazji Stowarzyszenie Inicjatyw Spo\u0142eczno-Gospodarczych im. Kr\u00f3la Zygmunta Augusta og\u0142asza Og\u00f3lnopolski Konkurs Literacki pod has\u0142em \u201eB\u0142ogos\u0142awiona z Lipska nad Biebrz\u0105&quot;.\" \/>\n<meta property=\"og:url\" content=\"https:\/\/jzi.org.pl\/en\/ogolnopolski-konkurs-literacki-blogoslawiona-lipska-nad-biebrza\/\" \/>\n<meta property=\"og:site_name\" content=\"Jami\u0144ski Zesp\u00f3\u0142 Indeksacyjny\" \/>\n<meta property=\"article:publisher\" content=\"https:\/\/www.facebook.com\/Jaminski.Zespol.Indeksacyjny\/\" \/>\n<meta property=\"article:modified_time\" content=\"2020-02-27T20:47:55+00:00\" \/>\n<meta property=\"og:image\" content=\"https:\/\/jzi.org.pl\/wp-content\/uploads\/2018\/03\/img_5a9ff2f861e6f.jpeg\" \/>\n\t<meta property=\"og:image:width\" content=\"1064\" \/>\n\t<meta property=\"og:image:height\" content=\"1430\" \/>\n\t<meta property=\"og:image:type\" content=\"image\/jpeg\" \/>\n<meta name=\"twitter:card\" content=\"summary_large_image\" \/>\n<meta name=\"twitter:label1\" content=\"Est. reading time\" \/>\n\t<meta name=\"twitter:data1\" content=\"3 minutes\" \/>\n<script type=\"application\/ld+json\" class=\"yoast-schema-graph\">{\"@context\":\"https:\\\/\\\/schema.org\",\"@graph\":[{\"@type\":\"WebPage\",\"@id\":\"https:\\\/\\\/jzi.org.pl\\\/ogolnopolski-konkurs-literacki-blogoslawiona-lipska-nad-biebrza\\\/\",\"url\":\"https:\\\/\\\/jzi.org.pl\\\/ogolnopolski-konkurs-literacki-blogoslawiona-lipska-nad-biebrza\\\/\",\"name\":\"Og\u00f3lnopolski konkurs literacki pod has\u0142em \u201eB\u0142ogos\u0142awiona z Lipska nad Biebrz\u0105\\\" - Jami\u0144ski Zesp\u00f3\u0142 Indeksacyjny\",\"isPartOf\":{\"@id\":\"https:\\\/\\\/jzi.org.pl\\\/#website\"},\"primaryImageOfPage\":{\"@id\":\"https:\\\/\\\/jzi.org.pl\\\/ogolnopolski-konkurs-literacki-blogoslawiona-lipska-nad-biebrza\\\/#primaryimage\"},\"image\":{\"@id\":\"https:\\\/\\\/jzi.org.pl\\\/ogolnopolski-konkurs-literacki-blogoslawiona-lipska-nad-biebrza\\\/#primaryimage\"},\"thumbnailUrl\":\"https:\\\/\\\/jzi.org.pl\\\/wp-content\\\/uploads\\\/2018\\\/03\\\/img_5a9ff2f861e6f.jpeg\",\"datePublished\":\"2018-03-06T23:00:00+00:00\",\"dateModified\":\"2020-02-27T20:47:55+00:00\",\"description\":\"Z okazji 130 rocznicy urodzin oraz 75 rocznicy m\u0119cze\u0144skiej \u015bmierci B\u0142ogos\u0142awionej Marianny Biernackiej Stowarzyszenie Inicjatyw Spo\u0142eczno-Gospodarczych im. Kr\u00f3la Zygmunta Augusta og\u0142asza Og\u00f3lnopolski Konkurs Literacki pod has\u0142em \u201eB\u0142ogos\u0142awiona z Lipska nad Biebrz\u0105\\\".\",\"breadcrumb\":{\"@id\":\"https:\\\/\\\/jzi.org.pl\\\/ogolnopolski-konkurs-literacki-blogoslawiona-lipska-nad-biebrza\\\/#breadcrumb\"},\"inLanguage\":\"en-US\",\"potentialAction\":[{\"@type\":\"ReadAction\",\"target\":[\"https:\\\/\\\/jzi.org.pl\\\/ogolnopolski-konkurs-literacki-blogoslawiona-lipska-nad-biebrza\\\/\"]}]},{\"@type\":\"ImageObject\",\"inLanguage\":\"en-US\",\"@id\":\"https:\\\/\\\/jzi.org.pl\\\/ogolnopolski-konkurs-literacki-blogoslawiona-lipska-nad-biebrza\\\/#primaryimage\",\"url\":\"https:\\\/\\\/jzi.org.pl\\\/wp-content\\\/uploads\\\/2018\\\/03\\\/img_5a9ff2f861e6f.jpeg\",\"contentUrl\":\"https:\\\/\\\/jzi.org.pl\\\/wp-content\\\/uploads\\\/2018\\\/03\\\/img_5a9ff2f861e6f.jpeg\",\"width\":1064,\"height\":1430},{\"@type\":\"BreadcrumbList\",\"@id\":\"https:\\\/\\\/jzi.org.pl\\\/ogolnopolski-konkurs-literacki-blogoslawiona-lipska-nad-biebrza\\\/#breadcrumb\",\"itemListElement\":[{\"@type\":\"ListItem\",\"position\":1,\"name\":\"Strona g\u0142\u00f3wna\",\"item\":\"https:\\\/\\\/jzi.org.pl\\\/\"},{\"@type\":\"ListItem\",\"position\":2,\"name\":\"Og\u00f3lnopolski konkurs literacki pod has\u0142em \u201eB\u0142ogos\u0142awiona z Lipska nad Biebrz\u0105&#8221;\"}]},{\"@type\":\"WebSite\",\"@id\":\"https:\\\/\\\/jzi.org.pl\\\/#website\",\"url\":\"https:\\\/\\\/jzi.org.pl\\\/\",\"name\":\"Jami\u0144ski Zesp\u00f3\u0142 Indeksacyjny\",\"description\":\"\",\"publisher\":{\"@id\":\"https:\\\/\\\/jzi.org.pl\\\/#organization\"},\"potentialAction\":[{\"@type\":\"SearchAction\",\"target\":{\"@type\":\"EntryPoint\",\"urlTemplate\":\"https:\\\/\\\/jzi.org.pl\\\/?s={search_term_string}\"},\"query-input\":{\"@type\":\"PropertyValueSpecification\",\"valueRequired\":true,\"valueName\":\"search_term_string\"}}],\"inLanguage\":\"en-US\"},{\"@type\":\"Organization\",\"@id\":\"https:\\\/\\\/jzi.org.pl\\\/#organization\",\"name\":\"Jami\u0144ski Zesp\u00f3\u0142 Indeksacyjny\",\"url\":\"https:\\\/\\\/jzi.org.pl\\\/\",\"logo\":{\"@type\":\"ImageObject\",\"inLanguage\":\"en-US\",\"@id\":\"https:\\\/\\\/jzi.org.pl\\\/#\\\/schema\\\/logo\\\/image\\\/\",\"url\":\"https:\\\/\\\/jzi.org.pl\\\/wp-content\\\/uploads\\\/2019\\\/03\\\/logo-stowarzyszenie-jzi.png\",\"contentUrl\":\"https:\\\/\\\/jzi.org.pl\\\/wp-content\\\/uploads\\\/2019\\\/03\\\/logo-stowarzyszenie-jzi.png\",\"width\":931,\"height\":990,\"caption\":\"Jami\u0144ski Zesp\u00f3\u0142 Indeksacyjny\"},\"image\":{\"@id\":\"https:\\\/\\\/jzi.org.pl\\\/#\\\/schema\\\/logo\\\/image\\\/\"},\"sameAs\":[\"https:\\\/\\\/www.facebook.com\\\/Jaminski.Zespol.Indeksacyjny\\\/\"]}]}<\/script>\n<!-- \/ Yoast SEO plugin. -->","yoast_head_json":{"title":"Og\u00f3lnopolski konkurs literacki pod has\u0142em \u201eB\u0142ogos\u0142awiona z Lipska nad Biebrz\u0105\" - Jami\u0144ski Zesp\u00f3\u0142 Indeksacyjny","description":"Z okazji 130 rocznicy urodzin oraz 75 rocznicy m\u0119cze\u0144skiej \u015bmierci B\u0142ogos\u0142awionej Marianny Biernackiej Stowarzyszenie Inicjatyw Spo\u0142eczno-Gospodarczych im. Kr\u00f3la Zygmunta Augusta og\u0142asza Og\u00f3lnopolski Konkurs Literacki pod has\u0142em \u201eB\u0142ogos\u0142awiona z Lipska nad Biebrz\u0105\".","robots":{"index":"index","follow":"follow","max-snippet":"max-snippet:-1","max-image-preview":"max-image-preview:large","max-video-preview":"max-video-preview:-1"},"canonical":"https:\/\/jzi.org.pl\/en\/ogolnopolski-konkurs-literacki-blogoslawiona-lipska-nad-biebrza\/","og_locale":"en_US","og_type":"article","og_title":"Og\u00f3lnopolski konkurs literacki pod has\u0142em \u201eB\u0142ogos\u0142awiona z Lipska nad Biebrz\u0105\" - Jami\u0144ski Zesp\u00f3\u0142 Indeksacyjny","og_description":"13 lipca Ko\u015bci\u00f3\u0142 katolicki obchodzi wspomnienie b\u0142. Marianny Biernackiej, kt\u00f3ra odda\u0142a swoje \u017cycie w zamian za ocalenie ci\u0119\u017carnej synowej. Jest patronk\u0105 te\u015bciowych, za jej wstawiennictwem modl\u0105 si\u0119 r\u00f3wnie\u017c kobiety prosz\u0105ce o \u0142ask\u0119 macierzy\u0144stwa. Marianna Biernacka urodzi\u0142a si\u0119 w 1888 r. w Lipsku nad Biebrz\u0105, na terenie dzisiejszej diecezji e\u0142ckiej i powiatu augustowskiego. Zosta\u0142a rozstrzelana 13 lipca 1943 r. w fortach niedaleko wsi Naumowicze pod Grodnem. Wi\u0119cej informacji na temat b\u0142. Marianny Biernackiej mo\u017cna znale\u017a\u0107 na stronach Wikipedii. W roku 2018 obchodzimy 130 rocznic\u0119 urodzin oraz 75 rocznic\u0119 m\u0119cze\u0144skiej \u015bmierci B\u0142ogos\u0142awionej. Z tej okazji Stowarzyszenie Inicjatyw Spo\u0142eczno-Gospodarczych w Augustowie organizuje Og\u00f3lnopolski Konkurs Literacki pod has\u0142em \u201eB\u0142ogos\u0142awiona z Lipska nad Biebrz\u0105\". Z tej okazji Stowarzyszenie Inicjatyw Spo\u0142eczno-Gospodarczych im. Kr\u00f3la Zygmunta Augusta og\u0142asza Og\u00f3lnopolski Konkurs Literacki pod has\u0142em \u201eB\u0142ogos\u0142awiona z Lipska nad Biebrz\u0105\".","og_url":"https:\/\/jzi.org.pl\/en\/ogolnopolski-konkurs-literacki-blogoslawiona-lipska-nad-biebrza\/","og_site_name":"Jami\u0144ski Zesp\u00f3\u0142 Indeksacyjny","article_publisher":"https:\/\/www.facebook.com\/Jaminski.Zespol.Indeksacyjny\/","article_modified_time":"2020-02-27T20:47:55+00:00","og_image":[{"width":1064,"height":1430,"url":"https:\/\/jzi.org.pl\/wp-content\/uploads\/2018\/03\/img_5a9ff2f861e6f.jpeg","type":"image\/jpeg"}],"twitter_card":"summary_large_image","twitter_misc":{"Est. reading time":"3 minutes"},"schema":{"@context":"https:\/\/schema.org","@graph":[{"@type":"WebPage","@id":"https:\/\/jzi.org.pl\/ogolnopolski-konkurs-literacki-blogoslawiona-lipska-nad-biebrza\/","url":"https:\/\/jzi.org.pl\/ogolnopolski-konkurs-literacki-blogoslawiona-lipska-nad-biebrza\/","name":"Og\u00f3lnopolski konkurs literacki pod has\u0142em \u201eB\u0142ogos\u0142awiona z Lipska nad Biebrz\u0105\" - Jami\u0144ski Zesp\u00f3\u0142 Indeksacyjny","isPartOf":{"@id":"https:\/\/jzi.org.pl\/#website"},"primaryImageOfPage":{"@id":"https:\/\/jzi.org.pl\/ogolnopolski-konkurs-literacki-blogoslawiona-lipska-nad-biebrza\/#primaryimage"},"image":{"@id":"https:\/\/jzi.org.pl\/ogolnopolski-konkurs-literacki-blogoslawiona-lipska-nad-biebrza\/#primaryimage"},"thumbnailUrl":"https:\/\/jzi.org.pl\/wp-content\/uploads\/2018\/03\/img_5a9ff2f861e6f.jpeg","datePublished":"2018-03-06T23:00:00+00:00","dateModified":"2020-02-27T20:47:55+00:00","description":"Z okazji 130 rocznicy urodzin oraz 75 rocznicy m\u0119cze\u0144skiej \u015bmierci B\u0142ogos\u0142awionej Marianny Biernackiej Stowarzyszenie Inicjatyw Spo\u0142eczno-Gospodarczych im. Kr\u00f3la Zygmunta Augusta og\u0142asza Og\u00f3lnopolski Konkurs Literacki pod has\u0142em \u201eB\u0142ogos\u0142awiona z Lipska nad Biebrz\u0105\".","breadcrumb":{"@id":"https:\/\/jzi.org.pl\/ogolnopolski-konkurs-literacki-blogoslawiona-lipska-nad-biebrza\/#breadcrumb"},"inLanguage":"en-US","potentialAction":[{"@type":"ReadAction","target":["https:\/\/jzi.org.pl\/ogolnopolski-konkurs-literacki-blogoslawiona-lipska-nad-biebrza\/"]}]},{"@type":"ImageObject","inLanguage":"en-US","@id":"https:\/\/jzi.org.pl\/ogolnopolski-konkurs-literacki-blogoslawiona-lipska-nad-biebrza\/#primaryimage","url":"https:\/\/jzi.org.pl\/wp-content\/uploads\/2018\/03\/img_5a9ff2f861e6f.jpeg","contentUrl":"https:\/\/jzi.org.pl\/wp-content\/uploads\/2018\/03\/img_5a9ff2f861e6f.jpeg","width":1064,"height":1430},{"@type":"BreadcrumbList","@id":"https:\/\/jzi.org.pl\/ogolnopolski-konkurs-literacki-blogoslawiona-lipska-nad-biebrza\/#breadcrumb","itemListElement":[{"@type":"ListItem","position":1,"name":"Strona g\u0142\u00f3wna","item":"https:\/\/jzi.org.pl\/"},{"@type":"ListItem","position":2,"name":"Og\u00f3lnopolski konkurs literacki pod has\u0142em \u201eB\u0142ogos\u0142awiona z Lipska nad Biebrz\u0105&#8221;"}]},{"@type":"WebSite","@id":"https:\/\/jzi.org.pl\/#website","url":"https:\/\/jzi.org.pl\/","name":"Jaminy Indexing Team","description":"","publisher":{"@id":"https:\/\/jzi.org.pl\/#organization"},"potentialAction":[{"@type":"SearchAction","target":{"@type":"EntryPoint","urlTemplate":"https:\/\/jzi.org.pl\/?s={search_term_string}"},"query-input":{"@type":"PropertyValueSpecification","valueRequired":true,"valueName":"search_term_string"}}],"inLanguage":"en-US"},{"@type":"Organization","@id":"https:\/\/jzi.org.pl\/#organization","name":"Jaminy Indexing Team","url":"https:\/\/jzi.org.pl\/","logo":{"@type":"ImageObject","inLanguage":"en-US","@id":"https:\/\/jzi.org.pl\/#\/schema\/logo\/image\/","url":"https:\/\/jzi.org.pl\/wp-content\/uploads\/2019\/03\/logo-stowarzyszenie-jzi.png","contentUrl":"https:\/\/jzi.org.pl\/wp-content\/uploads\/2019\/03\/logo-stowarzyszenie-jzi.png","width":931,"height":990,"caption":"Jami\u0144ski Zesp\u00f3\u0142 Indeksacyjny"},"image":{"@id":"https:\/\/jzi.org.pl\/#\/schema\/logo\/image\/"},"sameAs":["https:\/\/www.facebook.com\/Jaminski.Zespol.Indeksacyjny\/"]}]}},"jetpack_likes_enabled":true,"jetpack_sharing_enabled":true,"_links":{"self":[{"href":"https:\/\/jzi.org.pl\/en\/wp-json\/wp\/v2\/pages\/3711","targetHints":{"allow":["GET"]}}],"collection":[{"href":"https:\/\/jzi.org.pl\/en\/wp-json\/wp\/v2\/pages"}],"about":[{"href":"https:\/\/jzi.org.pl\/en\/wp-json\/wp\/v2\/types\/page"}],"author":[{"embeddable":true,"href":"https:\/\/jzi.org.pl\/en\/wp-json\/wp\/v2\/users\/1"}],"replies":[{"embeddable":true,"href":"https:\/\/jzi.org.pl\/en\/wp-json\/wp\/v2\/comments?post=3711"}],"version-history":[{"count":0,"href":"https:\/\/jzi.org.pl\/en\/wp-json\/wp\/v2\/pages\/3711\/revisions"}],"wp:featuredmedia":[{"embeddable":true,"href":"https:\/\/jzi.org.pl\/en\/wp-json\/wp\/v2\/media\/3725"}],"wp:attachment":[{"href":"https:\/\/jzi.org.pl\/en\/wp-json\/wp\/v2\/media?parent=3711"}],"curies":[{"name":"wp","href":"https:\/\/api.w.org\/{rel}","templated":true}]}}