{"id":26247,"date":"2024-05-22T13:12:12","date_gmt":"2024-05-22T11:12:12","guid":{"rendered":"https:\/\/jzi.org.pl\/?page_id=26247"},"modified":"2024-05-22T13:12:12","modified_gmt":"2024-05-22T11:12:12","slug":"sprawozdanie-merytoryczne-z-dzialalnosci-stowarzyszenia-za-rok-2022","status":"publish","type":"page","link":"https:\/\/jzi.org.pl\/en\/stowarzyszenie\/dokumenty\/sprawozdanie-merytoryczne-z-dzialalnosci-stowarzyszenia-za-rok-2022\/","title":{"rendered":"Sprawozdanie merytoryczne z dzia\u0142alno\u015bci stowarzyszenia za rok 2022"},"content":{"rendered":"<div id=\"pl-26247\"  class=\"panel-layout\" ><div id=\"pg-26247-0\"  class=\"panel-grid panel-no-style\" ><div id=\"pgc-26247-0-0\"  class=\"panel-grid-cell\" ><div id=\"panel-26247-0-0-0\" class=\"so-panel widget widget_sow-editor panel-first-child panel-last-child\" data-index=\"0\" ><div\n\t\t\t\n\t\t\tclass=\"so-widget-sow-editor so-widget-sow-editor-base\"\n\t\t\t\n\t\t>\n<div class=\"siteorigin-widget-tinymce textwidget\">\n\t<p>Nazwa stowarzyszenia: <strong>Jaminy Indexing Team Association<br \/>\n<\/strong>Adres siedziby: Twardy R\u00f3g 5, 16-300 August\u00f3w<br \/>\nKontakt: e-mail \u2013 <span \n                data-original-string='Y9Ci+0g13OILJ1Qq\/Vhl+g==2a3P6g+tOQYg2HLu8VQi8t+OQ=='\n                class='apbct-email-encoder'\n                title='This contact has been encoded by Anti-Spam by CleanTalk. Click to decode. To finish the decoding make sure that JavaScript is enabled in your browser.'>jz<span class=\"apbct-blur\">*<\/span>@<span class=\"apbct-blur\">*****<\/span>rg.pl<\/span><\/p>\n<p>Stowarzyszenie powsta\u0142o z inicjatywy nieformalnego zespo\u0142u genealog\u00f3w-wolontariuszy, indeksuj\u0105cych ksi\u0119gi metrykalne z archiw\u00f3w ko\u015bcielnych i pa\u0144stwowych. Zosta\u0142o zarejestrowane w S\u0105dzie Rejonowym w Bia\u0142ymstoku, XII Wydzia\u0142 Gospodarczy Krajowego Rejestru S\u0105dowego, w dniu 30 maja 2017 r. pod numerem KRS 0000680739<\/p>\n<p>W\u0142adze Stowarzyszenia:<br \/>\nPrezes zarz\u0105du: Ryszard Kor\u0105kiewicz<br \/>\nCz\u0142onek zarz\u0105du: Krzysztof Zi\u0119cina<br \/>\nCz\u0142onek zarzadu: Urszula Wojewnik<\/p>\n<p>Komisja rewizyjna:<br \/>\nPrzewodnicz\u0105cy: Marek Bartoszewicz<br \/>\nCz\u0142onek: Aneta Cich<br \/>\nCz\u0142onek: Sabina Filipkowska<\/p>\n<p>NIP: 8461664363<br \/>\nREGON: 367419950<br \/>\nKonto bankowe: Bank BG\u017b<\/p>\n<p>W dniu rejestracji w KRS, stowarzyszenie liczy\u0142o 8 cz\u0142onk\u00f3w, do dnia 31 grudnia 2021 roku, stan osobowy stowarzyszenia wynosi\u0142 33 cz\u0142onk\u00f3w.<\/p>\n<p>Stowarzyszenie dzia\u0142a na podstawie przepis\u00f3w ustawy z dnia 07 kwietnia 1989 roku o Stowarzyszeniach (Dziennik Ustaw z 1989 r. Nr 20 poz. 104 z p\u00f3\u017aniejszymi zmianami), w\u0142asnego statutu, oraz zgodnie z ustaw\u0105 z dnia 24 kwietnia 2003 roku o dzia\u0142alno\u015bci po\u017cytku publicznego i o wolontariacie.<\/p>\n<p>G\u0142\u00f3wnymi celami stowarzyszenia s\u0105:<\/p>\n<ol>\n<li>Rozwijanie, pog\u0142\u0119bianie i upowszechnianie genealogii jako nauki pomocniczej historii oraz jej popularyzowanie w\u015br\u00f3d spo\u0142ecze\u0144stwa.<\/li>\n<li>Inicjowanie bada\u0144 genealogicznych, maj\u0105cych na celu poszerzenie wiedzy genealogicznej cz\u0142onk\u00f3w, jak te\u017c udost\u0119pnianie wynik\u00f3w bada\u0144 zainteresowanym.<\/li>\n<li>Dzia\u0142alno\u015b\u0107 edukacyjna w instytucjach o\u015bwiatowych i kulturalnych.<\/li>\n<li>Wsp\u00f3\u0142praca w zakresie bada\u0144 genealogicznych z instytucjami naukowymi, bibliotekami i archiwami oraz organizacjami lokalnymi i regionalnymi.<\/li>\n<li>Wsp\u00f3\u0142praca w zakresie genealogii z ko\u015bcio\u0142ami i zwi\u0105zkami wyznaniowymi.<\/li>\n<li>Inicjowanie i wspieranie spo\u0142ecznych inicjatyw w zakresie ochrony d\u00f3br kultury.<\/li>\n<li>Budowanie lokalnej bazy informacji genealogicznej.<\/li>\n<li>Wzajemna pomoc cz\u0142onk\u00f3w Stowarzyszenia w prowadzeniu poszukiwa\u0144.<\/li>\n<li>Organizowanie imprez integracyjnych, kulturalnych, rozrywkowych i rekreacyjnych dla cz\u0142onk\u00f3w i sympatyk\u00f3w Stowarzyszenia.<\/li>\n<li>Wsp\u00f3\u0142udzia\u0142 Stowarzyszenia w inicjowanych przez Uni\u0119 Europejsk\u0105, jednostki organizacji rz\u0105dowych i samorz\u0105dowych, akcjach i programach skierowanych do organizacji pozarz\u0105dowych.<\/li>\n<\/ol>\n<p>Stowarzyszenie realizuje swoje cele poprzez:<\/p>\n<ol>\n<li>Rejestrowanie, dokumentowanie i otaczanie opiek\u0105 archiwali\u00f3w i materia\u0142\u00f3w genealogicznych jako \u015bwiadectw kultury narodowej.<\/li>\n<li>Organizowanie prelekcji, seminari\u00f3w, warsztat\u00f3w oraz wystaw i pokaz\u00f3w po\u015bwi\u0119conych problematyce genealogicznej.<\/li>\n<li>Doskonalenie i pog\u0142\u0119bianie w\u015br\u00f3d swoich cz\u0142onk\u00f3w znajomo\u015bci genealogii i warsztatu badawczego.<\/li>\n<li>S\u0142u\u017cenie rad\u0105 i opiek\u0105 badaczom genealogicznym, a zw\u0142aszcza pocz\u0105tkuj\u0105cym genealogom i m\u0142odzie\u017cy.<\/li>\n<li>Wydawanie biuletyn\u00f3w i publikacji na tematy genealogiczne.<\/li>\n<li>Inicjowanie, budowanie bazy informacji genealogicznej poprzez spisywanie \u017ar\u00f3de\u0142 archiwalnych, bibliograficznych, internetowych, indeksacj\u0119 i inwentaryzacj\u0119 oraz prowadzenie rejestru i dokumentacji lokalnych zabytk\u00f3w genealogicznych.<\/li>\n<li>Upowszechnianie w\u015br\u00f3d Polonii genealogii jako elementu wi\u0119zi z krajem przodk\u00f3w.<\/li>\n<li>Wsp\u00f3\u0142prac\u0119 z organizacjami, archiwami i plac\u00f3wkami historycznymi w Polsce i za granic\u0105.<\/li>\n<li>Wspomaganie prac\u0105 spo\u0142eczn\u0105 swoich cz\u0142onk\u00f3w instytucji zajmuj\u0105cych si\u0119 archiwaliami.<\/li>\n<li>Podejmowanie wszelkiej innej, dopuszczalnej w \u015bwietle powszechnie obowi\u0105zuj\u0105cego prawa, dzia\u0142alno\u015bci zgodnej ze statutowymi celami Stowarzyszenia.<\/li>\n<\/ol>\n<p>Stowarzyszenie w 2022 roku realizowa\u0142o swoje cele statutowe poprzez nast\u0119puj\u0105ce dzia\u0142ania:<\/p>\n<ol>\n<li>W marcu 2022 roku oddali\u015bmy do druku \u201eKsi\u0119g\u0119 Pami\u0119ci \u017byd\u00f3w Augustowskich\u201d i album \u201eAugust\u00f3w. Historia w zdj\u0119ciach zapisana\u201d. Album by\u0142 jedn\u0105\u00a0 nagr\u00f3d przeznaczonych dla os\u00f3b wspieraj\u0105cych wydanie KP\u017bA.<\/li>\n<li>W kwietniu 2022 roku oddali\u015bmy do druku wspomnienia Janusza Krzywi\u0144skiego \u201ePami\u0119tnik z czas\u00f3w tu\u0142aczki wojennej\u201d. By\u0142a to kolejna ksi\u0105\u017cka z serii \u201eOcali\u0107 od zapomnienia\u201d. R\u00f3wnie\u017c w kwietniu do druku posz\u0142a wersja polska ksi\u0105\u017cki Jay\u2019a Orbika \u201eThe Orbik Families From Tajno\u201d, czyli \u201eRodziny Orbik\u00f3w z Tajna\u201d<\/li>\n<li>W maju by\u0142y dwa spotkania autorskie Marii Narel-Challot, autork\u0105 wydane przez nas 1 tonu powie\u015bci \u201eAmeryka\u0144ski Kapelusz. Feliks\u201d. Spotkania mia\u0142y miejsce 9 maja w Suchowoli w Sali \u201eP\u0142omyk\u201d, a 11 maja w Augustowie w Sali widowiskowej Augustowskich Plac\u00f3wek Kultury.<\/li>\n<li>W dniach 27-29 maja 2022 roku\u00a0 w \u201eLe\u015bnym Dworku\u201d w Kry\u0142atce odby\u0142 si\u0119 kolejny zjazd JZI. Starosta Powiatu augustowskiego odznaczy\u0142 JZI medalem \u201e Za zas\u0142ugi dla Powiatu Augustowskiego\u201d.<\/li>\n<li>W sierpniu 2022 roku oddali\u015bmy do druku opracowanie parafii Lipsk, \u201eLipsk.\u00a0 Urodzenia, \u015bluby, zgony\u201d By\u0142a to druga pozycja z serii \u201eNadbiebrza\u0144skie parafie\u201d.<\/li>\n<li>18 wrze\u015bnia 2022 roku w Sali widowiskowej Augustowskich Plac\u00f3wek Kultury mia\u0142 miejsce\u00a0 na spotkanie z ks. Jackiem Wojciechem Czartoszewskim, po\u015bwi\u0119cone ksi\u0105\u017cce \u201eZ dziej\u00f3w chrze\u015bcija\u0144stwa w Augustowie\u201d. Spotkanie spotka\u0142o si\u0119 z bardzo du\u017cym zainteresowaniem publiczno\u015bci.<\/li>\n<li>W pa\u017adzierniku oddali\u015bmy do druku 2 tom powie\u015bci Marii Narel-Challot \u201eEldorado nad Biebrz\u0105. Zofia\u201d<\/li>\n<li>Przez ca\u0142y rok 2022 Stowarzyszenie JZI kontynuowa\u0142o prace na indeksacj\u0105 ksi\u0105g parafialnych i pozyskiwa\u0142o nowe zdj\u0119cia i skany ksi\u0105g metrykalnych. Wyniki indeksacji s\u0105 dost\u0119pne w wyszukiwarce \u201eGeneo\u201d. W maju 2022 roku zakupili\u015bmy skaner do reprografii. Skaner pos\u0142u\u017cy\u0142 nam do skanowania ksi\u0105g metrykalnych parafii Krasnopol i Sejny.<\/li>\n<li>W okresie od 1 stycznia do 31 grudnia 2022 roku sprzedali\u015bmy poprzez sklep internetowy 990 ksi\u0105\u017cek w 414 zam\u00f3wieniach na sum\u0119 47 482 z\u0142. Opr\u00f3cz tego nasze ksi\u0105\u017cki sprzedawane by\u0142y na Allegro, w Miejskim Domu Kultury w Augustowie i w Informacji Turystycznej w Suwa\u0142kach.<\/li>\n<\/ol>\n<p>Zarz\u0105d Stowarzyszenia Jami\u0144ski Zesp\u00f3\u0142 Indeksacyjny<\/p>\n<p>Prezes Ryszard Kor\u0105kiewicz<br \/>\nCz\u0142onek zarz\u0105du Urszula Wojewnik<br \/>\nCz\u0142onek zarz\u0105du Krzysztof Zi\u0119cina<\/p>\n<p>Twardy R\u00f3g 20.05.2023<\/p>\n<\/div>\n<\/div><\/div><\/div><\/div><\/div>","protected":false},"excerpt":{"rendered":"<p>Nazwa stowarzyszenia: Stowarzyszenie Jami\u0144ski Zesp\u00f3\u0142 Indeksacyjny Adres siedziby: Twardy R\u00f3g 5, 16-300 August\u00f3w Kontakt: e-mail \u2013 <span \n                data-original-string='9s1\/dbzL9X5hNm9FEHiZuw==2a3SK24lGU63ESwz80MOb1lcw=='\n                class='apbct-email-encoder'\n                title='This contact has been encoded by Anti-Spam by CleanTalk. Click to decode. To finish the decoding make sure that JavaScript is enabled in your browser.'>jz<span class=\"apbct-blur\">*<\/span>@<span class=\"apbct-blur\">*****<\/span>rg.pl<\/span> Stowarzyszenie powsta\u0142o z inicjatywy nieformalnego zespo\u0142u genealog\u00f3w-wolontariuszy, indeksuj\u0105cych ksi\u0119gi metrykalne z archiw\u00f3w ko\u015bcielnych i pa\u0144stwowych. Zosta\u0142o zarejestrowane w S\u0105dzie Rejonowym w Bia\u0142ymstoku, XII Wydzia\u0142 Gospodarczy Krajowego Rejestru S\u0105dowego, w dniu 30 maja 2017 r. pod numerem KRS 0000680739 [&hellip;]<\/p>\n","protected":false},"author":1,"featured_media":7261,"parent":599,"menu_order":0,"comment_status":"open","ping_status":"open","template":"","meta":{"h5ap_radio_sources":[],"jetpack_post_was_ever_published":false,"footnotes":""},"class_list":["post-26247","page","type-page","status-publish","has-post-thumbnail","hentry"],"yoast_head":"<!-- This site is optimized with the Yoast SEO plugin v27.3 - https:\/\/yoast.com\/product\/yoast-seo-wordpress\/ -->\n<title>Sprawozdanie merytoryczne z dzia\u0142alno\u015bci stowarzyszenia za rok 2022 - Jami\u0144ski Zesp\u00f3\u0142 Indeksacyjny<\/title>\n<meta name=\"robots\" content=\"index, follow, max-snippet:-1, max-image-preview:large, max-video-preview:-1\" \/>\n<link rel=\"canonical\" href=\"https:\/\/jzi.org.pl\/en\/stowarzyszenie\/dokumenty\/sprawozdanie-merytoryczne-z-dzialalnosci-stowarzyszenia-za-rok-2022\/\" \/>\n<meta property=\"og:locale\" content=\"en_US\" \/>\n<meta property=\"og:type\" content=\"article\" \/>\n<meta property=\"og:title\" content=\"Sprawozdanie merytoryczne z dzia\u0142alno\u015bci stowarzyszenia za rok 2022 - Jami\u0144ski Zesp\u00f3\u0142 Indeksacyjny\" \/>\n<meta property=\"og:description\" content=\"Nazwa stowarzyszenia: Stowarzyszenie Jami\u0144ski Zesp\u00f3\u0142 Indeksacyjny Adres siedziby: Twardy R\u00f3g 5, 16-300 August\u00f3w Kontakt: e-mail \u2013 jz*@*****rg.pl Stowarzyszenie powsta\u0142o z inicjatywy nieformalnego zespo\u0142u genealog\u00f3w-wolontariuszy, indeksuj\u0105cych ksi\u0119gi metrykalne z archiw\u00f3w ko\u015bcielnych i pa\u0144stwowych. Zosta\u0142o zarejestrowane w S\u0105dzie Rejonowym w Bia\u0142ymstoku, XII Wydzia\u0142 Gospodarczy Krajowego Rejestru S\u0105dowego, w dniu 30 maja 2017 r. pod numerem KRS 0000680739 [&hellip;]\" \/>\n<meta property=\"og:url\" content=\"https:\/\/jzi.org.pl\/en\/stowarzyszenie\/dokumenty\/sprawozdanie-merytoryczne-z-dzialalnosci-stowarzyszenia-za-rok-2022\/\" \/>\n<meta property=\"og:site_name\" content=\"Jami\u0144ski Zesp\u00f3\u0142 Indeksacyjny\" \/>\n<meta property=\"article:publisher\" content=\"https:\/\/www.facebook.com\/Jaminski.Zespol.Indeksacyjny\/\" \/>\n<meta property=\"og:image\" content=\"https:\/\/jzi.org.pl\/wp-content\/uploads\/2019\/03\/logo-stowarzyszenie-jzi-1.png\" \/>\n\t<meta property=\"og:image:width\" content=\"931\" \/>\n\t<meta property=\"og:image:height\" content=\"990\" \/>\n\t<meta property=\"og:image:type\" content=\"image\/png\" \/>\n<meta name=\"twitter:card\" content=\"summary_large_image\" \/>\n<meta name=\"twitter:label1\" content=\"Est. reading time\" \/>\n\t<meta name=\"twitter:data1\" content=\"5 minutes\" \/>\n<script type=\"application\/ld+json\" class=\"yoast-schema-graph\">{\"@context\":\"https:\\\/\\\/schema.org\",\"@graph\":[{\"@type\":\"WebPage\",\"@id\":\"https:\\\/\\\/jzi.org.pl\\\/stowarzyszenie\\\/dokumenty\\\/sprawozdanie-merytoryczne-z-dzialalnosci-stowarzyszenia-za-rok-2022\\\/\",\"url\":\"https:\\\/\\\/jzi.org.pl\\\/stowarzyszenie\\\/dokumenty\\\/sprawozdanie-merytoryczne-z-dzialalnosci-stowarzyszenia-za-rok-2022\\\/\",\"name\":\"Sprawozdanie merytoryczne z dzia\u0142alno\u015bci stowarzyszenia za rok 2022 - Jami\u0144ski Zesp\u00f3\u0142 Indeksacyjny\",\"isPartOf\":{\"@id\":\"https:\\\/\\\/jzi.org.pl\\\/#website\"},\"primaryImageOfPage\":{\"@id\":\"https:\\\/\\\/jzi.org.pl\\\/stowarzyszenie\\\/dokumenty\\\/sprawozdanie-merytoryczne-z-dzialalnosci-stowarzyszenia-za-rok-2022\\\/#primaryimage\"},\"image\":{\"@id\":\"https:\\\/\\\/jzi.org.pl\\\/stowarzyszenie\\\/dokumenty\\\/sprawozdanie-merytoryczne-z-dzialalnosci-stowarzyszenia-za-rok-2022\\\/#primaryimage\"},\"thumbnailUrl\":\"https:\\\/\\\/jzi.org.pl\\\/wp-content\\\/uploads\\\/2019\\\/03\\\/logo-stowarzyszenie-jzi-1.png\",\"datePublished\":\"2024-05-22T11:12:12+00:00\",\"breadcrumb\":{\"@id\":\"https:\\\/\\\/jzi.org.pl\\\/stowarzyszenie\\\/dokumenty\\\/sprawozdanie-merytoryczne-z-dzialalnosci-stowarzyszenia-za-rok-2022\\\/#breadcrumb\"},\"inLanguage\":\"en-US\",\"potentialAction\":[{\"@type\":\"ReadAction\",\"target\":[\"https:\\\/\\\/jzi.org.pl\\\/stowarzyszenie\\\/dokumenty\\\/sprawozdanie-merytoryczne-z-dzialalnosci-stowarzyszenia-za-rok-2022\\\/\"]}]},{\"@type\":\"ImageObject\",\"inLanguage\":\"en-US\",\"@id\":\"https:\\\/\\\/jzi.org.pl\\\/stowarzyszenie\\\/dokumenty\\\/sprawozdanie-merytoryczne-z-dzialalnosci-stowarzyszenia-za-rok-2022\\\/#primaryimage\",\"url\":\"https:\\\/\\\/jzi.org.pl\\\/wp-content\\\/uploads\\\/2019\\\/03\\\/logo-stowarzyszenie-jzi-1.png\",\"contentUrl\":\"https:\\\/\\\/jzi.org.pl\\\/wp-content\\\/uploads\\\/2019\\\/03\\\/logo-stowarzyszenie-jzi-1.png\",\"width\":931,\"height\":990,\"caption\":\"Logo JZI\"},{\"@type\":\"BreadcrumbList\",\"@id\":\"https:\\\/\\\/jzi.org.pl\\\/stowarzyszenie\\\/dokumenty\\\/sprawozdanie-merytoryczne-z-dzialalnosci-stowarzyszenia-za-rok-2022\\\/#breadcrumb\",\"itemListElement\":[{\"@type\":\"ListItem\",\"position\":1,\"name\":\"Strona g\u0142\u00f3wna\",\"item\":\"https:\\\/\\\/jzi.org.pl\\\/\"},{\"@type\":\"ListItem\",\"position\":2,\"name\":\"Stowarzyszenie\",\"item\":\"https:\\\/\\\/jzi.org.pl\\\/stowarzyszenie\\\/\"},{\"@type\":\"ListItem\",\"position\":3,\"name\":\"Dokumenty\",\"item\":\"https:\\\/\\\/jzi.org.pl\\\/stowarzyszenie\\\/dokumenty\\\/\"},{\"@type\":\"ListItem\",\"position\":4,\"name\":\"Sprawozdanie merytoryczne z dzia\u0142alno\u015bci stowarzyszenia za rok 2022\"}]},{\"@type\":\"WebSite\",\"@id\":\"https:\\\/\\\/jzi.org.pl\\\/#website\",\"url\":\"https:\\\/\\\/jzi.org.pl\\\/\",\"name\":\"Jami\u0144ski Zesp\u00f3\u0142 Indeksacyjny\",\"description\":\"\",\"publisher\":{\"@id\":\"https:\\\/\\\/jzi.org.pl\\\/#organization\"},\"potentialAction\":[{\"@type\":\"SearchAction\",\"target\":{\"@type\":\"EntryPoint\",\"urlTemplate\":\"https:\\\/\\\/jzi.org.pl\\\/?s={search_term_string}\"},\"query-input\":{\"@type\":\"PropertyValueSpecification\",\"valueRequired\":true,\"valueName\":\"search_term_string\"}}],\"inLanguage\":\"en-US\"},{\"@type\":\"Organization\",\"@id\":\"https:\\\/\\\/jzi.org.pl\\\/#organization\",\"name\":\"Jami\u0144ski Zesp\u00f3\u0142 Indeksacyjny\",\"url\":\"https:\\\/\\\/jzi.org.pl\\\/\",\"logo\":{\"@type\":\"ImageObject\",\"inLanguage\":\"en-US\",\"@id\":\"https:\\\/\\\/jzi.org.pl\\\/#\\\/schema\\\/logo\\\/image\\\/\",\"url\":\"https:\\\/\\\/jzi.org.pl\\\/wp-content\\\/uploads\\\/2019\\\/03\\\/logo-stowarzyszenie-jzi.png\",\"contentUrl\":\"https:\\\/\\\/jzi.org.pl\\\/wp-content\\\/uploads\\\/2019\\\/03\\\/logo-stowarzyszenie-jzi.png\",\"width\":931,\"height\":990,\"caption\":\"Jami\u0144ski Zesp\u00f3\u0142 Indeksacyjny\"},\"image\":{\"@id\":\"https:\\\/\\\/jzi.org.pl\\\/#\\\/schema\\\/logo\\\/image\\\/\"},\"sameAs\":[\"https:\\\/\\\/www.facebook.com\\\/Jaminski.Zespol.Indeksacyjny\\\/\"]}]}<\/script>\n<!-- \/ Yoast SEO plugin. -->","yoast_head_json":{"title":"Sprawozdanie merytoryczne z dzia\u0142alno\u015bci stowarzyszenia za rok 2022 - Jami\u0144ski Zesp\u00f3\u0142 Indeksacyjny","robots":{"index":"index","follow":"follow","max-snippet":"max-snippet:-1","max-image-preview":"max-image-preview:large","max-video-preview":"max-video-preview:-1"},"canonical":"https:\/\/jzi.org.pl\/en\/stowarzyszenie\/dokumenty\/sprawozdanie-merytoryczne-z-dzialalnosci-stowarzyszenia-za-rok-2022\/","og_locale":"en_US","og_type":"article","og_title":"Sprawozdanie merytoryczne z dzia\u0142alno\u015bci stowarzyszenia za rok 2022 - Jami\u0144ski Zesp\u00f3\u0142 Indeksacyjny","og_description":"Nazwa stowarzyszenia: Stowarzyszenie Jami\u0144ski Zesp\u00f3\u0142 Indeksacyjny Adres siedziby: Twardy R\u00f3g 5, 16-300 August\u00f3w Kontakt: e-mail \u2013 jz*@*****rg.pl Stowarzyszenie powsta\u0142o z inicjatywy nieformalnego zespo\u0142u genealog\u00f3w-wolontariuszy, indeksuj\u0105cych ksi\u0119gi metrykalne z archiw\u00f3w ko\u015bcielnych i pa\u0144stwowych. Zosta\u0142o zarejestrowane w S\u0105dzie Rejonowym w Bia\u0142ymstoku, XII Wydzia\u0142 Gospodarczy Krajowego Rejestru S\u0105dowego, w dniu 30 maja 2017 r. pod numerem KRS 0000680739 [&hellip;]","og_url":"https:\/\/jzi.org.pl\/en\/stowarzyszenie\/dokumenty\/sprawozdanie-merytoryczne-z-dzialalnosci-stowarzyszenia-za-rok-2022\/","og_site_name":"Jami\u0144ski Zesp\u00f3\u0142 Indeksacyjny","article_publisher":"https:\/\/www.facebook.com\/Jaminski.Zespol.Indeksacyjny\/","og_image":[{"width":931,"height":990,"url":"https:\/\/jzi.org.pl\/wp-content\/uploads\/2019\/03\/logo-stowarzyszenie-jzi-1.png","type":"image\/png"}],"twitter_card":"summary_large_image","twitter_misc":{"Est. reading time":"5 minutes"},"schema":{"@context":"https:\/\/schema.org","@graph":[{"@type":"WebPage","@id":"https:\/\/jzi.org.pl\/stowarzyszenie\/dokumenty\/sprawozdanie-merytoryczne-z-dzialalnosci-stowarzyszenia-za-rok-2022\/","url":"https:\/\/jzi.org.pl\/stowarzyszenie\/dokumenty\/sprawozdanie-merytoryczne-z-dzialalnosci-stowarzyszenia-za-rok-2022\/","name":"Sprawozdanie merytoryczne z dzia\u0142alno\u015bci stowarzyszenia za rok 2022 - Jami\u0144ski Zesp\u00f3\u0142 Indeksacyjny","isPartOf":{"@id":"https:\/\/jzi.org.pl\/#website"},"primaryImageOfPage":{"@id":"https:\/\/jzi.org.pl\/stowarzyszenie\/dokumenty\/sprawozdanie-merytoryczne-z-dzialalnosci-stowarzyszenia-za-rok-2022\/#primaryimage"},"image":{"@id":"https:\/\/jzi.org.pl\/stowarzyszenie\/dokumenty\/sprawozdanie-merytoryczne-z-dzialalnosci-stowarzyszenia-za-rok-2022\/#primaryimage"},"thumbnailUrl":"https:\/\/jzi.org.pl\/wp-content\/uploads\/2019\/03\/logo-stowarzyszenie-jzi-1.png","datePublished":"2024-05-22T11:12:12+00:00","breadcrumb":{"@id":"https:\/\/jzi.org.pl\/stowarzyszenie\/dokumenty\/sprawozdanie-merytoryczne-z-dzialalnosci-stowarzyszenia-za-rok-2022\/#breadcrumb"},"inLanguage":"en-US","potentialAction":[{"@type":"ReadAction","target":["https:\/\/jzi.org.pl\/stowarzyszenie\/dokumenty\/sprawozdanie-merytoryczne-z-dzialalnosci-stowarzyszenia-za-rok-2022\/"]}]},{"@type":"ImageObject","inLanguage":"en-US","@id":"https:\/\/jzi.org.pl\/stowarzyszenie\/dokumenty\/sprawozdanie-merytoryczne-z-dzialalnosci-stowarzyszenia-za-rok-2022\/#primaryimage","url":"https:\/\/jzi.org.pl\/wp-content\/uploads\/2019\/03\/logo-stowarzyszenie-jzi-1.png","contentUrl":"https:\/\/jzi.org.pl\/wp-content\/uploads\/2019\/03\/logo-stowarzyszenie-jzi-1.png","width":931,"height":990,"caption":"Logo JZI"},{"@type":"BreadcrumbList","@id":"https:\/\/jzi.org.pl\/stowarzyszenie\/dokumenty\/sprawozdanie-merytoryczne-z-dzialalnosci-stowarzyszenia-za-rok-2022\/#breadcrumb","itemListElement":[{"@type":"ListItem","position":1,"name":"Strona g\u0142\u00f3wna","item":"https:\/\/jzi.org.pl\/"},{"@type":"ListItem","position":2,"name":"Stowarzyszenie","item":"https:\/\/jzi.org.pl\/stowarzyszenie\/"},{"@type":"ListItem","position":3,"name":"Dokumenty","item":"https:\/\/jzi.org.pl\/stowarzyszenie\/dokumenty\/"},{"@type":"ListItem","position":4,"name":"Sprawozdanie merytoryczne z dzia\u0142alno\u015bci stowarzyszenia za rok 2022"}]},{"@type":"WebSite","@id":"https:\/\/jzi.org.pl\/#website","url":"https:\/\/jzi.org.pl\/","name":"Jaminy Indexing Team","description":"","publisher":{"@id":"https:\/\/jzi.org.pl\/#organization"},"potentialAction":[{"@type":"SearchAction","target":{"@type":"EntryPoint","urlTemplate":"https:\/\/jzi.org.pl\/?s={search_term_string}"},"query-input":{"@type":"PropertyValueSpecification","valueRequired":true,"valueName":"search_term_string"}}],"inLanguage":"en-US"},{"@type":"Organization","@id":"https:\/\/jzi.org.pl\/#organization","name":"Jaminy Indexing Team","url":"https:\/\/jzi.org.pl\/","logo":{"@type":"ImageObject","inLanguage":"en-US","@id":"https:\/\/jzi.org.pl\/#\/schema\/logo\/image\/","url":"https:\/\/jzi.org.pl\/wp-content\/uploads\/2019\/03\/logo-stowarzyszenie-jzi.png","contentUrl":"https:\/\/jzi.org.pl\/wp-content\/uploads\/2019\/03\/logo-stowarzyszenie-jzi.png","width":931,"height":990,"caption":"Jami\u0144ski Zesp\u00f3\u0142 Indeksacyjny"},"image":{"@id":"https:\/\/jzi.org.pl\/#\/schema\/logo\/image\/"},"sameAs":["https:\/\/www.facebook.com\/Jaminski.Zespol.Indeksacyjny\/"]}]}},"jetpack_likes_enabled":true,"jetpack_sharing_enabled":true,"_links":{"self":[{"href":"https:\/\/jzi.org.pl\/en\/wp-json\/wp\/v2\/pages\/26247","targetHints":{"allow":["GET"]}}],"collection":[{"href":"https:\/\/jzi.org.pl\/en\/wp-json\/wp\/v2\/pages"}],"about":[{"href":"https:\/\/jzi.org.pl\/en\/wp-json\/wp\/v2\/types\/page"}],"author":[{"embeddable":true,"href":"https:\/\/jzi.org.pl\/en\/wp-json\/wp\/v2\/users\/1"}],"replies":[{"embeddable":true,"href":"https:\/\/jzi.org.pl\/en\/wp-json\/wp\/v2\/comments?post=26247"}],"version-history":[{"count":0,"href":"https:\/\/jzi.org.pl\/en\/wp-json\/wp\/v2\/pages\/26247\/revisions"}],"up":[{"embeddable":true,"href":"https:\/\/jzi.org.pl\/en\/wp-json\/wp\/v2\/pages\/599"}],"wp:featuredmedia":[{"embeddable":true,"href":"https:\/\/jzi.org.pl\/en\/wp-json\/wp\/v2\/media\/7261"}],"wp:attachment":[{"href":"https:\/\/jzi.org.pl\/en\/wp-json\/wp\/v2\/media?parent=26247"}],"curies":[{"name":"wp","href":"https:\/\/api.w.org\/{rel}","templated":true}]}}