{"id":26203,"date":"2024-05-21T11:33:17","date_gmt":"2024-05-21T09:33:17","guid":{"rendered":"https:\/\/jzi.org.pl\/?page_id=26203"},"modified":"2024-05-21T11:33:17","modified_gmt":"2024-05-21T09:33:17","slug":"sprawozdanie-merytoryczne-z-dzialalnosci-stowarzyszenia-za-rok-2023","status":"publish","type":"page","link":"https:\/\/jzi.org.pl\/en\/stowarzyszenie\/dokumenty\/sprawozdanie-merytoryczne-z-dzialalnosci-stowarzyszenia-za-rok-2023\/","title":{"rendered":"Sprawozdanie merytoryczne z dzia\u0142alno\u015bci stowarzyszenia za rok 2023"},"content":{"rendered":"<div id=\"pl-26203\"  class=\"panel-layout\" ><div id=\"pg-26203-0\"  class=\"panel-grid panel-no-style\" ><div id=\"pgc-26203-0-0\"  class=\"panel-grid-cell\" ><div id=\"panel-26203-0-0-0\" class=\"so-panel widget widget_sow-editor panel-first-child panel-last-child\" data-index=\"0\" ><div\n\t\t\t\n\t\t\tclass=\"so-widget-sow-editor so-widget-sow-editor-base\"\n\t\t\t\n\t\t>\n<div class=\"siteorigin-widget-tinymce textwidget\">\n\t<p>Nazwa stowarzyszenia: <strong>Jaminy Indexing Team Association<br \/>\n<\/strong>Adres siedziby: Twardy R\u00f3g 5, 16-300 August\u00f3w<br \/>\nKontakt: e-mail \u2013 <span \n                data-original-string='4lv3YgyJJ03kBkJCS8EiLg==2a3x+PqJdl0JYuTKsYltOqU1w=='\n                class='apbct-email-encoder'\n                title='This contact has been encoded by Anti-Spam by CleanTalk. Click to decode. To finish the decoding make sure that JavaScript is enabled in your browser.'>jz<span class=\"apbct-blur\">*<\/span>@<span class=\"apbct-blur\">*****<\/span>rg.pl<\/span><\/p>\n<p>Stowarzyszenie powsta\u0142o z inicjatywy nieformalnego zespo\u0142u genealog\u00f3w-wolontariuszy, indeksuj\u0105cych ksi\u0119gi metrykalne z archiw\u00f3w ko\u015bcielnych i pa\u0144stwowych. Zosta\u0142o zarejestrowane w S\u0105dzie Rejonowym w Bia\u0142ymstoku, XII Wydzia\u0142 Gospodarczy Krajowego Rejestru S\u0105dowego, w dniu 30 maja 2017 r. pod numerem KRS 0000680739<\/p>\n<p>W\u0142adze Stowarzyszenia:<br \/>\nPrezes zarz\u0105du: Ryszard Kor\u0105kiewicz<br \/>\nCz\u0142onek zarz\u0105du: Urszula Wojewnik<br \/>\nCz\u0142onek zarz\u0105du: Jaros\u0142aw Tananis<\/p>\n<p>Komisja rewizyjna:<br \/>\nPrzewodnicz\u0105cy: Aneta Cich<br \/>\nCz\u0142onek: Justyna Stolarska<br \/>\nCz\u0142onek: Sabina Filipkowska<\/p>\n<p>NIP: 8461664363<br \/>\nREGON: 367419950<br \/>\nKonto bankowe: Bank BG\u017b<\/p>\n<p>W dniu rejestracji w KRS, stowarzyszenie liczy\u0142o 8 cz\u0142onk\u00f3w, do dnia 31 grudnia 2023 roku, stan osobowy stowarzyszenia wynosi\u0142 36 cz\u0142onk\u00f3w.<\/p>\n<p>Stowarzyszenie dzia\u0142a na podstawie przepis\u00f3w ustawy z dnia 07 kwietnia 1989 roku o Stowarzyszeniach (Dziennik Ustaw z 1989 r. Nr 20 poz. 104 z p\u00f3\u017aniejszymi zmianami), w\u0142asnego statutu, oraz zgodnie z ustaw\u0105 z dnia 24 kwietnia 2003 roku o dzia\u0142alno\u015bci po\u017cytku publicznego i o wolontariacie.<\/p>\n<p>G\u0142\u00f3wnymi celami stowarzyszenia s\u0105:<\/p>\n<ol>\n<li>Rozwijanie, pog\u0142\u0119bianie i upowszechnianie genealogii jako nauki pomocniczej historii oraz jej popularyzowanie w\u015br\u00f3d spo\u0142ecze\u0144stwa.<\/li>\n<li>Inicjowanie bada\u0144 genealogicznych, maj\u0105cych na celu poszerzenie wiedzy genealogicznej cz\u0142onk\u00f3w, jak te\u017c udost\u0119pnianie wynik\u00f3w bada\u0144 zainteresowanym.<\/li>\n<li>Dzia\u0142alno\u015b\u0107 edukacyjna w instytucjach o\u015bwiatowych i kulturalnych.<\/li>\n<li>Wsp\u00f3\u0142praca w zakresie bada\u0144 genealogicznych z instytucjami naukowymi, bibliotekami i archiwami oraz organizacjami lokalnymi i regionalnymi.<\/li>\n<li>Wsp\u00f3\u0142praca w zakresie genealogii z ko\u015bcio\u0142ami i zwi\u0105zkami wyznaniowymi.<\/li>\n<li>Inicjowanie i wspieranie spo\u0142ecznych inicjatyw w zakresie ochrony d\u00f3br kultury.<\/li>\n<li>Budowanie lokalnej bazy informacji genealogicznej.<\/li>\n<li>Wzajemna pomoc cz\u0142onk\u00f3w Stowarzyszenia w prowadzeniu poszukiwa\u0144.<\/li>\n<li>Organizowanie imprez integracyjnych, kulturalnych, rozrywkowych i rekreacyjnych dla cz\u0142onk\u00f3w i sympatyk\u00f3w Stowarzyszenia.<\/li>\n<li>Wsp\u00f3\u0142udzia\u0142 Stowarzyszenia w inicjowanych przez Uni\u0119 Europejsk\u0105, jednostki organizacji rz\u0105dowych i samorz\u0105dowych, akcjach i programach skierowanych do organizacji pozarz\u0105dowych.<\/li>\n<\/ol>\n<p>Stowarzyszenie realizuje swoje cele poprzez:<\/p>\n<ol>\n<li>Rejestrowanie, dokumentowanie i otaczanie opiek\u0105 archiwali\u00f3w i materia\u0142\u00f3w genealogicznych jako \u015bwiadectw kultury narodowej.<\/li>\n<li>Organizowanie prelekcji, seminari\u00f3w, warsztat\u00f3w oraz wystaw i pokaz\u00f3w po\u015bwi\u0119conych problematyce genealogicznej.<\/li>\n<li>Doskonalenie i pog\u0142\u0119bianie w\u015br\u00f3d swoich cz\u0142onk\u00f3w znajomo\u015bci genealogii i warsztatu badawczego.<\/li>\n<li>S\u0142u\u017cenie rad\u0105 i opiek\u0105 badaczom genealogicznym, a zw\u0142aszcza pocz\u0105tkuj\u0105cym genealogom i m\u0142odzie\u017cy.<\/li>\n<li>Wydawanie biuletyn\u00f3w i publikacji na tematy genealogiczne.<\/li>\n<li>Inicjowanie, budowanie bazy informacji genealogicznej poprzez spisywanie \u017ar\u00f3de\u0142 archiwalnych, bibliograficznych, internetowych, indeksacj\u0119 i inwentaryzacj\u0119 oraz prowadzenie rejestru i dokumentacji lokalnych zabytk\u00f3w genealogicznych.<\/li>\n<li>Upowszechnianie w\u015br\u00f3d Polonii genealogii jako elementu wi\u0119zi z krajem przodk\u00f3w.<\/li>\n<li>Wsp\u00f3\u0142prac\u0119 z organizacjami, archiwami i plac\u00f3wkami historycznymi w Polsce i za granic\u0105.<\/li>\n<li>Wspomaganie prac\u0105 spo\u0142eczn\u0105 swoich cz\u0142onk\u00f3w instytucji zajmuj\u0105cych si\u0119 archiwaliami.<\/li>\n<li>Podejmowanie wszelkiej innej, dopuszczalnej w \u015bwietle powszechnie obowi\u0105zuj\u0105cego prawa, dzia\u0142alno\u015bci zgodnej ze statutowymi celami Stowarzyszenia.<\/li>\n<\/ol>\n<p>Stowarzyszenie w 2023 roku realizowa\u0142o swoje cele statutowe poprzez nast\u0119puj\u0105ce dzia\u0142ania:<\/p>\n<ol>\n<li>28 stycznia 2023 roku, w sali widowiskowej APK mia\u0142a miejsce promocja \u201eKsi\u0119gi Pami\u0119ci \u017byd\u00f3w augustowskich\u201d. By\u0142 r\u00f3wnie\u017c pokaz filmu \u201eKsi\u0119ga niepami\u0119ci\u201d w re\u017cyserii\u00a0 Patrycji Zi\u0119ciny. Spotkanie prowadzi\u0142a Urszula Zalewska, a specjalnymi go\u015b\u0107mi by\u0142y: p. Magdalena Sommer, t\u0142umaczka hebrajskoj\u0119zycznej cz\u0119\u015bci KP\u017bA, p. Monika Polit, kt\u00f3ra kierowa\u0142a t\u0142umaczeniem cz\u0119\u015bci KP\u017bA z j\u0119zyka jidysz. Ta cz\u0119\u015b\u0107 zosta\u0142a przet\u0142umaczona przez grup\u0119 student\u00f3w historii i kultury \u017byd\u00f3w z Wydzia\u0142u Historii UW i p. Patrycja Zi\u0119cina, kt\u00f3ra wyre\u017cyserowa\u0142a i zrealizowa\u0142a wy\u017cej wymieniony film. W spotkaniu uczestniczy\u0142o ponad 100 os\u00f3b.<\/li>\n<li>W lutym 2023 roku oddali\u015bmy do druku wspomnienia Antoniego Patli \u201eNotatnik z nie\u0142atwego \u017cycia\u201d. Skany r\u0119kopisu otrzymanego z Biblioteki K\u00f3rnickej, zosta\u0142y przepisane przez grup\u0119 19 os\u00f3b, wi\u0119kszo\u015b\u0107 tych os\u00f3b nie nale\u017cy do JZI. R\u00f3wnie\u017c w lutym wydali\u015bmy wspomnienia Witolda Wo\u0142osewicza, przedwojennego dyrektora augustowskiego Seminarium Nauczycielskiego pt. \u201eMoja szko\u0142a\u201d.<\/li>\n<li>W marcu 2023 roku wydali\u015bmy reprint, a w\u0142a\u015bciwie nowe opracowanie przewodnika turystycznego z 1973 roku \u201ePi\u0119kno ziemi suwalskiej\u201d autorstwa Antoniego Patli. Przewodnik w nowej szacie graficznej i z oryginalnymi fotografiami z Narodowego Archiwum Cyfrowego.<\/li>\n<li>1 kwietnia 2023 roku w sali widowiskowej APK, mia\u0142o miejsce spotkanie \u201eO poszukiwaniu przodk\u00f3w inaczej\u201d. Spotkanie przygotowa\u0142 Krzysztof Zi\u0119cina, a prowadz\u0105c\u0105 by\u0142a J\u00f3zefa Drozdowska. Jak zwykle du\u017ce zainteresowanie i pe\u0142na sala.<\/li>\n<li>W maju wydali\u015bmy pami\u0105tkowy album,\u201dJami\u0144ski Zesp\u00f3\u0142 Indeksacyjny. Od 2011 po 2023 rok\u201d<\/li>\n<li>W maju 2023 roku wydali\u015bmy tomik limeryk\u00f3w pod redakcj\u0105 J\u00f3zefy Drozdowskiej pt. \u201eHerbat wielbicielka rodowodem z Jamin\u201d<\/li>\n<li>W maju 2023 roku z inicjatywy Zbyszka Mierzejewskiego, rozpocz\u0119li\u015bmy akcj\u0119 dotycz\u0105c\u0105 ratowania od ca\u0142kowitej ruiny Dworku w Cisowie, dawnej rezydencji hr. Karol Brzostowskiego.<\/li>\n<li>W dniach 26-28 maja w \u201eLe\u015bnym Dworku\u201d w Kry\u0142atce mia\u0142 miejsce\u00a0 kolejny zjazd JZI. Wszyscy obecni otrzymali pami\u0105tkowe albumy, a 27 maja odby\u0142o si\u0119 walne zebranie cz\u0142onk\u00f3w JZJ, na kt\u00f3rym m.in. zosta\u0142y wybrany nowy zarz\u0105d i komisja rewizyjna. Z zarz\u0105du odszed\u0142 Krzysztof Ziecina, na jego miejsce zosta\u0142 wybrany Jaros\u0142aw Tananis. R\u00f3wnie\u017c komisja rewizyjna zmieni\u0142a sk\u0142ad, odszed\u0142 Marek Bartoszewicz, a jego miejsce zaj\u0119\u0142a Justyna Stolarska.<\/li>\n<li>17 czerwca w Sztabinie i 24 w Suchowoli mia\u0142a miejsce promocja wydanej przez JZI ksi\u0105\u017cki pt. \u201eEldorado nad Biebrz\u0105 \u2013 Zofia\u201d autorstwa Marii Narel Challot<\/li>\n<li>28 czerwca 2023 roku w Muzeum w Suwa\u0142kach odby\u0142a si\u0119 m. in. promocja ksi\u0105\u017cki Antoniego Patli \u201eNotatnik z nie\u0142atwego \u017cycia\u201d. Spotkanie prowadzi\u0142 Andrzej Matusiewicz. Organizatorzy spotkania \u201eTrzy ksi\u0105\u017cki o Suwalszczy\u017anie\u201d to Muzeum Okr\u0119gowe w Suwa\u0142kach, Jami\u0144ski Zesp\u00f3\u0142 Indeksacyjny i Sejne\u0144skie Towarzystwo Opieki nad Zabytkami.<\/li>\n<li>W lipcu 2013 roku, wydali\u015bmy opracowanie pt. \u201eAugust\u00f3w, Suwa\u0142ki, Sejny, Grodno. Miedzy trzema granicami. Felietony i doniesienia prasowe z lat 1919-1939\u201d. Ksi\u0105\u017ck\u0119 opracowa\u0142 Ryszard Kor\u0105kiewicz, redakcja Urszula Zalewska i Krzysztof Ziecina.<\/li>\n<li>We wrze\u015bniu 2023 roku wydali\u015bmy ksi\u0105\u017ck\u0119 \u201eO \u015bw. Wawrzy\u0144cu\u201d. Autork\u0105 tego opracowania jest J\u00f3zefa Drozdowska. R\u00f3wnie\u017c we wrze\u015bniu wydali\u015bmy ksi\u0105\u017ck\u0119 \u201eWspomnienia\u201d autorstwa Leszka Rylskiego.<\/li>\n<li>\u00a0W pa\u017adzierniku 2023 roku, wydali\u015bmy publikacj\u0119 pt. \u201eSpis parafialny parafii r\u00f3\u017canostockiej sporz\u0105dzony 1926 roku\u201d. Autorem opracowania jest Tadeusz Ciszkowski.<\/li>\n<li>W dniach 17-19 listopada w \u201eGalikowie\u201d w Gorczycy mia\u0142o miejsce jesienne spotkanie JZI. Drugiego dnia zjazdu mieli\u015bmy wycieczk\u0119 na Litw\u0119, organizatork\u0105 wycieczki by\u0142a Aneta Cich.<\/li>\n<li>W listopadzie 2023 wydali\u015bmy ksi\u0105\u017ck\u0119, zbi\u00f3r wierszy\u00a0 \u201eM\u00f3j August\u00f3w\u201d autorstwa Bogus\u0142awa Falickiego z ilustracjami Ma\u0142gorzaty Zachorowskiej Falickiej.<\/li>\n<li>2 grudnia 2023 roku w Kawiarni Muzeum Kres\u00f3w w Sejnach odby\u0142o si\u0119 spotkanie \u201eO poszukiwaniu przodk\u00f3w inaczej\u201d. Spotkanie prowadzi\u0142 i przygotowa\u0142 Krzysztof Zi\u0119cina. Organizatorzy spotkania to: Muzeum Kres\u00f3w w Sejnach i Jami\u0144ski Zesp\u00f3\u0142 Indeksacyjny.<\/li>\n<li>W grudniu 2023 roku oddali\u015bmy do druku reprint przewodnika z 1934 roku \u201eGrodno i okolice, Jeziora Augustowskie, Suwalszczyzna\u201d.<\/li>\n<li>Przez ca\u0142y rok 2023 Stowarzyszenie JZI kontynuowa\u0142o prace na indeksacj\u0105 ksi\u0105g parafialnych i pozyskiwa\u0142o nowe zdj\u0119cia i skany ksi\u0105g metrykalnych. Justyna Stolarska zeskanowa\u0142a zasoby\u00a0 parafii Sejny. \u00a0Wyniki indeksacji s\u0105 dost\u0119pne w wyszukiwarce \u201eGeneo\u201d.<\/li>\n<li>W 2023 roku do bazy danych wyszukiwarki Geneo dodali\u015bmy indeksy pochodz\u0105ce z ok. 250 ksi\u0105g i zbior\u00f3w dokument\u00f3w zindeksowanych przez wolontariuszy - cz\u0142onk\u00f3w JZI i sympatyk\u00f3w. Poza tym wiele ksi\u0105g zosta\u0142o rozszerzonych do szczeg\u00f3\u0142owego formatu JZI.<\/li>\n<li>W okresie od 1 stycznia do 31 grudnia 2023 roku sprzedali\u015bmy poprzez sklep internetowy 1042 ksi\u0105\u017cek w 284 zam\u00f3wieniach na sum\u0119 41\u00a0725 z\u0142. Opr\u00f3cz tego nasze ksi\u0105\u017cki sprzedawane by\u0142y na Allegro, w Miejskim Domu Kultury w Augustowie i w Informacji Turystycznej w Suwa\u0142kach.<\/li>\n<\/ol>\n<p>Zarz\u0105d Stowarzyszenia Jami\u0144ski Zesp\u00f3\u0142 Indeksacyjny<br \/>\nPrezes Ryszard Kor\u0105kiewicz<br \/>\nCz\u0142onek zarz\u0105du Urszula Wojewnik<br \/>\nCz\u0142onek zarz\u0105du Jaros\u0142aw Tananis<\/p>\n<p>Twardy R\u00f3g, 7 maja 2024<\/p>\n<\/div>\n<\/div><\/div><\/div><\/div><\/div>","protected":false},"excerpt":{"rendered":"<p>Nazwa stowarzyszenia: Stowarzyszenie Jami\u0144ski Zesp\u00f3\u0142 Indeksacyjny Adres siedziby: Twardy R\u00f3g 5, 16-300 August\u00f3w Kontakt: e-mail \u2013 <span \n                data-original-string='gfXkHPhptuvCCxsbxA9AFQ==2a3dy5l9UXLKEyzigbTAl5wsw=='\n                class='apbct-email-encoder'\n                title='This contact has been encoded by Anti-Spam by CleanTalk. Click to decode. To finish the decoding make sure that JavaScript is enabled in your browser.'>jz<span class=\"apbct-blur\">*<\/span>@<span class=\"apbct-blur\">*****<\/span>rg.pl<\/span> Stowarzyszenie powsta\u0142o z inicjatywy nieformalnego zespo\u0142u genealog\u00f3w-wolontariuszy, indeksuj\u0105cych ksi\u0119gi metrykalne z archiw\u00f3w ko\u015bcielnych i pa\u0144stwowych. Zosta\u0142o zarejestrowane w S\u0105dzie Rejonowym w Bia\u0142ymstoku, XII Wydzia\u0142 Gospodarczy Krajowego Rejestru S\u0105dowego, w dniu 30 maja 2017 r. pod numerem KRS 0000680739 [&hellip;]<\/p>\n","protected":false},"author":1,"featured_media":7261,"parent":599,"menu_order":0,"comment_status":"open","ping_status":"open","template":"","meta":{"h5ap_radio_sources":[],"jetpack_post_was_ever_published":false,"footnotes":""},"class_list":["post-26203","page","type-page","status-publish","has-post-thumbnail","hentry"],"yoast_head":"<!-- This site is optimized with the Yoast SEO plugin v27.4 - https:\/\/yoast.com\/product\/yoast-seo-wordpress\/ -->\n<title>Sprawozdanie merytoryczne z dzia\u0142alno\u015bci stowarzyszenia za rok 2023 - Jami\u0144ski Zesp\u00f3\u0142 Indeksacyjny<\/title>\n<meta name=\"robots\" content=\"index, follow, max-snippet:-1, max-image-preview:large, max-video-preview:-1\" \/>\n<link rel=\"canonical\" href=\"http:\/\/jzi.org.pl\/en\/stowarzyszenie\/dokumenty\/sprawozdanie-merytoryczne-z-dzialalnosci-stowarzyszenia-za-rok-2023\/\" \/>\n<meta property=\"og:locale\" content=\"en_US\" \/>\n<meta property=\"og:type\" content=\"article\" \/>\n<meta property=\"og:title\" content=\"Sprawozdanie merytoryczne z dzia\u0142alno\u015bci stowarzyszenia za rok 2023 - Jami\u0144ski Zesp\u00f3\u0142 Indeksacyjny\" \/>\n<meta property=\"og:description\" content=\"Nazwa stowarzyszenia: Stowarzyszenie Jami\u0144ski Zesp\u00f3\u0142 Indeksacyjny Adres siedziby: Twardy R\u00f3g 5, 16-300 August\u00f3w Kontakt: e-mail \u2013 jz*@*****rg.pl Stowarzyszenie powsta\u0142o z inicjatywy nieformalnego zespo\u0142u genealog\u00f3w-wolontariuszy, indeksuj\u0105cych ksi\u0119gi metrykalne z archiw\u00f3w ko\u015bcielnych i pa\u0144stwowych. Zosta\u0142o zarejestrowane w S\u0105dzie Rejonowym w Bia\u0142ymstoku, XII Wydzia\u0142 Gospodarczy Krajowego Rejestru S\u0105dowego, w dniu 30 maja 2017 r. pod numerem KRS 0000680739 [&hellip;]\" \/>\n<meta property=\"og:url\" content=\"http:\/\/jzi.org.pl\/en\/stowarzyszenie\/dokumenty\/sprawozdanie-merytoryczne-z-dzialalnosci-stowarzyszenia-za-rok-2023\/\" \/>\n<meta property=\"og:site_name\" content=\"Jami\u0144ski Zesp\u00f3\u0142 Indeksacyjny\" \/>\n<meta property=\"article:publisher\" content=\"https:\/\/www.facebook.com\/Jaminski.Zespol.Indeksacyjny\/\" \/>\n<meta property=\"og:image\" content=\"http:\/\/jzi.org.pl\/wp-content\/uploads\/2019\/03\/logo-stowarzyszenie-jzi-1.png\" \/>\n\t<meta property=\"og:image:width\" content=\"931\" \/>\n\t<meta property=\"og:image:height\" content=\"990\" \/>\n\t<meta property=\"og:image:type\" content=\"image\/png\" \/>\n<meta name=\"twitter:card\" content=\"summary_large_image\" \/>\n<meta name=\"twitter:label1\" content=\"Est. reading time\" \/>\n\t<meta name=\"twitter:data1\" content=\"7 minutes\" \/>\n<script type=\"application\/ld+json\" class=\"yoast-schema-graph\">{\"@context\":\"https:\\\/\\\/schema.org\",\"@graph\":[{\"@type\":\"WebPage\",\"@id\":\"http:\\\/\\\/jzi.org.pl\\\/en\\\/stowarzyszenie\\\/dokumenty\\\/sprawozdanie-merytoryczne-z-dzialalnosci-stowarzyszenia-za-rok-2023\\\/\",\"url\":\"http:\\\/\\\/jzi.org.pl\\\/en\\\/stowarzyszenie\\\/dokumenty\\\/sprawozdanie-merytoryczne-z-dzialalnosci-stowarzyszenia-za-rok-2023\\\/\",\"name\":\"Sprawozdanie merytoryczne z dzia\u0142alno\u015bci stowarzyszenia za rok 2023 - Jami\u0144ski Zesp\u00f3\u0142 Indeksacyjny\",\"isPartOf\":{\"@id\":\"https:\\\/\\\/jzi.org.pl\\\/#website\"},\"primaryImageOfPage\":{\"@id\":\"http:\\\/\\\/jzi.org.pl\\\/en\\\/stowarzyszenie\\\/dokumenty\\\/sprawozdanie-merytoryczne-z-dzialalnosci-stowarzyszenia-za-rok-2023\\\/#primaryimage\"},\"image\":{\"@id\":\"http:\\\/\\\/jzi.org.pl\\\/en\\\/stowarzyszenie\\\/dokumenty\\\/sprawozdanie-merytoryczne-z-dzialalnosci-stowarzyszenia-za-rok-2023\\\/#primaryimage\"},\"thumbnailUrl\":\"https:\\\/\\\/jzi.org.pl\\\/wp-content\\\/uploads\\\/2019\\\/03\\\/logo-stowarzyszenie-jzi-1.png\",\"datePublished\":\"2024-05-21T09:33:17+00:00\",\"breadcrumb\":{\"@id\":\"http:\\\/\\\/jzi.org.pl\\\/en\\\/stowarzyszenie\\\/dokumenty\\\/sprawozdanie-merytoryczne-z-dzialalnosci-stowarzyszenia-za-rok-2023\\\/#breadcrumb\"},\"inLanguage\":\"en-US\",\"potentialAction\":[{\"@type\":\"ReadAction\",\"target\":[\"http:\\\/\\\/jzi.org.pl\\\/en\\\/stowarzyszenie\\\/dokumenty\\\/sprawozdanie-merytoryczne-z-dzialalnosci-stowarzyszenia-za-rok-2023\\\/\"]}]},{\"@type\":\"ImageObject\",\"inLanguage\":\"en-US\",\"@id\":\"http:\\\/\\\/jzi.org.pl\\\/en\\\/stowarzyszenie\\\/dokumenty\\\/sprawozdanie-merytoryczne-z-dzialalnosci-stowarzyszenia-za-rok-2023\\\/#primaryimage\",\"url\":\"https:\\\/\\\/jzi.org.pl\\\/wp-content\\\/uploads\\\/2019\\\/03\\\/logo-stowarzyszenie-jzi-1.png\",\"contentUrl\":\"https:\\\/\\\/jzi.org.pl\\\/wp-content\\\/uploads\\\/2019\\\/03\\\/logo-stowarzyszenie-jzi-1.png\",\"width\":931,\"height\":990,\"caption\":\"Logo JZI\"},{\"@type\":\"BreadcrumbList\",\"@id\":\"http:\\\/\\\/jzi.org.pl\\\/en\\\/stowarzyszenie\\\/dokumenty\\\/sprawozdanie-merytoryczne-z-dzialalnosci-stowarzyszenia-za-rok-2023\\\/#breadcrumb\",\"itemListElement\":[{\"@type\":\"ListItem\",\"position\":1,\"name\":\"Strona g\u0142\u00f3wna\",\"item\":\"https:\\\/\\\/jzi.org.pl\\\/\"},{\"@type\":\"ListItem\",\"position\":2,\"name\":\"Stowarzyszenie\",\"item\":\"https:\\\/\\\/jzi.org.pl\\\/stowarzyszenie\\\/\"},{\"@type\":\"ListItem\",\"position\":3,\"name\":\"Dokumenty\",\"item\":\"https:\\\/\\\/jzi.org.pl\\\/stowarzyszenie\\\/dokumenty\\\/\"},{\"@type\":\"ListItem\",\"position\":4,\"name\":\"Sprawozdanie merytoryczne z dzia\u0142alno\u015bci stowarzyszenia za rok 2023\"}]},{\"@type\":\"WebSite\",\"@id\":\"https:\\\/\\\/jzi.org.pl\\\/#website\",\"url\":\"https:\\\/\\\/jzi.org.pl\\\/\",\"name\":\"Jami\u0144ski Zesp\u00f3\u0142 Indeksacyjny\",\"description\":\"\",\"publisher\":{\"@id\":\"https:\\\/\\\/jzi.org.pl\\\/#organization\"},\"potentialAction\":[{\"@type\":\"SearchAction\",\"target\":{\"@type\":\"EntryPoint\",\"urlTemplate\":\"https:\\\/\\\/jzi.org.pl\\\/?s={search_term_string}\"},\"query-input\":{\"@type\":\"PropertyValueSpecification\",\"valueRequired\":true,\"valueName\":\"search_term_string\"}}],\"inLanguage\":\"en-US\"},{\"@type\":\"Organization\",\"@id\":\"https:\\\/\\\/jzi.org.pl\\\/#organization\",\"name\":\"Jami\u0144ski Zesp\u00f3\u0142 Indeksacyjny\",\"url\":\"https:\\\/\\\/jzi.org.pl\\\/\",\"logo\":{\"@type\":\"ImageObject\",\"inLanguage\":\"en-US\",\"@id\":\"https:\\\/\\\/jzi.org.pl\\\/#\\\/schema\\\/logo\\\/image\\\/\",\"url\":\"https:\\\/\\\/jzi.org.pl\\\/wp-content\\\/uploads\\\/2019\\\/03\\\/logo-stowarzyszenie-jzi.png\",\"contentUrl\":\"https:\\\/\\\/jzi.org.pl\\\/wp-content\\\/uploads\\\/2019\\\/03\\\/logo-stowarzyszenie-jzi.png\",\"width\":931,\"height\":990,\"caption\":\"Jami\u0144ski Zesp\u00f3\u0142 Indeksacyjny\"},\"image\":{\"@id\":\"https:\\\/\\\/jzi.org.pl\\\/#\\\/schema\\\/logo\\\/image\\\/\"},\"sameAs\":[\"https:\\\/\\\/www.facebook.com\\\/Jaminski.Zespol.Indeksacyjny\\\/\"]}]}<\/script>\n<!-- \/ Yoast SEO plugin. -->","yoast_head_json":{"title":"Sprawozdanie merytoryczne z dzia\u0142alno\u015bci stowarzyszenia za rok 2023 - Jami\u0144ski Zesp\u00f3\u0142 Indeksacyjny","robots":{"index":"index","follow":"follow","max-snippet":"max-snippet:-1","max-image-preview":"max-image-preview:large","max-video-preview":"max-video-preview:-1"},"canonical":"http:\/\/jzi.org.pl\/en\/stowarzyszenie\/dokumenty\/sprawozdanie-merytoryczne-z-dzialalnosci-stowarzyszenia-za-rok-2023\/","og_locale":"en_US","og_type":"article","og_title":"Sprawozdanie merytoryczne z dzia\u0142alno\u015bci stowarzyszenia za rok 2023 - Jami\u0144ski Zesp\u00f3\u0142 Indeksacyjny","og_description":"Nazwa stowarzyszenia: Stowarzyszenie Jami\u0144ski Zesp\u00f3\u0142 Indeksacyjny Adres siedziby: Twardy R\u00f3g 5, 16-300 August\u00f3w Kontakt: e-mail \u2013 jz*@*****rg.pl Stowarzyszenie powsta\u0142o z inicjatywy nieformalnego zespo\u0142u genealog\u00f3w-wolontariuszy, indeksuj\u0105cych ksi\u0119gi metrykalne z archiw\u00f3w ko\u015bcielnych i pa\u0144stwowych. Zosta\u0142o zarejestrowane w S\u0105dzie Rejonowym w Bia\u0142ymstoku, XII Wydzia\u0142 Gospodarczy Krajowego Rejestru S\u0105dowego, w dniu 30 maja 2017 r. pod numerem KRS 0000680739 [&hellip;]","og_url":"http:\/\/jzi.org.pl\/en\/stowarzyszenie\/dokumenty\/sprawozdanie-merytoryczne-z-dzialalnosci-stowarzyszenia-za-rok-2023\/","og_site_name":"Jami\u0144ski Zesp\u00f3\u0142 Indeksacyjny","article_publisher":"https:\/\/www.facebook.com\/Jaminski.Zespol.Indeksacyjny\/","og_image":[{"width":931,"height":990,"url":"http:\/\/jzi.org.pl\/wp-content\/uploads\/2019\/03\/logo-stowarzyszenie-jzi-1.png","type":"image\/png"}],"twitter_card":"summary_large_image","twitter_misc":{"Est. reading time":"7 minutes"},"schema":{"@context":"https:\/\/schema.org","@graph":[{"@type":"WebPage","@id":"http:\/\/jzi.org.pl\/en\/stowarzyszenie\/dokumenty\/sprawozdanie-merytoryczne-z-dzialalnosci-stowarzyszenia-za-rok-2023\/","url":"http:\/\/jzi.org.pl\/en\/stowarzyszenie\/dokumenty\/sprawozdanie-merytoryczne-z-dzialalnosci-stowarzyszenia-za-rok-2023\/","name":"Sprawozdanie merytoryczne z dzia\u0142alno\u015bci stowarzyszenia za rok 2023 - Jami\u0144ski Zesp\u00f3\u0142 Indeksacyjny","isPartOf":{"@id":"https:\/\/jzi.org.pl\/#website"},"primaryImageOfPage":{"@id":"http:\/\/jzi.org.pl\/en\/stowarzyszenie\/dokumenty\/sprawozdanie-merytoryczne-z-dzialalnosci-stowarzyszenia-za-rok-2023\/#primaryimage"},"image":{"@id":"http:\/\/jzi.org.pl\/en\/stowarzyszenie\/dokumenty\/sprawozdanie-merytoryczne-z-dzialalnosci-stowarzyszenia-za-rok-2023\/#primaryimage"},"thumbnailUrl":"https:\/\/jzi.org.pl\/wp-content\/uploads\/2019\/03\/logo-stowarzyszenie-jzi-1.png","datePublished":"2024-05-21T09:33:17+00:00","breadcrumb":{"@id":"http:\/\/jzi.org.pl\/en\/stowarzyszenie\/dokumenty\/sprawozdanie-merytoryczne-z-dzialalnosci-stowarzyszenia-za-rok-2023\/#breadcrumb"},"inLanguage":"en-US","potentialAction":[{"@type":"ReadAction","target":["http:\/\/jzi.org.pl\/en\/stowarzyszenie\/dokumenty\/sprawozdanie-merytoryczne-z-dzialalnosci-stowarzyszenia-za-rok-2023\/"]}]},{"@type":"ImageObject","inLanguage":"en-US","@id":"http:\/\/jzi.org.pl\/en\/stowarzyszenie\/dokumenty\/sprawozdanie-merytoryczne-z-dzialalnosci-stowarzyszenia-za-rok-2023\/#primaryimage","url":"https:\/\/jzi.org.pl\/wp-content\/uploads\/2019\/03\/logo-stowarzyszenie-jzi-1.png","contentUrl":"https:\/\/jzi.org.pl\/wp-content\/uploads\/2019\/03\/logo-stowarzyszenie-jzi-1.png","width":931,"height":990,"caption":"Logo JZI"},{"@type":"BreadcrumbList","@id":"http:\/\/jzi.org.pl\/en\/stowarzyszenie\/dokumenty\/sprawozdanie-merytoryczne-z-dzialalnosci-stowarzyszenia-za-rok-2023\/#breadcrumb","itemListElement":[{"@type":"ListItem","position":1,"name":"Strona g\u0142\u00f3wna","item":"https:\/\/jzi.org.pl\/"},{"@type":"ListItem","position":2,"name":"Stowarzyszenie","item":"https:\/\/jzi.org.pl\/stowarzyszenie\/"},{"@type":"ListItem","position":3,"name":"Dokumenty","item":"https:\/\/jzi.org.pl\/stowarzyszenie\/dokumenty\/"},{"@type":"ListItem","position":4,"name":"Sprawozdanie merytoryczne z dzia\u0142alno\u015bci stowarzyszenia za rok 2023"}]},{"@type":"WebSite","@id":"https:\/\/jzi.org.pl\/#website","url":"https:\/\/jzi.org.pl\/","name":"Jaminy Indexing Team","description":"","publisher":{"@id":"https:\/\/jzi.org.pl\/#organization"},"potentialAction":[{"@type":"SearchAction","target":{"@type":"EntryPoint","urlTemplate":"https:\/\/jzi.org.pl\/?s={search_term_string}"},"query-input":{"@type":"PropertyValueSpecification","valueRequired":true,"valueName":"search_term_string"}}],"inLanguage":"en-US"},{"@type":"Organization","@id":"https:\/\/jzi.org.pl\/#organization","name":"Jaminy Indexing Team","url":"https:\/\/jzi.org.pl\/","logo":{"@type":"ImageObject","inLanguage":"en-US","@id":"https:\/\/jzi.org.pl\/#\/schema\/logo\/image\/","url":"https:\/\/jzi.org.pl\/wp-content\/uploads\/2019\/03\/logo-stowarzyszenie-jzi.png","contentUrl":"https:\/\/jzi.org.pl\/wp-content\/uploads\/2019\/03\/logo-stowarzyszenie-jzi.png","width":931,"height":990,"caption":"Jami\u0144ski Zesp\u00f3\u0142 Indeksacyjny"},"image":{"@id":"https:\/\/jzi.org.pl\/#\/schema\/logo\/image\/"},"sameAs":["https:\/\/www.facebook.com\/Jaminski.Zespol.Indeksacyjny\/"]}]}},"jetpack_likes_enabled":true,"jetpack_sharing_enabled":true,"_links":{"self":[{"href":"https:\/\/jzi.org.pl\/en\/wp-json\/wp\/v2\/pages\/26203","targetHints":{"allow":["GET"]}}],"collection":[{"href":"https:\/\/jzi.org.pl\/en\/wp-json\/wp\/v2\/pages"}],"about":[{"href":"https:\/\/jzi.org.pl\/en\/wp-json\/wp\/v2\/types\/page"}],"author":[{"embeddable":true,"href":"https:\/\/jzi.org.pl\/en\/wp-json\/wp\/v2\/users\/1"}],"replies":[{"embeddable":true,"href":"https:\/\/jzi.org.pl\/en\/wp-json\/wp\/v2\/comments?post=26203"}],"version-history":[{"count":0,"href":"https:\/\/jzi.org.pl\/en\/wp-json\/wp\/v2\/pages\/26203\/revisions"}],"up":[{"embeddable":true,"href":"https:\/\/jzi.org.pl\/en\/wp-json\/wp\/v2\/pages\/599"}],"wp:featuredmedia":[{"embeddable":true,"href":"https:\/\/jzi.org.pl\/en\/wp-json\/wp\/v2\/media\/7261"}],"wp:attachment":[{"href":"https:\/\/jzi.org.pl\/en\/wp-json\/wp\/v2\/media?parent=26203"}],"curies":[{"name":"wp","href":"https:\/\/api.w.org\/{rel}","templated":true}]}}